{"id":4051,"date":"2020-05-27T13:36:45","date_gmt":"2020-05-27T13:36:45","guid":{"rendered":"https:\/\/profaj.co\/auto\/?page_id=4051"},"modified":"2025-04-16T13:29:22","modified_gmt":"2025-04-16T13:29:22","slug":"fiyat-listesi","status":"publish","type":"page","link":"https:\/\/profaj.co\/auto\/fiyat-listesi\/","title":{"rendered":"Fiyat Listesi"},"content":{"rendered":"\t\t<div data-elementor-type=\"wp-page\" data-elementor-id=\"4051\" class=\"elementor elementor-4051\" data-elementor-post-type=\"page\">\n\t\t\t\t<div class=\"elementor-element elementor-element-a20cb0c e-flex e-con-boxed sc_layouts_column_icons_position_left e-con e-parent\" data-id=\"a20cb0c\" data-element_type=\"container\">\n\t\t\t\t\t<div class=\"e-con-inner\">\n\t\t<div class=\"elementor-element elementor-element-06bdbba e-con-full e-flex sc_layouts_column_icons_position_left e-con e-child\" data-id=\"06bdbba\" data-element_type=\"container\" data-settings=\"{&quot;background_background&quot;:&quot;classic&quot;}\">\n\t\t\t\t<div class=\"elementor-element elementor-element-477a61a sc_fly_static elementor-widget elementor-widget-heading\" data-id=\"477a61a\" data-element_type=\"widget\" data-widget_type=\"heading.default\">\n\t\t\t\t<div class=\"elementor-widget-container\">\n\t\t\t\t\t<h2 class=\"elementor-heading-title elementor-size-default\">Y\u0131kama ve Temizlik Hizmetleri<\/h2>\t\t\t\t<\/div>\n\t\t\t\t<\/div>\n\t\t\t\t<div class=\"elementor-element elementor-element-8692ede elementor-widget-divider--view-line sc_fly_static elementor-widget elementor-widget-divider\" data-id=\"8692ede\" data-element_type=\"widget\" data-widget_type=\"divider.default\">\n\t\t\t\t<div class=\"elementor-widget-container\">\n\t\t\t\t\t\t\t<div class=\"elementor-divider\">\n\t\t\t<span class=\"elementor-divider-separator\">\n\t\t\t\t\t\t<\/span>\n\t\t<\/div>\n\t\t\t\t\t\t<\/div>\n\t\t\t\t<\/div>\n\t\t\t\t<div class=\"elementor-element elementor-element-1768fe6 sc_fly_static elementor-widget elementor-widget-text-editor\" data-id=\"1768fe6\" data-element_type=\"widget\" data-widget_type=\"text-editor.default\">\n\t\t\t\t<div class=\"elementor-widget-container\">\n\t\t\t\t\t\t\t\t\t<ul><li class=\"\" data-start=\"266\" data-end=\"303\"><p class=\"\" data-start=\"268\" data-end=\"303\"><strong data-start=\"268\" data-end=\"290\">Plus Cilal\u0131 Y\u0131kama<\/strong> \u2013 1.000 TL<\/p><\/li><li class=\"\" data-start=\"304\" data-end=\"355\"><p class=\"\" data-start=\"306\" data-end=\"355\"><strong data-start=\"306\" data-end=\"342\">Plus Y\u0131kama ve 4 Koltuk Temizlik<\/strong> \u2013 6.000 TL<\/p><\/li><li class=\"\" data-start=\"356\" data-end=\"427\"><p class=\"\" data-start=\"358\" data-end=\"427\"><strong data-start=\"358\" data-end=\"413\">Detayl\u0131 \u0130\u00e7 Temizlik + Klima ve Ozonla Dezenfeksiyon<\/strong> \u2013 17.000 TL<\/p><\/li><li class=\"\" data-start=\"428\" data-end=\"480\"><p class=\"\" data-start=\"430\" data-end=\"480\"><strong data-start=\"430\" data-end=\"467\">Motor Temizleme ve Koruma Sistemi<\/strong> \u2013 2.000 TL<\/p><\/li><li class=\"\" data-start=\"481\" data-end=\"532\"><p class=\"\" data-start=\"483\" data-end=\"532\"><strong data-start=\"483\" data-end=\"519\">Jant Temizleme ve Koruma Sistemi<\/strong> \u2013 2.000 TL<\/p><\/li><li class=\"\" data-start=\"533\" data-end=\"592\"><p class=\"\" data-start=\"535\" data-end=\"592\"><strong data-start=\"535\" data-end=\"578\">Zift, Kire\u00e7 ve Re\u00e7ine Temizleme Sistemi<\/strong> \u2013 10.000 TL<\/p><\/li><li class=\"\" data-start=\"593\" data-end=\"642\"><p class=\"\" data-start=\"595\" data-end=\"642\"><strong data-start=\"595\" data-end=\"628\">Far ve Stop Temizleme Sistemi<\/strong> \u2013 10.000 TL<\/p><\/li><\/ul>\t\t\t\t\t\t\t\t<\/div>\n\t\t\t\t<\/div>\n\t\t\t\t<\/div>\n\t\t<div class=\"elementor-element elementor-element-be2f317 e-con-full e-flex sc_layouts_column_icons_position_left e-con e-child\" data-id=\"be2f317\" data-element_type=\"container\" data-settings=\"{&quot;background_background&quot;:&quot;classic&quot;}\">\n\t\t\t\t<div class=\"elementor-element elementor-element-85e970e sc_fly_static elementor-widget elementor-widget-heading\" data-id=\"85e970e\" data-element_type=\"widget\" data-widget_type=\"heading.default\">\n\t\t\t\t<div class=\"elementor-widget-container\">\n\t\t\t\t\t<h2 class=\"elementor-heading-title elementor-size-default\">Seramik Kaplama ve Koruma Sistemleri<\/h2>\t\t\t\t<\/div>\n\t\t\t\t<\/div>\n\t\t\t\t<div class=\"elementor-element elementor-element-8dba02d elementor-widget-divider--view-line sc_fly_static elementor-widget elementor-widget-divider\" data-id=\"8dba02d\" data-element_type=\"widget\" data-widget_type=\"divider.default\">\n\t\t\t\t<div class=\"elementor-widget-container\">\n\t\t\t\t\t\t\t<div class=\"elementor-divider\">\n\t\t\t<span class=\"elementor-divider-separator\">\n\t\t\t\t\t\t<\/span>\n\t\t<\/div>\n\t\t\t\t\t\t<\/div>\n\t\t\t\t<\/div>\n\t\t\t\t<div class=\"elementor-element elementor-element-a5f2c92 sc_fly_static elementor-widget elementor-widget-text-editor\" data-id=\"a5f2c92\" data-element_type=\"widget\" data-widget_type=\"text-editor.default\">\n\t\t\t\t<div class=\"elementor-widget-container\">\n\t\t\t\t\t\t\t\t\t<ul><li class=\"\" data-start=\"1263\" data-end=\"1306\"><p class=\"\" data-start=\"1265\" data-end=\"1306\"><strong data-start=\"1265\" data-end=\"1292\">Seramik Kaplama (2 Y\u0131l)<\/strong> \u2013 20.000 TL<\/p><\/li><li class=\"\" data-start=\"1307\" data-end=\"1350\"><p class=\"\" data-start=\"1309\" data-end=\"1350\"><strong data-start=\"1309\" data-end=\"1336\">Seramik Kaplama (3 Y\u0131l)<\/strong> \u2013 25.000 TL<\/p><\/li><li class=\"\" data-start=\"1351\" data-end=\"1394\"><p class=\"\" data-start=\"1353\" data-end=\"1394\"><strong data-start=\"1353\" data-end=\"1380\">Seramik Kaplama (5 Y\u0131l)<\/strong> \u2013 30.000 TL<\/p><\/li><li class=\"\" data-start=\"1395\" data-end=\"1441\"><p class=\"\" data-start=\"1397\" data-end=\"1441\"><strong data-start=\"1397\" data-end=\"1427\">Komple Alt\u0131n Bak\u0131m (1 Y\u0131l)<\/strong> \u2013 25.000 TL<\/p><\/li><li class=\"\" data-start=\"1442\" data-end=\"1503\"><p class=\"\" data-start=\"1444\" data-end=\"1503\"><strong data-start=\"1444\" data-end=\"1489\">Seramik Komple Temizlik ve Koruma (1 Y\u0131l)<\/strong> \u2013 30.000 TL<\/p><\/li><li class=\"\" data-start=\"1504\" data-end=\"1565\"><p class=\"\" data-start=\"1506\" data-end=\"1565\"><strong data-start=\"1506\" data-end=\"1551\">Seramik Komple Temizlik ve Koruma (2 Y\u0131l)<\/strong> \u2013 35.000 TL<\/p><\/li><li class=\"\" data-start=\"1566\" data-end=\"1627\"><p class=\"\" data-start=\"1568\" data-end=\"1627\"><strong data-start=\"1568\" data-end=\"1613\">Seramik Komple Temizlik ve Koruma (3 Y\u0131l)<\/strong> \u2013 40.000 TL<\/p><\/li><li class=\"\" data-start=\"1628\" data-end=\"1689\"><p class=\"\" data-start=\"1630\" data-end=\"1689\"><strong data-start=\"1630\" data-end=\"1675\">Seramik Komple Temizlik ve Koruma (5 Y\u0131l)<\/strong> \u2013 45.000 TL<\/p><\/li><\/ul>\t\t\t\t\t\t\t\t<\/div>\n\t\t\t\t<\/div>\n\t\t\t\t<\/div>\n\t\t\t\t\t<\/div>\n\t\t\t\t<\/div>\n\t\t<div class=\"elementor-element elementor-element-2157583 e-flex e-con-boxed sc_layouts_column_icons_position_left e-con e-parent\" data-id=\"2157583\" data-element_type=\"container\">\n\t\t\t\t\t<div class=\"e-con-inner\">\n\t\t<div class=\"elementor-element elementor-element-2f61a12 e-con-full e-flex sc_layouts_column_icons_position_left e-con e-child\" data-id=\"2f61a12\" data-element_type=\"container\" data-settings=\"{&quot;background_background&quot;:&quot;classic&quot;}\">\n\t\t\t\t<div class=\"elementor-element elementor-element-cabf4f8 sc_fly_static elementor-widget elementor-widget-heading\" data-id=\"cabf4f8\" data-element_type=\"widget\" data-widget_type=\"heading.default\">\n\t\t\t\t<div class=\"elementor-widget-container\">\n\t\t\t\t\t<h2 class=\"elementor-heading-title elementor-size-default\">Cila ve Koruma Hizmetleri<\/h2>\t\t\t\t<\/div>\n\t\t\t\t<\/div>\n\t\t\t\t<div class=\"elementor-element elementor-element-092a023 elementor-widget-divider--view-line sc_fly_static elementor-widget elementor-widget-divider\" data-id=\"092a023\" data-element_type=\"widget\" data-widget_type=\"divider.default\">\n\t\t\t\t<div class=\"elementor-widget-container\">\n\t\t\t\t\t\t\t<div class=\"elementor-divider\">\n\t\t\t<span class=\"elementor-divider-separator\">\n\t\t\t\t\t\t<\/span>\n\t\t<\/div>\n\t\t\t\t\t\t<\/div>\n\t\t\t\t<\/div>\n\t\t\t\t<div class=\"elementor-element elementor-element-46b6254 sc_fly_static elementor-widget elementor-widget-text-editor\" data-id=\"46b6254\" data-element_type=\"widget\" data-widget_type=\"text-editor.default\">\n\t\t\t\t<div class=\"elementor-widget-container\">\n\t\t\t\t\t\t\t\t\t<ul><li class=\"\" data-start=\"1047\" data-end=\"1080\"><p class=\"\" data-start=\"1049\" data-end=\"1080\"><strong data-start=\"1049\" data-end=\"1067\">Mevsimlik Cila<\/strong> \u2013 9.000 TL<\/p><\/li><li class=\"\" data-start=\"1081\" data-end=\"1141\"><p class=\"\" data-start=\"1083\" data-end=\"1141\"><strong data-start=\"1083\" data-end=\"1127\">Nano Premium Boya Koruma Sistemi (1 Y\u0131l)<\/strong> \u2013 15.000 TL<\/p><\/li><\/ul>\t\t\t\t\t\t\t\t<\/div>\n\t\t\t\t<\/div>\n\t\t\t\t<\/div>\n\t\t<div class=\"elementor-element elementor-element-b25d167 e-con-full e-flex sc_layouts_column_icons_position_left e-con e-child\" data-id=\"b25d167\" data-element_type=\"container\" data-settings=\"{&quot;background_background&quot;:&quot;classic&quot;}\">\n\t\t\t\t<div class=\"elementor-element elementor-element-71a1db7 sc_fly_static elementor-widget elementor-widget-heading\" data-id=\"71a1db7\" data-element_type=\"widget\" data-widget_type=\"heading.default\">\n\t\t\t\t<div class=\"elementor-widget-container\">\n\t\t\t\t\t<h2 class=\"elementor-heading-title elementor-size-default\">Dezenfeksiyon ve Hijyen Paketleri\n<\/h2>\t\t\t\t<\/div>\n\t\t\t\t<\/div>\n\t\t\t\t<div class=\"elementor-element elementor-element-d9812e4 elementor-widget-divider--view-line sc_fly_static elementor-widget elementor-widget-divider\" data-id=\"d9812e4\" data-element_type=\"widget\" data-widget_type=\"divider.default\">\n\t\t\t\t<div class=\"elementor-widget-container\">\n\t\t\t\t\t\t\t<div class=\"elementor-divider\">\n\t\t\t<span class=\"elementor-divider-separator\">\n\t\t\t\t\t\t<\/span>\n\t\t<\/div>\n\t\t\t\t\t\t<\/div>\n\t\t\t\t<\/div>\n\t\t\t\t<div class=\"elementor-element elementor-element-95dde6a sc_fly_static elementor-widget elementor-widget-text-editor\" data-id=\"95dde6a\" data-element_type=\"widget\" data-widget_type=\"text-editor.default\">\n\t\t\t\t<div class=\"elementor-widget-container\">\n\t\t\t\t\t\t\t\t\t<ul><li class=\"\" data-start=\"778\" data-end=\"825\"><p class=\"\" data-start=\"780\" data-end=\"825\"><strong data-start=\"780\" data-end=\"812\">Ozonla Dezenfeksiyon Sistemi<\/strong> \u2013 1.500 TL<\/p><\/li><li class=\"\" data-start=\"826\" data-end=\"872\"><p class=\"\" data-start=\"828\" data-end=\"872\"><strong data-start=\"828\" data-end=\"859\">Klima Sterilizasyon Sistemi<\/strong> \u2013 1.500 TL<\/p><\/li><li class=\"\" data-start=\"873\" data-end=\"927\"><p class=\"\" data-start=\"875\" data-end=\"927\"><strong data-start=\"875\" data-end=\"914\">Antibakteriyel Dezenfeksiyon Paketi<\/strong> \u2013 5.000 TL<\/p><\/li><\/ul>\t\t\t\t\t\t\t\t<\/div>\n\t\t\t\t<\/div>\n\t\t\t\t<\/div>\n\t\t\t\t\t<\/div>\n\t\t\t\t<\/div>\n\t\t<div class=\"elementor-element elementor-element-0b8c975 e-flex e-con-boxed sc_layouts_column_icons_position_left e-con e-parent\" data-id=\"0b8c975\" data-element_type=\"container\">\n\t\t\t\t\t<div class=\"e-con-inner\">\n\t\t<div class=\"elementor-element elementor-element-29a4982 e-con-full e-flex sc_layouts_column_icons_position_left e-con e-child\" data-id=\"29a4982\" data-element_type=\"container\" data-settings=\"{&quot;background_background&quot;:&quot;classic&quot;}\">\n\t\t\t\t<div class=\"elementor-element elementor-element-29b0de1 sc_fly_static elementor-widget elementor-widget-heading\" data-id=\"29b0de1\" data-element_type=\"widget\" data-widget_type=\"heading.default\">\n\t\t\t\t<div class=\"elementor-widget-container\">\n\t\t\t\t\t<h2 class=\"elementor-heading-title elementor-size-default\">Cam Filmi Uygulamalar\u0131<\/h2>\t\t\t\t<\/div>\n\t\t\t\t<\/div>\n\t\t\t\t<div class=\"elementor-element elementor-element-015934f elementor-widget-divider--view-line sc_fly_static elementor-widget elementor-widget-divider\" data-id=\"015934f\" data-element_type=\"widget\" data-widget_type=\"divider.default\">\n\t\t\t\t<div class=\"elementor-widget-container\">\n\t\t\t\t\t\t\t<div class=\"elementor-divider\">\n\t\t\t<span class=\"elementor-divider-separator\">\n\t\t\t\t\t\t<\/span>\n\t\t<\/div>\n\t\t\t\t\t\t<\/div>\n\t\t\t\t<\/div>\n\t\t\t\t<div class=\"elementor-element elementor-element-d0e503a sc_fly_static elementor-widget elementor-widget-text-editor\" data-id=\"d0e503a\" data-element_type=\"widget\" data-widget_type=\"text-editor.default\">\n\t\t\t\t<div class=\"elementor-widget-container\">\n\t\t\t\t\t\t\t\t\t<ul><li class=\"\" data-start=\"1783\" data-end=\"1847\"><p class=\"\" data-start=\"1785\" data-end=\"1847\"><strong data-start=\"1785\" data-end=\"1833\">Renkli Seramik Cam Filmi (\u00d6m\u00fcr Boyu Garanti)<\/strong> \u2013 15.000 TL<\/p><\/li><li class=\"\" data-start=\"1848\" data-end=\"1899\"><p class=\"\" data-start=\"1850\" data-end=\"1899\"><strong data-start=\"1850\" data-end=\"1885\">Renkli Cam Filmi (5 Y\u0131l \u00d6m\u00fcrl\u00fc)<\/strong> \u2013 10.000 TL<\/p><\/li><li class=\"\" data-start=\"1900\" data-end=\"1951\"><p class=\"\" data-start=\"1902\" data-end=\"1951\"><strong data-start=\"1902\" data-end=\"1937\">\u00d6n Cam \u015eeffaf Seramik \u00d6zel Film<\/strong> \u2013 10.000 TL<\/p><\/li><\/ul>\t\t\t\t\t\t\t\t<\/div>\n\t\t\t\t<\/div>\n\t\t\t\t<\/div>\n\t\t<div class=\"elementor-element elementor-element-a579ceb e-con-full e-flex sc_layouts_column_icons_position_left e-con e-child\" data-id=\"a579ceb\" data-element_type=\"container\" data-settings=\"{&quot;background_background&quot;:&quot;classic&quot;}\">\n\t\t\t\t<div class=\"elementor-element elementor-element-b4d89b8 sc_fly_static elementor-widget elementor-widget-heading\" data-id=\"b4d89b8\" data-element_type=\"widget\" data-widget_type=\"heading.default\">\n\t\t\t\t<div class=\"elementor-widget-container\">\n\t\t\t\t\t<h2 class=\"elementor-heading-title elementor-size-default\">PPF (Paint Protection Film) Kaplama Sistemleri<\/h2>\t\t\t\t<\/div>\n\t\t\t\t<\/div>\n\t\t\t\t<div class=\"elementor-element elementor-element-b63f31f elementor-widget-divider--view-line sc_fly_static elementor-widget elementor-widget-divider\" data-id=\"b63f31f\" data-element_type=\"widget\" data-widget_type=\"divider.default\">\n\t\t\t\t<div class=\"elementor-widget-container\">\n\t\t\t\t\t\t\t<div class=\"elementor-divider\">\n\t\t\t<span class=\"elementor-divider-separator\">\n\t\t\t\t\t\t<\/span>\n\t\t<\/div>\n\t\t\t\t\t\t<\/div>\n\t\t\t\t<\/div>\n\t\t\t\t<div class=\"elementor-element elementor-element-550f7c8 sc_fly_static elementor-widget elementor-widget-text-editor\" data-id=\"550f7c8\" data-element_type=\"widget\" data-widget_type=\"text-editor.default\">\n\t\t\t\t<div class=\"elementor-widget-container\">\n\t\t\t\t\t\t\t\t\t<ul data-start=\"2082\" data-end=\"2362\"><li class=\"\" data-start=\"2082\" data-end=\"2141\"><p class=\"\" data-start=\"2084\" data-end=\"2141\"><strong data-start=\"2084\" data-end=\"2127\">\u00d6n Kaput Koruma Film (PPF-TPU) \u2013 10 Y\u0131l<\/strong> \u2013 30.000 TL<\/p><\/li><li class=\"\" data-start=\"2142\" data-end=\"2200\"><p class=\"\" data-start=\"2144\" data-end=\"2200\"><strong data-start=\"2144\" data-end=\"2186\">\u00d6n Kaput Koruma Film (PPF-TPX) \u2013 2 Y\u0131l<\/strong> \u2013 15.000 TL<\/p><\/li><li class=\"\" data-start=\"2201\" data-end=\"2253\"><p class=\"\" data-start=\"2203\" data-end=\"2253\"><strong data-start=\"2203\" data-end=\"2238\">Komple PPF-TPU Kaplama \u2013 10 Y\u0131l<\/strong> \u2013 200.000 TL<\/p><\/li><li class=\"\" data-start=\"2254\" data-end=\"2305\"><p class=\"\" data-start=\"2256\" data-end=\"2305\"><strong data-start=\"2256\" data-end=\"2290\">Komple PPF-TPX Kaplama \u2013 2 Y\u0131l<\/strong> \u2013 135.000 TL<\/p><\/li><li class=\"\" data-start=\"2306\" data-end=\"2362\"><p class=\"\" data-start=\"2308\" data-end=\"2362\"><strong data-start=\"2308\" data-end=\"2347\">Komple PPF-TPU Mat Kaplama \u2013 10 Y\u0131l<\/strong> \u2013 250.000 TL<\/p><\/li><\/ul>\t\t\t\t\t\t\t\t<\/div>\n\t\t\t\t<\/div>\n\t\t\t\t<\/div>\n\t\t\t\t\t<\/div>\n\t\t\t\t<\/div>\n\t\t\t\t<\/div>\n\t\t","protected":false},"excerpt":{"rendered":"<p>Y\u0131kama ve Temizlik Hizmetleri Plus Cilal\u0131 Y\u0131kama \u2013 1.000 TL Plus Y\u0131kama ve 4 Koltuk Temizlik \u2013 6.000 TL Detayl\u0131 \u0130\u00e7 Temizlik + Klima ve Ozonla Dezenfeksiyon \u2013 17.000 TL&hellip;<\/p>\n","protected":false},"author":1,"featured_media":0,"parent":0,"menu_order":0,"comment_status":"closed","ping_status":"closed","template":"","meta":{"footnotes":""},"class_list":["post-4051","page","type-page","status-publish","hentry"],"_links":{"self":[{"href":"https:\/\/profaj.co\/auto\/wp-json\/wp\/v2\/pages\/4051","targetHints":{"allow":["GET"]}}],"collection":[{"href":"https:\/\/profaj.co\/auto\/wp-json\/wp\/v2\/pages"}],"about":[{"href":"https:\/\/profaj.co\/auto\/wp-json\/wp\/v2\/types\/page"}],"author":[{"embeddable":true,"href":"https:\/\/profaj.co\/auto\/wp-json\/wp\/v2\/users\/1"}],"replies":[{"embeddable":true,"href":"https:\/\/profaj.co\/auto\/wp-json\/wp\/v2\/comments?post=4051"}],"version-history":[{"count":22,"href":"https:\/\/profaj.co\/auto\/wp-json\/wp\/v2\/pages\/4051\/revisions"}],"predecessor-version":[{"id":40603,"href":"https:\/\/profaj.co\/auto\/wp-json\/wp\/v2\/pages\/4051\/revisions\/40603"}],"wp:attachment":[{"href":"https:\/\/profaj.co\/auto\/wp-json\/wp\/v2\/media?parent=4051"}],"curies":[{"name":"wp","href":"https:\/\/api.w.org\/{rel}","templated":true}]}}