{"id":705,"date":"2024-03-26T17:16:06","date_gmt":"2024-03-26T17:16:06","guid":{"rendered":"https:\/\/profaj.co\/auto\/?page_id=705"},"modified":"2025-04-16T12:54:22","modified_gmt":"2025-04-16T12:54:22","slug":"hizmetlerimiz","status":"publish","type":"page","link":"https:\/\/profaj.co\/auto\/hizmetlerimiz\/","title":{"rendered":"Hizmetlerimiz"},"content":{"rendered":"\t\t<div data-elementor-type=\"wp-page\" data-elementor-id=\"705\" class=\"elementor elementor-705\" data-elementor-post-type=\"page\">\n\t\t\t\t\t\t<section class=\"elementor-section elementor-top-section elementor-element elementor-element-73508c3 elementor-section-boxed elementor-section-height-default elementor-section-height-default sc_fly_static\" data-id=\"73508c3\" data-element_type=\"section\" data-settings=\"{&quot;background_background&quot;:&quot;classic&quot;}\">\n\t\t\t\t\t\t<div class=\"elementor-container elementor-column-gap-no\">\n\t\t\t\t\t<div class=\"elementor-column elementor-col-100 elementor-top-column elementor-element elementor-element-7528468 sc_extra_bg_extra_left scheme_light sc_content_align_inherit sc_layouts_column_icons_position_left sc_fly_static\" data-id=\"7528468\" data-element_type=\"column\" data-settings=\"{&quot;background_background&quot;:&quot;classic&quot;}\">\n\t\t\t<div class=\"elementor-widget-wrap elementor-element-populated\">\n\t\t\t\t\t\t<div class=\"elementor-element elementor-element-1e636bb sc_height_huge sc_fly_static elementor-widget elementor-widget-spacer\" data-id=\"1e636bb\" data-element_type=\"widget\" data-widget_type=\"spacer.default\">\n\t\t\t\t<div class=\"elementor-widget-container\">\n\t\t\t\t\t\t\t<div class=\"elementor-spacer\">\n\t\t\t<div class=\"elementor-spacer-inner\"><\/div>\n\t\t<\/div>\n\t\t\t\t\t\t<\/div>\n\t\t\t\t<\/div>\n\t\t\t\t<div class=\"elementor-element elementor-element-dab16dd sc_layouts_hide_on_notebook sc_layouts_hide_on_mobile sc_layouts_hide_on_tablet sc_fly_static elementor-widget elementor-widget-spacer\" data-id=\"dab16dd\" data-element_type=\"widget\" data-widget_type=\"spacer.default\">\n\t\t\t\t<div class=\"elementor-widget-container\">\n\t\t\t\t\t\t\t<div class=\"elementor-spacer\">\n\t\t\t<div class=\"elementor-spacer-inner\"><\/div>\n\t\t<\/div>\n\t\t\t\t\t\t<\/div>\n\t\t\t\t<\/div>\n\t\t\t\t<div class=\"elementor-element elementor-element-49df39e sc_fly_static elementor-widget elementor-widget-trx_sc_services\" data-id=\"49df39e\" data-element_type=\"widget\" data-widget_type=\"trx_sc_services.default\">\n\t\t\t\t<div class=\"elementor-widget-container\">\n\t\t\t\t\t<div class=\"sc_services sc_services_strong sc_services_featured_top\"><div class=\"sc_services_columns_wrap sc_item_columns sc_item_posts_container sc_item_columns_3 trx_addons_columns_wrap columns_padding_bottom\"><div class=\"trx_addons_column-1_3\"><div data-post-id=\"30391\" class=\"sc_services_item sc_item_container post_container with_content with_image with_number post-30391 cpt_services type-cpt_services status-publish has-post-thumbnail hentry cpt_services_group-features\">\r\n\t\t<div class=\"sc_services_item_content \" style=\"background-image: url(https:\/\/profaj.co\/auto\/wp-content\/uploads\/2024\/07\/yikama-temizleme-840x667.webp);\">\r\n\t\t\t\t<div class=\"sc_services_item_content_inner\"><div class=\"sc_services_item_content_inner_top\"><span class=\"sc_services_item_number\">01.<\/span><\/div><div class=\"sc_services_item_content_inner_bottom\">\r\n                <h6 class=\"sc_services_item_title\"><a href=\"https:\/\/profaj.co\/auto\/services\/yikama-ve-temizlik-hizmetleri\/\">Y\u0131kama ve Temizlik Hizmetleri<\/a><\/h6>\r\n                <div class=\"sc_services_item_text\"><p>Auto Uce olarak, \u0130zmir Bayrakl\u0131\u2019daki tesisimizde arac\u0131n\u0131za yaln\u0131zca temizlik de\u011fil, adeta bir yenilenme sa\u011fl\u0131yoruz. Ara\u00e7lar zamanla \u00e7evresel etkilerle matla\u015f\u0131r, lekelenir ve g\u00f6r\u00fcn\u00fcm\u00fcn\u00fc kaybeder. Bu y\u00fczden y\u00fczeysel temizlikten \u00f6teye ge\u00e7en profesyonel&hellip;<\/p>\n<\/div><\/div><\/div><a class=\"sc_services_item_link\" href=\"https:\/\/profaj.co\/auto\/services\/yikama-ve-temizlik-hizmetleri\/\"><\/a><\/div><\/div><\/div><div class=\"trx_addons_column-1_3\"><div data-post-id=\"30390\" class=\"sc_services_item sc_item_container post_container with_content with_image with_number post-30390 cpt_services type-cpt_services status-publish has-post-thumbnail hentry cpt_services_group-features\">\r\n\t\t<div class=\"sc_services_item_content \" style=\"background-image: url(https:\/\/profaj.co\/auto\/wp-content\/uploads\/2024\/07\/dezenfeksiyon-840x667.webp);\">\r\n\t\t\t\t<div class=\"sc_services_item_content_inner\"><div class=\"sc_services_item_content_inner_top\"><span class=\"sc_services_item_number\">02.<\/span><\/div><div class=\"sc_services_item_content_inner_bottom\">\r\n                <h6 class=\"sc_services_item_title\"><a href=\"https:\/\/profaj.co\/auto\/services\/dezenfeksiyon-ve-hijyen-paketleri\/\">Dezenfeksiyon ve Hijyen Paketleri<\/a><\/h6>\r\n                <div class=\"sc_services_item_text\"><p>Arac\u0131n\u0131z\u0131n i\u00e7 ortam\u0131, g\u00fcnl\u00fck kullan\u0131mda sa\u011fl\u0131\u011f\u0131n\u0131z a\u00e7\u0131s\u0131ndan \u00f6nemli bir aland\u0131r. Auto Uce, \u0130zmir Bayrakl\u0131\u2019daki merkezinde hijyen konusunda da fark yarat\u0131yor. \u00d6zellikle klima ve i\u00e7 hava dola\u015f\u0131m\u0131 sistemleri, zamanla bakteri ve&hellip;<\/p>\n<\/div><\/div><\/div><a class=\"sc_services_item_link\" href=\"https:\/\/profaj.co\/auto\/services\/dezenfeksiyon-ve-hijyen-paketleri\/\"><\/a><\/div><\/div><\/div><div class=\"trx_addons_column-1_3\"><div data-post-id=\"30389\" class=\"sc_services_item sc_item_container post_container with_content with_image with_number post-30389 cpt_services type-cpt_services status-publish has-post-thumbnail hentry cpt_services_group-features\">\r\n\t\t<div class=\"sc_services_item_content \" style=\"background-image: url(https:\/\/profaj.co\/auto\/wp-content\/uploads\/2024\/07\/cila-boya-koruma-840x667.webp);\">\r\n\t\t\t\t<div class=\"sc_services_item_content_inner\"><div class=\"sc_services_item_content_inner_top\"><span class=\"sc_services_item_number\">03.<\/span><\/div><div class=\"sc_services_item_content_inner_bottom\">\r\n                <h6 class=\"sc_services_item_title\"><a href=\"https:\/\/profaj.co\/auto\/services\/cila-ve-boya-koruma\/\">Cila ve Boya Koruma<\/a><\/h6>\r\n                <div class=\"sc_services_item_text\"><p>Auto Uce\u2019un cila ve boya koruma hizmetleri, arac\u0131n\u0131z\u0131n estetik g\u00f6r\u00fcn\u00fcm\u00fcn\u00fc uzun s\u00fcre korumas\u0131n\u0131 sa\u011flar. \u0130zmir gibi g\u00fcne\u015fli ve deniz etkisindeki \u015fehirlerde boya y\u00fczeyi zamanla solabilir ve matla\u015fabilir. Bu y\u00fczden cila&hellip;<\/p>\n<\/div><\/div><\/div><a class=\"sc_services_item_link\" href=\"https:\/\/profaj.co\/auto\/services\/cila-ve-boya-koruma\/\"><\/a><\/div><\/div><\/div><div class=\"trx_addons_column-1_3\"><div data-post-id=\"30388\" class=\"sc_services_item sc_item_container post_container with_content with_image with_number post-30388 cpt_services type-cpt_services status-publish has-post-thumbnail hentry cpt_services_group-features\">\r\n\t\t<div class=\"sc_services_item_content \" style=\"background-image: url(https:\/\/profaj.co\/auto\/wp-content\/uploads\/2024\/07\/seramik-kaplama-840x667.webp);\">\r\n\t\t\t\t<div class=\"sc_services_item_content_inner\"><div class=\"sc_services_item_content_inner_top\"><span class=\"sc_services_item_number\">04.<\/span><\/div><div class=\"sc_services_item_content_inner_bottom\">\r\n                <h6 class=\"sc_services_item_title\"><a href=\"https:\/\/profaj.co\/auto\/services\/seramik-kaplama-ve-koruma\/\">Seramik Kaplama ve Koruma<\/a><\/h6>\r\n                <div class=\"sc_services_item_text\"><p>Seramik kaplama, g\u00fcn\u00fcm\u00fcz\u00fcn en etkili boya koruma y\u00f6ntemlerinden biridir. \u0130zmir Bayrakl\u0131\u2019daki merkezimizde, 1 y\u0131ldan 5 y\u0131la kadar koruma sa\u011flayan farkl\u0131 seramik \u00e7\u00f6z\u00fcmleri uyguluyoruz. Bu kaplama, arac\u0131n\u0131z\u0131n y\u00fczeyine cams\u0131 bir katman&hellip;<\/p>\n<\/div><\/div><\/div><a class=\"sc_services_item_link\" href=\"https:\/\/profaj.co\/auto\/services\/seramik-kaplama-ve-koruma\/\"><\/a><\/div><\/div><\/div><div class=\"trx_addons_column-1_3\"><div data-post-id=\"30387\" class=\"sc_services_item sc_item_container post_container with_content with_image with_number post-30387 cpt_services type-cpt_services status-publish has-post-thumbnail hentry cpt_services_group-features\">\r\n\t\t<div class=\"sc_services_item_content \" style=\"background-image: url(https:\/\/profaj.co\/auto\/wp-content\/uploads\/2024\/07\/cam-filmi-uygulama-840x667.webp);\">\r\n\t\t\t\t<div class=\"sc_services_item_content_inner\"><div class=\"sc_services_item_content_inner_top\"><span class=\"sc_services_item_number\">05.<\/span><\/div><div class=\"sc_services_item_content_inner_bottom\">\r\n                <h6 class=\"sc_services_item_title\"><a href=\"https:\/\/profaj.co\/auto\/services\/cam-filmi-uygulamalari\/\">Cam Filmi Uygulamalar\u0131<\/a><\/h6>\r\n                <div class=\"sc_services_item_text\"><p>\u0130zmir gibi g\u00fcne\u015fli \u015fehirlerde cam filmi, konfor ve gizlilik kadar sa\u011fl\u0131k a\u00e7\u0131s\u0131ndan da \u00f6nemlidir. Auto Uce olarak, Bayrakl\u0131\u2019daki merkezimizde \u00f6m\u00fcr boyu garantili cam filmi uygulamalar\u0131 sunuyoruz. Kulland\u0131\u011f\u0131m\u0131z seramik bazl\u0131 filmler,&hellip;<\/p>\n<\/div><\/div><\/div><a class=\"sc_services_item_link\" href=\"https:\/\/profaj.co\/auto\/services\/cam-filmi-uygulamalari\/\"><\/a><\/div><\/div><\/div><div class=\"trx_addons_column-1_3\"><div data-post-id=\"30386\" class=\"sc_services_item sc_item_container post_container with_content with_image with_number post-30386 cpt_services type-cpt_services status-publish has-post-thumbnail hentry cpt_services_group-features\">\r\n\t\t<div class=\"sc_services_item_content \" style=\"background-image: url(https:\/\/profaj.co\/auto\/wp-content\/uploads\/2024\/07\/paint-protection-film-840x667.webp);\">\r\n\t\t\t\t<div class=\"sc_services_item_content_inner\"><div class=\"sc_services_item_content_inner_top\"><span class=\"sc_services_item_number\">06.<\/span><\/div><div class=\"sc_services_item_content_inner_bottom\">\r\n                <h6 class=\"sc_services_item_title\"><a href=\"https:\/\/profaj.co\/auto\/services\/ppf-paint-protection-film-kaplama\/\">PPF (Paint Protection Film) Kaplama<\/a><\/h6>\r\n                <div class=\"sc_services_item_text\"><p>Auto Uce, boya koruma filmleri konusunda da \u0130zmir Bayrakl\u0131\u2019da en geli\u015fmi\u015f uygulamalar\u0131 sunar. PPF teknolojisi ile arac\u0131n\u0131z\u0131 \u00e7izik, ta\u015f \u00e7arpmas\u0131 ve d\u0131\u015f darbelerden fiziksel olarak koruma alt\u0131na al\u0131yoruz. TPU ve&hellip;<\/p>\n<\/div><\/div><\/div><a class=\"sc_services_item_link\" href=\"https:\/\/profaj.co\/auto\/services\/ppf-paint-protection-film-kaplama\/\"><\/a><\/div><\/div><\/div><\/div><\/div>\t\t\t\t<\/div>\n\t\t\t\t<\/div>\n\t\t\t\t<div class=\"elementor-element elementor-element-fea5480 sc_height_huge sc_fly_static elementor-widget elementor-widget-spacer\" data-id=\"fea5480\" data-element_type=\"widget\" data-widget_type=\"spacer.default\">\n\t\t\t\t<div class=\"elementor-widget-container\">\n\t\t\t\t\t\t\t<div class=\"elementor-spacer\">\n\t\t\t<div class=\"elementor-spacer-inner\"><\/div>\n\t\t<\/div>\n\t\t\t\t\t\t<\/div>\n\t\t\t\t<\/div>\n\t\t\t\t<div class=\"elementor-element elementor-element-48b85e4 sc_layouts_hide_on_notebook sc_layouts_hide_on_mobile sc_layouts_hide_on_tablet sc_fly_static elementor-widget elementor-widget-spacer\" data-id=\"48b85e4\" data-element_type=\"widget\" data-widget_type=\"spacer.default\">\n\t\t\t\t<div class=\"elementor-widget-container\">\n\t\t\t\t\t\t\t<div class=\"elementor-spacer\">\n\t\t\t<div class=\"elementor-spacer-inner\"><\/div>\n\t\t<\/div>\n\t\t\t\t\t\t<\/div>\n\t\t\t\t<\/div>\n\t\t\t\t\t<\/div>\n\t\t<\/div>\n\t\t\t\t\t<\/div>\n\t\t<\/section>\n\t\t\t\t<\/div>\n\t\t","protected":false},"excerpt":{"rendered":"<p>01. Y\u0131kama ve Temizlik Hizmetleri Auto Uce olarak, \u0130zmir Bayrakl\u0131\u2019daki tesisimizde arac\u0131n\u0131za yaln\u0131zca temizlik de\u011fil, adeta bir yenilenme sa\u011fl\u0131yoruz. Ara\u00e7lar zamanla \u00e7evresel etkilerle matla\u015f\u0131r, lekelenir ve g\u00f6r\u00fcn\u00fcm\u00fcn\u00fc kaybeder. Bu y\u00fczden&hellip;<\/p>\n","protected":false},"author":1,"featured_media":0,"parent":0,"menu_order":0,"comment_status":"closed","ping_status":"closed","template":"","meta":{"footnotes":""},"class_list":["post-705","page","type-page","status-publish","hentry"],"_links":{"self":[{"href":"https:\/\/profaj.co\/auto\/wp-json\/wp\/v2\/pages\/705","targetHints":{"allow":["GET"]}}],"collection":[{"href":"https:\/\/profaj.co\/auto\/wp-json\/wp\/v2\/pages"}],"about":[{"href":"https:\/\/profaj.co\/auto\/wp-json\/wp\/v2\/types\/page"}],"author":[{"embeddable":true,"href":"https:\/\/profaj.co\/auto\/wp-json\/wp\/v2\/users\/1"}],"replies":[{"embeddable":true,"href":"https:\/\/profaj.co\/auto\/wp-json\/wp\/v2\/comments?post=705"}],"version-history":[{"count":4,"href":"https:\/\/profaj.co\/auto\/wp-json\/wp\/v2\/pages\/705\/revisions"}],"predecessor-version":[{"id":40536,"href":"https:\/\/profaj.co\/auto\/wp-json\/wp\/v2\/pages\/705\/revisions\/40536"}],"wp:attachment":[{"href":"https:\/\/profaj.co\/auto\/wp-json\/wp\/v2\/media?parent=705"}],"curies":[{"name":"wp","href":"https:\/\/api.w.org\/{rel}","templated":true}]}}