{"id":264,"date":"2025-08-13T11:58:16","date_gmt":"2025-08-13T11:58:16","guid":{"rendered":"https:\/\/profaj.co\/coordinat360\/?page_id=264"},"modified":"2025-09-05T05:40:42","modified_gmt":"2025-09-05T05:40:42","slug":"hakkimizda","status":"publish","type":"page","link":"https:\/\/profaj.co\/coordinat360\/hakkimizda\/","title":{"rendered":"Hakk\u0131m\u0131zda"},"content":{"rendered":"\t\t<div data-elementor-type=\"wp-page\" data-elementor-id=\"264\" class=\"elementor elementor-264\" data-elementor-post-type=\"page\">\n\t\t\t\t<div class=\"elementor-element elementor-element-1ededc62 e-flex e-con-boxed e-con e-parent\" data-id=\"1ededc62\" data-element_type=\"container\" data-settings=\"{&quot;background_background&quot;:&quot;classic&quot;}\">\n\t\t\t\t\t<div class=\"e-con-inner\">\n\t\t\t\t<div class=\"elementor-element elementor-element-2015f890 elementor-invisible elementor-widget elementor-widget-heading\" data-id=\"2015f890\" data-element_type=\"widget\" data-settings=\"{&quot;_animation&quot;:&quot;fadeInUp&quot;}\" data-widget_type=\"heading.default\">\n\t\t\t\t\t<h6 class=\"elementor-heading-title elementor-size-default\">HAKKIMIZDA<\/h6>\t\t\t\t<\/div>\n\t\t\t\t<div class=\"elementor-element elementor-element-610dc4 elementor-invisible elementor-widget elementor-widget-heading\" data-id=\"610dc4\" data-element_type=\"widget\" data-settings=\"{&quot;_animation&quot;:&quot;fadeInUp&quot;}\" data-widget_type=\"heading.default\">\n\t\t\t\t\t<h1 class=\"elementor-heading-title elementor-size-default\">Do\u011fru Yerdesiniz...<\/h1>\t\t\t\t<\/div>\n\t\t\t\t\t<\/div>\n\t\t\t\t<\/div>\n\t\t<div class=\"elementor-element elementor-element-2528af7 e-flex e-con-boxed e-con e-parent\" data-id=\"2528af7\" data-element_type=\"container\">\n\t\t\t\t\t<div class=\"e-con-inner\">\n\t\t<div class=\"elementor-element elementor-element-8c43b26 e-con-full e-flex e-con e-child\" data-id=\"8c43b26\" data-element_type=\"container\">\n\t\t\t\t<div class=\"elementor-element elementor-element-8bd03a4 elementor-widget elementor-widget-image\" data-id=\"8bd03a4\" data-element_type=\"widget\" data-widget_type=\"image.default\">\n\t\t\t\t\t\t\t\t\t\t\t\t\t\t\t<img decoding=\"async\" width=\"341\" height=\"48\" src=\"https:\/\/profaj.co\/coordinat360\/wp-content\/uploads\/2025\/08\/coordinat-logo.webp\" class=\"attachment-full size-full wp-image-69\" alt=\"\" srcset=\"https:\/\/profaj.co\/coordinat360\/wp-content\/uploads\/2025\/08\/coordinat-logo.webp 341w, https:\/\/profaj.co\/coordinat360\/wp-content\/uploads\/2025\/08\/coordinat-logo-300x42.webp 300w\" sizes=\"(max-width: 341px) 100vw, 341px\" \/>\t\t\t\t\t\t\t\t\t\t\t\t\t\t\t<\/div>\n\t\t\t\t<div class=\"elementor-element elementor-element-8b82091 elementor-invisible elementor-widget elementor-widget-heading\" data-id=\"8b82091\" data-element_type=\"widget\" data-settings=\"{&quot;_animation&quot;:&quot;fadeInUp&quot;}\" data-widget_type=\"heading.default\">\n\t\t\t\t\t<h2 class=\"elementor-heading-title elementor-size-default\">Kazand\u0131ran projelerin koordinat\u0131<\/h2>\t\t\t\t<\/div>\n\t\t\t\t<div class=\"elementor-element elementor-element-63f556c elementor-widget__width-initial elementor-absolute elementor-widget elementor-widget-counter\" data-id=\"63f556c\" data-element_type=\"widget\" data-settings=\"{&quot;_position&quot;:&quot;absolute&quot;}\" data-widget_type=\"counter.default\">\n\t\t\t\t\t\t\t<div class=\"elementor-counter\">\n\t\t\t<div class=\"elementor-counter-title\">Y\u0131ll\u0131k Deneyim<\/div>\t\t\t<div class=\"elementor-counter-number-wrapper\">\n\t\t\t\t<span class=\"elementor-counter-number-prefix\"><\/span>\n\t\t\t\t<span class=\"elementor-counter-number\" data-duration=\"2000\" data-to-value=\"17\" data-from-value=\"0\" data-delimiter=\",\">0<\/span>\n\t\t\t\t<span class=\"elementor-counter-number-suffix\">+<\/span>\n\t\t\t<\/div>\n\t\t<\/div>\n\t\t\t\t\t\t<\/div>\n\t\t<div class=\"elementor-element elementor-element-5f44196 e-con-full e-flex e-con e-child\" data-id=\"5f44196\" data-element_type=\"container\">\n\t\t<div class=\"elementor-element elementor-element-12947c5 e-con-full e-flex e-con e-child\" data-id=\"12947c5\" data-element_type=\"container\">\n\t\t\t\t<div class=\"elementor-element elementor-element-266564d elementor-invisible elementor-widget elementor-widget-text-editor\" data-id=\"266564d\" data-element_type=\"widget\" data-settings=\"{&quot;_animation&quot;:&quot;fadeInUp&quot;,&quot;_animation_delay&quot;:150}\" data-widget_type=\"text-editor.default\">\n\t\t\t\t\t\t\t\t\t<div class=\"elementor-element elementor-element-8c37595 elementor-widget elementor-widget-hub_fancy_heading\" data-id=\"8c37595\" data-element_type=\"widget\" data-widget_type=\"hub_fancy_heading.default\"><div class=\"elementor-widget-container\"><div id=\"ld-fancy-heading-689c7db3cdd9c\" class=\"ld-fancy-heading pos-rel\"><p class=\"ld-fh-element d-inline-block pos-rel lqd-highlight-classic lqd-highlight-grow-left p\">Markam\u0131z\u0131n temellerinin at\u0131ld\u0131\u011f\u0131 ilk g\u00fcnden bu yana takip etti\u011fimiz geli\u015fmelerin bize katt\u0131\u011f\u0131 estetik ve teknik donan\u0131m kar\u015f\u0131m\u0131za \u00e7\u0131kan k\u00fc\u00e7\u00fck\/b\u00fcy\u00fck b\u00fct\u00fcn sorunlara an\u0131nda ve kal\u0131c\u0131 \u00e7\u00f6z\u00fcmler \u00fcretmemize imkan tan\u0131d\u0131. Bu sayede, yar\u0131n\u0131n getireceklerinden \u00e7ekinmek \u015f\u00f6yle dursun bu de\u011fi\u015fimleri ustaca ve zekice avantaja \u00e7evirerek bize g\u00fcvenen her misafirimizin hayallerine ad\u0131m ad\u0131m yakla\u015fmas\u0131n\u0131n heyecanl\u0131 ve keyifli seyircileri oluyoruz.<\/p><\/div><\/div><\/div><div class=\"elementor-element elementor-element-cd1b140 elementor-widget elementor-widget-hub_fancy_heading\" data-id=\"cd1b140\" data-element_type=\"widget\" data-widget_type=\"hub_fancy_heading.default\"><div class=\"elementor-widget-container\"><div id=\"ld-fancy-heading-689c7db3ce32d\" class=\"ld-fancy-heading pos-rel\"><p class=\"ld-fh-element d-inline-block pos-rel lqd-highlight-classic lqd-highlight-grow-left p\">Tarihte, b\u00fcy\u00fck medeniyetlerin muhte\u015fem eserlerinin y\u00fckseli\u015fine tan\u0131kl\u0131k eden bu g\u00fczel co\u011frafyan\u0131n m\u00fckemmellik gelene\u011fini d\u00fcnyaya tan\u0131tmay\u0131 ve buna \u00f6nc\u00fcl\u00fck etmeyi Coordinat Yap\u0131 olarak en b\u00fcy\u00fck arzumuz olarak tan\u0131mlad\u0131k. Esteti\u011fi ve kaliteyi pe\u015finden s\u00fcr\u00fckleyen karakter sahibi yeni projelerimizle yaratt\u0131\u011f\u0131m\u0131z gelene\u011fi bir an \u00f6nce Londra\u2019ya, Sidney\u2019e Floransa\u2019ya ta\u015f\u0131mak i\u00e7in sab\u0131rs\u0131zlanmamak ne m\u00fcmk\u00fcn?<\/p><\/div><\/div><\/div>\t\t\t\t\t\t\t\t<\/div>\n\t\t\t\t<\/div>\n\t\t\t\t<\/div>\n\t\t\t\t<\/div>\n\t\t<div class=\"elementor-element elementor-element-d11715d e-con-full e-flex e-con e-child\" data-id=\"d11715d\" data-element_type=\"container\">\n\t\t\t\t<div class=\"elementor-element elementor-element-61c2a55 elementor-invisible elementor-widget elementor-widget-image\" data-id=\"61c2a55\" data-element_type=\"widget\" data-settings=\"{&quot;_animation&quot;:&quot;fadeInUp&quot;}\" data-widget_type=\"image.default\">\n\t\t\t\t\t\t\t\t\t\t\t\t\t\t\t<img fetchpriority=\"high\" decoding=\"async\" width=\"1107\" height=\"853\" src=\"https:\/\/profaj.co\/coordinat360\/wp-content\/uploads\/2025\/08\/Image.png\" class=\"attachment-full size-full wp-image-531\" alt=\"\" srcset=\"https:\/\/profaj.co\/coordinat360\/wp-content\/uploads\/2025\/08\/Image.png 1107w, https:\/\/profaj.co\/coordinat360\/wp-content\/uploads\/2025\/08\/Image-300x231.png 300w, https:\/\/profaj.co\/coordinat360\/wp-content\/uploads\/2025\/08\/Image-1024x789.png 1024w, https:\/\/profaj.co\/coordinat360\/wp-content\/uploads\/2025\/08\/Image-768x592.png 768w\" sizes=\"(max-width: 1107px) 100vw, 1107px\" \/>\t\t\t\t\t\t\t\t\t\t\t\t\t\t\t<\/div>\n\t\t\t\t<\/div>\n\t\t\t\t\t<\/div>\n\t\t\t\t<\/div>\n\t\t<div class=\"elementor-element elementor-element-455ef97 e-flex e-con-boxed e-con e-parent\" data-id=\"455ef97\" data-element_type=\"container\">\n\t\t\t\t\t<div class=\"e-con-inner\">\n\t\t<div class=\"elementor-element elementor-element-1842063 e-con-full e-flex e-con e-child\" data-id=\"1842063\" data-element_type=\"container\">\n\t\t<div class=\"elementor-element elementor-element-611a375 e-con-full e-flex e-con e-child\" data-id=\"611a375\" data-element_type=\"container\">\n\t\t\t\t<div class=\"elementor-element elementor-element-1694d45 elementor-widget elementor-widget-image\" data-id=\"1694d45\" data-element_type=\"widget\" data-widget_type=\"image.default\">\n\t\t\t\t\t\t\t\t\t\t\t\t\t\t\t<img decoding=\"async\" width=\"800\" height=\"1000\" src=\"https:\/\/profaj.co\/coordinat360\/wp-content\/uploads\/2025\/08\/hakkimizda-3-1.webp\" class=\"attachment-full size-full wp-image-786\" alt=\"\" srcset=\"https:\/\/profaj.co\/coordinat360\/wp-content\/uploads\/2025\/08\/hakkimizda-3-1.webp 800w, https:\/\/profaj.co\/coordinat360\/wp-content\/uploads\/2025\/08\/hakkimizda-3-1-240x300.webp 240w, https:\/\/profaj.co\/coordinat360\/wp-content\/uploads\/2025\/08\/hakkimizda-3-1-768x960.webp 768w\" sizes=\"(max-width: 800px) 100vw, 800px\" \/>\t\t\t\t\t\t\t\t\t\t\t\t\t\t\t<\/div>\n\t\t\t\t<\/div>\n\t\t<div class=\"elementor-element elementor-element-e46a718 e-con-full e-flex e-con e-child\" data-id=\"e46a718\" data-element_type=\"container\">\n\t\t\t\t<div class=\"elementor-element elementor-element-d349206 elementor-position-left elementor-vertical-align-middle elementor-widget elementor-widget-image-box\" data-id=\"d349206\" data-element_type=\"widget\" data-widget_type=\"image-box.default\">\n\t\t\t\t\t<div class=\"elementor-image-box-wrapper\"><figure class=\"elementor-image-box-img\"><img loading=\"lazy\" decoding=\"async\" width=\"750\" height=\"750\" src=\"https:\/\/profaj.co\/coordinat360\/wp-content\/uploads\/2025\/08\/counter-kirmizi.webp\" class=\"attachment-full size-full wp-image-611\" alt=\"\" srcset=\"https:\/\/profaj.co\/coordinat360\/wp-content\/uploads\/2025\/08\/counter-kirmizi.webp 750w, https:\/\/profaj.co\/coordinat360\/wp-content\/uploads\/2025\/08\/counter-kirmizi-300x300.webp 300w, https:\/\/profaj.co\/coordinat360\/wp-content\/uploads\/2025\/08\/counter-kirmizi-150x150.webp 150w\" sizes=\"(max-width: 750px) 100vw, 750px\" \/><\/figure><div class=\"elementor-image-box-content\"><h3 class=\"elementor-image-box-title\">Mutlu Yar\u0131nlar<\/h3><\/div><\/div>\t\t\t\t<\/div>\n\t\t\t\t<div class=\"elementor-element elementor-element-35f5d072 elementor-invisible elementor-widget elementor-widget-text-editor\" data-id=\"35f5d072\" data-element_type=\"widget\" data-settings=\"{&quot;_animation&quot;:&quot;fadeInUp&quot;,&quot;_animation_delay&quot;:150}\" data-widget_type=\"text-editor.default\">\n\t\t\t\t\t\t\t\t\t<p>Gelece\u011fin in\u015fas\u0131na ortak olmak ancak; vizyonumuzu olu\u015fturan fikirlerin her birini, i\u00e7i yarat\u0131c\u0131l\u0131kla dolup ta\u015fan g\u00fczel insanlar ve g\u00fczel ya\u015fama iste\u011fiyle \u00e7al\u0131\u015fan t\u00fcm i\u015f arkada\u015flar\u0131m\u0131zla payla\u015fman\u0131n verdi\u011fi \u00f6zg\u00fcvenle m\u00fcmk\u00fcnd\u00fcr. Coordinat Yap\u0131\u2019n\u0131n \u00f6nc\u00fcl\u00fck etti\u011fi her projenin temeli i\u015fte bu heyecan ve enerjiyle at\u0131l\u0131r.<\/p><p>Misafirlerimizin hayatlar\u0131n\u0131n en mutlu anlar\u0131na ve d\u00f6n\u00fcm noktalar\u0131na \u015fahit olmaya yak\u0131\u015fan ya\u015fam alanlar\u0131 in\u015fa ederek hedeflerimize, yaratt\u0131\u011f\u0131m\u0131z de\u011ferlerin e\u015fli\u011fiyle ula\u015fman\u0131n ve bunlar\u0131n aras\u0131na her ge\u00e7en g\u00fcn yenilerini katman\u0131n tazeli\u011fiyle Coordinat Yap\u0131 takdire \u015fayan projeler sunmaya devam edecektir.<\/p><p>Tekrar, ve her zaman, y\u00fckseklerdeki ya\u015fam alanlar\u0131n\u0131 payla\u015fmak dile\u011fiyle\u2026<\/p>\t\t\t\t\t\t\t\t<\/div>\n\t\t\t\t<\/div>\n\t\t\t\t<\/div>\n\t\t\t\t\t<\/div>\n\t\t\t\t<\/div>\n\t\t<div class=\"elementor-element elementor-element-d9db9be e-flex e-con-boxed e-con e-parent\" data-id=\"d9db9be\" data-element_type=\"container\">\n\t\t\t\t\t<div class=\"e-con-inner\">\n\t\t\t\t<div class=\"elementor-element elementor-element-2c1c74c elementor-headline--style-highlight elementor-widget elementor-widget-animated-headline\" data-id=\"2c1c74c\" data-element_type=\"widget\" data-settings=\"{&quot;marker&quot;:&quot;underline&quot;,&quot;highlighted_text&quot;:&quot;TA\\u015eLARIMIZ&quot;,&quot;headline_style&quot;:&quot;highlight&quot;,&quot;loop&quot;:&quot;yes&quot;,&quot;highlight_animation_duration&quot;:1200,&quot;highlight_iteration_delay&quot;:8000}\" data-widget_type=\"animated-headline.default\">\n\t\t\t\t\t\t\t<h3 class=\"elementor-headline\">\n\t\t\t\t\t<span class=\"elementor-headline-plain-text elementor-headline-text-wrapper\">K\u0130LOMETRE <\/span>\n\t\t\t\t<span class=\"elementor-headline-dynamic-wrapper elementor-headline-text-wrapper\">\n\t\t\t\t\t<span class=\"elementor-headline-dynamic-text elementor-headline-text-active\">TA\u015eLARIMIZ<\/span>\n\t\t\t\t<\/span>\n\t\t\t\t<\/h3>\n\t\t\t\t\t\t<\/div>\n\t\t\t\t<div class=\"elementor-element elementor-element-efb4863 elementor-widget elementor-widget-image\" data-id=\"efb4863\" data-element_type=\"widget\" data-widget_type=\"image.default\">\n\t\t\t\t\t\t\t\t\t\t\t\t\t\t\t\t<a href=\"https:\/\/profaj.co\/coordinat360\/wp-content\/uploads\/2025\/08\/tarihce.webp\" data-elementor-open-lightbox=\"yes\" data-elementor-lightbox-title=\"tarihce\" data-e-action-hash=\"#elementor-action%3Aaction%3Dlightbox%26settings%3DeyJpZCI6MTA0LCJ1cmwiOiJodHRwczpcL1wvcHJvZmFqLmNvXC9jb29yZGluYXQzNjBcL3dwLWNvbnRlbnRcL3VwbG9hZHNcLzIwMjVcLzA4XC90YXJpaGNlLndlYnAifQ%3D%3D\">\n\t\t\t\t\t\t\t<img loading=\"lazy\" decoding=\"async\" width=\"2048\" height=\"1024\" src=\"https:\/\/profaj.co\/coordinat360\/wp-content\/uploads\/2025\/08\/tarihce.webp\" class=\"attachment-full size-full wp-image-104\" alt=\"\" srcset=\"https:\/\/profaj.co\/coordinat360\/wp-content\/uploads\/2025\/08\/tarihce.webp 2048w, https:\/\/profaj.co\/coordinat360\/wp-content\/uploads\/2025\/08\/tarihce-300x150.webp 300w, https:\/\/profaj.co\/coordinat360\/wp-content\/uploads\/2025\/08\/tarihce-1024x512.webp 1024w, https:\/\/profaj.co\/coordinat360\/wp-content\/uploads\/2025\/08\/tarihce-768x384.webp 768w, https:\/\/profaj.co\/coordinat360\/wp-content\/uploads\/2025\/08\/tarihce-1536x768.webp 1536w\" sizes=\"(max-width: 2048px) 100vw, 2048px\" \/>\t\t\t\t\t\t\t\t<\/a>\n\t\t\t\t\t\t\t\t\t\t\t\t\t\t\t<\/div>\n\t\t\t\t\t<\/div>\n\t\t\t\t<\/div>\n\t\t\t\t<\/div>\n\t\t","protected":false},"excerpt":{"rendered":"<p>HAKKIMIZDA Do\u011fru Yerdesiniz&#8230; Kazand\u0131ran projelerin koordinat\u0131 Y\u0131ll\u0131k Deneyim 0 + Markam\u0131z\u0131n temellerinin at\u0131ld\u0131\u011f\u0131 ilk g\u00fcnden bu yana takip etti\u011fimiz geli\u015fmelerin bize katt\u0131\u011f\u0131 estetik ve teknik donan\u0131m kar\u015f\u0131m\u0131za \u00e7\u0131kan k\u00fc\u00e7\u00fck\/b\u00fcy\u00fck b\u00fct\u00fcn sorunlara an\u0131nda ve kal\u0131c\u0131 \u00e7\u00f6z\u00fcmler \u00fcretmemize imkan tan\u0131d\u0131. Bu sayede, yar\u0131n\u0131n getireceklerinden \u00e7ekinmek \u015f\u00f6yle dursun bu de\u011fi\u015fimleri ustaca ve zekice avantaja \u00e7evirerek bize g\u00fcvenen her [&hellip;]<\/p>\n","protected":false},"author":1,"featured_media":0,"parent":0,"menu_order":0,"comment_status":"closed","ping_status":"closed","template":"elementor_header_footer","meta":{"_acf_changed":false,"footnotes":""},"class_list":["post-264","page","type-page","status-publish","hentry"],"acf":[],"_links":{"self":[{"href":"https:\/\/profaj.co\/coordinat360\/wp-json\/wp\/v2\/pages\/264","targetHints":{"allow":["GET"]}}],"collection":[{"href":"https:\/\/profaj.co\/coordinat360\/wp-json\/wp\/v2\/pages"}],"about":[{"href":"https:\/\/profaj.co\/coordinat360\/wp-json\/wp\/v2\/types\/page"}],"author":[{"embeddable":true,"href":"https:\/\/profaj.co\/coordinat360\/wp-json\/wp\/v2\/users\/1"}],"replies":[{"embeddable":true,"href":"https:\/\/profaj.co\/coordinat360\/wp-json\/wp\/v2\/comments?post=264"}],"version-history":[{"count":73,"href":"https:\/\/profaj.co\/coordinat360\/wp-json\/wp\/v2\/pages\/264\/revisions"}],"predecessor-version":[{"id":1100,"href":"https:\/\/profaj.co\/coordinat360\/wp-json\/wp\/v2\/pages\/264\/revisions\/1100"}],"wp:attachment":[{"href":"https:\/\/profaj.co\/coordinat360\/wp-json\/wp\/v2\/media?parent=264"}],"curies":[{"name":"wp","href":"https:\/\/api.w.org\/{rel}","templated":true}]}}