{"id":430,"date":"2025-08-14T06:09:19","date_gmt":"2025-08-14T06:09:19","guid":{"rendered":"https:\/\/profaj.co\/coordinat360\/?page_id=430"},"modified":"2025-09-03T06:30:18","modified_gmt":"2025-09-03T06:30:18","slug":"blog","status":"publish","type":"page","link":"https:\/\/profaj.co\/coordinat360\/blog\/","title":{"rendered":"Blog"},"content":{"rendered":"\t\t<div data-elementor-type=\"wp-page\" data-elementor-id=\"430\" class=\"elementor elementor-430\" data-elementor-post-type=\"page\">\n\t\t\t\t<div class=\"elementor-element elementor-element-d4cd12b e-flex e-con-boxed e-con e-parent\" data-id=\"d4cd12b\" data-element_type=\"container\" data-settings=\"{&quot;background_background&quot;:&quot;classic&quot;}\">\n\t\t\t\t\t<div class=\"e-con-inner\">\n\t\t\t\t<div class=\"elementor-element elementor-element-83483a1 elementor-invisible elementor-widget elementor-widget-heading\" data-id=\"83483a1\" data-element_type=\"widget\" data-settings=\"{&quot;_animation&quot;:&quot;fadeInUp&quot;}\" data-widget_type=\"heading.default\">\n\t\t\t\t\t<h1 class=\"elementor-heading-title elementor-size-default\">BLOG<\/h1>\t\t\t\t<\/div>\n\t\t\t\t\t<\/div>\n\t\t\t\t<\/div>\n\t\t<div class=\"elementor-element elementor-element-4b8a0e4 e-flex e-con-boxed e-con e-parent\" data-id=\"4b8a0e4\" data-element_type=\"container\">\n\t\t\t\t\t<div class=\"e-con-inner\">\n\t\t\t\t<div class=\"elementor-element elementor-element-dba20fa elementor-grid-2 elementor-grid-tablet-2 elementor-grid-mobile-1 elementor-posts--thumbnail-top elementor-widget elementor-widget-posts\" data-id=\"dba20fa\" data-element_type=\"widget\" data-settings=\"{&quot;classic_columns&quot;:&quot;2&quot;,&quot;classic_columns_tablet&quot;:&quot;2&quot;,&quot;classic_columns_mobile&quot;:&quot;1&quot;,&quot;classic_row_gap&quot;:{&quot;unit&quot;:&quot;px&quot;,&quot;size&quot;:35,&quot;sizes&quot;:[]},&quot;classic_row_gap_widescreen&quot;:{&quot;unit&quot;:&quot;px&quot;,&quot;size&quot;:&quot;&quot;,&quot;sizes&quot;:[]},&quot;classic_row_gap_tablet&quot;:{&quot;unit&quot;:&quot;px&quot;,&quot;size&quot;:&quot;&quot;,&quot;sizes&quot;:[]},&quot;classic_row_gap_mobile&quot;:{&quot;unit&quot;:&quot;px&quot;,&quot;size&quot;:&quot;&quot;,&quot;sizes&quot;:[]}}\" data-widget_type=\"posts.classic\">\n\t\t\t\t<div class=\"elementor-widget-container\">\n\t\t\t\t\t\t\t<div class=\"elementor-posts-container elementor-posts elementor-posts--skin-classic elementor-grid\" role=\"list\">\n\t\t\t\t<article class=\"elementor-post elementor-grid-item post-121 post type-post status-publish format-standard has-post-thumbnail hentry category-uncategorized\" role=\"listitem\">\n\t\t\t\t<a class=\"elementor-post__thumbnail__link\" href=\"https:\/\/profaj.co\/coordinat360\/calisanlarimizin-yillik-yangin-egitimi-ve-tatbikati-gerceklestirildi\/\" tabindex=\"-1\" >\n\t\t\t<div class=\"elementor-post__thumbnail\"><img fetchpriority=\"high\" decoding=\"async\" width=\"740\" height=\"756\" src=\"https:\/\/profaj.co\/coordinat360\/wp-content\/uploads\/2025\/08\/coordinat-egitim.webp\" class=\"attachment-full size-full wp-image-122\" alt=\"\" srcset=\"https:\/\/profaj.co\/coordinat360\/wp-content\/uploads\/2025\/08\/coordinat-egitim.webp 740w, https:\/\/profaj.co\/coordinat360\/wp-content\/uploads\/2025\/08\/coordinat-egitim-294x300.webp 294w\" sizes=\"(max-width: 740px) 100vw, 740px\" \/><\/div>\n\t\t<\/a>\n\t\t\t\t<div class=\"elementor-post__text\">\n\t\t\t\t<h3 class=\"elementor-post__title\">\n\t\t\t<a href=\"https:\/\/profaj.co\/coordinat360\/calisanlarimizin-yillik-yangin-egitimi-ve-tatbikati-gerceklestirildi\/\" >\n\t\t\t\t\u00c7al\u0131\u015fanlar\u0131m\u0131z\u0131n y\u0131ll\u0131k yang\u0131n e\u011fitimi ve tatbikat\u0131 ger\u00e7ekle\u015ftirildi.\t\t\t<\/a>\n\t\t<\/h3>\n\t\t\n\t\t<a class=\"elementor-post__read-more\" href=\"https:\/\/profaj.co\/coordinat360\/calisanlarimizin-yillik-yangin-egitimi-ve-tatbikati-gerceklestirildi\/\" aria-label=\"Read more about \u00c7al\u0131\u015fanlar\u0131m\u0131z\u0131n y\u0131ll\u0131k yang\u0131n e\u011fitimi ve tatbikat\u0131 ger\u00e7ekle\u015ftirildi.\" tabindex=\"-1\" >\n\t\t\tDevam\u0131n\u0131 \u0130ncele \u00bb\t\t<\/a>\n\n\t\t\t\t<\/div>\n\t\t\t\t<\/article>\n\t\t\t\t<article class=\"elementor-post elementor-grid-item post-118 post type-post status-publish format-standard has-post-thumbnail hentry category-uncategorized\" role=\"listitem\">\n\t\t\t\t<a class=\"elementor-post__thumbnail__link\" href=\"https:\/\/profaj.co\/coordinat360\/2023-2024-sezonunda-forma-sponsoru-oldugumuz-karsiyakanin-her-zaman-yanindayiz\/\" tabindex=\"-1\" >\n\t\t\t<div class=\"elementor-post__thumbnail\"><img decoding=\"async\" width=\"2560\" height=\"1440\" src=\"https:\/\/profaj.co\/coordinat360\/wp-content\/uploads\/2025\/08\/coordinat-karsiyaka-sponsor-scaled.webp\" class=\"attachment-full size-full wp-image-119\" alt=\"\" srcset=\"https:\/\/profaj.co\/coordinat360\/wp-content\/uploads\/2025\/08\/coordinat-karsiyaka-sponsor-scaled.webp 2560w, https:\/\/profaj.co\/coordinat360\/wp-content\/uploads\/2025\/08\/coordinat-karsiyaka-sponsor-300x169.webp 300w, https:\/\/profaj.co\/coordinat360\/wp-content\/uploads\/2025\/08\/coordinat-karsiyaka-sponsor-1024x576.webp 1024w, https:\/\/profaj.co\/coordinat360\/wp-content\/uploads\/2025\/08\/coordinat-karsiyaka-sponsor-768x432.webp 768w, https:\/\/profaj.co\/coordinat360\/wp-content\/uploads\/2025\/08\/coordinat-karsiyaka-sponsor-1536x864.webp 1536w, https:\/\/profaj.co\/coordinat360\/wp-content\/uploads\/2025\/08\/coordinat-karsiyaka-sponsor-2048x1152.webp 2048w\" sizes=\"(max-width: 2560px) 100vw, 2560px\" \/><\/div>\n\t\t<\/a>\n\t\t\t\t<div class=\"elementor-post__text\">\n\t\t\t\t<h3 class=\"elementor-post__title\">\n\t\t\t<a href=\"https:\/\/profaj.co\/coordinat360\/2023-2024-sezonunda-forma-sponsoru-oldugumuz-karsiyakanin-her-zaman-yanindayiz\/\" >\n\t\t\t\t2023-2024 Sezonunda forma sponsoru oldu\u011fumuz KAR\u015eIYAKA\u2019NIN her zaman yan\u0131nday\u0131z!\t\t\t<\/a>\n\t\t<\/h3>\n\t\t\n\t\t<a class=\"elementor-post__read-more\" href=\"https:\/\/profaj.co\/coordinat360\/2023-2024-sezonunda-forma-sponsoru-oldugumuz-karsiyakanin-her-zaman-yanindayiz\/\" aria-label=\"Read more about 2023-2024 Sezonunda forma sponsoru oldu\u011fumuz KAR\u015eIYAKA\u2019NIN her zaman yan\u0131nday\u0131z!\" tabindex=\"-1\" >\n\t\t\tDevam\u0131n\u0131 \u0130ncele \u00bb\t\t<\/a>\n\n\t\t\t\t<\/div>\n\t\t\t\t<\/article>\n\t\t\t\t<article class=\"elementor-post elementor-grid-item post-115 post type-post status-publish format-standard has-post-thumbnail hentry category-uncategorized\" role=\"listitem\">\n\t\t\t\t<a class=\"elementor-post__thumbnail__link\" href=\"https:\/\/profaj.co\/coordinat360\/coordinat-ailesi-olarak-yil-sonu-kutlamamizi-yaptik\/\" tabindex=\"-1\" >\n\t\t\t<div class=\"elementor-post__thumbnail\"><img decoding=\"async\" width=\"944\" height=\"782\" src=\"https:\/\/profaj.co\/coordinat360\/wp-content\/uploads\/2025\/08\/Ekran-Resmi-2024-11-21-15.59.38.jpg\" class=\"attachment-full size-full wp-image-830\" alt=\"\" srcset=\"https:\/\/profaj.co\/coordinat360\/wp-content\/uploads\/2025\/08\/Ekran-Resmi-2024-11-21-15.59.38.jpg 944w, https:\/\/profaj.co\/coordinat360\/wp-content\/uploads\/2025\/08\/Ekran-Resmi-2024-11-21-15.59.38-300x249.jpg 300w, https:\/\/profaj.co\/coordinat360\/wp-content\/uploads\/2025\/08\/Ekran-Resmi-2024-11-21-15.59.38-768x636.jpg 768w\" sizes=\"(max-width: 944px) 100vw, 944px\" \/><\/div>\n\t\t<\/a>\n\t\t\t\t<div class=\"elementor-post__text\">\n\t\t\t\t<h3 class=\"elementor-post__title\">\n\t\t\t<a href=\"https:\/\/profaj.co\/coordinat360\/coordinat-ailesi-olarak-yil-sonu-kutlamamizi-yaptik\/\" >\n\t\t\t\tCoordinat Ailesi olarak y\u0131l sonu kutlamam\u0131z\u0131 yapt\u0131k.\t\t\t<\/a>\n\t\t<\/h3>\n\t\t\n\t\t<a class=\"elementor-post__read-more\" href=\"https:\/\/profaj.co\/coordinat360\/coordinat-ailesi-olarak-yil-sonu-kutlamamizi-yaptik\/\" aria-label=\"Read more about Coordinat Ailesi olarak y\u0131l sonu kutlamam\u0131z\u0131 yapt\u0131k.\" tabindex=\"-1\" >\n\t\t\tDevam\u0131n\u0131 \u0130ncele \u00bb\t\t<\/a>\n\n\t\t\t\t<\/div>\n\t\t\t\t<\/article>\n\t\t\t\t<article class=\"elementor-post elementor-grid-item post-1 post type-post status-publish format-standard has-post-thumbnail hentry category-uncategorized\" role=\"listitem\">\n\t\t\t\t<a class=\"elementor-post__thumbnail__link\" href=\"https:\/\/profaj.co\/coordinat360\/geleneksel-coordinat-bowling-turnuvamizi-bu-senede-gerceklestirdik\/\" tabindex=\"-1\" >\n\t\t\t<div class=\"elementor-post__thumbnail\"><img loading=\"lazy\" decoding=\"async\" width=\"2048\" height=\"1536\" src=\"https:\/\/profaj.co\/coordinat360\/wp-content\/uploads\/2025\/08\/blog1.webp\" class=\"attachment-full size-full wp-image-113\" alt=\"\" srcset=\"https:\/\/profaj.co\/coordinat360\/wp-content\/uploads\/2025\/08\/blog1.webp 2048w, https:\/\/profaj.co\/coordinat360\/wp-content\/uploads\/2025\/08\/blog1-300x225.webp 300w, https:\/\/profaj.co\/coordinat360\/wp-content\/uploads\/2025\/08\/blog1-1024x768.webp 1024w, https:\/\/profaj.co\/coordinat360\/wp-content\/uploads\/2025\/08\/blog1-768x576.webp 768w, https:\/\/profaj.co\/coordinat360\/wp-content\/uploads\/2025\/08\/blog1-1536x1152.webp 1536w\" sizes=\"(max-width: 2048px) 100vw, 2048px\" \/><\/div>\n\t\t<\/a>\n\t\t\t\t<div class=\"elementor-post__text\">\n\t\t\t\t<h3 class=\"elementor-post__title\">\n\t\t\t<a href=\"https:\/\/profaj.co\/coordinat360\/geleneksel-coordinat-bowling-turnuvamizi-bu-senede-gerceklestirdik\/\" >\n\t\t\t\tGeleneksel Coordinat bowling turnuvam\u0131z\u0131 bu senede ger\u00e7ekle\u015ftirdik.\t\t\t<\/a>\n\t\t<\/h3>\n\t\t\n\t\t<a class=\"elementor-post__read-more\" href=\"https:\/\/profaj.co\/coordinat360\/geleneksel-coordinat-bowling-turnuvamizi-bu-senede-gerceklestirdik\/\" aria-label=\"Read more about Geleneksel Coordinat bowling turnuvam\u0131z\u0131 bu senede ger\u00e7ekle\u015ftirdik.\" tabindex=\"-1\" >\n\t\t\tDevam\u0131n\u0131 \u0130ncele \u00bb\t\t<\/a>\n\n\t\t\t\t<\/div>\n\t\t\t\t<\/article>\n\t\t\t\t<\/div>\n\t\t\n\t\t\t\t\t\t<\/div>\n\t\t\t\t<\/div>\n\t\t\t\t\t<\/div>\n\t\t\t\t<\/div>\n\t\t\t\t<\/div>\n\t\t","protected":false},"excerpt":{"rendered":"<p>BLOG<\/p>\n","protected":false},"author":1,"featured_media":0,"parent":0,"menu_order":0,"comment_status":"closed","ping_status":"closed","template":"","meta":{"_acf_changed":false,"footnotes":""},"class_list":["post-430","page","type-page","status-publish","hentry"],"acf":[],"_links":{"self":[{"href":"https:\/\/profaj.co\/coordinat360\/wp-json\/wp\/v2\/pages\/430","targetHints":{"allow":["GET"]}}],"collection":[{"href":"https:\/\/profaj.co\/coordinat360\/wp-json\/wp\/v2\/pages"}],"about":[{"href":"https:\/\/profaj.co\/coordinat360\/wp-json\/wp\/v2\/types\/page"}],"author":[{"embeddable":true,"href":"https:\/\/profaj.co\/coordinat360\/wp-json\/wp\/v2\/users\/1"}],"replies":[{"embeddable":true,"href":"https:\/\/profaj.co\/coordinat360\/wp-json\/wp\/v2\/comments?post=430"}],"version-history":[{"count":10,"href":"https:\/\/profaj.co\/coordinat360\/wp-json\/wp\/v2\/pages\/430\/revisions"}],"predecessor-version":[{"id":985,"href":"https:\/\/profaj.co\/coordinat360\/wp-json\/wp\/v2\/pages\/430\/revisions\/985"}],"wp:attachment":[{"href":"https:\/\/profaj.co\/coordinat360\/wp-json\/wp\/v2\/media?parent=430"}],"curies":[{"name":"wp","href":"https:\/\/api.w.org\/{rel}","templated":true}]}}