{"id":18970,"date":"2022-11-15T11:43:55","date_gmt":"2022-11-15T11:43:55","guid":{"rendered":"https:\/\/profaj.co\/hemenforklift\/?page_id=18970"},"modified":"2023-02-09T11:46:24","modified_gmt":"2023-02-09T11:46:24","slug":"portfolio-mouse-info","status":"publish","type":"page","link":"https:\/\/profaj.co\/hemenforklift\/portfolio-mouse-info\/","title":{"rendered":"<i>Portfolio &#8211; Mouse Info<\/i>"},"content":{"rendered":"\t\t<div data-elementor-type=\"wp-page\" data-elementor-id=\"18970\" class=\"elementor elementor-18970\" data-elementor-post-type=\"page\">\n\t\t\t\t\t\t<section class=\"elementor-section elementor-top-section elementor-element elementor-element-d61c37e elementor-section-full_width elementor-section-height-default elementor-section-height-default sc_fly_static\" data-id=\"d61c37e\" data-element_type=\"section\">\n\t\t\t\t\t\t<div class=\"elementor-container elementor-column-gap-extended\">\n\t\t\t\t\t<div class=\"elementor-column elementor-col-100 elementor-top-column elementor-element elementor-element-497dc01 sc_inner_width_none sc_content_align_inherit sc_layouts_column_icons_position_left sc_fly_static\" data-id=\"497dc01\" data-element_type=\"column\">\n\t\t\t<div class=\"elementor-widget-wrap elementor-element-populated\">\n\t\t\t\t\t\t<div class=\"elementor-element elementor-element-c6d1277 sc_style_default sc_fly_static elementor-widget elementor-widget-trx_sc_blogger\" data-id=\"c6d1277\" data-element_type=\"widget\" data-widget_type=\"trx_sc_blogger.default\">\n\t\t\t\t<div class=\"elementor-widget-container\">\n\t\t\t<div \t\tclass=\"sc_blogger sc_blogger_lay_portfolio_grid sc_blogger_lay_portfolio_grid_grid_style_7 sc_item_filters_tabs_none alignnone\" ><div class=\"sc_blogger_content sc_item_content sc_item_posts_container\" ><div class=\"sc_blogger_grid_wrap sc_blogger_grid_1 sc_blogger_grid_columns_3\" ><div data-post-id=\"24273\" data-item-number=\"1\" class=\"sc_blogger_item sc_item_container post_container sc_blogger_item_lay_portfolio sc_blogger_item_lay_portfolio_style_7 sc_blogger_item_odd sc_blogger_item_align_none post_format_standard sc_blogger_item_with_image sc_blogger_item_no_excerpt sc_blogger_item_image_position_top post-24273 cpt_portfolio type-cpt_portfolio status-publish has-post-thumbnail hentry cpt_portfolio_group-akulu-istif-makinalari\" ><div class=\"sc_blogger_item_body\"><div class=\"post_featured with_thumb hover_link sc_item_featured sc_blogger_item_featured post_featured_bg\" data-ratio=\"16:9\"><span class=\"post_thumb post_thumb_bg bg_in soleil_inline_1060155467\"><\/span>\t\t\t\t\t\t<div class=\"mask\"><\/div>\n\t\t\t\t\t\t<div class=\"post_info_bl\"><h5 class=\"sc_blogger_item_title entry-title\" data-item-number=\"1\"><a href=\"https:\/\/profaj.co\/hemenforklift\/portfolio\/akulu-istif-makinalari\/\" rel=\"bookmark\">Ak\u00fcl\u00fc \u0130stif Makinalar\u0131<\/a><\/h5><div class=\"post_meta sc_blogger_item_meta post_meta_categories\"><span class=\"post_meta_item post_categories cat_sep\"><a href=\"https:\/\/profaj.co\/hemenforklift\/portfolio_group\/akulu-istif-makinalari\/\" title=\"View all posts in Ak\u00fcl\u00fc \u0130stif Makinalar\u0131\">Ak\u00fcl\u00fc \u0130stif Makinalar\u0131<\/a><\/span><\/div><\/div><a class=\"post_link sc_blogger_item_link\" href=\"https:\/\/profaj.co\/hemenforklift\/portfolio\/akulu-istif-makinalari\/\"><\/a>\t\t\t<a href=\"https:\/\/profaj.co\/hemenforklift\/portfolio\/akulu-istif-makinalari\/\"  aria-hidden=\"true\" class=\"link\"><\/a>\r\n\t\t\t<\/div><\/div><!-- .sc_blogger_item_body --><\/div><!-- .sc_blogger_item --><\/div><\/div><\/div>\t\t<\/div>\n\t\t\t\t<\/div>\n\t\t\t\t\t<\/div>\n\t\t<\/div>\n\t\t\t\t\t<\/div>\n\t\t<\/section>\n\t\t\t\t<\/div>\n\t\t","protected":false},"excerpt":{"rendered":"<p>California Ridge Solar Green Power Dry Lake Wind Farm Green Power Fenton Solar Farm Green Power Klondike Solar Green Power Mount Storm Wind Farm Green Power Highland Energy Center Green&hellip;<\/p>\n","protected":false},"author":1,"featured_media":0,"parent":0,"menu_order":0,"comment_status":"closed","ping_status":"closed","template":"","meta":{"_acf_changed":false,"footnotes":""},"class_list":["post-18970","page","type-page","status-publish","hentry"],"acf":[],"_links":{"self":[{"href":"https:\/\/profaj.co\/hemenforklift\/wp-json\/wp\/v2\/pages\/18970","targetHints":{"allow":["GET"]}}],"collection":[{"href":"https:\/\/profaj.co\/hemenforklift\/wp-json\/wp\/v2\/pages"}],"about":[{"href":"https:\/\/profaj.co\/hemenforklift\/wp-json\/wp\/v2\/types\/page"}],"author":[{"embeddable":true,"href":"https:\/\/profaj.co\/hemenforklift\/wp-json\/wp\/v2\/users\/1"}],"replies":[{"embeddable":true,"href":"https:\/\/profaj.co\/hemenforklift\/wp-json\/wp\/v2\/comments?post=18970"}],"version-history":[{"count":0,"href":"https:\/\/profaj.co\/hemenforklift\/wp-json\/wp\/v2\/pages\/18970\/revisions"}],"wp:attachment":[{"href":"https:\/\/profaj.co\/hemenforklift\/wp-json\/wp\/v2\/media?parent=18970"}],"curies":[{"name":"wp","href":"https:\/\/api.w.org\/{rel}","templated":true}]}}