{"id":24994,"date":"2024-09-02T06:55:11","date_gmt":"2024-09-02T06:55:11","guid":{"rendered":"https:\/\/profaj.co\/hemenforklift\/?page_id=24994"},"modified":"2024-09-02T10:36:56","modified_gmt":"2024-09-02T10:36:56","slug":"bakim-paketleri","status":"publish","type":"page","link":"https:\/\/profaj.co\/hemenforklift\/bakim-paketleri\/","title":{"rendered":"Bak\u0131m Paketleri"},"content":{"rendered":"\t\t<div data-elementor-type=\"wp-page\" data-elementor-id=\"24994\" class=\"elementor elementor-24994\" data-elementor-post-type=\"page\">\n\t\t\t\t\t\t<section class=\"elementor-section elementor-top-section elementor-element elementor-element-138e5ea elementor-section-height-min-height elementor-section-boxed elementor-section-height-default elementor-section-items-middle sc_fly_static\" data-id=\"138e5ea\" data-element_type=\"section\" data-settings=\"{&quot;background_background&quot;:&quot;classic&quot;}\">\n\t\t\t\t\t\t\t<div class=\"elementor-background-overlay\"><\/div>\n\t\t\t\t\t\t\t<div class=\"elementor-container elementor-column-gap-default\">\n\t\t\t\t\t<div class=\"elementor-column elementor-col-100 elementor-top-column elementor-element elementor-element-8e0293a sc_inner_width_none sc_content_align_inherit sc_layouts_column_icons_position_left sc_fly_static\" data-id=\"8e0293a\" data-element_type=\"column\">\n\t\t\t<div class=\"elementor-widget-wrap elementor-element-populated\">\n\t\t\t\t\t\t<div class=\"elementor-element elementor-element-7227f9d sc_fly_static elementor-widget elementor-widget-heading\" data-id=\"7227f9d\" data-element_type=\"widget\" data-widget_type=\"heading.default\">\n\t\t\t\t<div class=\"elementor-widget-container\">\n\t\t\t<h2 class=\"elementor-heading-title elementor-size-default\">Bak\u0131m Paketleri<\/h2>\t\t<\/div>\n\t\t\t\t<\/div>\n\t\t\t\t\t<\/div>\n\t\t<\/div>\n\t\t\t\t\t<\/div>\n\t\t<\/section>\n\t\t\t\t<section class=\"elementor-section-with-custom-width elementor-section elementor-top-section elementor-element elementor-element-7dc531f elementor-section-boxed elementor-section-height-default elementor-section-height-default sc_fly_static\" data-id=\"7dc531f\" data-element_type=\"section\">\n\t\t\t\t\t\t<div class=\"elementor-container elementor-column-gap-default\">\n\t\t\t\t\t<div class=\"elementor-column elementor-col-100 elementor-top-column elementor-element elementor-element-b5a9fff sc_inner_width_none sc_content_align_inherit sc_layouts_column_icons_position_left sc_fly_static\" data-id=\"b5a9fff\" data-element_type=\"column\">\n\t\t\t<div class=\"elementor-widget-wrap elementor-element-populated\">\n\t\t\t\t\t\t<div class=\"elementor-element elementor-element-429a2d5 elementor-widget__width-initial sc_fly_static elementor-widget elementor-widget-heading\" data-id=\"429a2d5\" data-element_type=\"widget\" data-widget_type=\"heading.default\">\n\t\t\t\t<div class=\"elementor-widget-container\">\n\t\t\t<h2 class=\"elementor-heading-title elementor-size-default\">Forkliftlerinizin \u00d6mr\u00fcn\u00fc Uzat\u0131n<br> \u00d6zel Bak\u0131m Paketlerimizle G\u00fcvende Kal\u0131n!<\/h2>\t\t<\/div>\n\t\t\t\t<\/div>\n\t\t\t\t<div class=\"elementor-element elementor-element-a3a4d17 elementor-widget__width-initial sc_fly_static elementor-widget elementor-widget-text-editor\" data-id=\"a3a4d17\" data-element_type=\"widget\" data-widget_type=\"text-editor.default\">\n\t\t\t\t<div class=\"elementor-widget-container\">\n\t\t\t\t\t\t\t<p><span style=\"font-weight: 400;\">Forkliftlerinizin performans\u0131n\u0131 maksimumda tutmak i\u00e7in \u00f6zel bak\u0131m paketlerimizden yararlan\u0131n. D\u00fczenli bak\u0131m, ar\u0131za riskini azalt\u0131r ve operasyonlar\u0131n\u0131z\u0131n kesintisiz devam etmesini sa\u011flar.<\/span><\/p>\t\t\t\t\t\t<\/div>\n\t\t\t\t<\/div>\n\t\t\t\t\t<\/div>\n\t\t<\/div>\n\t\t\t\t\t<\/div>\n\t\t<\/section>\n\t\t\t\t<section class=\"elementor-section elementor-top-section elementor-element elementor-element-d3670a1 elementor-section-boxed elementor-section-height-default elementor-section-height-default sc_fly_static\" data-id=\"d3670a1\" data-element_type=\"section\">\n\t\t\t\t\t\t<div class=\"elementor-container elementor-column-gap-extended\">\n\t\t\t\t\t<div class=\"elementor-column elementor-col-100 elementor-top-column elementor-element elementor-element-55d7010 sc_inner_width_none sc_content_align_inherit sc_layouts_column_icons_position_left sc_fly_static\" data-id=\"55d7010\" data-element_type=\"column\">\n\t\t\t<div class=\"elementor-widget-wrap elementor-element-populated\">\n\t\t\t\t\t\t<div class=\"elementor-element elementor-element-1b94c36 elementor-grid-3 elementor-grid-tablet-3 elementor-grid-mobile-2 elementor-products-grid elementor-wc-products sc_fly_static elementor-widget elementor-widget-woocommerce-products\" data-id=\"1b94c36\" data-element_type=\"widget\" data-widget_type=\"woocommerce-products.default\">\n\t\t\t\t<div class=\"elementor-widget-container\">\n\t\t\t<div class=\"woocommerce columns-3 \"><ul class=\"products elementor-grid products_style_default columns-3\">\n<li class=\"product type-product post-25059 status-publish first instock product_cat-paketler has-post-thumbnail shipping-taxable purchasable product-type-simple product_style_default\">\n\t\t\t<div class=\"post_item post_layout_thumbs\"\n\t\t\t\t\t>\n\t\t\t<div class=\"post_featured hover_shop\">\n\t\t\t\t\t\t\t\t<a href=\"https:\/\/profaj.co\/hemenforklift\/product\/paket-3-urun\/\">\n\t\t\t\t<img fetchpriority=\"high\" decoding=\"async\" width=\"600\" height=\"600\" src=\"https:\/\/profaj.co\/hemenforklift\/wp-content\/uploads\/2024\/08\/woller-oto-bakim-seti-4lu-paket-lastik-parlatici-jant-temizleyici-motor-temizleyici-doseme-temizleyici-600x600.webp\" class=\"attachment-woocommerce_single size-woocommerce_single\" alt=\"\" srcset=\"https:\/\/profaj.co\/hemenforklift\/wp-content\/uploads\/2024\/08\/woller-oto-bakim-seti-4lu-paket-lastik-parlatici-jant-temizleyici-motor-temizleyici-doseme-temizleyici-600x600.webp 600w, https:\/\/profaj.co\/hemenforklift\/wp-content\/uploads\/2024\/08\/woller-oto-bakim-seti-4lu-paket-lastik-parlatici-jant-temizleyici-motor-temizleyici-doseme-temizleyici-300x300.webp 300w, https:\/\/profaj.co\/hemenforklift\/wp-content\/uploads\/2024\/08\/woller-oto-bakim-seti-4lu-paket-lastik-parlatici-jant-temizleyici-motor-temizleyici-doseme-temizleyici-1024x1024.webp 1024w, https:\/\/profaj.co\/hemenforklift\/wp-content\/uploads\/2024\/08\/woller-oto-bakim-seti-4lu-paket-lastik-parlatici-jant-temizleyici-motor-temizleyici-doseme-temizleyici-150x150.webp 150w, https:\/\/profaj.co\/hemenforklift\/wp-content\/uploads\/2024\/08\/woller-oto-bakim-seti-4lu-paket-lastik-parlatici-jant-temizleyici-motor-temizleyici-doseme-temizleyici-768x768.webp 768w, https:\/\/profaj.co\/hemenforklift\/wp-content\/uploads\/2024\/08\/woller-oto-bakim-seti-4lu-paket-lastik-parlatici-jant-temizleyici-motor-temizleyici-doseme-temizleyici-370x370.webp 370w, https:\/\/profaj.co\/hemenforklift\/wp-content\/uploads\/2024\/08\/woller-oto-bakim-seti-4lu-paket-lastik-parlatici-jant-temizleyici-motor-temizleyici-doseme-temizleyici-120x120.webp 120w, https:\/\/profaj.co\/hemenforklift\/wp-content\/uploads\/2024\/08\/woller-oto-bakim-seti-4lu-paket-lastik-parlatici-jant-temizleyici-motor-temizleyici-doseme-temizleyici-840x840.webp 840w, https:\/\/profaj.co\/hemenforklift\/wp-content\/uploads\/2024\/08\/woller-oto-bakim-seti-4lu-paket-lastik-parlatici-jant-temizleyici-motor-temizleyici-doseme-temizleyici-410x410.webp 410w, https:\/\/profaj.co\/hemenforklift\/wp-content\/uploads\/2024\/08\/woller-oto-bakim-seti-4lu-paket-lastik-parlatici-jant-temizleyici-motor-temizleyici-doseme-temizleyici.webp 1500w\" sizes=\"(max-width: 600px) 100vw, 600px\" \/>\t\t\t\t<\/a>\n\t\t\t\t\t\t\t\t\t<div class=\"mask\"><\/div>\n\t\t\t\t\t\t\t\t\t<div class=\"icons\">\r\n\t\t\t\t\t<div class=\"tinv-wraper woocommerce tinv-wishlist tinvwl-shortcode-add-to-cart tinvwl-loop-button-wrapper tinvwl-woocommerce_before_shop_loop_item_title\"\n\t data-tinvwl_product_id=\"25059\">\n\t<div class=\"tinv-wishlist-clear\"><\/div><a role=\"button\" tabindex=\"0\" name=\"add-to-wishlist\" aria-label=\"Add to Wishlist\" class=\"tinvwl_add_to_wishlist_button tinvwl-icon-heart  tinvwl-position-after tinvwl-loop\" data-tinv-wl-list=\"[]\" data-tinv-wl-product=\"25059\" data-tinv-wl-productvariation=\"0\" data-tinv-wl-productvariations=\"[]\" data-tinv-wl-producttype=\"simple\" data-tinv-wl-action=\"add\"><span class=\"tinvwl_add_to_wishlist-text\">Add to Wishlist<\/span><\/a><div class=\"tinv-wishlist-clear\"><\/div>\t\t<div\n\t\tclass=\"tinvwl-tooltip\">Add to Wishlist<\/div>\n<\/div>\n<a rel=\"nofollow\" href=\"?add-to-cart=25059\" \r\n\t\t\t\t\t\t\t\t\t\t\t\t\t\t\taria-hidden=\"true\" \r\n\t\t\t\t\t\t\t\t\t\t\t\t\t\t\tdata-quantity=\"1\" \r\n\t\t\t\t\t\t\t\t\t\t\t\t\t\t\tdata-product_id=\"25059\"\r\n\t\t\t\t\t\t\t\t\t\t\t\t\t\t\tdata-product_sku=\"\"\r\n\t\t\t\t\t\t\t\t\t\t\t\t\t\t\tclass=\"shop_cart icon-shopping-cart button add_to_cart_button product_type_simple product_in_stock ajax_add_to_cart\"><span class=\"icon-anim\"><\/span><\/a>\t\t\t\t\t<a href=\"https:\/\/profaj.co\/hemenforklift\/product\/paket-3-urun\/\" aria-hidden=\"true\" class=\"shop_link\">\r\n\t\t\t\t\t\t<span class=\"icon-anim\"><\/span>\r\n\t\t\t\t\t<\/a>\r\n\t\t\t\t<\/div>\r\n\t\t\t\t\t\t\t<\/div>\n\t\t\t<div class=\"post_data\">\n\t\t\t\t<div class=\"post_data_inner\">\n\t\t\t\t\t<div class=\"post_header entry-header\">\n\t\t\t\t\t<h2 class=\"woocommerce-loop-product__title\"><a href=\"https:\/\/profaj.co\/hemenforklift\/product\/paket-3-urun\/\">Paket 3 \u00dcr\u00fcn<\/a><\/h2>\t\t\t<\/div>\n\t\t\n\t<span class=\"price\"><span class=\"woocommerce-Price-amount amount\"><bdi><span class=\"woocommerce-Price-currencySymbol\">&#36;<\/span>49.99<\/bdi><\/span><\/span>\n<a href=\"?add-to-cart=25059\" aria-describedby=\"woocommerce_loop_add_to_cart_link_describedby_25059\" data-quantity=\"1\" class=\"button product_type_simple add_to_cart_button ajax_add_to_cart\" data-product_id=\"25059\" data-product_sku=\"\" aria-label=\"Add to cart: &ldquo;Paket 3 \u00dcr\u00fcn&rdquo;\" rel=\"nofollow\">Buy now<\/a><span id=\"woocommerce_loop_add_to_cart_link_describedby_25059\" class=\"screen-reader-text\">\n\t<\/span>\n\t\t\t\t<\/div>\n\t\t\t<\/div>\n\t\t<\/div>\n\t\t<\/li>\n<li class=\"product type-product post-25058 status-publish instock product_cat-paketler has-post-thumbnail shipping-taxable purchasable product-type-simple product_style_default\">\n\t\t\t<div class=\"post_item post_layout_thumbs\"\n\t\t\t\t\t>\n\t\t\t<div class=\"post_featured hover_shop\">\n\t\t\t\t\t\t\t\t<a href=\"https:\/\/profaj.co\/hemenforklift\/product\/paket-2-urun\/\">\n\t\t\t\t<img fetchpriority=\"high\" decoding=\"async\" width=\"600\" height=\"600\" src=\"https:\/\/profaj.co\/hemenforklift\/wp-content\/uploads\/2024\/08\/woller-oto-bakim-seti-4lu-paket-lastik-parlatici-jant-temizleyici-motor-temizleyici-doseme-temizleyici-600x600.webp\" class=\"attachment-woocommerce_single size-woocommerce_single\" alt=\"\" srcset=\"https:\/\/profaj.co\/hemenforklift\/wp-content\/uploads\/2024\/08\/woller-oto-bakim-seti-4lu-paket-lastik-parlatici-jant-temizleyici-motor-temizleyici-doseme-temizleyici-600x600.webp 600w, https:\/\/profaj.co\/hemenforklift\/wp-content\/uploads\/2024\/08\/woller-oto-bakim-seti-4lu-paket-lastik-parlatici-jant-temizleyici-motor-temizleyici-doseme-temizleyici-300x300.webp 300w, https:\/\/profaj.co\/hemenforklift\/wp-content\/uploads\/2024\/08\/woller-oto-bakim-seti-4lu-paket-lastik-parlatici-jant-temizleyici-motor-temizleyici-doseme-temizleyici-1024x1024.webp 1024w, https:\/\/profaj.co\/hemenforklift\/wp-content\/uploads\/2024\/08\/woller-oto-bakim-seti-4lu-paket-lastik-parlatici-jant-temizleyici-motor-temizleyici-doseme-temizleyici-150x150.webp 150w, https:\/\/profaj.co\/hemenforklift\/wp-content\/uploads\/2024\/08\/woller-oto-bakim-seti-4lu-paket-lastik-parlatici-jant-temizleyici-motor-temizleyici-doseme-temizleyici-768x768.webp 768w, https:\/\/profaj.co\/hemenforklift\/wp-content\/uploads\/2024\/08\/woller-oto-bakim-seti-4lu-paket-lastik-parlatici-jant-temizleyici-motor-temizleyici-doseme-temizleyici-370x370.webp 370w, https:\/\/profaj.co\/hemenforklift\/wp-content\/uploads\/2024\/08\/woller-oto-bakim-seti-4lu-paket-lastik-parlatici-jant-temizleyici-motor-temizleyici-doseme-temizleyici-120x120.webp 120w, https:\/\/profaj.co\/hemenforklift\/wp-content\/uploads\/2024\/08\/woller-oto-bakim-seti-4lu-paket-lastik-parlatici-jant-temizleyici-motor-temizleyici-doseme-temizleyici-840x840.webp 840w, https:\/\/profaj.co\/hemenforklift\/wp-content\/uploads\/2024\/08\/woller-oto-bakim-seti-4lu-paket-lastik-parlatici-jant-temizleyici-motor-temizleyici-doseme-temizleyici-410x410.webp 410w, https:\/\/profaj.co\/hemenforklift\/wp-content\/uploads\/2024\/08\/woller-oto-bakim-seti-4lu-paket-lastik-parlatici-jant-temizleyici-motor-temizleyici-doseme-temizleyici.webp 1500w\" sizes=\"(max-width: 600px) 100vw, 600px\" \/>\t\t\t\t<\/a>\n\t\t\t\t\t\t\t\t\t<div class=\"mask\"><\/div>\n\t\t\t\t\t\t\t\t\t<div class=\"icons\">\r\n\t\t\t\t\t<div class=\"tinv-wraper woocommerce tinv-wishlist tinvwl-shortcode-add-to-cart tinvwl-loop-button-wrapper tinvwl-woocommerce_before_shop_loop_item_title\"\n\t data-tinvwl_product_id=\"25058\">\n\t<div class=\"tinv-wishlist-clear\"><\/div><a role=\"button\" tabindex=\"0\" name=\"add-to-wishlist\" aria-label=\"Add to Wishlist\" class=\"tinvwl_add_to_wishlist_button tinvwl-icon-heart  tinvwl-position-after tinvwl-loop\" data-tinv-wl-list=\"[]\" data-tinv-wl-product=\"25058\" data-tinv-wl-productvariation=\"0\" data-tinv-wl-productvariations=\"[]\" data-tinv-wl-producttype=\"simple\" data-tinv-wl-action=\"add\"><span class=\"tinvwl_add_to_wishlist-text\">Add to Wishlist<\/span><\/a><div class=\"tinv-wishlist-clear\"><\/div>\t\t<div\n\t\tclass=\"tinvwl-tooltip\">Add to Wishlist<\/div>\n<\/div>\n<a rel=\"nofollow\" href=\"?add-to-cart=25058\" \r\n\t\t\t\t\t\t\t\t\t\t\t\t\t\t\taria-hidden=\"true\" \r\n\t\t\t\t\t\t\t\t\t\t\t\t\t\t\tdata-quantity=\"1\" \r\n\t\t\t\t\t\t\t\t\t\t\t\t\t\t\tdata-product_id=\"25058\"\r\n\t\t\t\t\t\t\t\t\t\t\t\t\t\t\tdata-product_sku=\"\"\r\n\t\t\t\t\t\t\t\t\t\t\t\t\t\t\tclass=\"shop_cart icon-shopping-cart button add_to_cart_button product_type_simple product_in_stock ajax_add_to_cart\"><span class=\"icon-anim\"><\/span><\/a>\t\t\t\t\t<a href=\"https:\/\/profaj.co\/hemenforklift\/product\/paket-2-urun\/\" aria-hidden=\"true\" class=\"shop_link\">\r\n\t\t\t\t\t\t<span class=\"icon-anim\"><\/span>\r\n\t\t\t\t\t<\/a>\r\n\t\t\t\t<\/div>\r\n\t\t\t\t\t\t\t<\/div>\n\t\t\t<div class=\"post_data\">\n\t\t\t\t<div class=\"post_data_inner\">\n\t\t\t\t\t<div class=\"post_header entry-header\">\n\t\t\t\t\t<h2 class=\"woocommerce-loop-product__title\"><a href=\"https:\/\/profaj.co\/hemenforklift\/product\/paket-2-urun\/\">Paket 2 \u00dcr\u00fcn<\/a><\/h2>\t\t\t<\/div>\n\t\t\n\t<span class=\"price\"><span class=\"woocommerce-Price-amount amount\"><bdi><span class=\"woocommerce-Price-currencySymbol\">&#36;<\/span>49.99<\/bdi><\/span><\/span>\n<a href=\"?add-to-cart=25058\" aria-describedby=\"woocommerce_loop_add_to_cart_link_describedby_25058\" data-quantity=\"1\" class=\"button product_type_simple add_to_cart_button ajax_add_to_cart\" data-product_id=\"25058\" data-product_sku=\"\" aria-label=\"Add to cart: &ldquo;Paket 2 \u00dcr\u00fcn&rdquo;\" rel=\"nofollow\">Buy now<\/a><span id=\"woocommerce_loop_add_to_cart_link_describedby_25058\" class=\"screen-reader-text\">\n\t<\/span>\n\t\t\t\t<\/div>\n\t\t\t<\/div>\n\t\t<\/div>\n\t\t<\/li>\n<li class=\"product type-product post-24786 status-publish last instock product_cat-paketler has-post-thumbnail shipping-taxable purchasable product-type-simple product_style_default\">\n\t\t\t<div class=\"post_item post_layout_thumbs\"\n\t\t\t\t\t>\n\t\t\t<div class=\"post_featured hover_shop\">\n\t\t\t\t\t\t\t\t<a href=\"https:\/\/profaj.co\/hemenforklift\/product\/paket-1-urun\/\">\n\t\t\t\t<img fetchpriority=\"high\" decoding=\"async\" width=\"600\" height=\"600\" src=\"https:\/\/profaj.co\/hemenforklift\/wp-content\/uploads\/2024\/08\/woller-oto-bakim-seti-4lu-paket-lastik-parlatici-jant-temizleyici-motor-temizleyici-doseme-temizleyici-600x600.webp\" class=\"attachment-woocommerce_single size-woocommerce_single\" alt=\"\" srcset=\"https:\/\/profaj.co\/hemenforklift\/wp-content\/uploads\/2024\/08\/woller-oto-bakim-seti-4lu-paket-lastik-parlatici-jant-temizleyici-motor-temizleyici-doseme-temizleyici-600x600.webp 600w, https:\/\/profaj.co\/hemenforklift\/wp-content\/uploads\/2024\/08\/woller-oto-bakim-seti-4lu-paket-lastik-parlatici-jant-temizleyici-motor-temizleyici-doseme-temizleyici-300x300.webp 300w, https:\/\/profaj.co\/hemenforklift\/wp-content\/uploads\/2024\/08\/woller-oto-bakim-seti-4lu-paket-lastik-parlatici-jant-temizleyici-motor-temizleyici-doseme-temizleyici-1024x1024.webp 1024w, https:\/\/profaj.co\/hemenforklift\/wp-content\/uploads\/2024\/08\/woller-oto-bakim-seti-4lu-paket-lastik-parlatici-jant-temizleyici-motor-temizleyici-doseme-temizleyici-150x150.webp 150w, https:\/\/profaj.co\/hemenforklift\/wp-content\/uploads\/2024\/08\/woller-oto-bakim-seti-4lu-paket-lastik-parlatici-jant-temizleyici-motor-temizleyici-doseme-temizleyici-768x768.webp 768w, https:\/\/profaj.co\/hemenforklift\/wp-content\/uploads\/2024\/08\/woller-oto-bakim-seti-4lu-paket-lastik-parlatici-jant-temizleyici-motor-temizleyici-doseme-temizleyici-370x370.webp 370w, https:\/\/profaj.co\/hemenforklift\/wp-content\/uploads\/2024\/08\/woller-oto-bakim-seti-4lu-paket-lastik-parlatici-jant-temizleyici-motor-temizleyici-doseme-temizleyici-120x120.webp 120w, https:\/\/profaj.co\/hemenforklift\/wp-content\/uploads\/2024\/08\/woller-oto-bakim-seti-4lu-paket-lastik-parlatici-jant-temizleyici-motor-temizleyici-doseme-temizleyici-840x840.webp 840w, https:\/\/profaj.co\/hemenforklift\/wp-content\/uploads\/2024\/08\/woller-oto-bakim-seti-4lu-paket-lastik-parlatici-jant-temizleyici-motor-temizleyici-doseme-temizleyici-410x410.webp 410w, https:\/\/profaj.co\/hemenforklift\/wp-content\/uploads\/2024\/08\/woller-oto-bakim-seti-4lu-paket-lastik-parlatici-jant-temizleyici-motor-temizleyici-doseme-temizleyici.webp 1500w\" sizes=\"(max-width: 600px) 100vw, 600px\" \/>\t\t\t\t<\/a>\n\t\t\t\t\t\t\t\t\t<div class=\"mask\"><\/div>\n\t\t\t\t\t\t\t\t\t<div class=\"icons\">\r\n\t\t\t\t\t<div class=\"tinv-wraper woocommerce tinv-wishlist tinvwl-shortcode-add-to-cart tinvwl-loop-button-wrapper tinvwl-woocommerce_before_shop_loop_item_title\"\n\t data-tinvwl_product_id=\"24786\">\n\t<div class=\"tinv-wishlist-clear\"><\/div><a role=\"button\" tabindex=\"0\" name=\"add-to-wishlist\" aria-label=\"Add to Wishlist\" class=\"tinvwl_add_to_wishlist_button tinvwl-icon-heart  tinvwl-position-after tinvwl-loop\" data-tinv-wl-list=\"[]\" data-tinv-wl-product=\"24786\" data-tinv-wl-productvariation=\"0\" data-tinv-wl-productvariations=\"[]\" data-tinv-wl-producttype=\"simple\" data-tinv-wl-action=\"add\"><span class=\"tinvwl_add_to_wishlist-text\">Add to Wishlist<\/span><\/a><div class=\"tinv-wishlist-clear\"><\/div>\t\t<div\n\t\tclass=\"tinvwl-tooltip\">Add to Wishlist<\/div>\n<\/div>\n<a rel=\"nofollow\" href=\"?add-to-cart=24786\" \r\n\t\t\t\t\t\t\t\t\t\t\t\t\t\t\taria-hidden=\"true\" \r\n\t\t\t\t\t\t\t\t\t\t\t\t\t\t\tdata-quantity=\"1\" \r\n\t\t\t\t\t\t\t\t\t\t\t\t\t\t\tdata-product_id=\"24786\"\r\n\t\t\t\t\t\t\t\t\t\t\t\t\t\t\tdata-product_sku=\"\"\r\n\t\t\t\t\t\t\t\t\t\t\t\t\t\t\tclass=\"shop_cart icon-shopping-cart button add_to_cart_button product_type_simple product_in_stock ajax_add_to_cart\"><span class=\"icon-anim\"><\/span><\/a>\t\t\t\t\t<a href=\"https:\/\/profaj.co\/hemenforklift\/product\/paket-1-urun\/\" aria-hidden=\"true\" class=\"shop_link\">\r\n\t\t\t\t\t\t<span class=\"icon-anim\"><\/span>\r\n\t\t\t\t\t<\/a>\r\n\t\t\t\t<\/div>\r\n\t\t\t\t\t\t\t<\/div>\n\t\t\t<div class=\"post_data\">\n\t\t\t\t<div class=\"post_data_inner\">\n\t\t\t\t\t<div class=\"post_header entry-header\">\n\t\t\t\t\t<h2 class=\"woocommerce-loop-product__title\"><a href=\"https:\/\/profaj.co\/hemenforklift\/product\/paket-1-urun\/\">Paket 1 \u00dcr\u00fcn<\/a><\/h2>\t\t\t<\/div>\n\t\t\n\t<span class=\"price\"><span class=\"woocommerce-Price-amount amount\"><bdi><span class=\"woocommerce-Price-currencySymbol\">&#36;<\/span>49.99<\/bdi><\/span><\/span>\n<a href=\"?add-to-cart=24786\" aria-describedby=\"woocommerce_loop_add_to_cart_link_describedby_24786\" data-quantity=\"1\" class=\"button product_type_simple add_to_cart_button ajax_add_to_cart\" data-product_id=\"24786\" data-product_sku=\"\" aria-label=\"Add to cart: &ldquo;Paket 1 \u00dcr\u00fcn&rdquo;\" rel=\"nofollow\">Buy now<\/a><span id=\"woocommerce_loop_add_to_cart_link_describedby_24786\" class=\"screen-reader-text\">\n\t<\/span>\n\t\t\t\t<\/div>\n\t\t\t<\/div>\n\t\t<\/div>\n\t\t<\/li>\n<\/ul>\n<\/div>\t\t<\/div>\n\t\t\t\t<\/div>\n\t\t\t\t\t<\/div>\n\t\t<\/div>\n\t\t\t\t\t<\/div>\n\t\t<\/section>\n\t\t\t\t<\/div>\n\t\t","protected":false},"excerpt":{"rendered":"<p>Forkliftlerinizin \u00d6mr\u00fcn\u00fc Uzat\u0131n \u00d6zel Bak\u0131m Paketlerimizle G\u00fcvende Kal\u0131n! Forkliftlerinizin performans\u0131n\u0131 maksimumda tutmak i\u00e7in \u00f6zel bak\u0131m paketlerimizden yararlan\u0131n. D\u00fczenli bak\u0131m, ar\u0131za riskini azalt\u0131r ve operasyonlar\u0131n\u0131z\u0131n kesintisiz devam etmesini sa\u011flar.<\/p>\n","protected":false},"author":1,"featured_media":0,"parent":0,"menu_order":0,"comment_status":"closed","ping_status":"closed","template":"","meta":{"_acf_changed":false,"footnotes":""},"class_list":["post-24994","page","type-page","status-publish","hentry"],"acf":[],"_links":{"self":[{"href":"https:\/\/profaj.co\/hemenforklift\/wp-json\/wp\/v2\/pages\/24994","targetHints":{"allow":["GET"]}}],"collection":[{"href":"https:\/\/profaj.co\/hemenforklift\/wp-json\/wp\/v2\/pages"}],"about":[{"href":"https:\/\/profaj.co\/hemenforklift\/wp-json\/wp\/v2\/types\/page"}],"author":[{"embeddable":true,"href":"https:\/\/profaj.co\/hemenforklift\/wp-json\/wp\/v2\/users\/1"}],"replies":[{"embeddable":true,"href":"https:\/\/profaj.co\/hemenforklift\/wp-json\/wp\/v2\/comments?post=24994"}],"version-history":[{"count":13,"href":"https:\/\/profaj.co\/hemenforklift\/wp-json\/wp\/v2\/pages\/24994\/revisions"}],"predecessor-version":[{"id":25062,"href":"https:\/\/profaj.co\/hemenforklift\/wp-json\/wp\/v2\/pages\/24994\/revisions\/25062"}],"wp:attachment":[{"href":"https:\/\/profaj.co\/hemenforklift\/wp-json\/wp\/v2\/media?parent=24994"}],"curies":[{"name":"wp","href":"https:\/\/api.w.org\/{rel}","templated":true}]}}