{"id":3064,"date":"2020-05-20T12:28:36","date_gmt":"2020-05-20T12:28:36","guid":{"rendered":"https:\/\/profaj.co\/hemenforklift\/?page_id=3064"},"modified":"2023-02-09T11:44:47","modified_gmt":"2023-02-09T11:44:47","slug":"portfolio-grid","status":"publish","type":"page","link":"https:\/\/profaj.co\/hemenforklift\/portfolio-grid\/","title":{"rendered":"<i>Portfolio &#8211; Grid<\/i>"},"content":{"rendered":"\t\t<div data-elementor-type=\"wp-page\" data-elementor-id=\"3064\" class=\"elementor elementor-3064\" data-elementor-post-type=\"page\">\n\t\t\t\t\t\t<section class=\"elementor-section elementor-top-section elementor-element elementor-element-295645e elementor-section-boxed elementor-section-height-default elementor-section-height-default sc_fly_static\" data-id=\"295645e\" data-element_type=\"section\">\n\t\t\t\t\t\t<div class=\"elementor-container elementor-column-gap-extended\">\n\t\t\t\t\t<div class=\"elementor-column elementor-col-100 elementor-top-column elementor-element elementor-element-09fd53c sc_inner_width_none sc_content_align_inherit sc_layouts_column_icons_position_left sc_fly_static\" data-id=\"09fd53c\" data-element_type=\"column\">\n\t\t\t<div class=\"elementor-widget-wrap elementor-element-populated\">\n\t\t\t\t\t\t<div class=\"elementor-element elementor-element-f91d8bb sc_style_default sc_fly_static elementor-widget elementor-widget-trx_sc_blogger\" data-id=\"f91d8bb\" data-element_type=\"widget\" data-widget_type=\"trx_sc_blogger.default\">\n\t\t\t\t<div class=\"elementor-widget-container\">\n\t\t\t<div \t\tclass=\"sc_blogger sc_blogger_lay_portfolio_grid sc_blogger_lay_portfolio_grid_grid_style_9 sc_item_filters_tabs_none alignnone\" ><div class=\"sc_blogger_content sc_item_content sc_item_posts_container\" ><div class=\"sc_blogger_grid_wrap sc_blogger_grid_5 sc_blogger_grid_columns_3\" ><div data-post-id=\"24275\" data-item-number=\"1\" class=\"sc_blogger_item sc_item_container post_container sc_blogger_item_lay_portfolio sc_blogger_item_lay_portfolio_style_7 sc_blogger_item_odd sc_blogger_item_align_none post_format_standard sc_blogger_item_with_image sc_blogger_item_no_excerpt sc_blogger_item_image_position_top post-24275 cpt_portfolio type-cpt_portfolio status-publish has-post-thumbnail hentry cpt_portfolio_group-dizel-forkliftler\" ><div class=\"sc_blogger_item_body\"><div class=\"post_featured with_thumb hover_ sc_item_featured sc_blogger_item_featured post_featured_bg\" data-ratio=\"16:9\"><span class=\"post_thumb post_thumb_bg bg_in soleil_inline_1509801771\"><\/span><div class=\"post_info_bl\"><h5 class=\"sc_blogger_item_title entry-title\" data-item-number=\"1\"><a href=\"https:\/\/profaj.co\/hemenforklift\/portfolio\/dizel-forkliftler\/\" rel=\"bookmark\">Dizel Forkliftler<\/a><\/h5><div class=\"post_meta sc_blogger_item_meta post_meta_categories\"><span class=\"post_meta_item post_categories cat_sep\"><a href=\"https:\/\/profaj.co\/hemenforklift\/portfolio_group\/dizel-forkliftler\/\" title=\"View all posts in Dizel Forkliftler\">Dizel Forkliftler<\/a><\/span><\/div><\/div><a class=\"post_link sc_blogger_item_link\" href=\"https:\/\/profaj.co\/hemenforklift\/portfolio\/dizel-forkliftler\/\"><\/a>\t\t\t\t<a href=\"https:\/\/profaj.co\/hemenforklift\/portfolio\/dizel-forkliftler\/\"  aria-hidden=\"true\" class=\"icons\"><\/a>\r\n\t\t\t\t<\/div><\/div><!-- .sc_blogger_item_body --><\/div><!-- .sc_blogger_item --><div data-post-id=\"24273\" data-item-number=\"2\" class=\"sc_blogger_item sc_item_container post_container sc_blogger_item_lay_portfolio sc_blogger_item_lay_portfolio_style_7 sc_blogger_item_even sc_blogger_item_align_none post_format_standard sc_blogger_item_with_image sc_blogger_item_no_excerpt sc_blogger_item_image_position_top post-24273 cpt_portfolio type-cpt_portfolio status-publish has-post-thumbnail hentry cpt_portfolio_group-akulu-istif-makinalari\" ><div class=\"sc_blogger_item_body\"><div class=\"post_featured with_thumb hover_ sc_item_featured sc_blogger_item_featured post_featured_bg\" data-ratio=\"16:9\"><span class=\"post_thumb post_thumb_bg bg_in soleil_inline_105649569\"><\/span><div class=\"post_info_bl\"><h5 class=\"sc_blogger_item_title entry-title\" data-item-number=\"2\"><a href=\"https:\/\/profaj.co\/hemenforklift\/portfolio\/akulu-istif-makinalari\/\" rel=\"bookmark\">Ak\u00fcl\u00fc \u0130stif Makinalar\u0131<\/a><\/h5><div class=\"post_meta sc_blogger_item_meta post_meta_categories\"><span class=\"post_meta_item post_categories cat_sep\"><a href=\"https:\/\/profaj.co\/hemenforklift\/portfolio_group\/akulu-istif-makinalari\/\" title=\"View all posts in Ak\u00fcl\u00fc \u0130stif Makinalar\u0131\">Ak\u00fcl\u00fc \u0130stif Makinalar\u0131<\/a><\/span><\/div><\/div><a class=\"post_link sc_blogger_item_link\" href=\"https:\/\/profaj.co\/hemenforklift\/portfolio\/akulu-istif-makinalari\/\"><\/a>\t\t\t\t<a href=\"https:\/\/profaj.co\/hemenforklift\/portfolio\/akulu-istif-makinalari\/\"  aria-hidden=\"true\" class=\"icons\"><\/a>\r\n\t\t\t\t<\/div><\/div><!-- .sc_blogger_item_body --><\/div><!-- .sc_blogger_item --><div data-post-id=\"24274\" data-item-number=\"3\" class=\"sc_blogger_item sc_item_container post_container sc_blogger_item_lay_portfolio sc_blogger_item_lay_portfolio_style_7 sc_blogger_item_odd sc_blogger_item_align_none post_format_standard sc_blogger_item_with_image sc_blogger_item_no_excerpt sc_blogger_item_image_position_top post-24274 cpt_portfolio type-cpt_portfolio status-publish has-post-thumbnail hentry cpt_portfolio_group-denge-agirlikli-istif-makinalari\" ><div class=\"sc_blogger_item_body\"><div class=\"post_featured with_thumb hover_ sc_item_featured sc_blogger_item_featured post_featured_bg\" data-ratio=\"16:9\"><span class=\"post_thumb post_thumb_bg bg_in soleil_inline_106107323\"><\/span><div class=\"post_info_bl\"><h5 class=\"sc_blogger_item_title entry-title\" data-item-number=\"3\"><a href=\"https:\/\/profaj.co\/hemenforklift\/portfolio\/denge-agirlikli-istif-makinalari\/\" rel=\"bookmark\">Denge A\u011f\u0131rl\u0131kl\u0131 \u0130stif Makinalar\u0131<\/a><\/h5><div class=\"post_meta sc_blogger_item_meta post_meta_categories\"><span class=\"post_meta_item post_categories cat_sep\"><a href=\"https:\/\/profaj.co\/hemenforklift\/portfolio_group\/denge-agirlikli-istif-makinalari\/\" title=\"View all posts in Denge A\u011f\u0131rl\u0131kl\u0131 \u0130stif Makinalar\u0131\">Denge A\u011f\u0131rl\u0131kl\u0131 \u0130stif Makinalar\u0131<\/a><\/span><\/div><\/div><a class=\"post_link sc_blogger_item_link\" href=\"https:\/\/profaj.co\/hemenforklift\/portfolio\/denge-agirlikli-istif-makinalari\/\"><\/a>\t\t\t\t<a href=\"https:\/\/profaj.co\/hemenforklift\/portfolio\/denge-agirlikli-istif-makinalari\/\"  aria-hidden=\"true\" class=\"icons\"><\/a>\r\n\t\t\t\t<\/div><\/div><!-- .sc_blogger_item_body --><\/div><!-- .sc_blogger_item --><div data-post-id=\"18976\" data-item-number=\"4\" class=\"sc_blogger_item sc_item_container post_container sc_blogger_item_lay_portfolio sc_blogger_item_lay_portfolio_style_7 sc_blogger_item_even sc_blogger_item_align_none post_format_standard sc_blogger_item_with_image sc_blogger_item_no_excerpt sc_blogger_item_image_position_top post-18976 cpt_portfolio type-cpt_portfolio status-publish has-post-thumbnail hentry cpt_portfolio_group-akulu-transpaletler\" ><div class=\"sc_blogger_item_body\"><div class=\"post_featured with_thumb hover_ sc_item_featured sc_blogger_item_featured post_featured_bg\" data-ratio=\"16:9\"><span class=\"post_thumb post_thumb_bg bg_in soleil_inline_592268876\"><\/span><div class=\"post_info_bl\"><h5 class=\"sc_blogger_item_title entry-title\" data-item-number=\"4\"><a href=\"https:\/\/profaj.co\/hemenforklift\/portfolio\/akulu-transpaletler\/\" rel=\"bookmark\">Ak\u00fcl\u00fc Transpaletler<\/a><\/h5><div class=\"post_meta sc_blogger_item_meta post_meta_categories\"><span class=\"post_meta_item post_categories cat_sep\"><a href=\"https:\/\/profaj.co\/hemenforklift\/portfolio_group\/akulu-transpaletler\/\" title=\"View all posts in Ak\u00fcl\u00fc Transpaletler\">Ak\u00fcl\u00fc Transpaletler<\/a><\/span><\/div><\/div><a class=\"post_link sc_blogger_item_link\" href=\"https:\/\/profaj.co\/hemenforklift\/portfolio\/akulu-transpaletler\/\"><\/a>\t\t\t\t<a href=\"https:\/\/profaj.co\/hemenforklift\/portfolio\/akulu-transpaletler\/\"  aria-hidden=\"true\" class=\"icons\"><\/a>\r\n\t\t\t\t<\/div><\/div><!-- .sc_blogger_item_body --><\/div><!-- .sc_blogger_item --><div data-post-id=\"18977\" data-item-number=\"5\" class=\"sc_blogger_item sc_item_container post_container sc_blogger_item_lay_portfolio sc_blogger_item_lay_portfolio_style_7 sc_blogger_item_odd sc_blogger_item_align_none post_format_standard sc_blogger_item_with_image sc_blogger_item_no_excerpt sc_blogger_item_image_position_top post-18977 cpt_portfolio type-cpt_portfolio status-publish has-post-thumbnail hentry cpt_portfolio_group-terazili-transpaletler\" ><div class=\"sc_blogger_item_body\"><div class=\"post_featured with_thumb hover_ sc_item_featured sc_blogger_item_featured post_featured_bg\" data-ratio=\"16:9\"><span class=\"post_thumb post_thumb_bg bg_in soleil_inline_209767455\"><\/span><div class=\"post_info_bl\"><h5 class=\"sc_blogger_item_title entry-title\" data-item-number=\"5\"><a href=\"https:\/\/profaj.co\/hemenforklift\/portfolio\/terazili-transpaletler\/\" rel=\"bookmark\">Terazili Transpaletler<\/a><\/h5><div class=\"post_meta sc_blogger_item_meta post_meta_categories\"><span class=\"post_meta_item post_categories cat_sep\"><a href=\"https:\/\/profaj.co\/hemenforklift\/portfolio_group\/terazili-transpaletler\/\" title=\"View all posts in Terazili Transpaletler\">Terazili Transpaletler<\/a><\/span><\/div><\/div><a class=\"post_link sc_blogger_item_link\" href=\"https:\/\/profaj.co\/hemenforklift\/portfolio\/terazili-transpaletler\/\"><\/a>\t\t\t\t<a href=\"https:\/\/profaj.co\/hemenforklift\/portfolio\/terazili-transpaletler\/\"  aria-hidden=\"true\" class=\"icons\"><\/a>\r\n\t\t\t\t<\/div><\/div><!-- .sc_blogger_item_body --><\/div><!-- .sc_blogger_item --><\/div><\/div><\/div>\t\t<\/div>\n\t\t\t\t<\/div>\n\t\t\t\t\t<\/div>\n\t\t<\/div>\n\t\t\t\t\t<\/div>\n\t\t<\/section>\n\t\t\t\t<\/div>\n\t\t","protected":false},"excerpt":{"rendered":"<p>All 2022 2021 2020 2019 Blackstone Solar 2022 Mountain Solar 2022 Desert Solar Farm 2022 New York Solar 2022 Crystal Lake Wind Farm 2022 Sunrise Wind Farm 2022 Tuscola Bay&hellip;<\/p>\n","protected":false},"author":1,"featured_media":0,"parent":0,"menu_order":0,"comment_status":"closed","ping_status":"closed","template":"","meta":{"_acf_changed":false,"footnotes":""},"class_list":["post-3064","page","type-page","status-publish","hentry"],"acf":[],"_links":{"self":[{"href":"https:\/\/profaj.co\/hemenforklift\/wp-json\/wp\/v2\/pages\/3064","targetHints":{"allow":["GET"]}}],"collection":[{"href":"https:\/\/profaj.co\/hemenforklift\/wp-json\/wp\/v2\/pages"}],"about":[{"href":"https:\/\/profaj.co\/hemenforklift\/wp-json\/wp\/v2\/types\/page"}],"author":[{"embeddable":true,"href":"https:\/\/profaj.co\/hemenforklift\/wp-json\/wp\/v2\/users\/1"}],"replies":[{"embeddable":true,"href":"https:\/\/profaj.co\/hemenforklift\/wp-json\/wp\/v2\/comments?post=3064"}],"version-history":[{"count":0,"href":"https:\/\/profaj.co\/hemenforklift\/wp-json\/wp\/v2\/pages\/3064\/revisions"}],"wp:attachment":[{"href":"https:\/\/profaj.co\/hemenforklift\/wp-json\/wp\/v2\/media?parent=3064"}],"curies":[{"name":"wp","href":"https:\/\/api.w.org\/{rel}","templated":true}]}}