{"id":25059,"date":"2024-09-02T10:07:37","date_gmt":"2024-09-02T10:07:37","guid":{"rendered":"https:\/\/profaj.co\/hemenforklift\/?post_type=product&#038;p=25059"},"modified":"2024-09-02T10:16:00","modified_gmt":"2024-09-02T10:16:00","slug":"paket-3-urun","status":"publish","type":"product","link":"https:\/\/profaj.co\/hemenforklift\/product\/paket-3-urun\/","title":{"rendered":"Paket 3 \u00dcr\u00fcn"},"content":{"rendered":"<ul>\n<li>2000 Saat Bak\u0131mda De\u011fi\u015fenler<\/li>\n<li>Motor Ya\u011f\u0131<\/li>\n<li>\u015eanz\u0131man Ya\u011f\u0131<\/li>\n<li>Hidrolik Sistem Ya\u011f\u0131<\/li>\n<li>Diferansiyel Ya\u011f\u0131<\/li>\n<li>Hava Filtresi<\/li>\n<li>Ya\u011f Filtresi<\/li>\n<li>Yak\u0131t Filtresi<\/li>\n<li>\u015eanz\u0131man Filtresi<\/li>\n<li>Hidrolik Emi\u015f Filtresi<\/li>\n<li>Hidrolik D\u00f6n\u00fc\u015f Filtresi<\/li>\n<li>Temizleme Spreyi<\/li>\n<li>Ya\u011flama Spreyi<\/li>\n<li>Kuru Ya\u011flama<\/li>\n<li>Bak\u0131m \u0130\u015f\u00e7ili\u011fi<\/li>\n<\/ul>\n","protected":false},"excerpt":{"rendered":"<p>2000 Saat Bak\u0131mda De\u011fi\u015fenler Motor Ya\u011f\u0131 \u015eanz\u0131man Ya\u011f\u0131 Hidrolik Sistem Ya\u011f\u0131 Diferansiyel Ya\u011f\u0131 Hava Filtresi Ya\u011f Filtresi Yak\u0131t Filtresi \u015eanz\u0131man Filtresi Hidrolik Emi\u015f Filtresi Hidrolik D\u00f6n\u00fc\u015f Filtresi Temizleme Spreyi Ya\u011flama&hellip;<\/p>\n","protected":false},"featured_media":24785,"comment_status":"open","ping_status":"closed","template":"","meta":{"_acf_changed":false},"product_cat":[228],"product_tag":[],"class_list":{"0":"post-25059","1":"product","2":"type-product","3":"status-publish","4":"has-post-thumbnail","6":"product_cat-paketler","8":"first","9":"instock","10":"shipping-taxable","11":"purchasable","12":"product-type-simple"},"acf":[],"_links":{"self":[{"href":"https:\/\/profaj.co\/hemenforklift\/wp-json\/wp\/v2\/product\/25059","targetHints":{"allow":["GET"]}}],"collection":[{"href":"https:\/\/profaj.co\/hemenforklift\/wp-json\/wp\/v2\/product"}],"about":[{"href":"https:\/\/profaj.co\/hemenforklift\/wp-json\/wp\/v2\/types\/product"}],"replies":[{"embeddable":true,"href":"https:\/\/profaj.co\/hemenforklift\/wp-json\/wp\/v2\/comments?post=25059"}],"wp:featuredmedia":[{"embeddable":true,"href":"https:\/\/profaj.co\/hemenforklift\/wp-json\/wp\/v2\/media\/24785"}],"wp:attachment":[{"href":"https:\/\/profaj.co\/hemenforklift\/wp-json\/wp\/v2\/media?parent=25059"}],"wp:term":[{"taxonomy":"product_cat","embeddable":true,"href":"https:\/\/profaj.co\/hemenforklift\/wp-json\/wp\/v2\/product_cat?post=25059"},{"taxonomy":"product_tag","embeddable":true,"href":"https:\/\/profaj.co\/hemenforklift\/wp-json\/wp\/v2\/product_tag?post=25059"}],"curies":[{"name":"wp","href":"https:\/\/api.w.org\/{rel}","templated":true}]}}