{"id":1049,"date":"2023-04-28T11:34:53","date_gmt":"2023-04-28T11:34:53","guid":{"rendered":"https:\/\/profaj.co\/icu\/?page_id=1049"},"modified":"2023-10-11T12:41:31","modified_gmt":"2023-10-11T12:41:31","slug":"yatirim-felsefemiz","status":"publish","type":"page","link":"https:\/\/profaj.co\/icu\/yatirim-felsefemiz\/","title":{"rendered":"YATIRIM FELSEFEM\u0130Z"},"content":{"rendered":"\t\t<div data-elementor-type=\"wp-page\" data-elementor-id=\"1049\" class=\"elementor elementor-1049\">\n\t\t\t\t\t\t\t\t\t<section class=\"elementor-section elementor-top-section elementor-element elementor-element-9e13ca5 elementor-section-boxed elementor-section-height-default elementor-section-height-default\" data-id=\"9e13ca5\" data-element_type=\"section\" data-settings=\"{&quot;background_background&quot;:&quot;classic&quot;}\">\n\t\t\t\t\t\t\t<div class=\"elementor-background-overlay\"><\/div>\n\t\t\t\t\t\t\t<div class=\"elementor-container elementor-column-gap-default\">\n\t\t\t\t\t<div class=\"elementor-column elementor-col-100 elementor-top-column elementor-element elementor-element-347d169\" data-id=\"347d169\" data-element_type=\"column\">\n\t\t\t<div class=\"elementor-widget-wrap\">\n\t\t\t\t\t\t\t\t\t<\/div>\n\t\t<\/div>\n\t\t\t\t\t\t\t<\/div>\n\t\t<\/section>\n\t\t\t\t<section class=\"elementor-section elementor-top-section elementor-element elementor-element-27a48f0f elementor-section-height-min-height elementor-section-content-middle elementor-section-boxed elementor-section-height-default elementor-section-items-middle\" data-id=\"27a48f0f\" data-element_type=\"section\">\n\t\t\t\t\t\t<div class=\"elementor-container elementor-column-gap-no\">\n\t\t\t\t\t<div class=\"elementor-column elementor-col-100 elementor-top-column elementor-element elementor-element-60260a57\" data-id=\"60260a57\" data-element_type=\"column\">\n\t\t\t<div class=\"elementor-widget-wrap elementor-element-populated\">\n\t\t\t\t\t\t\t\t<div class=\"elementor-element elementor-element-9d49e56 elementor-widget elementor-widget-heading\" data-id=\"9d49e56\" data-element_type=\"widget\" data-widget_type=\"heading.default\">\n\t\t\t\t<div class=\"elementor-widget-container\">\n\t\t\t<style>\/*! elementor - v3.12.1 - 02-04-2023 *\/\n.elementor-heading-title{padding:0;margin:0;line-height:1}.elementor-widget-heading .elementor-heading-title[class*=elementor-size-]>a{color:inherit;font-size:inherit;line-height:inherit}.elementor-widget-heading .elementor-heading-title.elementor-size-small{font-size:15px}.elementor-widget-heading .elementor-heading-title.elementor-size-medium{font-size:19px}.elementor-widget-heading .elementor-heading-title.elementor-size-large{font-size:29px}.elementor-widget-heading .elementor-heading-title.elementor-size-xl{font-size:39px}.elementor-widget-heading .elementor-heading-title.elementor-size-xxl{font-size:59px}<\/style><h1 class=\"elementor-heading-title elementor-size-default\">YATIRIM FELSEFEM\u0130Z<\/h1>\t\t<\/div>\n\t\t\t\t<\/div>\n\t\t\t\t<section class=\"elementor-section elementor-inner-section elementor-element elementor-element-cae7ed3 elementor-section-boxed elementor-section-height-default elementor-section-height-default\" data-id=\"cae7ed3\" data-element_type=\"section\">\n\t\t\t\t\t\t<div class=\"elementor-container elementor-column-gap-default\">\n\t\t\t\t\t<div class=\"elementor-column elementor-col-50 elementor-inner-column elementor-element elementor-element-110a6d5\" data-id=\"110a6d5\" data-element_type=\"column\" data-settings=\"{&quot;background_background&quot;:&quot;classic&quot;}\">\n\t\t\t<div class=\"elementor-widget-wrap elementor-element-populated\">\n\t\t\t\t\t\t\t\t<div class=\"elementor-element elementor-element-a81b487 elementor-widget elementor-widget-spacer\" data-id=\"a81b487\" data-element_type=\"widget\" data-widget_type=\"spacer.default\">\n\t\t\t\t<div class=\"elementor-widget-container\">\n\t\t\t<style>\/*! elementor - v3.12.1 - 02-04-2023 *\/\n.elementor-column .elementor-spacer-inner{height:var(--spacer-size)}.e-con{--container-widget-width:100%}.e-con-inner>.elementor-widget-spacer,.e-con>.elementor-widget-spacer{width:var(--container-widget-width,var(--spacer-size));--align-self:var(--container-widget-align-self,initial);--flex-shrink:0}.e-con-inner>.elementor-widget-spacer>.elementor-widget-container,.e-con-inner>.elementor-widget-spacer>.elementor-widget-container>.elementor-spacer,.e-con>.elementor-widget-spacer>.elementor-widget-container,.e-con>.elementor-widget-spacer>.elementor-widget-container>.elementor-spacer{height:100%}.e-con-inner>.elementor-widget-spacer>.elementor-widget-container>.elementor-spacer>.elementor-spacer-inner,.e-con>.elementor-widget-spacer>.elementor-widget-container>.elementor-spacer>.elementor-spacer-inner{height:var(--container-widget-height,var(--spacer-size))}<\/style>\t\t<div class=\"elementor-spacer\">\n\t\t\t<div class=\"elementor-spacer-inner\"><\/div>\n\t\t<\/div>\n\t\t\t\t<\/div>\n\t\t\t\t<\/div>\n\t\t\t\t\t<\/div>\n\t\t<\/div>\n\t\t\t\t<div class=\"elementor-column elementor-col-50 elementor-inner-column elementor-element elementor-element-5e99e90\" data-id=\"5e99e90\" data-element_type=\"column\">\n\t\t\t<div class=\"elementor-widget-wrap elementor-element-populated\">\n\t\t\t\t\t\t\t\t<div class=\"elementor-element elementor-element-3e90b01 elementor-widget elementor-widget-text-editor\" data-id=\"3e90b01\" data-element_type=\"widget\" data-widget_type=\"text-editor.default\">\n\t\t\t\t<div class=\"elementor-widget-container\">\n\t\t\t<style>\/*! elementor - v3.12.1 - 02-04-2023 *\/\n.elementor-widget-text-editor.elementor-drop-cap-view-stacked .elementor-drop-cap{background-color:#69727d;color:#fff}.elementor-widget-text-editor.elementor-drop-cap-view-framed .elementor-drop-cap{color:#69727d;border:3px solid;background-color:transparent}.elementor-widget-text-editor:not(.elementor-drop-cap-view-default) .elementor-drop-cap{margin-top:8px}.elementor-widget-text-editor:not(.elementor-drop-cap-view-default) .elementor-drop-cap-letter{width:1em;height:1em}.elementor-widget-text-editor .elementor-drop-cap{float:left;text-align:center;line-height:1;font-size:50px}.elementor-widget-text-editor .elementor-drop-cap-letter{display:inline-block}<\/style>\t\t\t\t<p><span style=\"font-weight: 400;\">\u00dclkemizde ve global piyasalarda, sekt\u00f6rlerinde fark yaratmay\u0131 hedefleyen, kurulu\u015funu tamamlam\u0131\u015f, geli\u015fme s\u00fcrecine girmek \u00fczere olan \u015firketlere do\u011frudan yat\u0131r\u0131m yaparak ortak oluruz.<\/span><\/p><p><span style=\"font-weight: 400;\">Ortakl\u0131klar\u0131m\u0131zda y\u00f6netimde temsil edilmek, yat\u0131r\u0131m yapt\u0131\u011f\u0131m\u0131z \u015firketlerin de\u011ferini art\u0131rmak i\u00e7in aktif rol almak temel yakla\u015f\u0131m\u0131m\u0131zd\u0131r. Yat\u0131r\u0131m yapt\u0131\u011f\u0131m\u0131z \u015firketlerde \u00e7o\u011funluk hisseye sahip olmak gibi bir \u00f6nceli\u011fimiz bulunmamakla birlikte gerekti\u011finde bu sorumlulu\u011fu almaktan ka\u00e7\u0131nmay\u0131z.<\/span><\/p><p><span style=\"font-weight: 400;\">Bir yat\u0131r\u0131ma karar verirken alt s\u0131n\u0131r\u0131m\u0131z olmamakla birlikte, risk prensipleri gere\u011fi herhangi bir yat\u0131r\u0131m\u0131n toplam portf\u00f6y b\u00fcy\u00fckl\u00fc\u011f\u00fcm\u00fcz\u00fcn y\u00fczde yirmisini a\u015fmamas\u0131 gereklili\u011fi \u00fcst limitimizi belirler. Bununla birlikte kalk\u0131nma finansman\u0131 sa\u011flayan fonlar, s\u00fcrd\u00fcr\u00fclebilir kalk\u0131nmay\u0131 destekleyen kurumlar ve di\u011fer giri\u015fim sermayesi yat\u0131r\u0131mc\u0131lar\u0131 ile ortak hareket ederek daha b\u00fcy\u00fck yat\u0131r\u0131m ortakl\u0131klar\u0131nda da yer al\u0131r\u0131z.<\/span><\/p><p><span style=\"font-weight: 400;\">Yenilenebilir enerji ve ham madde \u015firketleri, geri d\u00f6n\u00fc\u015f\u00fcm ve \u00e7evre teknolojileri, finans, seyahat, informasyon teknolojileri, mobilite \u00e7\u00f6z\u00fcmleri konusunda \u00e7al\u0131\u015fan \u015firketler ilgi alan\u0131m\u0131zdad\u0131r. Bununla birlikte, ekonomiye de\u011fer katan yenilik\u00e7i fikirleri destekleyerek payda\u015flar\u0131m\u0131za de\u011fer kazand\u0131racak f\u0131rsatlar\u0131 da de\u011ferlendiririz.<\/span><\/p><p><span style=\"font-weight: 400;\">Yat\u0131r\u0131mlar\u0131m\u0131zdan ortalama en az \u00fc\u00e7 azami yedi y\u0131l i\u00e7erisinde, stratejik sat\u0131\u015f, halka arz ya da y\u00f6netime devir \u015feklinde \u00e7\u0131k\u0131\u015f yapmay\u0131 hedefleriz. Yap\u0131lan yat\u0131r\u0131m\u0131n genel ekonomi, sekt\u00f6rel geli\u015fmeler ya da y\u00f6netim farkl\u0131l\u0131klar\u0131 sebebiyle hedeften uzakla\u015fmas\u0131 durumunda portf\u00f6ydeki yerini yeniden de\u011ferlendirerek gerekli \u00f6nlemleri alarak halka a\u00e7\u0131k bir ortakl\u0131k olarak payda\u015flar\u0131m\u0131z\u0131n zarar g\u00f6rmeyece\u011fi \u015fekilde bir \u00e7\u0131k\u0131\u015f stratejisini \u015feffaf bir \u015feklinde ilan ederiz.<\/span><\/p>\t\t\t\t\t\t<\/div>\n\t\t\t\t<\/div>\n\t\t\t\t\t<\/div>\n\t\t<\/div>\n\t\t\t\t\t\t\t<\/div>\n\t\t<\/section>\n\t\t\t\t\t<\/div>\n\t\t<\/div>\n\t\t\t\t\t\t\t<\/div>\n\t\t<\/section>\n\t\t\t\t\t\t\t<\/div>\n\t\t","protected":false},"excerpt":{"rendered":"<p>YATIRIM FELSEFEM\u0130Z \u00dclkemizde ve global piyasalarda, sekt\u00f6rlerinde fark yaratmay\u0131 hedefleyen, kurulu\u015funu tamamlam\u0131\u015f, geli\u015fme s\u00fcrecine girmek \u00fczere olan \u015firketlere do\u011frudan yat\u0131r\u0131m yaparak ortak oluruz. Ortakl\u0131klar\u0131m\u0131zda y\u00f6netimde temsil edilmek, yat\u0131r\u0131m yapt\u0131\u011f\u0131m\u0131z \u015firketlerin de\u011ferini art\u0131rmak i\u00e7in aktif rol almak temel yakla\u015f\u0131m\u0131m\u0131zd\u0131r. Yat\u0131r\u0131m yapt\u0131\u011f\u0131m\u0131z \u015firketlerde \u00e7o\u011funluk hisseye sahip olmak gibi bir \u00f6nceli\u011fimiz bulunmamakla birlikte gerekti\u011finde bu sorumlulu\u011fu almaktan ka\u00e7\u0131nmay\u0131z. [&hellip;]<\/p>\n","protected":false},"author":1,"featured_media":0,"parent":0,"menu_order":0,"comment_status":"closed","ping_status":"closed","template":"","meta":{"footnotes":""},"class_list":["post-1049","page","type-page","status-publish","hentry"],"_links":{"self":[{"href":"https:\/\/profaj.co\/icu\/wp-json\/wp\/v2\/pages\/1049","targetHints":{"allow":["GET"]}}],"collection":[{"href":"https:\/\/profaj.co\/icu\/wp-json\/wp\/v2\/pages"}],"about":[{"href":"https:\/\/profaj.co\/icu\/wp-json\/wp\/v2\/types\/page"}],"author":[{"embeddable":true,"href":"https:\/\/profaj.co\/icu\/wp-json\/wp\/v2\/users\/1"}],"replies":[{"embeddable":true,"href":"https:\/\/profaj.co\/icu\/wp-json\/wp\/v2\/comments?post=1049"}],"version-history":[{"count":62,"href":"https:\/\/profaj.co\/icu\/wp-json\/wp\/v2\/pages\/1049\/revisions"}],"predecessor-version":[{"id":3240,"href":"https:\/\/profaj.co\/icu\/wp-json\/wp\/v2\/pages\/1049\/revisions\/3240"}],"wp:attachment":[{"href":"https:\/\/profaj.co\/icu\/wp-json\/wp\/v2\/media?parent=1049"}],"curies":[{"name":"wp","href":"https:\/\/api.w.org\/{rel}","templated":true}]}}