{"id":1110,"date":"2023-04-28T12:27:26","date_gmt":"2023-04-28T12:27:26","guid":{"rendered":"https:\/\/profaj.co\/icu\/?page_id=1110"},"modified":"2023-10-11T12:43:27","modified_gmt":"2023-10-11T12:43:27","slug":"etik-ilkelerimiz","status":"publish","type":"page","link":"https:\/\/profaj.co\/icu\/etik-ilkelerimiz\/","title":{"rendered":"ET\u0130K \u0130LKELER\u0130M\u0130Z"},"content":{"rendered":"\t\t<div data-elementor-type=\"wp-page\" data-elementor-id=\"1110\" class=\"elementor elementor-1110\">\n\t\t\t\t\t\t\t\t\t<section class=\"elementor-section elementor-top-section elementor-element elementor-element-249d52f elementor-section-boxed elementor-section-height-default elementor-section-height-default\" data-id=\"249d52f\" data-element_type=\"section\" data-settings=\"{&quot;background_background&quot;:&quot;classic&quot;}\">\n\t\t\t\t\t\t\t<div class=\"elementor-background-overlay\"><\/div>\n\t\t\t\t\t\t\t<div class=\"elementor-container elementor-column-gap-default\">\n\t\t\t\t\t<div class=\"elementor-column elementor-col-100 elementor-top-column elementor-element elementor-element-b24bc93\" data-id=\"b24bc93\" data-element_type=\"column\">\n\t\t\t<div class=\"elementor-widget-wrap\">\n\t\t\t\t\t\t\t\t\t<\/div>\n\t\t<\/div>\n\t\t\t\t\t\t\t<\/div>\n\t\t<\/section>\n\t\t\t\t<section class=\"elementor-section elementor-top-section elementor-element elementor-element-27a48f0f elementor-section-height-min-height elementor-section-content-middle elementor-section-boxed elementor-section-height-default elementor-section-items-middle\" data-id=\"27a48f0f\" data-element_type=\"section\">\n\t\t\t\t\t\t<div class=\"elementor-container elementor-column-gap-no\">\n\t\t\t\t\t<div class=\"elementor-column elementor-col-100 elementor-top-column elementor-element elementor-element-60260a57\" data-id=\"60260a57\" data-element_type=\"column\">\n\t\t\t<div class=\"elementor-widget-wrap elementor-element-populated\">\n\t\t\t\t\t\t\t\t<div class=\"elementor-element elementor-element-9d49e56 elementor-widget elementor-widget-heading\" data-id=\"9d49e56\" data-element_type=\"widget\" data-widget_type=\"heading.default\">\n\t\t\t\t<div class=\"elementor-widget-container\">\n\t\t\t<style>\/*! elementor - v3.12.1 - 02-04-2023 *\/\n.elementor-heading-title{padding:0;margin:0;line-height:1}.elementor-widget-heading .elementor-heading-title[class*=elementor-size-]>a{color:inherit;font-size:inherit;line-height:inherit}.elementor-widget-heading .elementor-heading-title.elementor-size-small{font-size:15px}.elementor-widget-heading .elementor-heading-title.elementor-size-medium{font-size:19px}.elementor-widget-heading .elementor-heading-title.elementor-size-large{font-size:29px}.elementor-widget-heading .elementor-heading-title.elementor-size-xl{font-size:39px}.elementor-widget-heading .elementor-heading-title.elementor-size-xxl{font-size:59px}<\/style><h1 class=\"elementor-heading-title elementor-size-default\">ET\u0130K \u0130LKELER\u0130M\u0130Z<\/h1>\t\t<\/div>\n\t\t\t\t<\/div>\n\t\t\t\t\t<\/div>\n\t\t<\/div>\n\t\t\t\t\t\t\t<\/div>\n\t\t<\/section>\n\t\t\t\t<section class=\"elementor-section elementor-top-section elementor-element elementor-element-bc419ee elementor-section-boxed elementor-section-height-default elementor-section-height-default\" data-id=\"bc419ee\" data-element_type=\"section\">\n\t\t\t\t\t\t<div class=\"elementor-container elementor-column-gap-default\">\n\t\t\t\t\t<div class=\"elementor-column elementor-col-100 elementor-top-column elementor-element elementor-element-9c05ffb\" data-id=\"9c05ffb\" data-element_type=\"column\">\n\t\t\t<div class=\"elementor-widget-wrap elementor-element-populated\">\n\t\t\t\t\t\t\t\t<div class=\"elementor-element elementor-element-9800e87 elementor-widget elementor-widget-text-editor\" data-id=\"9800e87\" data-element_type=\"widget\" data-widget_type=\"text-editor.default\">\n\t\t\t\t<div class=\"elementor-widget-container\">\n\t\t\t<style>\/*! elementor - v3.12.1 - 02-04-2023 *\/\n.elementor-widget-text-editor.elementor-drop-cap-view-stacked .elementor-drop-cap{background-color:#69727d;color:#fff}.elementor-widget-text-editor.elementor-drop-cap-view-framed .elementor-drop-cap{color:#69727d;border:3px solid;background-color:transparent}.elementor-widget-text-editor:not(.elementor-drop-cap-view-default) .elementor-drop-cap{margin-top:8px}.elementor-widget-text-editor:not(.elementor-drop-cap-view-default) .elementor-drop-cap-letter{width:1em;height:1em}.elementor-widget-text-editor .elementor-drop-cap{float:left;text-align:center;line-height:1;font-size:50px}.elementor-widget-text-editor .elementor-drop-cap-letter{display:inline-block}<\/style>\t\t\t\t<p><span style=\"font-weight: 400;\">ICU Giri\u015fim Sermayesi Yat\u0131r\u0131m Ortakl\u0131\u011f\u0131 A.\u015e. y\u00f6netimi, \u00e7al\u0131\u015fanlar\u0131 ve tedarik\u00e7ileri g\u00f6rev ve sorumluluklar\u0131n\u0131 yerine getirirken a\u015fa\u011f\u0131daki etik kurallar \u00e7er\u00e7evesinde hareket ederler.<\/span><\/p><h3><strong>ICU G\u0130R\u0130\u015e\u0130M G\u0130R\u0130\u015e\u0130M SERMAYES\u0130 YATIRIM ORTAKLI\u011eI A.\u015e.<\/strong><\/h3><p><span style=\"font-weight: 400;\">T\u00fcm aktivitelerini uluslararas\u0131 kabul g\u00f6ren kurumsal y\u00f6netimi ilkeleri \u00e7er\u00e7evesinde y\u00fcr\u00fctmeye \u00f6zen g\u00f6sterir. Y\u00f6netimi, \u00e7al\u0131\u015fanlar\u0131, ortaklar\u0131, tedarik\u00e7ileri, i\u015ftirakleri ve ili\u015fkide oldu\u011fu di\u011fer taraflarla ili\u015fkilerini hukuki ve ahlaki kurallar kapsam\u0131nda y\u00fcr\u00fct\u00fcr.<\/span><\/p><p><span style=\"font-weight: 400;\">Rekabet kurallar\u0131na tam anlam\u0131yla uygunluk g\u00f6sterir. Ayn\u0131 sekt\u00f6rde \u00e7al\u0131\u015fan di\u011fer firmalara kar\u015f\u0131 d\u00fcr\u00fcst davran\u0131r.<\/span><\/p><p><span style=\"font-weight: 400;\">Yat\u0131r\u0131mc\u0131lar\u0131na ve di\u011fer payda\u015flar\u0131na mali zarar verecek t\u00fcm davran\u0131\u015flardan uzak durur. \u00c7\u0131kar \u00e7at\u0131\u015fmalar\u0131na engel olacak her t\u00fcrl\u00fc \u00f6nlemi al\u0131r. Hissedarlar\u0131n \u015firket hakk\u0131ndaki bilgilere zaman\u0131nda ve en az maliyetle ula\u015fmalar\u0131n\u0131 sa\u011flar.<\/span><\/p><p><span style=\"font-weight: 400;\">Yat\u0131r\u0131m yapt\u0131\u011f\u0131 \u015firketlerde kurumsal yap\u0131n\u0131n yerle\u015fmesi ve uygulanmas\u0131n\u0131 kurum i\u00e7i politikalar ile prosed\u00fcrlerin belirlenmesiyle ve yaz\u0131l\u0131 olarak ifade edilmesini sa\u011flar.<\/span><\/p><p><span style=\"font-weight: 400;\">D\u00fcr\u00fcst, \u015feffaf, insana ve \u00e7evreye sayg\u0131 g\u00f6steren bir y\u00f6netim anlay\u0131\u015f\u0131n\u0131 \u00f6ncelikle uygular. \u00c7al\u0131\u015fanlar\u0131n ki\u015filik onurunu ve yasalarla tan\u0131nm\u0131\u015f haklar\u0131n\u0131 korur ve her \u00e7al\u0131\u015fan\u0131n\u0131 e\u015fit kabul eder, adil ve g\u00fcvenli bir \u00e7al\u0131\u015fma ortam\u0131 sa\u011flar. Farkl\u0131 ge\u00e7mi\u015f, birikim ve yetkinlik sahibi \u00e7al\u0131\u015fanlar ve tedarik\u00e7iler ile i\u015f birli\u011fi yapmay\u0131 hedefler.<\/span><\/p><h3><strong>\u00c7ALI\u015eANLAR ve TEDAR\u0130K\u00c7\u0130LER<\/strong><\/h3><p><span style=\"font-weight: 400;\">ICU Giri\u015fim \u015firket etik kurallar\u0131n\u0131 uygulamak ve gereklilikleri yerine getirmek \u00fczere sorumluluk al\u0131rlar.<\/span><\/p><p><span style=\"font-weight: 400;\">Her ko\u015fulda yasalara, y\u00f6netmeliklere ve \u015firket i\u00e7i d\u00fczenlemelere uygun davran\u0131rlar. Ki\u015fisel menfaat teminine veya \u00e7\u0131kar \u00e7at\u0131\u015fmas\u0131na f\u0131rsat verecek ili\u015fkilerden ve davran\u0131\u015flardan uzak dururlar. Etik kurallara ayk\u0131r\u0131 herhangi bir davran\u0131\u015f\u0131 y\u00f6netime bildirmekle y\u00fck\u00fcml\u00fcd\u00fcrler.<\/span><\/p><p><span style=\"font-weight: 400;\">\u015eirkete ve i\u015ftiraklere ait gizli olan t\u00fcm bilgileri \u00f6zenle saklama y\u00fck\u00fcml\u00fcl\u00fc\u011f\u00fcn\u00fcn bilincindedirler. \u015eirket ve i\u015ftiraklerin mal varl\u0131\u011f\u0131 ve kaynaklar\u0131n\u0131n do\u011fru kullan\u0131m\u0131 konusunda kendi ki\u015fisel kaynaklar\u0131n\u0131 kullan\u0131rcas\u0131na hassasiyet g\u00f6sterirler.<\/span><\/p>\t\t\t\t\t\t<\/div>\n\t\t\t\t<\/div>\n\t\t\t\t\t<\/div>\n\t\t<\/div>\n\t\t\t\t\t\t\t<\/div>\n\t\t<\/section>\n\t\t\t\t\t\t\t<\/div>\n\t\t","protected":false},"excerpt":{"rendered":"<p>ET\u0130K \u0130LKELER\u0130M\u0130Z ICU Giri\u015fim Sermayesi Yat\u0131r\u0131m Ortakl\u0131\u011f\u0131 A.\u015e. y\u00f6netimi, \u00e7al\u0131\u015fanlar\u0131 ve tedarik\u00e7ileri g\u00f6rev ve sorumluluklar\u0131n\u0131 yerine getirirken a\u015fa\u011f\u0131daki etik kurallar \u00e7er\u00e7evesinde hareket ederler. ICU G\u0130R\u0130\u015e\u0130M G\u0130R\u0130\u015e\u0130M SERMAYES\u0130 YATIRIM ORTAKLI\u011eI A.\u015e. T\u00fcm aktivitelerini uluslararas\u0131 kabul g\u00f6ren kurumsal y\u00f6netimi ilkeleri \u00e7er\u00e7evesinde y\u00fcr\u00fctmeye \u00f6zen g\u00f6sterir. Y\u00f6netimi, \u00e7al\u0131\u015fanlar\u0131, ortaklar\u0131, tedarik\u00e7ileri, i\u015ftirakleri ve ili\u015fkide oldu\u011fu di\u011fer taraflarla ili\u015fkilerini hukuki ve [&hellip;]<\/p>\n","protected":false},"author":1,"featured_media":0,"parent":0,"menu_order":0,"comment_status":"closed","ping_status":"closed","template":"","meta":{"footnotes":""},"class_list":["post-1110","page","type-page","status-publish","hentry"],"_links":{"self":[{"href":"https:\/\/profaj.co\/icu\/wp-json\/wp\/v2\/pages\/1110","targetHints":{"allow":["GET"]}}],"collection":[{"href":"https:\/\/profaj.co\/icu\/wp-json\/wp\/v2\/pages"}],"about":[{"href":"https:\/\/profaj.co\/icu\/wp-json\/wp\/v2\/types\/page"}],"author":[{"embeddable":true,"href":"https:\/\/profaj.co\/icu\/wp-json\/wp\/v2\/users\/1"}],"replies":[{"embeddable":true,"href":"https:\/\/profaj.co\/icu\/wp-json\/wp\/v2\/comments?post=1110"}],"version-history":[{"count":22,"href":"https:\/\/profaj.co\/icu\/wp-json\/wp\/v2\/pages\/1110\/revisions"}],"predecessor-version":[{"id":3255,"href":"https:\/\/profaj.co\/icu\/wp-json\/wp\/v2\/pages\/1110\/revisions\/3255"}],"wp:attachment":[{"href":"https:\/\/profaj.co\/icu\/wp-json\/wp\/v2\/media?parent=1110"}],"curies":[{"name":"wp","href":"https:\/\/api.w.org\/{rel}","templated":true}]}}