{"id":2502,"date":"2023-05-11T13:54:55","date_gmt":"2023-05-11T13:54:55","guid":{"rendered":"https:\/\/profaj.co\/icu\/?page_id=2502"},"modified":"2023-05-11T14:42:18","modified_gmt":"2023-05-11T14:42:18","slug":"ozel-durum-aciklamalari-2012","status":"publish","type":"page","link":"https:\/\/profaj.co\/icu\/ozel-durum-aciklamalari-2012\/","title":{"rendered":"\u00d6zel Durum A\u00e7\u0131klamalar\u0131 2012"},"content":{"rendered":"\t\t<div data-elementor-type=\"wp-page\" data-elementor-id=\"2502\" class=\"elementor elementor-2502\">\n\t\t\t\t\t\t\t\t\t<section class=\"elementor-section elementor-top-section elementor-element elementor-element-249d52f elementor-section-boxed elementor-section-height-default elementor-section-height-default\" data-id=\"249d52f\" data-element_type=\"section\" data-settings=\"{&quot;background_background&quot;:&quot;classic&quot;}\">\n\t\t\t\t\t\t\t<div class=\"elementor-background-overlay\"><\/div>\n\t\t\t\t\t\t\t<div class=\"elementor-container elementor-column-gap-default\">\n\t\t\t\t\t<div class=\"elementor-column elementor-col-100 elementor-top-column elementor-element elementor-element-b24bc93\" data-id=\"b24bc93\" data-element_type=\"column\">\n\t\t\t<div class=\"elementor-widget-wrap\">\n\t\t\t\t\t\t\t\t\t<\/div>\n\t\t<\/div>\n\t\t\t\t\t\t\t<\/div>\n\t\t<\/section>\n\t\t\t\t<section class=\"elementor-section elementor-top-section elementor-element elementor-element-27a48f0f elementor-section-height-min-height elementor-section-content-middle elementor-section-boxed elementor-section-height-default elementor-section-items-middle\" data-id=\"27a48f0f\" data-element_type=\"section\">\n\t\t\t\t\t\t<div class=\"elementor-container elementor-column-gap-no\">\n\t\t\t\t\t<div class=\"elementor-column elementor-col-100 elementor-top-column elementor-element elementor-element-60260a57\" data-id=\"60260a57\" data-element_type=\"column\">\n\t\t\t<div class=\"elementor-widget-wrap elementor-element-populated\">\n\t\t\t\t\t\t\t\t<div class=\"elementor-element elementor-element-9d49e56 elementor-widget elementor-widget-heading\" data-id=\"9d49e56\" data-element_type=\"widget\" data-widget_type=\"heading.default\">\n\t\t\t\t<div class=\"elementor-widget-container\">\n\t\t\t<style>\/*! elementor - v3.12.1 - 02-04-2023 *\/\n.elementor-heading-title{padding:0;margin:0;line-height:1}.elementor-widget-heading .elementor-heading-title[class*=elementor-size-]>a{color:inherit;font-size:inherit;line-height:inherit}.elementor-widget-heading .elementor-heading-title.elementor-size-small{font-size:15px}.elementor-widget-heading .elementor-heading-title.elementor-size-medium{font-size:19px}.elementor-widget-heading .elementor-heading-title.elementor-size-large{font-size:29px}.elementor-widget-heading .elementor-heading-title.elementor-size-xl{font-size:39px}.elementor-widget-heading .elementor-heading-title.elementor-size-xxl{font-size:59px}<\/style><h1 class=\"elementor-heading-title elementor-size-default\">\u00d6zel Durumlar<\/h1>\t\t<\/div>\n\t\t\t\t<\/div>\n\t\t\t\t\t<\/div>\n\t\t<\/div>\n\t\t\t\t\t\t\t<\/div>\n\t\t<\/section>\n\t\t\t\t<section class=\"elementor-section elementor-top-section elementor-element elementor-element-bc419ee elementor-section-boxed elementor-section-height-default elementor-section-height-default\" data-id=\"bc419ee\" data-element_type=\"section\">\n\t\t\t\t\t\t<div class=\"elementor-container elementor-column-gap-default\">\n\t\t\t\t\t<div class=\"elementor-column elementor-col-100 elementor-top-column elementor-element elementor-element-9c05ffb\" data-id=\"9c05ffb\" data-element_type=\"column\">\n\t\t\t<div class=\"elementor-widget-wrap elementor-element-populated\">\n\t\t\t\t\t\t\t\t<div class=\"elementor-element elementor-element-1d0d67b elementor-widget elementor-widget-heading\" data-id=\"1d0d67b\" data-element_type=\"widget\" data-widget_type=\"heading.default\">\n\t\t\t\t<div class=\"elementor-widget-container\">\n\t\t\t<h2 class=\"elementor-heading-title elementor-size-default\">\u00d6zel Durum A\u00e7\u0131klamalar\u0131 2012<\/h2>\t\t<\/div>\n\t\t\t\t<\/div>\n\t\t\t\t<div class=\"elementor-element elementor-element-00ee7a5 liststyle elementor-widget elementor-widget-html\" data-id=\"00ee7a5\" data-element_type=\"widget\" data-widget_type=\"html.default\">\n\t\t\t\t<div class=\"elementor-widget-container\">\n\t\t\t<ul>                              \n\t\n\t\t<li><a href=\"https:\/\/profaj.co\/icu\/wp-content\/uploads\/2023\/05\/1.oezel-durum-05.01.2012-013-2012-OEP-RHEA-Turkey-Tech-BVde-37-adet-pay-devri-hk.pdf\">1.\u00f6zel durum 05.01.2012 (013-2012) OEP RHEA Turkey Tech BV\u2019de 37 adet pay devri hk. <\/a><\/li>\n\t\n\t\t<li><a href=\"https:\/\/profaj.co\/icu\/wp-content\/uploads\/2023\/05\/2.oezel-durum-06.01.2012-014-2012-OEP-RHEA-Turkey-Tech-BVde-37-adet-pay-devri-hk.pdf\">2.\u00f6zel durum 06.01.2012 (014-2012) OEP RHEA Turkey Tech BV\u2019de 37 adet pay devri hk.<\/a><\/li>\n\t\n\t\t<li><a href=\"https:\/\/profaj.co\/icu\/wp-content\/uploads\/2023\/05\/3.oezel-durum-06.01.2012-014-1-2012-OEP-RHEA-Turkey-Tech-BVde-37-adet-pay-devrine-ili_kin-bildirimde-duezeltme.pdf\">3.\u00f6zel durum 06.01.2012 (014-1-2012) OEP RHEA Turkey Tech BV\u2019de 37 adet pay devrine ili\u015fkin bildirimde d\u00fczeltme<\/a><\/li>\n\t\n\t\t<li><a href=\"https:\/\/profaj.co\/icu\/wp-content\/uploads\/2023\/05\/4.oezel-durum-13.01.2012-022-2012-_irketimizin-yeni-kurulacak-_irkete-i_tirak-etmesi-hakk_nda.pdf\">4.\u00f6zel durum 13.01.2012 (022-2012) \u015eirketimizin yeni kurulacak \u015firkete i\u015ftirak etmesi hakk\u0131nda<\/a><\/li>\n\t\n\t\t<li><a href=\"https:\/\/profaj.co\/icu\/wp-content\/uploads\/2023\/05\/5.oezel-durum-16.01.2012-024-2012-_irketimizin-yeni-kurulacak-_irkete-i_tirak-etmesi-hakk_nda.pdf\">5.\u00f6zel durum 16.01.2012 (024-2012) \u015eirketimizin yeni kurulacak \u015firkete i\u015ftirak etmesi hakk\u0131nda<\/a><\/li>\n\t\n\t\t<li><a href=\"https:\/\/profaj.co\/icu\/wp-content\/uploads\/2023\/05\/6.oezel-durum-15.02.2012-Ba_l_-ortakl_klar_m_zdan-Dentistanbul-A._.-icin-International-Finance-CorporationIFC-ile-Finansman-Paketi-Cal_mas_-icin-yetki-anla_mas_-imzalanmas_-hk.pdf\">6.\u00f6zel durum 15.02.2012 Ba\u011fl\u0131 ortakl\u0131klar\u0131m\u0131zdan Dentistanbul A.\u015e. i\u00e7in, International Finance Corporation(IFC) ile Finansman Paketi \u00c7al\u0131\u015fmas\u0131 i\u00e7in yetki anla\u015fmas\u0131 imzalanmas\u0131 hk.<\/a><\/li>\n\t\n\t\t<li><a href=\"https:\/\/profaj.co\/icu\/wp-content\/uploads\/2023\/05\/7.oezel-durum-21.02.2012-091-2012-Rhea-Dijital-Yat_r_m-ve-Ticaret-A._.nin-tescil-ve-ilan-i_lemleri-hk.pdf\">7.\u00f6zel durum 21.02.2012 (091-2012) Rhea Dijital Yat\u0131r\u0131m ve Ticaret A.\u015e.\u2019nin tescil ve ilan i\u015flemleri hk.<\/a><\/li>\n\t\n\t\t<li><a href=\"https:\/\/profaj.co\/icu\/wp-content\/uploads\/2023\/05\/8.oezel-durum-17.04.2012-212-2012-Anasoezle_me-Tadili-hk.pdf\">8.\u00f6zel durum 17.04.2012 (212-2012) Anas\u00f6zle\u015fme Tadili hk.<\/a><\/li>\n\t\n\t\t<li><a href=\"https:\/\/profaj.co\/icu\/wp-content\/uploads\/2023\/05\/9.oezel-durum-10.05.2012-255-2012-RML-Lojistik-ve-Denizcilik-Hizmetleri-Sanayi-ve-Ticaret-A._.-hk.pdf\">9.\u00f6zel durum 10.05.2012 (255-2012) RML Lojistik ve Denizcilik Hizmetleri Sanayi ve Ticaret A.\u015e. hk.<\/a><\/li>\n\t\n\t\t<li><a href=\"https:\/\/profaj.co\/icu\/wp-content\/uploads\/2023\/05\/10.oezel-durum-18.04.2012-214-2012-Ba_l_-ortakl_klar_m_zdan-Dentistanbul-A._.-icin-International-Finance-CorporationIFC-ile-Finansman-Paketi-Cal_mas_-hk.pdf\">10.\u00f6zel durum 18.04.2012 (214-2012) Ba\u011fl\u0131 ortakl\u0131klar\u0131m\u0131zdan Dentistanbul A.\u015e. i\u00e7in, International Finance Corporation(IFC) ile Finansman Paketi \u00c7al\u0131\u015fmas\u0131 hk.<\/a><\/li>\n\t\n\t\t<li><a href=\"https:\/\/profaj.co\/icu\/wp-content\/uploads\/2023\/05\/11.oezel-durum-22.05.2012-271-2012-_tirakimiz-OEP-RHEA-TURKEY-TECH-B.V.ye-ait-366.684000-adet-NETA_-TELEKOMUeN_KASYON-A._.-pay_n_n-kayda-al_nmas_-hk.pdf\">11.\u00f6zel durum 22.05.2012 (271-2012) \u0130\u015ftirakimiz OEP RHEA TURKEY TECH B.V.\u2019ye ait 366.684,000 adet NETA\u015e TELEKOM\u00dcN\u0130KASYON A.\u015e. pay\u0131n\u0131n kayda al\u0131nmas\u0131 hk.<\/a><\/li>\n\t\n\t\t<li><a href=\"https:\/\/profaj.co\/icu\/wp-content\/uploads\/2023\/05\/12.oezel-durum-07.06.2012-301-2012-2012-y_l_-Ba_ms_z-Denetim-_irketinin-secimi-hk.pdf\">12.\u00f6zel durum 07.06.2012 (301-2012) 2012 y\u0131l\u0131 Ba\u011f\u0131ms\u0131z Denetim \u015eirketi\u2019nin se\u00e7imi hk.<\/a><\/li>\n\t\n\t\t<li><a href=\"https:\/\/profaj.co\/icu\/wp-content\/uploads\/2023\/05\/13.oezel-durum-31.03.2011-163-2011-Envitec-Ltd.-_ti.nde-sahip-oldu_umuz-hisselerin-devri-1.pdf\">13.\u00f6zel durum 07.06.2012 (303-2012) 2011 y\u0131l\u0131 Ola\u011fan Genel Kurul Toplant\u0131s\u0131\u2019na daveti ve ekleri hk.<\/a><\/li>\n\t\n\t\t<li><a href=\"https:\/\/profaj.co\/icu\/wp-content\/uploads\/2023\/05\/14.oezel-durum-07.06.2012-304-2012-2011-y_l_-kar-da_t_m-teklifi-hk.pdf\">14.\u00f6zel durum 07.06.2012 (304-2012) 2011 y\u0131l\u0131 kar da\u011f\u0131t\u0131m teklifi hk.<\/a><\/li>\n\t\n\t\t<li><a href=\"https:\/\/profaj.co\/icu\/wp-content\/uploads\/2023\/05\/15.oezel-durum-07.06.2012-305-2012-Hisse-Geri-Al_m-Program_n_n-Genel-Kurul-Onay_na-Sunulmas_-hk.pdf\">15.\u00f6zel durum 07.06.2012 (305-2012) Hisse Geri Al\u0131m Program\u0131n\u0131n Genel Kurul Onay\u0131na Sunulmas\u0131 hk.<\/a><\/li>\n\t\n\t\t<li><a href=\"https:\/\/profaj.co\/icu\/wp-content\/uploads\/2023\/05\/16.oezel-durum-07.06.2012-306-2012Kar-Da_t_m-Politikas_-ile-Yoen.-Kur.-Ueyeleri-ve-Uest-Duezey-Yoeneticilere-_li_.-Uecretlendirme-Politikas_n_n-Onaylanmas_-hk.pdf\">16.\u00f6zel durum 07.06.2012 (306-2012)Kar Da\u011f\u0131t\u0131m Politikas\u0131 ile Y\u00f6n. Kur. \u00dcyeleri ve \u00dcst D\u00fczey Y\u00f6neticilere \u0130li\u015f. \u00dccretlendirme Politikas\u0131n\u0131n Onaylanmas\u0131 hk.<\/a><\/li>\n\t\n\t\t<li><a href=\"https:\/\/profaj.co\/icu\/wp-content\/uploads\/2023\/05\/17.oezel-durum-07.06.2012-307-2012-Ba_ms_z-Yoenetim-Kurulu-Ueye-Adaylar_n_n-Onaylanmas_-ve-Kamuya-Duyurulmas_-hk.pdf\">17.\u00f6zel durum 07.06.2012 (307-2012) Ba\u011f\u0131ms\u0131z Y\u00f6netim Kurulu \u00dcye Adaylar\u0131n\u0131n Onaylanmas\u0131 ve Kamuya Duyurulmas\u0131 hk.<\/a><\/li>\n\t\n\t\t<li><a href=\"https:\/\/profaj.co\/icu\/wp-content\/uploads\/2023\/05\/18.oezel-durum-14.06.2012-324-2012Yoenetim-Kurulu-Adaylar_-hk.pdf\">18.\u00f6zel durum 14.06.2012 (324-2012)Y\u00f6netim Kurulu Adaylar\u0131 hk.<\/a><\/li>\n\t\n\t\t<li><a href=\"https:\/\/profaj.co\/icu\/wp-content\/uploads\/2023\/05\/19.oezel-durum-14.06.2012-325-2012Ba_ms_z-Yoenetim-Kurulu-Ueye-Adaylar_n_n-Onaylanmas_-ve-Kamuya-Duyurulmas_-duezeltme-hk.pdf\">19.\u00f6zel durum 14.06.2012 (325-2012)Ba\u011f\u0131ms\u0131z Y\u00f6netim Kurulu \u00dcye Adaylar\u0131n\u0131n Onaylanmas\u0131 ve Kamuya Duyurulmas\u0131 (d\u00fczeltme) hk.<\/a><\/li>\n\t\n\t\t<li><a href=\"https:\/\/profaj.co\/icu\/wp-content\/uploads\/2023\/05\/20.oezel-durum-15.06.2012-327-2012-Borclanma-Arac_-_hrac_-Hakk_nda.pdf\">20.\u00f6zel durum 15.06.2012 (327-2012) Bor\u00e7lanma Arac\u0131 \u0130hrac\u0131 Hakk\u0131nda<\/a><\/li>\n\t\n\t\t<li><a href=\"https:\/\/profaj.co\/icu\/wp-content\/uploads\/2023\/05\/21.oezel-durum-18.06.2012-332-2012-Borclanma-Arac_-_hrac_-icin-SPKya-ba_vuru-hk.pdf\">21.\u00f6zel durum 18.06.2012 (332-2012) Bor\u00e7lanma Arac\u0131 \u0130hrac\u0131 i\u00e7in SPK\u2019ya ba\u015fvuru hk.<\/a><\/li>\n\t\n\t\t<li><a href=\"https:\/\/profaj.co\/icu\/wp-content\/uploads\/2023\/05\/22.oezel-durum-20.06.2012-335-2012-A-grubu-_mtiyazl_-Pay-Sahipleri-Genel-Kurul-Toplant_s_-hk-1.pdf\">22.\u00f6zel durum 20.06.2012 (335-2012) A grubu \u0130mtiyazl\u0131 Pay Sahipleri Genel Kurul Toplant\u0131s\u0131 hk<\/a><\/li>\n\t\n\t\t<li><a href=\"https:\/\/profaj.co\/icu\/wp-content\/uploads\/2023\/05\/23.oezel-durum-25.06.2012-348-2012-Ba_l_-ortakl_m_z-Seta-T_bbi-Cihazlar-_th._hr.Paz_.-Tic.-ve-San.-A._.nin-eski-hissedarlar_na-olan-borcunun-yap_land_r_lmas_-hk.pdf\">23.\u00f6zel durum 25.06.2012 (348-2012) Ba\u011fl\u0131 ortakl\u0131\u011f\u0131m\u0131z Seta T\u0131bbi Cihazlar \u0130th.\u0130hr.Paz. Tic. ve San. A.\u015e.\u2019nin eski hissedarlar\u0131na olan borcunun yap\u0131land\u0131r\u0131lmas\u0131 hk.<\/a><\/li>\n\t\n\t\t<li><a href=\"https:\/\/profaj.co\/icu\/wp-content\/uploads\/2023\/05\/24.oezel-durum-29.06.2012-361-2012-29.06.2012-tarihinde-yap_lan-2011-y_l_-Ola_an-Genel-Kurul-Toplant_s_n_n-Tehiri-hk.pdf\">24.\u00f6zel durum 29.06.2012 (361-2012) 29.06.2012 tarihinde yap\u0131lan 2011 y\u0131l\u0131 Ola\u011fan Genel Kurul Toplant\u0131s\u0131\u2019n\u0131n Tehiri hk.<\/a><\/li>\n\t\n\t\t<li><a href=\"https:\/\/profaj.co\/icu\/wp-content\/uploads\/2023\/05\/25.oezel-durum-29.06.2012-362-2012-29.06.2012-tarihinde-yap_lan-A-grubu-_mtiyazl_-Pay-Sahipleri-Genel-Kurul-Toplant_s_n_n-tehiri-hk-1.pdf\">25.\u00f6zel durum 29.06.2012 (362-2012) 29.06.2012 tarihinde yap\u0131lan A grubu \u0130mtiyazl\u0131 Pay Sahipleri Genel Kurul Toplant\u0131s\u0131\u2019n\u0131n tehiri hk.<\/a><\/li>\n\t\n\t\t<li><a href=\"https:\/\/profaj.co\/icu\/wp-content\/uploads\/2023\/05\/27.oezel-durum-29.06.2012-366-2012-2011-y_l_-Ola_an-Genel-Kurul-Toplant_s_n_n-ertelenmesi-nedeniyle-tehir-edilen-A-Grubu-imtiyazl_-Pay-Sahipleri-Genel-Kur.Toplant.davet-hk.pdf\">27.\u00f6zel durum 29.06.2012 (366-2012) 2011 y\u0131l\u0131 Ola\u011fan Genel Kurul Toplant\u0131s\u0131n\u0131n ertelenmesi nedeniyle tehir edilen A Grubu imtiyazl\u0131 Pay Sahipleri Genel Kur.Toplant.davet hk.<\/a><\/li>\n\t\n\t\t<li><a href=\"https:\/\/profaj.co\/icu\/wp-content\/uploads\/2023\/05\/28.oezel-durum-02.07.2012-374-2012-_tirakimiz-OEP-RHEA-Turkey-Tech-BV-taraf_ndan-yap_lan-KAP-ac_klamas_-hk.pdf\">28.\u00f6zel durum 02.07.2012 (374-2012) \u0130\u015ftirakimiz OEP RHEA Turkey Tech BV taraf\u0131ndan yap\u0131lan KAP a\u00e7\u0131klamas\u0131 hk.<\/a><\/li>\n\t\n\t\t<li><a href=\"https:\/\/profaj.co\/icu\/wp-content\/uploads\/2023\/05\/29.oezel-durum-06.07.12Ba_l_-ortakl_m_z-Seta-T_bbi-Cihazlar-_thalat-_hracat-Pazarlama-Ticaret-ve-Sanayi-A._.nin-Seta-eski-hissedarlar_na-olan-borcunun-yap_land_r_lmas_-hk.pdf\">29.\u00f6zel durum 06.07.12 Ba\u011fl\u0131 ortakl\u0131\u011f\u0131m\u0131z Seta T\u0131bbi Cihazlar \u0130thalat \u0130hracat Pazarlama Ticaret ve Sanayi A.\u015e.\u2019nin (Seta) eski hissedarlar\u0131na olan borcunun yap\u0131land\u0131r\u0131lmas\u0131 hk.<\/a><\/li>\n\t\n\t\t<li><a href=\"https:\/\/profaj.co\/icu\/wp-content\/uploads\/2023\/05\/30.oezel-durum-09.07.2012-Yoenetim-Kurulu-Ueye-de_i_ikli_i-hk.pdf\">30.\u00f6zel durum 09.07.2012 Y\u00f6netim Kurulu \u00dcye de\u011fi\u015fikli\u011fi hk.<\/a><\/li>\n\t\n\t\t<li><a href=\"https:\/\/profaj.co\/icu\/wp-content\/uploads\/2023\/05\/31.olagan-genel-kurula-katilima-ilisk.esaslari-ihtiva-eden-ilan-metninin-2.ve-3.-paragraflari-mkknin-29.06.2012-tarih-ve-599-sayili-gn.mekt_.nca-degistirilmesi-hk.10.07.2012.pdf\">31.\u00f6zel durum 10.07.2012 Ola\u011fan Genel Kurul\u2019a kat\u0131l\u0131ma ili\u015fk.esaslar\u0131 ihtiva eden ilan metninin 2.ve 3. paragraflar\u0131 MKK\u2019n\u0131n 29.06.2012 tarih ve 599 say\u0131l\u0131 Gn.Mekt.\u2019nca de\u011fi\u015ftirilmesi hk.<\/a><\/li>\n\t\n\t\t<li><a href=\"https:\/\/profaj.co\/icu\/wp-content\/uploads\/2023\/05\/32.ozel-durum-istirakimiz-oep-rhea-turkey-tech-bv-tarafindan-yapilan-kap-aciklamasi-hk.pdf\">32.\u00f6zel durum \u0130\u015ftirakimiz OEP RHEA Turkey Tech BV taraf\u0131ndan yap\u0131lan KAP a\u00e7\u0131klamas\u0131 hk.<\/a><\/li>\n\t\n\t\t<li><a href=\"https:\/\/profaj.co\/icu\/wp-content\/uploads\/2023\/05\/33.ozel-durum-oep-rhea-turkey-tech-bv.den-temettu-geliri-edinimi-hk.pdf\">33.\u00f6zel durum OEP RHEA Turkey Tech BV.\u2019den temett\u00fc geliri edinimi hk.<\/a><\/li>\n\t\n\t\t<li><a href=\"https:\/\/profaj.co\/icu\/wp-content\/uploads\/2023\/05\/34.ozel-durum-avrupa-goz-mark.adi-alt.faal_.gosterm.olan-saglik-kurulusl.-yatirimin-uyg.-tespiti-icin-durum-tespit-ve-degerl.surec_.baslatil.dair-munhasirlik-anlas.-on-protokol-imzalanmasi.hk_.pdf\">34.\u00f6zel durum AVRUPA G\u00d6Z markas\u0131 ad\u0131 alt\u0131nda faaliyet g\u00f6stermekte olan sa\u011fl\u0131k kurulu\u015flar\u0131na yat\u0131r\u0131m\u0131n uygunlu\u011funun tespiti i\u00e7in durum tespit ve de\u011ferlendirme s\u00fcrecinin ba\u015flat\u0131lmas\u0131na dair m\u00fcnhas\u0131rl\u0131k anla\u015fmas\u0131 (\u00f6n protokol) imzalanmas\u0131 hk.<\/a><\/li>\n\t\n\t\t<li><a href=\"https:\/\/profaj.co\/icu\/wp-content\/uploads\/2023\/05\/35.ozel-durum-14.07.2012-istirakimiz-oep-rhea-turkey-tech-bv-tarafindan-yapilan-kap-aciklamasi-hk.pdf\">35.\u00f6zel durum (14.07.2012) \u0130\u015ftirakimiz OEP RHEA Turkey Tech BV taraf\u0131ndan yap\u0131lan KAP a\u00e7\u0131klamas\u0131 hk.<\/a><\/li>\n\t\n\t\t<li><a href=\"https:\/\/profaj.co\/icu\/wp-content\/uploads\/2023\/05\/36.ozel-durum-17.07.2012-istirakimiz-oep-rhea-turkey-tech-b.v.ye-ait-744.123000-adet-netas-telekomunikasyon-a.s.-payi-hk.pdf\">36.\u00f6zel durum (17.07.2012 ) \u0130\u015ftirakimiz OEP RHEA TURKEY TECH B.V.\u2019ye ait 744.123,000 adet NETA\u015e TELEKOM\u00dcN\u0130KASYON A.\u015e. pay\u0131 hk.<\/a><\/li>\n\t\n\t\t<li><a href=\"https:\/\/profaj.co\/icu\/wp-content\/uploads\/2023\/05\/37.ozel-durum-18.07.2012-istirakimiz-oep-rhea-turkey-tech-b.v.ye-ait-744.123000-adet-netas-telekomunikasyon-a.s.-payi-hk.pdf\">37.\u00f6zel durum (18.07.2012 ) \u0130\u015ftirakimiz OEP RHEA TURKEY TECH B.V.\u2019ye ait 744.123,000 adet NETA\u015e TELEKOM\u00dcN\u0130KASYON A.\u015e. pay\u0131 hk.<\/a><\/li>\n\t\n\t\t<li><a href=\"https:\/\/profaj.co\/icu\/wp-content\/uploads\/2023\/05\/38.ozel-durum-19.07.2012-istirakimiz-oep-rhea-turkey-tech-b.v.-tarafindan-yapilan-bilgilendirme.pdf\">38.\u00f6zel durum (19.07.2012) \u0130\u015ftirakimiz OEP RHEA Turkey Tech B.V. taraf\u0131ndan yap\u0131lan bilgilendirme hk.<\/a><\/li>\n\t\n\t\t<li><a href=\"https:\/\/profaj.co\/icu\/wp-content\/uploads\/2023\/05\/39.ozel-durum-24.07.12-netas-telekomunikasyon-a.s.-exper-bilgisayar-sist.san_.-ve-tic.-a.s.-ve-casper-bilgisayar-sist.-a.s.-arasinda-imzalanan-isbirligi-anlasmasi-hk.pdf\">39.\u00f6zel durum (24.07.12)  Neta\u015f Telekomunikasyon A.\u015e., Exper Bilgisayar Sist.San. ve Tic. A.\u015e. ve Casper Bilgisayar Sist. A.\u015e. aras\u0131nda imzalanan i\u015fbirli\u011fi anla\u015fmas\u0131 hk.<\/a><\/li>\n\t\n\t\t<li><a href=\"https:\/\/profaj.co\/icu\/wp-content\/uploads\/2023\/05\/40.ozel-durum-24.07.12-istirakimiz-oep-rhea-turkey-tech-bvden-kismi-temettu-odemesi-yapilmasi-hk.pdf\">40.\u00f6zel durum (24.07.12) \u0130\u015ftirakimiz OEP RHEA Turkey Tech BV\u2019den k\u0131smi temett\u00fc \u00f6demesi yap\u0131lmas\u0131 hk.<\/a><\/li>\n\t\n\t\t<li><a href=\"https:\/\/profaj.co\/icu\/wp-content\/uploads\/2023\/05\/41.ozel-durum-24.07.2012-istirakimiz-oep-rhea-turkey-tech-b.v.nin-yatirimi-netas-telekomunikasyon-a.s.-hk.pdf\">41.\u00f6zel durum (24.07.2012) \u0130\u015ftirakimiz OEP RHEA Turkey Tech B.V.\u2019nin yat\u0131r\u0131m\u0131 NETA\u015e TELEKOM\u00dcN\u0130KASYON A.\u015e. hk.<\/a><\/li>\n\t\n\t\t<li><a href=\"https:\/\/profaj.co\/icu\/wp-content\/uploads\/2023\/05\/42.ozel-durum-25.07.2012-yatirimci-iliskileri-mudurunun-goreve-baslamasi-hk.pdf\">42.\u00f6zel durum (25.07.2012) Yat\u0131r\u0131mc\u0131 \u0130li\u015fkileri M\u00fcd\u00fcr\u00fc\u2019n\u00fcn g\u00f6reve ba\u015flamas\u0131 hk.<\/a><\/li>\n\t\n\t\t<li><a href=\"https:\/\/profaj.co\/icu\/wp-content\/uploads\/2023\/05\/43.ozel-durum-27.07.2012-2011-yilina-ait-genel-kurul-toplanti-sonucu.pdf\">43.\u00f6zel durum (27.07.2012) 2011 y\u0131l\u0131na ait Genel Kurul Toplant\u0131 Sonucu<\/a><\/li>\n\t\n\t\t<li><a href=\"https:\/\/profaj.co\/icu\/wp-content\/uploads\/2023\/05\/44.ozel-durum-27.07.2012-a-grubu-imtiyazli-pay-sahipleri-toplanti-sonucu.pdf\">44.\u00f6zel durum (27.07.2012) A Grubu \u0130mtiyazl\u0131 Pay Sahipleri Toplant\u0131 Sonucu<\/a><\/li>\n\t\n\t\t<li><a href=\"https:\/\/profaj.co\/icu\/wp-content\/uploads\/2023\/05\/47.ozel-durum-16.08.2012-borclanma-araci-ihrac-tutarinin-degistirilmesi-hk.pdf\">45.\u00f6zel durum (03.08.2012) Y\u00f6netim Kurulu \u00dcyelerinin G\u00f6rev Da\u011f\u0131l\u0131m\u0131n\u0131n Yap\u0131lmas\u0131 ve 2011 Y\u0131l\u0131 Ola\u011fan Genel Kurulu\u2019nun tescili hk.<\/a><\/li>\n\t\n\t\n\t\n\t\t<li><a href=\"https:\/\/profaj.co\/icu\/wp-content\/uploads\/2023\/05\/48.ozel-durum-22.08.2012-borclanma-araci-ihrac-tutarinin-degistirilmesi-icin-spkya-basvuru-hk.pdf\">47.\u00f6zel durum (16.08.2012) Bor\u00e7lanma Arac\u0131 \u0130hra\u00e7 tutar\u0131n\u0131n de\u011fi\u015ftirilmesi hk.<\/a><\/li>\n\t\n\t\t<li><a href=\"https:\/\/profaj.co\/icu\/wp-content\/uploads\/2023\/05\/48.ozel-durum-22.08.2012-borclanma-araci-ihrac-tutarinin-degistirilmesi-icin-spkya-basvuru-hk.pdf\">48.\u00f6zel durum (22.08.2012) Bor\u00e7lanma Arac\u0131 \u0130hra\u00e7 tutar\u0131n\u0131n de\u011fi\u015ftirilmesi i\u00e7in SPK\u2019ya ba\u015fvuru hk.<\/a><\/li>\n\t\n\t\n\t\n\t\t<li><a href=\"https:\/\/profaj.co\/icu\/wp-content\/uploads\/2023\/05\/50.ozel-durum-17-18.09.2012-30.06.2012-tarihli-finansal-tablolarimiz-hk.pdf\">50.\u00f6zel durum (17.09.2012) 30.06.2012 Tarihli Finansal Tablolar\u0131m\u0131z hk.<\/a><\/li>\n\t\n\t\t<li><a href=\"https:\/\/profaj.co\/icu\/wp-content\/uploads\/2023\/05\/51.ozel-durum-10.10.2012-ihrac-edilecek-borclanma-araclarinin-niteliginin-degistirilmesi-hakkinda.pdf\">51.\u00f6zel durum (10.10.2012) \u0130hra\u00e7 edilecek bor\u00e7lanma ara\u00e7lar\u0131n\u0131n niteli\u011finin de\u011fi\u015ftirilmesi hk.<\/a><\/li>\n\t\n\t\t<li><a href=\"https:\/\/profaj.co\/icu\/wp-content\/uploads\/2023\/05\/52.ozel-durum-23.10.2012-tahvil-ihraci-basvurusu-hk.pdf\">52.\u00f6zel durum (23.10.2012) Tahvil ihrac\u0131 ba\u015fvurusu hk.<\/a><\/li>\n\t\n\t\t<li><a href=\"https:\/\/profaj.co\/icu\/wp-content\/uploads\/2023\/05\/53.ozel-durum-27.11.2012.pdf\">53.o\u0308zel durum (27.11.2012) Bag\u0306l\u0131 ortakl\u0131klar\u0131n o\u0308zsermayelerinin gu\u0308c\u0327lendirilmesi amac\u0131yla al\u0131nan yo\u0308netim kurulu karar\u0131 hakk\u0131nda<\/a><\/li>\n\t\n\t\t<li><a href=\"https:\/\/profaj.co\/icu\/wp-content\/uploads\/2023\/05\/54.oezel-durum-19.12.2012-Tahvil-ihracinin-sonuclanmasi-hk.pdf\">54.\u00f6zel durum (19.12.2012) Tahvil ihrac\u0131n\u0131n sonu\u00e7lanmas\u0131 hk.<\/a><\/li>\n\t\n\t\t<li><a href=\"https:\/\/profaj.co\/icu\/wp-content\/uploads\/2023\/05\/55.-Ozel-durum-20.12.2012-Yatirimci_iliskileri_Mudurunun_oerevinden_ayrimasi-hk.pdf\">55.\u00f6zel durum (20.12.2012) Yat\u0131r\u0131mc\u0131 \u0130li\u015fkileri M\u00fcd\u00fcr\u00fc'n\u00fcn g\u00f6revinden ayr\u0131lmas\u0131 hk.<\/a><\/li>\n\t\n\n<\/ul>\t\t<\/div>\n\t\t\t\t<\/div>\n\t\t\t\t\t<\/div>\n\t\t<\/div>\n\t\t\t\t\t\t\t<\/div>\n\t\t<\/section>\n\t\t\t\t\t\t\t<\/div>\n\t\t","protected":false},"excerpt":{"rendered":"<p>\u00d6zel Durumlar \u00d6zel Durum A\u00e7\u0131klamalar\u0131 2012 1.\u00f6zel durum 05.01.2012 (013-2012) OEP RHEA Turkey Tech BV\u2019de 37 adet pay devri hk. 2.\u00f6zel durum 06.01.2012 (014-2012) OEP RHEA Turkey Tech BV\u2019de 37 adet pay devri hk. 3.\u00f6zel durum 06.01.2012 (014-1-2012) OEP RHEA Turkey Tech BV\u2019de 37 adet pay devrine ili\u015fkin bildirimde d\u00fczeltme 4.\u00f6zel durum 13.01.2012 (022-2012) \u015eirketimizin [&hellip;]<\/p>\n","protected":false},"author":1,"featured_media":0,"parent":0,"menu_order":0,"comment_status":"closed","ping_status":"closed","template":"","meta":{"footnotes":""},"class_list":["post-2502","page","type-page","status-publish","hentry"],"_links":{"self":[{"href":"https:\/\/profaj.co\/icu\/wp-json\/wp\/v2\/pages\/2502","targetHints":{"allow":["GET"]}}],"collection":[{"href":"https:\/\/profaj.co\/icu\/wp-json\/wp\/v2\/pages"}],"about":[{"href":"https:\/\/profaj.co\/icu\/wp-json\/wp\/v2\/types\/page"}],"author":[{"embeddable":true,"href":"https:\/\/profaj.co\/icu\/wp-json\/wp\/v2\/users\/1"}],"replies":[{"embeddable":true,"href":"https:\/\/profaj.co\/icu\/wp-json\/wp\/v2\/comments?post=2502"}],"version-history":[{"count":7,"href":"https:\/\/profaj.co\/icu\/wp-json\/wp\/v2\/pages\/2502\/revisions"}],"predecessor-version":[{"id":2560,"href":"https:\/\/profaj.co\/icu\/wp-json\/wp\/v2\/pages\/2502\/revisions\/2560"}],"wp:attachment":[{"href":"https:\/\/profaj.co\/icu\/wp-json\/wp\/v2\/media?parent=2502"}],"curies":[{"name":"wp","href":"https:\/\/api.w.org\/{rel}","templated":true}]}}