{"id":2756,"date":"2023-08-01T05:43:42","date_gmt":"2023-08-01T05:43:42","guid":{"rendered":"https:\/\/profaj.co\/icu\/?page_id=2756"},"modified":"2023-10-06T11:58:58","modified_gmt":"2023-10-06T11:58:58","slug":"gecmis-yatirimlar","status":"publish","type":"page","link":"https:\/\/profaj.co\/icu\/gecmis-yatirimlar\/","title":{"rendered":"Ge\u00e7mi\u015f Yat\u0131r\u0131mlar"},"content":{"rendered":"\t\t<div data-elementor-type=\"wp-page\" data-elementor-id=\"2756\" class=\"elementor elementor-2756\">\n\t\t\t\t\t\t\t\t\t<section class=\"elementor-section elementor-top-section elementor-element elementor-element-249d52f elementor-section-boxed elementor-section-height-default elementor-section-height-default\" data-id=\"249d52f\" data-element_type=\"section\" data-settings=\"{&quot;background_background&quot;:&quot;classic&quot;}\">\n\t\t\t\t\t\t\t<div class=\"elementor-background-overlay\"><\/div>\n\t\t\t\t\t\t\t<div class=\"elementor-container elementor-column-gap-default\">\n\t\t\t\t\t<div class=\"elementor-column elementor-col-100 elementor-top-column elementor-element elementor-element-b24bc93\" data-id=\"b24bc93\" data-element_type=\"column\">\n\t\t\t<div class=\"elementor-widget-wrap\">\n\t\t\t\t\t\t\t\t\t<\/div>\n\t\t<\/div>\n\t\t\t\t\t\t\t<\/div>\n\t\t<\/section>\n\t\t\t\t<section class=\"elementor-section elementor-top-section elementor-element elementor-element-27a48f0f elementor-section-height-min-height elementor-section-content-middle elementor-section-boxed elementor-section-height-default elementor-section-items-middle\" data-id=\"27a48f0f\" data-element_type=\"section\">\n\t\t\t\t\t\t<div class=\"elementor-container elementor-column-gap-no\">\n\t\t\t\t\t<div class=\"elementor-column elementor-col-100 elementor-top-column elementor-element elementor-element-60260a57\" data-id=\"60260a57\" data-element_type=\"column\">\n\t\t\t<div class=\"elementor-widget-wrap elementor-element-populated\">\n\t\t\t\t\t\t\t\t<div class=\"elementor-element elementor-element-9d49e56 elementor-widget elementor-widget-heading\" data-id=\"9d49e56\" data-element_type=\"widget\" data-widget_type=\"heading.default\">\n\t\t\t\t<div class=\"elementor-widget-container\">\n\t\t\t<style>\/*! elementor - v3.12.1 - 02-04-2023 *\/\n.elementor-heading-title{padding:0;margin:0;line-height:1}.elementor-widget-heading .elementor-heading-title[class*=elementor-size-]>a{color:inherit;font-size:inherit;line-height:inherit}.elementor-widget-heading .elementor-heading-title.elementor-size-small{font-size:15px}.elementor-widget-heading .elementor-heading-title.elementor-size-medium{font-size:19px}.elementor-widget-heading .elementor-heading-title.elementor-size-large{font-size:29px}.elementor-widget-heading .elementor-heading-title.elementor-size-xl{font-size:39px}.elementor-widget-heading .elementor-heading-title.elementor-size-xxl{font-size:59px}<\/style><h1 class=\"elementor-heading-title elementor-size-default\">YATIRIMLARIMIZ<\/h1>\t\t<\/div>\n\t\t\t\t<\/div>\n\t\t\t\t<div class=\"elementor-element elementor-element-6cb8e96 elementor-widget elementor-widget-heading\" data-id=\"6cb8e96\" data-element_type=\"widget\" data-widget_type=\"heading.default\">\n\t\t\t\t<div class=\"elementor-widget-container\">\n\t\t\t<h2 class=\"elementor-heading-title elementor-size-default\">Ge\u00e7mi\u015f Yat\u0131r\u0131mlar:<\/h2>\t\t<\/div>\n\t\t\t\t<\/div>\n\t\t\t\t\t<\/div>\n\t\t<\/div>\n\t\t\t\t\t\t\t<\/div>\n\t\t<\/section>\n\t\t\t\t<section class=\"elementor-section elementor-top-section elementor-element elementor-element-8d179b9 elementor-section-boxed elementor-section-height-default elementor-section-height-default\" data-id=\"8d179b9\" data-element_type=\"section\">\n\t\t\t\t\t\t<div class=\"elementor-container elementor-column-gap-default\">\n\t\t\t\t\t<div class=\"elementor-column elementor-col-33 elementor-top-column elementor-element elementor-element-84fa1fe\" data-id=\"84fa1fe\" data-element_type=\"column\">\n\t\t\t<div class=\"elementor-widget-wrap elementor-element-populated\">\n\t\t\t\t\t\t\t\t<div class=\"elementor-element elementor-element-4661dcc elementor-widget elementor-widget-text-editor\" data-id=\"4661dcc\" data-element_type=\"widget\" data-widget_type=\"text-editor.default\">\n\t\t\t\t<div class=\"elementor-widget-container\">\n\t\t\t<style>\/*! elementor - v3.12.1 - 02-04-2023 *\/\n.elementor-widget-text-editor.elementor-drop-cap-view-stacked .elementor-drop-cap{background-color:#69727d;color:#fff}.elementor-widget-text-editor.elementor-drop-cap-view-framed .elementor-drop-cap{color:#69727d;border:3px solid;background-color:transparent}.elementor-widget-text-editor:not(.elementor-drop-cap-view-default) .elementor-drop-cap{margin-top:8px}.elementor-widget-text-editor:not(.elementor-drop-cap-view-default) .elementor-drop-cap-letter{width:1em;height:1em}.elementor-widget-text-editor .elementor-drop-cap{float:left;text-align:center;line-height:1;font-size:50px}.elementor-widget-text-editor .elementor-drop-cap-letter{display:inline-block}<\/style>\t\t\t\t<p><strong>TEKNO PLAZMA \u0130LER\u0130 TEKNOLOJ\u0130 MALZEMELER\u0130 A.\u015e<\/strong><\/p><p><span style=\"font-weight: 400;\">ODT\u00dc&#8217;de geli\u015ftirilen bir proje olarak 1996&#8217;da kuruldu. Sanayide kullan\u0131lan kesici ve delici aletlerin, kal\u0131plar\u0131n \u00f6mr\u00fcn\u00fc 20 kat uzatan bir seramik kaplama \u00fcretimi \u00fczerine \u00e7al\u0131\u015fan bu Ar-Ge \u015firketinden VAKIFBANK d\u00f6neminde \u00e7\u0131k\u0131\u015f ger\u00e7ekle\u015ftirilmi\u015ftir.<\/span><\/p>\t\t\t\t\t\t<\/div>\n\t\t\t\t<\/div>\n\t\t\t\t\t<\/div>\n\t\t<\/div>\n\t\t\t\t<div class=\"elementor-column elementor-col-33 elementor-top-column elementor-element elementor-element-201e4c8\" data-id=\"201e4c8\" data-element_type=\"column\">\n\t\t\t<div class=\"elementor-widget-wrap elementor-element-populated\">\n\t\t\t\t\t\t\t\t<div class=\"elementor-element elementor-element-855421e elementor-widget elementor-widget-text-editor\" data-id=\"855421e\" data-element_type=\"widget\" data-widget_type=\"text-editor.default\">\n\t\t\t\t<div class=\"elementor-widget-container\">\n\t\t\t\t\t\t\t<p><strong>\u0130NOVA B\u0130O TEKNOLOJ\u0130 A.\u015e<\/strong><\/p><p><span style=\"font-weight: 400;\">1999&#8217;da kurulan \u015firket h\u0131zl\u0131 te\u015fhis kitleri \u00fcretimi \u00fczerine \u00e7al\u0131\u015fmaktad\u0131r. T\u00dcB\u0130TAK MAM&#8217;da geli\u015ftirilen proje, hamilelik, hepatit B ve C (Sar\u0131l\u0131k) ile HIV (AIDS) te\u015fhisine y\u00f6nelik \u00fcr\u00fcnler geli\u015ftirmekteydi. Bu yat\u0131r\u0131mdan VAKIFBANK d\u00f6neminde \u00e7\u0131k\u0131\u015f ger\u00e7ekle\u015ftirilmi\u015ftir.<\/span><\/p>\t\t\t\t\t\t<\/div>\n\t\t\t\t<\/div>\n\t\t\t\t\t<\/div>\n\t\t<\/div>\n\t\t\t\t<div class=\"elementor-column elementor-col-33 elementor-top-column elementor-element elementor-element-74842ad\" data-id=\"74842ad\" data-element_type=\"column\">\n\t\t\t<div class=\"elementor-widget-wrap elementor-element-populated\">\n\t\t\t\t\t\t\t\t<div class=\"elementor-element elementor-element-60b3f9d elementor-widget elementor-widget-text-editor\" data-id=\"60b3f9d\" data-element_type=\"widget\" data-widget_type=\"text-editor.default\">\n\t\t\t\t<div class=\"elementor-widget-container\">\n\t\t\t\t\t\t\t<p><strong>ODT\u00dc YAZILIM H\u0130ZMETLER\u0130 A.\u015e.<\/strong><\/p><p><span style=\"font-weight: 400;\">Bu \u015firket T\u00fcrkiye&#8217;nin ilk internet servis sa\u011flay\u0131c\u0131s\u0131 TR Net\u2019in sahibi olma \u00f6zelli\u011fini ta\u015f\u0131maktad\u0131r. VAKIFBANK d\u00f6neminin en b\u00fcy\u00fck yat\u0131r\u0131m\u0131 olma \u00f6zelli\u011fini de ta\u015f\u0131yan ve T\u00fcrkiye\u2019de internet servis sa\u011flay\u0131c\u0131s\u0131 kavram\u0131n\u0131n olu\u015fmas\u0131na \u00f6nc\u00fcl\u00fck eden bu \u015firketten VAKIFBANK d\u00f6nemince \u00e7\u0131k\u0131\u015f ger\u00e7ekle\u015ftirilmi\u015ftir.<\/span><\/p>\t\t\t\t\t\t<\/div>\n\t\t\t\t<\/div>\n\t\t\t\t\t<\/div>\n\t\t<\/div>\n\t\t\t\t\t\t\t<\/div>\n\t\t<\/section>\n\t\t\t\t\t\t\t<\/div>\n\t\t","protected":false},"excerpt":{"rendered":"<p>YATIRIMLARIMIZ Ge\u00e7mi\u015f Yat\u0131r\u0131mlar: TEKNO PLAZMA \u0130LER\u0130 TEKNOLOJ\u0130 MALZEMELER\u0130 A.\u015e ODT\u00dc&#8217;de geli\u015ftirilen bir proje olarak 1996&#8217;da kuruldu. Sanayide kullan\u0131lan kesici ve delici aletlerin, kal\u0131plar\u0131n \u00f6mr\u00fcn\u00fc 20 kat uzatan bir seramik kaplama \u00fcretimi \u00fczerine \u00e7al\u0131\u015fan bu Ar-Ge \u015firketinden VAKIFBANK d\u00f6neminde \u00e7\u0131k\u0131\u015f ger\u00e7ekle\u015ftirilmi\u015ftir. \u0130NOVA B\u0130O TEKNOLOJ\u0130 A.\u015e 1999&#8217;da kurulan \u015firket h\u0131zl\u0131 te\u015fhis kitleri \u00fcretimi \u00fczerine \u00e7al\u0131\u015fmaktad\u0131r. T\u00dcB\u0130TAK MAM&#8217;da [&hellip;]<\/p>\n","protected":false},"author":1,"featured_media":0,"parent":0,"menu_order":0,"comment_status":"closed","ping_status":"closed","template":"","meta":{"footnotes":""},"class_list":["post-2756","page","type-page","status-publish","hentry"],"_links":{"self":[{"href":"https:\/\/profaj.co\/icu\/wp-json\/wp\/v2\/pages\/2756","targetHints":{"allow":["GET"]}}],"collection":[{"href":"https:\/\/profaj.co\/icu\/wp-json\/wp\/v2\/pages"}],"about":[{"href":"https:\/\/profaj.co\/icu\/wp-json\/wp\/v2\/types\/page"}],"author":[{"embeddable":true,"href":"https:\/\/profaj.co\/icu\/wp-json\/wp\/v2\/users\/1"}],"replies":[{"embeddable":true,"href":"https:\/\/profaj.co\/icu\/wp-json\/wp\/v2\/comments?post=2756"}],"version-history":[{"count":34,"href":"https:\/\/profaj.co\/icu\/wp-json\/wp\/v2\/pages\/2756\/revisions"}],"predecessor-version":[{"id":3037,"href":"https:\/\/profaj.co\/icu\/wp-json\/wp\/v2\/pages\/2756\/revisions\/3037"}],"wp:attachment":[{"href":"https:\/\/profaj.co\/icu\/wp-json\/wp\/v2\/media?parent=2756"}],"curies":[{"name":"wp","href":"https:\/\/api.w.org\/{rel}","templated":true}]}}