{"id":2854,"date":"2023-09-26T10:59:38","date_gmt":"2023-09-26T10:59:38","guid":{"rendered":"https:\/\/profaj.co\/icu\/?page_id=2854"},"modified":"2023-10-11T08:17:45","modified_gmt":"2023-10-11T08:17:45","slug":"yonetim","status":"publish","type":"page","link":"https:\/\/profaj.co\/icu\/yonetim\/","title":{"rendered":"Y\u00d6NET\u0130M"},"content":{"rendered":"\t\t<div data-elementor-type=\"wp-page\" data-elementor-id=\"2854\" class=\"elementor elementor-2854\">\n\t\t\t\t\t\t\t\t\t<section class=\"elementor-section elementor-top-section elementor-element elementor-element-9e13ca5 elementor-section-boxed elementor-section-height-default elementor-section-height-default\" data-id=\"9e13ca5\" data-element_type=\"section\" data-settings=\"{&quot;background_background&quot;:&quot;classic&quot;}\">\n\t\t\t\t\t\t\t<div class=\"elementor-background-overlay\"><\/div>\n\t\t\t\t\t\t\t<div class=\"elementor-container elementor-column-gap-default\">\n\t\t\t\t\t<div class=\"elementor-column elementor-col-100 elementor-top-column elementor-element elementor-element-e41ac78\" data-id=\"e41ac78\" data-element_type=\"column\">\n\t\t\t<div class=\"elementor-widget-wrap\">\n\t\t\t\t\t\t\t\t\t<\/div>\n\t\t<\/div>\n\t\t\t\t\t\t\t<\/div>\n\t\t<\/section>\n\t\t\t\t<section class=\"elementor-section elementor-top-section elementor-element elementor-element-27b5188 elementor-section-boxed elementor-section-height-default elementor-section-height-default\" data-id=\"27b5188\" data-element_type=\"section\">\n\t\t\t\t\t\t<div class=\"elementor-container elementor-column-gap-no\">\n\t\t\t\t\t<div class=\"elementor-column elementor-col-100 elementor-top-column elementor-element elementor-element-39f6a51\" data-id=\"39f6a51\" data-element_type=\"column\">\n\t\t\t<div class=\"elementor-widget-wrap elementor-element-populated\">\n\t\t\t\t\t\t\t\t<div class=\"elementor-element elementor-element-2c51b42 elementor-widget elementor-widget-heading\" data-id=\"2c51b42\" data-element_type=\"widget\" data-widget_type=\"heading.default\">\n\t\t\t\t<div class=\"elementor-widget-container\">\n\t\t\t<style>\/*! elementor - v3.12.1 - 02-04-2023 *\/\n.elementor-heading-title{padding:0;margin:0;line-height:1}.elementor-widget-heading .elementor-heading-title[class*=elementor-size-]>a{color:inherit;font-size:inherit;line-height:inherit}.elementor-widget-heading .elementor-heading-title.elementor-size-small{font-size:15px}.elementor-widget-heading .elementor-heading-title.elementor-size-medium{font-size:19px}.elementor-widget-heading .elementor-heading-title.elementor-size-large{font-size:29px}.elementor-widget-heading .elementor-heading-title.elementor-size-xl{font-size:39px}.elementor-widget-heading .elementor-heading-title.elementor-size-xxl{font-size:59px}<\/style><h3 class=\"elementor-heading-title elementor-size-default\">Y\u00d6NET\u0130M KURULU<\/h3>\t\t<\/div>\n\t\t\t\t<\/div>\n\t\t\t\t<section class=\"elementor-section elementor-inner-section elementor-element elementor-element-d2afce4 elementor-section-full_width elementor-section-height-default elementor-section-height-default\" data-id=\"d2afce4\" data-element_type=\"section\">\n\t\t\t\t\t\t<div class=\"elementor-container elementor-column-gap-no\">\n\t\t\t\t\t<div class=\"elementor-column elementor-col-33 elementor-inner-column elementor-element elementor-element-5f10309\" data-id=\"5f10309\" data-element_type=\"column\">\n\t\t\t<div class=\"elementor-widget-wrap elementor-element-populated\">\n\t\t\t\t\t\t\t\t<div class=\"elementor-element elementor-element-875af81 elementor-position-top elementor-vertical-align-top elementor-widget elementor-widget-image-box\" data-id=\"875af81\" data-element_type=\"widget\" data-widget_type=\"image-box.default\">\n\t\t\t\t<div class=\"elementor-widget-container\">\n\t\t\t<style>\/*! elementor - v3.12.1 - 02-04-2023 *\/\n.elementor-widget-image-box .elementor-image-box-content{width:100%}@media (min-width:768px){.elementor-widget-image-box.elementor-position-left .elementor-image-box-wrapper,.elementor-widget-image-box.elementor-position-right .elementor-image-box-wrapper{display:flex}.elementor-widget-image-box.elementor-position-right .elementor-image-box-wrapper{text-align:right;flex-direction:row-reverse}.elementor-widget-image-box.elementor-position-left .elementor-image-box-wrapper{text-align:left;flex-direction:row}.elementor-widget-image-box.elementor-position-top .elementor-image-box-img{margin:auto}.elementor-widget-image-box.elementor-vertical-align-top .elementor-image-box-wrapper{align-items:flex-start}.elementor-widget-image-box.elementor-vertical-align-middle .elementor-image-box-wrapper{align-items:center}.elementor-widget-image-box.elementor-vertical-align-bottom .elementor-image-box-wrapper{align-items:flex-end}}@media (max-width:767px){.elementor-widget-image-box .elementor-image-box-img{margin-left:auto!important;margin-right:auto!important;margin-bottom:15px}}.elementor-widget-image-box .elementor-image-box-img{display:inline-block}.elementor-widget-image-box .elementor-image-box-title a{color:inherit}.elementor-widget-image-box .elementor-image-box-wrapper{text-align:center}.elementor-widget-image-box .elementor-image-box-description{margin:0}<\/style><div class=\"elementor-image-box-wrapper\"><figure class=\"elementor-image-box-img\"><a href=\"https:\/\/profaj.co\/icu\/haci-bayram-basaran\/\"><img loading=\"lazy\" decoding=\"async\" width=\"413\" height=\"413\" src=\"https:\/\/profaj.co\/icu\/wp-content\/uploads\/2023\/04\/Team.jpg\" class=\"elementor-animation-grow attachment-full size-full wp-image-701\" alt=\"\" srcset=\"https:\/\/profaj.co\/icu\/wp-content\/uploads\/2023\/04\/Team.jpg 413w, https:\/\/profaj.co\/icu\/wp-content\/uploads\/2023\/04\/Team-300x300.jpg 300w, https:\/\/profaj.co\/icu\/wp-content\/uploads\/2023\/04\/Team-150x150.jpg 150w\" sizes=\"auto, (max-width: 413px) 100vw, 413px\" \/><\/a><\/figure><div class=\"elementor-image-box-content\"><h4 class=\"elementor-image-box-title\"><a href=\"https:\/\/profaj.co\/icu\/haci-bayram-basaran\/\">Hac\u0131 Bayram BA\u015eARAN<\/a><\/h4><p class=\"elementor-image-box-description\">Y\u00f6netim Kurulu Ba\u015fkan\u0131 \/ \u0130cra Kurulu Ba\u015fkan\u0131\n<\/p><\/div><\/div>\t\t<\/div>\n\t\t\t\t<\/div>\n\t\t\t\t\t<\/div>\n\t\t<\/div>\n\t\t\t\t<div class=\"elementor-column elementor-col-33 elementor-inner-column elementor-element elementor-element-4d4f792\" data-id=\"4d4f792\" data-element_type=\"column\">\n\t\t\t<div class=\"elementor-widget-wrap elementor-element-populated\">\n\t\t\t\t\t\t\t\t<div class=\"elementor-element elementor-element-52af9f3 elementor-position-top elementor-vertical-align-top elementor-widget elementor-widget-image-box\" data-id=\"52af9f3\" data-element_type=\"widget\" data-widget_type=\"image-box.default\">\n\t\t\t\t<div class=\"elementor-widget-container\">\n\t\t\t<div class=\"elementor-image-box-wrapper\"><figure class=\"elementor-image-box-img\"><a href=\"https:\/\/profaj.co\/icu\/omer-senoz\/\"><img loading=\"lazy\" decoding=\"async\" width=\"413\" height=\"413\" src=\"https:\/\/profaj.co\/icu\/wp-content\/uploads\/2023\/04\/Team.jpg\" class=\"elementor-animation-grow attachment-full size-full wp-image-701\" alt=\"\" srcset=\"https:\/\/profaj.co\/icu\/wp-content\/uploads\/2023\/04\/Team.jpg 413w, https:\/\/profaj.co\/icu\/wp-content\/uploads\/2023\/04\/Team-300x300.jpg 300w, https:\/\/profaj.co\/icu\/wp-content\/uploads\/2023\/04\/Team-150x150.jpg 150w\" sizes=\"auto, (max-width: 413px) 100vw, 413px\" \/><\/a><\/figure><div class=\"elementor-image-box-content\"><h4 class=\"elementor-image-box-title\"><a href=\"https:\/\/profaj.co\/icu\/omer-senoz\/\">\u00d6mer \u015eEN\u00d6Z<\/a><\/h4><p class=\"elementor-image-box-description\">Y\u00f6netim Kurulu Ba\u015fkan Vekili \/ \u0130cra Kurulu \u00dcyesi\n<\/p><\/div><\/div>\t\t<\/div>\n\t\t\t\t<\/div>\n\t\t\t\t\t<\/div>\n\t\t<\/div>\n\t\t\t\t<div class=\"elementor-column elementor-col-33 elementor-inner-column elementor-element elementor-element-b9a2034\" data-id=\"b9a2034\" data-element_type=\"column\">\n\t\t\t<div class=\"elementor-widget-wrap elementor-element-populated\">\n\t\t\t\t\t\t\t\t<div class=\"elementor-element elementor-element-4ac2cd4 elementor-position-top elementor-vertical-align-top elementor-widget elementor-widget-image-box\" data-id=\"4ac2cd4\" data-element_type=\"widget\" data-widget_type=\"image-box.default\">\n\t\t\t\t<div class=\"elementor-widget-container\">\n\t\t\t<div class=\"elementor-image-box-wrapper\"><figure class=\"elementor-image-box-img\"><a href=\"https:\/\/profaj.co\/icu\/ece-erkal\/\"><img loading=\"lazy\" decoding=\"async\" width=\"413\" height=\"413\" src=\"https:\/\/profaj.co\/icu\/wp-content\/uploads\/2023\/04\/Team.jpg\" class=\"elementor-animation-grow attachment-full size-full wp-image-701\" alt=\"\" srcset=\"https:\/\/profaj.co\/icu\/wp-content\/uploads\/2023\/04\/Team.jpg 413w, https:\/\/profaj.co\/icu\/wp-content\/uploads\/2023\/04\/Team-300x300.jpg 300w, https:\/\/profaj.co\/icu\/wp-content\/uploads\/2023\/04\/Team-150x150.jpg 150w\" sizes=\"auto, (max-width: 413px) 100vw, 413px\" \/><\/a><\/figure><div class=\"elementor-image-box-content\"><h4 class=\"elementor-image-box-title\"><a href=\"https:\/\/profaj.co\/icu\/ece-erkal\/\">Ece ERKAL<\/a><\/h4><p class=\"elementor-image-box-description\">Y\u00f6netim Kurulu \u00dcyesi\n<\/p><\/div><\/div>\t\t<\/div>\n\t\t\t\t<\/div>\n\t\t\t\t\t<\/div>\n\t\t<\/div>\n\t\t\t\t\t\t\t<\/div>\n\t\t<\/section>\n\t\t\t\t<section class=\"elementor-section elementor-inner-section elementor-element elementor-element-74b3ef7 elementor-section-full_width elementor-section-height-default elementor-section-height-default\" data-id=\"74b3ef7\" data-element_type=\"section\">\n\t\t\t\t\t\t<div class=\"elementor-container elementor-column-gap-no\">\n\t\t\t\t\t<div class=\"elementor-column elementor-col-33 elementor-inner-column elementor-element elementor-element-79d2de9\" data-id=\"79d2de9\" data-element_type=\"column\">\n\t\t\t<div class=\"elementor-widget-wrap elementor-element-populated\">\n\t\t\t\t\t\t\t\t<div class=\"elementor-element elementor-element-3abbe46 elementor-position-top elementor-vertical-align-top elementor-widget elementor-widget-image-box\" data-id=\"3abbe46\" data-element_type=\"widget\" data-widget_type=\"image-box.default\">\n\t\t\t\t<div class=\"elementor-widget-container\">\n\t\t\t<div class=\"elementor-image-box-wrapper\"><figure class=\"elementor-image-box-img\"><a href=\"https:\/\/profaj.co\/icu\/cevdet-erkorkmaz\/\"><img loading=\"lazy\" decoding=\"async\" width=\"413\" height=\"413\" src=\"https:\/\/profaj.co\/icu\/wp-content\/uploads\/2023\/04\/Team.jpg\" class=\"elementor-animation-grow attachment-full size-full wp-image-701\" alt=\"\" srcset=\"https:\/\/profaj.co\/icu\/wp-content\/uploads\/2023\/04\/Team.jpg 413w, https:\/\/profaj.co\/icu\/wp-content\/uploads\/2023\/04\/Team-300x300.jpg 300w, https:\/\/profaj.co\/icu\/wp-content\/uploads\/2023\/04\/Team-150x150.jpg 150w\" sizes=\"auto, (max-width: 413px) 100vw, 413px\" \/><\/a><\/figure><div class=\"elementor-image-box-content\"><h4 class=\"elementor-image-box-title\"><a href=\"https:\/\/profaj.co\/icu\/cevdet-erkorkmaz\/\">Cevdet ERKORKMAZ<\/a><\/h4><p class=\"elementor-image-box-description\">Ba\u011f\u0131ms\u0131z Y\u00f6netim Kurulu \u00dcyesi\n<\/p><\/div><\/div>\t\t<\/div>\n\t\t\t\t<\/div>\n\t\t\t\t\t<\/div>\n\t\t<\/div>\n\t\t\t\t<div class=\"elementor-column elementor-col-33 elementor-inner-column elementor-element elementor-element-d12d332\" data-id=\"d12d332\" data-element_type=\"column\">\n\t\t\t<div class=\"elementor-widget-wrap elementor-element-populated\">\n\t\t\t\t\t\t\t\t<div class=\"elementor-element elementor-element-a23dd29 elementor-position-top elementor-vertical-align-top elementor-widget elementor-widget-image-box\" data-id=\"a23dd29\" data-element_type=\"widget\" data-widget_type=\"image-box.default\">\n\t\t\t\t<div class=\"elementor-widget-container\">\n\t\t\t<div class=\"elementor-image-box-wrapper\"><figure class=\"elementor-image-box-img\"><a href=\"https:\/\/profaj.co\/icu\/dr-guloren-tunca\/\"><img loading=\"lazy\" decoding=\"async\" width=\"413\" height=\"413\" src=\"https:\/\/profaj.co\/icu\/wp-content\/uploads\/2023\/04\/Team.jpg\" class=\"elementor-animation-grow attachment-full size-full wp-image-701\" alt=\"\" srcset=\"https:\/\/profaj.co\/icu\/wp-content\/uploads\/2023\/04\/Team.jpg 413w, https:\/\/profaj.co\/icu\/wp-content\/uploads\/2023\/04\/Team-300x300.jpg 300w, https:\/\/profaj.co\/icu\/wp-content\/uploads\/2023\/04\/Team-150x150.jpg 150w\" sizes=\"auto, (max-width: 413px) 100vw, 413px\" \/><\/a><\/figure><div class=\"elementor-image-box-content\"><h4 class=\"elementor-image-box-title\"><a href=\"https:\/\/profaj.co\/icu\/dr-guloren-tunca\/\">G\u00fcl\u00f6ren TUNCA<\/a><\/h4><p class=\"elementor-image-box-description\">Ba\u011f\u0131ms\u0131z Y\u00f6netim Kurulu \u00dcyesi\n<\/p><\/div><\/div>\t\t<\/div>\n\t\t\t\t<\/div>\n\t\t\t\t\t<\/div>\n\t\t<\/div>\n\t\t\t\t<div class=\"elementor-column elementor-col-33 elementor-inner-column elementor-element elementor-element-4164e47\" data-id=\"4164e47\" data-element_type=\"column\">\n\t\t\t<div class=\"elementor-widget-wrap\">\n\t\t\t\t\t\t\t\t\t<\/div>\n\t\t<\/div>\n\t\t\t\t\t\t\t<\/div>\n\t\t<\/section>\n\t\t\t\t\t<\/div>\n\t\t<\/div>\n\t\t\t\t\t\t\t<\/div>\n\t\t<\/section>\n\t\t\t\t\t\t\t<\/div>\n\t\t","protected":false},"excerpt":{"rendered":"<p>Y\u00d6NET\u0130M KURULU Hac\u0131 Bayram BA\u015eARAN Y\u00f6netim Kurulu Ba\u015fkan\u0131 \/ \u0130cra Kurulu Ba\u015fkan\u0131 \u00d6mer \u015eEN\u00d6Z Y\u00f6netim Kurulu Ba\u015fkan Vekili \/ \u0130cra Kurulu \u00dcyesi Ece ERKAL Y\u00f6netim Kurulu \u00dcyesi Cevdet ERKORKMAZ Ba\u011f\u0131ms\u0131z Y\u00f6netim Kurulu \u00dcyesi G\u00fcl\u00f6ren TUNCA Ba\u011f\u0131ms\u0131z Y\u00f6netim Kurulu \u00dcyesi<\/p>\n","protected":false},"author":1,"featured_media":0,"parent":0,"menu_order":0,"comment_status":"closed","ping_status":"closed","template":"","meta":{"footnotes":""},"class_list":["post-2854","page","type-page","status-publish","hentry"],"_links":{"self":[{"href":"https:\/\/profaj.co\/icu\/wp-json\/wp\/v2\/pages\/2854","targetHints":{"allow":["GET"]}}],"collection":[{"href":"https:\/\/profaj.co\/icu\/wp-json\/wp\/v2\/pages"}],"about":[{"href":"https:\/\/profaj.co\/icu\/wp-json\/wp\/v2\/types\/page"}],"author":[{"embeddable":true,"href":"https:\/\/profaj.co\/icu\/wp-json\/wp\/v2\/users\/1"}],"replies":[{"embeddable":true,"href":"https:\/\/profaj.co\/icu\/wp-json\/wp\/v2\/comments?post=2854"}],"version-history":[{"count":25,"href":"https:\/\/profaj.co\/icu\/wp-json\/wp\/v2\/pages\/2854\/revisions"}],"predecessor-version":[{"id":3112,"href":"https:\/\/profaj.co\/icu\/wp-json\/wp\/v2\/pages\/2854\/revisions\/3112"}],"wp:attachment":[{"href":"https:\/\/profaj.co\/icu\/wp-json\/wp\/v2\/media?parent=2854"}],"curies":[{"name":"wp","href":"https:\/\/api.w.org\/{rel}","templated":true}]}}