{"id":3081,"date":"2023-10-11T08:11:43","date_gmt":"2023-10-11T08:11:43","guid":{"rendered":"https:\/\/profaj.co\/icu\/?page_id=3081"},"modified":"2023-10-11T08:14:43","modified_gmt":"2023-10-11T08:14:43","slug":"cevdet-erkorkmaz","status":"publish","type":"page","link":"https:\/\/profaj.co\/icu\/cevdet-erkorkmaz\/","title":{"rendered":"CEVDET ERKORKMAZ"},"content":{"rendered":"\t\t<div data-elementor-type=\"wp-page\" data-elementor-id=\"3081\" class=\"elementor elementor-3081\">\n\t\t\t\t\t\t\t\t\t<section class=\"elementor-section elementor-top-section elementor-element elementor-element-9e13ca5 elementor-section-boxed elementor-section-height-default elementor-section-height-default\" data-id=\"9e13ca5\" data-element_type=\"section\" data-settings=\"{&quot;background_background&quot;:&quot;classic&quot;}\">\n\t\t\t\t\t\t\t<div class=\"elementor-background-overlay\"><\/div>\n\t\t\t\t\t\t\t<div class=\"elementor-container elementor-column-gap-default\">\n\t\t\t\t\t<div class=\"elementor-column elementor-col-100 elementor-top-column elementor-element elementor-element-347d169\" data-id=\"347d169\" data-element_type=\"column\">\n\t\t\t<div class=\"elementor-widget-wrap\">\n\t\t\t\t\t\t\t\t\t<\/div>\n\t\t<\/div>\n\t\t\t\t\t\t\t<\/div>\n\t\t<\/section>\n\t\t\t\t<section class=\"elementor-section elementor-top-section elementor-element elementor-element-27a48f0f elementor-section-height-min-height elementor-section-content-middle elementor-section-boxed elementor-section-height-default elementor-section-items-middle\" data-id=\"27a48f0f\" data-element_type=\"section\">\n\t\t\t\t\t\t<div class=\"elementor-container elementor-column-gap-no\">\n\t\t\t\t\t<div class=\"elementor-column elementor-col-100 elementor-top-column elementor-element elementor-element-60260a57\" data-id=\"60260a57\" data-element_type=\"column\">\n\t\t\t<div class=\"elementor-widget-wrap elementor-element-populated\">\n\t\t\t\t\t\t\t\t<section class=\"elementor-section elementor-inner-section elementor-element elementor-element-cae7ed3 elementor-section-boxed elementor-section-height-default elementor-section-height-default\" data-id=\"cae7ed3\" data-element_type=\"section\">\n\t\t\t\t\t\t<div class=\"elementor-container elementor-column-gap-default\">\n\t\t\t\t\t<div class=\"elementor-column elementor-col-100 elementor-inner-column elementor-element elementor-element-5e99e90\" data-id=\"5e99e90\" data-element_type=\"column\">\n\t\t\t<div class=\"elementor-widget-wrap elementor-element-populated\">\n\t\t\t\t\t\t\t\t<div class=\"elementor-element elementor-element-3e90b01 elementor-widget elementor-widget-text-editor\" data-id=\"3e90b01\" data-element_type=\"widget\" data-widget_type=\"text-editor.default\">\n\t\t\t\t<div class=\"elementor-widget-container\">\n\t\t\t<style>\/*! elementor - v3.12.1 - 02-04-2023 *\/\n.elementor-widget-text-editor.elementor-drop-cap-view-stacked .elementor-drop-cap{background-color:#69727d;color:#fff}.elementor-widget-text-editor.elementor-drop-cap-view-framed .elementor-drop-cap{color:#69727d;border:3px solid;background-color:transparent}.elementor-widget-text-editor:not(.elementor-drop-cap-view-default) .elementor-drop-cap{margin-top:8px}.elementor-widget-text-editor:not(.elementor-drop-cap-view-default) .elementor-drop-cap-letter{width:1em;height:1em}.elementor-widget-text-editor .elementor-drop-cap{float:left;text-align:center;line-height:1;font-size:50px}.elementor-widget-text-editor .elementor-drop-cap-letter{display:inline-block}<\/style>\t\t\t\t<p>Cevdet Erkorkmaz, lisans e\u011fitimini \u0130stanbul \u00dcniversitesi \u0130ktisat Fak\u00fcltesi, \u0130ktisat B\u00f6l\u00fcm\u00fcnde tamamlam\u0131\u015ft\u0131r. (1981-1986)<\/p><p>Meslek hayat\u0131na T. Halk Bankas\u0131 A.\u015e. Tefti\u015f Kurulunda ba\u015flam\u0131\u015f, 1987-1990 tarihlerinde M\u00fcfetti\u015f Yard\u0131mc\u0131s\u0131, 1990-1995 y\u0131llar\u0131nda M\u00fcfetti\u015f olarak \u00e7al\u0131\u015fm\u0131\u015f ve T\u00fcrkiye\u2019de faaliyet g\u00f6steren t\u00fcm \u015fubelerde ve Genel M\u00fcd\u00fcrl\u00fck birimlerinde denetim ve soru\u015fturma yapm\u0131\u015ft\u0131r. Yine T. Halk Bankas\u0131 A.\u015e.\u2019de 1995 y\u0131l\u0131nda 3 ay \u0130stanbul Grup Takas M\u00fcd\u00fcrl\u00fc\u011f\u00fcnde, 1995-2000 y\u0131llar\u0131nda Aksaray \u015eubesinde, 2000-2003 y\u0131llar\u0131nda Sirkeci \u015eubesinde, 2003-2007 y\u0131llar\u0131nda Avc\u0131lar \u015eubesinde, 2007-2011 y\u0131llar\u0131nda Bak\u0131rk\u00f6y \u015eubesinde, 2011-2015 y\u0131llar\u0131nda Sefak\u00f6y \u015eubesinde, 2015-2016 y\u0131llar\u0131nda Mecidiyek\u00f6y \u015eubesinde \u015eube M\u00fcd\u00fcr\u00fc olarak \u00e7al\u0131\u015fm\u0131\u015ft\u0131r. 2001-2005 y\u0131llar\u0131nda Halk Bankas\u0131 \u0130\u015ftiraki Birlik Hayat A.\u015e\u2019de Y\u00f6netimKurulu ve Denetim Kurulu \u00dcyeli\u011fi g\u00f6revini \u00fcstlenmi\u015ftir. 2018 tarihinden bu yana Ticari \u0130\u015fletme ve \u015eirketler Muhasebesi, Bankac\u0131l\u0131k \u0130\u015flemleri, Banka Muhasebesi, Finansman\u0131 ve Mali Analizi uzmanl\u0131k alanlar\u0131nda A\u011f\u0131r Ceza ve Sulh Hukuk- Ticaret Mahkemeleri ba\u015fta olmak \u00fczere g\u00f6rev verilen \u00fc\u00e7 y\u00fcze yak\u0131n dosyada Bilirki\u015filik yapm\u0131\u015ft\u0131r.<\/p><p>Cevdet Erkorkmaz \u0130stanbul SMMM ve T\u00dcRMOB \u00dcyeli\u011fi ile Ba\u011f\u0131ms\u0131z Denet\u00e7i belgesi sahibi olup, evli ve bir \u00e7ocuk babas\u0131d\u0131r. \u0130ngilizce bilmektedir.<\/p>\t\t\t\t\t\t<\/div>\n\t\t\t\t<\/div>\n\t\t\t\t\t<\/div>\n\t\t<\/div>\n\t\t\t\t\t\t\t<\/div>\n\t\t<\/section>\n\t\t\t\t\t<\/div>\n\t\t<\/div>\n\t\t\t\t\t\t\t<\/div>\n\t\t<\/section>\n\t\t\t\t\t\t\t<\/div>\n\t\t","protected":false},"excerpt":{"rendered":"<p>Cevdet Erkorkmaz, lisans e\u011fitimini \u0130stanbul \u00dcniversitesi \u0130ktisat Fak\u00fcltesi, \u0130ktisat B\u00f6l\u00fcm\u00fcnde tamamlam\u0131\u015ft\u0131r. (1981-1986) Meslek hayat\u0131na T. Halk Bankas\u0131 A.\u015e. Tefti\u015f Kurulunda ba\u015flam\u0131\u015f, 1987-1990 tarihlerinde M\u00fcfetti\u015f Yard\u0131mc\u0131s\u0131, 1990-1995 y\u0131llar\u0131nda M\u00fcfetti\u015f olarak \u00e7al\u0131\u015fm\u0131\u015f ve T\u00fcrkiye\u2019de faaliyet g\u00f6steren t\u00fcm \u015fubelerde ve Genel M\u00fcd\u00fcrl\u00fck birimlerinde denetim ve soru\u015fturma yapm\u0131\u015ft\u0131r. Yine T. Halk Bankas\u0131 A.\u015e.\u2019de 1995 y\u0131l\u0131nda 3 ay \u0130stanbul Grup [&hellip;]<\/p>\n","protected":false},"author":1,"featured_media":0,"parent":0,"menu_order":0,"comment_status":"closed","ping_status":"closed","template":"","meta":{"footnotes":""},"class_list":["post-3081","page","type-page","status-publish","hentry"],"_links":{"self":[{"href":"https:\/\/profaj.co\/icu\/wp-json\/wp\/v2\/pages\/3081","targetHints":{"allow":["GET"]}}],"collection":[{"href":"https:\/\/profaj.co\/icu\/wp-json\/wp\/v2\/pages"}],"about":[{"href":"https:\/\/profaj.co\/icu\/wp-json\/wp\/v2\/types\/page"}],"author":[{"embeddable":true,"href":"https:\/\/profaj.co\/icu\/wp-json\/wp\/v2\/users\/1"}],"replies":[{"embeddable":true,"href":"https:\/\/profaj.co\/icu\/wp-json\/wp\/v2\/comments?post=3081"}],"version-history":[{"count":8,"href":"https:\/\/profaj.co\/icu\/wp-json\/wp\/v2\/pages\/3081\/revisions"}],"predecessor-version":[{"id":3094,"href":"https:\/\/profaj.co\/icu\/wp-json\/wp\/v2\/pages\/3081\/revisions\/3094"}],"wp:attachment":[{"href":"https:\/\/profaj.co\/icu\/wp-json\/wp\/v2\/media?parent=3081"}],"curies":[{"name":"wp","href":"https:\/\/api.w.org\/{rel}","templated":true}]}}