{"id":3100,"date":"2023-10-11T08:16:01","date_gmt":"2023-10-11T08:16:01","guid":{"rendered":"https:\/\/profaj.co\/icu\/?page_id=3100"},"modified":"2023-10-11T08:16:25","modified_gmt":"2023-10-11T08:16:25","slug":"ece-erkal","status":"publish","type":"page","link":"https:\/\/profaj.co\/icu\/ece-erkal\/","title":{"rendered":"ECE ERKAL"},"content":{"rendered":"\t\t<div data-elementor-type=\"wp-page\" data-elementor-id=\"3100\" class=\"elementor elementor-3100\">\n\t\t\t\t\t\t\t\t\t<section class=\"elementor-section elementor-top-section elementor-element elementor-element-9e13ca5 elementor-section-boxed elementor-section-height-default elementor-section-height-default\" data-id=\"9e13ca5\" data-element_type=\"section\" data-settings=\"{&quot;background_background&quot;:&quot;classic&quot;}\">\n\t\t\t\t\t\t\t<div class=\"elementor-background-overlay\"><\/div>\n\t\t\t\t\t\t\t<div class=\"elementor-container elementor-column-gap-default\">\n\t\t\t\t\t<div class=\"elementor-column elementor-col-100 elementor-top-column elementor-element elementor-element-347d169\" data-id=\"347d169\" data-element_type=\"column\">\n\t\t\t<div class=\"elementor-widget-wrap\">\n\t\t\t\t\t\t\t\t\t<\/div>\n\t\t<\/div>\n\t\t\t\t\t\t\t<\/div>\n\t\t<\/section>\n\t\t\t\t<section class=\"elementor-section elementor-top-section elementor-element elementor-element-27a48f0f elementor-section-height-min-height elementor-section-content-middle elementor-section-boxed elementor-section-height-default elementor-section-items-middle\" data-id=\"27a48f0f\" data-element_type=\"section\">\n\t\t\t\t\t\t<div class=\"elementor-container elementor-column-gap-no\">\n\t\t\t\t\t<div class=\"elementor-column elementor-col-100 elementor-top-column elementor-element elementor-element-60260a57\" data-id=\"60260a57\" data-element_type=\"column\">\n\t\t\t<div class=\"elementor-widget-wrap elementor-element-populated\">\n\t\t\t\t\t\t\t\t<section class=\"elementor-section elementor-inner-section elementor-element elementor-element-cae7ed3 elementor-section-boxed elementor-section-height-default elementor-section-height-default\" data-id=\"cae7ed3\" data-element_type=\"section\">\n\t\t\t\t\t\t<div class=\"elementor-container elementor-column-gap-default\">\n\t\t\t\t\t<div class=\"elementor-column elementor-col-100 elementor-inner-column elementor-element elementor-element-5e99e90\" data-id=\"5e99e90\" data-element_type=\"column\">\n\t\t\t<div class=\"elementor-widget-wrap elementor-element-populated\">\n\t\t\t\t\t\t\t\t<div class=\"elementor-element elementor-element-3e90b01 elementor-widget elementor-widget-text-editor\" data-id=\"3e90b01\" data-element_type=\"widget\" data-widget_type=\"text-editor.default\">\n\t\t\t\t<div class=\"elementor-widget-container\">\n\t\t\t<style>\/*! elementor - v3.12.1 - 02-04-2023 *\/\n.elementor-widget-text-editor.elementor-drop-cap-view-stacked .elementor-drop-cap{background-color:#69727d;color:#fff}.elementor-widget-text-editor.elementor-drop-cap-view-framed .elementor-drop-cap{color:#69727d;border:3px solid;background-color:transparent}.elementor-widget-text-editor:not(.elementor-drop-cap-view-default) .elementor-drop-cap{margin-top:8px}.elementor-widget-text-editor:not(.elementor-drop-cap-view-default) .elementor-drop-cap-letter{width:1em;height:1em}.elementor-widget-text-editor .elementor-drop-cap{float:left;text-align:center;line-height:1;font-size:50px}.elementor-widget-text-editor .elementor-drop-cap-letter{display:inline-block}<\/style>\t\t\t\t<p>Ece Erkal, Orta Do\u011fu Teknik \u00dcniversitesi \u0130ktisadi ve \u0130dari Bilimler Fak\u00fcltesi \u0130\u015fletme B\u00f6l\u00fcm\u00fc mezunu (1993-1997) olup y\u00fcksek lisans\u0131n\u0131 Dokuz Eyl\u00fcl \u00dcniversitesi Sosyal Bilimler Enstit\u00fcs\u00fc Pazarlama (2007-2010) alan\u0131nda yapm\u0131\u015ft\u0131r.<\/p><p>Meslek hayat\u0131na, Commercial Union Hayat Sigorta A.\u015e. \u0130zmir \u015eubesi\u2019nde Finansal Dan\u0131\u015fman (1997-1998) olarak ba\u015flam\u0131\u015ft\u0131r. Pamukbank T.A.\u015e. Tefti\u015fKurulunda m\u00fcfetti\u015f (1998-2000), Perakende Krediler B\u00f6l\u00fcm\u00fc Risk \u0130zleme Departman\u0131nda Bireysel Krediler ve Kredi Kartlar\u0131ndan Sorumlu Servis Yetkilisi (2000- 2004), Yap\u0131 Kredi Finansal Kiralama A.O. Ege ve Akdeniz B\u00f6lge Risk \u0130zleme Sorumlusu (2008-2009) olarak g\u00f6rev alm\u0131\u015ft\u0131r. 2009 y\u0131l\u0131nda daha yak\u0131ndan ilgilenmeye ba\u015flad\u0131\u011f\u0131 bireysel geli\u015fim yolculu\u011fu onu profesyonel ko\u00e7 ve e\u011fitmen olma noktas\u0131na getirmi\u015ftir. Kurald\u0131\u015f\u0131 E\u011fitim ve Dan\u0131\u015fmanl\u0131k\u2019tan B\u00fct\u00fcnsel Ya\u015fam Ko\u00e7lu\u011fu (2011-2012) ve House of Human\u2019dan ICF onayl\u0131 Profesyonel Ko\u00e7luk sertifikalar\u0131n\u0131 (2015) alm\u0131\u015ft\u0131r. Bankac\u0131l\u0131ky\u0131llar\u0131nda ba\u015flad\u0131\u011f\u0131 e\u011fitmenlik tecr\u00fcbesi TGM \u0130nsan Kaynaklar\u0131 Tic. Ltd. \u015eti. b\u00fcnyesindeki cvyolla.com\u2019un E\u011fitim Dan\u0131\u015fman\u0131 olarak g\u00f6rev ald\u0131\u011f\u0131 d\u00f6nemde (2012- 2014) artm\u0131\u015f ve bu kapsamda \u0130zmir, Ankara, \u0130stanbul olmak \u00fczere pek \u00e7ok \u00fcniversitede,yurt d\u0131\u015f\u0131 e\u011fitim fuarlar\u0131nda ve belediyelerde binlerce gence ula\u015fma \u015fans\u0131 bulmu\u015ftur. K.K.T.C Girne \u00dcniversitesi\u2019nde \u0130leti\u015fim ve Kurumsal \u0130li\u015fkiler Departman\u0131 Y\u00f6neticili\u011fi (2018-2019) yapm\u0131\u015ft\u0131r.<\/p><p>Kariyer planlama ve ki\u015fisel markala\u015fma \u00fczerine ko\u00e7luk, e\u011fitmenlik ve blog \u00e7al\u0131\u015fmalar\u0131 devam etmektedir.<\/p>\t\t\t\t\t\t<\/div>\n\t\t\t\t<\/div>\n\t\t\t\t\t<\/div>\n\t\t<\/div>\n\t\t\t\t\t\t\t<\/div>\n\t\t<\/section>\n\t\t\t\t\t<\/div>\n\t\t<\/div>\n\t\t\t\t\t\t\t<\/div>\n\t\t<\/section>\n\t\t\t\t\t\t\t<\/div>\n\t\t","protected":false},"excerpt":{"rendered":"<p>Ece Erkal, Orta Do\u011fu Teknik \u00dcniversitesi \u0130ktisadi ve \u0130dari Bilimler Fak\u00fcltesi \u0130\u015fletme B\u00f6l\u00fcm\u00fc mezunu (1993-1997) olup y\u00fcksek lisans\u0131n\u0131 Dokuz Eyl\u00fcl \u00dcniversitesi Sosyal Bilimler Enstit\u00fcs\u00fc Pazarlama (2007-2010) alan\u0131nda yapm\u0131\u015ft\u0131r. Meslek hayat\u0131na, Commercial Union Hayat Sigorta A.\u015e. \u0130zmir \u015eubesi\u2019nde Finansal Dan\u0131\u015fman (1997-1998) olarak ba\u015flam\u0131\u015ft\u0131r. Pamukbank T.A.\u015e. Tefti\u015fKurulunda m\u00fcfetti\u015f (1998-2000), Perakende Krediler B\u00f6l\u00fcm\u00fc Risk \u0130zleme Departman\u0131nda Bireysel Krediler [&hellip;]<\/p>\n","protected":false},"author":1,"featured_media":0,"parent":0,"menu_order":0,"comment_status":"closed","ping_status":"closed","template":"","meta":{"footnotes":""},"class_list":["post-3100","page","type-page","status-publish","hentry"],"_links":{"self":[{"href":"https:\/\/profaj.co\/icu\/wp-json\/wp\/v2\/pages\/3100","targetHints":{"allow":["GET"]}}],"collection":[{"href":"https:\/\/profaj.co\/icu\/wp-json\/wp\/v2\/pages"}],"about":[{"href":"https:\/\/profaj.co\/icu\/wp-json\/wp\/v2\/types\/page"}],"author":[{"embeddable":true,"href":"https:\/\/profaj.co\/icu\/wp-json\/wp\/v2\/users\/1"}],"replies":[{"embeddable":true,"href":"https:\/\/profaj.co\/icu\/wp-json\/wp\/v2\/comments?post=3100"}],"version-history":[{"count":4,"href":"https:\/\/profaj.co\/icu\/wp-json\/wp\/v2\/pages\/3100\/revisions"}],"predecessor-version":[{"id":3104,"href":"https:\/\/profaj.co\/icu\/wp-json\/wp\/v2\/pages\/3100\/revisions\/3104"}],"wp:attachment":[{"href":"https:\/\/profaj.co\/icu\/wp-json\/wp\/v2\/media?parent=3100"}],"curies":[{"name":"wp","href":"https:\/\/api.w.org\/{rel}","templated":true}]}}