{"id":3134,"date":"2023-10-11T11:48:22","date_gmt":"2023-10-11T11:48:22","guid":{"rendered":"https:\/\/profaj.co\/icu\/?page_id=3134"},"modified":"2023-10-11T11:49:50","modified_gmt":"2023-10-11T11:49:50","slug":"blog","status":"publish","type":"page","link":"https:\/\/profaj.co\/icu\/blog\/","title":{"rendered":"BLOG"},"content":{"rendered":"\t\t<div data-elementor-type=\"wp-page\" data-elementor-id=\"3134\" class=\"elementor elementor-3134\">\n\t\t\t\t\t\t\t\t\t<section class=\"elementor-section elementor-top-section elementor-element elementor-element-9e13ca5 elementor-section-boxed elementor-section-height-default elementor-section-height-default\" data-id=\"9e13ca5\" data-element_type=\"section\" data-settings=\"{&quot;background_background&quot;:&quot;classic&quot;}\">\n\t\t\t\t\t\t\t<div class=\"elementor-background-overlay\"><\/div>\n\t\t\t\t\t\t\t<div class=\"elementor-container elementor-column-gap-default\">\n\t\t\t\t\t<div class=\"elementor-column elementor-col-100 elementor-top-column elementor-element elementor-element-347d169\" data-id=\"347d169\" data-element_type=\"column\">\n\t\t\t<div class=\"elementor-widget-wrap\">\n\t\t\t\t\t\t\t\t\t<\/div>\n\t\t<\/div>\n\t\t\t\t\t\t\t<\/div>\n\t\t<\/section>\n\t\t\t\t<section class=\"elementor-section elementor-top-section elementor-element elementor-element-27a48f0f elementor-section-height-min-height elementor-section-content-middle elementor-section-boxed elementor-section-height-default elementor-section-items-middle\" data-id=\"27a48f0f\" data-element_type=\"section\">\n\t\t\t\t\t\t<div class=\"elementor-container elementor-column-gap-no\">\n\t\t\t\t\t<div class=\"elementor-column elementor-col-100 elementor-top-column elementor-element elementor-element-60260a57\" data-id=\"60260a57\" data-element_type=\"column\">\n\t\t\t<div class=\"elementor-widget-wrap elementor-element-populated\">\n\t\t\t\t\t\t\t\t<div class=\"elementor-element elementor-element-041e8eb elementor-grid-3 elementor-grid-tablet-2 elementor-grid-mobile-1 elementor-posts--thumbnail-top elementor-widget elementor-widget-posts\" data-id=\"041e8eb\" data-element_type=\"widget\" data-settings=\"{&quot;classic_columns&quot;:&quot;3&quot;,&quot;classic_columns_tablet&quot;:&quot;2&quot;,&quot;classic_columns_mobile&quot;:&quot;1&quot;,&quot;classic_row_gap&quot;:{&quot;unit&quot;:&quot;px&quot;,&quot;size&quot;:35,&quot;sizes&quot;:[]},&quot;classic_row_gap_tablet&quot;:{&quot;unit&quot;:&quot;px&quot;,&quot;size&quot;:&quot;&quot;,&quot;sizes&quot;:[]},&quot;classic_row_gap_mobile&quot;:{&quot;unit&quot;:&quot;px&quot;,&quot;size&quot;:&quot;&quot;,&quot;sizes&quot;:[]}}\" data-widget_type=\"posts.classic\">\n\t\t\t\t<div class=\"elementor-widget-container\">\n\t\t\t<link rel=\"stylesheet\" href=\"https:\/\/profaj.co\/icu\/wp-content\/plugins\/elementor-pro\/assets\/css\/widget-posts.min.css\">\t\t<div class=\"elementor-posts-container elementor-posts elementor-posts--skin-classic elementor-grid\">\n\t\t\t\t<article class=\"elementor-post elementor-grid-item post-3131 post type-post status-publish format-standard has-post-thumbnail hentry category-uncategorized\">\n\t\t\t\t<a class=\"elementor-post__thumbnail__link\" href=\"https:\/\/profaj.co\/icu\/2023\/10\/11\/batkon\/\" >\n\t\t\t<div class=\"elementor-post__thumbnail\"><img loading=\"lazy\" decoding=\"async\" width=\"300\" height=\"200\" src=\"https:\/\/profaj.co\/icu\/wp-content\/uploads\/2023\/10\/Batkon-Go\u0308rsel-300x200.jpeg\" class=\"attachment-medium size-medium wp-image-3133\" alt=\"\" srcset=\"https:\/\/profaj.co\/icu\/wp-content\/uploads\/2023\/10\/Batkon-Go\u0308rsel-300x200.jpeg 300w, https:\/\/profaj.co\/icu\/wp-content\/uploads\/2023\/10\/Batkon-Go\u0308rsel-1024x683.jpeg 1024w, https:\/\/profaj.co\/icu\/wp-content\/uploads\/2023\/10\/Batkon-Go\u0308rsel-768x512.jpeg 768w, https:\/\/profaj.co\/icu\/wp-content\/uploads\/2023\/10\/Batkon-Go\u0308rsel-1536x1024.jpeg 1536w, https:\/\/profaj.co\/icu\/wp-content\/uploads\/2023\/10\/Batkon-Go\u0308rsel.jpeg 2048w\" sizes=\"auto, (max-width: 300px) 100vw, 300px\" \/><\/div>\n\t\t<\/a>\n\t\t\t\t<div class=\"elementor-post__text\">\n\t\t\t\t<h3 class=\"elementor-post__title\">\n\t\t\t<a href=\"https:\/\/profaj.co\/icu\/2023\/10\/11\/batkon\/\" >\n\t\t\t\tBatkon\t\t\t<\/a>\n\t\t<\/h3>\n\t\t\t\t<div class=\"elementor-post__excerpt\">\n\t\t\t<p>PiLDER (Pil, Batarya \u00dcreticileri ve Tedarik\u00e7ileri Derne\u011fi) taraf\u0131ndan 8\u2019incisi ve bu y\u0131l ilk defa zirve format\u0131nda d\u00fczenlenecek olan Batarya Teknolojileri Zirvesi T\u00fcrkiye\u2019den ve uluslararas\u0131 sekt\u00f6r temsilcilerinin kat\u0131l\u0131m\u0131yla 22-23 Kas\u0131m tarihlerinde<\/p>\n\t\t<\/div>\n\t\t\n\t\t<a class=\"elementor-post__read-more\" href=\"https:\/\/profaj.co\/icu\/2023\/10\/11\/batkon\/\" aria-label=\"Read more about Batkon\" >\n\t\t\tDevam\u0131 i\u00e7in \u00bb\t\t<\/a>\n\n\t\t\t\t<\/div>\n\t\t\t\t<\/article>\n\t\t\t\t<article class=\"elementor-post elementor-grid-item post-3129 post type-post status-publish format-standard has-post-thumbnail hentry category-uncategorized\">\n\t\t\t\t<a class=\"elementor-post__thumbnail__link\" href=\"https:\/\/profaj.co\/icu\/2023\/10\/11\/laska-technology-2\/\" >\n\t\t\t<div class=\"elementor-post__thumbnail\"><img loading=\"lazy\" decoding=\"async\" width=\"300\" height=\"169\" src=\"https:\/\/profaj.co\/icu\/wp-content\/uploads\/2023\/04\/Laska-Go\u0308rsel-Haber-1-300x169.png\" class=\"attachment-medium size-medium wp-image-3259\" alt=\"\" srcset=\"https:\/\/profaj.co\/icu\/wp-content\/uploads\/2023\/04\/Laska-Go\u0308rsel-Haber-1-300x169.png 300w, https:\/\/profaj.co\/icu\/wp-content\/uploads\/2023\/04\/Laska-Go\u0308rsel-Haber-1-1024x576.png 1024w, https:\/\/profaj.co\/icu\/wp-content\/uploads\/2023\/04\/Laska-Go\u0308rsel-Haber-1-768x432.png 768w, https:\/\/profaj.co\/icu\/wp-content\/uploads\/2023\/04\/Laska-Go\u0308rsel-Haber-1.png 1280w\" sizes=\"auto, (max-width: 300px) 100vw, 300px\" \/><\/div>\n\t\t<\/a>\n\t\t\t\t<div class=\"elementor-post__text\">\n\t\t\t\t<h3 class=\"elementor-post__title\">\n\t\t\t<a href=\"https:\/\/profaj.co\/icu\/2023\/10\/11\/laska-technology-2\/\" >\n\t\t\t\tLaska Technology 2\t\t\t<\/a>\n\t\t<\/h3>\n\t\t\t\t<div class=\"elementor-post__excerpt\">\n\t\t\t<p>ICU Giri\u015fim portf\u00f6y \u015firketlerinden Laska Technology, D\u00fcnya Ticaret Konseyi&#8217;nin d\u00fczenledi\u011fi\u00a0ve ABD&#8217;nin Rhode Island eyaletinde 6-8 Kas\u0131m tarihlerinde yap\u0131lacak &#8220;2023 GO GLOBAL AWARDS&#8221; \u00f6d\u00fcl t\u00f6renine finalist olarak davet edildi. Uluslararas\u0131 pazara<\/p>\n\t\t<\/div>\n\t\t\n\t\t<a class=\"elementor-post__read-more\" href=\"https:\/\/profaj.co\/icu\/2023\/10\/11\/laska-technology-2\/\" aria-label=\"Read more about Laska Technology 2\" >\n\t\t\tDevam\u0131 i\u00e7in \u00bb\t\t<\/a>\n\n\t\t\t\t<\/div>\n\t\t\t\t<\/article>\n\t\t\t\t<article class=\"elementor-post elementor-grid-item post-1 post type-post status-publish format-standard has-post-thumbnail hentry category-uncategorized\">\n\t\t\t\t<a class=\"elementor-post__thumbnail__link\" href=\"https:\/\/profaj.co\/icu\/2023\/04\/14\/laska-technology\/\" >\n\t\t\t<div class=\"elementor-post__thumbnail\"><img loading=\"lazy\" decoding=\"async\" width=\"300\" height=\"169\" src=\"https:\/\/profaj.co\/icu\/wp-content\/uploads\/2023\/04\/Laska-Go\u0308rsel-Haber-1-300x169.png\" class=\"attachment-medium size-medium wp-image-3259\" alt=\"\" srcset=\"https:\/\/profaj.co\/icu\/wp-content\/uploads\/2023\/04\/Laska-Go\u0308rsel-Haber-1-300x169.png 300w, https:\/\/profaj.co\/icu\/wp-content\/uploads\/2023\/04\/Laska-Go\u0308rsel-Haber-1-1024x576.png 1024w, https:\/\/profaj.co\/icu\/wp-content\/uploads\/2023\/04\/Laska-Go\u0308rsel-Haber-1-768x432.png 768w, https:\/\/profaj.co\/icu\/wp-content\/uploads\/2023\/04\/Laska-Go\u0308rsel-Haber-1.png 1280w\" sizes=\"auto, (max-width: 300px) 100vw, 300px\" \/><\/div>\n\t\t<\/a>\n\t\t\t\t<div class=\"elementor-post__text\">\n\t\t\t\t<h3 class=\"elementor-post__title\">\n\t\t\t<a href=\"https:\/\/profaj.co\/icu\/2023\/04\/14\/laska-technology\/\" >\n\t\t\t\tLaska Technology\t\t\t<\/a>\n\t\t<\/h3>\n\t\t\t\t<div class=\"elementor-post__excerpt\">\n\t\t\t<p>ICU Giri\u015fim i\u015ftiraklerinden olan ve kullan\u0131m \u00f6mr\u00fcn\u00fc tamamlam\u0131\u015f ta\u015f\u0131t lastiklerini karbon emisyonu ve \u00e7evresel at\u0131klar\u0131n\u0131 bertaraf ederek yeniden ekonomiye kazand\u0131ran Laska Technology, iklim projelerinin finansmana eri\u015fimini desteklemek i\u00e7in Birle\u015fik Krall\u0131k<\/p>\n\t\t<\/div>\n\t\t\n\t\t<a class=\"elementor-post__read-more\" href=\"https:\/\/profaj.co\/icu\/2023\/04\/14\/laska-technology\/\" aria-label=\"Read more about Laska Technology\" >\n\t\t\tDevam\u0131 i\u00e7in \u00bb\t\t<\/a>\n\n\t\t\t\t<\/div>\n\t\t\t\t<\/article>\n\t\t\t\t<\/div>\n\t\t\n\t\t\t\t<\/div>\n\t\t\t\t<\/div>\n\t\t\t\t\t<\/div>\n\t\t<\/div>\n\t\t\t\t\t\t\t<\/div>\n\t\t<\/section>\n\t\t\t\t\t\t\t<\/div>\n\t\t","protected":false},"excerpt":{"rendered":"","protected":false},"author":1,"featured_media":0,"parent":0,"menu_order":0,"comment_status":"closed","ping_status":"closed","template":"","meta":{"footnotes":""},"class_list":["post-3134","page","type-page","status-publish","hentry"],"_links":{"self":[{"href":"https:\/\/profaj.co\/icu\/wp-json\/wp\/v2\/pages\/3134","targetHints":{"allow":["GET"]}}],"collection":[{"href":"https:\/\/profaj.co\/icu\/wp-json\/wp\/v2\/pages"}],"about":[{"href":"https:\/\/profaj.co\/icu\/wp-json\/wp\/v2\/types\/page"}],"author":[{"embeddable":true,"href":"https:\/\/profaj.co\/icu\/wp-json\/wp\/v2\/users\/1"}],"replies":[{"embeddable":true,"href":"https:\/\/profaj.co\/icu\/wp-json\/wp\/v2\/comments?post=3134"}],"version-history":[{"count":4,"href":"https:\/\/profaj.co\/icu\/wp-json\/wp\/v2\/pages\/3134\/revisions"}],"predecessor-version":[{"id":3138,"href":"https:\/\/profaj.co\/icu\/wp-json\/wp\/v2\/pages\/3134\/revisions\/3138"}],"wp:attachment":[{"href":"https:\/\/profaj.co\/icu\/wp-json\/wp\/v2\/media?parent=3134"}],"curies":[{"name":"wp","href":"https:\/\/api.w.org\/{rel}","templated":true}]}}