{"id":685,"date":"2023-04-26T11:11:41","date_gmt":"2023-04-26T11:11:41","guid":{"rendered":"https:\/\/profaj.co\/icu\/?page_id=685"},"modified":"2023-10-11T12:40:42","modified_gmt":"2023-10-11T12:40:42","slug":"kurumsal","status":"publish","type":"page","link":"https:\/\/profaj.co\/icu\/kurumsal\/","title":{"rendered":"KURUMSAL"},"content":{"rendered":"\t\t<div data-elementor-type=\"wp-page\" data-elementor-id=\"685\" class=\"elementor elementor-685\">\n\t\t\t\t\t\t\t\t\t<section class=\"elementor-section elementor-top-section elementor-element elementor-element-9e13ca5 elementor-section-boxed elementor-section-height-default elementor-section-height-default\" data-id=\"9e13ca5\" data-element_type=\"section\" data-settings=\"{&quot;background_background&quot;:&quot;classic&quot;}\">\n\t\t\t\t\t\t\t<div class=\"elementor-background-overlay\"><\/div>\n\t\t\t\t\t\t\t<div class=\"elementor-container elementor-column-gap-default\">\n\t\t\t\t\t<div class=\"elementor-column elementor-col-100 elementor-top-column elementor-element elementor-element-347d169\" data-id=\"347d169\" data-element_type=\"column\">\n\t\t\t<div class=\"elementor-widget-wrap\">\n\t\t\t\t\t\t\t\t\t<\/div>\n\t\t<\/div>\n\t\t\t\t\t\t\t<\/div>\n\t\t<\/section>\n\t\t\t\t<section class=\"elementor-section elementor-top-section elementor-element elementor-element-27a48f0f elementor-section-height-min-height elementor-section-content-middle elementor-section-boxed elementor-section-height-default elementor-section-items-middle\" data-id=\"27a48f0f\" data-element_type=\"section\">\n\t\t\t\t\t\t<div class=\"elementor-container elementor-column-gap-no\">\n\t\t\t\t\t<div class=\"elementor-column elementor-col-100 elementor-top-column elementor-element elementor-element-60260a57\" data-id=\"60260a57\" data-element_type=\"column\">\n\t\t\t<div class=\"elementor-widget-wrap elementor-element-populated\">\n\t\t\t\t\t\t\t\t<div class=\"elementor-element elementor-element-9d49e56 elementor-widget elementor-widget-heading\" data-id=\"9d49e56\" data-element_type=\"widget\" data-widget_type=\"heading.default\">\n\t\t\t\t<div class=\"elementor-widget-container\">\n\t\t\t<style>\/*! elementor - v3.12.1 - 02-04-2023 *\/\n.elementor-heading-title{padding:0;margin:0;line-height:1}.elementor-widget-heading .elementor-heading-title[class*=elementor-size-]>a{color:inherit;font-size:inherit;line-height:inherit}.elementor-widget-heading .elementor-heading-title.elementor-size-small{font-size:15px}.elementor-widget-heading .elementor-heading-title.elementor-size-medium{font-size:19px}.elementor-widget-heading .elementor-heading-title.elementor-size-large{font-size:29px}.elementor-widget-heading .elementor-heading-title.elementor-size-xl{font-size:39px}.elementor-widget-heading .elementor-heading-title.elementor-size-xxl{font-size:59px}<\/style><h1 class=\"elementor-heading-title elementor-size-default\">TAR\u0130H\u00c7E<\/h1>\t\t<\/div>\n\t\t\t\t<\/div>\n\t\t\t\t<section class=\"elementor-section elementor-inner-section elementor-element elementor-element-cae7ed3 elementor-section-boxed elementor-section-height-default elementor-section-height-default\" data-id=\"cae7ed3\" data-element_type=\"section\">\n\t\t\t\t\t\t<div class=\"elementor-container elementor-column-gap-default\">\n\t\t\t\t\t<div class=\"elementor-column elementor-col-50 elementor-inner-column elementor-element elementor-element-110a6d5\" data-id=\"110a6d5\" data-element_type=\"column\" data-settings=\"{&quot;background_background&quot;:&quot;classic&quot;}\">\n\t\t\t<div class=\"elementor-widget-wrap elementor-element-populated\">\n\t\t\t\t\t\t\t\t<div class=\"elementor-element elementor-element-a81b487 elementor-widget elementor-widget-spacer\" data-id=\"a81b487\" data-element_type=\"widget\" data-widget_type=\"spacer.default\">\n\t\t\t\t<div class=\"elementor-widget-container\">\n\t\t\t<style>\/*! elementor - v3.12.1 - 02-04-2023 *\/\n.elementor-column .elementor-spacer-inner{height:var(--spacer-size)}.e-con{--container-widget-width:100%}.e-con-inner>.elementor-widget-spacer,.e-con>.elementor-widget-spacer{width:var(--container-widget-width,var(--spacer-size));--align-self:var(--container-widget-align-self,initial);--flex-shrink:0}.e-con-inner>.elementor-widget-spacer>.elementor-widget-container,.e-con-inner>.elementor-widget-spacer>.elementor-widget-container>.elementor-spacer,.e-con>.elementor-widget-spacer>.elementor-widget-container,.e-con>.elementor-widget-spacer>.elementor-widget-container>.elementor-spacer{height:100%}.e-con-inner>.elementor-widget-spacer>.elementor-widget-container>.elementor-spacer>.elementor-spacer-inner,.e-con>.elementor-widget-spacer>.elementor-widget-container>.elementor-spacer>.elementor-spacer-inner{height:var(--container-widget-height,var(--spacer-size))}<\/style>\t\t<div class=\"elementor-spacer\">\n\t\t\t<div class=\"elementor-spacer-inner\"><\/div>\n\t\t<\/div>\n\t\t\t\t<\/div>\n\t\t\t\t<\/div>\n\t\t\t\t\t<\/div>\n\t\t<\/div>\n\t\t\t\t<div class=\"elementor-column elementor-col-50 elementor-inner-column elementor-element elementor-element-5e99e90\" data-id=\"5e99e90\" data-element_type=\"column\">\n\t\t\t<div class=\"elementor-widget-wrap elementor-element-populated\">\n\t\t\t\t\t\t\t\t<div class=\"elementor-element elementor-element-3e90b01 elementor-widget elementor-widget-text-editor\" data-id=\"3e90b01\" data-element_type=\"widget\" data-widget_type=\"text-editor.default\">\n\t\t\t\t<div class=\"elementor-widget-container\">\n\t\t\t<style>\/*! elementor - v3.12.1 - 02-04-2023 *\/\n.elementor-widget-text-editor.elementor-drop-cap-view-stacked .elementor-drop-cap{background-color:#69727d;color:#fff}.elementor-widget-text-editor.elementor-drop-cap-view-framed .elementor-drop-cap{color:#69727d;border:3px solid;background-color:transparent}.elementor-widget-text-editor:not(.elementor-drop-cap-view-default) .elementor-drop-cap{margin-top:8px}.elementor-widget-text-editor:not(.elementor-drop-cap-view-default) .elementor-drop-cap-letter{width:1em;height:1em}.elementor-widget-text-editor .elementor-drop-cap{float:left;text-align:center;line-height:1;font-size:50px}.elementor-widget-text-editor .elementor-drop-cap-letter{display:inline-block}<\/style>\t\t\t\t<p><span style=\"font-weight: 400;\">ICU Giri\u015fim Sermayesi Yat\u0131r\u0131m Ortakl\u0131\u011f\u0131 A.\u015e., hisseleri Borsa \u0130stanbul\u2019da i\u015flem g\u00f6ren (ICUGS) SPK mevzuat\u0131na tabi bir yat\u0131r\u0131m ortakl\u0131\u011f\u0131d\u0131r. 1996 senesinde \u00fcllkemizin ilk giri\u015fim sermayesi yat\u0131r\u0131m ortakl\u0131\u011f\u0131 olarak kurulan ortakl\u0131k; sekt\u00f6r liderli\u011fini ve pazar \u00f6nc\u00fcl\u00fc\u011f\u00fcn\u00fc hedefleyen, yenilik\u00e7i, teknoloji merkezli, y\u00fcksek geli\u015fim potansiyeline sahip i\u015fletmelere odaklanmakta ve yapt\u0131\u011f\u0131 yat\u0131r\u0131mlarla t\u00fcm payda\u015flar\u0131na de\u011fer kazand\u0131rmay\u0131 ama\u00e7lamaktad\u0131r.<\/span><\/p><p><span style=\"font-weight: 400;\">Ortakl\u0131k kurulu\u015f amac\u0131n\u0131; b\u00fcy\u00fcme potansiyeli olan sekt\u00f6rlerde rekabet avantaj\u0131na sahip \u015firketlere, T\u00fcrkiye ekonomisine katk\u0131 sa\u011flayacak projelerini geli\u015ftirmeleri i\u00e7in y\u00f6netim bilgisi ve sermaye katk\u0131s\u0131 sa\u011flamak, sahip oldu\u011fu kolektif kaynaklar\u0131 devreye sokarak giri\u015fimcilerin bu bilgi ve deneyimlerden en uygun \u015fekilde faydalanmas\u0131n\u0131 sa\u011flamak, bunun yan\u0131 s\u0131ra etkin portf\u00f6y y\u00f6netimi ve \u00f6rnek kurumsal yap\u0131s\u0131 ile giri\u015fim \u015firketlerinin kurumsal geli\u015fimine katk\u0131 sa\u011flamak, payda\u015flar\u0131na di\u011fer yat\u0131r\u0131m alternatiflerinden daha y\u00fcksek kazan\u00e7 sa\u011flamak olarak belirlemi\u015ftir.<\/span><\/p><p><span style=\"font-weight: 400;\">ICU Giri\u015fim Sermayesi Yat\u0131r\u0131m Ortakl\u0131\u011f\u0131 A.\u015e., 1996 y\u0131l\u0131nda, T\u00fcrkiye Vak\u0131flar Bankas\u0131 T.A.O. \u00f6nc\u00fcl\u00fc\u011f\u00fcnde; sekt\u00f6r\u00fcnde ilk \u015eirket olarak, \u201cVak\u0131f Risk Sermayesi Yat\u0131r\u0131m Ortakl\u0131\u011f\u0131 A.\u015e.\u201d unvan\u0131 ile kurulmu\u015ftur. \u015eirketin unvan\u0131 2004 y\u0131l\u0131nda Sermaye Piyasas\u0131 Mevzuat\u0131nda yap\u0131lan de\u011fi\u015fiklik gere\u011fi Vak\u0131f Giri\u015fim Sermayesi Yat\u0131r\u0131m Ortakl\u0131\u011f\u0131 A.\u015e. olarak de\u011fi\u015ftirilmi\u015ftir. 2009 y\u0131l\u0131nda T\u00fcrkiye Vak\u0131flar Bankas\u0131 T.A.O\u2019nun stratejik vizyonuna paralel olarak sat\u0131\u015fa \u00e7\u0131kar\u0131lan (A) grubu paylar\u0131n Rhea Grubu taraf\u0131ndan sat\u0131n al\u0131nmas\u0131yla 2010 y\u0131l\u0131nda \u015eirket\u2019in unvan\u0131 Rhea Giri\u015fim Sermayesi Yat\u0131r\u0131m Ortakl\u0131\u011f\u0131 A.\u015e. \u015feklinde de\u011fi\u015fmi\u015ftir. 2022 y\u0131l\u0131nda ise A grubu paylar\u0131n devri ger\u00e7ekle\u015ftirilmi\u015ftir. Bu geli\u015fmeyi takiben 2023 y\u0131l\u0131nda \u015eirket\u2019in unvan\u0131 ICU Giri\u015fim Sermayesi Yat\u0131r\u0131m Ortakl\u0131\u011f\u0131 A.\u015e. halini alm\u0131\u015ft\u0131r.<\/span><\/p><p><span style=\"font-weight: 400;\">Kurulu\u015f amac\u0131na uygun olarak yeniden yap\u0131land\u0131r\u0131lan ICU Giri\u015fim Sermayesi Yat\u0131r\u0131m Ortakl\u0131\u011f\u0131 A.\u015e.; T\u00fcrkiye ekonomisine katk\u0131 sa\u011flayacak projelere yat\u0131r\u0131m yapmaya ve payda\u015flar\u0131na y\u00fcksek kazan\u00e7 sa\u011flamak amac\u0131 ile \u00e7al\u0131\u015fmaya devam etmektedir.<\/span><\/p><h4><strong>Kurulu\u015fundan G\u00fcn\u00fcm\u00fcze ICU G\u0130R\u0130\u015e\u0130M<\/strong><\/h4><ul><li><span style=\"font-weight: 400;\">1996- VAKIF R\u0130SK SERMAYES\u0130 YATIRIM ORTAKLI\u011eI A.\u015e.<\/span><\/li><li><span style=\"font-weight: 400;\">2000- Halka Arz<\/span><\/li><li><span style=\"font-weight: 400;\">2004- VAKIF G\u0130R\u0130\u015e\u0130M SERMAYES\u0130 YATIRIM ORTAKLI\u011eI A.\u015e.<\/span><\/li><li><span style=\"font-weight: 400;\">2010- RHEA G\u0130R\u0130\u015e\u0130M SERMAYES\u0130 YATIRIM ORTAKLI\u011eI A.\u015e.<\/span><\/li><li><span style=\"font-weight: 400;\">2023- ICU G\u0130R\u0130\u015e\u0130M SERMAYES\u0130 YATIRIM ORTAKLI\u011eI A.\u015e.<\/span><\/li><\/ul>\t\t\t\t\t\t<\/div>\n\t\t\t\t<\/div>\n\t\t\t\t\t<\/div>\n\t\t<\/div>\n\t\t\t\t\t\t\t<\/div>\n\t\t<\/section>\n\t\t\t\t\t<\/div>\n\t\t<\/div>\n\t\t\t\t\t\t\t<\/div>\n\t\t<\/section>\n\t\t\t\t<section class=\"elementor-section elementor-top-section elementor-element elementor-element-75048a0 elementor-section-full_width elementor-section-height-min-height elementor-section-height-default elementor-section-items-middle\" data-id=\"75048a0\" data-element_type=\"section\" data-settings=\"{&quot;background_background&quot;:&quot;classic&quot;}\">\n\t\t\t\t\t\t<div class=\"elementor-container elementor-column-gap-default\">\n\t\t\t\t\t<div class=\"elementor-column elementor-col-100 elementor-top-column elementor-element elementor-element-41aa5fe\" data-id=\"41aa5fe\" data-element_type=\"column\">\n\t\t\t<div class=\"elementor-widget-wrap elementor-element-populated\">\n\t\t\t\t\t\t\t\t<section class=\"elementor-section elementor-inner-section elementor-element elementor-element-a241666 elementor-section-boxed elementor-section-height-default elementor-section-height-default\" data-id=\"a241666\" data-element_type=\"section\">\n\t\t\t\t\t\t<div class=\"elementor-container elementor-column-gap-default\">\n\t\t\t\t\t<div class=\"elementor-column elementor-col-50 elementor-inner-column elementor-element elementor-element-889d121\" data-id=\"889d121\" data-element_type=\"column\">\n\t\t\t<div class=\"elementor-widget-wrap elementor-element-populated\">\n\t\t\t\t\t\t\t\t<div class=\"elementor-element elementor-element-9375f78 elementor-widget elementor-widget-heading\" data-id=\"9375f78\" data-element_type=\"widget\" data-widget_type=\"heading.default\">\n\t\t\t\t<div class=\"elementor-widget-container\">\n\t\t\t<h3 class=\"elementor-heading-title elementor-size-default\">V\u0130ZYON<\/h3>\t\t<\/div>\n\t\t\t\t<\/div>\n\t\t\t\t<div class=\"elementor-element elementor-element-bb3c511 elementor-widget elementor-widget-text-editor\" data-id=\"bb3c511\" data-element_type=\"widget\" data-widget_type=\"text-editor.default\">\n\t\t\t\t<div class=\"elementor-widget-container\">\n\t\t\t\t\t\t\t<p><span style=\"font-weight: 400;\">S\u00fcrd\u00fcr\u00fclebilir geli\u015fim i\u00e7erisindeki alanlarda yat\u0131r\u0131m f\u0131rsatlar\u0131 \u00fcreten, t\u00fcm yat\u0131r\u0131mc\u0131lar\u0131n da kat\u0131labilece\u011fi \u015fekilde \u015feffaf yap\u0131lar i\u00e7erisinde bu f\u0131rsatlar\u0131 geli\u015ftiren, konusunda lider bir alternatif yat\u0131r\u0131m platformu olmak.<\/span><\/p>\t\t\t\t\t\t<\/div>\n\t\t\t\t<\/div>\n\t\t\t\t\t<\/div>\n\t\t<\/div>\n\t\t\t\t<div class=\"elementor-column elementor-col-50 elementor-inner-column elementor-element elementor-element-026a677\" data-id=\"026a677\" data-element_type=\"column\">\n\t\t\t<div class=\"elementor-widget-wrap elementor-element-populated\">\n\t\t\t\t\t\t\t\t<div class=\"elementor-element elementor-element-625b591 elementor-widget elementor-widget-heading\" data-id=\"625b591\" data-element_type=\"widget\" data-widget_type=\"heading.default\">\n\t\t\t\t<div class=\"elementor-widget-container\">\n\t\t\t<h3 class=\"elementor-heading-title elementor-size-default\">M\u0130SYON<\/h3>\t\t<\/div>\n\t\t\t\t<\/div>\n\t\t\t\t<div class=\"elementor-element elementor-element-5fb4551 elementor-widget elementor-widget-text-editor\" data-id=\"5fb4551\" data-element_type=\"widget\" data-widget_type=\"text-editor.default\">\n\t\t\t\t<div class=\"elementor-widget-container\">\n\t\t\t\t\t\t\t<p><span style=\"font-weight: 400;\">F\u0131rsat yarat\u0131p geli\u015ftirmek ve de\u011fer \u00fcreterek payda\u015flar\u0131m\u0131z\u0131n menfaatlerini geli\u015ftirmek. <\/span><\/p>\t\t\t\t\t\t<\/div>\n\t\t\t\t<\/div>\n\t\t\t\t\t<\/div>\n\t\t<\/div>\n\t\t\t\t\t\t\t<\/div>\n\t\t<\/section>\n\t\t\t\t\t<\/div>\n\t\t<\/div>\n\t\t\t\t\t\t\t<\/div>\n\t\t<\/section>\n\t\t\t\t<section class=\"elementor-section elementor-top-section elementor-element elementor-element-18681218 elementor-section-boxed elementor-section-height-default elementor-section-height-default\" data-id=\"18681218\" data-element_type=\"section\">\n\t\t\t\t\t\t<div class=\"elementor-container elementor-column-gap-no\">\n\t\t\t\t\t<div class=\"elementor-column elementor-col-100 elementor-top-column elementor-element elementor-element-24018577\" data-id=\"24018577\" data-element_type=\"column\">\n\t\t\t<div class=\"elementor-widget-wrap elementor-element-populated\">\n\t\t\t\t\t\t\t\t<section class=\"elementor-section elementor-inner-section elementor-element elementor-element-4aab6b6 elementor-section-boxed elementor-section-height-default elementor-section-height-default\" data-id=\"4aab6b6\" data-element_type=\"section\">\n\t\t\t\t\t\t<div class=\"elementor-container elementor-column-gap-default\">\n\t\t\t\t\t<div class=\"elementor-column elementor-col-100 elementor-inner-column elementor-element elementor-element-7153bea\" data-id=\"7153bea\" data-element_type=\"column\">\n\t\t\t<div class=\"elementor-widget-wrap elementor-element-populated\">\n\t\t\t\t\t\t\t\t<div class=\"elementor-element elementor-element-7d773e7 elementor-widget elementor-widget-heading\" data-id=\"7d773e7\" data-element_type=\"widget\" data-widget_type=\"heading.default\">\n\t\t\t\t<div class=\"elementor-widget-container\">\n\t\t\t<h3 class=\"elementor-heading-title elementor-size-default\">DE\u011eERLER<\/h3>\t\t<\/div>\n\t\t\t\t<\/div>\n\t\t\t\t<div class=\"elementor-element elementor-element-d8715a4 elementor-position-left elementor-vertical-align-top elementor-widget elementor-widget-image-box\" data-id=\"d8715a4\" data-element_type=\"widget\" data-widget_type=\"image-box.default\">\n\t\t\t\t<div class=\"elementor-widget-container\">\n\t\t\t<style>\/*! elementor - v3.12.1 - 02-04-2023 *\/\n.elementor-widget-image-box .elementor-image-box-content{width:100%}@media (min-width:768px){.elementor-widget-image-box.elementor-position-left .elementor-image-box-wrapper,.elementor-widget-image-box.elementor-position-right .elementor-image-box-wrapper{display:flex}.elementor-widget-image-box.elementor-position-right .elementor-image-box-wrapper{text-align:right;flex-direction:row-reverse}.elementor-widget-image-box.elementor-position-left .elementor-image-box-wrapper{text-align:left;flex-direction:row}.elementor-widget-image-box.elementor-position-top .elementor-image-box-img{margin:auto}.elementor-widget-image-box.elementor-vertical-align-top .elementor-image-box-wrapper{align-items:flex-start}.elementor-widget-image-box.elementor-vertical-align-middle .elementor-image-box-wrapper{align-items:center}.elementor-widget-image-box.elementor-vertical-align-bottom .elementor-image-box-wrapper{align-items:flex-end}}@media (max-width:767px){.elementor-widget-image-box .elementor-image-box-img{margin-left:auto!important;margin-right:auto!important;margin-bottom:15px}}.elementor-widget-image-box .elementor-image-box-img{display:inline-block}.elementor-widget-image-box .elementor-image-box-title a{color:inherit}.elementor-widget-image-box .elementor-image-box-wrapper{text-align:center}.elementor-widget-image-box .elementor-image-box-description{margin:0}<\/style><div class=\"elementor-image-box-wrapper\"><figure class=\"elementor-image-box-img\"><img loading=\"lazy\" decoding=\"async\" width=\"128\" height=\"128\" src=\"https:\/\/profaj.co\/icu\/wp-content\/uploads\/2023\/10\/balance_924954.png\" class=\"attachment-full size-full wp-image-3073\" alt=\"\" \/><\/figure><div class=\"elementor-image-box-content\"><h3 class=\"elementor-image-box-title\">Do\u011fruluk<\/h3><p class=\"elementor-image-box-description\">Kurumsal olarak b\u00fct\u00fcnc\u00fcl bir do\u011frulukla t\u00fcm ili\u015fkilerimizde g\u00fc\u00e7l\u00fc toplumsal ve bireysel etik ilke ve de\u011ferlere tutarl\u0131 ve tavizsiz bir ba\u011fl\u0131\u011fa sahibiz. T\u00fcm profesyonel ve sosyal i\u015f birliklerimizde, kararlar\u0131m\u0131zda ve ileti\u015fimlerimizde d\u00fcr\u00fcst davran\u0131r\u0131z.<\/p><\/div><\/div>\t\t<\/div>\n\t\t\t\t<\/div>\n\t\t\t\t<div class=\"elementor-element elementor-element-18a52f9 elementor-position-left elementor-vertical-align-top elementor-widget elementor-widget-image-box\" data-id=\"18a52f9\" data-element_type=\"widget\" data-widget_type=\"image-box.default\">\n\t\t\t\t<div class=\"elementor-widget-container\">\n\t\t\t<div class=\"elementor-image-box-wrapper\"><figure class=\"elementor-image-box-img\"><img loading=\"lazy\" decoding=\"async\" width=\"128\" height=\"128\" src=\"https:\/\/profaj.co\/icu\/wp-content\/uploads\/2023\/10\/innovation_900967.png\" class=\"attachment-full size-full wp-image-3074\" alt=\"\" \/><\/figure><div class=\"elementor-image-box-content\"><h3 class=\"elementor-image-box-title\">Yenilik\u00e7ilik<\/h3><p class=\"elementor-image-box-description\">Giri\u015fimcili\u011fi merkez alan yeni fikirlere ve yeni teknolojilere olan tutkumuz , fark yaratacak giri\u015fimleri bulmak i\u00e7in s\u00fcrekli aray\u0131\u015f i\u00e7inde olmam\u0131z temel prensiplerimizdendir. Kendi i\u015fimizde ve ortakl\u0131klar\u0131m\u0131zda her t\u00fcrl\u00fc yenilik\u00e7i a\u00e7\u0131l\u0131m bizleri heyecanland\u0131r\u0131r.<\/p><\/div><\/div>\t\t<\/div>\n\t\t\t\t<\/div>\n\t\t\t\t<div class=\"elementor-element elementor-element-46189f5 elementor-position-left elementor-vertical-align-top elementor-widget elementor-widget-image-box\" data-id=\"46189f5\" data-element_type=\"widget\" data-widget_type=\"image-box.default\">\n\t\t\t\t<div class=\"elementor-widget-container\">\n\t\t\t<div class=\"elementor-image-box-wrapper\"><figure class=\"elementor-image-box-img\"><img loading=\"lazy\" decoding=\"async\" width=\"128\" height=\"128\" src=\"https:\/\/profaj.co\/icu\/wp-content\/uploads\/2023\/10\/collaboration_6487660.png\" class=\"attachment-full size-full wp-image-3075\" alt=\"\" \/><\/figure><div class=\"elementor-image-box-content\"><h3 class=\"elementor-image-box-title\">Ekip \u00c7al\u0131\u015fmas\u0131<\/h3><p class=\"elementor-image-box-description\">Yapt\u0131\u011f\u0131m\u0131z i\u015fin kalbinde ekip \u00e7al\u0131\u015fmas\u0131 yer al\u0131r. Giri\u015fim sermayesi \u015firketleri ekip olarak \u00e7al\u0131\u015fma k\u00fclt\u00fcr\u00fcn\u00fc faaliyetlerine en iyi \u015fekilde yans\u0131tarak y\u00fckselirler. Kolektif \u00e7aba ile ortak ama\u00e7lar\u0131m\u0131za ve y\u00fcksek hissedar memnuniyetine daha kolay ula\u015faca\u011f\u0131m\u0131z\u0131n bilinci i\u00e7erisinde \u00e7al\u0131\u015f\u0131r\u0131z.<\/p><\/div><\/div>\t\t<\/div>\n\t\t\t\t<\/div>\n\t\t\t\t<div class=\"elementor-element elementor-element-b0dddd5 elementor-position-left elementor-vertical-align-top elementor-widget elementor-widget-image-box\" data-id=\"b0dddd5\" data-element_type=\"widget\" data-widget_type=\"image-box.default\">\n\t\t\t\t<div class=\"elementor-widget-container\">\n\t\t\t<div class=\"elementor-image-box-wrapper\"><figure class=\"elementor-image-box-img\"><img loading=\"lazy\" decoding=\"async\" width=\"128\" height=\"128\" src=\"https:\/\/profaj.co\/icu\/wp-content\/uploads\/2023\/10\/behavior_3316271.png\" class=\"attachment-full size-full wp-image-3076\" alt=\"\" \/><\/figure><div class=\"elementor-image-box-content\"><h3 class=\"elementor-image-box-title\">Hesap Verebilirlik<\/h3><p class=\"elementor-image-box-description\">Verdi\u011fimiz ve zaman\u0131nda vermedi\u011fimiz kararlar\u0131n sorumluluklar\u0131n\u0131 al\u0131r\u0131z. T\u00fcrkiye\u2019nin ilk halka a\u00e7\u0131k giri\u015fim sermayesi yat\u0131r\u0131m ortakl\u0131\u011f\u0131 olman\u0131n verdi\u011fi sorumluluk ile hissedarlar, \u00e7al\u0131\u015fma ortaklar\u0131 ve d\u00fczenleyici kurulu\u015flar\u0131n bilgi taleplerini en do\u011fru \u015fekilde cevaplar ve sorumluluk bilinci ile hareket ederiz.<\/p><\/div><\/div>\t\t<\/div>\n\t\t\t\t<\/div>\n\t\t\t\t<div class=\"elementor-element elementor-element-18587b7 elementor-position-left elementor-vertical-align-top elementor-widget elementor-widget-image-box\" data-id=\"18587b7\" data-element_type=\"widget\" data-widget_type=\"image-box.default\">\n\t\t\t\t<div class=\"elementor-widget-container\">\n\t\t\t<div class=\"elementor-image-box-wrapper\"><figure class=\"elementor-image-box-img\"><img loading=\"lazy\" decoding=\"async\" width=\"128\" height=\"128\" src=\"https:\/\/profaj.co\/icu\/wp-content\/uploads\/2023\/10\/handshake_5760313.png\" class=\"attachment-full size-full wp-image-3077\" alt=\"\" \/><\/figure><div class=\"elementor-image-box-content\"><h3 class=\"elementor-image-box-title\">Sayg\u0131<\/h3><p class=\"elementor-image-box-description\">T\u00fcm payda\u015flar\u0131m\u0131za, insanl\u0131\u011f\u0131n temel de\u011ferlerine ve \u00e7evremize kar\u015f\u0131 sayg\u0131l\u0131 davran\u0131r\u0131z. \u00c7al\u0131\u015fma ortam\u0131m\u0131zda birbirimize, portf\u00f6y \u015firketlerimizdeki ortaklar\u0131m\u0131za, hissedarlar\u0131m\u0131z ile etkile\u015fimde bulundu\u011fumuz ki\u015fi ve kurumlara sayg\u0131 ile yakla\u015f\u0131r ve ayn\u0131 \u015fekilde kar\u015f\u0131l\u0131k bekleriz. <\/p><\/div><\/div>\t\t<\/div>\n\t\t\t\t<\/div>\n\t\t\t\t\t<\/div>\n\t\t<\/div>\n\t\t\t\t\t\t\t<\/div>\n\t\t<\/section>\n\t\t\t\t\t<\/div>\n\t\t<\/div>\n\t\t\t\t\t\t\t<\/div>\n\t\t<\/section>\n\t\t\t\t\t\t\t<\/div>\n\t\t","protected":false},"excerpt":{"rendered":"<p>TAR\u0130H\u00c7E ICU Giri\u015fim Sermayesi Yat\u0131r\u0131m Ortakl\u0131\u011f\u0131 A.\u015e., hisseleri Borsa \u0130stanbul\u2019da i\u015flem g\u00f6ren (ICUGS) SPK mevzuat\u0131na tabi bir yat\u0131r\u0131m ortakl\u0131\u011f\u0131d\u0131r. 1996 senesinde \u00fcllkemizin ilk giri\u015fim sermayesi yat\u0131r\u0131m ortakl\u0131\u011f\u0131 olarak kurulan ortakl\u0131k; sekt\u00f6r liderli\u011fini ve pazar \u00f6nc\u00fcl\u00fc\u011f\u00fcn\u00fc hedefleyen, yenilik\u00e7i, teknoloji merkezli, y\u00fcksek geli\u015fim potansiyeline sahip i\u015fletmelere odaklanmakta ve yapt\u0131\u011f\u0131 yat\u0131r\u0131mlarla t\u00fcm payda\u015flar\u0131na de\u011fer kazand\u0131rmay\u0131 ama\u00e7lamaktad\u0131r. Ortakl\u0131k kurulu\u015f [&hellip;]<\/p>\n","protected":false},"author":1,"featured_media":0,"parent":0,"menu_order":0,"comment_status":"closed","ping_status":"closed","template":"","meta":{"footnotes":""},"class_list":["post-685","page","type-page","status-publish","hentry"],"_links":{"self":[{"href":"https:\/\/profaj.co\/icu\/wp-json\/wp\/v2\/pages\/685","targetHints":{"allow":["GET"]}}],"collection":[{"href":"https:\/\/profaj.co\/icu\/wp-json\/wp\/v2\/pages"}],"about":[{"href":"https:\/\/profaj.co\/icu\/wp-json\/wp\/v2\/types\/page"}],"author":[{"embeddable":true,"href":"https:\/\/profaj.co\/icu\/wp-json\/wp\/v2\/users\/1"}],"replies":[{"embeddable":true,"href":"https:\/\/profaj.co\/icu\/wp-json\/wp\/v2\/comments?post=685"}],"version-history":[{"count":228,"href":"https:\/\/profaj.co\/icu\/wp-json\/wp\/v2\/pages\/685\/revisions"}],"predecessor-version":[{"id":3234,"href":"https:\/\/profaj.co\/icu\/wp-json\/wp\/v2\/pages\/685\/revisions\/3234"}],"wp:attachment":[{"href":"https:\/\/profaj.co\/icu\/wp-json\/wp\/v2\/media?parent=685"}],"curies":[{"name":"wp","href":"https:\/\/api.w.org\/{rel}","templated":true}]}}