{"id":814,"date":"2023-04-26T14:10:11","date_gmt":"2023-04-26T14:10:11","guid":{"rendered":"https:\/\/profaj.co\/icu\/?page_id=814"},"modified":"2023-10-11T12:43:02","modified_gmt":"2023-10-11T12:43:02","slug":"guncel-portfoy","status":"publish","type":"page","link":"https:\/\/profaj.co\/icu\/guncel-portfoy\/","title":{"rendered":"G\u00fcncel Portf\u00f6y"},"content":{"rendered":"\t\t<div data-elementor-type=\"wp-page\" data-elementor-id=\"814\" class=\"elementor elementor-814\">\n\t\t\t\t\t\t\t\t\t<section class=\"elementor-section elementor-top-section elementor-element elementor-element-249d52f elementor-section-boxed elementor-section-height-default elementor-section-height-default\" data-id=\"249d52f\" data-element_type=\"section\" data-settings=\"{&quot;background_background&quot;:&quot;classic&quot;}\">\n\t\t\t\t\t\t\t<div class=\"elementor-background-overlay\"><\/div>\n\t\t\t\t\t\t\t<div class=\"elementor-container elementor-column-gap-default\">\n\t\t\t\t\t<div class=\"elementor-column elementor-col-100 elementor-top-column elementor-element elementor-element-b24bc93\" data-id=\"b24bc93\" data-element_type=\"column\">\n\t\t\t<div class=\"elementor-widget-wrap\">\n\t\t\t\t\t\t\t\t\t<\/div>\n\t\t<\/div>\n\t\t\t\t\t\t\t<\/div>\n\t\t<\/section>\n\t\t\t\t<section class=\"elementor-section elementor-top-section elementor-element elementor-element-27a48f0f elementor-section-height-min-height elementor-section-content-middle elementor-section-boxed elementor-section-height-default elementor-section-items-middle\" data-id=\"27a48f0f\" data-element_type=\"section\">\n\t\t\t\t\t\t<div class=\"elementor-container elementor-column-gap-no\">\n\t\t\t\t\t<div class=\"elementor-column elementor-col-100 elementor-top-column elementor-element elementor-element-60260a57\" data-id=\"60260a57\" data-element_type=\"column\">\n\t\t\t<div class=\"elementor-widget-wrap elementor-element-populated\">\n\t\t\t\t\t\t\t\t<div class=\"elementor-element elementor-element-9d49e56 elementor-widget elementor-widget-heading\" data-id=\"9d49e56\" data-element_type=\"widget\" data-widget_type=\"heading.default\">\n\t\t\t\t<div class=\"elementor-widget-container\">\n\t\t\t<style>\/*! elementor - v3.12.1 - 02-04-2023 *\/\n.elementor-heading-title{padding:0;margin:0;line-height:1}.elementor-widget-heading .elementor-heading-title[class*=elementor-size-]>a{color:inherit;font-size:inherit;line-height:inherit}.elementor-widget-heading .elementor-heading-title.elementor-size-small{font-size:15px}.elementor-widget-heading .elementor-heading-title.elementor-size-medium{font-size:19px}.elementor-widget-heading .elementor-heading-title.elementor-size-large{font-size:29px}.elementor-widget-heading .elementor-heading-title.elementor-size-xl{font-size:39px}.elementor-widget-heading .elementor-heading-title.elementor-size-xxl{font-size:59px}<\/style><h1 class=\"elementor-heading-title elementor-size-default\">YATIRIMLARIMIZ<\/h1>\t\t<\/div>\n\t\t\t\t<\/div>\n\t\t\t\t<div class=\"elementor-element elementor-element-6cb8e96 elementor-widget elementor-widget-heading\" data-id=\"6cb8e96\" data-element_type=\"widget\" data-widget_type=\"heading.default\">\n\t\t\t\t<div class=\"elementor-widget-container\">\n\t\t\t<h2 class=\"elementor-heading-title elementor-size-default\">G\u00fcncel Portf\u00f6y:<\/h2>\t\t<\/div>\n\t\t\t\t<\/div>\n\t\t\t\t\t<\/div>\n\t\t<\/div>\n\t\t\t\t\t\t\t<\/div>\n\t\t<\/section>\n\t\t\t\t<section class=\"elementor-section elementor-top-section elementor-element elementor-element-5d7951d elementor-section-boxed elementor-section-height-default elementor-section-height-default\" data-id=\"5d7951d\" data-element_type=\"section\">\n\t\t\t\t\t\t<div class=\"elementor-container elementor-column-gap-default\">\n\t\t\t\t\t<div class=\"elementor-column elementor-col-33 elementor-top-column elementor-element elementor-element-d40b8ca elementor-hidden-mobile\" data-id=\"d40b8ca\" data-element_type=\"column\">\n\t\t\t<div class=\"elementor-widget-wrap elementor-element-populated\">\n\t\t\t\t\t\t\t\t<div class=\"elementor-element elementor-element-d22ae48 elementor-hidden-mobile elementor-widget elementor-widget-image\" data-id=\"d22ae48\" data-element_type=\"widget\" data-widget_type=\"image.default\">\n\t\t\t\t<div class=\"elementor-widget-container\">\n\t\t\t<style>\/*! elementor - v3.12.1 - 02-04-2023 *\/\n.elementor-widget-image{text-align:center}.elementor-widget-image a{display:inline-block}.elementor-widget-image a img[src$=\".svg\"]{width:48px}.elementor-widget-image img{vertical-align:middle;display:inline-block}<\/style>\t\t\t\t\t\t\t\t\t\t\t\t<img loading=\"lazy\" decoding=\"async\" width=\"315\" height=\"66\" src=\"https:\/\/profaj.co\/icu\/wp-content\/uploads\/2023\/04\/netsafe.jpeg\" class=\"attachment-large size-large wp-image-821\" alt=\"\" srcset=\"https:\/\/profaj.co\/icu\/wp-content\/uploads\/2023\/04\/netsafe.jpeg 315w, https:\/\/profaj.co\/icu\/wp-content\/uploads\/2023\/04\/netsafe-300x63.jpeg 300w\" sizes=\"auto, (max-width: 315px) 100vw, 315px\" \/>\t\t\t\t\t\t\t\t\t\t\t\t\t\t\t<\/div>\n\t\t\t\t<\/div>\n\t\t\t\t\t<\/div>\n\t\t<\/div>\n\t\t\t\t<div class=\"elementor-column elementor-col-33 elementor-top-column elementor-element elementor-element-32b3879 elementor-hidden-mobile\" data-id=\"32b3879\" data-element_type=\"column\">\n\t\t\t<div class=\"elementor-widget-wrap elementor-element-populated\">\n\t\t\t\t\t\t\t\t<div class=\"elementor-element elementor-element-373ec48 elementor-hidden-mobile elementor-widget elementor-widget-image\" data-id=\"373ec48\" data-element_type=\"widget\" data-widget_type=\"image.default\">\n\t\t\t\t<div class=\"elementor-widget-container\">\n\t\t\t\t\t\t\t\t\t\t\t\t\t\t\t<img loading=\"lazy\" decoding=\"async\" width=\"182\" height=\"51\" src=\"https:\/\/profaj.co\/icu\/wp-content\/uploads\/2023\/04\/Batkon.jpeg\" class=\"attachment-large size-large wp-image-828\" alt=\"\" \/>\t\t\t\t\t\t\t\t\t\t\t\t\t\t\t<\/div>\n\t\t\t\t<\/div>\n\t\t\t\t\t<\/div>\n\t\t<\/div>\n\t\t\t\t<div class=\"elementor-column elementor-col-33 elementor-top-column elementor-element elementor-element-41bf1b4 elementor-hidden-mobile\" data-id=\"41bf1b4\" data-element_type=\"column\">\n\t\t\t<div class=\"elementor-widget-wrap elementor-element-populated\">\n\t\t\t\t\t\t\t\t<div class=\"elementor-element elementor-element-8188421 elementor-hidden-mobile elementor-widget elementor-widget-image\" data-id=\"8188421\" data-element_type=\"widget\" data-widget_type=\"image.default\">\n\t\t\t\t<div class=\"elementor-widget-container\">\n\t\t\t\t\t\t\t\t\t\t\t\t\t\t\t<img loading=\"lazy\" decoding=\"async\" width=\"171\" height=\"45\" src=\"https:\/\/profaj.co\/icu\/wp-content\/uploads\/2023\/04\/Laska.jpeg\" class=\"attachment-large size-large wp-image-829\" alt=\"\" \/>\t\t\t\t\t\t\t\t\t\t\t\t\t\t\t<\/div>\n\t\t\t\t<\/div>\n\t\t\t\t\t<\/div>\n\t\t<\/div>\n\t\t\t\t\t\t\t<\/div>\n\t\t<\/section>\n\t\t\t\t<section class=\"elementor-section elementor-top-section elementor-element elementor-element-8d179b9 elementor-section-boxed elementor-section-height-default elementor-section-height-default\" data-id=\"8d179b9\" data-element_type=\"section\">\n\t\t\t\t\t\t<div class=\"elementor-container elementor-column-gap-default\">\n\t\t\t\t\t<div class=\"elementor-column elementor-col-33 elementor-top-column elementor-element elementor-element-74842ad\" data-id=\"74842ad\" data-element_type=\"column\">\n\t\t\t<div class=\"elementor-widget-wrap elementor-element-populated\">\n\t\t\t\t\t\t\t\t<div class=\"elementor-element elementor-element-3414f95 elementor-hidden-desktop elementor-hidden-tablet elementor-widget elementor-widget-image\" data-id=\"3414f95\" data-element_type=\"widget\" data-widget_type=\"image.default\">\n\t\t\t\t<div class=\"elementor-widget-container\">\n\t\t\t\t\t\t\t\t\t\t\t\t\t\t\t<img loading=\"lazy\" decoding=\"async\" width=\"315\" height=\"66\" src=\"https:\/\/profaj.co\/icu\/wp-content\/uploads\/2023\/04\/netsafe.jpeg\" class=\"attachment-large size-large wp-image-821\" alt=\"\" srcset=\"https:\/\/profaj.co\/icu\/wp-content\/uploads\/2023\/04\/netsafe.jpeg 315w, https:\/\/profaj.co\/icu\/wp-content\/uploads\/2023\/04\/netsafe-300x63.jpeg 300w\" sizes=\"auto, (max-width: 315px) 100vw, 315px\" \/>\t\t\t\t\t\t\t\t\t\t\t\t\t\t\t<\/div>\n\t\t\t\t<\/div>\n\t\t\t\t<div class=\"elementor-element elementor-element-60b3f9d elementor-widget elementor-widget-text-editor\" data-id=\"60b3f9d\" data-element_type=\"widget\" data-widget_type=\"text-editor.default\">\n\t\t\t\t<div class=\"elementor-widget-container\">\n\t\t\t<style>\/*! elementor - v3.12.1 - 02-04-2023 *\/\n.elementor-widget-text-editor.elementor-drop-cap-view-stacked .elementor-drop-cap{background-color:#69727d;color:#fff}.elementor-widget-text-editor.elementor-drop-cap-view-framed .elementor-drop-cap{color:#69727d;border:3px solid;background-color:transparent}.elementor-widget-text-editor:not(.elementor-drop-cap-view-default) .elementor-drop-cap{margin-top:8px}.elementor-widget-text-editor:not(.elementor-drop-cap-view-default) .elementor-drop-cap-letter{width:1em;height:1em}.elementor-widget-text-editor .elementor-drop-cap{float:left;text-align:center;line-height:1;font-size:50px}.elementor-widget-text-editor .elementor-drop-cap-letter{display:inline-block}<\/style>\t\t\t\t<p><strong>NETSAFE TEKNOLOJIK YATIRIMLAR A.\u015e.<\/strong><\/p><p><a href=\"http:\/\/www.netsafetech.com.tr\"><span style=\"font-weight: 400;\">http:\/\/www.netsafetech.com.tr<\/span><\/a><span style=\"font-weight: 400;\"> &#8211; Bilgi g\u00fcvenli\u011fi \u00e7\u00f6z\u00fcmleri konusunda \u00f6nc\u00fc bir \u015firket olarak 2010 y\u0131l\u0131nda portf\u00f6y\u00fcm\u00fcze kat\u0131lan \u015firket, 2023 y\u0131l\u0131nda ICU Giri\u015fimin teknoloji odakl\u0131 global yat\u0131r\u0131m platformuna d\u00f6n\u00fc\u015fm\u00fc\u015ft\u00fcr. NETSAFE; global piyasalar\u0131 hedefleyen, seyahat teknolojileri, \u00f6deme teknolojileri, haber ve enformasyon teknolojileri, sa\u011fl\u0131k \u00fcr\u00fcnleri ve aplikasyonlar\u0131 gibi geni\u015f bir yelpazede teknoloji \u015firketlerine yat\u0131r\u0131m yapmaktad\u0131r. ICU Giri\u015fim pay\u0131 %100 oran\u0131ndad\u0131r.<\/span><\/p>\t\t\t\t\t\t<\/div>\n\t\t\t\t<\/div>\n\t\t\t\t\t<\/div>\n\t\t<\/div>\n\t\t\t\t<div class=\"elementor-column elementor-col-33 elementor-top-column elementor-element elementor-element-84fa1fe\" data-id=\"84fa1fe\" data-element_type=\"column\">\n\t\t\t<div class=\"elementor-widget-wrap elementor-element-populated\">\n\t\t\t\t\t\t\t\t<div class=\"elementor-element elementor-element-5522bbe elementor-hidden-desktop elementor-hidden-tablet elementor-widget elementor-widget-image\" data-id=\"5522bbe\" data-element_type=\"widget\" data-widget_type=\"image.default\">\n\t\t\t\t<div class=\"elementor-widget-container\">\n\t\t\t\t\t\t\t\t\t\t\t\t\t\t\t<img loading=\"lazy\" decoding=\"async\" width=\"182\" height=\"51\" src=\"https:\/\/profaj.co\/icu\/wp-content\/uploads\/2023\/04\/Batkon.jpeg\" class=\"attachment-large size-large wp-image-828\" alt=\"\" \/>\t\t\t\t\t\t\t\t\t\t\t\t\t\t\t<\/div>\n\t\t\t\t<\/div>\n\t\t\t\t<div class=\"elementor-element elementor-element-d56c7be elementor-widget elementor-widget-text-editor\" data-id=\"d56c7be\" data-element_type=\"widget\" data-widget_type=\"text-editor.default\">\n\t\t\t\t<div class=\"elementor-widget-container\">\n\t\t\t\t\t\t\t<p><strong>BATKON BATARYA KONTROL TEKNOLOJ\u0130LER\u0130 A.\u015e<span class=\"s1\">.<\/span><\/strong><\/p><p><a href=\"http:\/\/www.batkon.com\/\"><span style=\"font-weight: 400;\">http:\/\/www.batkon.com<\/span><\/a> <span style=\"font-weight: 400;\">&#8211; BATKON, kullan\u0131m\u0131 kolay, geli\u015fmi\u015f enerji depolama teknolojileri sunan bir Ar-Ge \u015firketidir. Bu ama\u00e7la, Hibrit, Ba\u011f\u0131ms\u0131z ve Mikro \u015eebeke pazar segmentlerinde anahtar teslim enerji depolama \u00e7\u00f6z\u00fcmleri sunmaktad\u0131r. ICU Giri\u015fim \u015firkete 2021 y\u0131l\u0131nda i\u015ftirak etmi\u015f ve %25 paya sahip olmu\u015ftur.<\/span><\/p>\t\t\t\t\t\t<\/div>\n\t\t\t\t<\/div>\n\t\t\t\t\t<\/div>\n\t\t<\/div>\n\t\t\t\t<div class=\"elementor-column elementor-col-33 elementor-top-column elementor-element elementor-element-201e4c8\" data-id=\"201e4c8\" data-element_type=\"column\">\n\t\t\t<div class=\"elementor-widget-wrap elementor-element-populated\">\n\t\t\t\t\t\t\t\t<div class=\"elementor-element elementor-element-c02eb5a elementor-hidden-desktop elementor-hidden-tablet elementor-widget elementor-widget-image\" data-id=\"c02eb5a\" data-element_type=\"widget\" data-widget_type=\"image.default\">\n\t\t\t\t<div class=\"elementor-widget-container\">\n\t\t\t\t\t\t\t\t\t\t\t\t\t\t\t<img loading=\"lazy\" decoding=\"async\" width=\"171\" height=\"45\" src=\"https:\/\/profaj.co\/icu\/wp-content\/uploads\/2023\/04\/Laska.jpeg\" class=\"attachment-large size-large wp-image-829\" alt=\"\" \/>\t\t\t\t\t\t\t\t\t\t\t\t\t\t\t<\/div>\n\t\t\t\t<\/div>\n\t\t\t\t<div class=\"elementor-element elementor-element-fa167e5 elementor-widget elementor-widget-text-editor\" data-id=\"fa167e5\" data-element_type=\"widget\" data-widget_type=\"text-editor.default\">\n\t\t\t\t<div class=\"elementor-widget-container\">\n\t\t\t\t\t\t\t<p><strong>LASKA TEKNOLOJ\u0130 A.\u015e.<\/strong><\/p><p><a href=\"http:\/\/www.laska.com.tr\/\"><span style=\"font-weight: 400;\">http:\/\/www.laska.com.tr<\/span><\/a><span style=\"font-weight: 400;\"> &#8211; LASKA, kullan\u0131m \u00f6mr\u00fcn\u00fc tamamlam\u0131\u015f at\u0131k ta\u015f\u0131t lastiklerini karbon emisyonu ve \u00e7evresel at\u0131klar\u0131n\u0131 bertaraf ederek yeniden ekonomiye kazand\u0131ran ve katma de\u011feri y\u00fcksek karbon siyah\u0131 yan\u0131 s\u0131ra, \u00e7elik ve enerji \u00e7\u0131k\u0131\u015f\u0131 sa\u011flayan yenilik\u00e7i bir Ar-Ge \u015firketidir. 2021 y\u0131l\u0131nda \u015firkete %7.5 oran\u0131nda sermaye kat\u0131l\u0131m\u0131 yoluyla i\u015ftirak edilmi\u015ftir.<\/span><\/p>\t\t\t\t\t\t<\/div>\n\t\t\t\t<\/div>\n\t\t\t\t\t<\/div>\n\t\t<\/div>\n\t\t\t\t\t\t\t<\/div>\n\t\t<\/section>\n\t\t\t\t<section class=\"elementor-section elementor-top-section elementor-element elementor-element-ef81aef elementor-section-boxed elementor-section-height-default elementor-section-height-default\" data-id=\"ef81aef\" data-element_type=\"section\">\n\t\t\t\t\t\t<div class=\"elementor-container elementor-column-gap-default\">\n\t\t\t\t\t<div class=\"elementor-column elementor-col-33 elementor-top-column elementor-element elementor-element-a238882\" data-id=\"a238882\" data-element_type=\"column\">\n\t\t\t<div class=\"elementor-widget-wrap elementor-element-populated\">\n\t\t\t\t\t\t\t\t<div class=\"elementor-element elementor-element-b5b639f elementor-hidden-mobile elementor-widget elementor-widget-image\" data-id=\"b5b639f\" data-element_type=\"widget\" data-widget_type=\"image.default\">\n\t\t\t\t<div class=\"elementor-widget-container\">\n\t\t\t\t\t\t\t\t\t\t\t\t\t\t\t<img loading=\"lazy\" decoding=\"async\" width=\"148\" height=\"37\" src=\"https:\/\/profaj.co\/icu\/wp-content\/uploads\/2023\/04\/erih.jpeg\" class=\"attachment-large size-large wp-image-830\" alt=\"\" \/>\t\t\t\t\t\t\t\t\t\t\t\t\t\t\t<\/div>\n\t\t\t\t<\/div>\n\t\t\t\t\t<\/div>\n\t\t<\/div>\n\t\t\t\t<div class=\"elementor-column elementor-col-33 elementor-top-column elementor-element elementor-element-1b7e28e\" data-id=\"1b7e28e\" data-element_type=\"column\">\n\t\t\t<div class=\"elementor-widget-wrap elementor-element-populated\">\n\t\t\t\t\t\t\t\t<div class=\"elementor-element elementor-element-d644f48 elementor-hidden-mobile elementor-widget elementor-widget-image\" data-id=\"d644f48\" data-element_type=\"widget\" data-widget_type=\"image.default\">\n\t\t\t\t<div class=\"elementor-widget-container\">\n\t\t\t\t\t\t\t\t\t\t\t\t\t\t\t<img loading=\"lazy\" decoding=\"async\" width=\"128\" height=\"64\" src=\"https:\/\/profaj.co\/icu\/wp-content\/uploads\/2023\/04\/seta.jpeg\" class=\"attachment-large size-large wp-image-820\" alt=\"\" \/>\t\t\t\t\t\t\t\t\t\t\t\t\t\t\t<\/div>\n\t\t\t\t<\/div>\n\t\t\t\t\t<\/div>\n\t\t<\/div>\n\t\t\t\t<div class=\"elementor-column elementor-col-33 elementor-top-column elementor-element elementor-element-3e041cb\" data-id=\"3e041cb\" data-element_type=\"column\">\n\t\t\t<div class=\"elementor-widget-wrap\">\n\t\t\t\t\t\t\t\t\t<\/div>\n\t\t<\/div>\n\t\t\t\t\t\t\t<\/div>\n\t\t<\/section>\n\t\t\t\t<section class=\"elementor-section elementor-top-section elementor-element elementor-element-5adc49b elementor-section-boxed elementor-section-height-default elementor-section-height-default\" data-id=\"5adc49b\" data-element_type=\"section\">\n\t\t\t\t\t\t<div class=\"elementor-container elementor-column-gap-default\">\n\t\t\t\t\t<div class=\"elementor-column elementor-col-33 elementor-top-column elementor-element elementor-element-16f4a1e\" data-id=\"16f4a1e\" data-element_type=\"column\">\n\t\t\t<div class=\"elementor-widget-wrap elementor-element-populated\">\n\t\t\t\t\t\t\t\t<div class=\"elementor-element elementor-element-751ed6f elementor-hidden-desktop elementor-hidden-tablet elementor-widget elementor-widget-image\" data-id=\"751ed6f\" data-element_type=\"widget\" data-widget_type=\"image.default\">\n\t\t\t\t<div class=\"elementor-widget-container\">\n\t\t\t\t\t\t\t\t\t\t\t\t\t\t\t<img loading=\"lazy\" decoding=\"async\" width=\"148\" height=\"37\" src=\"https:\/\/profaj.co\/icu\/wp-content\/uploads\/2023\/04\/erih.jpeg\" class=\"attachment-large size-large wp-image-830\" alt=\"\" \/>\t\t\t\t\t\t\t\t\t\t\t\t\t\t\t<\/div>\n\t\t\t\t<\/div>\n\t\t\t\t<div class=\"elementor-element elementor-element-4661dcc elementor-widget elementor-widget-text-editor\" data-id=\"4661dcc\" data-element_type=\"widget\" data-widget_type=\"text-editor.default\">\n\t\t\t\t<div class=\"elementor-widget-container\">\n\t\t\t\t\t\t\t<p><strong>ERIH ENERJ\u0130 \u00dcRET\u0130M T\u0130CARET A.\u015e.<\/strong><\/p><p><a href=\"http:\/\/www.erih.com\/\"><span style=\"font-weight: 400;\">http:\/\/www.erih.com<\/span><\/a><span style=\"font-weight: 400;\"> &#8211; ERIH,<\/span><span style=\"font-weight: 400;\"> elektrik enerjisi \u00fcretim tesisi kurulmas\u0131, i\u015fletmeye al\u0131nmas\u0131, kiralanmas\u0131, elektrik \u00fcretimi ve sat\u0131\u015f\u0131 konusunda yat\u0131r\u0131mlar yapmak \u00fczere kurulmu\u015f bir platformdur. Ortakl\u0131\u011f\u0131m\u0131z\u0131n 2021 y\u0131l\u0131nda sermayesine %25 oran\u0131nda i\u015ftirak etmesiyle<\/span><span style=\"font-weight: 400;\"> portf\u00f6y\u00fcm\u00fcze<\/span><span style=\"font-weight: 400;\"> dahil olmu\u015ftur.<\/span><\/p>\t\t\t\t\t\t<\/div>\n\t\t\t\t<\/div>\n\t\t\t\t\t<\/div>\n\t\t<\/div>\n\t\t\t\t<div class=\"elementor-column elementor-col-33 elementor-top-column elementor-element elementor-element-e6593e9\" data-id=\"e6593e9\" data-element_type=\"column\">\n\t\t\t<div class=\"elementor-widget-wrap elementor-element-populated\">\n\t\t\t\t\t\t\t\t<div class=\"elementor-element elementor-element-98e44c6 elementor-hidden-desktop elementor-hidden-tablet elementor-widget elementor-widget-image\" data-id=\"98e44c6\" data-element_type=\"widget\" data-widget_type=\"image.default\">\n\t\t\t\t<div class=\"elementor-widget-container\">\n\t\t\t\t\t\t\t\t\t\t\t\t\t\t\t<img loading=\"lazy\" decoding=\"async\" width=\"128\" height=\"64\" src=\"https:\/\/profaj.co\/icu\/wp-content\/uploads\/2023\/04\/seta.jpeg\" class=\"attachment-large size-large wp-image-820\" alt=\"\" \/>\t\t\t\t\t\t\t\t\t\t\t\t\t\t\t<\/div>\n\t\t\t\t<\/div>\n\t\t\t\t<div class=\"elementor-element elementor-element-855421e elementor-widget elementor-widget-text-editor\" data-id=\"855421e\" data-element_type=\"widget\" data-widget_type=\"text-editor.default\">\n\t\t\t\t<div class=\"elementor-widget-container\">\n\t\t\t\t\t\t\t<p><strong>SETA TIBB\u0130 C\u0130HAZLAR \u0130THALAT ve \u0130HRACAT PAZARLAMA T\u0130CARET ve SANAY\u0130 A.\u015e<\/strong><\/p><p><span style=\"font-weight: 400;\"><a href=\"http:\/\/www.setamedical.com\">http:\/\/www.setamedical.com<\/a>\u00a0&#8211; SETA,\u00a0<\/span><span style=\"font-weight: 400;\">\u00a0tek kullan\u0131ml\u0131k t\u0131bbi ve cerrahi malzemeler \u00fcretimi konusunda uzmanla\u015farak hasta g\u00fcvenli\u011fi alan\u0131nda \u00e7al\u0131\u015fmalar yapan bir sanayi \u015firketidir. 2010 y\u0131l\u0131nda <\/span><span style=\"font-weight: 400;\">portf\u00f6y\u00fcm\u00fcze<\/span><span style=\"font-weight: 400;\"> dahil olan \u015firkette ICU pay\u0131 % 95,6 oran\u0131na ula\u015fm\u0131\u015ft\u0131r. \u015eirket faaliyetlerini durdurmu\u015f olup ortakl\u0131\u011f\u0131m\u0131z \u00e7\u0131k\u0131\u015f opsiyonlar\u0131n\u0131 de\u011ferlendirmektedir.<\/span><\/p>\t\t\t\t\t\t<\/div>\n\t\t\t\t<\/div>\n\t\t\t\t\t<\/div>\n\t\t<\/div>\n\t\t\t\t<div class=\"elementor-column elementor-col-33 elementor-top-column elementor-element elementor-element-eb15718\" data-id=\"eb15718\" data-element_type=\"column\">\n\t\t\t<div class=\"elementor-widget-wrap elementor-element-populated\">\n\t\t\t\t\t\t\t\t<div class=\"elementor-element elementor-element-054b4f7 elementor-widget elementor-widget-text-editor\" data-id=\"054b4f7\" data-element_type=\"widget\" data-widget_type=\"text-editor.default\">\n\t\t\t\t<div class=\"elementor-widget-container\">\n\t\t\t\t\t\t\t<p><strong>RML LOJ\u0130ST\u0130K ve DEN\u0130ZC\u0130L\u0130K H\u0130ZMETLER\u0130 A.\u015e.<\/strong><\/p><p>RML<span class=\"s1\">, <\/span>T\u00fcrkiye i\u00e7i ve \u00e7evre \u00fclkelerde deniz ta\u015f\u0131mac\u0131l\u0131\u011f\u0131 ve lojistik hizmetler alan\u0131nda \u00e7al\u0131\u015fmak i\u00e7in kurulmu\u015f bir altyap\u0131 platformudur. 2010 y\u0131l\u0131nda portf\u00f6y\u00fcm\u00fcze dahil olan \u015firkette ICU Giri\u015fim %100 paya sahiptir. \u015eirketin faaliyetleri durdurulmu\u015f ve \u00e7e\u015fitli \u00e7\u0131k\u0131\u015f opsiyonlar\u0131 de\u011ferlendirilmektedir<span class=\"s2\"><b>.<\/b><\/span><\/p>\t\t\t\t\t\t<\/div>\n\t\t\t\t<\/div>\n\t\t\t\t\t<\/div>\n\t\t<\/div>\n\t\t\t\t\t\t\t<\/div>\n\t\t<\/section>\n\t\t\t\t<section class=\"elementor-section elementor-top-section elementor-element elementor-element-fb8f350 elementor-section-boxed elementor-section-height-default elementor-section-height-default\" data-id=\"fb8f350\" data-element_type=\"section\">\n\t\t\t\t\t\t<div class=\"elementor-container elementor-column-gap-default\">\n\t\t\t\t\t<div class=\"elementor-column elementor-col-33 elementor-top-column elementor-element elementor-element-648356b\" data-id=\"648356b\" data-element_type=\"column\">\n\t\t\t<div class=\"elementor-widget-wrap elementor-element-populated\">\n\t\t\t\t\t\t\t\t<div class=\"elementor-element elementor-element-beeae6c elementor-widget elementor-widget-text-editor\" data-id=\"beeae6c\" data-element_type=\"widget\" data-widget_type=\"text-editor.default\">\n\t\t\t\t<div class=\"elementor-widget-container\">\n\t\t\t\t\t\t\t<p><strong>OEP TURKEY TECH B.V<\/strong><\/p><p><span style=\"font-weight: 400;\">One Equity Partners (OEP), ile ortak olarak T\u00fcrkiye\u2019de giri\u015fim sermayesi yat\u0131r\u0131mlar\u0131 yapmak i\u00e7in kurulmu\u015f olan fona, 2010 y\u0131l\u0131nda %19,79 oranda i\u015ftirak edilmi\u015ftir. NETA\u015e hisselerinin kayyumdan sat\u0131n al\u0131nmas\u0131n\u0131 tamamlayan fon, bu hisseleri 2017 y\u0131l\u0131nda ZTE\u2019ye satarak \u00e7\u0131k\u0131\u015f\u0131n\u0131 tamamlam\u0131\u015ft\u0131r.<\/span><\/p>\t\t\t\t\t\t<\/div>\n\t\t\t\t<\/div>\n\t\t\t\t\t<\/div>\n\t\t<\/div>\n\t\t\t\t<div class=\"elementor-column elementor-col-33 elementor-top-column elementor-element elementor-element-cf63819\" data-id=\"cf63819\" data-element_type=\"column\">\n\t\t\t<div class=\"elementor-widget-wrap\">\n\t\t\t\t\t\t\t\t\t<\/div>\n\t\t<\/div>\n\t\t\t\t<div class=\"elementor-column elementor-col-33 elementor-top-column elementor-element elementor-element-03d50df\" data-id=\"03d50df\" data-element_type=\"column\">\n\t\t\t<div class=\"elementor-widget-wrap\">\n\t\t\t\t\t\t\t\t\t<\/div>\n\t\t<\/div>\n\t\t\t\t\t\t\t<\/div>\n\t\t<\/section>\n\t\t\t\t\t\t\t<\/div>\n\t\t","protected":false},"excerpt":{"rendered":"<p>YATIRIMLARIMIZ G\u00fcncel Portf\u00f6y: NETSAFE TEKNOLOJIK YATIRIMLAR A.\u015e. http:\/\/www.netsafetech.com.tr &#8211; Bilgi g\u00fcvenli\u011fi \u00e7\u00f6z\u00fcmleri konusunda \u00f6nc\u00fc bir \u015firket olarak 2010 y\u0131l\u0131nda portf\u00f6y\u00fcm\u00fcze kat\u0131lan \u015firket, 2023 y\u0131l\u0131nda ICU Giri\u015fimin teknoloji odakl\u0131 global yat\u0131r\u0131m platformuna d\u00f6n\u00fc\u015fm\u00fc\u015ft\u00fcr. NETSAFE; global piyasalar\u0131 hedefleyen, seyahat teknolojileri, \u00f6deme teknolojileri, haber ve enformasyon teknolojileri, sa\u011fl\u0131k \u00fcr\u00fcnleri ve aplikasyonlar\u0131 gibi geni\u015f bir yelpazede teknoloji \u015firketlerine yat\u0131r\u0131m [&hellip;]<\/p>\n","protected":false},"author":1,"featured_media":0,"parent":0,"menu_order":0,"comment_status":"closed","ping_status":"closed","template":"","meta":{"footnotes":""},"class_list":["post-814","page","type-page","status-publish","hentry"],"_links":{"self":[{"href":"https:\/\/profaj.co\/icu\/wp-json\/wp\/v2\/pages\/814","targetHints":{"allow":["GET"]}}],"collection":[{"href":"https:\/\/profaj.co\/icu\/wp-json\/wp\/v2\/pages"}],"about":[{"href":"https:\/\/profaj.co\/icu\/wp-json\/wp\/v2\/types\/page"}],"author":[{"embeddable":true,"href":"https:\/\/profaj.co\/icu\/wp-json\/wp\/v2\/users\/1"}],"replies":[{"embeddable":true,"href":"https:\/\/profaj.co\/icu\/wp-json\/wp\/v2\/comments?post=814"}],"version-history":[{"count":112,"href":"https:\/\/profaj.co\/icu\/wp-json\/wp\/v2\/pages\/814\/revisions"}],"predecessor-version":[{"id":3249,"href":"https:\/\/profaj.co\/icu\/wp-json\/wp\/v2\/pages\/814\/revisions\/3249"}],"wp:attachment":[{"href":"https:\/\/profaj.co\/icu\/wp-json\/wp\/v2\/media?parent=814"}],"curies":[{"name":"wp","href":"https:\/\/api.w.org\/{rel}","templated":true}]}}