{"id":264,"date":"2023-10-03T07:19:21","date_gmt":"2023-10-03T07:19:21","guid":{"rendered":"https:\/\/profaj.co\/idea\/?page_id=264"},"modified":"2023-10-13T12:02:44","modified_gmt":"2023-10-13T12:02:44","slug":"kalite-kontrol-ve-test","status":"publish","type":"page","link":"https:\/\/profaj.co\/idea\/kalite-kontrol-ve-test\/","title":{"rendered":"Kalite Kontrol ve Test"},"content":{"rendered":"\t\t<div data-elementor-type=\"wp-page\" data-elementor-id=\"264\" class=\"elementor elementor-264\" data-elementor-post-type=\"page\">\n\t\t\t\t\t\t\t\t\t<section class=\"elementor-section elementor-top-section elementor-element elementor-element-399b2391 elementor-section-boxed elementor-section-height-default elementor-section-height-default\" data-id=\"399b2391\" data-element_type=\"section\" data-settings=\"{&quot;background_background&quot;:&quot;classic&quot;}\">\n\t\t\t\t\t\t\t<div class=\"elementor-background-overlay\"><\/div>\n\t\t\t\t\t\t\t<div class=\"elementor-container elementor-column-gap-default\">\n\t\t\t\t\t<div class=\"elementor-column elementor-col-100 elementor-top-column elementor-element elementor-element-25fd1218\" data-id=\"25fd1218\" data-element_type=\"column\">\n\t\t\t<div class=\"elementor-widget-wrap elementor-element-populated\">\n\t\t\t\t\t\t\t\t<div class=\"elementor-element elementor-element-111a41f1 elementor-widget elementor-widget-heading\" data-id=\"111a41f1\" data-element_type=\"widget\" data-widget_type=\"heading.default\">\n\t\t\t\t<div class=\"elementor-widget-container\">\n\t\t\t<style>\/*! elementor - v3.16.0 - 20-09-2023 *\/\n.elementor-heading-title{padding:0;margin:0;line-height:1}.elementor-widget-heading .elementor-heading-title[class*=elementor-size-]>a{color:inherit;font-size:inherit;line-height:inherit}.elementor-widget-heading .elementor-heading-title.elementor-size-small{font-size:15px}.elementor-widget-heading .elementor-heading-title.elementor-size-medium{font-size:19px}.elementor-widget-heading .elementor-heading-title.elementor-size-large{font-size:29px}.elementor-widget-heading .elementor-heading-title.elementor-size-xl{font-size:39px}.elementor-widget-heading .elementor-heading-title.elementor-size-xxl{font-size:59px}<\/style><h2 class=\"elementor-heading-title elementor-size-default\">Kalite Kontrol ve Test<\/h2>\t\t<\/div>\n\t\t\t\t<\/div>\n\t\t\t\t\t<\/div>\n\t\t<\/div>\n\t\t\t\t\t\t\t<\/div>\n\t\t<\/section>\n\t\t\t\t<section class=\"elementor-section elementor-top-section elementor-element elementor-element-50fbe0c elementor-section-boxed elementor-section-height-default elementor-section-height-default\" data-id=\"50fbe0c\" data-element_type=\"section\" data-settings=\"{&quot;background_background&quot;:&quot;classic&quot;}\">\n\t\t\t\t\t\t<div class=\"elementor-container elementor-column-gap-default\">\n\t\t\t\t\t<div class=\"elementor-column elementor-col-25 elementor-top-column elementor-element elementor-element-38208487\" data-id=\"38208487\" data-element_type=\"column\">\n\t\t\t<div class=\"elementor-widget-wrap\">\n\t\t\t\t\t\t\t\t\t<\/div>\n\t\t<\/div>\n\t\t\t\t<div class=\"elementor-column elementor-col-50 elementor-top-column elementor-element elementor-element-7673ed31\" data-id=\"7673ed31\" data-element_type=\"column\">\n\t\t\t<div class=\"elementor-widget-wrap elementor-element-populated\">\n\t\t\t\t\t\t\t\t<div class=\"elementor-element elementor-element-30a8033 elementor-widget elementor-widget-text-editor\" data-id=\"30a8033\" data-element_type=\"widget\" data-widget_type=\"text-editor.default\">\n\t\t\t\t<div class=\"elementor-widget-container\">\n\t\t\t<style>\/*! elementor - v3.16.0 - 20-09-2023 *\/\n.elementor-widget-text-editor.elementor-drop-cap-view-stacked .elementor-drop-cap{background-color:#69727d;color:#fff}.elementor-widget-text-editor.elementor-drop-cap-view-framed .elementor-drop-cap{color:#69727d;border:3px solid;background-color:transparent}.elementor-widget-text-editor:not(.elementor-drop-cap-view-default) .elementor-drop-cap{margin-top:8px}.elementor-widget-text-editor:not(.elementor-drop-cap-view-default) .elementor-drop-cap-letter{width:1em;height:1em}.elementor-widget-text-editor .elementor-drop-cap{float:left;text-align:center;line-height:1;font-size:50px}.elementor-widget-text-editor .elementor-drop-cap-letter{display:inline-block}<\/style>\t\t\t\t<p>Kalite, IDEA Mold i\u00e7in sadece bir hedef de\u011fil, ayn\u0131 zamanda bir ya\u015fam tarz\u0131d\u0131r. M\u00fc\u015fteri memnuniyetinin arkas\u0131nda yatan en temel unsurun \u00fcr\u00fcn ve hizmet kalitesi oldu\u011funun bilincindeyiz.<\/p>\t\t\t\t\t\t<\/div>\n\t\t\t\t<\/div>\n\t\t\t\t\t<\/div>\n\t\t<\/div>\n\t\t\t\t<div class=\"elementor-column elementor-col-25 elementor-top-column elementor-element elementor-element-13591430\" data-id=\"13591430\" data-element_type=\"column\">\n\t\t\t<div class=\"elementor-widget-wrap\">\n\t\t\t\t\t\t\t\t\t<\/div>\n\t\t<\/div>\n\t\t\t\t\t\t\t<\/div>\n\t\t<\/section>\n\t\t\t\t<section class=\"elementor-section elementor-top-section elementor-element elementor-element-8f80737 elementor-section-boxed elementor-section-height-default elementor-section-height-default\" data-id=\"8f80737\" data-element_type=\"section\">\n\t\t\t\t\t\t<div class=\"elementor-container elementor-column-gap-default\">\n\t\t\t\t\t<div class=\"elementor-column elementor-col-50 elementor-top-column elementor-element elementor-element-4ea1f13\" data-id=\"4ea1f13\" data-element_type=\"column\">\n\t\t\t<div class=\"elementor-widget-wrap elementor-element-populated\">\n\t\t\t\t\t\t\t\t<div class=\"elementor-element elementor-element-db62fd5 elementor-widget elementor-widget-heading\" data-id=\"db62fd5\" data-element_type=\"widget\" data-widget_type=\"heading.default\">\n\t\t\t\t<div class=\"elementor-widget-container\">\n\t\t\t<h2 class=\"elementor-heading-title elementor-size-default\">Kalite Kontrol ve Test<\/h2>\t\t<\/div>\n\t\t\t\t<\/div>\n\t\t\t\t<div class=\"elementor-element elementor-element-b5b4278 elementor-widget elementor-widget-text-editor\" data-id=\"b5b4278\" data-element_type=\"widget\" data-widget_type=\"text-editor.default\">\n\t\t\t\t<div class=\"elementor-widget-container\">\n\t\t\t\t\t\t\t<p>Her bir projenin ba\u015flang\u0131c\u0131ndan itibaren, kalite kontrol ve test prosed\u00fcrlerimizi entegre ediyoruz. Bu, \u00fcretim a\u015famalar\u0131n\u0131n her birinde, olas\u0131 hatalar\u0131n en aza indirgenmesini ve bu sayede \u00fcr\u00fcn kalitesinin maksimize edilmesini sa\u011flar. Kulland\u0131\u011f\u0131m\u0131z son teknolojiye sahip test ekipmanlar\u0131, potansiyel kusurlar\u0131 tespit etmemize olanak tan\u0131r ve bu kusurlar\u0131n \u00fcretimin erken a\u015famalar\u0131nda giderilmesini garantiler.<\/p><p>Deneyimli kalite kontrol ekibimiz, sekt\u00f6rel normlara ve uluslararas\u0131 standartlara h\u00e2kimdir. E\u011fitimli g\u00f6zler, her bir \u00fcr\u00fcn\u00fcn detay\u0131n\u0131 inceler, b\u00f6ylece m\u00fc\u015fterilere sunulan her \u00fcr\u00fcn\u00fcn, IDEA Mold kalitesini yans\u0131tt\u0131\u011f\u0131ndan emin olunur. Ek olarak, s\u00fcrekli geli\u015fim anlay\u0131\u015f\u0131m\u0131zla, kalite kontrol ve test prosed\u00fcrlerimizi s\u00fcrekli olarak g\u00fcncelliyor, yeni teknolojileri ve y\u00f6ntemleri adaptasyon s\u00fcrecimize dahil ediyoruz.<\/p><p>Sonu\u00e7 olarak, IDEA Mold, sadece bir \u00fcr\u00fcn sunmaz. Biz, her bir \u00fcr\u00fcnde m\u00fc\u015fterilerimizin bekledi\u011fi kalite standartlar\u0131n\u0131 ve hatta bu beklentilerin \u00f6tesini sunmay\u0131 hedefleyen bir m\u00fckemmeliyet\u00e7ilik anlay\u0131\u015f\u0131yla hareket ederiz. Bu yakla\u015f\u0131m\u0131m\u0131z, bizi sekt\u00f6rde g\u00fcvenilir ve tercih edilen bir isim haline getirirken, m\u00fc\u015fterilerimize de istikrarl\u0131 ve y\u00fcksek kaliteli \u00fcr\u00fcnlerle hizmet etmemizi sa\u011flar.<\/p><p>IDEA Mold&#8217;un kalite anlay\u0131\u015f\u0131, sadece \u00fcretim s\u00fcrecine de\u011fil, ayn\u0131 zamanda s\u00fcrekli e\u011fitim ve geli\u015fime de dayanmaktad\u0131r. Firmam\u0131z\u0131n kalite kontrol s\u00fcreci, s\u00fcrekli e\u011fitim alarak g\u00fcncellenen uzman kadromuz sayesinde, sekt\u00f6rdeki en son yeniliklere h\u0131zla uyum sa\u011flar. Bu, kalite kontrol s\u00fcre\u00e7lerimizin sadece bug\u00fcnk\u00fc standartlara de\u011fil, yar\u0131n\u0131n gereksinimlerine de cevap vermesini sa\u011flar.<\/p>\t\t\t\t\t\t<\/div>\n\t\t\t\t<\/div>\n\t\t\t\t\t<\/div>\n\t\t<\/div>\n\t\t\t\t<div class=\"elementor-column elementor-col-50 elementor-top-column elementor-element elementor-element-efca316\" data-id=\"efca316\" data-element_type=\"column\">\n\t\t\t<div class=\"elementor-widget-wrap elementor-element-populated\">\n\t\t\t\t\t\t\t\t<div class=\"elementor-element elementor-element-caef89c elementor-widget elementor-widget-image\" data-id=\"caef89c\" data-element_type=\"widget\" data-widget_type=\"image.default\">\n\t\t\t\t<div class=\"elementor-widget-container\">\n\t\t\t<style>\/*! elementor - v3.16.0 - 20-09-2023 *\/\n.elementor-widget-image{text-align:center}.elementor-widget-image a{display:inline-block}.elementor-widget-image a img[src$=\".svg\"]{width:48px}.elementor-widget-image img{vertical-align:middle;display:inline-block}<\/style>\t\t\t\t\t\t\t\t\t\t\t\t<img loading=\"lazy\" decoding=\"async\" width=\"1000\" height=\"667\" src=\"https:\/\/profaj.co\/idea\/wp-content\/uploads\/2023\/10\/kalite-kontrol.jpg\" class=\"attachment-full size-full wp-image-1038\" alt=\"\" srcset=\"https:\/\/profaj.co\/idea\/wp-content\/uploads\/2023\/10\/kalite-kontrol.jpg 1000w, https:\/\/profaj.co\/idea\/wp-content\/uploads\/2023\/10\/kalite-kontrol-300x200.jpg 300w, https:\/\/profaj.co\/idea\/wp-content\/uploads\/2023\/10\/kalite-kontrol-768x512.jpg 768w\" sizes=\"auto, (max-width: 1000px) 100vw, 1000px\" \/>\t\t\t\t\t\t\t\t\t\t\t\t\t\t\t<\/div>\n\t\t\t\t<\/div>\n\t\t\t\t<div class=\"elementor-element elementor-element-52442ac elementor-widget__width-initial elementor-widget-tablet__width-inherit elementor-widget elementor-widget-heading\" data-id=\"52442ac\" data-element_type=\"widget\" data-widget_type=\"heading.default\">\n\t\t\t\t<div class=\"elementor-widget-container\">\n\t\t\t<h4 class=\"elementor-heading-title elementor-size-default\">\u0130leri Nesil Teknoloji ve Denetimli M\u00fchendisler<\/h4>\t\t<\/div>\n\t\t\t\t<\/div>\n\t\t\t\t<div class=\"elementor-element elementor-element-c9d8e6a elementor-widget__width-initial elementor-widget-tablet__width-inherit elementor-widget elementor-widget-heading\" data-id=\"c9d8e6a\" data-element_type=\"widget\" data-widget_type=\"heading.default\">\n\t\t\t\t<div class=\"elementor-widget-container\">\n\t\t\t<h4 class=\"elementor-heading-title elementor-size-default\"><a href=\"https:\/\/profaj.co\/idea\/hakkimizda\/\">Hakk\u0131m\u0131zda<\/a><\/h4>\t\t<\/div>\n\t\t\t\t<\/div>\n\t\t\t\t\t<\/div>\n\t\t<\/div>\n\t\t\t\t\t\t\t<\/div>\n\t\t<\/section>\n\t\t\t\t<section class=\"elementor-section elementor-top-section elementor-element elementor-element-8ed17d4 elementor-section-boxed elementor-section-height-default elementor-section-height-default\" data-id=\"8ed17d4\" data-element_type=\"section\">\n\t\t\t\t\t\t<div class=\"elementor-container elementor-column-gap-wide\">\n\t\t\t\t\t<div class=\"elementor-column elementor-col-100 elementor-top-column elementor-element elementor-element-12bc66f\" data-id=\"12bc66f\" data-element_type=\"column\">\n\t\t\t<div class=\"elementor-widget-wrap elementor-element-populated\">\n\t\t\t\t\t\t\t\t<div class=\"elementor-element elementor-element-49931ba elementor-widget-mobile__width-inherit elementor-widget elementor-widget-heading\" data-id=\"49931ba\" data-element_type=\"widget\" data-widget_type=\"heading.default\">\n\t\t\t\t<div class=\"elementor-widget-container\">\n\t\t\t<h2 class=\"elementor-heading-title elementor-size-default\">SEKT\u00d6RLER<\/h2>\t\t<\/div>\n\t\t\t\t<\/div>\n\t\t\t\t<div class=\"elementor-element elementor-element-61d476d elementor-widget__width-initial elementor-position-top elementor-widget elementor-widget-image-box\" data-id=\"61d476d\" data-element_type=\"widget\" data-widget_type=\"image-box.default\">\n\t\t\t\t<div class=\"elementor-widget-container\">\n\t\t\t<style>\/*! elementor - v3.16.0 - 20-09-2023 *\/\n.elementor-widget-image-box .elementor-image-box-content{width:100%}@media (min-width:768px){.elementor-widget-image-box.elementor-position-left .elementor-image-box-wrapper,.elementor-widget-image-box.elementor-position-right .elementor-image-box-wrapper{display:flex}.elementor-widget-image-box.elementor-position-right .elementor-image-box-wrapper{text-align:right;flex-direction:row-reverse}.elementor-widget-image-box.elementor-position-left .elementor-image-box-wrapper{text-align:left;flex-direction:row}.elementor-widget-image-box.elementor-position-top .elementor-image-box-img{margin:auto}.elementor-widget-image-box.elementor-vertical-align-top .elementor-image-box-wrapper{align-items:flex-start}.elementor-widget-image-box.elementor-vertical-align-middle .elementor-image-box-wrapper{align-items:center}.elementor-widget-image-box.elementor-vertical-align-bottom .elementor-image-box-wrapper{align-items:flex-end}}@media (max-width:767px){.elementor-widget-image-box .elementor-image-box-img{margin-left:auto!important;margin-right:auto!important;margin-bottom:15px}}.elementor-widget-image-box .elementor-image-box-img{display:inline-block}.elementor-widget-image-box .elementor-image-box-title a{color:inherit}.elementor-widget-image-box .elementor-image-box-wrapper{text-align:center}.elementor-widget-image-box .elementor-image-box-description{margin:0}<\/style><div class=\"elementor-image-box-wrapper\"><figure class=\"elementor-image-box-img\"><img loading=\"lazy\" decoding=\"async\" width=\"256\" height=\"306\" src=\"https:\/\/profaj.co\/idea\/wp-content\/uploads\/2023\/10\/icon-8.png\" class=\"attachment-full size-full wp-image-56\" alt=\"\" srcset=\"https:\/\/profaj.co\/idea\/wp-content\/uploads\/2023\/10\/icon-8.png 256w, https:\/\/profaj.co\/idea\/wp-content\/uploads\/2023\/10\/icon-8-251x300.png 251w\" sizes=\"auto, (max-width: 256px) 100vw, 256px\" \/><\/figure><div class=\"elementor-image-box-content\"><h5 class=\"elementor-image-box-title\">Otomotiv<\/h5><p class=\"elementor-image-box-description\">Otomotiv sekt\u00f6r\u00fcnde, yenilik\u00e7i ve dayan\u0131kl\u0131 kal\u0131p \u00e7\u00f6z\u00fcmleriyle \u00f6nc\u00fcy\u00fcz.<\/p><\/div><\/div>\t\t<\/div>\n\t\t\t\t<\/div>\n\t\t\t\t<div class=\"elementor-element elementor-element-6a564c9 elementor-widget__width-initial elementor-position-top elementor-widget elementor-widget-image-box\" data-id=\"6a564c9\" data-element_type=\"widget\" data-widget_type=\"image-box.default\">\n\t\t\t\t<div class=\"elementor-widget-container\">\n\t\t\t<div class=\"elementor-image-box-wrapper\"><figure class=\"elementor-image-box-img\"><img loading=\"lazy\" decoding=\"async\" width=\"256\" height=\"306\" src=\"https:\/\/profaj.co\/idea\/wp-content\/uploads\/2023\/10\/icon-1.png\" class=\"attachment-full size-full wp-image-61\" alt=\"\" srcset=\"https:\/\/profaj.co\/idea\/wp-content\/uploads\/2023\/10\/icon-1.png 256w, https:\/\/profaj.co\/idea\/wp-content\/uploads\/2023\/10\/icon-1-251x300.png 251w\" sizes=\"auto, (max-width: 256px) 100vw, 256px\" \/><\/figure><div class=\"elementor-image-box-content\"><h5 class=\"elementor-image-box-title\">Beyaz E\u015fya<\/h5><p class=\"elementor-image-box-description\">Beyaz e\u015fya sekt\u00f6r\u00fcnde, fonksiyonel ve estetik kal\u0131p tasar\u0131mlar\u0131yla fark yarat\u0131yoruz.<\/p><\/div><\/div>\t\t<\/div>\n\t\t\t\t<\/div>\n\t\t\t\t<div class=\"elementor-element elementor-element-0231921 elementor-widget__width-initial elementor-position-top elementor-widget elementor-widget-image-box\" data-id=\"0231921\" data-element_type=\"widget\" data-widget_type=\"image-box.default\">\n\t\t\t\t<div class=\"elementor-widget-container\">\n\t\t\t<div class=\"elementor-image-box-wrapper\"><figure class=\"elementor-image-box-img\"><img loading=\"lazy\" decoding=\"async\" width=\"256\" height=\"306\" src=\"https:\/\/profaj.co\/idea\/wp-content\/uploads\/2023\/10\/icon-6.png\" class=\"attachment-full size-full wp-image-64\" alt=\"\" srcset=\"https:\/\/profaj.co\/idea\/wp-content\/uploads\/2023\/10\/icon-6.png 256w, https:\/\/profaj.co\/idea\/wp-content\/uploads\/2023\/10\/icon-6-251x300.png 251w\" sizes=\"auto, (max-width: 256px) 100vw, 256px\" \/><\/figure><div class=\"elementor-image-box-content\"><h5 class=\"elementor-image-box-title\">Ta\u015f\u0131mac\u0131l\u0131k<\/h5><p class=\"elementor-image-box-description\">Ta\u015f\u0131mac\u0131l\u0131k sekt\u00f6r\u00fcnde, dayan\u0131kl\u0131 ve verimli kal\u0131p \u00e7\u00f6z\u00fcmleriyle lideriz.<\/p><\/div><\/div>\t\t<\/div>\n\t\t\t\t<\/div>\n\t\t\t\t<div class=\"elementor-element elementor-element-77e0c23 elementor-widget__width-initial elementor-position-top elementor-widget elementor-widget-image-box\" data-id=\"77e0c23\" data-element_type=\"widget\" data-widget_type=\"image-box.default\">\n\t\t\t\t<div class=\"elementor-widget-container\">\n\t\t\t<div class=\"elementor-image-box-wrapper\"><figure class=\"elementor-image-box-img\"><img loading=\"lazy\" decoding=\"async\" width=\"256\" height=\"306\" src=\"https:\/\/profaj.co\/idea\/wp-content\/uploads\/2023\/10\/icon-7.png\" class=\"attachment-full size-full wp-image-67\" alt=\"\" srcset=\"https:\/\/profaj.co\/idea\/wp-content\/uploads\/2023\/10\/icon-7.png 256w, https:\/\/profaj.co\/idea\/wp-content\/uploads\/2023\/10\/icon-7-251x300.png 251w\" sizes=\"auto, (max-width: 256px) 100vw, 256px\" \/><\/figure><div class=\"elementor-image-box-content\"><h5 class=\"elementor-image-box-title\">Elektronik<\/h5><p class=\"elementor-image-box-description\">Elektronik sekt\u00f6r\u00fcnde, hassas ve y\u00fcksek performansl\u0131 kal\u0131p \u00e7\u00f6z\u00fcmleriyle \u00f6nc\u00fcy\u00fcz.<\/p><\/div><\/div>\t\t<\/div>\n\t\t\t\t<\/div>\n\t\t\t\t<div class=\"elementor-element elementor-element-98c0c1d elementor-widget__width-initial elementor-position-top elementor-widget elementor-widget-image-box\" data-id=\"98c0c1d\" data-element_type=\"widget\" data-widget_type=\"image-box.default\">\n\t\t\t\t<div class=\"elementor-widget-container\">\n\t\t\t<div class=\"elementor-image-box-wrapper\"><figure class=\"elementor-image-box-img\"><img loading=\"lazy\" decoding=\"async\" width=\"256\" height=\"306\" src=\"https:\/\/profaj.co\/idea\/wp-content\/uploads\/2023\/10\/icon-2.png\" class=\"attachment-full size-full wp-image-70\" alt=\"\" srcset=\"https:\/\/profaj.co\/idea\/wp-content\/uploads\/2023\/10\/icon-2.png 256w, https:\/\/profaj.co\/idea\/wp-content\/uploads\/2023\/10\/icon-2-251x300.png 251w\" sizes=\"auto, (max-width: 256px) 100vw, 256px\" \/><\/figure><div class=\"elementor-image-box-content\"><h5 class=\"elementor-image-box-title\">Havac\u0131l\u0131k<\/h5><p class=\"elementor-image-box-description\">Havac\u0131l\u0131k sekt\u00f6r\u00fcnde, dayan\u0131kl\u0131 ve g\u00fcvenilir kal\u0131p \u00e7\u00f6z\u00fcmleriyle lideriz.<\/p><\/div><\/div>\t\t<\/div>\n\t\t\t\t<\/div>\n\t\t\t\t<div class=\"elementor-element elementor-element-7f3bfb2 elementor-widget__width-initial elementor-position-top elementor-widget elementor-widget-image-box\" data-id=\"7f3bfb2\" data-element_type=\"widget\" data-widget_type=\"image-box.default\">\n\t\t\t\t<div class=\"elementor-widget-container\">\n\t\t\t<div class=\"elementor-image-box-wrapper\"><figure class=\"elementor-image-box-img\"><img loading=\"lazy\" decoding=\"async\" width=\"256\" height=\"306\" src=\"https:\/\/profaj.co\/idea\/wp-content\/uploads\/2023\/10\/icon-4.png\" class=\"attachment-full size-full wp-image-73\" alt=\"\" srcset=\"https:\/\/profaj.co\/idea\/wp-content\/uploads\/2023\/10\/icon-4.png 256w, https:\/\/profaj.co\/idea\/wp-content\/uploads\/2023\/10\/icon-4-251x300.png 251w\" sizes=\"auto, (max-width: 256px) 100vw, 256px\" \/><\/figure><div class=\"elementor-image-box-content\"><h5 class=\"elementor-image-box-title\">Petrol ve Gaz (Oil ve Gas)<\/h5><p class=\"elementor-image-box-description\">Petrol ve gaz sekt\u00f6r\u00fcnde, dayan\u0131kl\u0131 ve s\u00fcrd\u00fcr\u00fclebilir kal\u0131p \u00e7\u00f6z\u00fcmleriyle fark yarat\u0131yoruz.<\/p><\/div><\/div>\t\t<\/div>\n\t\t\t\t<\/div>\n\t\t\t\t\t<\/div>\n\t\t<\/div>\n\t\t\t\t\t\t\t<\/div>\n\t\t<\/section>\n\t\t\t\t<section class=\"elementor-section elementor-top-section elementor-element elementor-element-944303b elementor-section-boxed elementor-section-height-default elementor-section-height-default\" data-id=\"944303b\" data-element_type=\"section\">\n\t\t\t\t\t\t<div class=\"elementor-container elementor-column-gap-wide\">\n\t\t\t\t\t<div class=\"elementor-column elementor-col-100 elementor-top-column elementor-element elementor-element-2a4209f\" data-id=\"2a4209f\" data-element_type=\"column\">\n\t\t\t<div class=\"elementor-widget-wrap elementor-element-populated\">\n\t\t\t\t\t\t\t\t<div class=\"elementor-element elementor-element-fb20268 elementor-widget__width-initial elementor-widget-mobile__width-inherit elementor-widget elementor-widget-heading\" data-id=\"fb20268\" data-element_type=\"widget\" data-widget_type=\"heading.default\">\n\t\t\t\t<div class=\"elementor-widget-container\">\n\t\t\t<h2 class=\"elementor-heading-title elementor-size-default\">\u00c7\u00d6Z\u00dcM ORTAKLARIMIZ<\/h2>\t\t<\/div>\n\t\t\t\t<\/div>\n\t\t\t\t<div class=\"elementor-element elementor-element-a83cc69 elementor-arrows-position-outside elementor-widget elementor-widget-image-carousel\" data-id=\"a83cc69\" data-element_type=\"widget\" data-settings=\"{&quot;slides_to_show&quot;:&quot;5&quot;,&quot;navigation&quot;:&quot;arrows&quot;,&quot;slides_to_show_tablet&quot;:&quot;5&quot;,&quot;slides_to_show_mobile&quot;:&quot;3&quot;,&quot;slides_to_scroll_tablet&quot;:&quot;1&quot;,&quot;image_spacing_custom&quot;:{&quot;unit&quot;:&quot;px&quot;,&quot;size&quot;:63,&quot;sizes&quot;:[]},&quot;autoplay&quot;:&quot;yes&quot;,&quot;pause_on_hover&quot;:&quot;yes&quot;,&quot;pause_on_interaction&quot;:&quot;yes&quot;,&quot;autoplay_speed&quot;:5000,&quot;infinite&quot;:&quot;yes&quot;,&quot;speed&quot;:500,&quot;image_spacing_custom_tablet&quot;:{&quot;unit&quot;:&quot;px&quot;,&quot;size&quot;:&quot;&quot;,&quot;sizes&quot;:[]},&quot;image_spacing_custom_mobile&quot;:{&quot;unit&quot;:&quot;px&quot;,&quot;size&quot;:&quot;&quot;,&quot;sizes&quot;:[]}}\" data-widget_type=\"image-carousel.default\">\n\t\t\t\t<div class=\"elementor-widget-container\">\n\t\t\t<style>\/*! elementor - v3.16.0 - 20-09-2023 *\/\n.elementor-widget-image-carousel .swiper,.elementor-widget-image-carousel .swiper-container{position:static}.elementor-widget-image-carousel .swiper-container .swiper-slide figure,.elementor-widget-image-carousel .swiper .swiper-slide figure{line-height:inherit}.elementor-widget-image-carousel .swiper-slide{text-align:center}.elementor-image-carousel-wrapper:not(.swiper-container-initialized):not(.swiper-initialized) .swiper-slide{max-width:calc(100% \/ var(--e-image-carousel-slides-to-show, 3))}<\/style>\t\t<div class=\"elementor-image-carousel-wrapper swiper\" dir=\"ltr\">\n\t\t\t<div class=\"elementor-image-carousel swiper-wrapper\" aria-live=\"off\">\n\t\t\t\t\t\t\t\t<div class=\"swiper-slide\" role=\"group\" aria-roledescription=\"slide\" aria-label=\"1 \/ 7\"><figure class=\"swiper-slide-inner\"><img decoding=\"async\" class=\"swiper-slide-image\" src=\"https:\/\/profaj.co\/idea\/wp-content\/uploads\/2023\/10\/1566987288613-2.jpg-300x51.webp\" alt=\"1566987288613-2.jpg\" \/><\/figure><\/div><div class=\"swiper-slide\" role=\"group\" aria-roledescription=\"slide\" aria-label=\"2 \/ 7\"><figure class=\"swiper-slide-inner\"><img decoding=\"async\" class=\"swiper-slide-image\" src=\"https:\/\/profaj.co\/idea\/wp-content\/uploads\/2023\/10\/logo-white-1.png.webp\" alt=\"logo-white-1.png\" \/><\/figure><\/div><div class=\"swiper-slide\" role=\"group\" aria-roledescription=\"slide\" aria-label=\"3 \/ 7\"><figure class=\"swiper-slide-inner\"><img decoding=\"async\" class=\"swiper-slide-image\" src=\"https:\/\/profaj.co\/idea\/wp-content\/uploads\/2023\/10\/indir-1.png.webp\" alt=\"indir-1.png\" \/><\/figure><\/div><div class=\"swiper-slide\" role=\"group\" aria-roledescription=\"slide\" aria-label=\"4 \/ 7\"><figure class=\"swiper-slide-inner\"><img decoding=\"async\" class=\"swiper-slide-image\" src=\"https:\/\/profaj.co\/idea\/wp-content\/uploads\/2023\/10\/standard-profil-logo-2717d7afca-seeklogo-com-1.png.webp\" alt=\"standard-profil-logo-2717d7afca-seeklogo-com-1.png\" \/><\/figure><\/div><div class=\"swiper-slide\" role=\"group\" aria-roledescription=\"slide\" aria-label=\"5 \/ 7\"><figure class=\"swiper-slide-inner\"><img decoding=\"async\" class=\"swiper-slide-image\" src=\"https:\/\/profaj.co\/idea\/wp-content\/uploads\/2023\/10\/111-0a43a-1.jpg-300x180.webp\" alt=\"111-0a43a-1.jpg\" \/><\/figure><\/div><div class=\"swiper-slide\" role=\"group\" aria-roledescription=\"slide\" aria-label=\"6 \/ 7\"><figure class=\"swiper-slide-inner\"><img decoding=\"async\" class=\"swiper-slide-image\" src=\"https:\/\/profaj.co\/idea\/wp-content\/uploads\/2023\/10\/edelkrone.jpg\" alt=\"edelkrone\" \/><\/figure><\/div><div class=\"swiper-slide\" role=\"group\" aria-roledescription=\"slide\" aria-label=\"7 \/ 7\"><figure class=\"swiper-slide-inner\"><img decoding=\"async\" class=\"swiper-slide-image\" src=\"https:\/\/profaj.co\/idea\/wp-content\/uploads\/2023\/10\/vals-elektronik-logo.png\" alt=\"vals-elektronik-logo\" \/><\/figure><\/div>\t\t\t<\/div>\n\t\t\t\t\t\t\t\t\t\t\t\t<div class=\"elementor-swiper-button elementor-swiper-button-prev\" role=\"button\" tabindex=\"0\">\n\t\t\t\t\t\t<i aria-hidden=\"true\" class=\"eicon-chevron-left\"><\/i>\t\t\t\t\t<\/div>\n\t\t\t\t\t<div class=\"elementor-swiper-button elementor-swiper-button-next\" role=\"button\" tabindex=\"0\">\n\t\t\t\t\t\t<i aria-hidden=\"true\" class=\"eicon-chevron-right\"><\/i>\t\t\t\t\t<\/div>\n\t\t\t\t\n\t\t\t\t\t\t\t\t\t<\/div>\n\t\t\t\t<\/div>\n\t\t\t\t<\/div>\n\t\t\t\t\t<\/div>\n\t\t<\/div>\n\t\t\t\t\t\t\t<\/div>\n\t\t<\/section>\n\t\t\t\t\t\t\t<\/div>\n\t\t","protected":false},"excerpt":{"rendered":"<p>Kalite, IDEA Mold i\u00e7in sadece bir hedef de\u011fil, ayn\u0131 zamanda bir ya\u015fam tarz\u0131d\u0131r. M\u00fc\u015fteri memnuniyetinin arkas\u0131nda yatan en temel unsurun \u00fcr\u00fcn ve hizmet kalitesi oldu\u011funun bilincindeyiz. Her bir projenin ba\u015flang\u0131c\u0131ndan itibaren, kalite kontrol ve test prosed\u00fcrlerimizi entegre ediyoruz. Bu, \u00fcretim a\u015famalar\u0131n\u0131n her birinde, olas\u0131 hatalar\u0131n en aza indirgenmesini ve bu sayede \u00fcr\u00fcn kalitesinin maksimize edilmesini [&hellip;]<\/p>\n","protected":false},"author":1,"featured_media":0,"parent":0,"menu_order":0,"comment_status":"closed","ping_status":"closed","template":"elementor_header_footer","meta":{"footnotes":""},"class_list":["post-264","page","type-page","status-publish","hentry"],"_links":{"self":[{"href":"https:\/\/profaj.co\/idea\/wp-json\/wp\/v2\/pages\/264","targetHints":{"allow":["GET"]}}],"collection":[{"href":"https:\/\/profaj.co\/idea\/wp-json\/wp\/v2\/pages"}],"about":[{"href":"https:\/\/profaj.co\/idea\/wp-json\/wp\/v2\/types\/page"}],"author":[{"embeddable":true,"href":"https:\/\/profaj.co\/idea\/wp-json\/wp\/v2\/users\/1"}],"replies":[{"embeddable":true,"href":"https:\/\/profaj.co\/idea\/wp-json\/wp\/v2\/comments?post=264"}],"version-history":[{"count":34,"href":"https:\/\/profaj.co\/idea\/wp-json\/wp\/v2\/pages\/264\/revisions"}],"predecessor-version":[{"id":1152,"href":"https:\/\/profaj.co\/idea\/wp-json\/wp\/v2\/pages\/264\/revisions\/1152"}],"wp:attachment":[{"href":"https:\/\/profaj.co\/idea\/wp-json\/wp\/v2\/media?parent=264"}],"curies":[{"name":"wp","href":"https:\/\/api.w.org\/{rel}","templated":true}]}}