{"id":4271,"date":"2023-08-11T06:39:26","date_gmt":"2023-08-11T06:39:26","guid":{"rendered":"https:\/\/profaj.co\/ikonselectumm\/?page_id=4271"},"modified":"2023-09-06T08:26:30","modified_gmt":"2023-09-06T08:26:30","slug":"villa-tipleri","status":"publish","type":"page","link":"https:\/\/profaj.co\/ikonselectumm\/villa-tipleri\/","title":{"rendered":"Villa Tipleri"},"content":{"rendered":"\t\t<div data-elementor-type=\"wp-page\" data-elementor-id=\"4271\" class=\"elementor elementor-4271\" data-elementor-post-type=\"page\">\n\t\t\t\t\t\t\t\t\t<section class=\"elementor-section elementor-top-section elementor-element elementor-element-8416d87 elementor-section-stretched elementor-section-height-min-height elementor-section-content-middle elementor-section-boxed elementor-section-height-default elementor-section-items-middle\" data-id=\"8416d87\" data-element_type=\"section\" data-settings=\"{&quot;stretch_section&quot;:&quot;section-stretched&quot;,&quot;background_background&quot;:&quot;classic&quot;}\">\n\t\t\t\t\t\t\t<div class=\"elementor-background-overlay\"><\/div>\n\t\t\t\t\t\t\t<div class=\"elementor-container elementor-column-gap-extended\">\n\t\t\t\t\t<div class=\"elementor-column elementor-col-100 elementor-top-column elementor-element elementor-element-15062ac elementor-invisible\" data-id=\"15062ac\" data-element_type=\"column\" data-settings=\"{&quot;animation&quot;:&quot;slide-up&quot;}\">\n\t\t\t<div class=\"elementor-widget-wrap elementor-element-populated\">\n\t\t\t\t\t\t\t\t\t<\/div>\n\t\t<\/div>\n\t\t\t\t\t\t\t<\/div>\n\t\t<\/section>\n\t\t\t\t<section class=\"elementor-section elementor-top-section elementor-element elementor-element-a841a40 elementor-section-boxed elementor-section-height-default elementor-section-height-default\" data-id=\"a841a40\" data-element_type=\"section\">\n\t\t\t\t\t\t<div class=\"elementor-container elementor-column-gap-default\">\n\t\t\t\t\t<div class=\"elementor-column elementor-col-100 elementor-top-column elementor-element elementor-element-235b274\" data-id=\"235b274\" data-element_type=\"column\">\n\t\t\t<div class=\"elementor-widget-wrap elementor-element-populated\">\n\t\t\t\t\t\t\t\t<div class=\"elementor-element elementor-element-b49388f elementor-widget elementor-widget-apus_element_apartments\" data-id=\"b49388f\" data-element_type=\"widget\" data-settings=\"{&quot;columns&quot;:&quot;2&quot;}\" data-widget_type=\"apus_element_apartments.default\">\n\t\t\t\t<div class=\"elementor-widget-container\">\n\t\t\t            <div class=\"widget-apartments \">\n                                <div class=\"widget-content\">\n\n                                                <div class=\"row\">\n                                                                    <div class=\"col-xl-6 col-md-6 col-12\">\n                                        <article id=\"post-2708\" itemscope class=\"post-2708 apartment type-apartment status-publish has-post-thumbnail hentry\">\n\t\t\t\t\t<div class=\"apartment-layout position-relative v1\">\n\t\t\t\t<figure class=\"entry-thumb\"><a class=\"post-thumbnail\" href=\"https:\/\/profaj.co\/ikonselectumm\/apartment\/villa-silva\/\" aria-hidden=\"true\"><div class=\"image-wrapper\"><img loading=\"lazy\" decoding=\"async\" width=\"680\" height=\"347\" src=\"https:\/\/profaj.co\/ikonselectumm\/wp-content\/uploads\/2023\/03\/61-kucuk.jpg\" class=\"attachment-full size-full\" alt=\"\" srcset=\"https:\/\/profaj.co\/ikonselectumm\/wp-content\/uploads\/2023\/03\/61-kucuk.jpg 680w, https:\/\/profaj.co\/ikonselectumm\/wp-content\/uploads\/2023\/03\/61-kucuk-300x153.jpg 300w\" sizes=\"auto, (max-width: 680px) 100vw, 680px\" \/><\/div><\/a><\/figure>\t\t\t\t<a class=\"explore\" href=\"https:\/\/profaj.co\/ikonselectumm\/apartment\/villa-silva\/\">EXPLORE<\/a>\n\t\t\t\t<div class=\"info\">\n\t\t\t<h3 class=\"entry-title\"><a href=\"https:\/\/profaj.co\/ikonselectumm\/apartment\/villa-silva\/\" rel=\"bookmark\">V\u0130LLA S\u0130LVA<\/a><\/h3>\t\t\t\n\t\t\t\t\t\t\t\t<div class=\"area\">\n\t\t\t\t\t\t6+1\t\t\t\t\t<\/div>\n\t\t\t\t\t\t\t\t<meta itemprop=\"url\" content=\"https:\/\/profaj.co\/ikonselectumm\/apartment\/villa-silva\/\" \/>\n\t\t<\/div>\n\t<\/div>\n<\/article>                                    <\/div>\n                                                                    <div class=\"col-xl-6 col-md-6 col-12\">\n                                        <article id=\"post-4403\" itemscope class=\"post-4403 apartment type-apartment status-publish has-post-thumbnail hentry\">\n\t\t\t\t\t<div class=\"apartment-layout position-relative v1\">\n\t\t\t\t<figure class=\"entry-thumb\"><a class=\"post-thumbnail\" href=\"https:\/\/profaj.co\/ikonselectumm\/apartment\/villa-luna\/\" aria-hidden=\"true\"><div class=\"image-wrapper\"><img loading=\"lazy\" decoding=\"async\" width=\"680\" height=\"347\" src=\"https:\/\/profaj.co\/ikonselectumm\/wp-content\/uploads\/2023\/08\/51-ku\u0308cu\u0308k.jpg\" class=\"attachment-full size-full\" alt=\"\" srcset=\"https:\/\/profaj.co\/ikonselectumm\/wp-content\/uploads\/2023\/08\/51-ku\u0308cu\u0308k.jpg 680w, https:\/\/profaj.co\/ikonselectumm\/wp-content\/uploads\/2023\/08\/51-ku\u0308cu\u0308k-300x153.jpg 300w\" sizes=\"auto, (max-width: 680px) 100vw, 680px\" \/><\/div><\/a><\/figure>\t\t\t\t<a class=\"explore\" href=\"https:\/\/profaj.co\/ikonselectumm\/apartment\/villa-luna\/\">EXPLORE<\/a>\n\t\t\t\t<div class=\"info\">\n\t\t\t<h3 class=\"entry-title\"><a href=\"https:\/\/profaj.co\/ikonselectumm\/apartment\/villa-luna\/\" rel=\"bookmark\">V\u0130LLA LUNA<\/a><\/h3>\t\t\t\n\t\t\t\t\t\t\t\t<div class=\"area\">\n\t\t\t\t\t\t5+1\t\t\t\t\t<\/div>\n\t\t\t\t\t\t\t\t<meta itemprop=\"url\" content=\"https:\/\/profaj.co\/ikonselectumm\/apartment\/villa-luna\/\" \/>\n\t\t<\/div>\n\t<\/div>\n<\/article>                                    <\/div>\n                                                                    <div class=\"col-xl-6 col-md-6 col-12\">\n                                        <article id=\"post-4443\" itemscope class=\"post-4443 apartment type-apartment status-publish has-post-thumbnail hentry\">\n\t\t\t\t\t<div class=\"apartment-layout position-relative v1\">\n\t\t\t\t<figure class=\"entry-thumb\"><a class=\"post-thumbnail\" href=\"https:\/\/profaj.co\/ikonselectumm\/apartment\/villa-vita\/\" aria-hidden=\"true\"><div class=\"image-wrapper\"><img loading=\"lazy\" decoding=\"async\" width=\"680\" height=\"347\" src=\"https:\/\/profaj.co\/ikonselectumm\/wp-content\/uploads\/2023\/08\/41-kucuk.jpg\" class=\"attachment-full size-full\" alt=\"\" srcset=\"https:\/\/profaj.co\/ikonselectumm\/wp-content\/uploads\/2023\/08\/41-kucuk.jpg 680w, https:\/\/profaj.co\/ikonselectumm\/wp-content\/uploads\/2023\/08\/41-kucuk-300x153.jpg 300w\" sizes=\"auto, (max-width: 680px) 100vw, 680px\" \/><\/div><\/a><\/figure>\t\t\t\t<a class=\"explore\" href=\"https:\/\/profaj.co\/ikonselectumm\/apartment\/villa-vita\/\">EXPLORE<\/a>\n\t\t\t\t<div class=\"info\">\n\t\t\t<h3 class=\"entry-title\"><a href=\"https:\/\/profaj.co\/ikonselectumm\/apartment\/villa-vita\/\" rel=\"bookmark\">V\u0130LLA V\u0130TA<\/a><\/h3>\t\t\t\n\t\t\t\t\t\t\t\t<div class=\"area\">\n\t\t\t\t\t\t4+1\t\t\t\t\t<\/div>\n\t\t\t\t\t\t\t\t<meta itemprop=\"url\" content=\"https:\/\/profaj.co\/ikonselectumm\/apartment\/villa-vita\/\" \/>\n\t\t<\/div>\n\t<\/div>\n<\/article>                                    <\/div>\n                                                                    <div class=\"col-xl-6 col-md-6 col-12\">\n                                        <article id=\"post-4462\" itemscope class=\"post-4462 apartment type-apartment status-publish has-post-thumbnail hentry\">\n\t\t\t\t\t<div class=\"apartment-layout position-relative v1\">\n\t\t\t\t<figure class=\"entry-thumb\"><a class=\"post-thumbnail\" href=\"https:\/\/profaj.co\/ikonselectumm\/apartment\/villa-flora\/\" aria-hidden=\"true\"><div class=\"image-wrapper\"><img loading=\"lazy\" decoding=\"async\" width=\"680\" height=\"347\" src=\"https:\/\/profaj.co\/ikonselectumm\/wp-content\/uploads\/2023\/08\/41-ikiz-1.jpg\" class=\"attachment-full size-full\" alt=\"\" srcset=\"https:\/\/profaj.co\/ikonselectumm\/wp-content\/uploads\/2023\/08\/41-ikiz-1.jpg 680w, https:\/\/profaj.co\/ikonselectumm\/wp-content\/uploads\/2023\/08\/41-ikiz-1-300x153.jpg 300w\" sizes=\"auto, (max-width: 680px) 100vw, 680px\" \/><\/div><\/a><\/figure>\t\t\t\t<a class=\"explore\" href=\"https:\/\/profaj.co\/ikonselectumm\/apartment\/villa-flora\/\">EXPLORE<\/a>\n\t\t\t\t<div class=\"info\">\n\t\t\t<h3 class=\"entry-title\"><a href=\"https:\/\/profaj.co\/ikonselectumm\/apartment\/villa-flora\/\" rel=\"bookmark\">V\u0130LLA FLORA<\/a><\/h3>\t\t\t\n\t\t\t\t\t\t\t\t<div class=\"area\">\n\t\t\t\t\t\t4+1\t\t\t\t\t<\/div>\n\t\t\t\t\t\t\t\t<meta itemprop=\"url\" content=\"https:\/\/profaj.co\/ikonselectumm\/apartment\/villa-flora\/\" \/>\n\t\t<\/div>\n\t<\/div>\n<\/article>                                    <\/div>\n                                                            <\/div>\n                                                        <\/div>\n            <\/div>\n            \t\t<\/div>\n\t\t\t\t<\/div>\n\t\t\t\t\t<\/div>\n\t\t<\/div>\n\t\t\t\t\t\t\t<\/div>\n\t\t<\/section>\n\t\t\t\t\t\t\t<\/div>\n\t\t","protected":false},"excerpt":{"rendered":"<p>\u0130NCELE V\u0130LLA S\u0130LVA 6+1 \u0130NCELE V\u0130LLA LUNA 5+1 \u0130NCELE V\u0130LLA V\u0130TA 4+1 \u0130NCELE V\u0130LLA FLORA 4+1<\/p>\n","protected":false},"author":1,"featured_media":0,"parent":0,"menu_order":0,"comment_status":"closed","ping_status":"closed","template":"","meta":{"inline_featured_image":false,"_monsterinsights_skip_tracking":false,"_monsterinsights_sitenote_active":false,"_monsterinsights_sitenote_note":"","_monsterinsights_sitenote_category":0,"footnotes":""},"class_list":["post-4271","page","type-page","status-publish","hentry"],"aioseo_notices":[],"_links":{"self":[{"href":"https:\/\/profaj.co\/ikonselectumm\/wp-json\/wp\/v2\/pages\/4271","targetHints":{"allow":["GET"]}}],"collection":[{"href":"https:\/\/profaj.co\/ikonselectumm\/wp-json\/wp\/v2\/pages"}],"about":[{"href":"https:\/\/profaj.co\/ikonselectumm\/wp-json\/wp\/v2\/types\/page"}],"author":[{"embeddable":true,"href":"https:\/\/profaj.co\/ikonselectumm\/wp-json\/wp\/v2\/users\/1"}],"replies":[{"embeddable":true,"href":"https:\/\/profaj.co\/ikonselectumm\/wp-json\/wp\/v2\/comments?post=4271"}],"version-history":[{"count":39,"href":"https:\/\/profaj.co\/ikonselectumm\/wp-json\/wp\/v2\/pages\/4271\/revisions"}],"predecessor-version":[{"id":5892,"href":"https:\/\/profaj.co\/ikonselectumm\/wp-json\/wp\/v2\/pages\/4271\/revisions\/5892"}],"wp:attachment":[{"href":"https:\/\/profaj.co\/ikonselectumm\/wp-json\/wp\/v2\/media?parent=4271"}],"curies":[{"name":"wp","href":"https:\/\/api.w.org\/{rel}","templated":true}]}}