{"id":367,"date":"2025-09-16T07:53:00","date_gmt":"2025-09-16T07:53:00","guid":{"rendered":"https:\/\/profaj.co\/imperial\/?page_id=367"},"modified":"2025-09-18T06:09:10","modified_gmt":"2025-09-18T06:09:10","slug":"satis-ve-pazarlama","status":"publish","type":"page","link":"https:\/\/profaj.co\/imperial\/satis-ve-pazarlama\/","title":{"rendered":"Sat\u0131\u015f ve Pazarlama"},"content":{"rendered":"\t\t<div data-elementor-type=\"wp-page\" data-elementor-id=\"367\" class=\"elementor elementor-367\" data-elementor-post-type=\"page\">\n\t\t\t\t<div class=\"elementor-element elementor-element-c824475 e-flex e-con-boxed e-con e-parent\" data-id=\"c824475\" data-element_type=\"container\">\n\t\t\t\t\t<div class=\"e-con-inner\">\n\t\t<div class=\"elementor-element elementor-element-f53a79f e-con-full e-flex e-con e-child\" data-id=\"f53a79f\" data-element_type=\"container\">\n\t\t<div class=\"elementor-element elementor-element-3846b00 e-con-full e-flex e-con e-child\" data-id=\"3846b00\" data-element_type=\"container\" data-settings=\"{&quot;background_background&quot;:&quot;classic&quot;}\">\n\t\t\t\t<\/div>\n\t\t<div class=\"elementor-element elementor-element-ed31664 e-con-full e-flex e-con e-child\" data-id=\"ed31664\" data-element_type=\"container\">\n\t\t\t\t<div class=\"elementor-element elementor-element-0b7bfbb elementor-widget elementor-widget-image\" data-id=\"0b7bfbb\" data-element_type=\"widget\" data-widget_type=\"image.default\">\n\t\t\t\t<div class=\"elementor-widget-container\">\n\t\t\t\t\t\t\t\t\t\t\t\t\t\t\t<img fetchpriority=\"high\" decoding=\"async\" width=\"414\" height=\"140\" src=\"https:\/\/profaj.co\/imperial\/wp-content\/uploads\/2025\/06\/imperial-brands-logo.png\" class=\"attachment-full size-full wp-image-9\" alt=\"\" srcset=\"https:\/\/profaj.co\/imperial\/wp-content\/uploads\/2025\/06\/imperial-brands-logo.png 414w, https:\/\/profaj.co\/imperial\/wp-content\/uploads\/2025\/06\/imperial-brands-logo-300x101.png 300w\" sizes=\"(max-width: 414px) 100vw, 414px\" \/>\t\t\t\t\t\t\t\t\t\t\t\t\t\t\t<\/div>\n\t\t\t\t<\/div>\n\t\t\t\t<div class=\"elementor-element elementor-element-6e6c691 elementor-widget elementor-widget-heading\" data-id=\"6e6c691\" data-element_type=\"widget\" data-widget_type=\"heading.default\">\n\t\t\t\t<div class=\"elementor-widget-container\">\n\t\t\t\t\t<h2 class=\"elementor-heading-title elementor-size-default\">\u015eirketlerimiz Hakk\u0131nda<\/h2>\t\t\t\t<\/div>\n\t\t\t\t<\/div>\n\t\t\t\t<div class=\"elementor-element elementor-element-372f62a elementor-widget elementor-widget-heading\" data-id=\"372f62a\" data-element_type=\"widget\" data-widget_type=\"heading.default\">\n\t\t\t\t<div class=\"elementor-widget-container\">\n\t\t\t\t\t<h2 class=\"elementor-heading-title elementor-size-default\">Sat\u0131\u015f ve Pazarlama<\/h2>\t\t\t\t<\/div>\n\t\t\t\t<\/div>\n\t\t\t\t<div class=\"elementor-element elementor-element-5a29c80 elementor-widget elementor-widget-text-editor\" data-id=\"5a29c80\" data-element_type=\"widget\" data-widget_type=\"text-editor.default\">\n\t\t\t\t<div class=\"elementor-widget-container\">\n\t\t\t\t\t\t\t\t\t<p><span style=\"font-weight: 400;\">Imperial Tobacco T\u00fct\u00fcn \u00dcr\u00fcnleri Sat\u0131\u015f ve Pazarlama A.\u015e., global merkezi \u0130ngiltere&#8217;de bulunan ve 120&#8217;den fazla \u00fclkede faaliyet g\u00f6steren, uluslararas\u0131 h\u0131zl\u0131 t\u00fcketim \u00fcr\u00fcnleri \u015firketi Imperial Brands PLC\u2019nin T\u00fcrkiye\u2019deki i\u015ftirakidir. 2005 y\u0131l\u0131nda kurulan \u015firketimiz, Imperial Brands\u2019in d\u00fcnyaca bilinen markalar\u0131n\u0131n T\u00fcrkiye\u2019deki sat\u0131\u015f ve da\u011f\u0131t\u0131m faaliyetlerini y\u00fcr\u00fctmektedir.<\/span><\/p><p><span style=\"font-weight: 400;\">T\u00fcrkiye\u2019deki ticari operasyonlar\u0131m\u0131z\u0131, i\u015f ortakl\u0131\u011f\u0131na dayal\u0131 yenilik\u00e7i sat\u0131\u015f modelimiz ile s\u00fcrd\u00fcr\u00fcyoruz. Tek bir ulusal distrib\u00fct\u00f6r i\u015f orta\u011f\u0131 ile y\u00fcr\u00fctt\u00fc\u011f\u00fcm\u00fcz geleneksel kanal operasyonlar\u0131m\u0131z sayesinde, \u00fclke genelinde etkin, kesintisiz ve g\u00fc\u00e7l\u00fc bir da\u011f\u0131t\u0131m a\u011f\u0131 sa\u011fl\u0131yoruz. Ayr\u0131ca, ulusal zincir ma\u011fazalar kapsam\u0131nda yer alan se\u00e7ili perakendecilere do\u011frudan hizmet sunarak, ticari eri\u015fimimizi her ge\u00e7en g\u00fcn geni\u015fletiyoruz.<\/span><\/p>\t\t\t\t\t\t\t\t<\/div>\n\t\t\t\t<\/div>\n\t\t\t\t<\/div>\n\t\t\t\t<\/div>\n\t\t\t\t\t<\/div>\n\t\t\t\t<\/div>\n\t\t<div class=\"elementor-element elementor-element-cdaa684 e-flex e-con-boxed e-con e-parent\" data-id=\"cdaa684\" data-element_type=\"container\">\n\t\t\t\t\t<div class=\"e-con-inner\">\n\t\t<div class=\"elementor-element elementor-element-a5a7c0b e-con-full e-flex e-con e-child\" data-id=\"a5a7c0b\" data-element_type=\"container\">\n\t\t<div class=\"elementor-element elementor-element-c14da0d e-con-full e-flex e-con e-child\" data-id=\"c14da0d\" data-element_type=\"container\">\n\t\t\t\t<div class=\"elementor-element elementor-element-eaa5664 elementor-widget elementor-widget-text-editor\" data-id=\"eaa5664\" data-element_type=\"widget\" data-widget_type=\"text-editor.default\">\n\t\t\t\t<div class=\"elementor-widget-container\">\n\t\t\t\t\t\t\t\t\t<p><span style=\"font-weight: 400;\">Bug\u00fcn, kendi \u00e7al\u0131\u015fanlar\u0131m\u0131z ve distrib\u00fct\u00f6r i\u015f orta\u011f\u0131m\u0131z\u0131n ekibiyle birlikte yakla\u015f\u0131k 350 ki\u015filik deneyimli bir kadro ile T\u00fcrkiye\u2019nin bir\u00e7ok ilinde faaliyet g\u00f6stermekteyiz. Lisansl\u0131 sat\u0131\u015f noktalar\u0131yla g\u00fc\u00e7l\u00fc ve s\u00fcrd\u00fcr\u00fclebilir ili\u015fkiler kurarak \u00fcr\u00fcnlerimizin eri\u015fimini g\u00fcvenle y\u00f6netiyoruz.<\/span><\/p><p><span style=\"font-weight: 400;\">Portf\u00f6y\u00fcm\u00fczdeki \u00fcr\u00fcnler, uluslararas\u0131 kalite standartlar\u0131na uygun \u015fekilde, titizlikle se\u00e7ilen harmanlarla \u00fcretilmektedir.<\/span><\/p><p><span style=\"font-weight: 400;\">Imperial Tobacco T\u00fct\u00fcn \u00dcr\u00fcnleri Sat\u0131\u015f ve Pazarlama A.\u015e. olarak, yaln\u0131zca ticari ba\u015far\u0131ya de\u011fil, ayn\u0131 zamanda sorumluluk sahibi bir i\u015fveren olmaya da \u00f6nem veriyoruz. \u0130\u015f ortaklar\u0131m\u0131z ve \u00e7al\u0131\u015fanlar\u0131m\u0131zla birlikte, s\u00fcrd\u00fcr\u00fclebilirlik, kalite ve \u015feffafl\u0131k ilkeleri do\u011frultusunda sekt\u00f6r\u00fcm\u00fcze uzun vadeli de\u011fer katmay\u0131 hedefliyoruz.<\/span><\/p>\t\t\t\t\t\t\t\t<\/div>\n\t\t\t\t<\/div>\n\t\t\t\t<\/div>\n\t\t<div class=\"elementor-element elementor-element-09c51ec e-con-full e-flex e-con e-child\" data-id=\"09c51ec\" data-element_type=\"container\" data-settings=\"{&quot;background_background&quot;:&quot;classic&quot;}\">\n\t\t\t\t<\/div>\n\t\t\t\t<\/div>\n\t\t\t\t\t<\/div>\n\t\t\t\t<\/div>\n\t\t\t\t<\/div>\n\t\t","protected":false},"excerpt":{"rendered":"<p>\u015eirketlerimiz Hakk\u0131nda Sat\u0131\u015f ve Pazarlama Imperial Tobacco T\u00fct\u00fcn \u00dcr\u00fcnleri Sat\u0131\u015f ve Pazarlama A.\u015e., global merkezi \u0130ngiltere&#8217;de bulunan ve 120&#8217;den fazla \u00fclkede faaliyet g\u00f6steren, uluslararas\u0131 h\u0131zl\u0131 t\u00fcketim \u00fcr\u00fcnleri \u015firketi Imperial Brands PLC\u2019nin T\u00fcrkiye\u2019deki i\u015ftirakidir. 2005 y\u0131l\u0131nda kurulan \u015firketimiz, Imperial Brands\u2019in d\u00fcnyaca bilinen markalar\u0131n\u0131n T\u00fcrkiye\u2019deki sat\u0131\u015f ve da\u011f\u0131t\u0131m faaliyetlerini y\u00fcr\u00fctmektedir. T\u00fcrkiye\u2019deki ticari operasyonlar\u0131m\u0131z\u0131, i\u015f ortakl\u0131\u011f\u0131na dayal\u0131 yenilik\u00e7i [&hellip;]<\/p>\n","protected":false},"author":1,"featured_media":0,"parent":0,"menu_order":0,"comment_status":"closed","ping_status":"closed","template":"","meta":{"footnotes":""},"class_list":["post-367","page","type-page","status-publish","hentry"],"_links":{"self":[{"href":"https:\/\/profaj.co\/imperial\/wp-json\/wp\/v2\/pages\/367","targetHints":{"allow":["GET"]}}],"collection":[{"href":"https:\/\/profaj.co\/imperial\/wp-json\/wp\/v2\/pages"}],"about":[{"href":"https:\/\/profaj.co\/imperial\/wp-json\/wp\/v2\/types\/page"}],"author":[{"embeddable":true,"href":"https:\/\/profaj.co\/imperial\/wp-json\/wp\/v2\/users\/1"}],"replies":[{"embeddable":true,"href":"https:\/\/profaj.co\/imperial\/wp-json\/wp\/v2\/comments?post=367"}],"version-history":[{"count":22,"href":"https:\/\/profaj.co\/imperial\/wp-json\/wp\/v2\/pages\/367\/revisions"}],"predecessor-version":[{"id":572,"href":"https:\/\/profaj.co\/imperial\/wp-json\/wp\/v2\/pages\/367\/revisions\/572"}],"wp:attachment":[{"href":"https:\/\/profaj.co\/imperial\/wp-json\/wp\/v2\/media?parent=367"}],"curies":[{"name":"wp","href":"https:\/\/api.w.org\/{rel}","templated":true}]}}