{"id":387,"date":"2025-09-16T07:56:52","date_gmt":"2025-09-16T07:56:52","guid":{"rendered":"https:\/\/profaj.co\/imperial\/?page_id=387"},"modified":"2025-09-18T06:10:20","modified_gmt":"2025-09-18T06:10:20","slug":"uretim","status":"publish","type":"page","link":"https:\/\/profaj.co\/imperial\/uretim\/","title":{"rendered":"\u00dcretim"},"content":{"rendered":"\t\t<div data-elementor-type=\"wp-page\" data-elementor-id=\"387\" class=\"elementor elementor-387\" data-elementor-post-type=\"page\">\n\t\t\t\t<div class=\"elementor-element elementor-element-d49171e e-flex e-con-boxed e-con e-parent\" data-id=\"d49171e\" data-element_type=\"container\">\n\t\t\t\t\t<div class=\"e-con-inner\">\n\t\t<div class=\"elementor-element elementor-element-6290588 e-con-full e-flex e-con e-child\" data-id=\"6290588\" data-element_type=\"container\">\n\t\t<div class=\"elementor-element elementor-element-6490077 e-con-full e-flex e-con e-child\" data-id=\"6490077\" data-element_type=\"container\" data-settings=\"{&quot;background_background&quot;:&quot;classic&quot;}\">\n\t\t\t\t<\/div>\n\t\t<div class=\"elementor-element elementor-element-a7974a2 e-con-full e-flex e-con e-child\" data-id=\"a7974a2\" data-element_type=\"container\">\n\t\t\t\t<div class=\"elementor-element elementor-element-d790ea2 elementor-widget elementor-widget-image\" data-id=\"d790ea2\" data-element_type=\"widget\" data-widget_type=\"image.default\">\n\t\t\t\t<div class=\"elementor-widget-container\">\n\t\t\t\t\t\t\t\t\t\t\t\t\t\t\t<img fetchpriority=\"high\" decoding=\"async\" width=\"414\" height=\"140\" src=\"https:\/\/profaj.co\/imperial\/wp-content\/uploads\/2025\/06\/imperial-brands-logo.png\" class=\"attachment-full size-full wp-image-9\" alt=\"\" srcset=\"https:\/\/profaj.co\/imperial\/wp-content\/uploads\/2025\/06\/imperial-brands-logo.png 414w, https:\/\/profaj.co\/imperial\/wp-content\/uploads\/2025\/06\/imperial-brands-logo-300x101.png 300w\" sizes=\"(max-width: 414px) 100vw, 414px\" \/>\t\t\t\t\t\t\t\t\t\t\t\t\t\t\t<\/div>\n\t\t\t\t<\/div>\n\t\t\t\t<div class=\"elementor-element elementor-element-f7946b0 elementor-widget elementor-widget-heading\" data-id=\"f7946b0\" data-element_type=\"widget\" data-widget_type=\"heading.default\">\n\t\t\t\t<div class=\"elementor-widget-container\">\n\t\t\t\t\t<h2 class=\"elementor-heading-title elementor-size-default\">\u015eirketlerimiz Hakk\u0131nda<\/h2>\t\t\t\t<\/div>\n\t\t\t\t<\/div>\n\t\t\t\t<div class=\"elementor-element elementor-element-2424f00 elementor-widget elementor-widget-heading\" data-id=\"2424f00\" data-element_type=\"widget\" data-widget_type=\"heading.default\">\n\t\t\t\t<div class=\"elementor-widget-container\">\n\t\t\t\t\t<h2 class=\"elementor-heading-title elementor-size-default\">\u00dcretim<\/h2>\t\t\t\t<\/div>\n\t\t\t\t<\/div>\n\t\t\t\t<div class=\"elementor-element elementor-element-6ba58b7 elementor-widget elementor-widget-text-editor\" data-id=\"6ba58b7\" data-element_type=\"widget\" data-widget_type=\"text-editor.default\">\n\t\t\t\t<div class=\"elementor-widget-container\">\n\t\t\t\t\t\t\t\t\t<p><span style=\"font-weight: 400;\">Manisa Fabrikas\u0131, grubun en stratejik \u00fcretim tesislerinden biri olup, tamam\u0131 otomasyon teknolojisiyle donat\u0131lm\u0131\u015f en modern fabrikalar aras\u0131nda yer almaktad\u0131r.\u00a0<\/span><\/p><p><span style=\"font-weight: 400;\">Imperial Tobacco, Manisa Fabrikas\u0131\u2019nda \u00fcretilen uluslararas\u0131 ve yerli markalarla yaln\u0131zca T\u00fcrkiye pazar\u0131na de\u011fil, ayn\u0131 zamanda b\u00f6lgesel geli\u015fim potansiyeline de katk\u0131 sa\u011flamaktad\u0131r.<\/span><\/p><p><span style=\"font-weight: 400;\">2007 y\u0131l\u0131nda ilk ihracat\u0131n\u0131 ger\u00e7ekle\u015ftiren fabrikam\u0131z, zaman i\u00e7inde sa\u011flad\u0131\u011f\u0131 avantajlar, \u00fcst\u00fcn kalite ve stratejik jeopolitik konumu sayesinde grubun d\u00fcnyan\u0131n her b\u00f6lgesine ihracat yapan ve b\u00fcy\u00fcyen en \u00f6nemli ihracat lokasyonlar\u0131ndan biri haline gelmi\u015ftir. Orta Do\u011fu, Avrupa ve Afrika ana ihracat noktalar\u0131d\u0131r.<\/span><\/p>\t\t\t\t\t\t\t\t<\/div>\n\t\t\t\t<\/div>\n\t\t\t\t<\/div>\n\t\t\t\t<\/div>\n\t\t\t\t\t<\/div>\n\t\t\t\t<\/div>\n\t\t<div class=\"elementor-element elementor-element-df02048 e-flex e-con-boxed e-con e-parent\" data-id=\"df02048\" data-element_type=\"container\">\n\t\t\t\t\t<div class=\"e-con-inner\">\n\t\t<div class=\"elementor-element elementor-element-ed74a79 e-con-full e-flex e-con e-child\" data-id=\"ed74a79\" data-element_type=\"container\">\n\t\t<div class=\"elementor-element elementor-element-aba2573 e-con-full e-flex e-con e-child\" data-id=\"aba2573\" data-element_type=\"container\">\n\t\t\t\t<div class=\"elementor-element elementor-element-e79daa9 elementor-widget elementor-widget-text-editor\" data-id=\"e79daa9\" data-element_type=\"widget\" data-widget_type=\"text-editor.default\">\n\t\t\t\t<div class=\"elementor-widget-container\">\n\t\t\t\t\t\t\t\t\t<p><span style=\"font-weight: 400;\">60.000 m\u00b2 arazi \u00fczerinde 29.000 m\u00b2 kapal\u0131 alana sahip olan tesis, beton ve \u00e7elik prefabrik malzemelerle, T\u00fcrk ve Avrupa Birli\u011fi \u00e7evre standartlar\u0131na uygun \u015fekilde in\u015fa edilmi\u015ftir. \u00dcretim ekipmanlar\u0131, sekt\u00f6r\u00fcn en g\u00fcncel standartlar\u0131n\u0131 kar\u015f\u0131lamaktad\u0131r.<\/span><\/p><p><span style=\"font-weight: 400;\">Imperial Manisa, yetkin i\u015f g\u00fcc\u00fc ve esnek \u00fcretim altyap\u0131s\u0131yla y\u00fcksek \u00e7eviklik sergilemekte, g\u00fcvenlik, kalite ve maliyet liderli\u011fi alanlar\u0131nda \u00f6ne \u00e7\u0131karak grup i\u00e7inde sayg\u0131n bir konuma sahip olmaktad\u0131r. Grubun en verimli tesislerinden biri olmakla birlikte, insan, \u00e7evre, enerji ve i\u015f g\u00fcvenli\u011fi alanlar\u0131nda y\u00fcr\u00fctt\u00fc\u011f\u00fc projeler ve yapt\u0131\u011f\u0131 yat\u0131r\u0131mlarla s\u00fcrd\u00fcr\u00fclebilir ve sorumlu \u00fcretim anlay\u0131\u015f\u0131n\u0131 benimsemektedir.<\/span><\/p><p><span style=\"font-weight: 400;\">Manisa Fabrikas\u0131, ISO 9001 (Kalite Y\u00f6netimi), ISO 14001 (\u00c7evre Y\u00f6netimi), ISO 45001 (\u0130\u015f Sa\u011fl\u0131\u011f\u0131 ve G\u00fcvenli\u011fi), ISO 27001 (Bilgi G\u00fcvenli\u011fi) ve ISO 50001 (Enerji Y\u00f6netimi) sertifikalar\u0131na sahiptir.<\/span><\/p>\t\t\t\t\t\t\t\t<\/div>\n\t\t\t\t<\/div>\n\t\t\t\t<\/div>\n\t\t<div class=\"elementor-element elementor-element-77690a3 e-con-full e-flex e-con e-child\" data-id=\"77690a3\" data-element_type=\"container\" data-settings=\"{&quot;background_background&quot;:&quot;classic&quot;}\">\n\t\t\t\t<\/div>\n\t\t\t\t<\/div>\n\t\t\t\t\t<\/div>\n\t\t\t\t<\/div>\n\t\t\t\t<\/div>\n\t\t","protected":false},"excerpt":{"rendered":"<p>\u015eirketlerimiz Hakk\u0131nda \u00dcretim Manisa Fabrikas\u0131, grubun en stratejik \u00fcretim tesislerinden biri olup, tamam\u0131 otomasyon teknolojisiyle donat\u0131lm\u0131\u015f en modern fabrikalar aras\u0131nda yer almaktad\u0131r.\u00a0 Imperial Tobacco, Manisa Fabrikas\u0131\u2019nda \u00fcretilen uluslararas\u0131 ve yerli markalarla yaln\u0131zca T\u00fcrkiye pazar\u0131na de\u011fil, ayn\u0131 zamanda b\u00f6lgesel geli\u015fim potansiyeline de katk\u0131 sa\u011flamaktad\u0131r. 2007 y\u0131l\u0131nda ilk ihracat\u0131n\u0131 ger\u00e7ekle\u015ftiren fabrikam\u0131z, zaman i\u00e7inde sa\u011flad\u0131\u011f\u0131 avantajlar, \u00fcst\u00fcn kalite [&hellip;]<\/p>\n","protected":false},"author":1,"featured_media":0,"parent":0,"menu_order":0,"comment_status":"closed","ping_status":"closed","template":"","meta":{"footnotes":""},"class_list":["post-387","page","type-page","status-publish","hentry"],"_links":{"self":[{"href":"https:\/\/profaj.co\/imperial\/wp-json\/wp\/v2\/pages\/387","targetHints":{"allow":["GET"]}}],"collection":[{"href":"https:\/\/profaj.co\/imperial\/wp-json\/wp\/v2\/pages"}],"about":[{"href":"https:\/\/profaj.co\/imperial\/wp-json\/wp\/v2\/types\/page"}],"author":[{"embeddable":true,"href":"https:\/\/profaj.co\/imperial\/wp-json\/wp\/v2\/users\/1"}],"replies":[{"embeddable":true,"href":"https:\/\/profaj.co\/imperial\/wp-json\/wp\/v2\/comments?post=387"}],"version-history":[{"count":11,"href":"https:\/\/profaj.co\/imperial\/wp-json\/wp\/v2\/pages\/387\/revisions"}],"predecessor-version":[{"id":575,"href":"https:\/\/profaj.co\/imperial\/wp-json\/wp\/v2\/pages\/387\/revisions\/575"}],"wp:attachment":[{"href":"https:\/\/profaj.co\/imperial\/wp-json\/wp\/v2\/media?parent=387"}],"curies":[{"name":"wp","href":"https:\/\/api.w.org\/{rel}","templated":true}]}}