{"id":41,"date":"2025-06-04T08:46:00","date_gmt":"2025-06-04T08:46:00","guid":{"rendered":"https:\/\/profaj.co\/imperial\/?page_id=41"},"modified":"2025-09-18T06:00:30","modified_gmt":"2025-09-18T06:00:30","slug":"home","status":"publish","type":"page","link":"https:\/\/profaj.co\/imperial\/","title":{"rendered":"Home"},"content":{"rendered":"\t\t<div data-elementor-type=\"wp-page\" data-elementor-id=\"41\" class=\"elementor elementor-41\" data-elementor-post-type=\"page\">\n\t\t\t\t<div class=\"elementor-element elementor-element-83a0d1f e-flex e-con-boxed e-con e-parent\" data-id=\"83a0d1f\" data-element_type=\"container\">\n\t\t\t\t\t<div class=\"e-con-inner\">\n\t\t\t\t\t<\/div>\n\t\t\t\t<\/div>\n\t\t<div class=\"elementor-element elementor-element-6d6ed96 e-flex e-con-boxed e-con e-parent\" data-id=\"6d6ed96\" data-element_type=\"container\" data-settings=\"{&quot;background_background&quot;:&quot;classic&quot;}\">\n\t\t\t\t\t<div class=\"e-con-inner\">\n\t\t<div class=\"elementor-element elementor-element-7720e47 e-con-full e-flex e-con e-child\" data-id=\"7720e47\" data-element_type=\"container\">\n\t\t\t\t<div class=\"elementor-element elementor-element-aff8edf elementor-widget elementor-widget-heading\" data-id=\"aff8edf\" data-element_type=\"widget\" data-widget_type=\"heading.default\">\n\t\t\t\t<div class=\"elementor-widget-container\">\n\t\t\t\t\t<h2 class=\"elementor-heading-title elementor-size-default\">Gelece\u011fi \u015eekillendiren G\u00fc\u00e7<\/h2>\t\t\t\t<\/div>\n\t\t\t\t<\/div>\n\t\t\t\t<div class=\"elementor-element elementor-element-bfbfdd7 elementor-widget elementor-widget-text-editor\" data-id=\"bfbfdd7\" data-element_type=\"widget\" data-widget_type=\"text-editor.default\">\n\t\t\t\t<div class=\"elementor-widget-container\">\n\t\t\t\t\t\t\t\t\t<p>T\u00fcrkiye\u2019deki \u00fcretim g\u00fcc\u00fcm\u00fcz ve global vizyonumuzla s\u00fcrd\u00fcr\u00fclebilir ba\u015far\u0131y\u0131 birlikte in\u015fa ediyoruz.<\/p>\t\t\t\t\t\t\t\t<\/div>\n\t\t\t\t<\/div>\n\t\t\t\t<\/div>\n\t\t\t\t\t<\/div>\n\t\t\t\t<\/div>\n\t\t<div class=\"elementor-element elementor-element-e349c92 e-flex e-con-boxed e-con e-parent\" data-id=\"e349c92\" data-element_type=\"container\" id=\"satisvepazarlama\">\n\t\t\t\t\t<div class=\"e-con-inner\">\n\t\t<div class=\"elementor-element elementor-element-c048d2e e-con-full e-flex e-con e-child\" data-id=\"c048d2e\" data-element_type=\"container\">\n\t\t<div class=\"elementor-element elementor-element-1a9927f e-con-full e-flex e-con e-child\" data-id=\"1a9927f\" data-element_type=\"container\" data-settings=\"{&quot;background_background&quot;:&quot;classic&quot;}\">\n\t\t\t\t<\/div>\n\t\t<div class=\"elementor-element elementor-element-652386a e-con-full e-flex e-con e-child\" data-id=\"652386a\" data-element_type=\"container\">\n\t\t\t\t<div class=\"elementor-element elementor-element-36f18cc elementor-widget elementor-widget-image\" data-id=\"36f18cc\" data-element_type=\"widget\" data-widget_type=\"image.default\">\n\t\t\t\t<div class=\"elementor-widget-container\">\n\t\t\t\t\t\t\t\t\t\t\t\t\t\t\t<img fetchpriority=\"high\" decoding=\"async\" width=\"414\" height=\"140\" src=\"https:\/\/profaj.co\/imperial\/wp-content\/uploads\/2025\/06\/imperial-brands-logo.png\" class=\"attachment-full size-full wp-image-9\" alt=\"\" srcset=\"https:\/\/profaj.co\/imperial\/wp-content\/uploads\/2025\/06\/imperial-brands-logo.png 414w, https:\/\/profaj.co\/imperial\/wp-content\/uploads\/2025\/06\/imperial-brands-logo-300x101.png 300w\" sizes=\"(max-width: 414px) 100vw, 414px\" \/>\t\t\t\t\t\t\t\t\t\t\t\t\t\t\t<\/div>\n\t\t\t\t<\/div>\n\t\t\t\t<div class=\"elementor-element elementor-element-cca9673 elementor-widget elementor-widget-heading\" data-id=\"cca9673\" data-element_type=\"widget\" data-widget_type=\"heading.default\">\n\t\t\t\t<div class=\"elementor-widget-container\">\n\t\t\t\t\t<h2 class=\"elementor-heading-title elementor-size-default\">\u015eirketlerimiz Hakk\u0131nda<\/h2>\t\t\t\t<\/div>\n\t\t\t\t<\/div>\n\t\t\t\t<div class=\"elementor-element elementor-element-995d275 elementor-widget elementor-widget-heading\" data-id=\"995d275\" data-element_type=\"widget\" data-widget_type=\"heading.default\">\n\t\t\t\t<div class=\"elementor-widget-container\">\n\t\t\t\t\t<h2 class=\"elementor-heading-title elementor-size-default\">Sat\u0131\u015f ve Pazarlama<\/h2>\t\t\t\t<\/div>\n\t\t\t\t<\/div>\n\t\t\t\t<div class=\"elementor-element elementor-element-68e84e4 elementor-widget elementor-widget-text-editor\" data-id=\"68e84e4\" data-element_type=\"widget\" data-widget_type=\"text-editor.default\">\n\t\t\t\t<div class=\"elementor-widget-container\">\n\t\t\t\t\t\t\t\t\t<p><span style=\"font-weight: 400;\">Imperial Tobacco T\u00fct\u00fcn \u00dcr\u00fcnleri Sat\u0131\u015f ve Pazarlama A.\u015e., global merkezi \u0130ngiltere&#8217;de bulunan ve 120&#8217;den fazla \u00fclkede faaliyet g\u00f6steren, uluslararas\u0131 h\u0131zl\u0131 t\u00fcketim \u00fcr\u00fcnleri \u015firketi Imperial Brands PLC\u2019nin T\u00fcrkiye\u2019deki i\u015ftirakidir. 2005 y\u0131l\u0131nda kurulan \u015firketimiz, Imperial Brands\u2019in d\u00fcnyaca bilinen markalar\u0131n\u0131n T\u00fcrkiye\u2019deki sat\u0131\u015f ve da\u011f\u0131t\u0131m faaliyetlerini y\u00fcr\u00fctmektedir.<\/span><\/p>\t\t\t\t\t\t\t\t<\/div>\n\t\t\t\t<\/div>\n\t\t\t\t<div class=\"elementor-element elementor-element-7c649de elementor-widget elementor-widget-button\" data-id=\"7c649de\" data-element_type=\"widget\" data-widget_type=\"button.default\">\n\t\t\t\t<div class=\"elementor-widget-container\">\n\t\t\t\t\t\t\t\t\t<div class=\"elementor-button-wrapper\">\n\t\t\t\t\t<a class=\"elementor-button elementor-button-link elementor-size-sm\" href=\"https:\/\/profaj.co\/imperial\/satis-ve-pazarlama\/\">\n\t\t\t\t\t\t<span class=\"elementor-button-content-wrapper\">\n\t\t\t\t\t\t\t\t\t<span class=\"elementor-button-text\">Devam\u0131n\u0131 Oku<\/span>\n\t\t\t\t\t<\/span>\n\t\t\t\t\t<\/a>\n\t\t\t\t<\/div>\n\t\t\t\t\t\t\t\t<\/div>\n\t\t\t\t<\/div>\n\t\t\t\t<\/div>\n\t\t\t\t<\/div>\n\t\t\t\t\t<\/div>\n\t\t\t\t<\/div>\n\t\t<div class=\"elementor-element elementor-element-c65f880 e-flex e-con-boxed e-con e-parent\" data-id=\"c65f880\" data-element_type=\"container\" id=\"uretim\">\n\t\t\t\t\t<div class=\"e-con-inner\">\n\t\t<div class=\"elementor-element elementor-element-2a03d62 e-con-full e-flex e-con e-child\" data-id=\"2a03d62\" data-element_type=\"container\">\n\t\t<div class=\"elementor-element elementor-element-a3a91ad e-con-full e-flex e-con e-child\" data-id=\"a3a91ad\" data-element_type=\"container\">\n\t\t\t\t<div class=\"elementor-element elementor-element-ea5b140 elementor-widget elementor-widget-image\" data-id=\"ea5b140\" data-element_type=\"widget\" data-widget_type=\"image.default\">\n\t\t\t\t<div class=\"elementor-widget-container\">\n\t\t\t\t\t\t\t\t\t\t\t\t\t\t\t<img decoding=\"async\" width=\"414\" height=\"140\" src=\"https:\/\/profaj.co\/imperial\/wp-content\/uploads\/2025\/06\/imperial-brands-logo.png\" class=\"attachment-large size-large wp-image-9\" alt=\"\" srcset=\"https:\/\/profaj.co\/imperial\/wp-content\/uploads\/2025\/06\/imperial-brands-logo.png 414w, https:\/\/profaj.co\/imperial\/wp-content\/uploads\/2025\/06\/imperial-brands-logo-300x101.png 300w\" sizes=\"(max-width: 414px) 100vw, 414px\" \/>\t\t\t\t\t\t\t\t\t\t\t\t\t\t\t<\/div>\n\t\t\t\t<\/div>\n\t\t\t\t<div class=\"elementor-element elementor-element-e53204c elementor-widget elementor-widget-heading\" data-id=\"e53204c\" data-element_type=\"widget\" data-widget_type=\"heading.default\">\n\t\t\t\t<div class=\"elementor-widget-container\">\n\t\t\t\t\t<h2 class=\"elementor-heading-title elementor-size-default\">\u015eirketlerimiz Hakk\u0131nda<\/h2>\t\t\t\t<\/div>\n\t\t\t\t<\/div>\n\t\t\t\t<div class=\"elementor-element elementor-element-f07bad6 elementor-widget elementor-widget-heading\" data-id=\"f07bad6\" data-element_type=\"widget\" data-widget_type=\"heading.default\">\n\t\t\t\t<div class=\"elementor-widget-container\">\n\t\t\t\t\t<h2 class=\"elementor-heading-title elementor-size-default\">\u00dcretim<\/h2>\t\t\t\t<\/div>\n\t\t\t\t<\/div>\n\t\t\t\t<div class=\"elementor-element elementor-element-4955b2b elementor-widget elementor-widget-text-editor\" data-id=\"4955b2b\" data-element_type=\"widget\" data-widget_type=\"text-editor.default\">\n\t\t\t\t<div class=\"elementor-widget-container\">\n\t\t\t\t\t\t\t\t\t<p><span style=\"font-weight: 400;\">Manisa Fabrikas\u0131, grubun en stratejik \u00fcretim tesislerinden biri olup, tamam\u0131 otomasyon teknolojisiyle donat\u0131lm\u0131\u015f en modern fabrikalar aras\u0131nda yer almaktad\u0131r.\u00a0<\/span><\/p><p><span style=\"font-weight: 400;\">Imperial Tobacco, Manisa Fabrikas\u0131\u2019nda \u00fcretilen uluslararas\u0131 ve yerli markalarla yaln\u0131zca T\u00fcrkiye pazar\u0131na de\u011fil, ayn\u0131 zamanda b\u00f6lgesel geli\u015fim potansiyeline de katk\u0131 sa\u011flamaktad\u0131r.<\/span><\/p><p><span style=\"font-weight: 400;\">2007 y\u0131l\u0131nda ilk ihracat\u0131n\u0131 ger\u00e7ekle\u015ftiren fabrikam\u0131z, zaman i\u00e7inde sa\u011flad\u0131\u011f\u0131 avantajlar, \u00fcst\u00fcn kalite ve stratejik jeopolitik konumu sayesinde grubun d\u00fcnyan\u0131n her b\u00f6lgesine ihracat yapan ve b\u00fcy\u00fcyen en \u00f6nemli ihracat lokasyonlar\u0131ndan biri haline gelmi\u015ftir. Orta Do\u011fu, Avrupa ve Afrika ana ihracat noktalar\u0131d\u0131r.<\/span><\/p>\t\t\t\t\t\t\t\t<\/div>\n\t\t\t\t<\/div>\n\t\t\t\t<div class=\"elementor-element elementor-element-e8db20a elementor-widget elementor-widget-button\" data-id=\"e8db20a\" data-element_type=\"widget\" data-widget_type=\"button.default\">\n\t\t\t\t<div class=\"elementor-widget-container\">\n\t\t\t\t\t\t\t\t\t<div class=\"elementor-button-wrapper\">\n\t\t\t\t\t<a class=\"elementor-button elementor-button-link elementor-size-sm\" href=\"https:\/\/profaj.co\/imperial\/uretim\/\">\n\t\t\t\t\t\t<span class=\"elementor-button-content-wrapper\">\n\t\t\t\t\t\t\t\t\t<span class=\"elementor-button-text\">Devam\u0131n\u0131 Oku<\/span>\n\t\t\t\t\t<\/span>\n\t\t\t\t\t<\/a>\n\t\t\t\t<\/div>\n\t\t\t\t\t\t\t\t<\/div>\n\t\t\t\t<\/div>\n\t\t\t\t<\/div>\n\t\t<div class=\"elementor-element elementor-element-e968ea0 e-con-full e-flex e-con e-child\" data-id=\"e968ea0\" data-element_type=\"container\" data-settings=\"{&quot;background_background&quot;:&quot;classic&quot;}\">\n\t\t\t\t<\/div>\n\t\t\t\t<\/div>\n\t\t\t\t\t<\/div>\n\t\t\t\t<\/div>\n\t\t<div class=\"elementor-element elementor-element-584f4a6 e-flex e-con-boxed e-con e-parent\" data-id=\"584f4a6\" data-element_type=\"container\">\n\t\t\t\t\t<div class=\"e-con-inner\">\n\t\t\t\t<div class=\"elementor-element elementor-element-33def5f elementor-widget elementor-widget-heading\" data-id=\"33def5f\" data-element_type=\"widget\" id=\"insanveyatirim\" data-widget_type=\"heading.default\">\n\t\t\t\t<div class=\"elementor-widget-container\">\n\t\t\t\t\t<h2 class=\"elementor-heading-title elementor-size-default\">\u0130nsan ve K\u00fclt\u00fcr<\/h2>\t\t\t\t<\/div>\n\t\t\t\t<\/div>\n\t\t<div class=\"elementor-element elementor-element-5d616fb e-con-full e-flex e-con e-child\" data-id=\"5d616fb\" data-element_type=\"container\" data-settings=\"{&quot;background_background&quot;:&quot;classic&quot;}\">\n\t\t<div class=\"elementor-element elementor-element-a45167f e-con-full e-flex e-con e-child\" data-id=\"a45167f\" data-element_type=\"container\" data-settings=\"{&quot;background_background&quot;:&quot;classic&quot;}\">\n\t\t\t\t<div class=\"elementor-element elementor-element-ef3c5a1 elementor-widget elementor-widget-heading\" data-id=\"ef3c5a1\" data-element_type=\"widget\" data-widget_type=\"heading.default\">\n\t\t\t\t<div class=\"elementor-widget-container\">\n\t\t\t\t\t<h2 class=\"elementor-heading-title elementor-size-default\">S\u00fcrd\u00fcr\u00fclebilirlik<\/h2>\t\t\t\t<\/div>\n\t\t\t\t<\/div>\n\t\t\t\t<div class=\"elementor-element elementor-element-f5d8c9a elementor-widget elementor-widget-text-editor\" data-id=\"f5d8c9a\" data-element_type=\"widget\" data-widget_type=\"text-editor.default\">\n\t\t\t\t<div class=\"elementor-widget-container\">\n\t\t\t\t\t\t\t\t\t<p><span style=\"font-weight: 400;\">Do\u011faya sayg\u0131yla, kaynaklar\u0131m\u0131z\u0131 bilin\u00e7le kullan\u0131yor, \u00e7evresel etkilerimizi azaltmak i\u00e7in kararl\u0131l\u0131kla \u00e7al\u0131\u015f\u0131yoruz.<\/span><\/p>\t\t\t\t\t\t\t\t<\/div>\n\t\t\t\t<\/div>\n\t\t\t\t<div class=\"elementor-element elementor-element-efd3a89 elementor-widget elementor-widget-button\" data-id=\"efd3a89\" data-element_type=\"widget\" data-widget_type=\"button.default\">\n\t\t\t\t<div class=\"elementor-widget-container\">\n\t\t\t\t\t\t\t\t\t<div class=\"elementor-button-wrapper\">\n\t\t\t\t\t<a class=\"elementor-button elementor-button-link elementor-size-sm\" href=\"https:\/\/www.imperialbrandsplc.com\/people-and-planet\" target=\"_blank\">\n\t\t\t\t\t\t<span class=\"elementor-button-content-wrapper\">\n\t\t\t\t\t\t\t\t\t<span class=\"elementor-button-text\">DAHA FAZLA<\/span>\n\t\t\t\t\t<\/span>\n\t\t\t\t\t<\/a>\n\t\t\t\t<\/div>\n\t\t\t\t\t\t\t\t<\/div>\n\t\t\t\t<\/div>\n\t\t\t\t<\/div>\n\t\t<div class=\"elementor-element elementor-element-2fcfbf7 e-con-full e-flex e-con e-child\" data-id=\"2fcfbf7\" data-element_type=\"container\" data-settings=\"{&quot;background_background&quot;:&quot;classic&quot;}\">\n\t\t\t\t<div class=\"elementor-element elementor-element-5bc0ec1 elementor-widget elementor-widget-heading\" data-id=\"5bc0ec1\" data-element_type=\"widget\" data-widget_type=\"heading.default\">\n\t\t\t\t<div class=\"elementor-widget-container\">\n\t\t\t\t\t<h2 class=\"elementor-heading-title elementor-size-default\">Sorumluluk<\/h2>\t\t\t\t<\/div>\n\t\t\t\t<\/div>\n\t\t\t\t<div class=\"elementor-element elementor-element-0c72a2f elementor-widget elementor-widget-text-editor\" data-id=\"0c72a2f\" data-element_type=\"widget\" data-widget_type=\"text-editor.default\">\n\t\t\t\t<div class=\"elementor-widget-container\">\n\t\t\t\t\t\t\t\t\t<p><span style=\"font-weight: 400;\">Topluma, \u00e7evreye ve \u00e7al\u0131\u015fanlar\u0131m\u0131za kar\u015f\u0131 duydu\u011fumuz sorumlulukla s\u00fcrd\u00fcr\u00fclebilir bir gelecek i\u00e7in \u00e7al\u0131\u015f\u0131yoruz.<\/span><\/p>\t\t\t\t\t\t\t\t<\/div>\n\t\t\t\t<\/div>\n\t\t\t\t<div class=\"elementor-element elementor-element-63ec72a elementor-widget elementor-widget-button\" data-id=\"63ec72a\" data-element_type=\"widget\" data-widget_type=\"button.default\">\n\t\t\t\t<div class=\"elementor-widget-container\">\n\t\t\t\t\t\t\t\t\t<div class=\"elementor-button-wrapper\">\n\t\t\t\t\t<a class=\"elementor-button elementor-button-link elementor-size-sm\" href=\"https:\/\/www.imperialbrandsplc.com\/people-and-planet\" target=\"_blank\">\n\t\t\t\t\t\t<span class=\"elementor-button-content-wrapper\">\n\t\t\t\t\t\t\t\t\t<span class=\"elementor-button-text\">DAHA FAZLA<\/span>\n\t\t\t\t\t<\/span>\n\t\t\t\t\t<\/a>\n\t\t\t\t<\/div>\n\t\t\t\t\t\t\t\t<\/div>\n\t\t\t\t<\/div>\n\t\t\t\t<\/div>\n\t\t<div class=\"elementor-element elementor-element-77d789d e-con-full e-flex e-con e-child\" data-id=\"77d789d\" data-element_type=\"container\" data-settings=\"{&quot;background_background&quot;:&quot;classic&quot;}\">\n\t\t\t\t<div class=\"elementor-element elementor-element-fc69e4e elementor-widget elementor-widget-heading\" data-id=\"fc69e4e\" data-element_type=\"widget\" data-widget_type=\"heading.default\">\n\t\t\t\t<div class=\"elementor-widget-container\">\n\t\t\t\t\t<h2 class=\"elementor-heading-title elementor-size-default\">Kariyer<\/h2>\t\t\t\t<\/div>\n\t\t\t\t<\/div>\n\t\t\t\t<div class=\"elementor-element elementor-element-3fe2ed6 elementor-widget elementor-widget-text-editor\" data-id=\"3fe2ed6\" data-element_type=\"widget\" data-widget_type=\"text-editor.default\">\n\t\t\t\t<div class=\"elementor-widget-container\">\n\t\t\t\t\t\t\t\t\t<p>Gelece\u011fi birlikte in\u015fa edece\u011fimiz f\u0131rsatlar\u0131 ke\u015ffetmek i\u00e7in t\u0131klay\u0131n.<\/p>\t\t\t\t\t\t\t\t<\/div>\n\t\t\t\t<\/div>\n\t\t\t\t<div class=\"elementor-element elementor-element-ed3f445 elementor-widget elementor-widget-button\" data-id=\"ed3f445\" data-element_type=\"widget\" data-widget_type=\"button.default\">\n\t\t\t\t<div class=\"elementor-widget-container\">\n\t\t\t\t\t\t\t\t\t<div class=\"elementor-button-wrapper\">\n\t\t\t\t\t<a class=\"elementor-button elementor-button-link elementor-size-sm\" href=\"https:\/\/imperialtobacco.hrpeak.com\/472ff66npxacygz7bxljgs3n6z.job\" target=\"_blank\">\n\t\t\t\t\t\t<span class=\"elementor-button-content-wrapper\">\n\t\t\t\t\t\t\t\t\t<span class=\"elementor-button-text\">DAHA FAZLA<\/span>\n\t\t\t\t\t<\/span>\n\t\t\t\t\t<\/a>\n\t\t\t\t<\/div>\n\t\t\t\t\t\t\t\t<\/div>\n\t\t\t\t<\/div>\n\t\t\t\t<\/div>\n\t\t\t\t<\/div>\n\t\t\t\t\t<\/div>\n\t\t\t\t<\/div>\n\t\t<div class=\"elementor-element elementor-element-6d50bae e-flex e-con-boxed e-con e-parent\" data-id=\"6d50bae\" data-element_type=\"container\" data-settings=\"{&quot;background_background&quot;:&quot;classic&quot;}\">\n\t\t\t\t\t<div class=\"e-con-inner\">\n\t\t\t\t<div class=\"elementor-element elementor-element-44b40b1 elementor-widget elementor-widget-heading\" data-id=\"44b40b1\" data-element_type=\"widget\" data-widget_type=\"heading.default\">\n\t\t\t\t<div class=\"elementor-widget-container\">\n\t\t\t\t\t<h2 class=\"elementor-heading-title elementor-size-default\">Y\u00fcksek performansl\u0131 bir k\u00fclt\u00fcr geli\u015ftiriyor ve daha do\u011fru kararlar\u0131 daha h\u0131zl\u0131 alabilmek i\u00e7in teknolojiye yat\u0131r\u0131m yap\u0131yoruz.<\/h2>\t\t\t\t<\/div>\n\t\t\t\t<\/div>\n\t\t\t\t\t<\/div>\n\t\t\t\t<\/div>\n\t\t<div class=\"elementor-element elementor-element-fb46d74 e-flex e-con-boxed e-con e-parent\" data-id=\"fb46d74\" data-element_type=\"container\" id=\"degerlerimiz\">\n\t\t\t\t\t<div class=\"e-con-inner\">\n\t\t\t\t<div class=\"elementor-element elementor-element-81f2d5a elementor-widget elementor-widget-heading\" data-id=\"81f2d5a\" data-element_type=\"widget\" data-widget_type=\"heading.default\">\n\t\t\t\t<div class=\"elementor-widget-container\">\n\t\t\t\t\t<h2 class=\"elementor-heading-title elementor-size-default\">De\u011ferlerimiz<\/h2>\t\t\t\t<\/div>\n\t\t\t\t<\/div>\n\t\t<div class=\"elementor-element elementor-element-93639be e-con-full e-flex e-con e-child\" data-id=\"93639be\" data-element_type=\"container\">\n\t\t<div class=\"elementor-element elementor-element-e5217d2 e-con-full e-flex e-con e-child\" data-id=\"e5217d2\" data-element_type=\"container\" id=\"hoverdiv\">\n\t\t\t\t<div class=\"elementor-element elementor-element-2ce7610 elementor-widget elementor-widget-heading\" data-id=\"2ce7610\" data-element_type=\"widget\" id=\"hovertext\" data-widget_type=\"heading.default\">\n\t\t\t\t<div class=\"elementor-widget-container\">\n\t\t\t\t\t<h2 class=\"elementor-heading-title elementor-size-default\">D\u00fcr\u00fcstl\u00fckle Hareket Ederiz\n<\/h2>\t\t\t\t<\/div>\n\t\t\t\t<\/div>\n\t\t\t\t<div class=\"elementor-element elementor-element-7223dc8 elementor-widget elementor-widget-text-editor\" data-id=\"7223dc8\" data-element_type=\"widget\" id=\"hovertext\" data-widget_type=\"text-editor.default\">\n\t\t\t\t<div class=\"elementor-widget-container\">\n\t\t\t\t\t\t\t\t\t<p><span style=\"font-weight: 400;\">T\u00fcm ili\u015fkilerimizde \u015feffaf, adil ve etik davranarak g\u00fcvenilirli\u011fimizi her zaman \u00f6n planda tutar\u0131z.<\/span><\/p>\t\t\t\t\t\t\t\t<\/div>\n\t\t\t\t<\/div>\n\t\t\t\t<\/div>\n\t\t<div class=\"elementor-element elementor-element-3dd2477 e-con-full e-flex e-con e-child\" data-id=\"3dd2477\" data-element_type=\"container\" id=\"hoverdiv\">\n\t\t\t\t<div class=\"elementor-element elementor-element-e5cda39 elementor-widget elementor-widget-heading\" data-id=\"e5cda39\" data-element_type=\"widget\" id=\"hovertext\" data-widget_type=\"heading.default\">\n\t\t\t\t<div class=\"elementor-widget-container\">\n\t\t\t\t\t<h2 class=\"elementor-heading-title elementor-size-default\">S\u00fcrekli Geli\u015fimi Destekleriz\n<\/h2>\t\t\t\t<\/div>\n\t\t\t\t<\/div>\n\t\t\t\t<div class=\"elementor-element elementor-element-42b542d elementor-widget elementor-widget-text-editor\" data-id=\"42b542d\" data-element_type=\"widget\" id=\"hovertext\" data-widget_type=\"text-editor.default\">\n\t\t\t\t<div class=\"elementor-widget-container\">\n\t\t\t\t\t\t\t\t\t<p><span style=\"font-weight: 400;\">Yenilik\u00e7i d\u00fc\u015f\u00fcnceyi te\u015fvik eder, \u00e7al\u0131\u015fanlar\u0131m\u0131z\u0131n ve s\u00fcre\u00e7lerimizin geli\u015fimine s\u00fcrekli yat\u0131r\u0131m yapar\u0131z.<\/span><\/p>\t\t\t\t\t\t\t\t<\/div>\n\t\t\t\t<\/div>\n\t\t\t\t<\/div>\n\t\t<div class=\"elementor-element elementor-element-255fff5 e-con-full e-flex e-con e-child\" data-id=\"255fff5\" data-element_type=\"container\" id=\"hoverdiv\">\n\t\t\t\t<div class=\"elementor-element elementor-element-822083b elementor-widget elementor-widget-heading\" data-id=\"822083b\" data-element_type=\"widget\" id=\"hovertext\" data-widget_type=\"heading.default\">\n\t\t\t\t<div class=\"elementor-widget-container\">\n\t\t\t\t\t<h2 class=\"elementor-heading-title elementor-size-default\">Birlikte Ba\u015far\u0131r\u0131z<\/h2>\t\t\t\t<\/div>\n\t\t\t\t<\/div>\n\t\t\t\t<div class=\"elementor-element elementor-element-9861cef elementor-widget elementor-widget-text-editor\" data-id=\"9861cef\" data-element_type=\"widget\" id=\"hovertext\" data-widget_type=\"text-editor.default\">\n\t\t\t\t<div class=\"elementor-widget-container\">\n\t\t\t\t\t\t\t\t\t<p><span style=\"font-weight: 400;\">Tak\u0131m ruhunu esas al\u0131r, farkl\u0131l\u0131klardan g\u00fc\u00e7 alarak ortak hedeflere birlikte ula\u015f\u0131r\u0131z.<\/span><\/p>\t\t\t\t\t\t\t\t<\/div>\n\t\t\t\t<\/div>\n\t\t\t\t<\/div>\n\t\t<div class=\"elementor-element elementor-element-4520556 e-con-full e-flex e-con e-child\" data-id=\"4520556\" data-element_type=\"container\" id=\"hoverdiv\">\n\t\t\t\t<div class=\"elementor-element elementor-element-6d4fd0c elementor-widget elementor-widget-heading\" data-id=\"6d4fd0c\" data-element_type=\"widget\" id=\"hovertext\" data-widget_type=\"heading.default\">\n\t\t\t\t<div class=\"elementor-widget-container\">\n\t\t\t\t\t<h2 class=\"elementor-heading-title elementor-size-default\">Sorumluluk Bilinciyle \u00dcretiriz<\/h2>\t\t\t\t<\/div>\n\t\t\t\t<\/div>\n\t\t\t\t<div class=\"elementor-element elementor-element-2e19d39 elementor-widget elementor-widget-text-editor\" data-id=\"2e19d39\" data-element_type=\"widget\" id=\"hovertext\" data-widget_type=\"text-editor.default\">\n\t\t\t\t<div class=\"elementor-widget-container\">\n\t\t\t\t\t\t\t\t\t<p><span style=\"font-weight: 400;\">Toplum, \u00e7evre ve payda\u015flar\u0131m\u0131z kar\u015f\u0131s\u0131nda sorumluluklar\u0131m\u0131z\u0131n fark\u0131nda olarak, s\u00fcrd\u00fcr\u00fclebilir bir de\u011fer zinciri olu\u015ftururuz.<\/span><\/p>\t\t\t\t\t\t\t\t<\/div>\n\t\t\t\t<\/div>\n\t\t\t\t<\/div>\n\t\t\t\t<\/div>\n\t\t\t\t\t<\/div>\n\t\t\t\t<\/div>\n\t\t\t\t<\/div>\n\t\t","protected":false},"excerpt":{"rendered":"<p>Gelece\u011fi \u015eekillendiren G\u00fc\u00e7 T\u00fcrkiye\u2019deki \u00fcretim g\u00fcc\u00fcm\u00fcz ve global vizyonumuzla s\u00fcrd\u00fcr\u00fclebilir ba\u015far\u0131y\u0131 birlikte in\u015fa ediyoruz. \u015eirketlerimiz Hakk\u0131nda Sat\u0131\u015f ve Pazarlama Imperial Tobacco T\u00fct\u00fcn \u00dcr\u00fcnleri Sat\u0131\u015f ve Pazarlama A.\u015e., global merkezi \u0130ngiltere&#8217;de bulunan ve 120&#8217;den fazla \u00fclkede faaliyet g\u00f6steren, uluslararas\u0131 h\u0131zl\u0131 t\u00fcketim \u00fcr\u00fcnleri \u015firketi Imperial Brands PLC\u2019nin T\u00fcrkiye\u2019deki i\u015ftirakidir. 2005 y\u0131l\u0131nda kurulan \u015firketimiz, Imperial Brands\u2019in d\u00fcnyaca bilinen [&hellip;]<\/p>\n","protected":false},"author":1,"featured_media":0,"parent":0,"menu_order":0,"comment_status":"closed","ping_status":"closed","template":"","meta":{"footnotes":""},"class_list":["post-41","page","type-page","status-publish","hentry"],"_links":{"self":[{"href":"https:\/\/profaj.co\/imperial\/wp-json\/wp\/v2\/pages\/41","targetHints":{"allow":["GET"]}}],"collection":[{"href":"https:\/\/profaj.co\/imperial\/wp-json\/wp\/v2\/pages"}],"about":[{"href":"https:\/\/profaj.co\/imperial\/wp-json\/wp\/v2\/types\/page"}],"author":[{"embeddable":true,"href":"https:\/\/profaj.co\/imperial\/wp-json\/wp\/v2\/users\/1"}],"replies":[{"embeddable":true,"href":"https:\/\/profaj.co\/imperial\/wp-json\/wp\/v2\/comments?post=41"}],"version-history":[{"count":262,"href":"https:\/\/profaj.co\/imperial\/wp-json\/wp\/v2\/pages\/41\/revisions"}],"predecessor-version":[{"id":563,"href":"https:\/\/profaj.co\/imperial\/wp-json\/wp\/v2\/pages\/41\/revisions\/563"}],"wp:attachment":[{"href":"https:\/\/profaj.co\/imperial\/wp-json\/wp\/v2\/media?parent=41"}],"curies":[{"name":"wp","href":"https:\/\/api.w.org\/{rel}","templated":true}]}}