{"id":446,"date":"2025-09-17T12:05:01","date_gmt":"2025-09-17T12:05:01","guid":{"rendered":"https:\/\/profaj.co\/imperial\/?page_id=446"},"modified":"2025-09-18T06:25:52","modified_gmt":"2025-09-18T06:25:52","slug":"entegre-yonetim-sistem-politikasi","status":"publish","type":"page","link":"https:\/\/profaj.co\/imperial\/entegre-yonetim-sistem-politikasi\/","title":{"rendered":"Entegre Y\u00f6netim Sistem Politikas\u0131"},"content":{"rendered":"\t\t<div data-elementor-type=\"wp-page\" data-elementor-id=\"446\" class=\"elementor elementor-446\" data-elementor-post-type=\"page\">\n\t\t\t\t<div class=\"elementor-element elementor-element-6295249 e-flex e-con-boxed e-con e-parent\" data-id=\"6295249\" data-element_type=\"container\">\n\t\t\t\t\t<div class=\"e-con-inner\">\n\t\t<div class=\"elementor-element elementor-element-91b4e48 e-con-full e-flex e-con e-child\" data-id=\"91b4e48\" data-element_type=\"container\">\n\t\t\t\t<div class=\"elementor-element elementor-element-e4b5d3b elementor-widget elementor-widget-heading\" data-id=\"e4b5d3b\" data-element_type=\"widget\" data-widget_type=\"heading.default\">\n\t\t\t\t<div class=\"elementor-widget-container\">\n\t\t\t\t\t<h2 class=\"elementor-heading-title elementor-size-default\">Entegre Y\u00f6netim Sistem Politikas\u0131<\/h2>\t\t\t\t<\/div>\n\t\t\t\t<\/div>\n\t\t\t\t<\/div>\n\t\t\t\t\t<\/div>\n\t\t\t\t<\/div>\n\t\t<div class=\"elementor-element elementor-element-b4211ec e-flex e-con-boxed e-con e-parent\" data-id=\"b4211ec\" data-element_type=\"container\">\n\t\t\t\t\t<div class=\"e-con-inner\">\n\t\t<div class=\"elementor-element elementor-element-8fa8bb5 e-con-full e-flex e-con e-child\" data-id=\"8fa8bb5\" data-element_type=\"container\">\n\t\t\t\t<div class=\"elementor-element elementor-element-4ddb4b2 elementor-widget elementor-widget-text-editor\" data-id=\"4ddb4b2\" data-element_type=\"widget\" data-widget_type=\"text-editor.default\">\n\t\t\t\t<div class=\"elementor-widget-container\">\n\t\t\t\t\t\t\t\t\t<p><strong>Imperial Tobacco Sigara ve T\u00fct\u00fcnc\u00fcl\u00fck San. ve Tic. A\u015e olarak,<\/strong><\/p><p>Vizyon, misyon, ilke ve de\u011ferlerimize g\u00f6re olu\u015fturdu\u011fumuz Kalite, \u00c7evre, \u0130\u015f Sa\u011fl\u0131\u011f\u0131 G\u00fcvenli\u011fi ve Enerji Y\u00f6netim Sistemlerinden olu\u015fan Entegre Y\u00f6netim Sistemi ile yasal ve di\u011fer gereklilikler do\u011frultusunda hareket etmeyi, payda\u015flar\u0131m\u0131z\u0131n ihtiya\u00e7 ve beklentilerini kar\u015f\u0131lamay\u0131 ve g\u00fcvenini kazanmay\u0131, topluma, \u00e7evreye ve \u00e7al\u0131\u015fanlar\u0131m\u0131za kar\u015f\u0131 olan sorumluluklar\u0131m\u0131z\u0131 yerine getirmeyi, hizmet kalitemizi s\u00fcrekli iyile\u015ftirmeyi ve s\u00fcrd\u00fcr\u00fclebilir kalk\u0131nmaya katk\u0131da bulunmay\u0131 ama\u00e7l\u0131yoruz.<\/p><p>Bu ama\u00e7 do\u011frultusunda;<\/p><ul><li style=\"list-style-type: none;\"><ul><li>Uymakla ve takip etmekle y\u00fck\u00fcml\u00fc oldu\u011fumuz ITG politikalar\u0131, mevzuat ve uygunluk y\u00fck\u00fcml\u00fcl\u00fcklerimizin gereklerini yerine getirmeyi<\/li><li>M\u00fc\u015fteri odakl\u0131 ve rekabet\u00e7i yakla\u015f\u0131m\u0131m\u0131zla ve m\u00fc\u015fteri \u015fikayetlerini etkin olarak ele alarak, beklentilerini kar\u015f\u0131lamada s\u00fcreklili\u011fi sa\u011flamay\u0131<\/li><li>Kalite planlar\u0131m\u0131z do\u011frultusunda, zaman\u0131nda, optimum maliyetle \u00fcretim yapmay\u0131<\/li><li>Sistematik olarak tehlikeleri belirleyip i\u015f g\u00fcvenli\u011fi risklerini de\u011ferlendirmeyi; bu riskleri ortadan kald\u0131rarak veya etkin bir \u015fekilde kontrol ederek \u2018S\u0131f\u0131r Kaza\u2019 hedefi i\u00e7in \u00e7al\u0131\u015fmay\u0131<\/li><li>\u0130SG K\u00fclt\u00fcr\u00fc\u2019n\u00fc t\u00fcm i\u015f s\u00fcre\u00e7lerine dahil ederek g\u00fcvenli \u00e7al\u0131\u015fma ortam\u0131 sa\u011flamay\u0131<\/li><li>Meslek hastal\u0131klar\u0131n\u0131 \u00f6nlemek i\u00e7in g\u00fcvenli ve sa\u011fl\u0131kl\u0131 \u00e7al\u0131\u015fma ko\u015fullar\u0131 olu\u015fturmay\u0131<\/li><li>\u00c7evreyi korumak i\u00e7in belirlenmi\u015f \u00e7evresel etkilerimiz do\u011frultusunda kirlili\u011fi \u00f6nlemeyi,<\/li><li>Kaynaklar\u0131 verimli kullanmay\u0131; \u00fcr\u00fcnlerimiz, paketleme ve \u00fcretim s\u00fcrecimizle ilgili at\u0131klar\u0131 en aza indirmeyi,<\/li><li>De\u011fer zincirimiz genelinde iklim \u00fczerindeki etkilerimizi azaltmay\u0131<\/li><li>Enerji kaynaklar\u0131n\u0131 verimli kullan\u0131p, yat\u0131r\u0131m ve se\u00e7imlerimizde enerji verimli \u00fcr\u00fcnlere \u00f6ncelik vererek enerji performans\u0131m\u0131z\u0131 artt\u0131rmay\u0131, tasar\u0131m faaliyetlerinde enerji performans\u0131n\u0131 iyile\u015ftirmeye y\u00f6nelik yakla\u015f\u0131mlar\u0131 desteklemeyi<\/li><li>\u00dcr\u00fcn ve hizmetleri s\u00fcrd\u00fcr\u00fclebilir ve sosyal a\u00e7\u0131dan bilin\u00e7li bir \u015fekilde tedarik ederek s\u00fcrekli iyile\u015ftirmeyi sa\u011flamak i\u00e7in tedarik\u00e7ilerle ba\u015far\u0131lar\u0131 ve zorluklar\u0131 tart\u0131\u015fmay\u0131,<\/li><li>\u0130nsan haklar\u0131na sayg\u0131y\u0131 te\u015fvik etmede sahip oldu\u011fumuz \u00f6nemi, etkiyi ve rol\u00fc kabul ederek i\u015f ve tedarik zincirlerimizde fark\u0131ndal\u0131k yaratmay\u0131 ve geli\u015fmeyi<\/li><li>Faaliyet g\u00f6sterdi\u011fimiz t\u00fcketici taban\u0131m\u0131z\u0131 ve topluluklar\u0131m\u0131z\u0131 yans\u0131tan daha \u00e7e\u015fitli ve kapsay\u0131c\u0131 bir organizasyon yaratmay\u0131,<\/li><li>Ama\u00e7lar\u0131m\u0131z\u0131n, hedeflerimizin ve eylem planlar\u0131n\u0131n belirlenmesini i\u00e7eren \u201cPlanla, Yap, Kontrol Et, \u00d6nlem Al\u201d yakla\u015f\u0131m\u0131n\u0131 kullanarak s\u00fcrekli iyile\u015fmeyi ve ba\u015far\u0131y\u0131 yakalamay\u0131<\/li><li>Hedeflerimize ula\u015fmak i\u00e7in gerekli kaynaklar\u0131 ve e\u011fitimleri sa\u011flamay\u0131<\/li><li>\u015eirket hedeflerine ula\u015fmay\u0131 etkileyebilecek risk unsurlar\u0131n\u0131n ve f\u0131rsatlar\u0131n\u0131n kurumsal risk y\u00f6netimi yakla\u015f\u0131m\u0131 kapsam\u0131nda etki ve olas\u0131l\u0131\u011fa g\u00f6re tan\u0131mlamay\u0131, de\u011ferlendirmeyi, izlemeyi ve gerekti\u011finde aksiyon almay\u0131<\/li><li>T\u00fcm \u00e7al\u0131\u015fanlar\u0131m\u0131z\u0131n, Kalite, \u00c7evre, \u0130\u015f Sa\u011fl\u0131\u011f\u0131 G\u00fcvenli\u011fi ve Enerji Y\u00f6netim Sistemleri\u2019nin uygulanmas\u0131na ve geli\u015ftirilmesine katk\u0131 sa\u011flamalar\u0131n\u0131 te\u015fvik ederek g\u00f6r\u00fc\u015flerini almay\u0131 ve a\u00e7\u0131k ileti\u015fim ortam\u0131 yaratarak ilgili faaliyetlerin t\u00fcm \u00e7al\u0131\u015fanlar\u0131n ortak sorumlulu\u011fu oldu\u011fu bilincini yerle\u015ftirmeyi ve bu k\u00fclt\u00fcr\u00fc olu\u015fturmay\u0131<\/li><li>T\u00fcm \u00e7al\u0131\u015fanlar\u0131m\u0131z ile birlikte bu politikan\u0131n gerekliliklerini yerine getirmeyi<\/li><\/ul><\/li><\/ul><p>Taahh\u00fct ederiz.<\/p>\t\t\t\t\t\t\t\t<\/div>\n\t\t\t\t<\/div>\n\t\t\t\t<\/div>\n\t\t\t\t\t<\/div>\n\t\t\t\t<\/div>\n\t\t<div class=\"elementor-element elementor-element-67990f9 e-flex e-con-boxed e-con e-parent\" data-id=\"67990f9\" data-element_type=\"container\">\n\t\t\t\t\t<div class=\"e-con-inner\">\n\t\t\t\t<div class=\"elementor-element elementor-element-eb55500 elementor-widget elementor-widget-image\" data-id=\"eb55500\" data-element_type=\"widget\" data-widget_type=\"image.default\">\n\t\t\t\t<div class=\"elementor-widget-container\">\n\t\t\t\t\t\t\t\t\t\t\t\t\t\t\t\t<a href=\"https:\/\/profaj.co\/imperial\/wp-content\/uploads\/2025\/09\/Imperial_Tobacco_Politika-scaled.jpg\" data-elementor-open-lightbox=\"yes\" data-elementor-lightbox-title=\"Imperial_Tobacco_Politika\" data-e-action-hash=\"#elementor-action%3Aaction%3Dlightbox%26settings%3DeyJpZCI6NDQ5LCJ1cmwiOiJodHRwczpcL1wvcHJvZmFqLmNvXC9pbXBlcmlhbFwvd3AtY29udGVudFwvdXBsb2Fkc1wvMjAyNVwvMDlcL0ltcGVyaWFsX1RvYmFjY29fUG9saXRpa2Etc2NhbGVkLmpwZyJ9\">\n\t\t\t\t\t\t\t<img fetchpriority=\"high\" decoding=\"async\" width=\"2560\" height=\"1707\" src=\"https:\/\/profaj.co\/imperial\/wp-content\/uploads\/2025\/09\/Imperial_Tobacco_Politika-scaled.jpg\" class=\"attachment-full size-full wp-image-449\" alt=\"\" srcset=\"https:\/\/profaj.co\/imperial\/wp-content\/uploads\/2025\/09\/Imperial_Tobacco_Politika-scaled.jpg 2560w, https:\/\/profaj.co\/imperial\/wp-content\/uploads\/2025\/09\/Imperial_Tobacco_Politika-300x200.jpg 300w, https:\/\/profaj.co\/imperial\/wp-content\/uploads\/2025\/09\/Imperial_Tobacco_Politika-1024x683.jpg 1024w, https:\/\/profaj.co\/imperial\/wp-content\/uploads\/2025\/09\/Imperial_Tobacco_Politika-768x512.jpg 768w, https:\/\/profaj.co\/imperial\/wp-content\/uploads\/2025\/09\/Imperial_Tobacco_Politika-1536x1024.jpg 1536w, https:\/\/profaj.co\/imperial\/wp-content\/uploads\/2025\/09\/Imperial_Tobacco_Politika-2048x1366.jpg 2048w\" sizes=\"(max-width: 2560px) 100vw, 2560px\" \/>\t\t\t\t\t\t\t\t<\/a>\n\t\t\t\t\t\t\t\t\t\t\t\t\t\t\t<\/div>\n\t\t\t\t<\/div>\n\t\t\t\t\t<\/div>\n\t\t\t\t<\/div>\n\t\t\t\t<\/div>\n\t\t","protected":false},"excerpt":{"rendered":"<p>Imperial Tobacco Sigara ve T\u00fct\u00fcnc\u00fcl\u00fck San. ve Tic. A\u015e olarak, Vizyon, misyon, ilke ve de\u011ferlerimize g\u00f6re olu\u015fturdu\u011fumuz Kalite, \u00c7evre, \u0130\u015f Sa\u011fl\u0131\u011f\u0131 G\u00fcvenli\u011fi ve Enerji Y\u00f6netim Sistemlerinden olu\u015fan Entegre Y\u00f6netim Sistemi ile yasal ve di\u011fer gereklilikler do\u011frultusunda hareket etmeyi, payda\u015flar\u0131m\u0131z\u0131n ihtiya\u00e7 ve beklentilerini kar\u015f\u0131lamay\u0131 ve g\u00fcvenini kazanmay\u0131, topluma, \u00e7evreye ve \u00e7al\u0131\u015fanlar\u0131m\u0131za kar\u015f\u0131 olan sorumluluklar\u0131m\u0131z\u0131 yerine getirmeyi, [&hellip;]<\/p>\n","protected":false},"author":1,"featured_media":0,"parent":0,"menu_order":0,"comment_status":"closed","ping_status":"closed","template":"","meta":{"footnotes":""},"class_list":["post-446","page","type-page","status-publish","hentry"],"_links":{"self":[{"href":"https:\/\/profaj.co\/imperial\/wp-json\/wp\/v2\/pages\/446","targetHints":{"allow":["GET"]}}],"collection":[{"href":"https:\/\/profaj.co\/imperial\/wp-json\/wp\/v2\/pages"}],"about":[{"href":"https:\/\/profaj.co\/imperial\/wp-json\/wp\/v2\/types\/page"}],"author":[{"embeddable":true,"href":"https:\/\/profaj.co\/imperial\/wp-json\/wp\/v2\/users\/1"}],"replies":[{"embeddable":true,"href":"https:\/\/profaj.co\/imperial\/wp-json\/wp\/v2\/comments?post=446"}],"version-history":[{"count":13,"href":"https:\/\/profaj.co\/imperial\/wp-json\/wp\/v2\/pages\/446\/revisions"}],"predecessor-version":[{"id":599,"href":"https:\/\/profaj.co\/imperial\/wp-json\/wp\/v2\/pages\/446\/revisions\/599"}],"wp:attachment":[{"href":"https:\/\/profaj.co\/imperial\/wp-json\/wp\/v2\/media?parent=446"}],"curies":[{"name":"wp","href":"https:\/\/api.w.org\/{rel}","templated":true}]}}