{"id":478,"date":"2025-09-17T12:19:44","date_gmt":"2025-09-17T12:19:44","guid":{"rendered":"https:\/\/profaj.co\/imperial\/?page_id=478"},"modified":"2025-09-18T06:10:59","modified_gmt":"2025-09-18T06:10:59","slug":"cerez-politikamiz","status":"publish","type":"page","link":"https:\/\/profaj.co\/imperial\/cerez-politikamiz\/","title":{"rendered":"\u00c7erez Politikam\u0131z"},"content":{"rendered":"\t\t<div data-elementor-type=\"wp-page\" data-elementor-id=\"478\" class=\"elementor elementor-478\" data-elementor-post-type=\"page\">\n\t\t\t\t<div class=\"elementor-element elementor-element-6295249 e-flex e-con-boxed e-con e-parent\" data-id=\"6295249\" data-element_type=\"container\">\n\t\t\t\t\t<div class=\"e-con-inner\">\n\t\t<div class=\"elementor-element elementor-element-683df83 e-con-full e-flex e-con e-child\" data-id=\"683df83\" data-element_type=\"container\">\n\t\t\t\t<div class=\"elementor-element elementor-element-e4b5d3b elementor-widget elementor-widget-heading\" data-id=\"e4b5d3b\" data-element_type=\"widget\" data-widget_type=\"heading.default\">\n\t\t\t\t<div class=\"elementor-widget-container\">\n\t\t\t\t\t<h2 class=\"elementor-heading-title elementor-size-default\">\u00c7erez Politikam\u0131z<\/h2>\t\t\t\t<\/div>\n\t\t\t\t<\/div>\n\t\t\t\t<\/div>\n\t\t\t\t\t<\/div>\n\t\t\t\t<\/div>\n\t\t<div class=\"elementor-element elementor-element-b4211ec e-flex e-con-boxed e-con e-parent\" data-id=\"b4211ec\" data-element_type=\"container\">\n\t\t\t\t\t<div class=\"e-con-inner\">\n\t\t<div class=\"elementor-element elementor-element-a7e1b39 e-con-full e-flex e-con e-child\" data-id=\"a7e1b39\" data-element_type=\"container\">\n\t\t<div class=\"elementor-element elementor-element-5e5a093 e-con-full e-flex e-con e-child\" data-id=\"5e5a093\" data-element_type=\"container\">\n\t\t\t\t<div class=\"elementor-element elementor-element-4ddb4b2 elementor-widget elementor-widget-text-editor\" data-id=\"4ddb4b2\" data-element_type=\"widget\" data-widget_type=\"text-editor.default\">\n\t\t\t\t<div class=\"elementor-widget-container\">\n\t\t\t\t\t\t\t\t\t<p data-start=\"119\" data-end=\"540\">Imperial Tobacco T\u00fcrkiye\u2019ye (\u201c\u015eirket\u201d) ait internet sitelerine, elektronik platformlara, uygulamalara veya \u015eirket taraf\u0131ndan g\u00f6nderilen elektronik posta iletilerine ya da reklamlara eri\u015fim s\u0131ras\u0131nda kullan\u0131c\u0131lar\u0131n cihazlar\u0131na (bilgisayar, cep telefonu, tablet vb.) k\u00fc\u00e7\u00fck veri dosyalar\u0131 yerle\u015ftirilebilmektedir. Bu veri dosyalar\u0131 <strong data-start=\"448\" data-end=\"502\">\u00e7erez, piksel tag, flash cookies, web i\u015faret\u00e7ileri<\/strong> veya benzeri teknolojiler olabilir.<\/p><p data-start=\"542\" data-end=\"902\">Bu Politika\u2019da, \u015eirket taraf\u0131ndan kullan\u0131lan t\u00fcm bu teknolojiler <strong data-start=\"607\" data-end=\"618\">\u201c\u00e7erez\u201d<\/strong> olarak an\u0131lmaktad\u0131r. \u00c7erezler arac\u0131l\u0131\u011f\u0131yla ki\u015fisel veri toplanmas\u0131 m\u00fcmk\u00fcn olmakla birlikte, elde edilen her veri ki\u015fisel veri niteli\u011fi ta\u015f\u0131mayabilir. Bu nedenle, yaln\u0131zca T\u00fcrk Hukuku kapsam\u0131nda ki\u015fisel veri te\u015fkil eden veriler, <strong data-start=\"847\" data-end=\"855\">KVKK<\/strong> h\u00fck\u00fcmleri \u00e7er\u00e7evesinde de\u011ferlendirilecektir.<\/p><h4 data-start=\"909\" data-end=\"928\">1. \u00c7erez T\u00fcrleri<\/h4><p data-start=\"930\" data-end=\"1018\">\u00c7erezler <strong data-start=\"939\" data-end=\"958\">s\u00fcre bak\u0131m\u0131ndan<\/strong> veya <strong data-start=\"964\" data-end=\"992\">ait olduklar\u0131 alan ad\u0131na<\/strong> g\u00f6re s\u0131n\u0131fland\u0131r\u0131labilir:<\/p><ul data-start=\"1020\" data-end=\"1387\"><li data-start=\"1020\" data-end=\"1177\"><p data-start=\"1022\" data-end=\"1038\"><strong data-start=\"1022\" data-end=\"1038\">S\u00fcreye g\u00f6re:<\/strong><\/p><ul data-start=\"1041\" data-end=\"1177\"><li data-start=\"1041\" data-end=\"1099\"><p data-start=\"1043\" data-end=\"1099\"><strong data-start=\"1043\" data-end=\"1064\">Oturum \u00c7erezleri:<\/strong> Taray\u0131c\u0131 kapat\u0131ld\u0131\u011f\u0131nda silinir.<\/p><\/li><li data-start=\"1102\" data-end=\"1177\"><p data-start=\"1104\" data-end=\"1177\"><strong data-start=\"1104\" data-end=\"1124\">Kal\u0131c\u0131 \u00c7erezler:<\/strong> \u00d6nceden belirlenen bir s\u00fcre boyunca cihazda kal\u0131r.<\/p><\/li><\/ul><\/li><li data-start=\"1179\" data-end=\"1387\"><p data-start=\"1181\" data-end=\"1201\"><strong data-start=\"1181\" data-end=\"1201\">Alan ad\u0131na g\u00f6re:<\/strong><\/p><ul data-start=\"1204\" data-end=\"1387\"><li data-start=\"1204\" data-end=\"1283\"><p data-start=\"1206\" data-end=\"1283\"><strong data-start=\"1206\" data-end=\"1235\">\u0130li\u015fkili Taraf \u00c7erezleri:<\/strong> Ziyaret edilen alan taraf\u0131ndan yerle\u015ftirilir.<\/p><\/li><li data-start=\"1286\" data-end=\"1387\"><p data-start=\"1288\" data-end=\"1387\"><strong data-start=\"1288\" data-end=\"1314\">\u00dc\u00e7\u00fcnc\u00fc Ki\u015fi \u00c7erezleri:<\/strong> Ziyaret edilen alan d\u0131\u015f\u0131ndaki \u00fc\u00e7\u00fcnc\u00fc ki\u015filer taraf\u0131ndan yerle\u015ftirilir.<\/p><\/li><\/ul><\/li><\/ul><h4 data-start=\"1394\" data-end=\"1428\">2. \u00c7erezlerin Kullan\u0131m Ama\u00e7lar\u0131<\/h4><p data-start=\"1430\" data-end=\"1503\">\u015eirket taraf\u0131ndan kullan\u0131lan \u00e7erezler a\u015fa\u011f\u0131daki ama\u00e7larla kullan\u0131labilir:<\/p><ul data-start=\"1505\" data-end=\"2227\"><li data-start=\"1505\" data-end=\"1719\"><p data-start=\"1507\" data-end=\"1719\"><strong data-start=\"1507\" data-end=\"1534\">a. Operasyonel Ama\u00e7lar:<\/strong><br data-start=\"1534\" data-end=\"1537\" \/>Site, platform, uygulama ve hizmetlerin g\u00fcvenli\u011fi ve y\u00f6netimi i\u00e7in zorunlu \u00e7erezler.<br data-start=\"1623\" data-end=\"1626\" \/>\u00d6rn: Fonksiyonlar\u0131n \u00e7al\u0131\u015fmas\u0131n\u0131 sa\u011flayan veya d\u00fczensiz davran\u0131\u015flar\u0131 tespit eden \u00e7erezler.<\/p><\/li><li data-start=\"1721\" data-end=\"1854\"><p data-start=\"1723\" data-end=\"1854\"><strong data-start=\"1723\" data-end=\"1749\">b. \u0130\u015flevsellik Ama\u00e7l\u0131:<\/strong><br data-start=\"1749\" data-end=\"1752\" \/>Kullan\u0131m\u0131 kolayla\u015ft\u0131rmak ve ki\u015fiselle\u015ftirmek.<br data-start=\"1799\" data-end=\"1802\" \/>\u00d6rn: Kullan\u0131c\u0131 tercihlerini hat\u0131rlatan \u00e7erezler.<\/p><\/li><li data-start=\"1856\" data-end=\"2053\"><p data-start=\"1858\" data-end=\"2053\"><strong data-start=\"1858\" data-end=\"1883\">c. Performans Ama\u00e7l\u0131:<\/strong><br data-start=\"1883\" data-end=\"1886\" \/>Site, uygulama ve hizmetlerin performans\u0131n\u0131 \u00f6l\u00e7mek ve art\u0131rmak.<br data-start=\"1951\" data-end=\"1954\" \/>\u00d6rn: Kullan\u0131c\u0131 davran\u0131\u015flar\u0131n\u0131 analiz eden veya g\u00f6nderilen iletilerle etkile\u015fimi \u00f6l\u00e7en \u00e7erezler.<\/p><\/li><li data-start=\"2055\" data-end=\"2227\"><p data-start=\"2057\" data-end=\"2227\"><strong data-start=\"2057\" data-end=\"2078\">d. Reklam Ama\u00e7l\u0131:<\/strong><br data-start=\"2078\" data-end=\"2081\" \/>\u0130lgi alanlar\u0131na uygun i\u00e7erik ve reklam sunmak.<br data-start=\"2129\" data-end=\"2132\" \/>\u00d6rn: Reklamlar\u0131n etkinli\u011fini \u00f6l\u00e7en veya g\u00f6r\u00fcnt\u00fclenme\/t\u0131klanma say\u0131s\u0131n\u0131 takip eden \u00e7erezler.<\/p><\/li><\/ul><h4 data-start=\"2234\" data-end=\"2267\">3. \u00c7erezleri Reddetme ve Silme<\/h4><p data-start=\"2269\" data-end=\"2417\">Kullan\u0131c\u0131lar diledikleri zaman taray\u0131c\u0131 ayarlar\u0131n\u0131 de\u011fi\u015ftirerek \u00e7erezleri reddedebilir veya silebilir. Y\u00f6ntem, kullan\u0131lan taray\u0131c\u0131ya g\u00f6re de\u011fi\u015fir.<\/p><p data-start=\"2419\" data-end=\"2566\"><strong data-start=\"2419\" data-end=\"2427\">Not:<\/strong> \u00c7erezlerin devre d\u0131\u015f\u0131 b\u0131rak\u0131lmas\u0131, \u015eirket internet sitesi, platform ve uygulamalar\u0131ndaki baz\u0131 \u00f6zelliklerin \u00e7al\u0131\u015fmamas\u0131na neden olabilir.<\/p><h4 data-start=\"2573\" data-end=\"2606\">4. Yetkili Hizmet Sa\u011flay\u0131c\u0131lar<\/h4><p data-start=\"2608\" data-end=\"2883\">\u015eirket, hizmetlerini y\u00fcr\u00fctmek ve tan\u0131tmak amac\u0131yla yetkili hizmet sa\u011flay\u0131c\u0131lardan destek alabilir. Bu sa\u011flay\u0131c\u0131lar da cihazlara \u00fc\u00e7\u00fcnc\u00fc ki\u015fi \u00e7erezleri yerle\u015ftirebilir ve <strong data-start=\"2777\" data-end=\"2853\">IP adresi, benzersiz tan\u0131mlay\u0131c\u0131lar (unique identifier), cihaz bilgileri<\/strong> gibi verileri toplayabilir.<\/p><h4 data-start=\"2890\" data-end=\"2939\">5. \u00dc\u00e7\u00fcnc\u00fc Ki\u015filere Ait Site, \u00dcr\u00fcn ve Hizmetler<\/h4><p data-start=\"2941\" data-end=\"3045\">\u015eirket internet siteleri, \u00fc\u00e7\u00fcnc\u00fc ki\u015filere ait site, \u00fcr\u00fcn ve hizmetlere y\u00f6nlendiren linkler i\u00e7erebilir.<\/p><ul data-start=\"3047\" data-end=\"3269\"><li data-start=\"3047\" data-end=\"3103\"><p data-start=\"3049\" data-end=\"3103\">Bu sitelerin kendi gizlilik politikalar\u0131 ge\u00e7erlidir.<\/p><\/li><li data-start=\"3104\" data-end=\"3176\"><p data-start=\"3106\" data-end=\"3176\">\u015eirket, \u00fc\u00e7\u00fcnc\u00fc ki\u015filerin gizlilik uygulamalar\u0131ndan sorumlu de\u011fildir.<\/p><\/li><li data-start=\"3177\" data-end=\"3269\"><p data-start=\"3179\" data-end=\"3269\">Kullan\u0131c\u0131lara, y\u00f6nlendirilen sitelerin gizlilik politikalar\u0131n\u0131 okumalar\u0131 tavsiye edilir.<\/p><\/li><\/ul>\t\t\t\t\t\t\t\t<\/div>\n\t\t\t\t<\/div>\n\t\t\t\t<\/div>\n\t\t\t\t<\/div>\n\t\t\t\t\t<\/div>\n\t\t\t\t<\/div>\n\t\t\t\t<\/div>\n\t\t","protected":false},"excerpt":{"rendered":"<p>Imperial Tobacco T\u00fcrkiye\u2019ye (\u201c\u015eirket\u201d) ait internet sitelerine, elektronik platformlara, uygulamalara veya \u015eirket taraf\u0131ndan g\u00f6nderilen elektronik posta iletilerine ya da reklamlara eri\u015fim s\u0131ras\u0131nda kullan\u0131c\u0131lar\u0131n cihazlar\u0131na (bilgisayar, cep telefonu, tablet vb.) k\u00fc\u00e7\u00fck veri dosyalar\u0131 yerle\u015ftirilebilmektedir. Bu veri dosyalar\u0131 \u00e7erez, piksel tag, flash cookies, web i\u015faret\u00e7ileri veya benzeri teknolojiler olabilir. Bu Politika\u2019da, \u015eirket taraf\u0131ndan kullan\u0131lan t\u00fcm bu teknolojiler [&hellip;]<\/p>\n","protected":false},"author":1,"featured_media":0,"parent":0,"menu_order":0,"comment_status":"closed","ping_status":"closed","template":"","meta":{"footnotes":""},"class_list":["post-478","page","type-page","status-publish","hentry"],"_links":{"self":[{"href":"https:\/\/profaj.co\/imperial\/wp-json\/wp\/v2\/pages\/478","targetHints":{"allow":["GET"]}}],"collection":[{"href":"https:\/\/profaj.co\/imperial\/wp-json\/wp\/v2\/pages"}],"about":[{"href":"https:\/\/profaj.co\/imperial\/wp-json\/wp\/v2\/types\/page"}],"author":[{"embeddable":true,"href":"https:\/\/profaj.co\/imperial\/wp-json\/wp\/v2\/users\/1"}],"replies":[{"embeddable":true,"href":"https:\/\/profaj.co\/imperial\/wp-json\/wp\/v2\/comments?post=478"}],"version-history":[{"count":7,"href":"https:\/\/profaj.co\/imperial\/wp-json\/wp\/v2\/pages\/478\/revisions"}],"predecessor-version":[{"id":578,"href":"https:\/\/profaj.co\/imperial\/wp-json\/wp\/v2\/pages\/478\/revisions\/578"}],"wp:attachment":[{"href":"https:\/\/profaj.co\/imperial\/wp-json\/wp\/v2\/media?parent=478"}],"curies":[{"name":"wp","href":"https:\/\/api.w.org\/{rel}","templated":true}]}}