{"id":606,"date":"2025-09-18T11:34:44","date_gmt":"2025-09-18T11:34:44","guid":{"rendered":"https:\/\/profaj.co\/imperial\/?page_id=606"},"modified":"2025-09-18T11:36:23","modified_gmt":"2025-09-18T11:36:23","slug":"kisisel-verilerin-korunmasi-kanunu","status":"publish","type":"page","link":"https:\/\/profaj.co\/imperial\/kisisel-verilerin-korunmasi-kanunu\/","title":{"rendered":"Ki\u015fisel Verilerin Korunmas\u0131 Kanunu"},"content":{"rendered":"\t\t<div data-elementor-type=\"wp-page\" data-elementor-id=\"606\" class=\"elementor elementor-606\" data-elementor-post-type=\"page\">\n\t\t\t\t<div class=\"elementor-element elementor-element-6295249 e-flex e-con-boxed e-con e-parent\" data-id=\"6295249\" data-element_type=\"container\">\n\t\t\t\t\t<div class=\"e-con-inner\">\n\t\t<div class=\"elementor-element elementor-element-683df83 e-con-full e-flex e-con e-child\" data-id=\"683df83\" data-element_type=\"container\">\n\t\t\t\t<div class=\"elementor-element elementor-element-e4b5d3b elementor-widget elementor-widget-heading\" data-id=\"e4b5d3b\" data-element_type=\"widget\" data-widget_type=\"heading.default\">\n\t\t\t\t<div class=\"elementor-widget-container\">\n\t\t\t\t\t<h2 class=\"elementor-heading-title elementor-size-default\">Ki\u015fisel Verilerin Korunmas\u0131 Kanunu<\/h2>\t\t\t\t<\/div>\n\t\t\t\t<\/div>\n\t\t\t\t<\/div>\n\t\t\t\t\t<\/div>\n\t\t\t\t<\/div>\n\t\t<div class=\"elementor-element elementor-element-b4211ec e-flex e-con-boxed e-con e-parent\" data-id=\"b4211ec\" data-element_type=\"container\">\n\t\t\t\t\t<div class=\"e-con-inner\">\n\t\t<div class=\"elementor-element elementor-element-a7e1b39 e-con-full e-flex e-con e-child\" data-id=\"a7e1b39\" data-element_type=\"container\">\n\t\t<div class=\"elementor-element elementor-element-5e5a093 e-con-full e-flex e-con e-child\" data-id=\"5e5a093\" data-element_type=\"container\">\n\t\t\t\t<div class=\"elementor-element elementor-element-4ddb4b2 elementor-widget elementor-widget-text-editor\" data-id=\"4ddb4b2\" data-element_type=\"widget\" data-widget_type=\"text-editor.default\">\n\t\t\t\t<div class=\"elementor-widget-container\">\n\t\t\t\t\t\t\t\t\t<p class=\"p4\">Imperial Tobacco T\u00fcrkiye olarak ki\u015fisel verilerinizin g\u00fcvenli\u011fi hususuna azami hassasiyet g\u00f6stermekteyiz. Bu bilin\u00e7le, \u015eirket olarak, \u015eirkete ili\u015fkin t\u00fcm \u015fah\u0131slara ait her t\u00fcrl\u00fc ki\u015fisel verilerin 6698 Say\u0131l\u0131 Ki\u015fisel Verilerin Korunmas\u0131 Kanunu (\u201cKVKK\u201d)\u2019na uygun olarak i\u015flenerek, muhafaza edilmesine b\u00fcy\u00fck \u00f6nem atfetmekteyiz.<span class=\"Apple-converted-space\">\u00a0<\/span><\/p><p class=\"p4\">Bu sorumlulu\u011fumuzun tam idraki ile KVKK kapsam\u0131nda tan\u0131ml\u0131 \u201cVeri Sorumlusu\u201d s\u0131fat\u0131yla Imperial Tobacco T\u00fcrkiye, ki\u015fisel verilerinizi a\u015fa\u011f\u0131da izah edildi\u011fi surette ve mevzuat taraf\u0131ndan emredilen s\u0131n\u0131rlar \u00e7er\u00e7evesinde i\u015flemekteyiz.<span class=\"Apple-converted-space\">\u00a0<\/span><\/p><p class=\"p4\">\u0130\u015fbu ayd\u0131nlatma metninde ge\u00e7en;<span class=\"Apple-converted-space\">\u00a0<\/span><\/p><p class=\"p5\"><b>Ki\u015fisel Veri: <\/b>Kimli\u011fi belirli veya belirlenebilir ger\u00e7ek ki\u015fiye ili\u015fkin her t\u00fcrl\u00fc bilgiyi,<span class=\"Apple-converted-space\">\u00a0<\/span><\/p><p class=\"p5\"><b>Ki\u015fisel Verilerin Korunmas\u0131 Kanunu (\u201cKVKK\u201d): <\/b>07.04.2016 tarihinde Resm\u00ee Gazete\u2019de yay\u0131mlara y\u00fcr\u00fcrl\u00fc\u011fe giren 6698 Say\u0131l\u0131 Ki\u015fisel Verilerin Korunmas\u0131 Kanunu\u2019nu,<span class=\"Apple-converted-space\">\u00a0<\/span><\/p><p class=\"p5\"><b>Veri Sorumlusu: <\/b>Ki\u015fisel verilerin i\u015fleme ama\u00e7lar\u0131n\u0131 ve vas\u0131talar\u0131n\u0131 belirleyen, veri kay\u0131t sisteminin kurulmas\u0131ndan ve y\u00f6netilmesinden sorunlu olan ger\u00e7ek veya t\u00fczel ki\u015fiyi,<span class=\"Apple-converted-space\">\u00a0<\/span><\/p><p class=\"p4\"><b>Veri \u0130\u015fleyen: <\/b>Veri Sorumlusunun verdi\u011fi yetkiye dayanarak onun ad\u0131na Ki\u015fisel verileri i\u015fleyen ger\u00e7ek veya t\u00fczel ki\u015fiyi ifade eder.<span class=\"Apple-converted-space\">\u00a0<\/span><\/p><p class=\"p4\"><b>Veri Sorumlusu :<span class=\"Apple-converted-space\">\u00a0<\/span><\/b><\/p><p class=\"p4\">KVKK uyar\u0131nca muhatap, tedarik\u00e7i, m\u00fc\u015fteri, \u00e7al\u0131\u015fan, stajyer, ziyaret\u00e7i vb. s\u0131fatlar\u0131 ile payla\u015ft\u0131\u011f\u0131n\u0131z ki\u015fisel verileriniz, veri sorumlusu olarak belirlenen Imperial Tobacco T\u00fcrkiye t\u00fczel ki\u015fili\u011fi taraf\u0131ndan a\u015fa\u011f\u0131da belirtilen kapsamda de\u011ferlendirilecektir.<span class=\"Apple-converted-space\">\u00a0<\/span><\/p><p class=\"p4\"><b>1. Ki\u015fisel Verilerin Toplanmas\u0131, \u0130\u015flenmesi ve \u0130\u015fletme Ama\u00e7lar\u0131<span class=\"Apple-converted-space\">\u00a0<\/span><\/b><\/p><p class=\"p4\">Ki\u015fisel verileriniz, \u015eirketimiz ile aran\u0131zdaki ili\u015fkiye ba\u011fl\u0131 olarak de\u011fi\u015fkenlik g\u00f6sterebilmekle birlikte; otomatik ya da otomatik olmayan y\u00f6ntemlerle, \u015eirketimiz birimleri, internet sitesi, sosyal medya mecralar\u0131, mobil uygulamalar ve benzeri vas\u0131talarla s\u00f6zl\u00fc, yaz\u0131l\u0131 ya da elektronik olarak toplanabilecektir. Ki\u015fisel verileriniz, \u015eirketimiz ile ili\u015fkiniz devam etti\u011fi m\u00fcddet\u00e7e olu\u015fturulacak ve g\u00fcncellenerek i\u015flenebilecektir.<span class=\"Apple-converted-space\">\u00a0<\/span><\/p><p class=\"p4\">Toplanan ki\u015fisel verileriniz, \u015eirketimiz hizmetlerinden faydalanman\u0131z i\u00e7in gerekli \u00e7al\u0131\u015fmalar\u0131n ilgili i\u015f birimleri taraf\u0131ndan yap\u0131lmas\u0131, \u015eirketimizin ve \u015eirketimizle i\u015f ili\u015fkisi i\u00e7erisinde olan ki\u015filerin hukuki ve ticari g\u00fcvenli\u011finin temini, \u015eirketimizin stratejilerinin belirlenmesi ve uygulanmas\u0131 ve \u015eirketimizin insan kaynaklar\u0131 politikalar\u0131n\u0131n y\u00fcr\u00fct\u00fclmesin temini ama\u00e7lar\u0131yla KVKK\u2019n\u0131n 5. ve 6. Maddelerinde belirtilen ki\u015fisel verileri i\u015fleme \u015fartlar\u0131 ve ama\u00e7lar\u0131 uyar\u0131nca,<span class=\"Apple-converted-space\">\u00a0<\/span><\/p><p class=\"p7\">Hukuka ve d\u00fcr\u00fcstl\u00fck kurallar\u0131na uygun,<span class=\"Apple-converted-space\">\u00a0<\/span><\/p><p class=\"p7\">Do\u011fru ve gerekti\u011finde g\u00fcncel,<span class=\"Apple-converted-space\">\u00a0<\/span><\/p><p class=\"p4\">Belirli, a\u00e7\u0131k ve me\u015fru ama\u00e7lar i\u00e7in,<span class=\"Apple-converted-space\">\u00a0<\/span><\/p><p class=\"p7\">\u0130\u015flendikleri ama\u00e7la ba\u011flant\u0131l\u0131, s\u0131n\u0131rl\u0131 ve \u00f6l\u00e7\u00fcl\u00fc,<span class=\"Apple-converted-space\">\u00a0<\/span><\/p><p class=\"p4\">\u0130lgili mevzuatta \u00f6ng\u00f6r\u00fclen veya i\u015flendikleri ama\u00e7 i\u00e7in gerekli olan s\u00fcre kadar muhafaza edilme,<span class=\"Apple-converted-space\">\u00a0<\/span><\/p><p class=\"p4\">Kurallar\u0131na uygun bir \u015fekilde i\u015flenecektir.<span class=\"Apple-converted-space\">\u00a0<\/span><\/p><p class=\"p4\"><b>2. \u0130\u015flenen Ki\u015fisel Verilerin Kimlere ve Hangi Ama\u00e7la Aktar\u0131labilece\u011fi :<span class=\"Apple-converted-space\">\u00a0<\/span><\/b><\/p><p class=\"p4\">Toplanan ki\u015fisel verileriniz; \u015eirketimiz hizmetlerinden faydalanman\u0131z i\u00e7in gerekli \u00e7al\u0131\u015fmalar\u0131n ilgili i\u015f birimleri taraf\u0131ndan yap\u0131lmas\u0131, \u015eirketimizin ve \u015eirketimizle i\u015f ili\u015fkisi i\u00e7erisinde olan ki\u015filerin hukuki ve ticari g\u00fcvenli\u011finin temini, \u015eirketimizin ticari ve i\u015f stratejilerinin belirlenmesi ve uygulanmas\u0131 ile \u015eirketimizin insan kaynaklar\u0131 politikalar\u0131n\u0131n y\u00fcr\u00fct\u00fclmesinin temini ama\u00e7lar\u0131yla i\u015f ortaklar\u0131m\u0131za, tedarik\u00e7ilerimize, kanunen yetkili kamu kurumlar\u0131 ve \u00f6zel ki\u015filere KVKK\u2019n\u0131n 8. ve 9. Maddelerinde belirtilen ki\u015fisel veri i\u015fleme \u015fartlar\u0131 ve ama\u00e7lar\u0131 \u00e7er\u00e7evesinde aktar\u0131labilecektir.<span class=\"Apple-converted-space\">\u00a0<\/span><\/p><p class=\"p4\"><b>3. Ki\u015fisel Veri Toplaman\u0131n Y\u00f6ntemi ve Hukuki Sebebi :<span class=\"Apple-converted-space\">\u00a0<\/span><\/b><\/p><p class=\"p4\">Ki\u015fisel verileriniz, her t\u00fcrl\u00fc s\u00f6zl\u00fc, yaz\u0131l\u0131 ya da elektronik ortamda, yukar\u0131da yer verilen ama\u00e7lar do\u011frultusunda hizmetlerimizin sunulabilmesi ve bu kapsamda \u015eirketimizin s\u00f6zle\u015fme ve yasadan do\u011fan mesuliyetlerini eksiksiz ve do\u011fru bir \u015fekilde yerine getirilebilmesi gayesi ile edinilir. Bu hukuki sebeple toplanan ki\u015fisel verileriniz KVKK\u2019n\u0131n 5. ve 6. maddelerinde belirtilen ki\u015fisel veri i\u015fleme \u015fartlar\u0131 ve ama\u00e7lar\u0131 kapsam\u0131nda bu metnin (1) ve (2) numaral\u0131 maddelerinde belirtilen ama\u00e7larla da i\u015flenebilmekte ve aktar\u0131labilmektedir.<span class=\"Apple-converted-space\">\u00a0<\/span><\/p><p class=\"p4\"><b>4. Ki\u015fisel Veri Sahibinin KVKK\u2019 n\u0131n 11. Maddesinde Say\u0131lan Haklar\u0131 :<span class=\"Apple-converted-space\">\u00a0<\/span><\/b><\/p><p class=\"p4\">Ki\u015fisel veri sahipleri olarak, haklar\u0131n\u0131za ili\u015fkin taleplerinizi, a\u015fa\u011f\u0131da d\u00fczenlenen y\u00f6ntemlerle \u015eirketimize iletmeniz durumunda \u015eirketimiz talebin niteli\u011fine g\u00f6re en ge\u00e7 30 g\u00fcn i\u00e7erisinde \u00fccretsiz olarak sonu\u00e7land\u0131racakt\u0131r. Ancak, Ki\u015fisel Verileri Korumu Kurulu\u2019nca bir \u00fccret \u00f6ng\u00f6r\u00fclmesi halinde, \u015eirketimiz taraf\u0131ndan belirlenen tarifedeki \u00fccret al\u0131nacakt\u0131r. Bu kapsamda ki\u015fisel veri sahipleri;<span class=\"Apple-converted-space\">\u00a0<\/span><\/p><p class=\"p8\"><b>a- <\/b>Ki\u015fisel veri i\u015flenip i\u015flenmedi\u011fini \u00f6\u011frenme,<span class=\"Apple-converted-space\">\u00a0<\/span><\/p><p class=\"p8\"><b>b- <\/b>Ki\u015fisel veri i\u015flenmi\u015fse buna ili\u015fkin bilgi talep etme,<span class=\"Apple-converted-space\">\u00a0<\/span><\/p><p class=\"p8\"><b>c- <\/b>Ki\u015fisel verilerin i\u015flenme amac\u0131 ve bunlar\u0131n amac\u0131na uygun kullan\u0131l\u0131p kullan\u0131lmad\u0131\u011f\u0131n\u0131 \u00f6\u011frenme,<span class=\"Apple-converted-space\">\u00a0<\/span><\/p><p class=\"p8\"><b>d- <\/b>Yurt i\u00e7inde ve yurt d\u0131\u015f\u0131nda ki\u015fisel verilerin aktar\u0131ld\u0131\u011f\u0131 \u00fc\u00e7\u00fcnc\u00fc ki\u015fileri bilme,<span class=\"Apple-converted-space\">\u00a0<\/span><\/p><p class=\"p8\"><b>e- <\/b>Ki\u015fisel verilerin eksik veya yanl\u0131\u015f i\u015flenmi\u015f olmas\u0131 halinde bunlar\u0131n d\u00fczeltilmesini isteme,<span class=\"Apple-converted-space\">\u00a0<\/span><\/p><p class=\"p8\"><b>f- <\/b>KVKK 7. Maddesinde \u00f6ng\u00f6r\u00fclen \u015fartlar \u00e7er\u00e7evesinde ki\u015fisel verilerin silinmesi veya yok edilmesini isteme,<span class=\"Apple-converted-space\">\u00a0<\/span><\/p><p class=\"p8\"><b>g- <\/b>(e) ve (f) bentleri uyar\u0131nca yap\u0131lan i\u015flemlerin, ki\u015fisel verilerin aktar\u0131ld\u0131\u011f\u0131 \u00fc\u00e7\u00fcnc\u00fc ki\u015filere bildirilmesini isteme,<span class=\"Apple-converted-space\">\u00a0<\/span><\/p><p class=\"p4\"><b>h- <\/b>\u0130\u015flenen verilerin m\u00fcnhas\u0131ran otomatik sistemler vas\u0131tas\u0131yla analiz edilmesi suretiyle ki\u015finin kendisi aleyhine bir sonucun ortaya \u00e7\u0131kmas\u0131na itiraz etme,<span class=\"Apple-converted-space\">\u00a0<\/span><\/p><p class=\"p4\"><b>i- <\/b>Ki\u015fisel verilerin kanuna ayk\u0131r\u0131 olarak i\u015flenmesi sebebiyle zarara u\u011framas\u0131 halinde zarar\u0131n giderilmesini talep etme haklar\u0131na sahiptir.<span class=\"Apple-converted-space\">\u00a0<\/span><\/p><p class=\"p4\">KVKK\u2019 n\u0131n 13. Maddesinin 1. F\u0131kras\u0131 gere\u011fince, yukar\u0131da belirtilen haklar\u0131n\u0131z\u0131 kullanmak ile ilgili talebinizi, yaz\u0131l\u0131 veya ki\u015fisel verileri Koruma Kurulu\u2019nun belirledi\u011fi di\u011fer y\u00f6ntemlerle \u015eirketimize iletebilirsiniz. Ki\u015fisel Verileri Koruma Kurulu, \u015fu a\u015famada herhangi bir y\u00f6ntem belirlemedi\u011fi i\u00e7in, ba\u015fvurunuz, KVKK gere\u011fince, yaz\u0131l\u0131 olarak \u015eirketimize iletmeniz gerekmektedir. Bu \u00e7er\u00e7evede \u015eirketimize KVKK\u2019 n\u0131n 11. Maddesi kapsam\u0131nda yapaca\u011f\u0131n\u0131z ba\u015fvurularda yaz\u0131l\u0131 olarak ba\u015fvurunuzu iletece\u011finiz kanallar ve usuller a\u015fa\u011f\u0131da a\u00e7\u0131klanmaktad\u0131r.<span class=\"Apple-converted-space\">\u00a0<\/span><\/p><p class=\"p4\">Yukar\u0131da belirtilen haklar\u0131n\u0131z\u0131 kullanmak ve kimli\u011finizi tespit edici gerekli bilgiler ile KVKK\u2019 n\u0131n 11. Maddesinde belirtilen haklardan kullanmay\u0131 talep etti\u011finiz hakk\u0131n\u0131za y\u00f6nelik a\u00e7\u0131klamalar\u0131n\u0131z\u0131 i\u00e7eren talebinizi, a\u00e7\u0131k ve anla\u015f\u0131l\u0131r bir \u015fekilde ve kimlik ve adres bilgilerini tespit edici belgeleri de ekleyerek, yaz\u0131l\u0131 ve \u0131slak imzal\u0131 olarak elden, postayla ya da noter kanal\u0131yla <span class=\"s2\">kvkk@tr.imptob.com <\/span>veya Ke\u00e7ilik\u00f6y OSB Mahallesi Ahmet T\u00fct\u00fcnc\u00fco\u011flu Caddesi No:11 MOSB 3.K\u0131s\u0131m Yunusemre \/ Manisa adresine ula\u015ft\u0131rman\u0131z gerekmektedir.<span class=\"Apple-converted-space\">\u00a0<\/span><\/p><p class=\"p4\">Sayg\u0131lar\u0131m\u0131zla<span class=\"Apple-converted-space\">\u00a0<\/span><\/p><p class=\"p4\">Imperial Tobacco T\u00fcrkiye<span class=\"Apple-converted-space\">\u00a0<\/span><\/p>\t\t\t\t\t\t\t\t<\/div>\n\t\t\t\t<\/div>\n\t\t\t\t<\/div>\n\t\t\t\t<\/div>\n\t\t\t\t\t<\/div>\n\t\t\t\t<\/div>\n\t\t\t\t<\/div>\n\t\t","protected":false},"excerpt":{"rendered":"<p>Imperial Tobacco T\u00fcrkiye olarak ki\u015fisel verilerinizin g\u00fcvenli\u011fi hususuna azami hassasiyet g\u00f6stermekteyiz. Bu bilin\u00e7le, \u015eirket olarak, \u015eirkete ili\u015fkin t\u00fcm \u015fah\u0131slara ait her t\u00fcrl\u00fc ki\u015fisel verilerin 6698 Say\u0131l\u0131 Ki\u015fisel Verilerin Korunmas\u0131 Kanunu (\u201cKVKK\u201d)\u2019na uygun olarak i\u015flenerek, muhafaza edilmesine b\u00fcy\u00fck \u00f6nem atfetmekteyiz.\u00a0 Bu sorumlulu\u011fumuzun tam idraki ile KVKK kapsam\u0131nda tan\u0131ml\u0131 \u201cVeri Sorumlusu\u201d s\u0131fat\u0131yla Imperial Tobacco T\u00fcrkiye, ki\u015fisel verilerinizi [&hellip;]<\/p>\n","protected":false},"author":1,"featured_media":0,"parent":0,"menu_order":0,"comment_status":"closed","ping_status":"closed","template":"","meta":{"footnotes":""},"class_list":["post-606","page","type-page","status-publish","hentry"],"_links":{"self":[{"href":"https:\/\/profaj.co\/imperial\/wp-json\/wp\/v2\/pages\/606","targetHints":{"allow":["GET"]}}],"collection":[{"href":"https:\/\/profaj.co\/imperial\/wp-json\/wp\/v2\/pages"}],"about":[{"href":"https:\/\/profaj.co\/imperial\/wp-json\/wp\/v2\/types\/page"}],"author":[{"embeddable":true,"href":"https:\/\/profaj.co\/imperial\/wp-json\/wp\/v2\/users\/1"}],"replies":[{"embeddable":true,"href":"https:\/\/profaj.co\/imperial\/wp-json\/wp\/v2\/comments?post=606"}],"version-history":[{"count":7,"href":"https:\/\/profaj.co\/imperial\/wp-json\/wp\/v2\/pages\/606\/revisions"}],"predecessor-version":[{"id":613,"href":"https:\/\/profaj.co\/imperial\/wp-json\/wp\/v2\/pages\/606\/revisions\/613"}],"wp:attachment":[{"href":"https:\/\/profaj.co\/imperial\/wp-json\/wp\/v2\/media?parent=606"}],"curies":[{"name":"wp","href":"https:\/\/api.w.org\/{rel}","templated":true}]}}