{"id":786,"date":"2024-12-24T10:21:36","date_gmt":"2024-12-24T10:21:36","guid":{"rendered":"https:\/\/profaj.co\/izka2\/?page_id=786"},"modified":"2025-01-06T11:34:23","modified_gmt":"2025-01-06T11:34:23","slug":"hakkimizda","status":"publish","type":"page","link":"https:\/\/profaj.co\/izka2\/hakkimizda\/","title":{"rendered":"Hakk\u0131m\u0131zda"},"content":{"rendered":"\t\t<div data-elementor-type=\"wp-page\" data-elementor-id=\"786\" class=\"elementor elementor-786\" data-elementor-post-type=\"page\">\n\t\t\t\t<div class=\"elementor-element elementor-element-d8d5018 e-flex e-con-boxed e-con e-parent\" data-id=\"d8d5018\" data-element_type=\"container\" data-settings=\"{&quot;background_background&quot;:&quot;classic&quot;}\">\n\t\t\t\t\t<div class=\"e-con-inner\">\n\t\t\t\t<div class=\"elementor-element elementor-element-3fc92cb elementor-widget elementor-widget-heading\" data-id=\"3fc92cb\" data-element_type=\"widget\" data-widget_type=\"heading.default\">\n\t\t\t\t<div class=\"elementor-widget-container\">\n\t\t\t\t\t<h2 class=\"elementor-heading-title elementor-size-default\">Hakk\u0131m\u0131zda<\/h2>\t\t\t\t<\/div>\n\t\t\t\t<\/div>\n\t\t\t\t\t<\/div>\n\t\t\t\t<\/div>\n\t\t<div class=\"elementor-element elementor-element-95a38d1 e-flex e-con-boxed e-con e-parent\" data-id=\"95a38d1\" data-element_type=\"container\">\n\t\t\t\t\t<div class=\"e-con-inner\">\n\t\t<div class=\"elementor-element elementor-element-e96b3c8 e-con-full e-flex e-con e-child\" data-id=\"e96b3c8\" data-element_type=\"container\">\n\t\t\t\t<div class=\"elementor-element elementor-element-b4fbc38 elementor-widget elementor-widget-video\" data-id=\"b4fbc38\" data-element_type=\"widget\" data-settings=\"{&quot;video_type&quot;:&quot;hosted&quot;,&quot;start&quot;:0,&quot;autoplay&quot;:&quot;yes&quot;,&quot;play_on_mobile&quot;:&quot;yes&quot;,&quot;mute&quot;:&quot;yes&quot;,&quot;loop&quot;:&quot;yes&quot;}\" data-widget_type=\"video.default\">\n\t\t\t\t<div class=\"elementor-widget-container\">\n\t\t\t\t\t\t\t<div class=\"e-hosted-video elementor-wrapper elementor-open-inline\">\n\t\t\t\t\t<video class=\"elementor-video\" src=\"https:\/\/profaj.co\/izka2\/wp-content\/uploads\/2025\/01\/web-video-kare.mp4\" autoplay=\"\" loop=\"\" muted=\"muted\" playsinline=\"\" controlsList=\"nodownload\"><\/video>\n\t\t\t\t<\/div>\n\t\t\t\t\t\t<\/div>\n\t\t\t\t<\/div>\n\t\t<div class=\"elementor-element elementor-element-5455081 e-con-full e-flex e-con e-child\" data-id=\"5455081\" data-element_type=\"container\">\n\t\t<div class=\"elementor-element elementor-element-2a0f710 e-con-full e-flex e-con e-child\" data-id=\"2a0f710\" data-element_type=\"container\">\n\t\t\t\t<div class=\"elementor-element elementor-element-6bd8516 elementor-widget elementor-widget-jkit_fun_fact\" data-id=\"6bd8516\" data-element_type=\"widget\" data-widget_type=\"jkit_fun_fact.default\">\n\t\t\t\t<div class=\"elementor-widget-container\">\n\t\t\t\t\t<div  class=\"jeg-elementor-kit jkit-fun-fact align-center hover-from-left elementor-animation- jeg_module___69fb1954724a3\" ><div class=fun-fact-inner>\n            <div class=\"content\">\n                <div class=\"number-wrapper\"><span class=\"prefix\"><\/span>\n        <span class=\"number\" data-value=\"35\" data-animation-duration=\"3500\">0<\/span>\n        <span class=\"suffix\">+<\/span><\/div>\n                <h3 class=\"title\">Y\u0131ll\u0131k Deneyim<\/h3>\n            <\/div>\n        <\/div><\/div>\t\t\t\t<\/div>\n\t\t\t\t<\/div>\n\t\t\t\t<\/div>\n\t\t<div class=\"elementor-element elementor-element-e49ea8c e-con-full e-flex e-con e-child\" data-id=\"e49ea8c\" data-element_type=\"container\">\n\t\t\t\t<div class=\"elementor-element elementor-element-641471a elementor-widget elementor-widget-jkit_fun_fact\" data-id=\"641471a\" data-element_type=\"widget\" data-widget_type=\"jkit_fun_fact.default\">\n\t\t\t\t<div class=\"elementor-widget-container\">\n\t\t\t\t\t<div  class=\"jeg-elementor-kit jkit-fun-fact align-center hover-from-left elementor-animation- jeg_module__1_69fb195472a8b\" ><div class=fun-fact-inner>\n            <div class=\"content\">\n                <div class=\"number-wrapper\"><span class=\"prefix\"><\/span>\n        <span class=\"number\" data-value=\"1000\" data-animation-duration=\"3500\">0<\/span>\n        <span class=\"suffix\">+<\/span><\/div>\n                <h3 class=\"title\">Tamamlanan Proje<\/h3>\n            <\/div>\n        <\/div><\/div>\t\t\t\t<\/div>\n\t\t\t\t<\/div>\n\t\t\t\t<\/div>\n\t\t\t\t<\/div>\n\t\t<div class=\"elementor-element elementor-element-f4e8c67 e-con-full e-flex e-con e-child\" data-id=\"f4e8c67\" data-element_type=\"container\">\n\t\t<div class=\"elementor-element elementor-element-fb0a0a4 e-con-full e-flex e-con e-child\" data-id=\"fb0a0a4\" data-element_type=\"container\">\n\t\t\t\t<div class=\"elementor-element elementor-element-a9fa704 elementor-widget elementor-widget-jkit_fun_fact\" data-id=\"a9fa704\" data-element_type=\"widget\" data-widget_type=\"jkit_fun_fact.default\">\n\t\t\t\t<div class=\"elementor-widget-container\">\n\t\t\t\t\t<div  class=\"jeg-elementor-kit jkit-fun-fact align-center hover-from-left elementor-animation- jeg_module__2_69fb195472ffc\" ><div class=fun-fact-inner>\n            <div class=\"content\">\n                <div class=\"number-wrapper\"><span class=\"prefix\"><\/span>\n        <span class=\"number\" data-value=\"100\" data-animation-duration=\"3500\">0<\/span>\n        <span class=\"suffix\">+<\/span><\/div>\n                <h3 class=\"title\">S\u00fcrd\u00fcr\u00fclebilir Proje<\/h3>\n            <\/div>\n        <\/div><\/div>\t\t\t\t<\/div>\n\t\t\t\t<\/div>\n\t\t\t\t<\/div>\n\t\t<div class=\"elementor-element elementor-element-02a0dc1 e-con-full e-flex e-con e-child\" data-id=\"02a0dc1\" data-element_type=\"container\">\n\t\t\t\t<div class=\"elementor-element elementor-element-d7ac785 elementor-widget elementor-widget-jkit_fun_fact\" data-id=\"d7ac785\" data-element_type=\"widget\" data-widget_type=\"jkit_fun_fact.default\">\n\t\t\t\t<div class=\"elementor-widget-container\">\n\t\t\t\t\t<div  class=\"jeg-elementor-kit jkit-fun-fact align-center hover-from-left elementor-animation- jeg_module__3_69fb195473543\" ><div class=fun-fact-inner>\n            <div class=\"content\">\n                <div class=\"number-wrapper\"><span class=\"prefix\"><\/span>\n        <span class=\"number\" data-value=\"100\" data-animation-duration=\"3500\">0<\/span>\n        <span class=\"suffix\">%<\/span><\/div>\n                <h3 class=\"title\">M\u00fc\u015fteri Memnuniyeti<\/h3>\n            <\/div>\n        <\/div><\/div>\t\t\t\t<\/div>\n\t\t\t\t<\/div>\n\t\t\t\t<\/div>\n\t\t\t\t<\/div>\n\t\t\t\t<\/div>\n\t\t<div class=\"elementor-element elementor-element-e71efa9 e-con-full e-flex e-con e-child\" data-id=\"e71efa9\" data-element_type=\"container\">\n\t\t<div class=\"elementor-element elementor-element-358cbf3 e-con-full e-flex e-con e-child\" data-id=\"358cbf3\" data-element_type=\"container\">\n\t\t<div class=\"elementor-element elementor-element-fb39f05 e-con-full e-flex elementor-invisible e-con e-child\" data-id=\"fb39f05\" data-element_type=\"container\" data-settings=\"{&quot;background_background&quot;:&quot;classic&quot;,&quot;animation&quot;:&quot;fadeInRight&quot;}\">\n\t\t\t\t<div class=\"elementor-element elementor-element-10ae41b elementor-widget elementor-widget-heading\" data-id=\"10ae41b\" data-element_type=\"widget\" data-widget_type=\"heading.default\">\n\t\t\t\t<div class=\"elementor-widget-container\">\n\t\t\t\t\t<h5 class=\"elementor-heading-title elementor-size-default\">Hakk\u0131m\u0131zda<\/h5>\t\t\t\t<\/div>\n\t\t\t\t<\/div>\n\t\t\t\t<div class=\"elementor-element elementor-element-7552713 elementor-widget elementor-widget-heading\" data-id=\"7552713\" data-element_type=\"widget\" data-widget_type=\"heading.default\">\n\t\t\t\t<div class=\"elementor-widget-container\">\n\t\t\t\t\t<h2 class=\"elementor-heading-title elementor-size-default\">\u0130n\u015faat Sekt\u00f6r\u00fcnde G\u00fcven ve Kalite<\/h2>\t\t\t\t<\/div>\n\t\t\t\t<\/div>\n\t\t\t\t<div class=\"elementor-element elementor-element-4e52485 elementor-widget elementor-widget-text-editor\" data-id=\"4e52485\" data-element_type=\"widget\" data-widget_type=\"text-editor.default\">\n\t\t\t\t<div class=\"elementor-widget-container\">\n\t\t\t\t\t\t\t\t\t<p>1995 y\u0131l\u0131nda \u0130n\u015faat sekt\u00f6r\u00fcnde orta ve b\u00fcy\u00fck \u00f6l\u00e7ekli projelerin geli\u015ftirilmesi, \u00fclkemize yeni in\u015faat teknolojilerinin getirilmesi ve teknolojideki son yenilikleri takip ederek in\u015faat sekt\u00f6r\u00fcm\u00fcz\u00fcn \u00e7a\u011fda\u015f d\u00fczeye ula\u015fmas\u0131na katk\u0131 sunmak amac\u0131yla Ankara\u2019da kurulmu\u015f olan \u0130zka \u0130n\u015faat, kurulu\u015fundan beri s\u00fcregelen profesyonellik, yarat\u0131c\u0131l\u0131k, d\u00fcr\u00fcstl\u00fck ve pazar\u0131 geli\u015ftirme \u00f6zellikleriyle istikrarl\u0131 bir b\u00fcy\u00fcme g\u00f6stererek in\u015faat d\u00fcnyas\u0131nda sayg\u0131n bir yer edinmi\u015ftir.\u00a0<\/p><p>Sekt\u00f6rdeki geli\u015fmeleri ve pazardaki yeni talepleri yak\u0131ndan takip eden firma y\u00f6netimi, g\u00fc\u00e7l\u00fc idari ve mali birikimi ile sekt\u00f6rde \u00f6nc\u00fc firmalardan biri olmay\u0131 s\u00fcrd\u00fcrmektedir. B\u00fcy\u00fck m\u00fchendislik projelerini hayata ge\u00e7irmeye devam eden firmam\u0131z kuruldu\u011fundan itibaren T\u00fcrkiye\u2019nin her b\u00f6lgesinde; \u00f6nc\u00fc ve \u00f6rnek nitelikte, kaliteli, yenilik\u00e7i bir\u00e7ok projeye imzas\u0131n\u0131 atm\u0131\u015ft\u0131r.<\/p><p>\u00dcstlendi\u011fi taahh\u00fctleri zaman\u0131nda ve beklenen kalite seviyelerinin \u00fczerinde tamamlayarak sekt\u00f6r\u00fcnde ciddi bir sayg\u0131nl\u0131\u011fa ula\u015fm\u0131\u015f olan \u0130zka \u0130n\u015faat\u2019\u0131n bug\u00fcnk\u00fc konumuna gelmesinde, personelinin deneyim ve profesyonelli\u011fi ile y\u00f6netim kadrosunun geli\u015ftirmi\u015f oldu\u011fu strateji ve organizasyonel ba\u015far\u0131s\u0131 etkili olmu\u015ftur.<\/p><p>\u0130zka ailesi t\u00fcm taahh\u00fct ve yat\u0131r\u0131m projelerinde modern y\u00f6netim teknikleri kullanmay\u0131, piyasada kendini kan\u0131tlam\u0131\u015f, kalitesi belgelenmi\u015f malzeme ve i\u015f\u00e7ili\u011fi tercih ederek projelerini zaman\u0131nda tamamlamay\u0131 temel politikas\u0131 olarak benimsemektedir.<\/p>\t\t\t\t\t\t\t\t<\/div>\n\t\t\t\t<\/div>\n\t\t\t\t<\/div>\n\t\t\t\t<\/div>\n\t\t\t\t<\/div>\n\t\t\t\t\t<\/div>\n\t\t\t\t<\/div>\n\t\t\t\t<\/div>\n\t\t","protected":false},"excerpt":{"rendered":"<p>https:\/\/profaj.co\/izka2\/wp-content\/uploads\/2025\/01\/web-video-kare.mp4 0 + Y\u0131ll\u0131k Deneyim 0 + Tamamlanan Proje 0 + S\u00fcrd\u00fcr\u00fclebilir Proje 0 % M\u00fc\u015fteri Memnuniyeti Hakk\u0131m\u0131zda \u0130n\u015faat Sekt\u00f6r\u00fcnde G\u00fcven ve Kalite 1995 y\u0131l\u0131nda \u0130n\u015faat sekt\u00f6r\u00fcnde orta ve b\u00fcy\u00fck \u00f6l\u00e7ekli projelerin geli\u015ftirilmesi, \u00fclkemize yeni in\u015faat teknolojilerinin getirilmesi ve teknolojideki son yenilikleri takip ederek in\u015faat sekt\u00f6r\u00fcm\u00fcz\u00fcn \u00e7a\u011fda\u015f d\u00fczeye ula\u015fmas\u0131na katk\u0131 sunmak amac\u0131yla Ankara\u2019da kurulmu\u015f olan [&hellip;]<\/p>\n","protected":false},"author":1,"featured_media":0,"parent":0,"menu_order":0,"comment_status":"closed","ping_status":"closed","template":"","meta":{"_acf_changed":false,"footnotes":""},"class_list":["post-786","page","type-page","status-publish","hentry"],"acf":[],"_links":{"self":[{"href":"https:\/\/profaj.co\/izka2\/wp-json\/wp\/v2\/pages\/786","targetHints":{"allow":["GET"]}}],"collection":[{"href":"https:\/\/profaj.co\/izka2\/wp-json\/wp\/v2\/pages"}],"about":[{"href":"https:\/\/profaj.co\/izka2\/wp-json\/wp\/v2\/types\/page"}],"author":[{"embeddable":true,"href":"https:\/\/profaj.co\/izka2\/wp-json\/wp\/v2\/users\/1"}],"replies":[{"embeddable":true,"href":"https:\/\/profaj.co\/izka2\/wp-json\/wp\/v2\/comments?post=786"}],"version-history":[{"count":37,"href":"https:\/\/profaj.co\/izka2\/wp-json\/wp\/v2\/pages\/786\/revisions"}],"predecessor-version":[{"id":2046,"href":"https:\/\/profaj.co\/izka2\/wp-json\/wp\/v2\/pages\/786\/revisions\/2046"}],"wp:attachment":[{"href":"https:\/\/profaj.co\/izka2\/wp-json\/wp\/v2\/media?parent=786"}],"curies":[{"name":"wp","href":"https:\/\/api.w.org\/{rel}","templated":true}]}}