{"id":806,"date":"2024-12-24T10:47:28","date_gmt":"2024-12-24T10:47:28","guid":{"rendered":"https:\/\/profaj.co\/izka2\/?page_id=806"},"modified":"2024-12-30T05:52:02","modified_gmt":"2024-12-30T05:52:02","slug":"firma-profili","status":"publish","type":"page","link":"https:\/\/profaj.co\/izka2\/firma-profili\/","title":{"rendered":"Firma Profili"},"content":{"rendered":"\t\t<div data-elementor-type=\"wp-page\" data-elementor-id=\"806\" class=\"elementor elementor-806\" data-elementor-post-type=\"page\">\n\t\t\t\t<div class=\"elementor-element elementor-element-d8d5018 e-flex e-con-boxed e-con e-parent\" data-id=\"d8d5018\" data-element_type=\"container\" data-settings=\"{&quot;background_background&quot;:&quot;classic&quot;}\">\n\t\t\t\t\t<div class=\"e-con-inner\">\n\t\t\t\t<div class=\"elementor-element elementor-element-3fc92cb elementor-widget elementor-widget-heading\" data-id=\"3fc92cb\" data-element_type=\"widget\" data-widget_type=\"heading.default\">\n\t\t\t\t<div class=\"elementor-widget-container\">\n\t\t\t\t\t<h2 class=\"elementor-heading-title elementor-size-default\">Firma Profili<\/h2>\t\t\t\t<\/div>\n\t\t\t\t<\/div>\n\t\t\t\t\t<\/div>\n\t\t\t\t<\/div>\n\t\t<div class=\"elementor-element elementor-element-1d72f1e e-flex e-con-boxed e-con e-parent\" data-id=\"1d72f1e\" data-element_type=\"container\">\n\t\t\t\t\t<div class=\"e-con-inner\">\n\t\t\t\t<div class=\"elementor-element elementor-element-ddf2b08 elementor-widget elementor-widget-heading\" data-id=\"ddf2b08\" data-element_type=\"widget\" data-widget_type=\"heading.default\">\n\t\t\t\t<div class=\"elementor-widget-container\">\n\t\t\t\t\t<h2 class=\"elementor-heading-title elementor-size-default\">Tescilli \u015eirket Ad\u0131:  \u0130ZKA GAYR\u0130MENKUL \u0130N\u015eAAT A.\u015e.\n\n<\/h2>\t\t\t\t<\/div>\n\t\t\t\t<\/div>\n\t\t\t\t<div class=\"elementor-element elementor-element-5ba3a0f elementor-widget elementor-widget-text-editor\" data-id=\"5ba3a0f\" data-element_type=\"widget\" data-widget_type=\"text-editor.default\">\n\t\t\t\t<div class=\"elementor-widget-container\">\n\t\t\t\t\t\t\t\t\t<table style=\"font-family: -apple-system, BlinkMacSystemFont, 'Segoe UI', Roboto, 'Helvetica Neue', Arial, 'Noto Sans', sans-serif, 'Apple Color Emoji', 'Segoe UI Emoji', 'Segoe UI Symbol', 'Noto Color Emoji';\"><thead><tr><td><strong>Tescil Tarihi<\/strong><\/td><td>1996<\/td><\/tr><\/thead><tbody><tr><td><strong>Kay\u0131tl\u0131 Oldu\u011fu Yer<\/strong><\/td><td>\u0130zmir, T\u00fcrkiye<\/td><\/tr><tr><td><strong>KEP Adresi<\/strong><\/td><td>izkagayrimenkulas@hs04.kep.tr<\/td><\/tr><tr><td><strong>Mersis No:<\/strong><\/td><td>0484096535200028<\/td><\/tr><tr><td><strong>Kay\u0131tl\u0131 Merkez Ofis Adresi<\/strong><\/td><td>Yal\u0131 Mahallesi 6523. Sokak No: 32 B \u0130\u00e7 Kap\u0131 No: 602 Kar\u015f\u0131yaka\/\u0130ZM\u0130R\/T\u00dcRK\u0130YE<\/td><\/tr><tr><td><strong>Telefon<\/strong><\/td><td>+90 232 330 22 07 &#8211; 08<\/td><\/tr><tr><td><strong>Faks<\/strong><\/td><td>+90 232 330 22 09<\/td><\/tr><tr><td><strong>E-posta<\/strong><\/td><td>info@izka.com.tr<\/td><\/tr><\/tbody><\/table>\t\t\t\t\t\t\t\t<\/div>\n\t\t\t\t<\/div>\n\t\t\t\t\t<\/div>\n\t\t\t\t<\/div>\n\t\t\t\t<\/div>\n\t\t","protected":false},"excerpt":{"rendered":"<p>Tescilli \u015eirket Ad\u0131: \u0130ZKA GAYR\u0130MENKUL \u0130N\u015eAAT A.\u015e. Tescil Tarihi 1996 Kay\u0131tl\u0131 Oldu\u011fu Yer \u0130zmir, T\u00fcrkiye KEP Adresi izkagayrimenkulas@hs04.kep.tr Mersis No: 0484096535200028 Kay\u0131tl\u0131 Merkez Ofis Adresi Yal\u0131 Mahallesi 6523. Sokak No: 32 B \u0130\u00e7 Kap\u0131 No: 602 Kar\u015f\u0131yaka\/\u0130ZM\u0130R\/T\u00dcRK\u0130YE Telefon +90 232 330 22 07 &#8211; 08 Faks +90 232 330 22 09 E-posta info@izka.com.tr<\/p>\n","protected":false},"author":1,"featured_media":0,"parent":0,"menu_order":0,"comment_status":"closed","ping_status":"closed","template":"","meta":{"_acf_changed":false,"footnotes":""},"class_list":["post-806","page","type-page","status-publish","hentry"],"acf":[],"_links":{"self":[{"href":"https:\/\/profaj.co\/izka2\/wp-json\/wp\/v2\/pages\/806","targetHints":{"allow":["GET"]}}],"collection":[{"href":"https:\/\/profaj.co\/izka2\/wp-json\/wp\/v2\/pages"}],"about":[{"href":"https:\/\/profaj.co\/izka2\/wp-json\/wp\/v2\/types\/page"}],"author":[{"embeddable":true,"href":"https:\/\/profaj.co\/izka2\/wp-json\/wp\/v2\/users\/1"}],"replies":[{"embeddable":true,"href":"https:\/\/profaj.co\/izka2\/wp-json\/wp\/v2\/comments?post=806"}],"version-history":[{"count":13,"href":"https:\/\/profaj.co\/izka2\/wp-json\/wp\/v2\/pages\/806\/revisions"}],"predecessor-version":[{"id":1780,"href":"https:\/\/profaj.co\/izka2\/wp-json\/wp\/v2\/pages\/806\/revisions\/1780"}],"wp:attachment":[{"href":"https:\/\/profaj.co\/izka2\/wp-json\/wp\/v2\/media?parent=806"}],"curies":[{"name":"wp","href":"https:\/\/api.w.org\/{rel}","templated":true}]}}