{"id":831,"date":"2024-12-24T10:58:36","date_gmt":"2024-12-24T10:58:36","guid":{"rendered":"https:\/\/profaj.co\/izka2\/?page_id=831"},"modified":"2024-12-30T06:02:19","modified_gmt":"2024-12-30T06:02:19","slug":"misyon-vizyon","status":"publish","type":"page","link":"https:\/\/profaj.co\/izka2\/misyon-vizyon\/","title":{"rendered":"Misyon &#038; Vizyon"},"content":{"rendered":"\t\t<div data-elementor-type=\"wp-page\" data-elementor-id=\"831\" class=\"elementor elementor-831\" data-elementor-post-type=\"page\">\n\t\t\t\t<div class=\"elementor-element elementor-element-d8d5018 e-flex e-con-boxed e-con e-parent\" data-id=\"d8d5018\" data-element_type=\"container\" data-settings=\"{&quot;background_background&quot;:&quot;classic&quot;}\">\n\t\t\t\t\t<div class=\"e-con-inner\">\n\t\t\t\t<div class=\"elementor-element elementor-element-3fc92cb elementor-widget elementor-widget-heading\" data-id=\"3fc92cb\" data-element_type=\"widget\" data-widget_type=\"heading.default\">\n\t\t\t\t<div class=\"elementor-widget-container\">\n\t\t\t\t\t<h2 class=\"elementor-heading-title elementor-size-default\">Misyon &#038; Vizyon<\/h2>\t\t\t\t<\/div>\n\t\t\t\t<\/div>\n\t\t\t\t\t<\/div>\n\t\t\t\t<\/div>\n\t\t<div class=\"elementor-element elementor-element-031c750 e-flex e-con-boxed e-con e-parent\" data-id=\"031c750\" data-element_type=\"container\">\n\t\t\t\t\t<div class=\"e-con-inner\">\n\t\t<div class=\"elementor-element elementor-element-d7500b4 e-con-full e-flex e-con e-child\" data-id=\"d7500b4\" data-element_type=\"container\">\n\t\t\t\t<div class=\"elementor-element elementor-element-4d71dec elementor-widget elementor-widget-image\" data-id=\"4d71dec\" data-element_type=\"widget\" data-widget_type=\"image.default\">\n\t\t\t\t<div class=\"elementor-widget-container\">\n\t\t\t\t\t\t\t\t\t\t\t\t\t\t\t<img fetchpriority=\"high\" decoding=\"async\" width=\"1920\" height=\"1080\" src=\"https:\/\/profaj.co\/izka2\/wp-content\/uploads\/2024\/12\/antalya_render_0002.jpg\" class=\"attachment-full size-full wp-image-615\" alt=\"\" srcset=\"https:\/\/profaj.co\/izka2\/wp-content\/uploads\/2024\/12\/antalya_render_0002.jpg 1920w, https:\/\/profaj.co\/izka2\/wp-content\/uploads\/2024\/12\/antalya_render_0002-300x169.jpg 300w, https:\/\/profaj.co\/izka2\/wp-content\/uploads\/2024\/12\/antalya_render_0002-1024x576.jpg 1024w, https:\/\/profaj.co\/izka2\/wp-content\/uploads\/2024\/12\/antalya_render_0002-768x432.jpg 768w, https:\/\/profaj.co\/izka2\/wp-content\/uploads\/2024\/12\/antalya_render_0002-1536x864.jpg 1536w\" sizes=\"(max-width: 1920px) 100vw, 1920px\" \/>\t\t\t\t\t\t\t\t\t\t\t\t\t\t\t<\/div>\n\t\t\t\t<\/div>\n\t\t\t\t<\/div>\n\t\t<div class=\"elementor-element elementor-element-14ac478 e-con-full e-flex e-con e-child\" data-id=\"14ac478\" data-element_type=\"container\">\n\t\t\t\t<div class=\"elementor-element elementor-element-c7ba118 elementor-widget elementor-widget-heading\" data-id=\"c7ba118\" data-element_type=\"widget\" data-widget_type=\"heading.default\">\n\t\t\t\t<div class=\"elementor-widget-container\">\n\t\t\t\t\t<h2 class=\"elementor-heading-title elementor-size-default\">Misyon<\/h2>\t\t\t\t<\/div>\n\t\t\t\t<\/div>\n\t\t\t\t<div class=\"elementor-element elementor-element-b9c2140 elementor-widget elementor-widget-text-editor\" data-id=\"b9c2140\" data-element_type=\"widget\" data-widget_type=\"text-editor.default\">\n\t\t\t\t<div class=\"elementor-widget-container\">\n\t\t\t\t\t\t\t\t\t<p>\u0130zka \u0130n\u015faat, k\u00fcresel \u0131s\u0131nma, pandemi, do\u011fal kaynaklar\u0131n h\u0131zla t\u00fckenmesi gibi k\u00fcresel sorunlar\u0131n a\u015f\u0131lmas\u0131 i\u00e7in \u00f6rnek te\u015fkil edecek s\u00fcrd\u00fcr\u00fclebilirlik odakl\u0131, ye\u015fil ve yenilik\u00e7i proje deneyimlerini ba\u015far\u0131yla ortaya koymu\u015ftur.\u00d6yle ki, \u0130zka \u0130n\u015faat bug\u00fcne kadar ortaya koydu\u011fu projelerde \u00e7evreye ve insan sa\u011fl\u0131\u011f\u0131na yapt\u0131\u011f\u0131 katk\u0131lar\u0131 uluslararas\u0131 kurulu\u015flarca denetleyerek hedeflerin ba\u015far\u0131yla ger\u00e7ekli\u011fe d\u00f6n\u00fc\u015fmesini sa\u011flamay\u0131 prensip haline getirmi\u015ftir. Covid-19 pandemisi \u00f6ncesi bitirdi\u011fi projelerinde ald\u0131\u011f\u0131 Leed Gold sertifikalar\u0131, Avrupa Birli\u011fi\u2019nin (EU) , Avrupa \u0130mar ve Kalk\u0131nma Bankas\u0131 (EBRD) ve TUREFF dan\u0131\u015fmanl\u0131\u011f\u0131nda y\u00fcr\u00fct\u00fclen Enerji Verimlili\u011fi Kimlik Belgesine sahip pilot projelere imza atm\u0131\u015f olmas\u0131 \u015firketin \u00e7evreye ve insan sa\u011fl\u0131\u011f\u0131na katk\u0131 koyan i\u015flerdeki kararl\u0131l\u0131\u011f\u0131n\u0131 ve \u00f6nc\u00fc rol\u00fcn\u00fc g\u00f6stermektedir.<\/p>\t\t\t\t\t\t\t\t<\/div>\n\t\t\t\t<\/div>\n\t\t\t\t<\/div>\n\t\t\t\t\t<\/div>\n\t\t\t\t<\/div>\n\t\t<div class=\"elementor-element elementor-element-9c93aa6 e-flex e-con-boxed e-con e-parent\" data-id=\"9c93aa6\" data-element_type=\"container\">\n\t\t\t\t\t<div class=\"e-con-inner\">\n\t\t<div class=\"elementor-element elementor-element-8321a29 e-con-full e-flex e-con e-child\" data-id=\"8321a29\" data-element_type=\"container\">\n\t\t\t\t<div class=\"elementor-element elementor-element-d89ba10 elementor-widget elementor-widget-heading\" data-id=\"d89ba10\" data-element_type=\"widget\" data-widget_type=\"heading.default\">\n\t\t\t\t<div class=\"elementor-widget-container\">\n\t\t\t\t\t<h2 class=\"elementor-heading-title elementor-size-default\">Vizyon<\/h2>\t\t\t\t<\/div>\n\t\t\t\t<\/div>\n\t\t\t\t<div class=\"elementor-element elementor-element-6cb57ff elementor-widget elementor-widget-text-editor\" data-id=\"6cb57ff\" data-element_type=\"widget\" data-widget_type=\"text-editor.default\">\n\t\t\t\t<div class=\"elementor-widget-container\">\n\t\t\t\t\t\t\t\t\t<p>\u0130zka \u0130n\u015faat 30 y\u0131ld\u0131r geli\u015ftirdi\u011fi projelerde yans\u0131tt\u0131\u011f\u0131 \u2018\u2019\u0130nsan ve \u00e7evre odakl\u0131\u2019\u2019 geli\u015fme vizyonunu d\u00fcnyan\u0131n de\u011fi\u015fen ko\u015fullar\u0131na g\u00fc\u00e7l\u00fc \u015fekilde uyum sa\u011flayarak daha da ileri g\u00f6t\u00fcrmeye kararl\u0131d\u0131r.<\/p><p>Ge\u00e7mi\u015f deneyimlerinden \u00f6\u011frenen ve her zaman daha da ileriye gitme prensibini benimseyen \u0130zka \u0130n\u015faat, d\u00fcnyan\u0131n ve insanl\u0131\u011f\u0131n gelece\u011fi i\u00e7in 11 Aral\u0131k 2019 tarihinde Avrupa Birli\u011fi (AB)\u2019nin yay\u0131nlad\u0131\u011f\u0131 Avrupa Ye\u015fil Mutabakat\u0131\u2019n\u0131 h\u0131zla kurumsal eylem plan\u0131na dahil etmi\u015ftir. Bu do\u011frultuda Avrupa Ye\u015fil M\u00fctabakat\u0131\u2019n\u0131 sadece iklim de\u011fi\u015fikli\u011fi ve \u00e7evre politikas\u0131 olarak g\u00f6rmeyen \u0130zka \u0130n\u015faat, t\u00fcm politika alanlar\u0131nda ve toplumun tamam\u0131nda paradigma de\u011fi\u015fikli\u011fini gerektiren kapsaml\u0131 bir s\u00fcrd\u00fcr\u00fclebilir kalk\u0131nma modelini daha temiz ve ye\u015fil bir in\u015faat sekt\u00f6r\u00fcne adapte etmek i\u00e7in \u00f6nc\u00fc giri\u015fimlerine devam etmektedir.<\/p>\t\t\t\t\t\t\t\t<\/div>\n\t\t\t\t<\/div>\n\t\t\t\t<\/div>\n\t\t<div class=\"elementor-element elementor-element-1455f97 e-con-full e-flex e-con e-child\" data-id=\"1455f97\" data-element_type=\"container\">\n\t\t\t\t<div class=\"elementor-element elementor-element-d93c34a elementor-widget elementor-widget-image\" data-id=\"d93c34a\" data-element_type=\"widget\" data-widget_type=\"image.default\">\n\t\t\t\t<div class=\"elementor-widget-container\">\n\t\t\t\t\t\t\t\t\t\t\t\t\t\t\t<img decoding=\"async\" width=\"1920\" height=\"1080\" src=\"https:\/\/profaj.co\/izka2\/wp-content\/uploads\/2024\/12\/izka_1-Photo-gigapixel-scale-2_00x.jpg\" class=\"attachment-full size-full wp-image-523\" alt=\"\" srcset=\"https:\/\/profaj.co\/izka2\/wp-content\/uploads\/2024\/12\/izka_1-Photo-gigapixel-scale-2_00x.jpg 1920w, https:\/\/profaj.co\/izka2\/wp-content\/uploads\/2024\/12\/izka_1-Photo-gigapixel-scale-2_00x-300x169.jpg 300w, https:\/\/profaj.co\/izka2\/wp-content\/uploads\/2024\/12\/izka_1-Photo-gigapixel-scale-2_00x-1024x576.jpg 1024w, https:\/\/profaj.co\/izka2\/wp-content\/uploads\/2024\/12\/izka_1-Photo-gigapixel-scale-2_00x-768x432.jpg 768w, https:\/\/profaj.co\/izka2\/wp-content\/uploads\/2024\/12\/izka_1-Photo-gigapixel-scale-2_00x-1536x864.jpg 1536w\" sizes=\"(max-width: 1920px) 100vw, 1920px\" \/>\t\t\t\t\t\t\t\t\t\t\t\t\t\t\t<\/div>\n\t\t\t\t<\/div>\n\t\t\t\t<\/div>\n\t\t\t\t\t<\/div>\n\t\t\t\t<\/div>\n\t\t\t\t<\/div>\n\t\t","protected":false},"excerpt":{"rendered":"<p>Misyon \u0130zka \u0130n\u015faat, k\u00fcresel \u0131s\u0131nma, pandemi, do\u011fal kaynaklar\u0131n h\u0131zla t\u00fckenmesi gibi k\u00fcresel sorunlar\u0131n a\u015f\u0131lmas\u0131 i\u00e7in \u00f6rnek te\u015fkil edecek s\u00fcrd\u00fcr\u00fclebilirlik odakl\u0131, ye\u015fil ve yenilik\u00e7i proje deneyimlerini ba\u015far\u0131yla ortaya koymu\u015ftur.\u00d6yle ki, \u0130zka \u0130n\u015faat bug\u00fcne kadar ortaya koydu\u011fu projelerde \u00e7evreye ve insan sa\u011fl\u0131\u011f\u0131na yapt\u0131\u011f\u0131 katk\u0131lar\u0131 uluslararas\u0131 kurulu\u015flarca denetleyerek hedeflerin ba\u015far\u0131yla ger\u00e7ekli\u011fe d\u00f6n\u00fc\u015fmesini sa\u011flamay\u0131 prensip haline getirmi\u015ftir. Covid-19 pandemisi [&hellip;]<\/p>\n","protected":false},"author":1,"featured_media":0,"parent":0,"menu_order":0,"comment_status":"closed","ping_status":"closed","template":"","meta":{"_acf_changed":false,"footnotes":""},"class_list":["post-831","page","type-page","status-publish","hentry"],"acf":[],"_links":{"self":[{"href":"https:\/\/profaj.co\/izka2\/wp-json\/wp\/v2\/pages\/831","targetHints":{"allow":["GET"]}}],"collection":[{"href":"https:\/\/profaj.co\/izka2\/wp-json\/wp\/v2\/pages"}],"about":[{"href":"https:\/\/profaj.co\/izka2\/wp-json\/wp\/v2\/types\/page"}],"author":[{"embeddable":true,"href":"https:\/\/profaj.co\/izka2\/wp-json\/wp\/v2\/users\/1"}],"replies":[{"embeddable":true,"href":"https:\/\/profaj.co\/izka2\/wp-json\/wp\/v2\/comments?post=831"}],"version-history":[{"count":7,"href":"https:\/\/profaj.co\/izka2\/wp-json\/wp\/v2\/pages\/831\/revisions"}],"predecessor-version":[{"id":1786,"href":"https:\/\/profaj.co\/izka2\/wp-json\/wp\/v2\/pages\/831\/revisions\/1786"}],"wp:attachment":[{"href":"https:\/\/profaj.co\/izka2\/wp-json\/wp\/v2\/media?parent=831"}],"curies":[{"name":"wp","href":"https:\/\/api.w.org\/{rel}","templated":true}]}}