{"id":836,"date":"2024-12-24T11:02:04","date_gmt":"2024-12-24T11:02:04","guid":{"rendered":"https:\/\/profaj.co\/izka2\/?page_id=836"},"modified":"2024-12-30T06:03:47","modified_gmt":"2024-12-30T06:03:47","slug":"politikalarimiz","status":"publish","type":"page","link":"https:\/\/profaj.co\/izka2\/politikalarimiz\/","title":{"rendered":"Politikalar\u0131m\u0131z"},"content":{"rendered":"\t\t<div data-elementor-type=\"wp-page\" data-elementor-id=\"836\" class=\"elementor elementor-836\" data-elementor-post-type=\"page\">\n\t\t\t\t<div class=\"elementor-element elementor-element-d8d5018 e-flex e-con-boxed e-con e-parent\" data-id=\"d8d5018\" data-element_type=\"container\" data-settings=\"{&quot;background_background&quot;:&quot;classic&quot;}\">\n\t\t\t\t\t<div class=\"e-con-inner\">\n\t\t\t\t<div class=\"elementor-element elementor-element-3fc92cb elementor-widget elementor-widget-heading\" data-id=\"3fc92cb\" data-element_type=\"widget\" data-widget_type=\"heading.default\">\n\t\t\t\t<div class=\"elementor-widget-container\">\n\t\t\t\t\t<h2 class=\"elementor-heading-title elementor-size-default\">Politikalar\u0131m\u0131z<\/h2>\t\t\t\t<\/div>\n\t\t\t\t<\/div>\n\t\t\t\t\t<\/div>\n\t\t\t\t<\/div>\n\t\t<div class=\"elementor-element elementor-element-c04c414 e-flex e-con-boxed e-con e-parent\" data-id=\"c04c414\" data-element_type=\"container\">\n\t\t\t\t\t<div class=\"e-con-inner\">\n\t\t\t\t<div class=\"elementor-element elementor-element-35bf5f9 e-n-tabs-none elementor-widget elementor-widget-n-tabs\" data-id=\"35bf5f9\" data-element_type=\"widget\" data-settings=\"{&quot;horizontal_scroll_mobile&quot;:&quot;enable&quot;,&quot;horizontal_scroll&quot;:&quot;disable&quot;}\" data-widget_type=\"nested-tabs.default\">\n\t\t\t\t<div class=\"elementor-widget-container\">\n\t\t\t\t\t\t\t<div class=\"e-n-tabs\" data-widget-number=\"56358393\" aria-label=\"Sekmeler. Enter ve Space ile \u00f6geleri a\u00e7abilir, Escape ile \u00f6geleri kapatabilir ve Y\u00f6n tu\u015flar\u0131 ile \u00f6geler aras\u0131nda gezinebilirsiniz.\">\n\t\t\t<div class=\"e-n-tabs-heading\" role=\"tablist\">\n\t\t\t\t\t<button id=\"e-n-tab-title-563583931\" class=\"e-n-tab-title\" aria-selected=\"true\" data-tab-index=\"1\" role=\"tab\" tabindex=\"0\" aria-controls=\"e-n-tab-content-563583931\" style=\"--n-tabs-title-order: 1;\">\n\t\t\t\t\t\t<span class=\"e-n-tab-title-text\">\n\t\t\t\tKalite Politikam\u0131z\t\t\t<\/span>\n\t\t<\/button>\n\t\t\t\t<button id=\"e-n-tab-title-563583932\" class=\"e-n-tab-title\" aria-selected=\"false\" data-tab-index=\"2\" role=\"tab\" tabindex=\"-1\" aria-controls=\"e-n-tab-content-563583932\" style=\"--n-tabs-title-order: 2;\">\n\t\t\t\t\t\t<span class=\"e-n-tab-title-text\">\n\t\t\t\t\u00c7evre Politikam\u0131z\t\t\t<\/span>\n\t\t<\/button>\n\t\t\t\t<button id=\"e-n-tab-title-563583933\" class=\"e-n-tab-title\" aria-selected=\"false\" data-tab-index=\"3\" role=\"tab\" tabindex=\"-1\" aria-controls=\"e-n-tab-content-563583933\" style=\"--n-tabs-title-order: 3;\">\n\t\t\t\t\t\t<span class=\"e-n-tab-title-text\">\n\t\t\t\t\u0130\u015f Sa\u011fl\u0131\u011f\u0131 ve g\u00fcvenli\u011fi politikam\u0131z\t\t\t<\/span>\n\t\t<\/button>\n\t\t\t\t\t<\/div>\n\t\t\t<div class=\"e-n-tabs-content\">\n\t\t\t\t<div id=\"e-n-tab-content-563583931\" role=\"tabpanel\" aria-labelledby=\"e-n-tab-title-563583931\" data-tab-index=\"1\" style=\"--n-tabs-title-order: 1;\" class=\"e-active elementor-element elementor-element-37f7027 e-con-full e-flex e-con e-child\" data-id=\"37f7027\" data-element_type=\"container\">\n\t\t\t\t<div class=\"elementor-element elementor-element-86009c7 elementor-widget elementor-widget-text-editor\" data-id=\"86009c7\" data-element_type=\"widget\" data-widget_type=\"text-editor.default\">\n\t\t\t\t<div class=\"elementor-widget-container\">\n\t\t\t\t\t\t\t\t\t<ul><li>\u0130n\u015faat sekt\u00f6r\u00fcndeki t\u00fcm teknolojik geli\u015fmeleri yak\u0131ndan izlemek ve b\u00fct\u00fcn faaliyetlerinde en son teknoloji ve in\u015faat yeniliklerini uygulamak,<\/li><li>T\u00fcm in\u015faat tasar\u0131m ve \u00fcretim faaliyetlerinde; \u00c7evre Y\u00f6netimi, \u0130\u015f Sa\u011fl\u0131\u011f\u0131 ve G\u00fcvenli\u011fi kurallar\u0131na, s\u00f6zle\u015fmelere, \u015fartnamelere, standartlara ve y\u00f6netmeliklere uymak,<\/li><li>M\u00fc\u015fterilerimizin beklentilerine en uygun \u00e7\u00f6z\u00fcmleri \u00fcretmek, beklentilerini ger\u00e7ekle\u015ftirmek ve m\u00fc\u015fteri memnuniyetini sa\u011flamak,<\/li><li>Sunulan hizmetlerin fiyat-verimlilik dengesini g\u00f6zetmek,<\/li><li>Yakalad\u0131\u011f\u0131 kaliteyi s\u00fcrekli \u00f6l\u00e7mek ve iyile\u015ftirmek ve her zaman daha iyisini g\u00f6zetmek,<\/li><li>Her a\u015famada ve t\u00fcm ayr\u0131nt\u0131larda kalitede d\u00fcnya standartlar\u0131n\u0131 hedeflemek,<\/li><li>\u00c7al\u0131\u015fanlar\u0131 s\u00fcrekli e\u011fitmek ve kalite konusunda hassasiyetlerini artt\u0131rmak ve hedeflenen kaliteye ula\u015fmak i\u00e7in kat\u0131l\u0131mlar\u0131n\u0131 sa\u011flamak,<\/li><li>\u00c7al\u0131\u015fan\u0131m\u0131z\u0131n deste\u011fine ve \u00fcretkenli\u011fine g\u00fcvenerek, \u00c7a\u011fda\u015f Kalite De\u011ferlerine ve m\u00fc\u015fteri memnuniyetine ula\u015fmay\u0131 ve s\u00fcrekli iyile\u015ftirmeyi hedeflemek,<\/li><li>M\u00fc\u015fteri memnuniyetini s\u00fcrekli k\u0131lmak i\u00e7in kaynaklar\u0131 ekonomik, etkin ve verimli bir bi\u00e7imde kullanmakt\u0131r.<\/li><\/ul>\t\t\t\t\t\t\t\t<\/div>\n\t\t\t\t<\/div>\n\t\t\t\t<\/div>\n\t\t<div id=\"e-n-tab-content-563583932\" role=\"tabpanel\" aria-labelledby=\"e-n-tab-title-563583932\" data-tab-index=\"2\" style=\"--n-tabs-title-order: 2;\" class=\" elementor-element elementor-element-73e3f4e e-con-full e-flex e-con e-child\" data-id=\"73e3f4e\" data-element_type=\"container\">\n\t\t\t\t<div class=\"elementor-element elementor-element-06a0312 elementor-widget elementor-widget-text-editor\" data-id=\"06a0312\" data-element_type=\"widget\" data-widget_type=\"text-editor.default\">\n\t\t\t\t<div class=\"elementor-widget-container\">\n\t\t\t\t\t\t\t\t\t<ul><li>T\u00fcm \u00e7al\u0131\u015fmalar\u0131m\u0131zda bilimsel ve teknolojik geli\u015fmelerin, \u00e7evresel koruma bilincinin ve insan sa\u011fl\u0131\u011f\u0131n\u0131n \u00f6n planda tutmak ve sorumlu vatanda\u015fl\u0131k davran\u0131\u015f\u0131n\u0131 sergilemek.<\/li><li>Faaliyetlerimizden do\u011fabilecek t\u00fcm olumsuz \u00e7evre etkilerinin olu\u015fmamas\u0131 ve \u00f6nlenmesi veya hafifletilmesi y\u00f6n\u00fcnde gerekli tedbirleri almak.<\/li><li>Do\u011fal kaynaklar\u0131n en etkili \u015fekilde kullan\u0131larak \u00e7evrenin korunmas\u0131n\u0131 sa\u011flamak.<\/li><li>\u00c7evreyi g\u00f6zetecek ve \u00e7evre kirlili\u011fini \u00f6nleyecek, uygulanabilir \u00f6nlemler almak.<\/li><li>Do\u011fayla dost enerji kaynaklar\u0131n\u0131n kullan\u0131lmas\u0131na \u00f6ncelik vermek.<\/li><li>\u00c7evre ile ilgili kanun ve idari d\u00fczenlemelerine ve faaliyetlerimiz ile ilgili di\u011fer \u00e7evre koruma gerekliliklerine uymak.<\/li><li>Do\u011fa de\u011ferlerinin korumak ve t\u00fcm \u00e7evre politikam\u0131z\u0131n s\u00fcrd\u00fcr\u00fclebilirli\u011finin sa\u011flamak.<\/li><\/ul>\t\t\t\t\t\t\t\t<\/div>\n\t\t\t\t<\/div>\n\t\t\t\t<\/div>\n\t\t<div id=\"e-n-tab-content-563583933\" role=\"tabpanel\" aria-labelledby=\"e-n-tab-title-563583933\" data-tab-index=\"3\" style=\"--n-tabs-title-order: 3;\" class=\" elementor-element elementor-element-dcbe853 e-con-full e-flex e-con e-child\" data-id=\"dcbe853\" data-element_type=\"container\">\n\t\t\t\t<div class=\"elementor-element elementor-element-747771b elementor-widget elementor-widget-text-editor\" data-id=\"747771b\" data-element_type=\"widget\" data-widget_type=\"text-editor.default\">\n\t\t\t\t<div class=\"elementor-widget-container\">\n\t\t\t\t\t\t\t\t\t<ul><li>\u0130\u015f Sa\u011fl\u0131\u011f\u0131 ve G\u00fcvenli\u011fi kurallar\u0131na, d\u00fczenlemeler ve talimatlar\u0131 takip etmek ve uymak.<\/li><li>\u015eirketimizin \u0130\u015f Sa\u011fl\u0131\u011f\u0131 ve G\u00fcvenli\u011fi Y\u00f6netim Sistemini s\u00fcrekli iyile\u015ftirmek.<\/li><li>\u00c7al\u0131\u015fma ortam\u0131n\u0131, mesleki hastal\u0131klar ve i\u015f kazalar\u0131 a\u00e7\u0131s\u0131ndan minimum risk seviyesinde yap\u0131land\u0131rmak.<\/li><li>\u00c7al\u0131\u015fanlar\u0131m\u0131z\u0131n i\u015f g\u00fcvenli\u011fini sa\u011flamak ve sa\u011fl\u0131\u011f\u0131n\u0131 korumak.<\/li><li>T\u00fcm \u00e7al\u0131\u015fanlar\u0131n kat\u0131l\u0131m\u0131 ile riskleri kayna\u011f\u0131nda yok etmek suretiyle \u201cs\u0131f\u0131r i\u015f kazas\u0131\u201d hedefine ula\u015fmaya \u00e7al\u0131\u015fmak.<\/li><li>\u00c7al\u0131\u015fanlar\u0131n kendilerine teslim edilen i\u015f g\u00fcvenlik ekipmanlar\u0131n kullanmas\u0131n\u0131 sa\u011flamak ve bunun takibini s\u00fcreklile\u015ftirmek.<\/li><li>\u00c7al\u0131\u015fanlar\u0131n, kendi bireysel \u0130\u015f Sa\u011fl\u0131\u011f\u0131 ve G\u00fcvenli\u011fi sorumluluklar\u0131n\u0131n fark\u0131nda olmalar\u0131n\u0131, g\u00fcvenlik \u00f6nlemlerin uygulamas\u0131nda destek ve kat\u0131l\u0131mlar\u0131n\u0131 sa\u011flamak ve i\u015f sa\u011fl\u0131\u011f\u0131 ve g\u00fcvenli\u011fi ile ilgili faaliyetleri s\u00fcrekli iyile\u015ftirmek.<\/li><li>\u00c7evreyi temiz ve d\u00fczenli tutarak sa\u011fl\u0131kl\u0131 \u00e7al\u0131\u015fma ortamlar\u0131 yaratmakt\u0131r.<\/li><\/ul>\t\t\t\t\t\t\t\t<\/div>\n\t\t\t\t<\/div>\n\t\t\t\t<\/div>\n\t\t\t\t\t<\/div>\n\t\t<\/div>\n\t\t\t\t\t\t<\/div>\n\t\t\t\t<\/div>\n\t\t\t\t\t<\/div>\n\t\t\t\t<\/div>\n\t\t\t\t<\/div>\n\t\t","protected":false},"excerpt":{"rendered":"<p>Kalite Politikam\u0131z \u00c7evre Politikam\u0131z \u0130\u015f Sa\u011fl\u0131\u011f\u0131 ve g\u00fcvenli\u011fi politikam\u0131z \u0130n\u015faat sekt\u00f6r\u00fcndeki t\u00fcm teknolojik geli\u015fmeleri yak\u0131ndan izlemek ve b\u00fct\u00fcn faaliyetlerinde en son teknoloji ve in\u015faat yeniliklerini uygulamak, T\u00fcm in\u015faat tasar\u0131m ve \u00fcretim faaliyetlerinde; \u00c7evre Y\u00f6netimi, \u0130\u015f Sa\u011fl\u0131\u011f\u0131 ve G\u00fcvenli\u011fi kurallar\u0131na, s\u00f6zle\u015fmelere, \u015fartnamelere, standartlara ve y\u00f6netmeliklere uymak, M\u00fc\u015fterilerimizin beklentilerine en uygun \u00e7\u00f6z\u00fcmleri \u00fcretmek, beklentilerini ger\u00e7ekle\u015ftirmek ve m\u00fc\u015fteri [&hellip;]<\/p>\n","protected":false},"author":1,"featured_media":0,"parent":0,"menu_order":0,"comment_status":"closed","ping_status":"closed","template":"","meta":{"_acf_changed":false,"footnotes":""},"class_list":["post-836","page","type-page","status-publish","hentry"],"acf":[],"_links":{"self":[{"href":"https:\/\/profaj.co\/izka2\/wp-json\/wp\/v2\/pages\/836","targetHints":{"allow":["GET"]}}],"collection":[{"href":"https:\/\/profaj.co\/izka2\/wp-json\/wp\/v2\/pages"}],"about":[{"href":"https:\/\/profaj.co\/izka2\/wp-json\/wp\/v2\/types\/page"}],"author":[{"embeddable":true,"href":"https:\/\/profaj.co\/izka2\/wp-json\/wp\/v2\/users\/1"}],"replies":[{"embeddable":true,"href":"https:\/\/profaj.co\/izka2\/wp-json\/wp\/v2\/comments?post=836"}],"version-history":[{"count":13,"href":"https:\/\/profaj.co\/izka2\/wp-json\/wp\/v2\/pages\/836\/revisions"}],"predecessor-version":[{"id":1792,"href":"https:\/\/profaj.co\/izka2\/wp-json\/wp\/v2\/pages\/836\/revisions\/1792"}],"wp:attachment":[{"href":"https:\/\/profaj.co\/izka2\/wp-json\/wp\/v2\/media?parent=836"}],"curies":[{"name":"wp","href":"https:\/\/api.w.org\/{rel}","templated":true}]}}