{"id":3399,"date":"2023-12-08T15:12:58","date_gmt":"2023-12-08T12:12:58","guid":{"rendered":"https:\/\/profaj.co\/miknatis\/?page_id=3399"},"modified":"2024-02-29T14:39:54","modified_gmt":"2024-02-29T11:39:54","slug":"haberler","status":"publish","type":"page","link":"https:\/\/profaj.co\/miknatis\/tr\/haberler\/","title":{"rendered":"Haberler"},"content":{"rendered":"\t\t<div data-elementor-type=\"wp-page\" data-elementor-id=\"3399\" class=\"elementor elementor-3399\" data-elementor-post-type=\"page\">\n\t\t\t\t\t\t<section class=\"elementor-section elementor-top-section elementor-element elementor-element-27543aa elementor-section-full_width elementor-section-height-default elementor-section-height-default\" data-id=\"27543aa\" data-element_type=\"section\">\n\t\t\t\t\t\t<div class=\"elementor-container elementor-column-gap-default\">\n\t\t\t\t\t<div class=\"elementor-column elementor-col-100 elementor-top-column elementor-element elementor-element-541c1b2\" data-id=\"541c1b2\" data-element_type=\"column\">\n\t\t\t<div class=\"elementor-widget-wrap elementor-element-populated\">\n\t\t\t\t\t\t<div class=\"elementor-element elementor-element-fb338eb elementor-widget elementor-widget-post_grid elh-el post_grid\" data-id=\"fb338eb\" data-element_type=\"widget\" data-settings=\"{&quot;design_style&quot;:&quot;style_2&quot;}\" data-widget_type=\"post_grid.default\">\n\t\t\t\t<div class=\"elementor-widget-container\">\n\t\t\t\r\n<div class=\"news-three\">\r\n<div class=\"auto-container\">\r\n<div class=\"row clearfix\">\r\n    \r\n            <div class=\"news-block_three col-lg-4 col-md-6 col-sm-12\">\r\n                <div class=\"news-block_three-inner style_6 none\"\r\n                        data-wow-delay=\"\"\r\n                        data-wow-duration=\"\">\r\n                    <div class=\"news-block_three-image\">\r\n                                                <a href=\"https:\/\/profaj.co\/miknatis\/electromagnetic-induction\/\"><img decoding=\"async\" src=\"https:\/\/profaj.co\/miknatis\/wp-content\/uploads\/2023\/12\/haberler1.webp\" alt=\"\" \/><\/a>\r\n                        \r\n                        <ul class=\"news-block_three-meta list-unstyled\">\r\n                                                        <li><span class=\"icon fas fa-calendar-alt fa-fw\"><\/span>\u015eub 01, 2024<\/li>\r\n                            \r\n                                                    <\/ul>\r\n                    <\/div>\r\n                    <div class=\"news-block_three-content\">\r\n                        <h4 class=\"news-block_three-heading\">\r\n                            <a href=\"https:\/\/profaj.co\/miknatis\/electromagnetic-induction\/\">\r\n                                Electromagnetic Induction                            <\/a>\r\n                        <\/h4>\r\n                    <\/div>\r\n                <\/div>\r\n            <\/div>\r\n            \r\n            <div class=\"news-block_three col-lg-4 col-md-6 col-sm-12\">\r\n                <div class=\"news-block_three-inner style_6 none\"\r\n                        data-wow-delay=\"\"\r\n                        data-wow-duration=\"\">\r\n                    <div class=\"news-block_three-image\">\r\n                                                <a href=\"https:\/\/profaj.co\/miknatis\/magnetism\/\"><img decoding=\"async\" src=\"https:\/\/profaj.co\/miknatis\/wp-content\/uploads\/2023\/12\/haberler2.webp\" alt=\"\" \/><\/a>\r\n                        \r\n                        <ul class=\"news-block_three-meta list-unstyled\">\r\n                                                        <li><span class=\"icon fas fa-calendar-alt fa-fw\"><\/span>\u015eub 01, 2024<\/li>\r\n                            \r\n                                                    <\/ul>\r\n                    <\/div>\r\n                    <div class=\"news-block_three-content\">\r\n                        <h4 class=\"news-block_three-heading\">\r\n                            <a href=\"https:\/\/profaj.co\/miknatis\/magnetism\/\">\r\n                                Magnetism                            <\/a>\r\n                        <\/h4>\r\n                    <\/div>\r\n                <\/div>\r\n            <\/div>\r\n            \r\n            <div class=\"news-block_three col-lg-4 col-md-6 col-sm-12\">\r\n                <div class=\"news-block_three-inner style_6 none\"\r\n                        data-wow-delay=\"\"\r\n                        data-wow-duration=\"\">\r\n                    <div class=\"news-block_three-image\">\r\n                                                <a href=\"https:\/\/profaj.co\/miknatis\/tr\/manyetizma\/\"><img decoding=\"async\" src=\"https:\/\/profaj.co\/miknatis\/wp-content\/uploads\/2023\/12\/haberler2.webp\" alt=\"\" \/><\/a>\r\n                        \r\n                        <ul class=\"news-block_three-meta list-unstyled\">\r\n                                                        <li><span class=\"icon fas fa-calendar-alt fa-fw\"><\/span>Ara 08, 2023<\/li>\r\n                            \r\n                                                    <\/ul>\r\n                    <\/div>\r\n                    <div class=\"news-block_three-content\">\r\n                        <h4 class=\"news-block_three-heading\">\r\n                            <a href=\"https:\/\/profaj.co\/miknatis\/tr\/manyetizma\/\">\r\n                                Manyetizma                            <\/a>\r\n                        <\/h4>\r\n                    <\/div>\r\n                <\/div>\r\n            <\/div>\r\n            \r\n            <div class=\"news-block_three col-lg-4 col-md-6 col-sm-12\">\r\n                <div class=\"news-block_three-inner style_6 none\"\r\n                        data-wow-delay=\"\"\r\n                        data-wow-duration=\"\">\r\n                    <div class=\"news-block_three-image\">\r\n                                                <a href=\"https:\/\/profaj.co\/miknatis\/tr\/elektromanyetik-induksiyon\/\"><img decoding=\"async\" src=\"https:\/\/profaj.co\/miknatis\/wp-content\/uploads\/2023\/12\/haberler1.webp\" alt=\"\" \/><\/a>\r\n                        \r\n                        <ul class=\"news-block_three-meta list-unstyled\">\r\n                                                        <li><span class=\"icon fas fa-calendar-alt fa-fw\"><\/span>Ara 08, 2023<\/li>\r\n                            \r\n                                                    <\/ul>\r\n                    <\/div>\r\n                    <div class=\"news-block_three-content\">\r\n                        <h4 class=\"news-block_three-heading\">\r\n                            <a href=\"https:\/\/profaj.co\/miknatis\/tr\/elektromanyetik-induksiyon\/\">\r\n                                Elektromanyetik \u0130nd\u00fcksiyon                            <\/a>\r\n                        <\/h4>\r\n                    <\/div>\r\n                <\/div>\r\n            <\/div>\r\n            <\/div>\r\n<\/div>\r\n<\/div>\t\t<\/div>\n\t\t\t\t<\/div>\n\t\t\t\t\t<\/div>\n\t\t<\/div>\n\t\t\t\t\t<\/div>\n\t\t<\/section>\n\t\t\t\t<\/div>\n\t\t","protected":false},"excerpt":{"rendered":"<p>Ara 08, 2023 Manyetizma Ara 08, 2023 Elektromanyetik \u0130nd\u00fcksiyon Eyl 03, 2023 Basic Rules of Running Agency business A\u011fu 30, 2023 Become The Best Sale Marketer for the world A\u011fu 30, 2023 Introducing Latest Modally Features Sale Marketer A\u011fu 30, 2023 How Can Change the IP from Your Wi-Fi 1 2<\/p>\n","protected":false},"author":1,"featured_media":0,"parent":0,"menu_order":0,"comment_status":"closed","ping_status":"closed","template":"elementor_header_footer","meta":{"footnotes":""},"class_list":["post-3399","page","type-page","status-publish","hentry"],"acf":[],"yoast_head":"<!-- This site is optimized with the Yoast SEO Premium plugin v22.1 (Yoast SEO v22.1) - https:\/\/yoast.com\/wordpress\/plugins\/seo\/ -->\n<title>Haberler - M\u0131knat\u0131s Ar-Ge<\/title>\n<meta name=\"robots\" content=\"index, follow, max-snippet:-1, max-image-preview:large, max-video-preview:-1\" \/>\n<link rel=\"canonical\" href=\"https:\/\/profaj.co\/miknatis\/tr\/haberler\/\" \/>\n<meta property=\"og:locale\" content=\"tr_TR\" \/>\n<meta property=\"og:type\" content=\"article\" \/>\n<meta property=\"og:title\" content=\"Haberler\" \/>\n<meta property=\"og:description\" content=\"Ara 08, 2023 Manyetizma Ara 08, 2023 Elektromanyetik \u0130nd\u00fcksiyon Eyl 03, 2023 Basic Rules of Running Agency business A\u011fu 30, 2023 Become The Best Sale Marketer for the world A\u011fu 30, 2023 Introducing Latest Modally Features Sale Marketer A\u011fu 30, 2023 How Can Change the IP from Your Wi-Fi 1 2\" \/>\n<meta property=\"og:url\" content=\"https:\/\/profaj.co\/miknatis\/tr\/haberler\/\" \/>\n<meta property=\"og:site_name\" content=\"M\u0131knat\u0131s Ar-Ge\" \/>\n<meta property=\"article:modified_time\" content=\"2024-02-29T11:39:54+00:00\" \/>\n<meta property=\"og:image\" content=\"https:\/\/profaj.co\/miknatis\/wp-content\/uploads\/2023\/12\/haberler2.webp\" \/>\n<meta name=\"twitter:card\" content=\"summary_large_image\" \/>\n<script type=\"application\/ld+json\" class=\"yoast-schema-graph\">{\"@context\":\"https:\/\/schema.org\",\"@graph\":[{\"@type\":\"WebPage\",\"@id\":\"https:\/\/profaj.co\/miknatis\/tr\/haberler\/\",\"url\":\"https:\/\/profaj.co\/miknatis\/tr\/haberler\/\",\"name\":\"Haberler - M\u0131knat\u0131s Ar-Ge\",\"isPartOf\":{\"@id\":\"https:\/\/profaj.co\/miknatis\/#website\"},\"datePublished\":\"2023-12-08T12:12:58+00:00\",\"dateModified\":\"2024-02-29T11:39:54+00:00\",\"breadcrumb\":{\"@id\":\"https:\/\/profaj.co\/miknatis\/tr\/haberler\/#breadcrumb\"},\"inLanguage\":\"tr\",\"potentialAction\":[{\"@type\":\"ReadAction\",\"target\":[\"https:\/\/profaj.co\/miknatis\/tr\/haberler\/\"]}]},{\"@type\":\"BreadcrumbList\",\"@id\":\"https:\/\/profaj.co\/miknatis\/tr\/haberler\/#breadcrumb\",\"itemListElement\":[{\"@type\":\"ListItem\",\"position\":1,\"name\":\"Anasayfa\",\"item\":\"https:\/\/profaj.co\/miknatis\/tr\/anasayfa\/\"},{\"@type\":\"ListItem\",\"position\":2,\"name\":\"Haberler\"}]},{\"@type\":\"WebSite\",\"@id\":\"https:\/\/profaj.co\/miknatis\/#website\",\"url\":\"https:\/\/profaj.co\/miknatis\/\",\"name\":\"M\u0131knat\u0131s Ar-Ge\",\"description\":\"\",\"publisher\":{\"@id\":\"https:\/\/profaj.co\/miknatis\/#organization\"},\"potentialAction\":[{\"@type\":\"SearchAction\",\"target\":{\"@type\":\"EntryPoint\",\"urlTemplate\":\"https:\/\/profaj.co\/miknatis\/?s={search_term_string}\"},\"query-input\":\"required name=search_term_string\"}],\"inLanguage\":\"tr\"},{\"@type\":\"Organization\",\"@id\":\"https:\/\/profaj.co\/miknatis\/#organization\",\"name\":\"M\u0131knat\u0131s Ar-Ge\",\"url\":\"https:\/\/profaj.co\/miknatis\/\",\"logo\":{\"@type\":\"ImageObject\",\"inLanguage\":\"tr\",\"@id\":\"https:\/\/profaj.co\/miknatis\/#\/schema\/logo\/image\/\",\"url\":\"https:\/\/profaj.co\/miknatis\/wp-content\/uploads\/2023\/12\/logo-white.webp\",\"contentUrl\":\"https:\/\/profaj.co\/miknatis\/wp-content\/uploads\/2023\/12\/logo-white.webp\",\"width\":300,\"height\":266,\"caption\":\"M\u0131knat\u0131s Ar-Ge\"},\"image\":{\"@id\":\"https:\/\/profaj.co\/miknatis\/#\/schema\/logo\/image\/\"}}]}<\/script>\n<!-- \/ Yoast SEO Premium plugin. -->","yoast_head_json":{"title":"Haberler - M\u0131knat\u0131s Ar-Ge","robots":{"index":"index","follow":"follow","max-snippet":"max-snippet:-1","max-image-preview":"max-image-preview:large","max-video-preview":"max-video-preview:-1"},"canonical":"https:\/\/profaj.co\/miknatis\/tr\/haberler\/","og_locale":"tr_TR","og_type":"article","og_title":"Haberler","og_description":"Ara 08, 2023 Manyetizma Ara 08, 2023 Elektromanyetik \u0130nd\u00fcksiyon Eyl 03, 2023 Basic Rules of Running Agency business A\u011fu 30, 2023 Become The Best Sale Marketer for the world A\u011fu 30, 2023 Introducing Latest Modally Features Sale Marketer A\u011fu 30, 2023 How Can Change the IP from Your Wi-Fi 1 2","og_url":"https:\/\/profaj.co\/miknatis\/tr\/haberler\/","og_site_name":"M\u0131knat\u0131s Ar-Ge","article_modified_time":"2024-02-29T11:39:54+00:00","og_image":[{"url":"https:\/\/profaj.co\/miknatis\/wp-content\/uploads\/2023\/12\/haberler2.webp"}],"twitter_card":"summary_large_image","schema":{"@context":"https:\/\/schema.org","@graph":[{"@type":"WebPage","@id":"https:\/\/profaj.co\/miknatis\/tr\/haberler\/","url":"https:\/\/profaj.co\/miknatis\/tr\/haberler\/","name":"Haberler - M\u0131knat\u0131s Ar-Ge","isPartOf":{"@id":"https:\/\/profaj.co\/miknatis\/#website"},"datePublished":"2023-12-08T12:12:58+00:00","dateModified":"2024-02-29T11:39:54+00:00","breadcrumb":{"@id":"https:\/\/profaj.co\/miknatis\/tr\/haberler\/#breadcrumb"},"inLanguage":"tr","potentialAction":[{"@type":"ReadAction","target":["https:\/\/profaj.co\/miknatis\/tr\/haberler\/"]}]},{"@type":"BreadcrumbList","@id":"https:\/\/profaj.co\/miknatis\/tr\/haberler\/#breadcrumb","itemListElement":[{"@type":"ListItem","position":1,"name":"Anasayfa","item":"https:\/\/profaj.co\/miknatis\/tr\/anasayfa\/"},{"@type":"ListItem","position":2,"name":"Haberler"}]},{"@type":"WebSite","@id":"https:\/\/profaj.co\/miknatis\/#website","url":"https:\/\/profaj.co\/miknatis\/","name":"M\u0131knat\u0131s Ar-Ge","description":"","publisher":{"@id":"https:\/\/profaj.co\/miknatis\/#organization"},"potentialAction":[{"@type":"SearchAction","target":{"@type":"EntryPoint","urlTemplate":"https:\/\/profaj.co\/miknatis\/?s={search_term_string}"},"query-input":"required name=search_term_string"}],"inLanguage":"tr"},{"@type":"Organization","@id":"https:\/\/profaj.co\/miknatis\/#organization","name":"M\u0131knat\u0131s Ar-Ge","url":"https:\/\/profaj.co\/miknatis\/","logo":{"@type":"ImageObject","inLanguage":"tr","@id":"https:\/\/profaj.co\/miknatis\/#\/schema\/logo\/image\/","url":"https:\/\/profaj.co\/miknatis\/wp-content\/uploads\/2023\/12\/logo-white.webp","contentUrl":"https:\/\/profaj.co\/miknatis\/wp-content\/uploads\/2023\/12\/logo-white.webp","width":300,"height":266,"caption":"M\u0131knat\u0131s Ar-Ge"},"image":{"@id":"https:\/\/profaj.co\/miknatis\/#\/schema\/logo\/image\/"}}]}},"lang":"tr","translations":{"tr":3399,"en":5735},"pll_sync_post":[],"_links":{"self":[{"href":"https:\/\/profaj.co\/miknatis\/wp-json\/wp\/v2\/pages\/3399","targetHints":{"allow":["GET"]}}],"collection":[{"href":"https:\/\/profaj.co\/miknatis\/wp-json\/wp\/v2\/pages"}],"about":[{"href":"https:\/\/profaj.co\/miknatis\/wp-json\/wp\/v2\/types\/page"}],"author":[{"embeddable":true,"href":"https:\/\/profaj.co\/miknatis\/wp-json\/wp\/v2\/users\/1"}],"replies":[{"embeddable":true,"href":"https:\/\/profaj.co\/miknatis\/wp-json\/wp\/v2\/comments?post=3399"}],"version-history":[{"count":20,"href":"https:\/\/profaj.co\/miknatis\/wp-json\/wp\/v2\/pages\/3399\/revisions"}],"predecessor-version":[{"id":6032,"href":"https:\/\/profaj.co\/miknatis\/wp-json\/wp\/v2\/pages\/3399\/revisions\/6032"}],"wp:attachment":[{"href":"https:\/\/profaj.co\/miknatis\/wp-json\/wp\/v2\/media?parent=3399"}],"curies":[{"name":"wp","href":"https:\/\/api.w.org\/{rel}","templated":true}]}}