{"id":3457,"date":"2023-12-08T16:37:18","date_gmt":"2023-12-08T13:37:18","guid":{"rendered":"https:\/\/profaj.co\/miknatis\/?page_id=3457"},"modified":"2025-12-16T11:49:03","modified_gmt":"2025-12-16T08:49:03","slug":"insan-kaynaklari","status":"publish","type":"page","link":"https:\/\/profaj.co\/miknatis\/tr\/insan-kaynaklari\/","title":{"rendered":"\u0130nsan Kaynaklar\u0131"},"content":{"rendered":"\t\t<div data-elementor-type=\"wp-page\" data-elementor-id=\"3457\" class=\"elementor elementor-3457\" data-elementor-post-type=\"page\">\n\t\t\t\t\t\t<section class=\"elementor-section elementor-top-section elementor-element elementor-element-807c7b3 elementor-section-boxed elementor-section-height-default elementor-section-height-default\" data-id=\"807c7b3\" data-element_type=\"section\">\n\t\t\t\t\t\t<div class=\"elementor-container elementor-column-gap-default\">\n\t\t\t\t\t<div class=\"elementor-column elementor-col-50 elementor-top-column elementor-element elementor-element-5d4e3d3\" data-id=\"5d4e3d3\" data-element_type=\"column\">\n\t\t\t<div class=\"elementor-widget-wrap elementor-element-populated\">\n\t\t\t\t\t\t<div class=\"elementor-element elementor-element-7ead410 elementor-widget elementor-widget-section_heading elh-el section_heading\" data-id=\"7ead410\" data-element_type=\"widget\" data-settings=\"{&quot;design_style&quot;:&quot;style_2&quot;}\" data-widget_type=\"section_heading.default\">\n\t\t\t\t<div class=\"elementor-widget-container\">\n\t\t\t<div class=\"baz-section-title tx-sectionHeading bazzi-home baz-text \">\r\n        <div class=\"sub-title d-inline-block text-uppercase position-relative wow fadeInRight\"  data-wow-delay=\"200ms\" data-wow-duration=\"1000ms\">\r\n        \u0130nsan Kaynaklar\u0131    <\/div>\r\n    \r\n    <h2 class=\"baz-sec-title text-uppercase tx-split-text split-in-up\">G\u00fc\u00e7l\u00fc Bir Ekibin Temeli<\/h2>\r\n    <\/div>\t\t<\/div>\n\t\t\t\t<\/div>\n\t\t\t\t<div class=\"elementor-element elementor-element-b5b1295 elementor-widget elementor-widget-text-editor\" data-id=\"b5b1295\" data-element_type=\"widget\" data-widget_type=\"text-editor.default\">\n\t\t\t\t<div class=\"elementor-widget-container\">\n\t\t\t<style>\/*! elementor - v3.21.0 - 26-05-2024 *\/\n.elementor-widget-text-editor.elementor-drop-cap-view-stacked .elementor-drop-cap{background-color:#69727d;color:#fff}.elementor-widget-text-editor.elementor-drop-cap-view-framed .elementor-drop-cap{color:#69727d;border:3px solid;background-color:transparent}.elementor-widget-text-editor:not(.elementor-drop-cap-view-default) .elementor-drop-cap{margin-top:8px}.elementor-widget-text-editor:not(.elementor-drop-cap-view-default) .elementor-drop-cap-letter{width:1em;height:1em}.elementor-widget-text-editor .elementor-drop-cap{float:left;text-align:center;line-height:1;font-size:50px}.elementor-widget-text-editor .elementor-drop-cap-letter{display:inline-block}<\/style>\t\t\t\t\u0130\u015fimizin temelinde insan g\u00fcc\u00fc var. M\u0131knat\u0131s Ar-Ge olarak, ekip ruhu, uzmanl\u0131k ve etik de\u011ferleri \u00f6n planda tutan bir i\u015f k\u00fclt\u00fcr\u00fc olu\u015fturuyoruz. \u0130nsan kaynaklar\u0131 politikam\u0131z, \u00e7al\u0131\u015fanlar\u0131m\u0131z\u0131n bireysel geli\u015fimini destekleyerek, i\u015fbirli\u011fi ve d\u00fcr\u00fcstl\u00fck ilkesini benimseyerek \u015firketimizin ba\u015far\u0131s\u0131na katk\u0131 sa\u011flamay\u0131 ama\u00e7lar. Ekip arkada\u015flar\u0131m\u0131z\u0131 sekt\u00f6rdeki en iyi yetenekleri \u00e7ekmeye ve korumaya y\u00f6nelik bir \u00e7aba i\u00e7indeyiz. M\u0131knat\u0131s Ar-Ge&#8217;de kariyerinizi \u015fekillendirmek ve ba\u015far\u0131lar\u0131n\u0131za de\u011fer katmak i\u00e7in do\u011fru yerdesiniz.\t\t\t\t\t\t<\/div>\n\t\t\t\t<\/div>\n\t\t\t\t<section class=\"elementor-section elementor-inner-section elementor-element elementor-element-8ad68cd elementor-section-boxed elementor-section-height-default elementor-section-height-default\" data-id=\"8ad68cd\" data-element_type=\"section\">\n\t\t\t\t\t\t<div class=\"elementor-container elementor-column-gap-default\">\n\t\t\t\t\t<div class=\"elementor-column elementor-col-100 elementor-inner-column elementor-element elementor-element-5e874ff\" data-id=\"5e874ff\" data-element_type=\"column\" data-settings=\"{&quot;background_background&quot;:&quot;classic&quot;}\">\n\t\t\t<div class=\"elementor-widget-wrap elementor-element-populated\">\n\t\t\t\t\t\t<div class=\"elementor-element elementor-element-ef03b26 elementor-view-default elementor-position-top elementor-mobile-position-top elementor-widget elementor-widget-icon-box\" data-id=\"ef03b26\" data-element_type=\"widget\" data-widget_type=\"icon-box.default\">\n\t\t\t\t<div class=\"elementor-widget-container\">\n\t\t\t<link rel=\"stylesheet\" href=\"https:\/\/profaj.co\/miknatis\/wp-content\/plugins\/elementor\/assets\/css\/widget-icon-box.min.css\">\t\t<div class=\"elementor-icon-box-wrapper\">\n\n\t\t\t\t\t\t<div class=\"elementor-icon-box-icon\">\n\t\t\t\t<span  class=\"elementor-icon elementor-animation-\">\n\t\t\t\t<svg xmlns=\"http:\/\/www.w3.org\/2000\/svg\" viewBox=\"0 0 64 64\" width=\"512\" height=\"512\"><g id=\"Layer_3\" data-name=\"Layer 3\"><path d=\"M43.035,23.384a1,1,0,1,0-1.575,1.232A11.879,11.879,0,0,1,44,32a12,12,0,1,1-5.539-10.114A1,1,0,0,0,39.539,20.2a14.009,14.009,0,1,0,3.5,3.183Z\"><\/path><path d=\"M47.244,43a1.009,1.009,0,0,1-.114-1.271,17.876,17.876,0,0,0,2.332-5.381l2.575,1.288c-.011.121-.037.239-.037.363a4.012,4.012,0,1,0,.708-2.264l-2.86-1.43a18.271,18.271,0,0,0,.027-4.442,17.679,17.679,0,0,0-2.753-7.572l2.267-2.267a9.023,9.023,0,1,0-1.414-1.414l-2.041,2.041a17.954,17.954,0,0,0-11.617-6.507c-.44-.055-.879-.088-1.317-.112V11.858a4,4,0,1,0-2,0v2.175a17.888,17.888,0,0,0-11,4.552l-3.974-3.974a9.023,9.023,0,1,0-1.414,1.414L18.585,20a17.9,17.9,0,0,0-4.553,11H11.858a4,4,0,1,0,0,2h2.175c.023.438.057.877.112,1.317A17.7,17.7,0,0,0,17.7,42.885l-3.09,3.09a9.023,9.023,0,1,0,1.414,1.414l2.982-2.982a17.938,17.938,0,0,0,10.857,5.468,18.382,18.382,0,0,0,3.344.081l.667,2.668A3.984,3.984,0,1,0,36,52c-.073,0-.141.018-.214.022l-.58-2.319A17.8,17.8,0,0,0,41.73,47.13,1.007,1.007,0,0,1,43,47.244L58.879,63.121A2.994,2.994,0,0,0,61,64c.081,0,.162,0,.243-.01a3.008,3.008,0,0,0,2.2-1.249,3.083,3.083,0,0,0-.4-3.938ZM56,36a2,2,0,1,1-2,2A2,2,0,0,1,56,36ZM55,6a7,7,0,1,1-7,7A7.008,7.008,0,0,1,55,6ZM9,60a7,7,0,1,1,7-7A7.008,7.008,0,0,1,9,60Zm29-4a2,2,0,1,1-2-2A2,2,0,0,1,38,56ZM30,8a2,2,0,1,1,2,2A2,2,0,0,1,30,8ZM9,16a7,7,0,1,1,7-7A7.008,7.008,0,0,1,9,16ZM8,34a2,2,0,1,1,2-2A2,2,0,0,1,8,34ZM61.821,61.573a1,1,0,0,1-.739.424.981.981,0,0,1-.789-.29L44.416,45.83a2.966,2.966,0,0,0-2.107-.876,3.062,3.062,0,0,0-1.663.5A15.862,15.862,0,0,1,30.1,47.889,16,16,0,1,1,47.889,30.1,15.856,15.856,0,0,1,45.45,40.646a2.994,2.994,0,0,0,.38,3.77l15.8,15.8A1.084,1.084,0,0,1,61.821,61.573Z\"><\/path><path d=\"M24,36v1.786a3.038,3.038,0,0,0,1.727,2.724,13.965,13.965,0,0,0,12.545,0A3.037,3.037,0,0,0,40,37.786V36a8.008,8.008,0,0,0-4.982-7.4A3.963,3.963,0,0,0,36,26a4,4,0,0,0-8,0,3.963,3.963,0,0,0,.982,2.6A8.008,8.008,0,0,0,24,36Zm6-10a2,2,0,1,1,2,2A2,2,0,0,1,30,26Zm2,4a6.006,6.006,0,0,1,6,6v1.786a1.027,1.027,0,0,1-.588.918,11.893,11.893,0,0,1-10.824,0A1.027,1.027,0,0,1,26,37.786V36A6.006,6.006,0,0,1,32,30Z\"><\/path><path d=\"M51.636,18.369a9.3,9.3,0,0,0,6.728,0A2.542,2.542,0,0,0,60,16a4.983,4.983,0,0,0-2.52-4.315,3,3,0,1,0-4.96,0A4.983,4.983,0,0,0,50,16,2.542,2.542,0,0,0,51.636,18.369ZM54,10a1,1,0,1,1,1,1A1,1,0,0,1,54,10Zm1,3a3,3,0,0,1,3,3,.532.532,0,0,1-.34.5h0a7.249,7.249,0,0,1-5.319,0A.532.532,0,0,1,52,16,3,3,0,0,1,55,13Z\"><\/path><path d=\"M11.48,51.685a3,3,0,1,0-4.96,0A4.983,4.983,0,0,0,4,56a2.542,2.542,0,0,0,1.636,2.369,9.3,9.3,0,0,0,6.728,0A2.542,2.542,0,0,0,14,56,4.983,4.983,0,0,0,11.48,51.685ZM8,50a1,1,0,1,1,1,1A1,1,0,0,1,8,50Zm3.66,6.5h0a7.249,7.249,0,0,1-5.319,0A.532.532,0,0,1,6,56a3,3,0,0,1,6,0A.532.532,0,0,1,11.66,56.5Z\"><\/path><path d=\"M11.48,7.685a3,3,0,1,0-4.96,0A4.983,4.983,0,0,0,4,12a2.542,2.542,0,0,0,1.636,2.369,9.3,9.3,0,0,0,6.728,0A2.542,2.542,0,0,0,14,12,4.983,4.983,0,0,0,11.48,7.685ZM8,6A1,1,0,1,1,9,7,1,1,0,0,1,8,6Zm3.66,6.5h0a7.249,7.249,0,0,1-5.319,0A.532.532,0,0,1,6,12a3,3,0,0,1,6,0A.532.532,0,0,1,11.66,12.5Z\"><\/path><\/g><\/svg>\t\t\t\t<\/span>\n\t\t\t<\/div>\n\t\t\t\n\t\t\t\t\t\t<div class=\"elementor-icon-box-content\">\n\n\t\t\t\t\t\t\t\t\t<h3 class=\"elementor-icon-box-title\">\n\t\t\t\t\t\t<span  >\n\t\t\t\t\t\t\tGelece\u011finizi \u015eekillendirin!\t\t\t\t\t\t<\/span>\n\t\t\t\t\t<\/h3>\n\t\t\t\t\n\t\t\t\t\t\t\t\t\t<p class=\"elementor-icon-box-description\">\n\t\t\t\t\t\tUygun pozisyonlara ba\u015fvuruda bulunmak i\u00e7in l\u00fctfen ba\u015fvurunuzu <a style=\"color:#004976;font-weight:500\" href=\"mailto:ik@miknatis.net\">ik@miknatis.net<\/a> adresine e-mail olarak g\u00f6nderin. Ba\u015fvurular\u0131n\u0131z\u0131 de\u011ferlendirmek i\u00e7in sab\u0131rs\u0131zl\u0131kla bekliyoruz.\t\t\t\t\t<\/p>\n\t\t\t\t\n\t\t\t<\/div>\n\t\t\t\n\t\t<\/div>\n\t\t\t\t<\/div>\n\t\t\t\t<\/div>\n\t\t\t\t\t<\/div>\n\t\t<\/div>\n\t\t\t\t\t<\/div>\n\t\t<\/section>\n\t\t\t\t\t<\/div>\n\t\t<\/div>\n\t\t\t\t<div class=\"elementor-column elementor-col-50 elementor-top-column elementor-element elementor-element-5343145\" data-id=\"5343145\" data-element_type=\"column\">\n\t\t\t<div class=\"elementor-widget-wrap elementor-element-populated\">\n\t\t\t\t\t\t<div class=\"elementor-element elementor-element-867edcd elementor-widget elementor-widget-heading\" data-id=\"867edcd\" data-element_type=\"widget\" data-widget_type=\"heading.default\">\n\t\t\t\t<div class=\"elementor-widget-container\">\n\t\t\t<style>\/*! elementor - v3.21.0 - 26-05-2024 *\/\n.elementor-heading-title{padding:0;margin:0;line-height:1}.elementor-widget-heading .elementor-heading-title[class*=elementor-size-]>a{color:inherit;font-size:inherit;line-height:inherit}.elementor-widget-heading .elementor-heading-title.elementor-size-small{font-size:15px}.elementor-widget-heading .elementor-heading-title.elementor-size-medium{font-size:19px}.elementor-widget-heading .elementor-heading-title.elementor-size-large{font-size:29px}.elementor-widget-heading .elementor-heading-title.elementor-size-xl{font-size:39px}.elementor-widget-heading .elementor-heading-title.elementor-size-xxl{font-size:59px}<\/style><h2 class=\"elementor-heading-title elementor-size-default\">insan kaynaklar\u0131<\/h2>\t\t<\/div>\n\t\t\t\t<\/div>\n\t\t\t\t<div class=\"elementor-element elementor-element-7e2e895 elementor-widget elementor-widget-heading\" data-id=\"7e2e895\" data-element_type=\"widget\" data-widget_type=\"heading.default\">\n\t\t\t\t<div class=\"elementor-widget-container\">\n\t\t\t<h2 class=\"elementor-heading-title elementor-size-default\">Ba\u015fvuru Formu<\/h2>\t\t<\/div>\n\t\t\t\t<\/div>\n\t\t\t\t<div class=\"elementor-element elementor-element-5d4ba74 baz-team-details-contact-form elementor-widget__width-initial elementor-widget elementor-widget-shortcode\" data-id=\"5d4ba74\" data-element_type=\"widget\" data-widget_type=\"shortcode.default\">\n\t\t\t\t<div class=\"elementor-widget-container\">\n\t\t\t\t\t<div class=\"elementor-shortcode\">\n<div class=\"wpcf7 no-js\" id=\"wpcf7-f1413-o1\" lang=\"en-US\" dir=\"ltr\">\n<div class=\"screen-reader-response\"><p role=\"status\" aria-live=\"polite\" aria-atomic=\"true\"><\/p> <ul><\/ul><\/div>\n<form action=\"\/miknatis\/wp-json\/wp\/v2\/pages\/3457#wpcf7-f1413-o1\" method=\"post\" class=\"wpcf7-form init\" aria-label=\"Contact form\" enctype=\"multipart\/form-data\" novalidate=\"novalidate\" data-status=\"init\">\n<div style=\"display: none;\">\n<input type=\"hidden\" name=\"_wpcf7\" value=\"1413\" \/>\n<input type=\"hidden\" name=\"_wpcf7_version\" value=\"5.8.4\" \/>\n<input type=\"hidden\" name=\"_wpcf7_locale\" value=\"en_US\" \/>\n<input type=\"hidden\" name=\"_wpcf7_unit_tag\" value=\"wpcf7-f1413-o1\" \/>\n<input type=\"hidden\" name=\"_wpcf7_container_post\" value=\"0\" \/>\n<input type=\"hidden\" name=\"_wpcf7_posted_data_hash\" value=\"\" \/>\n<\/div>\n<div class=\"row\">\n  <div class=\"col-md-6\">\n       <span class=\"wpcf7-form-control-wrap\" data-name=\"text-716\"><input size=\"40\" class=\"wpcf7-form-control wpcf7-text wpcf7-validates-as-required\" aria-required=\"true\" aria-invalid=\"false\" placeholder=\"Ad\u0131n\u0131z*\" value=\"\" type=\"text\" name=\"text-716\" \/><\/span>\n  <\/div>\n  <div class=\"col-md-6\">\n       <span class=\"wpcf7-form-control-wrap\" data-name=\"text-717\"><input size=\"40\" class=\"wpcf7-form-control wpcf7-text wpcf7-validates-as-required\" aria-required=\"true\" aria-invalid=\"false\" placeholder=\"Soyad\u0131n\u0131z*\" value=\"\" type=\"text\" name=\"text-717\" \/><\/span>\n  <\/div>\n  <div class=\"col-md-6\">\n       <span class=\"wpcf7-form-control-wrap\" data-name=\"tel-118\"><input size=\"40\" class=\"wpcf7-form-control wpcf7-tel wpcf7-validates-as-required wpcf7-text wpcf7-validates-as-tel\" aria-required=\"true\" aria-invalid=\"false\" placeholder=\"Telefon Numaran\u0131z*\" value=\"\" type=\"tel\" name=\"tel-118\" \/><\/span>\n  <\/div>\n  <div class=\"col-md-6\">\n       <span class=\"wpcf7-form-control-wrap\" data-name=\"email-4\"><input size=\"40\" class=\"wpcf7-form-control wpcf7-email wpcf7-validates-as-required wpcf7-text wpcf7-validates-as-email\" aria-required=\"true\" aria-invalid=\"false\" placeholder=\"E-Mail Adresiniz*\" value=\"\" type=\"email\" name=\"email-4\" \/><\/span>\n  <\/div>\n  <div class=\"col-md-6\">\n       <span class=\"wpcf7-form-control-wrap\" data-name=\"your-place\"><input size=\"40\" class=\"wpcf7-form-control wpcf7-text wpcf7-validates-as-required\" aria-required=\"true\" aria-invalid=\"false\" placeholder=\"Do\u011fum Yeriniz*\" value=\"\" type=\"text\" name=\"your-place\" \/><\/span>\n  <\/div>\n  <div class=\"col-md-6\">\n       <span class=\"wpcf7-form-control-wrap\" data-name=\"date-156\"><input class=\"wpcf7-form-control wpcf7-date wpcf7-validates-as-required wpcf7-validates-as-date\" aria-required=\"true\" aria-invalid=\"false\" placeholder=\"Do\u011fum Tarihiniz*\" value=\"\" type=\"date\" name=\"date-156\" \/><\/span>\n  <\/div>\n  <div class=\"col-md-12\">\n       <span class=\"wpcf7-form-control-wrap\" data-name=\"menu-443\"><select class=\"wpcf7-form-control wpcf7-select\" aria-invalid=\"false\" name=\"menu-443\"><option value=\"Pozisyon Se\u00e7iniz..\">Pozisyon Se\u00e7iniz..<\/option><option value=\"Pozisyon 1\">Pozisyon 1<\/option><option value=\"Pozisyon 2\">Pozisyon 2<\/option><option value=\"Pozisyon 3\">Pozisyon 3<\/option><\/select><\/span>\n  <\/div>\n  <div class=\"col-md-12\">\n       <span class=\"wpcf7-form-control-wrap\" data-name=\"file-33\"><input size=\"40\" class=\"wpcf7-form-control wpcf7-file wpcf7-validates-as-required\" accept=\".jpeg,.png,.pdf,.jpg\" aria-required=\"true\" aria-invalid=\"false\" type=\"file\" name=\"file-33\" \/><\/span>\n  <\/div>\n  <div class=\"col-md-12\">\n       <span class=\"wpcf7-form-control-wrap\" data-name=\"textarea-752\"><textarea cols=\"40\" rows=\"10\" class=\"wpcf7-form-control wpcf7-textarea wpcf7-validates-as-required\" aria-required=\"true\" aria-invalid=\"false\" placeholder=\"Mesaj\u0131n\u0131z...\" name=\"textarea-752\"><\/textarea><\/span>\n  <\/div>\n  <div class=\"col-md-12\">\n       <div class=\"ai-submit-btn d-flex justify-content-center\">\n            <button type=\"submit\">G\u00f6nder<\/button>\n       <\/div>\n  <\/div>\n<\/div><div class=\"wpcf7-response-output\" aria-hidden=\"true\"><\/div>\n<\/form>\n<\/div>\n<\/div>\n\t\t\t\t<\/div>\n\t\t\t\t<\/div>\n\t\t\t\t\t<\/div>\n\t\t<\/div>\n\t\t\t\t\t<\/div>\n\t\t<\/section>\n\t\t\t\t<\/div>\n\t\t","protected":false},"excerpt":{"rendered":"<p>\u0130nsan Kaynaklar\u0131 G\u00fc\u00e7l\u00fc Bir Ekibin Temeli \u0130\u015fimizin temelinde insan g\u00fcc\u00fc var. M\u0131knat\u0131s Ar-Ge olarak, ekip ruhu, uzmanl\u0131k ve etik de\u011ferleri \u00f6n planda tutan bir i\u015f k\u00fclt\u00fcr\u00fc olu\u015fturuyoruz. \u0130nsan kaynaklar\u0131 politikam\u0131z, \u00e7al\u0131\u015fanlar\u0131m\u0131z\u0131n bireysel geli\u015fimini destekleyerek, i\u015fbirli\u011fi ve d\u00fcr\u00fcstl\u00fck ilkesini benimseyerek \u015firketimizin ba\u015far\u0131s\u0131na katk\u0131 sa\u011flamay\u0131 ama\u00e7lar. Ekip arkada\u015flar\u0131m\u0131z\u0131 sekt\u00f6rdeki en iyi yetenekleri \u00e7ekmeye ve korumaya y\u00f6nelik bir [&hellip;]<\/p>\n","protected":false},"author":1,"featured_media":0,"parent":0,"menu_order":0,"comment_status":"closed","ping_status":"closed","template":"elementor_header_footer","meta":{"footnotes":""},"class_list":["post-3457","page","type-page","status-publish","hentry"],"acf":[],"yoast_head":"<!-- This site is optimized with the Yoast SEO Premium plugin v22.1 (Yoast SEO v22.1) - https:\/\/yoast.com\/wordpress\/plugins\/seo\/ -->\n<title>\u0130nsan Kaynaklar\u0131 - M\u0131knat\u0131s Ar-Ge<\/title>\n<meta name=\"robots\" content=\"index, follow, max-snippet:-1, max-image-preview:large, max-video-preview:-1\" \/>\n<link rel=\"canonical\" href=\"https:\/\/profaj.co\/miknatis\/tr\/insan-kaynaklari\/\" \/>\n<meta property=\"og:locale\" content=\"tr_TR\" \/>\n<meta property=\"og:type\" content=\"article\" \/>\n<meta property=\"og:title\" content=\"\u0130nsan Kaynaklar\u0131\" \/>\n<meta property=\"og:description\" content=\"\u0130nsan Kaynaklar\u0131 G\u00fc\u00e7l\u00fc Bir Ekibin Temeli \u0130\u015fimizin temelinde insan g\u00fcc\u00fc var. M\u0131knat\u0131s Ar-Ge olarak, ekip ruhu, uzmanl\u0131k ve etik de\u011ferleri \u00f6n planda tutan bir i\u015f k\u00fclt\u00fcr\u00fc olu\u015fturuyoruz. \u0130nsan kaynaklar\u0131 politikam\u0131z, \u00e7al\u0131\u015fanlar\u0131m\u0131z\u0131n bireysel geli\u015fimini destekleyerek, i\u015fbirli\u011fi ve d\u00fcr\u00fcstl\u00fck ilkesini benimseyerek \u015firketimizin ba\u015far\u0131s\u0131na katk\u0131 sa\u011flamay\u0131 ama\u00e7lar. Ekip arkada\u015flar\u0131m\u0131z\u0131 sekt\u00f6rdeki en iyi yetenekleri \u00e7ekmeye ve korumaya y\u00f6nelik bir [&hellip;]\" \/>\n<meta property=\"og:url\" content=\"https:\/\/profaj.co\/miknatis\/tr\/insan-kaynaklari\/\" \/>\n<meta property=\"og:site_name\" content=\"M\u0131knat\u0131s Ar-Ge\" \/>\n<meta property=\"article:modified_time\" content=\"2025-12-16T08:49:03+00:00\" \/>\n<meta name=\"twitter:card\" content=\"summary_large_image\" \/>\n<meta name=\"twitter:label1\" content=\"Tahmini okuma s\u00fcresi\" \/>\n\t<meta name=\"twitter:data1\" content=\"1 dakika\" \/>\n<script type=\"application\/ld+json\" class=\"yoast-schema-graph\">{\"@context\":\"https:\/\/schema.org\",\"@graph\":[{\"@type\":\"WebPage\",\"@id\":\"https:\/\/profaj.co\/miknatis\/tr\/insan-kaynaklari\/\",\"url\":\"https:\/\/profaj.co\/miknatis\/tr\/insan-kaynaklari\/\",\"name\":\"\u0130nsan Kaynaklar\u0131 - M\u0131knat\u0131s Ar-Ge\",\"isPartOf\":{\"@id\":\"https:\/\/profaj.co\/miknatis\/#website\"},\"datePublished\":\"2023-12-08T13:37:18+00:00\",\"dateModified\":\"2025-12-16T08:49:03+00:00\",\"breadcrumb\":{\"@id\":\"https:\/\/profaj.co\/miknatis\/tr\/insan-kaynaklari\/#breadcrumb\"},\"inLanguage\":\"tr\",\"potentialAction\":[{\"@type\":\"ReadAction\",\"target\":[\"https:\/\/profaj.co\/miknatis\/tr\/insan-kaynaklari\/\"]}]},{\"@type\":\"BreadcrumbList\",\"@id\":\"https:\/\/profaj.co\/miknatis\/tr\/insan-kaynaklari\/#breadcrumb\",\"itemListElement\":[{\"@type\":\"ListItem\",\"position\":1,\"name\":\"Anasayfa\",\"item\":\"https:\/\/profaj.co\/miknatis\/tr\/anasayfa\/\"},{\"@type\":\"ListItem\",\"position\":2,\"name\":\"\u0130nsan Kaynaklar\u0131\"}]},{\"@type\":\"WebSite\",\"@id\":\"https:\/\/profaj.co\/miknatis\/#website\",\"url\":\"https:\/\/profaj.co\/miknatis\/\",\"name\":\"M\u0131knat\u0131s Ar-Ge\",\"description\":\"\",\"publisher\":{\"@id\":\"https:\/\/profaj.co\/miknatis\/#organization\"},\"potentialAction\":[{\"@type\":\"SearchAction\",\"target\":{\"@type\":\"EntryPoint\",\"urlTemplate\":\"https:\/\/profaj.co\/miknatis\/?s={search_term_string}\"},\"query-input\":\"required name=search_term_string\"}],\"inLanguage\":\"tr\"},{\"@type\":\"Organization\",\"@id\":\"https:\/\/profaj.co\/miknatis\/#organization\",\"name\":\"M\u0131knat\u0131s Ar-Ge\",\"url\":\"https:\/\/profaj.co\/miknatis\/\",\"logo\":{\"@type\":\"ImageObject\",\"inLanguage\":\"tr\",\"@id\":\"https:\/\/profaj.co\/miknatis\/#\/schema\/logo\/image\/\",\"url\":\"https:\/\/profaj.co\/miknatis\/wp-content\/uploads\/2023\/12\/logo-white.webp\",\"contentUrl\":\"https:\/\/profaj.co\/miknatis\/wp-content\/uploads\/2023\/12\/logo-white.webp\",\"width\":300,\"height\":266,\"caption\":\"M\u0131knat\u0131s Ar-Ge\"},\"image\":{\"@id\":\"https:\/\/profaj.co\/miknatis\/#\/schema\/logo\/image\/\"}}]}<\/script>\n<!-- \/ Yoast SEO Premium plugin. -->","yoast_head_json":{"title":"\u0130nsan Kaynaklar\u0131 - M\u0131knat\u0131s Ar-Ge","robots":{"index":"index","follow":"follow","max-snippet":"max-snippet:-1","max-image-preview":"max-image-preview:large","max-video-preview":"max-video-preview:-1"},"canonical":"https:\/\/profaj.co\/miknatis\/tr\/insan-kaynaklari\/","og_locale":"tr_TR","og_type":"article","og_title":"\u0130nsan Kaynaklar\u0131","og_description":"\u0130nsan Kaynaklar\u0131 G\u00fc\u00e7l\u00fc Bir Ekibin Temeli \u0130\u015fimizin temelinde insan g\u00fcc\u00fc var. M\u0131knat\u0131s Ar-Ge olarak, ekip ruhu, uzmanl\u0131k ve etik de\u011ferleri \u00f6n planda tutan bir i\u015f k\u00fclt\u00fcr\u00fc olu\u015fturuyoruz. \u0130nsan kaynaklar\u0131 politikam\u0131z, \u00e7al\u0131\u015fanlar\u0131m\u0131z\u0131n bireysel geli\u015fimini destekleyerek, i\u015fbirli\u011fi ve d\u00fcr\u00fcstl\u00fck ilkesini benimseyerek \u015firketimizin ba\u015far\u0131s\u0131na katk\u0131 sa\u011flamay\u0131 ama\u00e7lar. Ekip arkada\u015flar\u0131m\u0131z\u0131 sekt\u00f6rdeki en iyi yetenekleri \u00e7ekmeye ve korumaya y\u00f6nelik bir [&hellip;]","og_url":"https:\/\/profaj.co\/miknatis\/tr\/insan-kaynaklari\/","og_site_name":"M\u0131knat\u0131s Ar-Ge","article_modified_time":"2025-12-16T08:49:03+00:00","twitter_card":"summary_large_image","twitter_misc":{"Tahmini okuma s\u00fcresi":"1 dakika"},"schema":{"@context":"https:\/\/schema.org","@graph":[{"@type":"WebPage","@id":"https:\/\/profaj.co\/miknatis\/tr\/insan-kaynaklari\/","url":"https:\/\/profaj.co\/miknatis\/tr\/insan-kaynaklari\/","name":"\u0130nsan Kaynaklar\u0131 - M\u0131knat\u0131s Ar-Ge","isPartOf":{"@id":"https:\/\/profaj.co\/miknatis\/#website"},"datePublished":"2023-12-08T13:37:18+00:00","dateModified":"2025-12-16T08:49:03+00:00","breadcrumb":{"@id":"https:\/\/profaj.co\/miknatis\/tr\/insan-kaynaklari\/#breadcrumb"},"inLanguage":"tr","potentialAction":[{"@type":"ReadAction","target":["https:\/\/profaj.co\/miknatis\/tr\/insan-kaynaklari\/"]}]},{"@type":"BreadcrumbList","@id":"https:\/\/profaj.co\/miknatis\/tr\/insan-kaynaklari\/#breadcrumb","itemListElement":[{"@type":"ListItem","position":1,"name":"Anasayfa","item":"https:\/\/profaj.co\/miknatis\/tr\/anasayfa\/"},{"@type":"ListItem","position":2,"name":"\u0130nsan Kaynaklar\u0131"}]},{"@type":"WebSite","@id":"https:\/\/profaj.co\/miknatis\/#website","url":"https:\/\/profaj.co\/miknatis\/","name":"M\u0131knat\u0131s Ar-Ge","description":"","publisher":{"@id":"https:\/\/profaj.co\/miknatis\/#organization"},"potentialAction":[{"@type":"SearchAction","target":{"@type":"EntryPoint","urlTemplate":"https:\/\/profaj.co\/miknatis\/?s={search_term_string}"},"query-input":"required name=search_term_string"}],"inLanguage":"tr"},{"@type":"Organization","@id":"https:\/\/profaj.co\/miknatis\/#organization","name":"M\u0131knat\u0131s Ar-Ge","url":"https:\/\/profaj.co\/miknatis\/","logo":{"@type":"ImageObject","inLanguage":"tr","@id":"https:\/\/profaj.co\/miknatis\/#\/schema\/logo\/image\/","url":"https:\/\/profaj.co\/miknatis\/wp-content\/uploads\/2023\/12\/logo-white.webp","contentUrl":"https:\/\/profaj.co\/miknatis\/wp-content\/uploads\/2023\/12\/logo-white.webp","width":300,"height":266,"caption":"M\u0131knat\u0131s Ar-Ge"},"image":{"@id":"https:\/\/profaj.co\/miknatis\/#\/schema\/logo\/image\/"}}]}},"lang":"tr","translations":{"tr":3457,"en":5730},"pll_sync_post":[],"_links":{"self":[{"href":"https:\/\/profaj.co\/miknatis\/wp-json\/wp\/v2\/pages\/3457","targetHints":{"allow":["GET"]}}],"collection":[{"href":"https:\/\/profaj.co\/miknatis\/wp-json\/wp\/v2\/pages"}],"about":[{"href":"https:\/\/profaj.co\/miknatis\/wp-json\/wp\/v2\/types\/page"}],"author":[{"embeddable":true,"href":"https:\/\/profaj.co\/miknatis\/wp-json\/wp\/v2\/users\/1"}],"replies":[{"embeddable":true,"href":"https:\/\/profaj.co\/miknatis\/wp-json\/wp\/v2\/comments?post=3457"}],"version-history":[{"count":75,"href":"https:\/\/profaj.co\/miknatis\/wp-json\/wp\/v2\/pages\/3457\/revisions"}],"predecessor-version":[{"id":9170,"href":"https:\/\/profaj.co\/miknatis\/wp-json\/wp\/v2\/pages\/3457\/revisions\/9170"}],"wp:attachment":[{"href":"https:\/\/profaj.co\/miknatis\/wp-json\/wp\/v2\/media?parent=3457"}],"curies":[{"name":"wp","href":"https:\/\/api.w.org\/{rel}","templated":true}]}}