{"id":3528,"date":"2023-12-11T17:07:23","date_gmt":"2023-12-11T14:07:23","guid":{"rendered":"https:\/\/profaj.co\/miknatis\/?page_id=3528"},"modified":"2025-12-16T13:40:20","modified_gmt":"2025-12-16T10:40:20","slug":"hizmetlerimiz","status":"publish","type":"page","link":"https:\/\/profaj.co\/miknatis\/tr\/hizmetlerimiz\/","title":{"rendered":"Hizmetlerimiz"},"content":{"rendered":"\t\t<div data-elementor-type=\"wp-page\" data-elementor-id=\"3528\" class=\"elementor elementor-3528\" data-elementor-post-type=\"page\">\n\t\t\t\t\t\t<section class=\"elementor-section elementor-top-section elementor-element elementor-element-3aac759 hizmetlerimiz elementor-section-boxed elementor-section-height-default elementor-section-height-default\" data-id=\"3aac759\" data-element_type=\"section\">\n\t\t\t\t\t\t<div class=\"elementor-container elementor-column-gap-default\">\n\t\t\t\t\t<div class=\"elementor-column elementor-col-100 elementor-top-column elementor-element elementor-element-a63091f\" data-id=\"a63091f\" data-element_type=\"column\">\n\t\t\t<div class=\"elementor-widget-wrap elementor-element-populated\">\n\t\t\t\t\t\t<section class=\"elementor-section elementor-inner-section elementor-element elementor-element-bd0dc2f elementor-section-boxed elementor-section-height-default elementor-section-height-default\" data-id=\"bd0dc2f\" data-element_type=\"section\">\n\t\t\t\t\t\t<div class=\"elementor-container elementor-column-gap-custom\">\n\t\t\t\t\t<div class=\"elementor-column elementor-col-33 elementor-inner-column elementor-element elementor-element-9cd599e\" data-id=\"9cd599e\" data-element_type=\"column\">\n\t\t\t<div class=\"elementor-widget-wrap elementor-element-populated\">\n\t\t\t\t\t\t<div class=\"elementor-element elementor-element-f8f22d8 elementor-widget elementor-widget-service_grid elh-el service_grid\" data-id=\"f8f22d8\" data-element_type=\"widget\" data-settings=\"{&quot;design_style&quot;:&quot;style_7&quot;}\" data-widget_type=\"service_grid.default\">\n\t\t\t\t<div class=\"elementor-widget-container\">\n\t\t\t<div class=\"service-block_five-inner\">\r\n        <div class=\"service-block_five-image\">\r\n        <div class=\"service-block_five-image img\">\r\n            <img decoding=\"async\" src=\"https:\/\/profaj.co\/miknatis\/wp-content\/uploads\/2023\/12\/servis-ve-onarim.webp\" alt=\"\" \/>\r\n        <\/div>\r\n    <\/div>\r\n        <div class=\"service-block_five-content\">\r\n                <div class=\"service-block_five-icon\">\r\n        <i aria-hidden=\"true\" class=\"fal fa-long-arrow-right\"><\/i>        <\/div>\r\n                <h4 class=\"service-block_five-heading\"><a href=\"https:\/\/profaj.co\/miknatis\/tr\/hizmet\/servis-ve-onarim-hizmetleri\/\">Servis ve Onar\u0131m Hizmetleri<\/a><\/h4>\r\n        <div class=\"service-block_five-text\">Ar\u0131zal\u0131 yada bak\u0131m\u0131 yap\u0131lmas\u0131 gereken daimi m\u0131knat\u0131sl\u0131 Kollu Kald\u0131r\u0131c\u0131lar...<\/div>\r\n        <ul class=\"service-block_five-list list-unstyled\">\r\n                        <li>\r\n                                <span class=\"tx-icon\">\r\n                                    <\/span>\r\n                                <\/li>\r\n                    <\/ul>\r\n    <\/div>\r\n<\/div>\t\t<\/div>\n\t\t\t\t<\/div>\n\t\t\t\t\t<\/div>\n\t\t<\/div>\n\t\t\t\t<div class=\"elementor-column elementor-col-33 elementor-inner-column elementor-element elementor-element-6fa4dd8\" data-id=\"6fa4dd8\" data-element_type=\"column\">\n\t\t\t<div class=\"elementor-widget-wrap elementor-element-populated\">\n\t\t\t\t\t\t<div class=\"elementor-element elementor-element-f2dd2c1 elementor-widget elementor-widget-service_grid elh-el service_grid\" data-id=\"f2dd2c1\" data-element_type=\"widget\" data-settings=\"{&quot;design_style&quot;:&quot;style_7&quot;}\" data-widget_type=\"service_grid.default\">\n\t\t\t\t<div class=\"elementor-widget-container\">\n\t\t\t<div class=\"service-block_five-inner\">\r\n        <div class=\"service-block_five-image\">\r\n        <div class=\"service-block_five-image img\">\r\n            <img decoding=\"async\" src=\"https:\/\/profaj.co\/miknatis\/wp-content\/uploads\/2023\/12\/manyetik-olcum.webp\" alt=\"\" \/>\r\n        <\/div>\r\n    <\/div>\r\n        <div class=\"service-block_five-content\">\r\n                <div class=\"service-block_five-icon\">\r\n        <i aria-hidden=\"true\" class=\"fal fa-long-arrow-right\"><\/i>        <\/div>\r\n                <h4 class=\"service-block_five-heading\"><a href=\"https:\/\/profaj.co\/miknatis\/tr\/hizmet\/manyetik-olcum-ve-kalibrasyon\/\">Manyetik \u00d6l\u00e7\u00fcm ve Kalibrasyon<\/a><\/h4>\r\n        <div class=\"service-block_five-text\">Sekt\u00f6rde yar\u0131m asr\u0131 a\u015fan tecr\u00fcbemiz ile; g\u0131da ve g\u0131da ile temas eden...<\/div>\r\n        <ul class=\"service-block_five-list list-unstyled\">\r\n                        <li>\r\n                                <span class=\"tx-icon\">\r\n                                    <\/span>\r\n                                <\/li>\r\n                    <\/ul>\r\n    <\/div>\r\n<\/div>\t\t<\/div>\n\t\t\t\t<\/div>\n\t\t\t\t\t<\/div>\n\t\t<\/div>\n\t\t\t\t<div class=\"elementor-column elementor-col-33 elementor-inner-column elementor-element elementor-element-a816a69\" data-id=\"a816a69\" data-element_type=\"column\">\n\t\t\t<div class=\"elementor-widget-wrap elementor-element-populated\">\n\t\t\t\t\t\t<div class=\"elementor-element elementor-element-cc212bd elementor-widget elementor-widget-service_grid elh-el service_grid\" data-id=\"cc212bd\" data-element_type=\"widget\" data-settings=\"{&quot;design_style&quot;:&quot;style_7&quot;}\" data-widget_type=\"service_grid.default\">\n\t\t\t\t<div class=\"elementor-widget-container\">\n\t\t\t<div class=\"service-block_five-inner\">\r\n        <div class=\"service-block_five-image\">\r\n        <div class=\"service-block_five-image img\">\r\n            <img decoding=\"async\" src=\"https:\/\/profaj.co\/miknatis\/wp-content\/uploads\/2023\/12\/egitim.webp\" alt=\"\" \/>\r\n        <\/div>\r\n    <\/div>\r\n        <div class=\"service-block_five-content\">\r\n                <div class=\"service-block_five-icon\">\r\n        <i aria-hidden=\"true\" class=\"fal fa-long-arrow-right\"><\/i>        <\/div>\r\n                <h4 class=\"service-block_five-heading\"><a href=\"https:\/\/profaj.co\/miknatis\/tr\/hizmet\/manyetik-sistemler-egitimi\/\">Manyetik Sistemler E\u011fitimi<\/a><\/h4>\r\n        <div class=\"service-block_five-text\">M\u0131knat\u0131s Ar-Ge olarak 50 y\u0131l\u0131 a\u015fk\u0131n s\u00fcrede kazand\u0131\u011f\u0131m\u0131z manyetik...<\/div>\r\n        <ul class=\"service-block_five-list list-unstyled\">\r\n                        <li>\r\n                                <span class=\"tx-icon\">\r\n                                    <\/span>\r\n                                <\/li>\r\n                    <\/ul>\r\n    <\/div>\r\n<\/div>\t\t<\/div>\n\t\t\t\t<\/div>\n\t\t\t\t\t<\/div>\n\t\t<\/div>\n\t\t\t\t\t<\/div>\n\t\t<\/section>\n\t\t\t\t<section class=\"elementor-section elementor-inner-section elementor-element elementor-element-9a6ca07 elementor-section-boxed elementor-section-height-default elementor-section-height-default\" data-id=\"9a6ca07\" data-element_type=\"section\">\n\t\t\t\t\t\t<div class=\"elementor-container elementor-column-gap-custom\">\n\t\t\t\t\t<div class=\"elementor-column elementor-col-33 elementor-inner-column elementor-element elementor-element-ffa3207\" data-id=\"ffa3207\" data-element_type=\"column\">\n\t\t\t<div class=\"elementor-widget-wrap elementor-element-populated\">\n\t\t\t\t\t\t<div class=\"elementor-element elementor-element-5c13169 elementor-widget elementor-widget-service_grid elh-el service_grid\" data-id=\"5c13169\" data-element_type=\"widget\" data-settings=\"{&quot;design_style&quot;:&quot;style_7&quot;}\" data-widget_type=\"service_grid.default\">\n\t\t\t\t<div class=\"elementor-widget-container\">\n\t\t\t<div class=\"service-block_five-inner\">\r\n        <div class=\"service-block_five-image\">\r\n        <div class=\"service-block_five-image img\">\r\n            <img decoding=\"async\" src=\"https:\/\/profaj.co\/miknatis\/wp-content\/uploads\/2023\/12\/deney.webp\" alt=\"\" \/>\r\n        <\/div>\r\n    <\/div>\r\n        <div class=\"service-block_five-content\">\r\n                <div class=\"service-block_five-icon\">\r\n        <i aria-hidden=\"true\" class=\"fal fa-long-arrow-right\"><\/i>        <\/div>\r\n                <h4 class=\"service-block_five-heading\"><a href=\"https:\/\/profaj.co\/miknatis\/tr\/hizmet\/deney-ve-raporlama\/\">Deney ve Raporlama<\/a><\/h4>\r\n        <div class=\"service-block_five-text\">G\u00f6nderdi\u011finiz hammadde numuneleri, profesyonel ekibimizin kontrol\u00fcnde...<\/div>\r\n        <ul class=\"service-block_five-list list-unstyled\">\r\n                        <li>\r\n                                <span class=\"tx-icon\">\r\n                                    <\/span>\r\n                                <\/li>\r\n                    <\/ul>\r\n    <\/div>\r\n<\/div>\t\t<\/div>\n\t\t\t\t<\/div>\n\t\t\t\t\t<\/div>\n\t\t<\/div>\n\t\t\t\t<div class=\"elementor-column elementor-col-33 elementor-inner-column elementor-element elementor-element-4c48405\" data-id=\"4c48405\" data-element_type=\"column\">\n\t\t\t<div class=\"elementor-widget-wrap elementor-element-populated\">\n\t\t\t\t\t\t<div class=\"elementor-element elementor-element-74f98d4 elementor-widget elementor-widget-service_grid elh-el service_grid\" data-id=\"74f98d4\" data-element_type=\"widget\" data-settings=\"{&quot;design_style&quot;:&quot;style_7&quot;}\" data-widget_type=\"service_grid.default\">\n\t\t\t\t<div class=\"elementor-widget-container\">\n\t\t\t<div class=\"service-block_five-inner\">\r\n        <div class=\"service-block_five-image\">\r\n        <div class=\"service-block_five-image img\">\r\n            <img decoding=\"async\" src=\"https:\/\/profaj.co\/miknatis\/wp-content\/uploads\/2023\/12\/kesif.webp\" alt=\"\" \/>\r\n        <\/div>\r\n    <\/div>\r\n        <div class=\"service-block_five-content\">\r\n                <div class=\"service-block_five-icon\">\r\n        <i aria-hidden=\"true\" class=\"fal fa-long-arrow-right\"><\/i>        <\/div>\r\n                <h4 class=\"service-block_five-heading\"><a href=\"https:\/\/profaj.co\/miknatis\/tr\/hizmet\/kesif-ve-danismanlik\/\">Ke\u015fif ve Dan\u0131\u015fmanl\u0131k<\/a><\/h4>\r\n        <div class=\"service-block_five-text\">M\u00fc\u015fterilerimizin iste\u011fi \u00fczerine, s\u00fcre\u00e7lerinde ya\u015fad\u0131klar\u0131 problemlere...<\/div>\r\n        <ul class=\"service-block_five-list list-unstyled\">\r\n                        <li>\r\n                                <span class=\"tx-icon\">\r\n                                    <\/span>\r\n                                <\/li>\r\n                    <\/ul>\r\n    <\/div>\r\n<\/div>\t\t<\/div>\n\t\t\t\t<\/div>\n\t\t\t\t\t<\/div>\n\t\t<\/div>\n\t\t\t\t<div class=\"elementor-column elementor-col-33 elementor-inner-column elementor-element elementor-element-54d8544\" data-id=\"54d8544\" data-element_type=\"column\">\n\t\t\t<div class=\"elementor-widget-wrap elementor-element-populated\">\n\t\t\t\t\t\t<div class=\"elementor-element elementor-element-487fef0 elementor-widget elementor-widget-service_grid elh-el service_grid\" data-id=\"487fef0\" data-element_type=\"widget\" data-settings=\"{&quot;design_style&quot;:&quot;style_7&quot;}\" data-widget_type=\"service_grid.default\">\n\t\t\t\t<div class=\"elementor-widget-container\">\n\t\t\t<div class=\"service-block_five-inner\">\r\n        <div class=\"service-block_five-image\">\r\n        <div class=\"service-block_five-image img\">\r\n            <img decoding=\"async\" src=\"https:\/\/profaj.co\/miknatis\/wp-content\/uploads\/2023\/12\/yuzey-olusturma.webp\" alt=\"\" \/>\r\n        <\/div>\r\n    <\/div>\r\n        <div class=\"service-block_five-content\">\r\n                <div class=\"service-block_five-icon\">\r\n        <i aria-hidden=\"true\" class=\"fal fa-long-arrow-right\"><\/i>        <\/div>\r\n                <h4 class=\"service-block_five-heading\"><a href=\"https:\/\/profaj.co\/miknatis\/tr\/hizmet\/elektro-permanent-yuzey-olusturma\/\">Elektro \u2013 Permanent Y\u00fczey Olu\u015fturma<\/a><\/h4>\r\n        <div class=\"service-block_five-text\">\u00c7e\u015fitli kal\u0131p, makine par\u00e7as\u0131 vb. ferromanyetik par\u00e7alar\u0131n\u0131z\u0131 belli...<\/div>\r\n        <ul class=\"service-block_five-list list-unstyled\">\r\n                        <li>\r\n                                <span class=\"tx-icon\">\r\n                                    <\/span>\r\n                                <\/li>\r\n                    <\/ul>\r\n    <\/div>\r\n<\/div>\t\t<\/div>\n\t\t\t\t<\/div>\n\t\t\t\t\t<\/div>\n\t\t<\/div>\n\t\t\t\t\t<\/div>\n\t\t<\/section>\n\t\t\t\t\t<\/div>\n\t\t<\/div>\n\t\t\t\t\t<\/div>\n\t\t<\/section>\n\t\t\t\t<\/div>\n\t\t","protected":false},"excerpt":{"rendered":"<p>Servis ve Onar\u0131m Hizmetleri Ar\u0131zal\u0131 yada bak\u0131m\u0131 yap\u0131lmas\u0131 gereken daimi m\u0131knat\u0131sl\u0131 Kollu Kald\u0131r\u0131c\u0131lar&#8230; Manyetik \u00d6l\u00e7\u00fcm ve Kalibrasyon Sekt\u00f6rde yar\u0131m asr\u0131 a\u015fan tecr\u00fcbemiz ile; g\u0131da ve g\u0131da ile temas eden&#8230; Manyetik Sistemler E\u011fitimi M\u0131knat\u0131s Ar-Ge olarak 50 y\u0131l\u0131 a\u015fk\u0131n s\u00fcrede kazand\u0131\u011f\u0131m\u0131z manyetik&#8230; Deney ve Raporlama G\u00f6nderdi\u011finiz hammadde numuneleri, profesyonel ekibimizin kontrol\u00fcnde&#8230; Ke\u015fif ve Dan\u0131\u015fmanl\u0131k M\u00fc\u015fterilerimizin iste\u011fi [&hellip;]<\/p>\n","protected":false},"author":1,"featured_media":0,"parent":0,"menu_order":0,"comment_status":"closed","ping_status":"closed","template":"elementor_header_footer","meta":{"footnotes":""},"class_list":["post-3528","page","type-page","status-publish","hentry"],"acf":[],"yoast_head":"<!-- This site is optimized with the Yoast SEO Premium plugin v22.1 (Yoast SEO v22.1) - https:\/\/yoast.com\/wordpress\/plugins\/seo\/ -->\n<title>Hizmetlerimiz - M\u0131knat\u0131s Ar-Ge<\/title>\n<meta name=\"robots\" content=\"index, follow, max-snippet:-1, max-image-preview:large, max-video-preview:-1\" \/>\n<link rel=\"canonical\" href=\"https:\/\/profaj.co\/miknatis\/tr\/hizmetlerimiz\/\" \/>\n<meta property=\"og:locale\" content=\"tr_TR\" \/>\n<meta property=\"og:type\" content=\"article\" \/>\n<meta property=\"og:title\" content=\"Hizmetlerimiz\" \/>\n<meta property=\"og:description\" content=\"Servis ve Onar\u0131m Hizmetleri Ar\u0131zal\u0131 yada bak\u0131m\u0131 yap\u0131lmas\u0131 gereken daimi m\u0131knat\u0131sl\u0131 Kollu Kald\u0131r\u0131c\u0131lar&#8230; Manyetik \u00d6l\u00e7\u00fcm ve Kalibrasyon Sekt\u00f6rde yar\u0131m asr\u0131 a\u015fan tecr\u00fcbemiz ile; g\u0131da ve g\u0131da ile temas eden&#8230; Manyetik Sistemler E\u011fitimi M\u0131knat\u0131s Ar-Ge olarak 50 y\u0131l\u0131 a\u015fk\u0131n s\u00fcrede kazand\u0131\u011f\u0131m\u0131z manyetik&#8230; Deney ve Raporlama G\u00f6nderdi\u011finiz hammadde numuneleri, profesyonel ekibimizin kontrol\u00fcnde&#8230; Ke\u015fif ve Dan\u0131\u015fmanl\u0131k M\u00fc\u015fterilerimizin iste\u011fi [&hellip;]\" \/>\n<meta property=\"og:url\" content=\"https:\/\/profaj.co\/miknatis\/tr\/hizmetlerimiz\/\" \/>\n<meta property=\"og:site_name\" content=\"M\u0131knat\u0131s Ar-Ge\" \/>\n<meta property=\"article:modified_time\" content=\"2025-12-16T10:40:20+00:00\" \/>\n<meta property=\"og:image\" content=\"https:\/\/profaj.co\/miknatis\/wp-content\/uploads\/2023\/12\/servis-ve-onarim.webp\" \/>\n<meta name=\"twitter:card\" content=\"summary_large_image\" \/>\n<meta name=\"twitter:label1\" content=\"Tahmini okuma s\u00fcresi\" \/>\n\t<meta name=\"twitter:data1\" content=\"2 dakika\" \/>\n<script type=\"application\/ld+json\" class=\"yoast-schema-graph\">{\"@context\":\"https:\/\/schema.org\",\"@graph\":[{\"@type\":\"WebPage\",\"@id\":\"https:\/\/profaj.co\/miknatis\/tr\/hizmetlerimiz\/\",\"url\":\"https:\/\/profaj.co\/miknatis\/tr\/hizmetlerimiz\/\",\"name\":\"Hizmetlerimiz - M\u0131knat\u0131s Ar-Ge\",\"isPartOf\":{\"@id\":\"https:\/\/profaj.co\/miknatis\/#website\"},\"datePublished\":\"2023-12-11T14:07:23+00:00\",\"dateModified\":\"2025-12-16T10:40:20+00:00\",\"breadcrumb\":{\"@id\":\"https:\/\/profaj.co\/miknatis\/tr\/hizmetlerimiz\/#breadcrumb\"},\"inLanguage\":\"tr\",\"potentialAction\":[{\"@type\":\"ReadAction\",\"target\":[\"https:\/\/profaj.co\/miknatis\/tr\/hizmetlerimiz\/\"]}]},{\"@type\":\"BreadcrumbList\",\"@id\":\"https:\/\/profaj.co\/miknatis\/tr\/hizmetlerimiz\/#breadcrumb\",\"itemListElement\":[{\"@type\":\"ListItem\",\"position\":1,\"name\":\"Anasayfa\",\"item\":\"https:\/\/profaj.co\/miknatis\/tr\/anasayfa\/\"},{\"@type\":\"ListItem\",\"position\":2,\"name\":\"Hizmetlerimiz\"}]},{\"@type\":\"WebSite\",\"@id\":\"https:\/\/profaj.co\/miknatis\/#website\",\"url\":\"https:\/\/profaj.co\/miknatis\/\",\"name\":\"M\u0131knat\u0131s Ar-Ge\",\"description\":\"\",\"publisher\":{\"@id\":\"https:\/\/profaj.co\/miknatis\/#organization\"},\"potentialAction\":[{\"@type\":\"SearchAction\",\"target\":{\"@type\":\"EntryPoint\",\"urlTemplate\":\"https:\/\/profaj.co\/miknatis\/?s={search_term_string}\"},\"query-input\":\"required name=search_term_string\"}],\"inLanguage\":\"tr\"},{\"@type\":\"Organization\",\"@id\":\"https:\/\/profaj.co\/miknatis\/#organization\",\"name\":\"M\u0131knat\u0131s Ar-Ge\",\"url\":\"https:\/\/profaj.co\/miknatis\/\",\"logo\":{\"@type\":\"ImageObject\",\"inLanguage\":\"tr\",\"@id\":\"https:\/\/profaj.co\/miknatis\/#\/schema\/logo\/image\/\",\"url\":\"https:\/\/profaj.co\/miknatis\/wp-content\/uploads\/2023\/12\/logo-white.webp\",\"contentUrl\":\"https:\/\/profaj.co\/miknatis\/wp-content\/uploads\/2023\/12\/logo-white.webp\",\"width\":300,\"height\":266,\"caption\":\"M\u0131knat\u0131s Ar-Ge\"},\"image\":{\"@id\":\"https:\/\/profaj.co\/miknatis\/#\/schema\/logo\/image\/\"}}]}<\/script>\n<!-- \/ Yoast SEO Premium plugin. -->","yoast_head_json":{"title":"Hizmetlerimiz - M\u0131knat\u0131s Ar-Ge","robots":{"index":"index","follow":"follow","max-snippet":"max-snippet:-1","max-image-preview":"max-image-preview:large","max-video-preview":"max-video-preview:-1"},"canonical":"https:\/\/profaj.co\/miknatis\/tr\/hizmetlerimiz\/","og_locale":"tr_TR","og_type":"article","og_title":"Hizmetlerimiz","og_description":"Servis ve Onar\u0131m Hizmetleri Ar\u0131zal\u0131 yada bak\u0131m\u0131 yap\u0131lmas\u0131 gereken daimi m\u0131knat\u0131sl\u0131 Kollu Kald\u0131r\u0131c\u0131lar&#8230; Manyetik \u00d6l\u00e7\u00fcm ve Kalibrasyon Sekt\u00f6rde yar\u0131m asr\u0131 a\u015fan tecr\u00fcbemiz ile; g\u0131da ve g\u0131da ile temas eden&#8230; Manyetik Sistemler E\u011fitimi M\u0131knat\u0131s Ar-Ge olarak 50 y\u0131l\u0131 a\u015fk\u0131n s\u00fcrede kazand\u0131\u011f\u0131m\u0131z manyetik&#8230; Deney ve Raporlama G\u00f6nderdi\u011finiz hammadde numuneleri, profesyonel ekibimizin kontrol\u00fcnde&#8230; Ke\u015fif ve Dan\u0131\u015fmanl\u0131k M\u00fc\u015fterilerimizin iste\u011fi [&hellip;]","og_url":"https:\/\/profaj.co\/miknatis\/tr\/hizmetlerimiz\/","og_site_name":"M\u0131knat\u0131s Ar-Ge","article_modified_time":"2025-12-16T10:40:20+00:00","og_image":[{"url":"https:\/\/profaj.co\/miknatis\/wp-content\/uploads\/2023\/12\/servis-ve-onarim.webp"}],"twitter_card":"summary_large_image","twitter_misc":{"Tahmini okuma s\u00fcresi":"2 dakika"},"schema":{"@context":"https:\/\/schema.org","@graph":[{"@type":"WebPage","@id":"https:\/\/profaj.co\/miknatis\/tr\/hizmetlerimiz\/","url":"https:\/\/profaj.co\/miknatis\/tr\/hizmetlerimiz\/","name":"Hizmetlerimiz - M\u0131knat\u0131s Ar-Ge","isPartOf":{"@id":"https:\/\/profaj.co\/miknatis\/#website"},"datePublished":"2023-12-11T14:07:23+00:00","dateModified":"2025-12-16T10:40:20+00:00","breadcrumb":{"@id":"https:\/\/profaj.co\/miknatis\/tr\/hizmetlerimiz\/#breadcrumb"},"inLanguage":"tr","potentialAction":[{"@type":"ReadAction","target":["https:\/\/profaj.co\/miknatis\/tr\/hizmetlerimiz\/"]}]},{"@type":"BreadcrumbList","@id":"https:\/\/profaj.co\/miknatis\/tr\/hizmetlerimiz\/#breadcrumb","itemListElement":[{"@type":"ListItem","position":1,"name":"Anasayfa","item":"https:\/\/profaj.co\/miknatis\/tr\/anasayfa\/"},{"@type":"ListItem","position":2,"name":"Hizmetlerimiz"}]},{"@type":"WebSite","@id":"https:\/\/profaj.co\/miknatis\/#website","url":"https:\/\/profaj.co\/miknatis\/","name":"M\u0131knat\u0131s Ar-Ge","description":"","publisher":{"@id":"https:\/\/profaj.co\/miknatis\/#organization"},"potentialAction":[{"@type":"SearchAction","target":{"@type":"EntryPoint","urlTemplate":"https:\/\/profaj.co\/miknatis\/?s={search_term_string}"},"query-input":"required name=search_term_string"}],"inLanguage":"tr"},{"@type":"Organization","@id":"https:\/\/profaj.co\/miknatis\/#organization","name":"M\u0131knat\u0131s Ar-Ge","url":"https:\/\/profaj.co\/miknatis\/","logo":{"@type":"ImageObject","inLanguage":"tr","@id":"https:\/\/profaj.co\/miknatis\/#\/schema\/logo\/image\/","url":"https:\/\/profaj.co\/miknatis\/wp-content\/uploads\/2023\/12\/logo-white.webp","contentUrl":"https:\/\/profaj.co\/miknatis\/wp-content\/uploads\/2023\/12\/logo-white.webp","width":300,"height":266,"caption":"M\u0131knat\u0131s Ar-Ge"},"image":{"@id":"https:\/\/profaj.co\/miknatis\/#\/schema\/logo\/image\/"}}]}},"lang":"tr","translations":{"tr":3528,"en":5850},"pll_sync_post":[],"_links":{"self":[{"href":"https:\/\/profaj.co\/miknatis\/wp-json\/wp\/v2\/pages\/3528","targetHints":{"allow":["GET"]}}],"collection":[{"href":"https:\/\/profaj.co\/miknatis\/wp-json\/wp\/v2\/pages"}],"about":[{"href":"https:\/\/profaj.co\/miknatis\/wp-json\/wp\/v2\/types\/page"}],"author":[{"embeddable":true,"href":"https:\/\/profaj.co\/miknatis\/wp-json\/wp\/v2\/users\/1"}],"replies":[{"embeddable":true,"href":"https:\/\/profaj.co\/miknatis\/wp-json\/wp\/v2\/comments?post=3528"}],"version-history":[{"count":26,"href":"https:\/\/profaj.co\/miknatis\/wp-json\/wp\/v2\/pages\/3528\/revisions"}],"predecessor-version":[{"id":9232,"href":"https:\/\/profaj.co\/miknatis\/wp-json\/wp\/v2\/pages\/3528\/revisions\/9232"}],"wp:attachment":[{"href":"https:\/\/profaj.co\/miknatis\/wp-json\/wp\/v2\/media?parent=3528"}],"curies":[{"name":"wp","href":"https:\/\/api.w.org\/{rel}","templated":true}]}}