{"id":5730,"date":"2024-02-01T12:07:08","date_gmt":"2024-02-01T09:07:08","guid":{"rendered":"https:\/\/profaj.co\/miknatis\/?page_id=5730"},"modified":"2025-12-17T08:35:56","modified_gmt":"2025-12-17T05:35:56","slug":"human-resources","status":"publish","type":"page","link":"https:\/\/profaj.co\/miknatis\/human-resources\/","title":{"rendered":"Human Resources"},"content":{"rendered":"\t\t<div data-elementor-type=\"wp-page\" data-elementor-id=\"5730\" class=\"elementor elementor-5730\" data-elementor-post-type=\"page\">\n\t\t\t\t\t\t<section class=\"elementor-section elementor-top-section elementor-element elementor-element-807c7b3 elementor-section-boxed elementor-section-height-default elementor-section-height-default\" data-id=\"807c7b3\" data-element_type=\"section\">\n\t\t\t\t\t\t<div class=\"elementor-container elementor-column-gap-default\">\n\t\t\t\t\t<div class=\"elementor-column elementor-col-50 elementor-top-column elementor-element elementor-element-5d4e3d3\" data-id=\"5d4e3d3\" data-element_type=\"column\">\n\t\t\t<div class=\"elementor-widget-wrap elementor-element-populated\">\n\t\t\t\t\t\t<div class=\"elementor-element elementor-element-7ead410 elementor-widget elementor-widget-section_heading elh-el section_heading\" data-id=\"7ead410\" data-element_type=\"widget\" data-settings=\"{&quot;design_style&quot;:&quot;style_2&quot;}\" data-widget_type=\"section_heading.default\">\n\t\t\t\t<div class=\"elementor-widget-container\">\n\t\t\t<div class=\"baz-section-title tx-sectionHeading bazzi-home baz-text \">\r\n        <div class=\"sub-title d-inline-block text-uppercase position-relative wow fadeInRight\"  data-wow-delay=\"200ms\" data-wow-duration=\"1000ms\">\r\n        HUMAN RESOURCES    <\/div>\r\n    \r\n    <h2 class=\"baz-sec-title text-uppercase tx-split-text split-in-up\">THE FOUNDATION OF A STRONG TEAM<\/h2>\r\n    <\/div>\t\t<\/div>\n\t\t\t\t<\/div>\n\t\t\t\t<div class=\"elementor-element elementor-element-b5b1295 elementor-widget elementor-widget-text-editor\" data-id=\"b5b1295\" data-element_type=\"widget\" data-widget_type=\"text-editor.default\">\n\t\t\t\t<div class=\"elementor-widget-container\">\n\t\t\t<style>\/*! elementor - v3.21.0 - 26-05-2024 *\/\n.elementor-widget-text-editor.elementor-drop-cap-view-stacked .elementor-drop-cap{background-color:#69727d;color:#fff}.elementor-widget-text-editor.elementor-drop-cap-view-framed .elementor-drop-cap{color:#69727d;border:3px solid;background-color:transparent}.elementor-widget-text-editor:not(.elementor-drop-cap-view-default) .elementor-drop-cap{margin-top:8px}.elementor-widget-text-editor:not(.elementor-drop-cap-view-default) .elementor-drop-cap-letter{width:1em;height:1em}.elementor-widget-text-editor .elementor-drop-cap{float:left;text-align:center;line-height:1;font-size:50px}.elementor-widget-text-editor .elementor-drop-cap-letter{display:inline-block}<\/style>\t\t\t\t<p>Humanpower is at the heart of our business. As M\u0131knat\u0131s Ar-Ge, we create a business culture that prioritizes team spirit, expertise and ethical values. Our human resources policy aims to contribute to the success of our company by supporting the individual development of our employees and adopting the principle of cooperation and honesty. We strive to attract and retain the best talent in the industry. You are in the right place to shape your career and add value to your achievements in M\u0131knat\u0131s Ar-Ge.<\/p>\t\t\t\t\t\t<\/div>\n\t\t\t\t<\/div>\n\t\t\t\t<section class=\"elementor-section elementor-inner-section elementor-element elementor-element-8ad68cd elementor-section-boxed elementor-section-height-default elementor-section-height-default\" data-id=\"8ad68cd\" data-element_type=\"section\">\n\t\t\t\t\t\t<div class=\"elementor-container elementor-column-gap-default\">\n\t\t\t\t\t<div class=\"elementor-column elementor-col-100 elementor-inner-column elementor-element elementor-element-5e874ff\" data-id=\"5e874ff\" data-element_type=\"column\" data-settings=\"{&quot;background_background&quot;:&quot;classic&quot;}\">\n\t\t\t<div class=\"elementor-widget-wrap elementor-element-populated\">\n\t\t\t\t\t\t<div class=\"elementor-element elementor-element-ef03b26 elementor-view-default elementor-position-top elementor-mobile-position-top elementor-widget elementor-widget-icon-box\" data-id=\"ef03b26\" data-element_type=\"widget\" data-widget_type=\"icon-box.default\">\n\t\t\t\t<div class=\"elementor-widget-container\">\n\t\t\t<link rel=\"stylesheet\" href=\"https:\/\/profaj.co\/miknatis\/wp-content\/plugins\/elementor\/assets\/css\/widget-icon-box.min.css\">\t\t<div class=\"elementor-icon-box-wrapper\">\n\n\t\t\t\t\t\t<div class=\"elementor-icon-box-icon\">\n\t\t\t\t<span  class=\"elementor-icon elementor-animation-\">\n\t\t\t\t<svg xmlns=\"http:\/\/www.w3.org\/2000\/svg\" viewBox=\"0 0 64 64\" width=\"512\" height=\"512\"><g id=\"Layer_3\" data-name=\"Layer 3\"><path d=\"M43.035,23.384a1,1,0,1,0-1.575,1.232A11.879,11.879,0,0,1,44,32a12,12,0,1,1-5.539-10.114A1,1,0,0,0,39.539,20.2a14.009,14.009,0,1,0,3.5,3.183Z\"><\/path><path d=\"M47.244,43a1.009,1.009,0,0,1-.114-1.271,17.876,17.876,0,0,0,2.332-5.381l2.575,1.288c-.011.121-.037.239-.037.363a4.012,4.012,0,1,0,.708-2.264l-2.86-1.43a18.271,18.271,0,0,0,.027-4.442,17.679,17.679,0,0,0-2.753-7.572l2.267-2.267a9.023,9.023,0,1,0-1.414-1.414l-2.041,2.041a17.954,17.954,0,0,0-11.617-6.507c-.44-.055-.879-.088-1.317-.112V11.858a4,4,0,1,0-2,0v2.175a17.888,17.888,0,0,0-11,4.552l-3.974-3.974a9.023,9.023,0,1,0-1.414,1.414L18.585,20a17.9,17.9,0,0,0-4.553,11H11.858a4,4,0,1,0,0,2h2.175c.023.438.057.877.112,1.317A17.7,17.7,0,0,0,17.7,42.885l-3.09,3.09a9.023,9.023,0,1,0,1.414,1.414l2.982-2.982a17.938,17.938,0,0,0,10.857,5.468,18.382,18.382,0,0,0,3.344.081l.667,2.668A3.984,3.984,0,1,0,36,52c-.073,0-.141.018-.214.022l-.58-2.319A17.8,17.8,0,0,0,41.73,47.13,1.007,1.007,0,0,1,43,47.244L58.879,63.121A2.994,2.994,0,0,0,61,64c.081,0,.162,0,.243-.01a3.008,3.008,0,0,0,2.2-1.249,3.083,3.083,0,0,0-.4-3.938ZM56,36a2,2,0,1,1-2,2A2,2,0,0,1,56,36ZM55,6a7,7,0,1,1-7,7A7.008,7.008,0,0,1,55,6ZM9,60a7,7,0,1,1,7-7A7.008,7.008,0,0,1,9,60Zm29-4a2,2,0,1,1-2-2A2,2,0,0,1,38,56ZM30,8a2,2,0,1,1,2,2A2,2,0,0,1,30,8ZM9,16a7,7,0,1,1,7-7A7.008,7.008,0,0,1,9,16ZM8,34a2,2,0,1,1,2-2A2,2,0,0,1,8,34ZM61.821,61.573a1,1,0,0,1-.739.424.981.981,0,0,1-.789-.29L44.416,45.83a2.966,2.966,0,0,0-2.107-.876,3.062,3.062,0,0,0-1.663.5A15.862,15.862,0,0,1,30.1,47.889,16,16,0,1,1,47.889,30.1,15.856,15.856,0,0,1,45.45,40.646a2.994,2.994,0,0,0,.38,3.77l15.8,15.8A1.084,1.084,0,0,1,61.821,61.573Z\"><\/path><path d=\"M24,36v1.786a3.038,3.038,0,0,0,1.727,2.724,13.965,13.965,0,0,0,12.545,0A3.037,3.037,0,0,0,40,37.786V36a8.008,8.008,0,0,0-4.982-7.4A3.963,3.963,0,0,0,36,26a4,4,0,0,0-8,0,3.963,3.963,0,0,0,.982,2.6A8.008,8.008,0,0,0,24,36Zm6-10a2,2,0,1,1,2,2A2,2,0,0,1,30,26Zm2,4a6.006,6.006,0,0,1,6,6v1.786a1.027,1.027,0,0,1-.588.918,11.893,11.893,0,0,1-10.824,0A1.027,1.027,0,0,1,26,37.786V36A6.006,6.006,0,0,1,32,30Z\"><\/path><path d=\"M51.636,18.369a9.3,9.3,0,0,0,6.728,0A2.542,2.542,0,0,0,60,16a4.983,4.983,0,0,0-2.52-4.315,3,3,0,1,0-4.96,0A4.983,4.983,0,0,0,50,16,2.542,2.542,0,0,0,51.636,18.369ZM54,10a1,1,0,1,1,1,1A1,1,0,0,1,54,10Zm1,3a3,3,0,0,1,3,3,.532.532,0,0,1-.34.5h0a7.249,7.249,0,0,1-5.319,0A.532.532,0,0,1,52,16,3,3,0,0,1,55,13Z\"><\/path><path d=\"M11.48,51.685a3,3,0,1,0-4.96,0A4.983,4.983,0,0,0,4,56a2.542,2.542,0,0,0,1.636,2.369,9.3,9.3,0,0,0,6.728,0A2.542,2.542,0,0,0,14,56,4.983,4.983,0,0,0,11.48,51.685ZM8,50a1,1,0,1,1,1,1A1,1,0,0,1,8,50Zm3.66,6.5h0a7.249,7.249,0,0,1-5.319,0A.532.532,0,0,1,6,56a3,3,0,0,1,6,0A.532.532,0,0,1,11.66,56.5Z\"><\/path><path d=\"M11.48,7.685a3,3,0,1,0-4.96,0A4.983,4.983,0,0,0,4,12a2.542,2.542,0,0,0,1.636,2.369,9.3,9.3,0,0,0,6.728,0A2.542,2.542,0,0,0,14,12,4.983,4.983,0,0,0,11.48,7.685ZM8,6A1,1,0,1,1,9,7,1,1,0,0,1,8,6Zm3.66,6.5h0a7.249,7.249,0,0,1-5.319,0A.532.532,0,0,1,6,12a3,3,0,0,1,6,0A.532.532,0,0,1,11.66,12.5Z\"><\/path><\/g><\/svg>\t\t\t\t<\/span>\n\t\t\t<\/div>\n\t\t\t\n\t\t\t\t\t\t<div class=\"elementor-icon-box-content\">\n\n\t\t\t\t\t\t\t\t\t<h3 class=\"elementor-icon-box-title\">\n\t\t\t\t\t\t<span  >\n\t\t\t\t\t\t\tShape Your Future!\t\t\t\t\t\t<\/span>\n\t\t\t\t\t<\/h3>\n\t\t\t\t\n\t\t\t\t\t\t\t\t\t<p class=\"elementor-icon-box-description\">\n\t\t\t\t\t\tTo apply for suitable positions, please email your application to <a style=\"color:#004976;font-weight:500\" href=\"mailto:ik@miknatis.net\">ik@miknatis.net<\/a>. We look forward to reviewing your applications.\t\t\t\t\t<\/p>\n\t\t\t\t\n\t\t\t<\/div>\n\t\t\t\n\t\t<\/div>\n\t\t\t\t<\/div>\n\t\t\t\t<\/div>\n\t\t\t\t\t<\/div>\n\t\t<\/div>\n\t\t\t\t\t<\/div>\n\t\t<\/section>\n\t\t\t\t\t<\/div>\n\t\t<\/div>\n\t\t\t\t<div class=\"elementor-column elementor-col-50 elementor-top-column elementor-element elementor-element-7a44528\" data-id=\"7a44528\" data-element_type=\"column\">\n\t\t\t<div class=\"elementor-widget-wrap elementor-element-populated\">\n\t\t\t\t\t\t<div class=\"elementor-element elementor-element-d938320 elementor-widget elementor-widget-heading\" data-id=\"d938320\" data-element_type=\"widget\" data-widget_type=\"heading.default\">\n\t\t\t\t<div class=\"elementor-widget-container\">\n\t\t\t<style>\/*! elementor - v3.21.0 - 26-05-2024 *\/\n.elementor-heading-title{padding:0;margin:0;line-height:1}.elementor-widget-heading .elementor-heading-title[class*=elementor-size-]>a{color:inherit;font-size:inherit;line-height:inherit}.elementor-widget-heading .elementor-heading-title.elementor-size-small{font-size:15px}.elementor-widget-heading .elementor-heading-title.elementor-size-medium{font-size:19px}.elementor-widget-heading .elementor-heading-title.elementor-size-large{font-size:29px}.elementor-widget-heading .elementor-heading-title.elementor-size-xl{font-size:39px}.elementor-widget-heading .elementor-heading-title.elementor-size-xxl{font-size:59px}<\/style><h2 class=\"elementor-heading-title elementor-size-default\">Human Resources<\/h2>\t\t<\/div>\n\t\t\t\t<\/div>\n\t\t\t\t<div class=\"elementor-element elementor-element-243d1ba elementor-widget elementor-widget-heading\" data-id=\"243d1ba\" data-element_type=\"widget\" data-widget_type=\"heading.default\">\n\t\t\t\t<div class=\"elementor-widget-container\">\n\t\t\t<h2 class=\"elementor-heading-title elementor-size-default\">Application Form<\/h2>\t\t<\/div>\n\t\t\t\t<\/div>\n\t\t\t\t<div class=\"elementor-element elementor-element-edb1aa7 baz-team-details-contact-form elementor-widget__width-initial elementor-widget elementor-widget-shortcode\" data-id=\"edb1aa7\" data-element_type=\"widget\" data-widget_type=\"shortcode.default\">\n\t\t\t\t<div class=\"elementor-widget-container\">\n\t\t\t\t\t<div class=\"elementor-shortcode\">\n<div class=\"wpcf7 no-js\" id=\"wpcf7-f6566-o1\" lang=\"en-US\" dir=\"ltr\">\n<div class=\"screen-reader-response\"><p role=\"status\" aria-live=\"polite\" aria-atomic=\"true\"><\/p> <ul><\/ul><\/div>\n<form action=\"\/miknatis\/wp-json\/wp\/v2\/pages\/5730#wpcf7-f6566-o1\" method=\"post\" class=\"wpcf7-form init\" aria-label=\"Contact form\" enctype=\"multipart\/form-data\" novalidate=\"novalidate\" data-status=\"init\">\n<div style=\"display: none;\">\n<input type=\"hidden\" name=\"_wpcf7\" value=\"6566\" \/>\n<input type=\"hidden\" name=\"_wpcf7_version\" value=\"5.8.4\" \/>\n<input type=\"hidden\" name=\"_wpcf7_locale\" value=\"en_US\" \/>\n<input type=\"hidden\" name=\"_wpcf7_unit_tag\" value=\"wpcf7-f6566-o1\" \/>\n<input type=\"hidden\" name=\"_wpcf7_container_post\" value=\"0\" \/>\n<input type=\"hidden\" name=\"_wpcf7_posted_data_hash\" value=\"\" \/>\n<\/div>\n<div class=\"row\">\n  <div class=\"col-md-6\">\n       <span class=\"wpcf7-form-control-wrap\" data-name=\"text-716\"><input size=\"40\" class=\"wpcf7-form-control wpcf7-text wpcf7-validates-as-required\" aria-required=\"true\" aria-invalid=\"false\" placeholder=\"Your Name*\" value=\"\" type=\"text\" name=\"text-716\" \/><\/span>\n  <\/div>\n  <div class=\"col-md-6\">\n       <span class=\"wpcf7-form-control-wrap\" data-name=\"text-717\"><input size=\"40\" class=\"wpcf7-form-control wpcf7-text wpcf7-validates-as-required\" aria-required=\"true\" aria-invalid=\"false\" placeholder=\"Your Surname*\" value=\"\" type=\"text\" name=\"text-717\" \/><\/span>\n  <\/div>\n  <div class=\"col-md-6\">\n       <span class=\"wpcf7-form-control-wrap\" data-name=\"tel-118\"><input size=\"40\" class=\"wpcf7-form-control wpcf7-tel wpcf7-validates-as-required wpcf7-text wpcf7-validates-as-tel\" aria-required=\"true\" aria-invalid=\"false\" placeholder=\"Your Phone Number*\" value=\"\" type=\"tel\" name=\"tel-118\" \/><\/span>\n  <\/div>\n  <div class=\"col-md-6\">\n       <span class=\"wpcf7-form-control-wrap\" data-name=\"email-4\"><input size=\"40\" class=\"wpcf7-form-control wpcf7-email wpcf7-validates-as-required wpcf7-text wpcf7-validates-as-email\" aria-required=\"true\" aria-invalid=\"false\" placeholder=\"Your E-Mail Address*\" value=\"\" type=\"email\" name=\"email-4\" \/><\/span>\n  <\/div>\n  <div class=\"col-md-6\">\n       <span class=\"wpcf7-form-control-wrap\" data-name=\"your-place\"><input size=\"40\" class=\"wpcf7-form-control wpcf7-text wpcf7-validates-as-required\" aria-required=\"true\" aria-invalid=\"false\" placeholder=\"Your Place of Birth*\" value=\"\" type=\"text\" name=\"your-place\" \/><\/span>\n  <\/div>\n  <div class=\"col-md-6\">\n       <span class=\"wpcf7-form-control-wrap\" data-name=\"date-156\"><input class=\"wpcf7-form-control wpcf7-date wpcf7-validates-as-required wpcf7-validates-as-date\" aria-required=\"true\" aria-invalid=\"false\" placeholder=\"Your Date of Birth*\" value=\"\" type=\"date\" name=\"date-156\" \/><\/span>\n  <\/div>\n  <div class=\"col-md-12\">\n       <span class=\"wpcf7-form-control-wrap\" data-name=\"menu-443\"><select class=\"wpcf7-form-control wpcf7-select\" aria-invalid=\"false\" name=\"menu-443\"><option value=\"Select Position...\">Select Position...<\/option><option value=\"Position 1\">Position 1<\/option><option value=\"Position 2\">Position 2<\/option><option value=\"Position 3\">Position 3<\/option><\/select><\/span>\n  <\/div>\n  <div class=\"col-md-12\">\n       <span class=\"wpcf7-form-control-wrap\" data-name=\"file-33\"><input size=\"40\" class=\"wpcf7-form-control wpcf7-file wpcf7-validates-as-required\" accept=\".jpeg,.png,.pdf,.jpg\" aria-required=\"true\" aria-invalid=\"false\" type=\"file\" name=\"file-33\" \/><\/span>\n  <\/div>\n  <div class=\"col-md-12\">\n       <span class=\"wpcf7-form-control-wrap\" data-name=\"textarea-752\"><textarea cols=\"40\" rows=\"10\" class=\"wpcf7-form-control wpcf7-textarea wpcf7-validates-as-required\" aria-required=\"true\" aria-invalid=\"false\" placeholder=\"Your Message...\" name=\"textarea-752\"><\/textarea><\/span>\n  <\/div>\n  <div class=\"col-md-12\">\n       <div class=\"ai-submit-btn d-flex justify-content-center\">\n            <button type=\"submit\">Send<\/button>\n       <\/div>\n  <\/div>\n<\/div><div class=\"wpcf7-response-output\" aria-hidden=\"true\"><\/div>\n<\/form>\n<\/div>\n<\/div>\n\t\t\t\t<\/div>\n\t\t\t\t<\/div>\n\t\t\t\t\t<\/div>\n\t\t<\/div>\n\t\t\t\t\t<\/div>\n\t\t<\/section>\n\t\t\t\t<\/div>\n\t\t","protected":false},"excerpt":{"rendered":"<p>HUMAN RESOURCES THE FOUNDATION OF A STRONG TEAM Humanpower is at the heart of our business. As M\u0131knat\u0131s Ar-Ge, we create a business culture that prioritizes team spirit, expertise and ethical values. Our human resources policy aims to contribute to the success of our company by supporting the individual development of our employees and adopting [&hellip;]<\/p>\n","protected":false},"author":1,"featured_media":0,"parent":0,"menu_order":0,"comment_status":"closed","ping_status":"closed","template":"elementor_header_footer","meta":{"footnotes":""},"class_list":["post-5730","page","type-page","status-publish","hentry"],"acf":[],"yoast_head":"<!-- This site is optimized with the Yoast SEO Premium plugin v22.1 (Yoast SEO v22.1) - https:\/\/yoast.com\/wordpress\/plugins\/seo\/ -->\n<title>Human Resources - M\u0131knat\u0131s Ar-Ge<\/title>\n<meta name=\"description\" content=\"Humanpower is at the heart of our business. As M\u0131knat\u0131s Ar-Ge, we create a business culture that prioritizes team spirit, expertise\" \/>\n<meta name=\"robots\" content=\"index, follow, max-snippet:-1, max-image-preview:large, max-video-preview:-1\" \/>\n<link rel=\"canonical\" href=\"https:\/\/profaj.co\/miknatis\/human-resources\/\" \/>\n<meta property=\"og:locale\" content=\"tr_TR\" \/>\n<meta property=\"og:type\" content=\"article\" \/>\n<meta property=\"og:title\" content=\"Human Resources\" \/>\n<meta property=\"og:description\" content=\"Humanpower is at the heart of our business. As M\u0131knat\u0131s Ar-Ge, we create a business culture that prioritizes team spirit, expertise\" \/>\n<meta property=\"og:url\" content=\"https:\/\/profaj.co\/miknatis\/human-resources\/\" \/>\n<meta property=\"og:site_name\" content=\"M\u0131knat\u0131s Ar-Ge\" \/>\n<meta property=\"article:modified_time\" content=\"2025-12-17T05:35:56+00:00\" \/>\n<meta name=\"twitter:card\" content=\"summary_large_image\" \/>\n<meta name=\"twitter:label1\" content=\"Tahmini okuma s\u00fcresi\" \/>\n\t<meta name=\"twitter:data1\" content=\"1 dakika\" \/>\n<script type=\"application\/ld+json\" class=\"yoast-schema-graph\">{\"@context\":\"https:\/\/schema.org\",\"@graph\":[{\"@type\":\"WebPage\",\"@id\":\"https:\/\/profaj.co\/miknatis\/human-resources\/\",\"url\":\"https:\/\/profaj.co\/miknatis\/human-resources\/\",\"name\":\"Human Resources - M\u0131knat\u0131s Ar-Ge\",\"isPartOf\":{\"@id\":\"https:\/\/profaj.co\/miknatis\/#website\"},\"datePublished\":\"2024-02-01T09:07:08+00:00\",\"dateModified\":\"2025-12-17T05:35:56+00:00\",\"description\":\"Humanpower is at the heart of our business. As M\u0131knat\u0131s Ar-Ge, we create a business culture that prioritizes team spirit, expertise\",\"breadcrumb\":{\"@id\":\"https:\/\/profaj.co\/miknatis\/human-resources\/#breadcrumb\"},\"inLanguage\":\"tr\",\"potentialAction\":[{\"@type\":\"ReadAction\",\"target\":[\"https:\/\/profaj.co\/miknatis\/human-resources\/\"]}]},{\"@type\":\"BreadcrumbList\",\"@id\":\"https:\/\/profaj.co\/miknatis\/human-resources\/#breadcrumb\",\"itemListElement\":[{\"@type\":\"ListItem\",\"position\":1,\"name\":\"Anasayfa\",\"item\":\"https:\/\/profaj.co\/miknatis\/tr\/anasayfa\/\"},{\"@type\":\"ListItem\",\"position\":2,\"name\":\"Human Resources\"}]},{\"@type\":\"WebSite\",\"@id\":\"https:\/\/profaj.co\/miknatis\/#website\",\"url\":\"https:\/\/profaj.co\/miknatis\/\",\"name\":\"M\u0131knat\u0131s Ar-Ge\",\"description\":\"\",\"publisher\":{\"@id\":\"https:\/\/profaj.co\/miknatis\/#organization\"},\"potentialAction\":[{\"@type\":\"SearchAction\",\"target\":{\"@type\":\"EntryPoint\",\"urlTemplate\":\"https:\/\/profaj.co\/miknatis\/?s={search_term_string}\"},\"query-input\":\"required name=search_term_string\"}],\"inLanguage\":\"tr\"},{\"@type\":\"Organization\",\"@id\":\"https:\/\/profaj.co\/miknatis\/#organization\",\"name\":\"M\u0131knat\u0131s Ar-Ge\",\"url\":\"https:\/\/profaj.co\/miknatis\/\",\"logo\":{\"@type\":\"ImageObject\",\"inLanguage\":\"tr\",\"@id\":\"https:\/\/profaj.co\/miknatis\/#\/schema\/logo\/image\/\",\"url\":\"https:\/\/profaj.co\/miknatis\/wp-content\/uploads\/2023\/12\/logo-white.webp\",\"contentUrl\":\"https:\/\/profaj.co\/miknatis\/wp-content\/uploads\/2023\/12\/logo-white.webp\",\"width\":300,\"height\":266,\"caption\":\"M\u0131knat\u0131s Ar-Ge\"},\"image\":{\"@id\":\"https:\/\/profaj.co\/miknatis\/#\/schema\/logo\/image\/\"}}]}<\/script>\n<!-- \/ Yoast SEO Premium plugin. -->","yoast_head_json":{"title":"Human Resources - M\u0131knat\u0131s Ar-Ge","description":"Humanpower is at the heart of our business. As M\u0131knat\u0131s Ar-Ge, we create a business culture that prioritizes team spirit, expertise","robots":{"index":"index","follow":"follow","max-snippet":"max-snippet:-1","max-image-preview":"max-image-preview:large","max-video-preview":"max-video-preview:-1"},"canonical":"https:\/\/profaj.co\/miknatis\/human-resources\/","og_locale":"tr_TR","og_type":"article","og_title":"Human Resources","og_description":"Humanpower is at the heart of our business. As M\u0131knat\u0131s Ar-Ge, we create a business culture that prioritizes team spirit, expertise","og_url":"https:\/\/profaj.co\/miknatis\/human-resources\/","og_site_name":"M\u0131knat\u0131s Ar-Ge","article_modified_time":"2025-12-17T05:35:56+00:00","twitter_card":"summary_large_image","twitter_misc":{"Tahmini okuma s\u00fcresi":"1 dakika"},"schema":{"@context":"https:\/\/schema.org","@graph":[{"@type":"WebPage","@id":"https:\/\/profaj.co\/miknatis\/human-resources\/","url":"https:\/\/profaj.co\/miknatis\/human-resources\/","name":"Human Resources - M\u0131knat\u0131s Ar-Ge","isPartOf":{"@id":"https:\/\/profaj.co\/miknatis\/#website"},"datePublished":"2024-02-01T09:07:08+00:00","dateModified":"2025-12-17T05:35:56+00:00","description":"Humanpower is at the heart of our business. As M\u0131knat\u0131s Ar-Ge, we create a business culture that prioritizes team spirit, expertise","breadcrumb":{"@id":"https:\/\/profaj.co\/miknatis\/human-resources\/#breadcrumb"},"inLanguage":"tr","potentialAction":[{"@type":"ReadAction","target":["https:\/\/profaj.co\/miknatis\/human-resources\/"]}]},{"@type":"BreadcrumbList","@id":"https:\/\/profaj.co\/miknatis\/human-resources\/#breadcrumb","itemListElement":[{"@type":"ListItem","position":1,"name":"Anasayfa","item":"https:\/\/profaj.co\/miknatis\/tr\/anasayfa\/"},{"@type":"ListItem","position":2,"name":"Human Resources"}]},{"@type":"WebSite","@id":"https:\/\/profaj.co\/miknatis\/#website","url":"https:\/\/profaj.co\/miknatis\/","name":"M\u0131knat\u0131s Ar-Ge","description":"","publisher":{"@id":"https:\/\/profaj.co\/miknatis\/#organization"},"potentialAction":[{"@type":"SearchAction","target":{"@type":"EntryPoint","urlTemplate":"https:\/\/profaj.co\/miknatis\/?s={search_term_string}"},"query-input":"required name=search_term_string"}],"inLanguage":"tr"},{"@type":"Organization","@id":"https:\/\/profaj.co\/miknatis\/#organization","name":"M\u0131knat\u0131s Ar-Ge","url":"https:\/\/profaj.co\/miknatis\/","logo":{"@type":"ImageObject","inLanguage":"tr","@id":"https:\/\/profaj.co\/miknatis\/#\/schema\/logo\/image\/","url":"https:\/\/profaj.co\/miknatis\/wp-content\/uploads\/2023\/12\/logo-white.webp","contentUrl":"https:\/\/profaj.co\/miknatis\/wp-content\/uploads\/2023\/12\/logo-white.webp","width":300,"height":266,"caption":"M\u0131knat\u0131s Ar-Ge"},"image":{"@id":"https:\/\/profaj.co\/miknatis\/#\/schema\/logo\/image\/"}}]}},"lang":"en","translations":{"en":5730,"tr":3457},"pll_sync_post":[],"_links":{"self":[{"href":"https:\/\/profaj.co\/miknatis\/wp-json\/wp\/v2\/pages\/5730","targetHints":{"allow":["GET"]}}],"collection":[{"href":"https:\/\/profaj.co\/miknatis\/wp-json\/wp\/v2\/pages"}],"about":[{"href":"https:\/\/profaj.co\/miknatis\/wp-json\/wp\/v2\/types\/page"}],"author":[{"embeddable":true,"href":"https:\/\/profaj.co\/miknatis\/wp-json\/wp\/v2\/users\/1"}],"replies":[{"embeddable":true,"href":"https:\/\/profaj.co\/miknatis\/wp-json\/wp\/v2\/comments?post=5730"}],"version-history":[{"count":49,"href":"https:\/\/profaj.co\/miknatis\/wp-json\/wp\/v2\/pages\/5730\/revisions"}],"predecessor-version":[{"id":9244,"href":"https:\/\/profaj.co\/miknatis\/wp-json\/wp\/v2\/pages\/5730\/revisions\/9244"}],"wp:attachment":[{"href":"https:\/\/profaj.co\/miknatis\/wp-json\/wp\/v2\/media?parent=5730"}],"curies":[{"name":"wp","href":"https:\/\/api.w.org\/{rel}","templated":true}]}}