{"id":5077,"date":"2024-02-01T11:01:21","date_gmt":"2024-02-01T08:01:21","guid":{"rendered":"https:\/\/profaj.co\/miknatis\/?post_type=product&#038;p=5077"},"modified":"2024-02-01T11:01:21","modified_gmt":"2024-02-01T08:01:21","slug":"ndfeb-neodimyum-miknatislar","status":"publish","type":"product","link":"https:\/\/profaj.co\/miknatis\/tr\/urun\/ndfeb-neodimyum-miknatislar\/","title":{"rendered":"NdFeB Neodimyum M\u0131knat\u0131slar"},"content":{"rendered":"<p>G\u00fcn\u00fcm\u00fczde piyasada bulunan en g\u00fc\u00e7l\u00fc manyetik malzemedir. B\u00fcy\u00fck \u00f6l\u00e7\u00fcde neodim, demir ve bor ala\u015f\u0131m\u0131ndan yap\u0131lm\u0131\u015ft\u0131r ve kimyasal form\u00fcl\u00fc Nd2Fe14B&#8217;dir. NdFeB neodimyum (neodyum) m\u0131knat\u0131s, y\u00fcksek zorlay\u0131c\u0131 kuvvetlerle k\u00fc\u00e7\u00fck boyutta y\u00fcksek manyetik enerji sergiler. Uygulama \u00f6rnekleri aras\u0131nda sabit m\u0131knat\u0131sl\u0131 motorlar, hoparl\u00f6rler, manyetik ay\u0131r\u0131c\u0131lar, r\u00fczgar enerjisi jenerat\u00f6rleri, bilgisayar sabit diski ve MRI cihazlar\u0131 say\u0131labilir.<\/p>\n<h5><strong>Avantajlar\u0131;<\/strong><\/h5>\n<ul>\n<li>\u00c7a\u011fda\u015f m\u0131knat\u0131slar aras\u0131nda en g\u00fc\u00e7l\u00fc kal\u0131c\u0131 m\u0131knat\u0131st\u0131r.<\/li>\n<li>Ana hammaddesi olan demir ucuz oldu\u011fundan ve nadir toprak neodimyum rezervi samaryumunkinden 10-16 kat daha fazla olmas\u0131 nedeni ile maliyeti samaryum kobalt m\u0131knat\u0131slar\u0131ndan \u00e7ok daha d\u00fc\u015f\u00fckt\u00fcr.<\/li>\n<li>Neodimiyum demir bor m\u0131knat\u0131slar\u0131n i\u015flenebilirlik \u00f6zellikleri samaryum kobalt m\u0131knat\u0131slardan ve alniko m\u0131knat\u0131slardan daha iyidir ve karma\u015f\u0131k \u015fekilleri kesmek, delmek ve i\u015flemek daha kolayd\u0131r.<\/li>\n<\/ul>\n<h5><strong>Dezavantajlar\u0131;<\/strong><\/h5>\n<ul>\n<li>Y\u00fcksek s\u0131cakl\u0131kta kullan\u0131ld\u0131\u011f\u0131nda b\u00fcy\u00fck manyetik kay\u0131p ya\u015far. \u00c7al\u0131\u015fma s\u0131cakl\u0131\u011f\u0131 genel olarak, yakla\u015f\u0131k 80 \u2070C ve s\u0131cakl\u0131k dayan\u0131m\u0131 artt\u0131r\u0131lm\u0131\u015f \u00f6zel modellerinde maksimum \u00e7al\u0131\u015fma s\u0131cakl\u0131\u011f\u0131 220 \u2070C ula\u015fabilir.<\/li>\n<li>Malzeme \u00e7ok fazla neodimyum ve demir i\u00e7erdi\u011finden paslanmas\u0131 kolayd\u0131r. \u00a0Bu nedenle neodimiyum demir bor m\u0131knat\u0131slar\u0131n y\u00fczeyi kaplanmal\u0131d\u0131r.\u00a0Nikel, \u00e7inko, alt\u0131n, krom, epoksi re\u00e7ine vb. ile kaplanabilir.<\/li>\n<li>Toz metal\u00fcrjisi ile \u00fcretildi\u011fi i\u00e7in k\u0131r\u0131lgan malzemelerdir.<\/li>\n<\/ul>\n<p><strong>Neodimyum m\u0131knat\u0131slar \u015fekillerine g\u00f6re a\u015fa\u011f\u0131daki gibi \u00e7e\u015fitlere sahiptir. En geni\u015f Neodimyum m\u0131knat\u0131s \u00e7e\u015fitlili\u011fini sizlere sunuyoruz.<\/strong><\/p>\n<ul>\n<li><a title=\"K\u00f6\u015feli Neodyum M\u0131knat\u0131slar\" href=\"https:\/\/www.miknatisal.net\/kategori\/koseli-neodyum-miknatislar\" target=\"_blank\" rel=\"noopener\">K\u00f6\u015feli Neodimyum M\u0131knat\u0131slar<\/a><\/li>\n<li><a title=\"Yuvarlak Neodyum M\u0131knat\u0131slar\" href=\"https:\/\/www.miknatisal.net\/kategori\/yuvarlak-neodyum-miknatislar\" target=\"_blank\" rel=\"noopener\">Yuvarlak Neodimyum M\u0131knat\u0131slar<\/a><\/li>\n<li><a title=\"Hav\u015fa Delikli Neodyum M\u0131knat\u0131slar\" href=\"https:\/\/www.miknatisal.net\/kategori\/havsa-delikli-neodyum-miknatislar\" target=\"_blank\" rel=\"noopener\">Hav\u015fa Delikli Neodimyum M\u0131knat\u0131slar<\/a><\/li>\n<li><a title=\"D\u00fcz Delikli Neodyum M\u0131knat\u0131slar\" href=\"https:\/\/www.miknatisal.net\/kategori\/duz-delikli-neodyum-miknatislar\" target=\"_blank\" rel=\"noopener\">D\u00fcz Delikli Neodimyum M\u0131knat\u0131slar<\/a><\/li>\n<li><a title=\"K\u00fcre Neodyum M\u0131knat\u0131slar\" href=\"https:\/\/www.miknatisal.net\/kategori\/kure-neodyum-miknatislar\" target=\"_blank\" rel=\"noopener\">K\u00fcre Neodimyum M\u0131knat\u0131slar<\/a><\/li>\n<\/ul>\n","protected":false},"excerpt":{"rendered":"<p>G\u00fcn\u00fcm\u00fczde piyasada bulunan en g\u00fc\u00e7l\u00fc manyetik malzemedir.\u00a0B\u00fcy\u00fck \u00f6l\u00e7\u00fcde neodim, demir ve bor ala\u015f\u0131m\u0131ndan yap\u0131lm\u0131\u015ft\u0131r ve kimyasal form\u00fcl\u00fc Nd2Fe14B&#8217;dir.<\/p>\n","protected":false},"featured_media":5078,"template":"","meta":[],"product_cat":[54],"product_tag":[],"class_list":["post-5077","product","type-product","status-publish","has-post-thumbnail","hentry","product_cat-miknatislar"],"acf":[],"yoast_head":"<!-- This site is optimized with the Yoast SEO Premium plugin v22.1 (Yoast SEO v22.1) - https:\/\/yoast.com\/wordpress\/plugins\/seo\/ -->\n<title>NdFeB Neodimyum M\u0131knat\u0131slar - M\u0131knat\u0131s Ar-Ge<\/title>\n<meta name=\"robots\" content=\"index, follow, max-snippet:-1, max-image-preview:large, max-video-preview:-1\" \/>\n<link rel=\"canonical\" href=\"https:\/\/profaj.co\/miknatis\/tr\/urun\/ndfeb-neodimyum-miknatislar\/\" \/>\n<meta property=\"og:locale\" content=\"tr_TR\" \/>\n<meta property=\"og:type\" content=\"article\" \/>\n<meta property=\"og:title\" content=\"NdFeB Neodimyum M\u0131knat\u0131slar\" \/>\n<meta property=\"og:description\" content=\"G\u00fcn\u00fcm\u00fczde piyasada bulunan en g\u00fc\u00e7l\u00fc manyetik malzemedir.\u00a0B\u00fcy\u00fck \u00f6l\u00e7\u00fcde neodim, demir ve bor ala\u015f\u0131m\u0131ndan yap\u0131lm\u0131\u015ft\u0131r ve kimyasal form\u00fcl\u00fc Nd2Fe14B&#039;dir.\" \/>\n<meta property=\"og:url\" content=\"https:\/\/profaj.co\/miknatis\/tr\/urun\/ndfeb-neodimyum-miknatislar\/\" \/>\n<meta property=\"og:site_name\" content=\"M\u0131knat\u0131s Ar-Ge\" \/>\n<meta property=\"og:image\" content=\"https:\/\/profaj.co\/miknatis\/wp-content\/uploads\/2023\/12\/NdFeB.webp\" \/>\n\t<meta property=\"og:image:width\" content=\"1000\" \/>\n\t<meta property=\"og:image:height\" content=\"1000\" \/>\n\t<meta property=\"og:image:type\" content=\"image\/webp\" \/>\n<meta name=\"twitter:card\" content=\"summary_large_image\" \/>\n<meta name=\"twitter:label1\" content=\"Tahmini okuma s\u00fcresi\" \/>\n\t<meta name=\"twitter:data1\" content=\"2 dakika\" \/>\n<script type=\"application\/ld+json\" class=\"yoast-schema-graph\">{\"@context\":\"https:\/\/schema.org\",\"@graph\":[{\"@type\":\"WebPage\",\"@id\":\"https:\/\/profaj.co\/miknatis\/tr\/urun\/ndfeb-neodimyum-miknatislar\/\",\"url\":\"https:\/\/profaj.co\/miknatis\/tr\/urun\/ndfeb-neodimyum-miknatislar\/\",\"name\":\"NdFeB Neodimyum M\u0131knat\u0131slar - M\u0131knat\u0131s Ar-Ge\",\"isPartOf\":{\"@id\":\"https:\/\/profaj.co\/miknatis\/#website\"},\"datePublished\":\"2024-02-01T08:01:21+00:00\",\"dateModified\":\"2024-02-01T08:01:21+00:00\",\"breadcrumb\":{\"@id\":\"https:\/\/profaj.co\/miknatis\/tr\/urun\/ndfeb-neodimyum-miknatislar\/#breadcrumb\"},\"inLanguage\":\"tr\",\"potentialAction\":[{\"@type\":\"ReadAction\",\"target\":[\"https:\/\/profaj.co\/miknatis\/tr\/urun\/ndfeb-neodimyum-miknatislar\/\"]}]},{\"@type\":\"BreadcrumbList\",\"@id\":\"https:\/\/profaj.co\/miknatis\/tr\/urun\/ndfeb-neodimyum-miknatislar\/#breadcrumb\",\"itemListElement\":[{\"@type\":\"ListItem\",\"position\":1,\"name\":\"Anasayfa\",\"item\":\"https:\/\/profaj.co\/miknatis\/tr\/anasayfa\/\"},{\"@type\":\"ListItem\",\"position\":2,\"name\":\"\u00dcr\u00fcnler\",\"item\":\"https:\/\/profaj.co\/miknatis\/tr\/urunler\/\"},{\"@type\":\"ListItem\",\"position\":3,\"name\":\"NdFeB Neodimyum M\u0131knat\u0131slar\"}]},{\"@type\":\"WebSite\",\"@id\":\"https:\/\/profaj.co\/miknatis\/#website\",\"url\":\"https:\/\/profaj.co\/miknatis\/\",\"name\":\"M\u0131knat\u0131s Ar-Ge\",\"description\":\"\",\"publisher\":{\"@id\":\"https:\/\/profaj.co\/miknatis\/#organization\"},\"potentialAction\":[{\"@type\":\"SearchAction\",\"target\":{\"@type\":\"EntryPoint\",\"urlTemplate\":\"https:\/\/profaj.co\/miknatis\/?s={search_term_string}\"},\"query-input\":\"required name=search_term_string\"}],\"inLanguage\":\"tr\"},{\"@type\":\"Organization\",\"@id\":\"https:\/\/profaj.co\/miknatis\/#organization\",\"name\":\"M\u0131knat\u0131s Ar-Ge\",\"url\":\"https:\/\/profaj.co\/miknatis\/\",\"logo\":{\"@type\":\"ImageObject\",\"inLanguage\":\"tr\",\"@id\":\"https:\/\/profaj.co\/miknatis\/#\/schema\/logo\/image\/\",\"url\":\"https:\/\/profaj.co\/miknatis\/wp-content\/uploads\/2023\/12\/logo-white.webp\",\"contentUrl\":\"https:\/\/profaj.co\/miknatis\/wp-content\/uploads\/2023\/12\/logo-white.webp\",\"width\":300,\"height\":266,\"caption\":\"M\u0131knat\u0131s Ar-Ge\"},\"image\":{\"@id\":\"https:\/\/profaj.co\/miknatis\/#\/schema\/logo\/image\/\"}}]}<\/script>\n<!-- \/ Yoast SEO Premium plugin. -->","yoast_head_json":{"title":"NdFeB Neodimyum M\u0131knat\u0131slar - M\u0131knat\u0131s Ar-Ge","robots":{"index":"index","follow":"follow","max-snippet":"max-snippet:-1","max-image-preview":"max-image-preview:large","max-video-preview":"max-video-preview:-1"},"canonical":"https:\/\/profaj.co\/miknatis\/tr\/urun\/ndfeb-neodimyum-miknatislar\/","og_locale":"tr_TR","og_type":"article","og_title":"NdFeB Neodimyum M\u0131knat\u0131slar","og_description":"G\u00fcn\u00fcm\u00fczde piyasada bulunan en g\u00fc\u00e7l\u00fc manyetik malzemedir.\u00a0B\u00fcy\u00fck \u00f6l\u00e7\u00fcde neodim, demir ve bor ala\u015f\u0131m\u0131ndan yap\u0131lm\u0131\u015ft\u0131r ve kimyasal form\u00fcl\u00fc Nd2Fe14B'dir.","og_url":"https:\/\/profaj.co\/miknatis\/tr\/urun\/ndfeb-neodimyum-miknatislar\/","og_site_name":"M\u0131knat\u0131s Ar-Ge","og_image":[{"width":1000,"height":1000,"url":"https:\/\/profaj.co\/miknatis\/wp-content\/uploads\/2023\/12\/NdFeB.webp","type":"image\/webp"}],"twitter_card":"summary_large_image","twitter_misc":{"Tahmini okuma s\u00fcresi":"2 dakika"},"schema":{"@context":"https:\/\/schema.org","@graph":[{"@type":"WebPage","@id":"https:\/\/profaj.co\/miknatis\/tr\/urun\/ndfeb-neodimyum-miknatislar\/","url":"https:\/\/profaj.co\/miknatis\/tr\/urun\/ndfeb-neodimyum-miknatislar\/","name":"NdFeB Neodimyum M\u0131knat\u0131slar - M\u0131knat\u0131s Ar-Ge","isPartOf":{"@id":"https:\/\/profaj.co\/miknatis\/#website"},"datePublished":"2024-02-01T08:01:21+00:00","dateModified":"2024-02-01T08:01:21+00:00","breadcrumb":{"@id":"https:\/\/profaj.co\/miknatis\/tr\/urun\/ndfeb-neodimyum-miknatislar\/#breadcrumb"},"inLanguage":"tr","potentialAction":[{"@type":"ReadAction","target":["https:\/\/profaj.co\/miknatis\/tr\/urun\/ndfeb-neodimyum-miknatislar\/"]}]},{"@type":"BreadcrumbList","@id":"https:\/\/profaj.co\/miknatis\/tr\/urun\/ndfeb-neodimyum-miknatislar\/#breadcrumb","itemListElement":[{"@type":"ListItem","position":1,"name":"Anasayfa","item":"https:\/\/profaj.co\/miknatis\/tr\/anasayfa\/"},{"@type":"ListItem","position":2,"name":"\u00dcr\u00fcnler","item":"https:\/\/profaj.co\/miknatis\/tr\/urunler\/"},{"@type":"ListItem","position":3,"name":"NdFeB Neodimyum M\u0131knat\u0131slar"}]},{"@type":"WebSite","@id":"https:\/\/profaj.co\/miknatis\/#website","url":"https:\/\/profaj.co\/miknatis\/","name":"M\u0131knat\u0131s Ar-Ge","description":"","publisher":{"@id":"https:\/\/profaj.co\/miknatis\/#organization"},"potentialAction":[{"@type":"SearchAction","target":{"@type":"EntryPoint","urlTemplate":"https:\/\/profaj.co\/miknatis\/?s={search_term_string}"},"query-input":"required name=search_term_string"}],"inLanguage":"tr"},{"@type":"Organization","@id":"https:\/\/profaj.co\/miknatis\/#organization","name":"M\u0131knat\u0131s Ar-Ge","url":"https:\/\/profaj.co\/miknatis\/","logo":{"@type":"ImageObject","inLanguage":"tr","@id":"https:\/\/profaj.co\/miknatis\/#\/schema\/logo\/image\/","url":"https:\/\/profaj.co\/miknatis\/wp-content\/uploads\/2023\/12\/logo-white.webp","contentUrl":"https:\/\/profaj.co\/miknatis\/wp-content\/uploads\/2023\/12\/logo-white.webp","width":300,"height":266,"caption":"M\u0131knat\u0131s Ar-Ge"},"image":{"@id":"https:\/\/profaj.co\/miknatis\/#\/schema\/logo\/image\/"}}]}},"lang":"tr","translations":{"tr":5077,"en":5747},"pll_sync_post":[],"_links":{"self":[{"href":"https:\/\/profaj.co\/miknatis\/wp-json\/wp\/v2\/product\/5077","targetHints":{"allow":["GET"]}}],"collection":[{"href":"https:\/\/profaj.co\/miknatis\/wp-json\/wp\/v2\/product"}],"about":[{"href":"https:\/\/profaj.co\/miknatis\/wp-json\/wp\/v2\/types\/product"}],"wp:featuredmedia":[{"embeddable":true,"href":"https:\/\/profaj.co\/miknatis\/wp-json\/wp\/v2\/media\/5078"}],"wp:attachment":[{"href":"https:\/\/profaj.co\/miknatis\/wp-json\/wp\/v2\/media?parent=5077"}],"wp:term":[{"taxonomy":"product_cat","embeddable":true,"href":"https:\/\/profaj.co\/miknatis\/wp-json\/wp\/v2\/product_cat?post=5077"},{"taxonomy":"product_tag","embeddable":true,"href":"https:\/\/profaj.co\/miknatis\/wp-json\/wp\/v2\/product_tag?post=5077"}],"curies":[{"name":"wp","href":"https:\/\/api.w.org\/{rel}","templated":true}]}}