{"id":5110,"date":"2024-02-01T11:01:21","date_gmt":"2024-02-01T08:01:21","guid":{"rendered":"https:\/\/profaj.co\/miknatis\/?post_type=product&#038;p=5110"},"modified":"2024-05-15T12:07:18","modified_gmt":"2024-05-15T09:07:18","slug":"ndfeb-neodimyum-pot-miknatislar","status":"publish","type":"product","link":"https:\/\/profaj.co\/miknatis\/tr\/urun\/ndfeb-neodimyum-pot-miknatislar\/","title":{"rendered":"NdFeB Neodimyum Pot M\u0131knat\u0131slar"},"content":{"rendered":"<p>G\u00fc\u00e7l\u00fc Neodimyum M\u0131knat\u0131slar; Neodim, Demir ve Bor kar\u0131\u015f\u0131m\u0131n\u0131n \u015fekillendirilmi\u015f ve \u0131s\u0131l i\u015flem g\u00f6rm\u00fc\u015f bir bile\u015fimdir. Neodimyum m\u0131knat\u0131slar korozyon ve paslanmaya kar\u015f\u0131 dayan\u0131kl\u0131 de\u011fillerdir. \u00c7elik muhafaza i\u00e7ine yerle\u015ftirilen neodimyum m\u0131knat\u0131s\u0131 korozyona ve mekanik darbelere kar\u015f\u0131 korurken ayn\u0131 zamanda da m\u0131knat\u0131s\u0131n yap\u0131\u015fmayan y\u00fczeyindeki \u00e7ekim kuvvetini yap\u0131\u015fma y\u00fczeyine aktararak \u00e7ok daha fazla yap\u0131\u015fma kuvveti sa\u011flar.<\/p>\n<p>D\u0131\u015f \u00e7anak ayn\u0131 zamanda korozyona kar\u015f\u0131 direnci art\u0131r\u0131r. \u00c7anakl\u0131 pot m\u0131knat\u0131slar\u0131n\u0131n ek bir avantaj\u0131 da \u00e7elik bir y\u00fczeyle s\u00fcrekli darbe sonras\u0131nda k\u0131r\u0131lmaya veya \u00e7atlamaya kar\u015f\u0131 diren\u00e7li olmalar\u0131d\u0131r.<\/p>\n<p>Pot m\u0131knat\u0131slarda merkezlenmi\u015f montaj ba\u011flant\u0131 deli\u011fi veya saplamas\u0131 vard\u0131r. B\u00f6ylelikle duvara, tavana, ah\u015fap y\u00fczeye, metal y\u00fczeye, kapaklara vb. uygun bir g\u00f6mme vida ile vidalanabilir ve \u00e7e\u015fitli objeler takabilirsiniz.<\/p>\n<p>Pot m\u0131knat\u0131slar; \u00e7ekme tutma ve kurtarma amac\u0131 ile kullan\u0131lmaktad\u0131r. \u00d6zel s\u0131vama \u00e7anak y\u00fcksek korozyon dayan\u0131m\u0131 sa\u011flar. Korozyon dayan\u0131m\u0131 JIS Z2371 Standard\u0131na g\u00f6re Tuzlu Su Testi ile kaplama performans\u0131 \u00f6l\u00e7\u00fclm\u00fc\u015ft\u00fcr. N35 serisi Neodyum m\u0131knat\u0131s kullan\u0131lm\u0131\u015ft\u0131r. Standart \u00fcr\u00fcnlerimizde kullan\u0131lan m\u0131knat\u0131s\u0131n max. dayan\u0131m s\u0131cakl\u0131\u011f\u0131 \u226480 \u00baC dir. Talep edilirse max. \u2264200 \u00baC s\u0131cakl\u0131\u011fa dayan\u0131ml\u0131 imalatlar yap\u0131labilmektedir.<\/p>\n<p><strong>Neodimyum Pot M\u0131knat\u0131slar\u0131n; farkl\u0131 boyut, manyetik g\u00fc\u00e7, kaplama ve ba\u011flant\u0131 \u00e7e\u015fitlerine sahip modelleri mevcuttur. Bunlar;<\/strong><\/p>\n<ul>\n<li>Hav\u015fa Delikli Neodimyum Pot M\u0131knat\u0131slar<\/li>\n<li>D\u00fcz Delikli Neodimyum Pot M\u0131knat\u0131slar<\/li>\n<li>Metrik Saplamal\u0131 Neodimyum Pot MIknat\u0131slar<\/li>\n<li>Metrik Yuval\u0131\u00a0Neodimyum Pot MIknat\u0131slar<\/li>\n<li>Kancal\u0131\u00a0Neodimyum Pot MIknat\u0131slar<\/li>\n<li>Erkek Aybolt\u00a0Neodimyum Pot MIknat\u0131slar<\/li>\n<li>Di\u015fi Aybolt\u00a0Neodimyum Pot MIknat\u0131slar<\/li>\n<\/ul>\n","protected":false},"excerpt":{"rendered":"<p>G\u00fc\u00e7l\u00fc Neodimyum M\u0131knat\u0131slar; Neodim, Demir ve Bor kar\u0131\u015f\u0131m\u0131n\u0131n \u015fekillendirilmi\u015f ve \u0131s\u0131l i\u015flem g\u00f6rm\u00fc\u015f bir bile\u015fimdir. Neodimyum m\u0131knat\u0131slar korozyon ve paslanmaya kar\u015f\u0131 dayan\u0131kl\u0131 de\u011fillerdir.<\/p>\n","protected":false},"featured_media":5111,"template":"","meta":[],"product_cat":[53,56],"product_tag":[],"class_list":["post-5110","product","type-product","status-publish","has-post-thumbnail","hentry","product_cat-miknatislar-ve-potlar","product_cat-pot-miknatislar"],"acf":[],"yoast_head":"<!-- This site is optimized with the Yoast SEO Premium plugin v22.1 (Yoast SEO v22.1) - https:\/\/yoast.com\/wordpress\/plugins\/seo\/ -->\n<title>NdFeB Neodimyum Pot M\u0131knat\u0131slar - M\u0131knat\u0131s Ar-Ge<\/title>\n<meta name=\"robots\" content=\"index, follow, max-snippet:-1, max-image-preview:large, max-video-preview:-1\" \/>\n<link rel=\"canonical\" href=\"https:\/\/profaj.co\/miknatis\/tr\/urun\/ndfeb-neodimyum-pot-miknatislar\/\" \/>\n<meta property=\"og:locale\" content=\"tr_TR\" \/>\n<meta property=\"og:type\" content=\"article\" \/>\n<meta property=\"og:title\" content=\"NdFeB Neodimyum Pot M\u0131knat\u0131slar\" \/>\n<meta property=\"og:description\" content=\"G\u00fc\u00e7l\u00fc Neodimyum M\u0131knat\u0131slar; Neodim, Demir ve Bor kar\u0131\u015f\u0131m\u0131n\u0131n \u015fekillendirilmi\u015f ve \u0131s\u0131l i\u015flem g\u00f6rm\u00fc\u015f bir bile\u015fimdir. Neodimyum m\u0131knat\u0131slar korozyon ve paslanmaya kar\u015f\u0131 dayan\u0131kl\u0131 de\u011fillerdir.\" \/>\n<meta property=\"og:url\" content=\"https:\/\/profaj.co\/miknatis\/tr\/urun\/ndfeb-neodimyum-pot-miknatislar\/\" \/>\n<meta property=\"og:site_name\" content=\"M\u0131knat\u0131s Ar-Ge\" \/>\n<meta property=\"article:modified_time\" content=\"2024-05-15T09:07:18+00:00\" \/>\n<meta property=\"og:image\" content=\"https:\/\/profaj.co\/miknatis\/wp-content\/uploads\/2023\/12\/miknatis-arge_615450f00adb5.webp\" \/>\n\t<meta property=\"og:image:width\" content=\"1000\" \/>\n\t<meta property=\"og:image:height\" content=\"1000\" \/>\n\t<meta property=\"og:image:type\" content=\"image\/webp\" \/>\n<meta name=\"twitter:card\" content=\"summary_large_image\" \/>\n<meta name=\"twitter:label1\" content=\"Tahmini okuma s\u00fcresi\" \/>\n\t<meta name=\"twitter:data1\" content=\"2 dakika\" \/>\n<script type=\"application\/ld+json\" class=\"yoast-schema-graph\">{\"@context\":\"https:\/\/schema.org\",\"@graph\":[{\"@type\":\"WebPage\",\"@id\":\"https:\/\/profaj.co\/miknatis\/tr\/urun\/ndfeb-neodimyum-pot-miknatislar\/\",\"url\":\"https:\/\/profaj.co\/miknatis\/tr\/urun\/ndfeb-neodimyum-pot-miknatislar\/\",\"name\":\"NdFeB Neodimyum Pot M\u0131knat\u0131slar - M\u0131knat\u0131s Ar-Ge\",\"isPartOf\":{\"@id\":\"https:\/\/profaj.co\/miknatis\/#website\"},\"datePublished\":\"2024-02-01T08:01:21+00:00\",\"dateModified\":\"2024-05-15T09:07:18+00:00\",\"breadcrumb\":{\"@id\":\"https:\/\/profaj.co\/miknatis\/tr\/urun\/ndfeb-neodimyum-pot-miknatislar\/#breadcrumb\"},\"inLanguage\":\"tr\",\"potentialAction\":[{\"@type\":\"ReadAction\",\"target\":[\"https:\/\/profaj.co\/miknatis\/tr\/urun\/ndfeb-neodimyum-pot-miknatislar\/\"]}]},{\"@type\":\"BreadcrumbList\",\"@id\":\"https:\/\/profaj.co\/miknatis\/tr\/urun\/ndfeb-neodimyum-pot-miknatislar\/#breadcrumb\",\"itemListElement\":[{\"@type\":\"ListItem\",\"position\":1,\"name\":\"Anasayfa\",\"item\":\"https:\/\/profaj.co\/miknatis\/tr\/anasayfa\/\"},{\"@type\":\"ListItem\",\"position\":2,\"name\":\"\u00dcr\u00fcnler\",\"item\":\"https:\/\/profaj.co\/miknatis\/tr\/urunler\/\"},{\"@type\":\"ListItem\",\"position\":3,\"name\":\"NdFeB Neodimyum Pot M\u0131knat\u0131slar\"}]},{\"@type\":\"WebSite\",\"@id\":\"https:\/\/profaj.co\/miknatis\/#website\",\"url\":\"https:\/\/profaj.co\/miknatis\/\",\"name\":\"M\u0131knat\u0131s Ar-Ge\",\"description\":\"\",\"publisher\":{\"@id\":\"https:\/\/profaj.co\/miknatis\/#organization\"},\"potentialAction\":[{\"@type\":\"SearchAction\",\"target\":{\"@type\":\"EntryPoint\",\"urlTemplate\":\"https:\/\/profaj.co\/miknatis\/?s={search_term_string}\"},\"query-input\":\"required name=search_term_string\"}],\"inLanguage\":\"tr\"},{\"@type\":\"Organization\",\"@id\":\"https:\/\/profaj.co\/miknatis\/#organization\",\"name\":\"M\u0131knat\u0131s Ar-Ge\",\"url\":\"https:\/\/profaj.co\/miknatis\/\",\"logo\":{\"@type\":\"ImageObject\",\"inLanguage\":\"tr\",\"@id\":\"https:\/\/profaj.co\/miknatis\/#\/schema\/logo\/image\/\",\"url\":\"https:\/\/profaj.co\/miknatis\/wp-content\/uploads\/2023\/12\/logo-white.webp\",\"contentUrl\":\"https:\/\/profaj.co\/miknatis\/wp-content\/uploads\/2023\/12\/logo-white.webp\",\"width\":300,\"height\":266,\"caption\":\"M\u0131knat\u0131s Ar-Ge\"},\"image\":{\"@id\":\"https:\/\/profaj.co\/miknatis\/#\/schema\/logo\/image\/\"}}]}<\/script>\n<!-- \/ Yoast SEO Premium plugin. -->","yoast_head_json":{"title":"NdFeB Neodimyum Pot M\u0131knat\u0131slar - M\u0131knat\u0131s Ar-Ge","robots":{"index":"index","follow":"follow","max-snippet":"max-snippet:-1","max-image-preview":"max-image-preview:large","max-video-preview":"max-video-preview:-1"},"canonical":"https:\/\/profaj.co\/miknatis\/tr\/urun\/ndfeb-neodimyum-pot-miknatislar\/","og_locale":"tr_TR","og_type":"article","og_title":"NdFeB Neodimyum Pot M\u0131knat\u0131slar","og_description":"G\u00fc\u00e7l\u00fc Neodimyum M\u0131knat\u0131slar; Neodim, Demir ve Bor kar\u0131\u015f\u0131m\u0131n\u0131n \u015fekillendirilmi\u015f ve \u0131s\u0131l i\u015flem g\u00f6rm\u00fc\u015f bir bile\u015fimdir. Neodimyum m\u0131knat\u0131slar korozyon ve paslanmaya kar\u015f\u0131 dayan\u0131kl\u0131 de\u011fillerdir.","og_url":"https:\/\/profaj.co\/miknatis\/tr\/urun\/ndfeb-neodimyum-pot-miknatislar\/","og_site_name":"M\u0131knat\u0131s Ar-Ge","article_modified_time":"2024-05-15T09:07:18+00:00","og_image":[{"width":1000,"height":1000,"url":"https:\/\/profaj.co\/miknatis\/wp-content\/uploads\/2023\/12\/miknatis-arge_615450f00adb5.webp","type":"image\/webp"}],"twitter_card":"summary_large_image","twitter_misc":{"Tahmini okuma s\u00fcresi":"2 dakika"},"schema":{"@context":"https:\/\/schema.org","@graph":[{"@type":"WebPage","@id":"https:\/\/profaj.co\/miknatis\/tr\/urun\/ndfeb-neodimyum-pot-miknatislar\/","url":"https:\/\/profaj.co\/miknatis\/tr\/urun\/ndfeb-neodimyum-pot-miknatislar\/","name":"NdFeB Neodimyum Pot M\u0131knat\u0131slar - M\u0131knat\u0131s Ar-Ge","isPartOf":{"@id":"https:\/\/profaj.co\/miknatis\/#website"},"datePublished":"2024-02-01T08:01:21+00:00","dateModified":"2024-05-15T09:07:18+00:00","breadcrumb":{"@id":"https:\/\/profaj.co\/miknatis\/tr\/urun\/ndfeb-neodimyum-pot-miknatislar\/#breadcrumb"},"inLanguage":"tr","potentialAction":[{"@type":"ReadAction","target":["https:\/\/profaj.co\/miknatis\/tr\/urun\/ndfeb-neodimyum-pot-miknatislar\/"]}]},{"@type":"BreadcrumbList","@id":"https:\/\/profaj.co\/miknatis\/tr\/urun\/ndfeb-neodimyum-pot-miknatislar\/#breadcrumb","itemListElement":[{"@type":"ListItem","position":1,"name":"Anasayfa","item":"https:\/\/profaj.co\/miknatis\/tr\/anasayfa\/"},{"@type":"ListItem","position":2,"name":"\u00dcr\u00fcnler","item":"https:\/\/profaj.co\/miknatis\/tr\/urunler\/"},{"@type":"ListItem","position":3,"name":"NdFeB Neodimyum Pot M\u0131knat\u0131slar"}]},{"@type":"WebSite","@id":"https:\/\/profaj.co\/miknatis\/#website","url":"https:\/\/profaj.co\/miknatis\/","name":"M\u0131knat\u0131s Ar-Ge","description":"","publisher":{"@id":"https:\/\/profaj.co\/miknatis\/#organization"},"potentialAction":[{"@type":"SearchAction","target":{"@type":"EntryPoint","urlTemplate":"https:\/\/profaj.co\/miknatis\/?s={search_term_string}"},"query-input":"required name=search_term_string"}],"inLanguage":"tr"},{"@type":"Organization","@id":"https:\/\/profaj.co\/miknatis\/#organization","name":"M\u0131knat\u0131s Ar-Ge","url":"https:\/\/profaj.co\/miknatis\/","logo":{"@type":"ImageObject","inLanguage":"tr","@id":"https:\/\/profaj.co\/miknatis\/#\/schema\/logo\/image\/","url":"https:\/\/profaj.co\/miknatis\/wp-content\/uploads\/2023\/12\/logo-white.webp","contentUrl":"https:\/\/profaj.co\/miknatis\/wp-content\/uploads\/2023\/12\/logo-white.webp","width":300,"height":266,"caption":"M\u0131knat\u0131s Ar-Ge"},"image":{"@id":"https:\/\/profaj.co\/miknatis\/#\/schema\/logo\/image\/"}}]}},"lang":"tr","translations":{"tr":5110,"en":5748},"pll_sync_post":[],"_links":{"self":[{"href":"https:\/\/profaj.co\/miknatis\/wp-json\/wp\/v2\/product\/5110","targetHints":{"allow":["GET"]}}],"collection":[{"href":"https:\/\/profaj.co\/miknatis\/wp-json\/wp\/v2\/product"}],"about":[{"href":"https:\/\/profaj.co\/miknatis\/wp-json\/wp\/v2\/types\/product"}],"wp:featuredmedia":[{"embeddable":true,"href":"https:\/\/profaj.co\/miknatis\/wp-json\/wp\/v2\/media\/5111"}],"wp:attachment":[{"href":"https:\/\/profaj.co\/miknatis\/wp-json\/wp\/v2\/media?parent=5110"}],"wp:term":[{"taxonomy":"product_cat","embeddable":true,"href":"https:\/\/profaj.co\/miknatis\/wp-json\/wp\/v2\/product_cat?post=5110"},{"taxonomy":"product_tag","embeddable":true,"href":"https:\/\/profaj.co\/miknatis\/wp-json\/wp\/v2\/product_tag?post=5110"}],"curies":[{"name":"wp","href":"https:\/\/api.w.org\/{rel}","templated":true}]}}