{"id":5134,"date":"2024-02-01T11:01:21","date_gmt":"2024-02-01T08:01:21","guid":{"rendered":"https:\/\/profaj.co\/miknatis\/?post_type=product&#038;p=5134"},"modified":"2024-08-19T13:05:17","modified_gmt":"2024-08-19T10:05:17","slug":"cekmeceli-manyetik-elek-separatorler","status":"publish","type":"product","link":"https:\/\/profaj.co\/miknatis\/tr\/urun\/cekmeceli-manyetik-elek-separatorler\/","title":{"rendered":"\u00c7ekmeceli Manyetik Elek Separat\u00f6rler"},"content":{"rendered":"<p>\u00c7ekmeceli \u00a0Manyetik Elek Separat\u00f6rler;\u00a0tozlar, gran\u00fcller, s\u0131v\u0131lar ve em\u00fclsiyonlar gibi serbest ak\u0131\u015fl\u0131 \u00fcr\u00fcnlerden ince demir i\u00e7eren kontaminasyonu gidermede son derece etkilidir. Haznelere, \u00fcr\u00fcn giri\u015f \u00e7\u0131k\u0131\u015f noktalar\u0131na, \u015futlara ve paketleme\u00a0\u00f6ncesine flan\u015fl\u0131, boru vb. ba\u011flant\u0131 ile\u00a0kolayca yerle\u015ftirilirler.<\/p>\n<p>Plastik, boya, kozmetik, kuru g\u0131da, \u015feker, baharat, kimyasallar, tah\u0131l ve mineraller gibi rahat ak\u0131\u015fl\u0131 \u00fcr\u00fcnlerden demir i\u00e7eren maddeleri ve i\u015fe yaramayan demir par\u00e7alar\u0131n\u0131 ay\u0131rmak i\u00e7in tasarlanm\u0131\u015f sistemlerdir.<\/p>\n<p>\u00c7ekmece yap\u0131s\u0131 i\u00e7ine yerle\u015ftirilen manyetik \u00e7ubuklar yerinden \u00e7\u0131kar\u0131larak manuel olarak temizlenebilir.<\/p>\n<p>En k\u00fc\u00e7\u00fck demir i\u00e7eren malzeme par\u00e7ac\u0131klar\u0131n\u0131 bile \u00e7ekmede g\u00fc\u00e7l\u00fc ve etkilidir. Mevcut makine veya hatta montaj\u0131 kolayd\u0131r. Makine a\u015f\u0131nmas\u0131ndan kaynaklanan pas ve ince demir tozu gibi kirleticiler, genellikle bir Metal Detekt\u00f6r\u00fc taraf\u0131ndan tespit edilemeyecek kadar k\u00fc\u00e7\u00fckt\u00fcr, ancak bu y\u00fcksek verimli manyetik \u0131zgara ile kolayca ay\u0131klanabilir.<\/p>\n<p>Hatlar\u0131n\u0131z\u0131n \u00f6l\u00e7\u00fclerine uygun kare, dikd\u00f6rtgen, boru giri\u015f \u00e7\u0131k\u0131\u015fl\u0131 tasarlanabilmektedir.<\/p>\n<p><img fetchpriority=\"high\" decoding=\"async\" class=\"alignnone size-full wp-image-5135\" src=\"https:\/\/profaj.co\/miknatis\/wp-content\/uploads\/2023\/12\/682406534.webp\" alt=\"\" width=\"768\" height=\"442\" srcset=\"https:\/\/profaj.co\/miknatis\/wp-content\/uploads\/2023\/12\/682406534.webp 768w, https:\/\/profaj.co\/miknatis\/wp-content\/uploads\/2023\/12\/682406534-300x173.webp 300w, https:\/\/profaj.co\/miknatis\/wp-content\/uploads\/2023\/12\/682406534-600x345.webp 600w\" sizes=\"(max-width: 768px) 100vw, 768px\" \/><\/p>\n<p><strong>Kullan\u0131m yerine g\u00f6re \u00f6zel \u015fekiller de yap\u0131labilir. L\u00fctfen ileti\u015fime ge\u00e7iniz.<\/strong><\/p>\n","protected":false},"excerpt":{"rendered":"<p>\u00c7ekmeceli Manyetik Elek Separat\u00f6rler; tozlar, gran\u00fcller, s\u0131v\u0131lar ve em\u00fclsiyonlar gibi serbest ak\u0131\u015fl\u0131 \u00fcr\u00fcnlerden ince demir i\u00e7eren kontaminasyonu gidermede son derece etkilidir.<\/p>\n","protected":false},"featured_media":5144,"template":"","meta":[],"product_cat":[58,61],"product_tag":[],"class_list":["post-5134","product","type-product","status-publish","has-post-thumbnail","hentry","product_cat-manyetik-separasyon","product_cat-cekmeceli-tip-manyetik-separator"],"acf":[],"yoast_head":"<!-- This site is optimized with the Yoast SEO Premium plugin v22.1 (Yoast SEO v22.1) - https:\/\/yoast.com\/wordpress\/plugins\/seo\/ -->\n<title>\u00c7ekmeceli Manyetik Elek Separat\u00f6rler - M\u0131knat\u0131s Ar-Ge<\/title>\n<meta name=\"robots\" content=\"index, follow, max-snippet:-1, max-image-preview:large, max-video-preview:-1\" \/>\n<link rel=\"canonical\" href=\"https:\/\/profaj.co\/miknatis\/tr\/urun\/cekmeceli-manyetik-elek-separatorler\/\" \/>\n<meta property=\"og:locale\" content=\"tr_TR\" \/>\n<meta property=\"og:type\" content=\"article\" \/>\n<meta property=\"og:title\" content=\"\u00c7ekmeceli Manyetik Elek Separat\u00f6rler\" \/>\n<meta property=\"og:description\" content=\"\u00c7ekmeceli Manyetik Elek Separat\u00f6rler; tozlar, gran\u00fcller, s\u0131v\u0131lar ve em\u00fclsiyonlar gibi serbest ak\u0131\u015fl\u0131 \u00fcr\u00fcnlerden ince demir i\u00e7eren kontaminasyonu gidermede son derece etkilidir.\" \/>\n<meta property=\"og:url\" content=\"https:\/\/profaj.co\/miknatis\/tr\/urun\/cekmeceli-manyetik-elek-separatorler\/\" \/>\n<meta property=\"og:site_name\" content=\"M\u0131knat\u0131s Ar-Ge\" \/>\n<meta property=\"article:modified_time\" content=\"2024-08-19T10:05:17+00:00\" \/>\n<meta property=\"og:image\" content=\"https:\/\/profaj.co\/miknatis\/wp-content\/uploads\/2023\/12\/miknatis-arge_6221fce9e3f7a.webp\" \/>\n\t<meta property=\"og:image:width\" content=\"1000\" \/>\n\t<meta property=\"og:image:height\" content=\"1000\" \/>\n\t<meta property=\"og:image:type\" content=\"image\/webp\" \/>\n<meta name=\"twitter:card\" content=\"summary_large_image\" \/>\n<meta name=\"twitter:label1\" content=\"Tahmini okuma s\u00fcresi\" \/>\n\t<meta name=\"twitter:data1\" content=\"2 dakika\" \/>\n<script type=\"application\/ld+json\" class=\"yoast-schema-graph\">{\"@context\":\"https:\/\/schema.org\",\"@graph\":[{\"@type\":\"WebPage\",\"@id\":\"https:\/\/profaj.co\/miknatis\/tr\/urun\/cekmeceli-manyetik-elek-separatorler\/\",\"url\":\"https:\/\/profaj.co\/miknatis\/tr\/urun\/cekmeceli-manyetik-elek-separatorler\/\",\"name\":\"\u00c7ekmeceli Manyetik Elek Separat\u00f6rler - M\u0131knat\u0131s Ar-Ge\",\"isPartOf\":{\"@id\":\"https:\/\/profaj.co\/miknatis\/#website\"},\"datePublished\":\"2024-02-01T08:01:21+00:00\",\"dateModified\":\"2024-08-19T10:05:17+00:00\",\"breadcrumb\":{\"@id\":\"https:\/\/profaj.co\/miknatis\/tr\/urun\/cekmeceli-manyetik-elek-separatorler\/#breadcrumb\"},\"inLanguage\":\"tr\",\"potentialAction\":[{\"@type\":\"ReadAction\",\"target\":[\"https:\/\/profaj.co\/miknatis\/tr\/urun\/cekmeceli-manyetik-elek-separatorler\/\"]}]},{\"@type\":\"BreadcrumbList\",\"@id\":\"https:\/\/profaj.co\/miknatis\/tr\/urun\/cekmeceli-manyetik-elek-separatorler\/#breadcrumb\",\"itemListElement\":[{\"@type\":\"ListItem\",\"position\":1,\"name\":\"Anasayfa\",\"item\":\"https:\/\/profaj.co\/miknatis\/tr\/anasayfa\/\"},{\"@type\":\"ListItem\",\"position\":2,\"name\":\"\u00dcr\u00fcnler\",\"item\":\"https:\/\/profaj.co\/miknatis\/tr\/urunler\/\"},{\"@type\":\"ListItem\",\"position\":3,\"name\":\"\u00c7ekmeceli Manyetik Elek Separat\u00f6rler\"}]},{\"@type\":\"WebSite\",\"@id\":\"https:\/\/profaj.co\/miknatis\/#website\",\"url\":\"https:\/\/profaj.co\/miknatis\/\",\"name\":\"M\u0131knat\u0131s Ar-Ge\",\"description\":\"\",\"publisher\":{\"@id\":\"https:\/\/profaj.co\/miknatis\/#organization\"},\"potentialAction\":[{\"@type\":\"SearchAction\",\"target\":{\"@type\":\"EntryPoint\",\"urlTemplate\":\"https:\/\/profaj.co\/miknatis\/?s={search_term_string}\"},\"query-input\":\"required name=search_term_string\"}],\"inLanguage\":\"tr\"},{\"@type\":\"Organization\",\"@id\":\"https:\/\/profaj.co\/miknatis\/#organization\",\"name\":\"M\u0131knat\u0131s Ar-Ge\",\"url\":\"https:\/\/profaj.co\/miknatis\/\",\"logo\":{\"@type\":\"ImageObject\",\"inLanguage\":\"tr\",\"@id\":\"https:\/\/profaj.co\/miknatis\/#\/schema\/logo\/image\/\",\"url\":\"https:\/\/profaj.co\/miknatis\/wp-content\/uploads\/2023\/12\/logo-white.webp\",\"contentUrl\":\"https:\/\/profaj.co\/miknatis\/wp-content\/uploads\/2023\/12\/logo-white.webp\",\"width\":300,\"height\":266,\"caption\":\"M\u0131knat\u0131s Ar-Ge\"},\"image\":{\"@id\":\"https:\/\/profaj.co\/miknatis\/#\/schema\/logo\/image\/\"}}]}<\/script>\n<!-- \/ Yoast SEO Premium plugin. -->","yoast_head_json":{"title":"\u00c7ekmeceli Manyetik Elek Separat\u00f6rler - M\u0131knat\u0131s Ar-Ge","robots":{"index":"index","follow":"follow","max-snippet":"max-snippet:-1","max-image-preview":"max-image-preview:large","max-video-preview":"max-video-preview:-1"},"canonical":"https:\/\/profaj.co\/miknatis\/tr\/urun\/cekmeceli-manyetik-elek-separatorler\/","og_locale":"tr_TR","og_type":"article","og_title":"\u00c7ekmeceli Manyetik Elek Separat\u00f6rler","og_description":"\u00c7ekmeceli Manyetik Elek Separat\u00f6rler; tozlar, gran\u00fcller, s\u0131v\u0131lar ve em\u00fclsiyonlar gibi serbest ak\u0131\u015fl\u0131 \u00fcr\u00fcnlerden ince demir i\u00e7eren kontaminasyonu gidermede son derece etkilidir.","og_url":"https:\/\/profaj.co\/miknatis\/tr\/urun\/cekmeceli-manyetik-elek-separatorler\/","og_site_name":"M\u0131knat\u0131s Ar-Ge","article_modified_time":"2024-08-19T10:05:17+00:00","og_image":[{"width":1000,"height":1000,"url":"https:\/\/profaj.co\/miknatis\/wp-content\/uploads\/2023\/12\/miknatis-arge_6221fce9e3f7a.webp","type":"image\/webp"}],"twitter_card":"summary_large_image","twitter_misc":{"Tahmini okuma s\u00fcresi":"2 dakika"},"schema":{"@context":"https:\/\/schema.org","@graph":[{"@type":"WebPage","@id":"https:\/\/profaj.co\/miknatis\/tr\/urun\/cekmeceli-manyetik-elek-separatorler\/","url":"https:\/\/profaj.co\/miknatis\/tr\/urun\/cekmeceli-manyetik-elek-separatorler\/","name":"\u00c7ekmeceli Manyetik Elek Separat\u00f6rler - M\u0131knat\u0131s Ar-Ge","isPartOf":{"@id":"https:\/\/profaj.co\/miknatis\/#website"},"datePublished":"2024-02-01T08:01:21+00:00","dateModified":"2024-08-19T10:05:17+00:00","breadcrumb":{"@id":"https:\/\/profaj.co\/miknatis\/tr\/urun\/cekmeceli-manyetik-elek-separatorler\/#breadcrumb"},"inLanguage":"tr","potentialAction":[{"@type":"ReadAction","target":["https:\/\/profaj.co\/miknatis\/tr\/urun\/cekmeceli-manyetik-elek-separatorler\/"]}]},{"@type":"BreadcrumbList","@id":"https:\/\/profaj.co\/miknatis\/tr\/urun\/cekmeceli-manyetik-elek-separatorler\/#breadcrumb","itemListElement":[{"@type":"ListItem","position":1,"name":"Anasayfa","item":"https:\/\/profaj.co\/miknatis\/tr\/anasayfa\/"},{"@type":"ListItem","position":2,"name":"\u00dcr\u00fcnler","item":"https:\/\/profaj.co\/miknatis\/tr\/urunler\/"},{"@type":"ListItem","position":3,"name":"\u00c7ekmeceli Manyetik Elek Separat\u00f6rler"}]},{"@type":"WebSite","@id":"https:\/\/profaj.co\/miknatis\/#website","url":"https:\/\/profaj.co\/miknatis\/","name":"M\u0131knat\u0131s Ar-Ge","description":"","publisher":{"@id":"https:\/\/profaj.co\/miknatis\/#organization"},"potentialAction":[{"@type":"SearchAction","target":{"@type":"EntryPoint","urlTemplate":"https:\/\/profaj.co\/miknatis\/?s={search_term_string}"},"query-input":"required name=search_term_string"}],"inLanguage":"tr"},{"@type":"Organization","@id":"https:\/\/profaj.co\/miknatis\/#organization","name":"M\u0131knat\u0131s Ar-Ge","url":"https:\/\/profaj.co\/miknatis\/","logo":{"@type":"ImageObject","inLanguage":"tr","@id":"https:\/\/profaj.co\/miknatis\/#\/schema\/logo\/image\/","url":"https:\/\/profaj.co\/miknatis\/wp-content\/uploads\/2023\/12\/logo-white.webp","contentUrl":"https:\/\/profaj.co\/miknatis\/wp-content\/uploads\/2023\/12\/logo-white.webp","width":300,"height":266,"caption":"M\u0131knat\u0131s Ar-Ge"},"image":{"@id":"https:\/\/profaj.co\/miknatis\/#\/schema\/logo\/image\/"}}]}},"lang":"tr","translations":{"tr":5134,"en":5750},"pll_sync_post":[],"_links":{"self":[{"href":"https:\/\/profaj.co\/miknatis\/wp-json\/wp\/v2\/product\/5134","targetHints":{"allow":["GET"]}}],"collection":[{"href":"https:\/\/profaj.co\/miknatis\/wp-json\/wp\/v2\/product"}],"about":[{"href":"https:\/\/profaj.co\/miknatis\/wp-json\/wp\/v2\/types\/product"}],"wp:featuredmedia":[{"embeddable":true,"href":"https:\/\/profaj.co\/miknatis\/wp-json\/wp\/v2\/media\/5144"}],"wp:attachment":[{"href":"https:\/\/profaj.co\/miknatis\/wp-json\/wp\/v2\/media?parent=5134"}],"wp:term":[{"taxonomy":"product_cat","embeddable":true,"href":"https:\/\/profaj.co\/miknatis\/wp-json\/wp\/v2\/product_cat?post=5134"},{"taxonomy":"product_tag","embeddable":true,"href":"https:\/\/profaj.co\/miknatis\/wp-json\/wp\/v2\/product_tag?post=5134"}],"curies":[{"name":"wp","href":"https:\/\/api.w.org\/{rel}","templated":true}]}}