{"id":5214,"date":"2024-02-01T11:01:21","date_gmt":"2024-02-01T08:01:21","guid":{"rendered":"https:\/\/profaj.co\/miknatis\/?post_type=product&#038;p=5214"},"modified":"2024-02-01T11:01:21","modified_gmt":"2024-02-01T08:01:21","slug":"gaussmetre","status":"publish","type":"product","link":"https:\/\/profaj.co\/miknatis\/tr\/urun\/gaussmetre\/","title":{"rendered":"Gaussmetre"},"content":{"rendered":"<h5>Manyetometre,\u00a0 Dijital Gausmetre, Tesla \u00f6l\u00e7er<\/h5>\n<p>El tipi dijital Gausmetre, y\u00fczey alan\u0131n\u0131n manyetik ak\u0131 yo\u011funlu\u011funu \u00f6l\u00e7mek i\u00e7in kullan\u0131l\u0131r.\u00a0Y\u00fczey alan\u0131 daimi m\u0131knat\u0131sl\u0131 malzeme, dc motor, hoparl\u00f6r, manyetik ay\u0131r\u0131c\u0131, \u00e7al\u0131\u015fma alan\u0131 rcyb ve ka\u00e7ak alan, demagnetization residual manyetik alan \u00f6l\u00e7\u00fcmlerinde kullan\u0131l\u0131r. .Bu cihaz\u0131n ta\u015f\u0131mas\u0131 kolay, kullan\u0131m\u0131 basittir.<\/p>\n<p>Bu cihaz manyetik alan \u00f6l\u00e7\u00fcm cihaz\u0131 i\u00e7in \u00f6zel olarak tasarlanm\u0131\u015ft\u0131r. Tasar\u0131m kavram\u0131 hafiflik, pratiklik ve ta\u015f\u0131nabilirlik olarak dizayn edilmi\u015f, mikro g\u00fc\u00e7 t\u00fcketimi ile batarya \u00f6mr\u00fcn\u00fc daha uzun k\u0131lmaktad\u0131r.<\/p>\n<div class=\"row\">\n<div class=\"col-md-6\"><img fetchpriority=\"high\" decoding=\"async\" class=\"alignnone size-full wp-image-5216\" src=\"https:\/\/profaj.co\/miknatis\/wp-content\/uploads\/2023\/12\/608119592.webp\" alt=\"\" width=\"561\" height=\"565\" srcset=\"https:\/\/profaj.co\/miknatis\/wp-content\/uploads\/2023\/12\/608119592.webp 561w, https:\/\/profaj.co\/miknatis\/wp-content\/uploads\/2023\/12\/608119592-298x300.webp 298w, https:\/\/profaj.co\/miknatis\/wp-content\/uploads\/2023\/12\/608119592-150x150.webp 150w, https:\/\/profaj.co\/miknatis\/wp-content\/uploads\/2023\/12\/608119592-100x100.webp 100w\" sizes=\"(max-width: 561px) 100vw, 561px\" \/><\/div>\n<div class=\"col-md-6\"><img decoding=\"async\" class=\"alignnone size-full wp-image-5215\" src=\"https:\/\/profaj.co\/miknatis\/wp-content\/uploads\/2023\/12\/1885401853.webp\" alt=\"\" width=\"562\" height=\"549\" srcset=\"https:\/\/profaj.co\/miknatis\/wp-content\/uploads\/2023\/12\/1885401853.webp 562w, https:\/\/profaj.co\/miknatis\/wp-content\/uploads\/2023\/12\/1885401853-300x293.webp 300w\" sizes=\"(max-width: 562px) 100vw, 562px\" \/><\/div>\n<\/div>\n<div>\n<h5>Temel \u00d6zellikleri:<\/h5>\n<ul>\n<li>K\u00fc\u00e7\u00fck hacimli, hafif ve rahat ta\u015f\u0131ma, \u00f6l\u00e7\u00fcm gereksinimleri \u00e7e\u015fitli \u015fekilde bu alet ile \u00a0kar\u015f\u0131layabilirsiniz;<\/li>\n<li>Mikro g\u00fc\u00e7 t\u00fcketimi tasar\u0131ml\u0131 uzun \u00f6m\u00fcrl\u00fc, 50 saat kullan\u0131ma kadar pil \u00f6mr\u00fc sa\u011flanabilmektedir;<\/li>\n<li>Axial prob; ekran hangi kutup oldu\u011funu da g\u00f6stermektedir.<\/li>\n<\/ul>\n<h5>\u00a0Teknik \u00d6zellikler:<\/h5>\n<ul>\n<li>Besleme gerilimi: \u00a09 V pil<\/li>\n<li>Ekran metre: 3 1\/2 dijital ekran<\/li>\n<li>\u00d6l\u00e7\u00fcm kapsam\u0131: 0 ~200mT,0 ~2000mT (Accuracy \u00a00~1200mT 1%, more than 1200mT 2% (Full range, check in uniform magnetic field)<\/li>\n<li>Do\u011fruluk: 1%<\/li>\n<li>\u00c7\u00f6z\u00fcn\u00fcrl\u00fck: 0.1 mT (10Gs)<\/li>\n<li>A\u011f\u0131rl\u0131\u011f\u0131: 450 gr<\/li>\n<li>S\u0131cakl\u0131k hatas\u0131: &#8211; 0.06%\/\u00b0; c<\/li>\n<li>Frekans Aral\u0131\u011f\u0131:\u00a010Hz-200Hz<\/li>\n<li>D\u0131\u015f \u00d6l\u00e7\u00fcleri:\u00a0 150x70x30mm (LengthxWidthxHeight)<\/li>\n<li>\u00c7al\u0131\u015fma ortam\u0131: S\u0131cakl\u0131k:-10 \u00b0C\u00a0~\u00a040 \u00b0C, nem: 35\u00a0~\u00a075%<\/li>\n<\/ul>\n<\/div>\n","protected":false},"excerpt":{"rendered":"<p>Manyetometre,\u00a0 Dijital Gausmetre, Tesla \u00f6l\u00e7er El tipi dijital Gausmetre, y\u00fczey alan\u0131n\u0131n manyetik ak\u0131 yo\u011funlu\u011funu \u00f6l\u00e7mek i\u00e7in kullan\u0131l\u0131r.\u00a0Y\u00fczey alan\u0131 daimi m\u0131knat\u0131sl\u0131 malzeme, dc motor, hoparl\u00f6r, manyetik ay\u0131r\u0131c\u0131, \u00e7al\u0131\u015fma alan\u0131 rcyb ve ka\u00e7ak alan, demagnetization residual manyetik alan \u00f6l\u00e7\u00fcmlerinde kullan\u0131l\u0131r. .Bu cihaz\u0131n ta\u015f\u0131mas\u0131 kolay, kullan\u0131m\u0131 basittir. Bu cihaz manyetik alan \u00f6l\u00e7\u00fcm cihaz\u0131 i\u00e7in \u00f6zel olarak tasarlanm\u0131\u015ft\u0131r. Tasar\u0131m [&hellip;]<\/p>\n","protected":false},"featured_media":5217,"template":"","meta":[],"product_cat":[95],"product_tag":[],"class_list":["post-5214","product","type-product","status-publish","has-post-thumbnail","hentry","product_cat-laboratuvar-ve-olcum-ekipmanlari"],"acf":[],"yoast_head":"<!-- This site is optimized with the Yoast SEO Premium plugin v22.1 (Yoast SEO v22.1) - https:\/\/yoast.com\/wordpress\/plugins\/seo\/ -->\n<title>Gaussmetre - M\u0131knat\u0131s Ar-Ge<\/title>\n<meta name=\"robots\" content=\"index, follow, max-snippet:-1, max-image-preview:large, max-video-preview:-1\" \/>\n<link rel=\"canonical\" href=\"https:\/\/profaj.co\/miknatis\/tr\/urun\/gaussmetre\/\" \/>\n<meta property=\"og:locale\" content=\"tr_TR\" \/>\n<meta property=\"og:type\" content=\"article\" \/>\n<meta property=\"og:title\" content=\"Gaussmetre\" \/>\n<meta property=\"og:description\" content=\"Manyetometre,\u00a0 Dijital Gausmetre, Tesla \u00f6l\u00e7er El tipi dijital Gausmetre, y\u00fczey alan\u0131n\u0131n manyetik ak\u0131 yo\u011funlu\u011funu \u00f6l\u00e7mek i\u00e7in kullan\u0131l\u0131r.\u00a0Y\u00fczey alan\u0131 daimi m\u0131knat\u0131sl\u0131 malzeme, dc motor, hoparl\u00f6r, manyetik ay\u0131r\u0131c\u0131, \u00e7al\u0131\u015fma alan\u0131 rcyb ve ka\u00e7ak alan, demagnetization residual manyetik alan \u00f6l\u00e7\u00fcmlerinde kullan\u0131l\u0131r. .Bu cihaz\u0131n ta\u015f\u0131mas\u0131 kolay, kullan\u0131m\u0131 basittir. Bu cihaz manyetik alan \u00f6l\u00e7\u00fcm cihaz\u0131 i\u00e7in \u00f6zel olarak tasarlanm\u0131\u015ft\u0131r. Tasar\u0131m [&hellip;]\" \/>\n<meta property=\"og:url\" content=\"https:\/\/profaj.co\/miknatis\/tr\/urun\/gaussmetre\/\" \/>\n<meta property=\"og:site_name\" content=\"M\u0131knat\u0131s Ar-Ge\" \/>\n<meta property=\"og:image\" content=\"https:\/\/profaj.co\/miknatis\/wp-content\/uploads\/2023\/12\/miknatis-arge_6262bca021a90.webp\" \/>\n\t<meta property=\"og:image:width\" content=\"1500\" \/>\n\t<meta property=\"og:image:height\" content=\"1500\" \/>\n\t<meta property=\"og:image:type\" content=\"image\/webp\" \/>\n<meta name=\"twitter:card\" content=\"summary_large_image\" \/>\n<meta name=\"twitter:label1\" content=\"Tahmini okuma s\u00fcresi\" \/>\n\t<meta name=\"twitter:data1\" content=\"1 dakika\" \/>\n<script type=\"application\/ld+json\" class=\"yoast-schema-graph\">{\"@context\":\"https:\/\/schema.org\",\"@graph\":[{\"@type\":\"WebPage\",\"@id\":\"https:\/\/profaj.co\/miknatis\/tr\/urun\/gaussmetre\/\",\"url\":\"https:\/\/profaj.co\/miknatis\/tr\/urun\/gaussmetre\/\",\"name\":\"Gaussmetre - M\u0131knat\u0131s Ar-Ge\",\"isPartOf\":{\"@id\":\"https:\/\/profaj.co\/miknatis\/#website\"},\"datePublished\":\"2024-02-01T08:01:21+00:00\",\"dateModified\":\"2024-02-01T08:01:21+00:00\",\"breadcrumb\":{\"@id\":\"https:\/\/profaj.co\/miknatis\/tr\/urun\/gaussmetre\/#breadcrumb\"},\"inLanguage\":\"tr\",\"potentialAction\":[{\"@type\":\"ReadAction\",\"target\":[\"https:\/\/profaj.co\/miknatis\/tr\/urun\/gaussmetre\/\"]}]},{\"@type\":\"BreadcrumbList\",\"@id\":\"https:\/\/profaj.co\/miknatis\/tr\/urun\/gaussmetre\/#breadcrumb\",\"itemListElement\":[{\"@type\":\"ListItem\",\"position\":1,\"name\":\"Anasayfa\",\"item\":\"https:\/\/profaj.co\/miknatis\/tr\/anasayfa\/\"},{\"@type\":\"ListItem\",\"position\":2,\"name\":\"\u00dcr\u00fcnler\",\"item\":\"https:\/\/profaj.co\/miknatis\/tr\/urunler\/\"},{\"@type\":\"ListItem\",\"position\":3,\"name\":\"Gaussmetre\"}]},{\"@type\":\"WebSite\",\"@id\":\"https:\/\/profaj.co\/miknatis\/#website\",\"url\":\"https:\/\/profaj.co\/miknatis\/\",\"name\":\"M\u0131knat\u0131s Ar-Ge\",\"description\":\"\",\"publisher\":{\"@id\":\"https:\/\/profaj.co\/miknatis\/#organization\"},\"potentialAction\":[{\"@type\":\"SearchAction\",\"target\":{\"@type\":\"EntryPoint\",\"urlTemplate\":\"https:\/\/profaj.co\/miknatis\/?s={search_term_string}\"},\"query-input\":\"required name=search_term_string\"}],\"inLanguage\":\"tr\"},{\"@type\":\"Organization\",\"@id\":\"https:\/\/profaj.co\/miknatis\/#organization\",\"name\":\"M\u0131knat\u0131s Ar-Ge\",\"url\":\"https:\/\/profaj.co\/miknatis\/\",\"logo\":{\"@type\":\"ImageObject\",\"inLanguage\":\"tr\",\"@id\":\"https:\/\/profaj.co\/miknatis\/#\/schema\/logo\/image\/\",\"url\":\"https:\/\/profaj.co\/miknatis\/wp-content\/uploads\/2023\/12\/logo-white.webp\",\"contentUrl\":\"https:\/\/profaj.co\/miknatis\/wp-content\/uploads\/2023\/12\/logo-white.webp\",\"width\":300,\"height\":266,\"caption\":\"M\u0131knat\u0131s Ar-Ge\"},\"image\":{\"@id\":\"https:\/\/profaj.co\/miknatis\/#\/schema\/logo\/image\/\"}}]}<\/script>\n<!-- \/ Yoast SEO Premium plugin. -->","yoast_head_json":{"title":"Gaussmetre - M\u0131knat\u0131s Ar-Ge","robots":{"index":"index","follow":"follow","max-snippet":"max-snippet:-1","max-image-preview":"max-image-preview:large","max-video-preview":"max-video-preview:-1"},"canonical":"https:\/\/profaj.co\/miknatis\/tr\/urun\/gaussmetre\/","og_locale":"tr_TR","og_type":"article","og_title":"Gaussmetre","og_description":"Manyetometre,\u00a0 Dijital Gausmetre, Tesla \u00f6l\u00e7er El tipi dijital Gausmetre, y\u00fczey alan\u0131n\u0131n manyetik ak\u0131 yo\u011funlu\u011funu \u00f6l\u00e7mek i\u00e7in kullan\u0131l\u0131r.\u00a0Y\u00fczey alan\u0131 daimi m\u0131knat\u0131sl\u0131 malzeme, dc motor, hoparl\u00f6r, manyetik ay\u0131r\u0131c\u0131, \u00e7al\u0131\u015fma alan\u0131 rcyb ve ka\u00e7ak alan, demagnetization residual manyetik alan \u00f6l\u00e7\u00fcmlerinde kullan\u0131l\u0131r. .Bu cihaz\u0131n ta\u015f\u0131mas\u0131 kolay, kullan\u0131m\u0131 basittir. Bu cihaz manyetik alan \u00f6l\u00e7\u00fcm cihaz\u0131 i\u00e7in \u00f6zel olarak tasarlanm\u0131\u015ft\u0131r. Tasar\u0131m [&hellip;]","og_url":"https:\/\/profaj.co\/miknatis\/tr\/urun\/gaussmetre\/","og_site_name":"M\u0131knat\u0131s Ar-Ge","og_image":[{"width":1500,"height":1500,"url":"https:\/\/profaj.co\/miknatis\/wp-content\/uploads\/2023\/12\/miknatis-arge_6262bca021a90.webp","type":"image\/webp"}],"twitter_card":"summary_large_image","twitter_misc":{"Tahmini okuma s\u00fcresi":"1 dakika"},"schema":{"@context":"https:\/\/schema.org","@graph":[{"@type":"WebPage","@id":"https:\/\/profaj.co\/miknatis\/tr\/urun\/gaussmetre\/","url":"https:\/\/profaj.co\/miknatis\/tr\/urun\/gaussmetre\/","name":"Gaussmetre - M\u0131knat\u0131s Ar-Ge","isPartOf":{"@id":"https:\/\/profaj.co\/miknatis\/#website"},"datePublished":"2024-02-01T08:01:21+00:00","dateModified":"2024-02-01T08:01:21+00:00","breadcrumb":{"@id":"https:\/\/profaj.co\/miknatis\/tr\/urun\/gaussmetre\/#breadcrumb"},"inLanguage":"tr","potentialAction":[{"@type":"ReadAction","target":["https:\/\/profaj.co\/miknatis\/tr\/urun\/gaussmetre\/"]}]},{"@type":"BreadcrumbList","@id":"https:\/\/profaj.co\/miknatis\/tr\/urun\/gaussmetre\/#breadcrumb","itemListElement":[{"@type":"ListItem","position":1,"name":"Anasayfa","item":"https:\/\/profaj.co\/miknatis\/tr\/anasayfa\/"},{"@type":"ListItem","position":2,"name":"\u00dcr\u00fcnler","item":"https:\/\/profaj.co\/miknatis\/tr\/urunler\/"},{"@type":"ListItem","position":3,"name":"Gaussmetre"}]},{"@type":"WebSite","@id":"https:\/\/profaj.co\/miknatis\/#website","url":"https:\/\/profaj.co\/miknatis\/","name":"M\u0131knat\u0131s Ar-Ge","description":"","publisher":{"@id":"https:\/\/profaj.co\/miknatis\/#organization"},"potentialAction":[{"@type":"SearchAction","target":{"@type":"EntryPoint","urlTemplate":"https:\/\/profaj.co\/miknatis\/?s={search_term_string}"},"query-input":"required name=search_term_string"}],"inLanguage":"tr"},{"@type":"Organization","@id":"https:\/\/profaj.co\/miknatis\/#organization","name":"M\u0131knat\u0131s Ar-Ge","url":"https:\/\/profaj.co\/miknatis\/","logo":{"@type":"ImageObject","inLanguage":"tr","@id":"https:\/\/profaj.co\/miknatis\/#\/schema\/logo\/image\/","url":"https:\/\/profaj.co\/miknatis\/wp-content\/uploads\/2023\/12\/logo-white.webp","contentUrl":"https:\/\/profaj.co\/miknatis\/wp-content\/uploads\/2023\/12\/logo-white.webp","width":300,"height":266,"caption":"M\u0131knat\u0131s Ar-Ge"},"image":{"@id":"https:\/\/profaj.co\/miknatis\/#\/schema\/logo\/image\/"}}]}},"lang":"tr","translations":{"tr":5214,"en":5760},"pll_sync_post":[],"_links":{"self":[{"href":"https:\/\/profaj.co\/miknatis\/wp-json\/wp\/v2\/product\/5214","targetHints":{"allow":["GET"]}}],"collection":[{"href":"https:\/\/profaj.co\/miknatis\/wp-json\/wp\/v2\/product"}],"about":[{"href":"https:\/\/profaj.co\/miknatis\/wp-json\/wp\/v2\/types\/product"}],"wp:featuredmedia":[{"embeddable":true,"href":"https:\/\/profaj.co\/miknatis\/wp-json\/wp\/v2\/media\/5217"}],"wp:attachment":[{"href":"https:\/\/profaj.co\/miknatis\/wp-json\/wp\/v2\/media?parent=5214"}],"wp:term":[{"taxonomy":"product_cat","embeddable":true,"href":"https:\/\/profaj.co\/miknatis\/wp-json\/wp\/v2\/product_cat?post=5214"},{"taxonomy":"product_tag","embeddable":true,"href":"https:\/\/profaj.co\/miknatis\/wp-json\/wp\/v2\/product_tag?post=5214"}],"curies":[{"name":"wp","href":"https:\/\/api.w.org\/{rel}","templated":true}]}}