{"id":6284,"date":"2024-02-13T12:20:27","date_gmt":"2024-02-13T09:20:27","guid":{"rendered":"https:\/\/profaj.co\/miknatis\/?post_type=product&#038;p=6284"},"modified":"2024-04-22T15:18:52","modified_gmt":"2024-04-22T12:18:52","slug":"otomatik-temizlemeli-cekmeceli-separatorler","status":"publish","type":"product","link":"https:\/\/profaj.co\/miknatis\/tr\/urun\/otomatik-temizlemeli-cekmeceli-separatorler\/","title":{"rendered":"Otomatik Temizlemeli \u00c7ekmeceli Separat\u00f6rler"},"content":{"rendered":"<p>Bu yeni tip &#8216;Otomatik, Pn\u00f6matik Sistemle Kolay Temizlemeli \u00c7ekmece Tipi Manyetik Separat\u00f6rler&#8221; Manyetik \u00e7ubuklar\u0131n y\u00fczeyinde 12000 Gauss, \u00fcr\u00fcn\u00fcn temas eden paslanmaz k\u0131l\u0131f y\u00fczeyinde max.9000 Gauss \u00f6l\u00e7\u00fclen \u00d832 mm manyetik \u00e7ubuklarla donat\u0131lm\u0131\u015ft\u0131r.<\/p>\n<p>0,5 bar&#8217;a kadar serbest d\u00fc\u015f\u00fc\u015fl\u00fc ve d\u00fc\u015f\u00fck bas\u0131n\u00e7l\u0131 ta\u015f\u0131ma borular\u0131ndaki y\u00fcksek kapasiteli gran\u00fcl ve toz ak\u0131\u015flar\u0131ndan demirli ve hatta zay\u0131f manyetik kirleticilerin manyetik filtrelenmesi i\u00e7in uygundur.<\/p>\n<p>Otomatik temizleme, \u00e7ekmece tipi manyetik ay\u0131r\u0131c\u0131n\u0131n, \u00e7al\u0131\u015ft\u0131rma ve temizleme i\u00e7in zor veya eri\u015filemedi\u011fi durumlar i\u00e7in uygun hale getirir.<\/p>\n<p>Serbest d\u00fc\u015f\u00fc\u015fl\u00fc ve d\u00fc\u015f\u00fck bas\u0131n\u00e7l\u0131 borularda tozlar ve gran\u00fcllerin i\u00e7indeki demir tozlar\u0131n\u0131n temizlenmesi ve manyetik ay\u0131r\u0131c\u0131n\u0131n \u00e7al\u0131\u015ft\u0131r\u0131lmas\u0131 zor veya eri\u015filemedi\u011fi durumlar i\u00e7in \u00e7ok uygundur. Ba\u011flant\u0131 kutusu arac\u0131l\u0131\u011f\u0131yla, merkezi kontrol odas\u0131 \u00fczerinden m\u0131knat\u0131s\u0131 ba\u011flamak ve kontrol etmek m\u00fcmk\u00fcnd\u00fcr. PLC&#8217;li yerel bir kontrol kutusu iste\u011fe ba\u011fl\u0131d\u0131r.<\/p>\n<p>Manyetik \u00e7ubuklar, derin yakalama alan\u0131 ve y\u00fcksek ak\u0131 yo\u011funlu\u011fu nedeniyle \u00e7ok y\u00fcksek ay\u0131rma verimlili\u011fine sahiptir. Bu, yaln\u0131zca ferromanyetik de\u011fil, ayn\u0131 zamanda zay\u0131f manyetik paslanmaz \u00e7elik kirleticilerin bile yakalanmas\u0131n\u0131 sa\u011flar.<\/p>\n<p>\u0130malat\u00e7\u0131s\u0131 oldu\u011fumuz bu \u00fcr\u00fcn\u00fc istedi\u011finiz giri\u015f ve \u00e7\u0131k\u0131\u015f \u00f6l\u00e7\u00fcs\u00fcnde tesisinize uygun bir \u015fekilde imal edilmektedir. T\u0131kanmaya neden olan zay\u0131f akan yap\u0131\u015fkan \/ ya\u011fl\u0131 tozlar i\u00e7in uygun DE\u011e\u0130LD\u0130R. Bu t\u00fcr hammaddeler i\u00e7in farkl\u0131 alternatifler Manyetik Sistem \u00f6nerilebilir. Teknik ekibimizle ileti\u015fime ge\u00e7ebilirsiniz.<\/p>\n","protected":false},"excerpt":{"rendered":"<p>Pn\u00f6matik sistem sayesinde 24 saat \u00fcr\u00fcn ak\u0131\u015f\u0131n\u0131 durdurmadan \u00fcr\u00fcn\u00fcn i\u00e7indeki at\u0131k metallerin rahatl\u0131kla temizleme kolayl\u0131\u011f\u0131 sa\u011flar. Bu sayede insan g\u00fcc\u00fcne ihtiya\u00e7 duymadan sistem otomatik olarak \u00e7al\u0131\u015f\u0131r. \u0130\u015f g\u00fcc\u00fc kayb\u0131n\u0131 ortadan kald\u0131ran bu sistem sayesinde ciddi zaman tasarrufu h\u0131zl\u0131, g\u00fcvenli ve kolay ayr\u0131\u015ft\u0131rma sa\u011flan\u0131r.<\/p>\n","protected":false},"featured_media":6277,"template":"","meta":[],"product_cat":[58,61],"product_tag":[],"class_list":["post-6284","product","type-product","status-publish","has-post-thumbnail","hentry","product_cat-manyetik-separasyon","product_cat-cekmeceli-tip-manyetik-separator"],"acf":[],"yoast_head":"<!-- This site is optimized with the Yoast SEO Premium plugin v22.1 (Yoast SEO v22.1) - https:\/\/yoast.com\/wordpress\/plugins\/seo\/ -->\n<title>Otomatik Temizlemeli \u00c7ekmeceli Separat\u00f6rler - M\u0131knat\u0131s Ar-Ge<\/title>\n<meta name=\"robots\" content=\"index, follow, max-snippet:-1, max-image-preview:large, max-video-preview:-1\" \/>\n<link rel=\"canonical\" href=\"https:\/\/profaj.co\/miknatis\/tr\/urun\/otomatik-temizlemeli-cekmeceli-separatorler\/\" \/>\n<meta property=\"og:locale\" content=\"tr_TR\" \/>\n<meta property=\"og:type\" content=\"article\" \/>\n<meta property=\"og:title\" content=\"Otomatik Temizlemeli \u00c7ekmeceli Separat\u00f6rler\" \/>\n<meta property=\"og:description\" content=\"Pn\u00f6matik sistem sayesinde 24 saat \u00fcr\u00fcn ak\u0131\u015f\u0131n\u0131 durdurmadan \u00fcr\u00fcn\u00fcn i\u00e7indeki at\u0131k metallerin rahatl\u0131kla temizleme kolayl\u0131\u011f\u0131 sa\u011flar. Bu sayede insan g\u00fcc\u00fcne ihtiya\u00e7 duymadan sistem otomatik olarak \u00e7al\u0131\u015f\u0131r. \u0130\u015f g\u00fcc\u00fc kayb\u0131n\u0131 ortadan kald\u0131ran bu sistem sayesinde ciddi zaman tasarrufu h\u0131zl\u0131, g\u00fcvenli ve kolay ayr\u0131\u015ft\u0131rma sa\u011flan\u0131r.\" \/>\n<meta property=\"og:url\" content=\"https:\/\/profaj.co\/miknatis\/tr\/urun\/otomatik-temizlemeli-cekmeceli-separatorler\/\" \/>\n<meta property=\"og:site_name\" content=\"M\u0131knat\u0131s Ar-Ge\" \/>\n<meta property=\"article:modified_time\" content=\"2024-04-22T12:18:52+00:00\" \/>\n<meta property=\"og:image\" content=\"https:\/\/profaj.co\/miknatis\/wp-content\/uploads\/2024\/02\/cekmeceli1.webp\" \/>\n\t<meta property=\"og:image:width\" content=\"1000\" \/>\n\t<meta property=\"og:image:height\" content=\"1000\" \/>\n\t<meta property=\"og:image:type\" content=\"image\/webp\" \/>\n<meta name=\"twitter:card\" content=\"summary_large_image\" \/>\n<meta name=\"twitter:label1\" content=\"Tahmini okuma s\u00fcresi\" \/>\n\t<meta name=\"twitter:data1\" content=\"1 dakika\" \/>\n<script type=\"application\/ld+json\" class=\"yoast-schema-graph\">{\"@context\":\"https:\/\/schema.org\",\"@graph\":[{\"@type\":\"WebPage\",\"@id\":\"https:\/\/profaj.co\/miknatis\/tr\/urun\/otomatik-temizlemeli-cekmeceli-separatorler\/\",\"url\":\"https:\/\/profaj.co\/miknatis\/tr\/urun\/otomatik-temizlemeli-cekmeceli-separatorler\/\",\"name\":\"Otomatik Temizlemeli \u00c7ekmeceli Separat\u00f6rler - M\u0131knat\u0131s Ar-Ge\",\"isPartOf\":{\"@id\":\"https:\/\/profaj.co\/miknatis\/#website\"},\"datePublished\":\"2024-02-13T09:20:27+00:00\",\"dateModified\":\"2024-04-22T12:18:52+00:00\",\"breadcrumb\":{\"@id\":\"https:\/\/profaj.co\/miknatis\/tr\/urun\/otomatik-temizlemeli-cekmeceli-separatorler\/#breadcrumb\"},\"inLanguage\":\"tr\",\"potentialAction\":[{\"@type\":\"ReadAction\",\"target\":[\"https:\/\/profaj.co\/miknatis\/tr\/urun\/otomatik-temizlemeli-cekmeceli-separatorler\/\"]}]},{\"@type\":\"BreadcrumbList\",\"@id\":\"https:\/\/profaj.co\/miknatis\/tr\/urun\/otomatik-temizlemeli-cekmeceli-separatorler\/#breadcrumb\",\"itemListElement\":[{\"@type\":\"ListItem\",\"position\":1,\"name\":\"Anasayfa\",\"item\":\"https:\/\/profaj.co\/miknatis\/tr\/anasayfa\/\"},{\"@type\":\"ListItem\",\"position\":2,\"name\":\"\u00dcr\u00fcnler\",\"item\":\"https:\/\/profaj.co\/miknatis\/tr\/urunler\/\"},{\"@type\":\"ListItem\",\"position\":3,\"name\":\"Otomatik Temizlemeli \u00c7ekmeceli Separat\u00f6rler\"}]},{\"@type\":\"WebSite\",\"@id\":\"https:\/\/profaj.co\/miknatis\/#website\",\"url\":\"https:\/\/profaj.co\/miknatis\/\",\"name\":\"M\u0131knat\u0131s Ar-Ge\",\"description\":\"\",\"publisher\":{\"@id\":\"https:\/\/profaj.co\/miknatis\/#organization\"},\"potentialAction\":[{\"@type\":\"SearchAction\",\"target\":{\"@type\":\"EntryPoint\",\"urlTemplate\":\"https:\/\/profaj.co\/miknatis\/?s={search_term_string}\"},\"query-input\":\"required name=search_term_string\"}],\"inLanguage\":\"tr\"},{\"@type\":\"Organization\",\"@id\":\"https:\/\/profaj.co\/miknatis\/#organization\",\"name\":\"M\u0131knat\u0131s Ar-Ge\",\"url\":\"https:\/\/profaj.co\/miknatis\/\",\"logo\":{\"@type\":\"ImageObject\",\"inLanguage\":\"tr\",\"@id\":\"https:\/\/profaj.co\/miknatis\/#\/schema\/logo\/image\/\",\"url\":\"https:\/\/profaj.co\/miknatis\/wp-content\/uploads\/2023\/12\/logo-white.webp\",\"contentUrl\":\"https:\/\/profaj.co\/miknatis\/wp-content\/uploads\/2023\/12\/logo-white.webp\",\"width\":300,\"height\":266,\"caption\":\"M\u0131knat\u0131s Ar-Ge\"},\"image\":{\"@id\":\"https:\/\/profaj.co\/miknatis\/#\/schema\/logo\/image\/\"}}]}<\/script>\n<!-- \/ Yoast SEO Premium plugin. -->","yoast_head_json":{"title":"Otomatik Temizlemeli \u00c7ekmeceli Separat\u00f6rler - M\u0131knat\u0131s Ar-Ge","robots":{"index":"index","follow":"follow","max-snippet":"max-snippet:-1","max-image-preview":"max-image-preview:large","max-video-preview":"max-video-preview:-1"},"canonical":"https:\/\/profaj.co\/miknatis\/tr\/urun\/otomatik-temizlemeli-cekmeceli-separatorler\/","og_locale":"tr_TR","og_type":"article","og_title":"Otomatik Temizlemeli \u00c7ekmeceli Separat\u00f6rler","og_description":"Pn\u00f6matik sistem sayesinde 24 saat \u00fcr\u00fcn ak\u0131\u015f\u0131n\u0131 durdurmadan \u00fcr\u00fcn\u00fcn i\u00e7indeki at\u0131k metallerin rahatl\u0131kla temizleme kolayl\u0131\u011f\u0131 sa\u011flar. Bu sayede insan g\u00fcc\u00fcne ihtiya\u00e7 duymadan sistem otomatik olarak \u00e7al\u0131\u015f\u0131r. \u0130\u015f g\u00fcc\u00fc kayb\u0131n\u0131 ortadan kald\u0131ran bu sistem sayesinde ciddi zaman tasarrufu h\u0131zl\u0131, g\u00fcvenli ve kolay ayr\u0131\u015ft\u0131rma sa\u011flan\u0131r.","og_url":"https:\/\/profaj.co\/miknatis\/tr\/urun\/otomatik-temizlemeli-cekmeceli-separatorler\/","og_site_name":"M\u0131knat\u0131s Ar-Ge","article_modified_time":"2024-04-22T12:18:52+00:00","og_image":[{"width":1000,"height":1000,"url":"https:\/\/profaj.co\/miknatis\/wp-content\/uploads\/2024\/02\/cekmeceli1.webp","type":"image\/webp"}],"twitter_card":"summary_large_image","twitter_misc":{"Tahmini okuma s\u00fcresi":"1 dakika"},"schema":{"@context":"https:\/\/schema.org","@graph":[{"@type":"WebPage","@id":"https:\/\/profaj.co\/miknatis\/tr\/urun\/otomatik-temizlemeli-cekmeceli-separatorler\/","url":"https:\/\/profaj.co\/miknatis\/tr\/urun\/otomatik-temizlemeli-cekmeceli-separatorler\/","name":"Otomatik Temizlemeli \u00c7ekmeceli Separat\u00f6rler - M\u0131knat\u0131s Ar-Ge","isPartOf":{"@id":"https:\/\/profaj.co\/miknatis\/#website"},"datePublished":"2024-02-13T09:20:27+00:00","dateModified":"2024-04-22T12:18:52+00:00","breadcrumb":{"@id":"https:\/\/profaj.co\/miknatis\/tr\/urun\/otomatik-temizlemeli-cekmeceli-separatorler\/#breadcrumb"},"inLanguage":"tr","potentialAction":[{"@type":"ReadAction","target":["https:\/\/profaj.co\/miknatis\/tr\/urun\/otomatik-temizlemeli-cekmeceli-separatorler\/"]}]},{"@type":"BreadcrumbList","@id":"https:\/\/profaj.co\/miknatis\/tr\/urun\/otomatik-temizlemeli-cekmeceli-separatorler\/#breadcrumb","itemListElement":[{"@type":"ListItem","position":1,"name":"Anasayfa","item":"https:\/\/profaj.co\/miknatis\/tr\/anasayfa\/"},{"@type":"ListItem","position":2,"name":"\u00dcr\u00fcnler","item":"https:\/\/profaj.co\/miknatis\/tr\/urunler\/"},{"@type":"ListItem","position":3,"name":"Otomatik Temizlemeli \u00c7ekmeceli Separat\u00f6rler"}]},{"@type":"WebSite","@id":"https:\/\/profaj.co\/miknatis\/#website","url":"https:\/\/profaj.co\/miknatis\/","name":"M\u0131knat\u0131s Ar-Ge","description":"","publisher":{"@id":"https:\/\/profaj.co\/miknatis\/#organization"},"potentialAction":[{"@type":"SearchAction","target":{"@type":"EntryPoint","urlTemplate":"https:\/\/profaj.co\/miknatis\/?s={search_term_string}"},"query-input":"required name=search_term_string"}],"inLanguage":"tr"},{"@type":"Organization","@id":"https:\/\/profaj.co\/miknatis\/#organization","name":"M\u0131knat\u0131s Ar-Ge","url":"https:\/\/profaj.co\/miknatis\/","logo":{"@type":"ImageObject","inLanguage":"tr","@id":"https:\/\/profaj.co\/miknatis\/#\/schema\/logo\/image\/","url":"https:\/\/profaj.co\/miknatis\/wp-content\/uploads\/2023\/12\/logo-white.webp","contentUrl":"https:\/\/profaj.co\/miknatis\/wp-content\/uploads\/2023\/12\/logo-white.webp","width":300,"height":266,"caption":"M\u0131knat\u0131s Ar-Ge"},"image":{"@id":"https:\/\/profaj.co\/miknatis\/#\/schema\/logo\/image\/"}}]}},"lang":"tr","translations":{"tr":6284,"en":6276},"pll_sync_post":[],"_links":{"self":[{"href":"https:\/\/profaj.co\/miknatis\/wp-json\/wp\/v2\/product\/6284","targetHints":{"allow":["GET"]}}],"collection":[{"href":"https:\/\/profaj.co\/miknatis\/wp-json\/wp\/v2\/product"}],"about":[{"href":"https:\/\/profaj.co\/miknatis\/wp-json\/wp\/v2\/types\/product"}],"wp:featuredmedia":[{"embeddable":true,"href":"https:\/\/profaj.co\/miknatis\/wp-json\/wp\/v2\/media\/6277"}],"wp:attachment":[{"href":"https:\/\/profaj.co\/miknatis\/wp-json\/wp\/v2\/media?parent=6284"}],"wp:term":[{"taxonomy":"product_cat","embeddable":true,"href":"https:\/\/profaj.co\/miknatis\/wp-json\/wp\/v2\/product_cat?post=6284"},{"taxonomy":"product_tag","embeddable":true,"href":"https:\/\/profaj.co\/miknatis\/wp-json\/wp\/v2\/product_tag?post=6284"}],"curies":[{"name":"wp","href":"https:\/\/api.w.org\/{rel}","templated":true}]}}