{"id":6753,"date":"2024-04-22T16:17:13","date_gmt":"2024-04-22T13:17:13","guid":{"rendered":"https:\/\/profaj.co\/miknatis\/?post_type=product&#038;p=6753"},"modified":"2024-05-15T11:51:36","modified_gmt":"2024-05-15T08:51:36","slug":"esnek-serit-miknatis","status":"publish","type":"product","link":"https:\/\/profaj.co\/miknatis\/tr\/urun\/esnek-serit-miknatis\/","title":{"rendered":"Esnek \u015eerit M\u0131knat\u0131s"},"content":{"rendered":"<p>Esnek \u015ferit m\u0131knat\u0131slar, ferrit m\u0131knat\u0131s tozu, kau\u00e7uk ve di\u011fer malzemelerden yap\u0131l\u0131r. Genelde ekstr\u00fczyon y\u00f6netimi ile \u015fekillendirilir ve m\u00fc\u015fteri isteklerine g\u00f6re m\u0131knat\u0131sland\u0131r\u0131l\u0131r. Esnek \u015ferit m\u0131knat\u0131slar\u00a0manyetik kapaklar olu\u015fturmak i\u00e7in idealdi. \u0130ki esnek \u015ferit m\u0131knat\u0131s\u0131 par\u00e7as\u0131 birbirine tam yap\u0131\u015farak kapatmak i\u00e7in kullan\u0131lacak ise kutup y\u00f6nleri NS ve SN polaritelerinden e\u015fit miktarda al\u0131nmas\u0131 gereklidir.<\/p>\n<p>Sadece iki \u015ferit m\u0131knat\u0131s\u0131 birbirine yap\u0131\u015ft\u0131rmak i\u00e7in kutup y\u00f6n\u00fc \u00f6nemlidir. E\u011fer esnek \u015ferit m\u0131knat\u0131s\u0131 ba\u015fka cisimleri \u00e7ekmek i\u00e7in kullanacaksan\u0131z kutup y\u00f6n\u00fcn\u00fcn ve say\u0131s\u0131n\u0131n \u00f6nemi yoktur.<\/p>\n<p>\u015eerit m\u0131knat\u0131slar, reklam ama\u00e7l\u0131, raflarda etiketlemede, du\u015fakabinlerde, buzdolap kapaklar\u0131nda vb yerlerde kullan\u0131lmaktad\u0131r. Talebe g\u00f6re \u00e7e\u015fitli \u00f6l\u00e7\u00fc ve ebatlarda \u00fcretim yap\u0131labilmektedir.<\/p>\n<p>Esnek \u015eerit (Bant) M\u0131knat\u0131slar; e\u011filebilir, b\u00fck\u00fclebilir ve d\u00fczensiz y\u00fczeylerin \u015fekli alabilirler. Bunun yan\u0131nda 3M kendinden yap\u0131\u015fkanl\u0131 bant, bir\u00e7ok y\u00fczeye y\u00fcksek bir yap\u0131\u015fma g\u00fcc\u00fc ile yap\u0131\u015farak, kendinden yap\u0131\u015fkanl\u0131 esnek \u015ferit m\u0131knat\u0131s\u0131n, istenilen metal y\u00fczeylere yap\u0131\u015ft\u0131\u011f\u0131 objeyi s\u00f6k\u00fcp tak\u0131labilir \u015fekilde tutturmaya izin verir.\u00a0 Sanat ve el sanatlar\u0131 projeleri i\u00e7in,\u00a0evde veya okulda kullanmak i\u00e7in harikad\u0131r. Makasla kesin, arkas\u0131n\u0131 soyun ve tak\u0131n. Perakende, sergi ve ticari sekt\u00f6rlerde tabela, foto\u011fraf, poster ve di\u011fer sat\u0131\u015f noktas\u0131 te\u015fhir \u00fcr\u00fcnlerini h\u0131zl\u0131 bir \u015fekilde sergilemek i\u00e7in yayg\u0131n olarak kullan\u0131lmaktad\u0131r.<\/p>\n<p><strong><em>\u015eerit M\u0131knat\u0131slar\u0131n kullan\u0131mlar\u0131 \u015funlar\u0131 i\u00e7erir:\u00a0<\/em><\/strong><\/p>\n<p>3M Esnek M\u0131knat\u0131sl\u0131 Bant, nesnelerin ve y\u00fczeylerin metal y\u00fczeylere tekrar kapat\u0131labilir \u015fekilde ba\u011flanmas\u0131na izin veren genel ama\u00e7l\u0131, arkas\u0131 yap\u0131\u015fkanl\u0131, esnek bir m\u0131knat\u0131s bantt\u0131r.<\/p>\n<ul>\n<li>Y\u00fcksek mukavemetli manyetik bant, akrilik yap\u0131\u015fkan bir\u00e7ok y\u00fczeye yap\u0131\u015f\u0131r<\/li>\n<li>D\u00fczensiz y\u00fczeylere esnek bant tutturulur, benzersiz tasar\u0131m ile \u00e7atlamay\u0131 ortadan kald\u0131r\u0131r ve dayan\u0131kl\u0131l\u0131\u011f\u0131 art\u0131r\u0131r.<\/li>\n<li>Uygulaman\u0131za uyacak \u015fekilde makasla kesilebilir.<\/li>\n<li>2 metal olmayan y\u00fczeyi birbirine ba\u011flay\u0131n.\u00a0Ka\u011f\u0131t, karton, hafif akrilik, sineklik, vb.<\/li>\n<\/ul>\n<p><strong><em>End\u00fcstriyel kullan\u0131mlar \u015funlar\u0131 i\u00e7erir:<\/em><\/strong><\/p>\n<ul>\n<li>Tabela montaj\u0131,<\/li>\n<li>Reklam displayleri,<\/li>\n<li>Metal kap\u0131lar\u0131 sabitleme<\/li>\n<li>Makinelere alet takma,<\/li>\n<\/ul>\n<p><strong><em>\u00dcretim uygulamalar\u0131 \u015funlar\u0131 i\u00e7erir:<\/em><\/strong><\/p>\n<p>Konteynerler, bagajlar, giysiler, kap\u0131 contalar\u0131 ve elektronik par\u00e7alar.<\/p>\n<p><strong><em>Sanat ve el sanatlar\u0131 \u015funlar\u0131 i\u00e7erir:<\/em><\/strong><\/p>\n<ul>\n<li>As\u0131l\u0131 sanat eserleri ve pencere kaplamalar\u0131, mevsimlik dekorasyonlar\u0131n ge\u00e7ici olarak eklenmesi ve etiketleme.<\/li>\n<li>Akrilik yap\u0131\u015fkan ayr\u0131ca tipik olarak makine par\u00e7alar\u0131nda kullan\u0131lan ya\u011fla hafif\u00e7e kirlenmi\u015f y\u00fczeylere m\u00fckemmel yap\u0131\u015fma sa\u011flar.<\/li>\n<\/ul>\n<p><strong><em>\u0130stedi\u011finiz model ve \u00f6l\u00e7\u00fc i\u00e7in l\u00fctfen bizimle ileti\u015fime ge\u00e7in.<\/em><\/strong><\/p>\n<p><strong><em>Kulland\u0131\u011f\u0131n\u0131z profile g\u00f6re size \u00f6zel tasar\u0131m \u015ferit m\u0131knat\u0131s \u00fcretebiliriz. \u0130leti\u015fime ge\u00e7iniz.<\/em><\/strong><\/p>\n","protected":false},"excerpt":{"rendered":"<p>Esnek \u015ferit m\u0131knat\u0131slar, ferrit m\u0131knat\u0131s tozu, kau\u00e7uk ve di\u011fer malzemelerden yap\u0131l\u0131r. Genelde ekstr\u00fczyon y\u00f6netimi ile \u015fekillendirilir ve m\u00fc\u015fteri isteklerine g\u00f6re m\u0131knat\u0131sland\u0131r\u0131l\u0131r. Esnek \u015ferit m\u0131knat\u0131slar manyetik kapaklar olu\u015fturmak i\u00e7in idealdi. \u0130ki esnek \u015ferit m\u0131knat\u0131s\u0131 par\u00e7as\u0131 birbirine tam yap\u0131\u015farak kapatmak i\u00e7in kullan\u0131lacak ise kutup y\u00f6nleri NS ve SN polaritelerinden e\u015fit miktarda al\u0131nmas\u0131 gereklidir.<\/p>\n","protected":false},"featured_media":6754,"template":"","meta":[],"product_cat":[53,57],"product_tag":[],"class_list":["post-6753","product","type-product","status-publish","has-post-thumbnail","hentry","product_cat-miknatislar-ve-potlar","product_cat-esnek-miknatislar"],"acf":[],"yoast_head":"<!-- This site is optimized with the Yoast SEO Premium plugin v22.1 (Yoast SEO v22.1) - https:\/\/yoast.com\/wordpress\/plugins\/seo\/ -->\n<title>Esnek \u015eerit M\u0131knat\u0131s - M\u0131knat\u0131s Ar-Ge<\/title>\n<meta name=\"robots\" content=\"index, follow, max-snippet:-1, max-image-preview:large, max-video-preview:-1\" \/>\n<link rel=\"canonical\" href=\"https:\/\/profaj.co\/miknatis\/tr\/urun\/esnek-serit-miknatis\/\" \/>\n<meta property=\"og:locale\" content=\"tr_TR\" \/>\n<meta property=\"og:type\" content=\"article\" \/>\n<meta property=\"og:title\" content=\"Esnek \u015eerit M\u0131knat\u0131s\" \/>\n<meta property=\"og:description\" content=\"Esnek \u015ferit m\u0131knat\u0131slar, ferrit m\u0131knat\u0131s tozu, kau\u00e7uk ve di\u011fer malzemelerden yap\u0131l\u0131r. Genelde ekstr\u00fczyon y\u00f6netimi ile \u015fekillendirilir ve m\u00fc\u015fteri isteklerine g\u00f6re m\u0131knat\u0131sland\u0131r\u0131l\u0131r. Esnek \u015ferit m\u0131knat\u0131slar manyetik kapaklar olu\u015fturmak i\u00e7in idealdi. \u0130ki esnek \u015ferit m\u0131knat\u0131s\u0131 par\u00e7as\u0131 birbirine tam yap\u0131\u015farak kapatmak i\u00e7in kullan\u0131lacak ise kutup y\u00f6nleri NS ve SN polaritelerinden e\u015fit miktarda al\u0131nmas\u0131 gereklidir.\" \/>\n<meta property=\"og:url\" content=\"https:\/\/profaj.co\/miknatis\/tr\/urun\/esnek-serit-miknatis\/\" \/>\n<meta property=\"og:site_name\" content=\"M\u0131knat\u0131s Ar-Ge\" \/>\n<meta property=\"article:modified_time\" content=\"2024-05-15T08:51:36+00:00\" \/>\n<meta property=\"og:image\" content=\"https:\/\/profaj.co\/miknatis\/wp-content\/uploads\/2024\/04\/esnek-serit-miknatis.webp\" \/>\n\t<meta property=\"og:image:width\" content=\"1000\" \/>\n\t<meta property=\"og:image:height\" content=\"1000\" \/>\n\t<meta property=\"og:image:type\" content=\"image\/webp\" \/>\n<meta name=\"twitter:card\" content=\"summary_large_image\" \/>\n<meta name=\"twitter:label1\" content=\"Tahmini okuma s\u00fcresi\" \/>\n\t<meta name=\"twitter:data1\" content=\"2 dakika\" \/>\n<script type=\"application\/ld+json\" class=\"yoast-schema-graph\">{\"@context\":\"https:\/\/schema.org\",\"@graph\":[{\"@type\":\"WebPage\",\"@id\":\"https:\/\/profaj.co\/miknatis\/tr\/urun\/esnek-serit-miknatis\/\",\"url\":\"https:\/\/profaj.co\/miknatis\/tr\/urun\/esnek-serit-miknatis\/\",\"name\":\"Esnek \u015eerit M\u0131knat\u0131s - M\u0131knat\u0131s Ar-Ge\",\"isPartOf\":{\"@id\":\"https:\/\/profaj.co\/miknatis\/#website\"},\"datePublished\":\"2024-04-22T13:17:13+00:00\",\"dateModified\":\"2024-05-15T08:51:36+00:00\",\"breadcrumb\":{\"@id\":\"https:\/\/profaj.co\/miknatis\/tr\/urun\/esnek-serit-miknatis\/#breadcrumb\"},\"inLanguage\":\"tr\",\"potentialAction\":[{\"@type\":\"ReadAction\",\"target\":[\"https:\/\/profaj.co\/miknatis\/tr\/urun\/esnek-serit-miknatis\/\"]}]},{\"@type\":\"BreadcrumbList\",\"@id\":\"https:\/\/profaj.co\/miknatis\/tr\/urun\/esnek-serit-miknatis\/#breadcrumb\",\"itemListElement\":[{\"@type\":\"ListItem\",\"position\":1,\"name\":\"Anasayfa\",\"item\":\"https:\/\/profaj.co\/miknatis\/tr\/anasayfa\/\"},{\"@type\":\"ListItem\",\"position\":2,\"name\":\"\u00dcr\u00fcnler\",\"item\":\"https:\/\/profaj.co\/miknatis\/tr\/urunler\/\"},{\"@type\":\"ListItem\",\"position\":3,\"name\":\"Esnek \u015eerit M\u0131knat\u0131s\"}]},{\"@type\":\"WebSite\",\"@id\":\"https:\/\/profaj.co\/miknatis\/#website\",\"url\":\"https:\/\/profaj.co\/miknatis\/\",\"name\":\"M\u0131knat\u0131s Ar-Ge\",\"description\":\"\",\"publisher\":{\"@id\":\"https:\/\/profaj.co\/miknatis\/#organization\"},\"potentialAction\":[{\"@type\":\"SearchAction\",\"target\":{\"@type\":\"EntryPoint\",\"urlTemplate\":\"https:\/\/profaj.co\/miknatis\/?s={search_term_string}\"},\"query-input\":\"required name=search_term_string\"}],\"inLanguage\":\"tr\"},{\"@type\":\"Organization\",\"@id\":\"https:\/\/profaj.co\/miknatis\/#organization\",\"name\":\"M\u0131knat\u0131s Ar-Ge\",\"url\":\"https:\/\/profaj.co\/miknatis\/\",\"logo\":{\"@type\":\"ImageObject\",\"inLanguage\":\"tr\",\"@id\":\"https:\/\/profaj.co\/miknatis\/#\/schema\/logo\/image\/\",\"url\":\"https:\/\/profaj.co\/miknatis\/wp-content\/uploads\/2023\/12\/logo-white.webp\",\"contentUrl\":\"https:\/\/profaj.co\/miknatis\/wp-content\/uploads\/2023\/12\/logo-white.webp\",\"width\":300,\"height\":266,\"caption\":\"M\u0131knat\u0131s Ar-Ge\"},\"image\":{\"@id\":\"https:\/\/profaj.co\/miknatis\/#\/schema\/logo\/image\/\"}}]}<\/script>\n<!-- \/ Yoast SEO Premium plugin. -->","yoast_head_json":{"title":"Esnek \u015eerit M\u0131knat\u0131s - M\u0131knat\u0131s Ar-Ge","robots":{"index":"index","follow":"follow","max-snippet":"max-snippet:-1","max-image-preview":"max-image-preview:large","max-video-preview":"max-video-preview:-1"},"canonical":"https:\/\/profaj.co\/miknatis\/tr\/urun\/esnek-serit-miknatis\/","og_locale":"tr_TR","og_type":"article","og_title":"Esnek \u015eerit M\u0131knat\u0131s","og_description":"Esnek \u015ferit m\u0131knat\u0131slar, ferrit m\u0131knat\u0131s tozu, kau\u00e7uk ve di\u011fer malzemelerden yap\u0131l\u0131r. Genelde ekstr\u00fczyon y\u00f6netimi ile \u015fekillendirilir ve m\u00fc\u015fteri isteklerine g\u00f6re m\u0131knat\u0131sland\u0131r\u0131l\u0131r. Esnek \u015ferit m\u0131knat\u0131slar manyetik kapaklar olu\u015fturmak i\u00e7in idealdi. \u0130ki esnek \u015ferit m\u0131knat\u0131s\u0131 par\u00e7as\u0131 birbirine tam yap\u0131\u015farak kapatmak i\u00e7in kullan\u0131lacak ise kutup y\u00f6nleri NS ve SN polaritelerinden e\u015fit miktarda al\u0131nmas\u0131 gereklidir.","og_url":"https:\/\/profaj.co\/miknatis\/tr\/urun\/esnek-serit-miknatis\/","og_site_name":"M\u0131knat\u0131s Ar-Ge","article_modified_time":"2024-05-15T08:51:36+00:00","og_image":[{"width":1000,"height":1000,"url":"https:\/\/profaj.co\/miknatis\/wp-content\/uploads\/2024\/04\/esnek-serit-miknatis.webp","type":"image\/webp"}],"twitter_card":"summary_large_image","twitter_misc":{"Tahmini okuma s\u00fcresi":"2 dakika"},"schema":{"@context":"https:\/\/schema.org","@graph":[{"@type":"WebPage","@id":"https:\/\/profaj.co\/miknatis\/tr\/urun\/esnek-serit-miknatis\/","url":"https:\/\/profaj.co\/miknatis\/tr\/urun\/esnek-serit-miknatis\/","name":"Esnek \u015eerit M\u0131knat\u0131s - M\u0131knat\u0131s Ar-Ge","isPartOf":{"@id":"https:\/\/profaj.co\/miknatis\/#website"},"datePublished":"2024-04-22T13:17:13+00:00","dateModified":"2024-05-15T08:51:36+00:00","breadcrumb":{"@id":"https:\/\/profaj.co\/miknatis\/tr\/urun\/esnek-serit-miknatis\/#breadcrumb"},"inLanguage":"tr","potentialAction":[{"@type":"ReadAction","target":["https:\/\/profaj.co\/miknatis\/tr\/urun\/esnek-serit-miknatis\/"]}]},{"@type":"BreadcrumbList","@id":"https:\/\/profaj.co\/miknatis\/tr\/urun\/esnek-serit-miknatis\/#breadcrumb","itemListElement":[{"@type":"ListItem","position":1,"name":"Anasayfa","item":"https:\/\/profaj.co\/miknatis\/tr\/anasayfa\/"},{"@type":"ListItem","position":2,"name":"\u00dcr\u00fcnler","item":"https:\/\/profaj.co\/miknatis\/tr\/urunler\/"},{"@type":"ListItem","position":3,"name":"Esnek \u015eerit M\u0131knat\u0131s"}]},{"@type":"WebSite","@id":"https:\/\/profaj.co\/miknatis\/#website","url":"https:\/\/profaj.co\/miknatis\/","name":"M\u0131knat\u0131s Ar-Ge","description":"","publisher":{"@id":"https:\/\/profaj.co\/miknatis\/#organization"},"potentialAction":[{"@type":"SearchAction","target":{"@type":"EntryPoint","urlTemplate":"https:\/\/profaj.co\/miknatis\/?s={search_term_string}"},"query-input":"required name=search_term_string"}],"inLanguage":"tr"},{"@type":"Organization","@id":"https:\/\/profaj.co\/miknatis\/#organization","name":"M\u0131knat\u0131s Ar-Ge","url":"https:\/\/profaj.co\/miknatis\/","logo":{"@type":"ImageObject","inLanguage":"tr","@id":"https:\/\/profaj.co\/miknatis\/#\/schema\/logo\/image\/","url":"https:\/\/profaj.co\/miknatis\/wp-content\/uploads\/2023\/12\/logo-white.webp","contentUrl":"https:\/\/profaj.co\/miknatis\/wp-content\/uploads\/2023\/12\/logo-white.webp","width":300,"height":266,"caption":"M\u0131knat\u0131s Ar-Ge"},"image":{"@id":"https:\/\/profaj.co\/miknatis\/#\/schema\/logo\/image\/"}}]}},"lang":"tr","translations":{"tr":6753,"en":7212},"pll_sync_post":[],"_links":{"self":[{"href":"https:\/\/profaj.co\/miknatis\/wp-json\/wp\/v2\/product\/6753","targetHints":{"allow":["GET"]}}],"collection":[{"href":"https:\/\/profaj.co\/miknatis\/wp-json\/wp\/v2\/product"}],"about":[{"href":"https:\/\/profaj.co\/miknatis\/wp-json\/wp\/v2\/types\/product"}],"wp:featuredmedia":[{"embeddable":true,"href":"https:\/\/profaj.co\/miknatis\/wp-json\/wp\/v2\/media\/6754"}],"wp:attachment":[{"href":"https:\/\/profaj.co\/miknatis\/wp-json\/wp\/v2\/media?parent=6753"}],"wp:term":[{"taxonomy":"product_cat","embeddable":true,"href":"https:\/\/profaj.co\/miknatis\/wp-json\/wp\/v2\/product_cat?post=6753"},{"taxonomy":"product_tag","embeddable":true,"href":"https:\/\/profaj.co\/miknatis\/wp-json\/wp\/v2\/product_tag?post=6753"}],"curies":[{"name":"wp","href":"https:\/\/api.w.org\/{rel}","templated":true}]}}