{"id":6789,"date":"2024-05-15T11:37:06","date_gmt":"2024-05-15T08:37:06","guid":{"rendered":"https:\/\/profaj.co\/miknatis\/?post_type=product&#038;p=6789"},"modified":"2024-05-15T11:37:06","modified_gmt":"2024-05-15T08:37:06","slug":"alnico-miknatislar","status":"publish","type":"product","link":"https:\/\/profaj.co\/miknatis\/tr\/urun\/alnico-miknatislar\/","title":{"rendered":"AlNiCo M\u0131knat\u0131slar"},"content":{"rendered":"<p>Alnico m\u0131knat\u0131slar, temel olarak al\u00fcminyum, nikel ve kobalt bile\u015fiminden olu\u015fan kal\u0131c\u0131 m\u0131knat\u0131slard\u0131r, ancak bak\u0131r, demir ve titanyum da i\u00e7erebilir. Alnico m\u0131knat\u0131slar\u0131n, izotropik veya anizotropik versiyonlar\u0131 mevuttur. \u0130zotropik \u00e7e\u015fitleri herhangi bir y\u00f6nde manyetize edilebilirken, anizotropik Alnico m\u0131knat\u0131slar yaln\u0131zca \u00f6nceden tan\u0131mlanm\u0131\u015f bir y\u00f6nde manyetize edilebilir ve daha y\u00fcksek bir manyetik performansa sahiptir.<\/p>\n<p>Alnico m\u0131knat\u0131slar yerini daha g\u00fc\u00e7l\u00fc nadir toprak elementi m\u0131knat\u0131slara b\u0131rakm\u0131\u015f olsa da hala sens\u00f6rlerin, r\u00f6lelerin ve y\u00fcksek s\u0131cakl\u0131k ekipmanlar\u0131n\u0131n \u00fcretiminde yayg\u0131n olarak kullan\u0131lmaktad\u0131r. Alnico m\u0131knat\u0131slar, t\u00fcm elektro permanent manyetik tablalarda ve kald\u0131rma\u00a0ekipmanlar\u0131nda kritik bir rol oynar. \u00c7\u00fcnk\u00fc Alnico, y\u00fcksek bir manyetik g\u00fcce ve demanyetize ve yeniden manyetize olmaya kar\u015f\u0131 d\u00fc\u015f\u00fck bir dirence sahiptir. Alnico m\u0131knat\u0131slar\u0131n etraf\u0131na tel bobinler sar\u0131l\u0131rsa, bobinlerden akan elektrikle kolayca manyetize edilebilir ve demanyetize edilebilirler. Metrekare ba\u015f\u0131na 100 tonluk kald\u0131rma ve sabitleme ekipmanlar\u0131 Alnico m\u0131knat\u0131slar sayesinde 0,2 saniyede a\u00e7\u0131l\u0131p kapat\u0131labilir.<\/p>\n<p><em><strong>Avantajlar\u0131;<\/strong><\/em><\/p>\n<ol>\n<li>Y\u00fcksek korozyon direnci<\/li>\n<li>Y\u00fcksek fiziksel g\u00fc\u00e7 (kolayca \u00e7atlamaz veya k\u0131r\u0131lmaz)<\/li>\n<li>Y\u00fcksek s\u0131cakl\u0131k dayan\u0131m\u0131 (540\u00b0C&#8217;ye kadar)<\/li>\n<li>Elektrik \u0130letkenli\u011fi<\/li>\n<\/ol>\n<p><em><strong>Dezavantajlar\u0131;<\/strong><\/em><\/p>\n<ol>\n<li>Kolayca demanyetize edilebilirler\u00a0(manyetik alan\u0131n m\u0131knat\u0131s\u0131n etraf\u0131nda akmaya devam etmesini sa\u011flamak i\u00e7in m\u0131knat\u0131slar\u0131n bir koruyucu ile saklanmas\u0131 gerekir)<\/li>\n<li>Yeni nesil Neodimyum m\u0131knat\u0131slara g\u00f6re daha zay\u0131f manyetik \u00e7ekme kuvveti<\/li>\n<\/ol>\n<p><em><strong>En geni\u015f AlNiCo m\u0131knat\u0131s \u00e7e\u015fitlili\u011fini sizlere sunuyoruz.<\/strong><\/em><\/p>\n","protected":false},"excerpt":{"rendered":"<p>Alnico m\u0131knat\u0131slar, temel olarak al\u00fcminyum, nikel ve kobalt bile\u015fiminden olu\u015fan kal\u0131c\u0131 m\u0131knat\u0131slard\u0131r, ancak bak\u0131r, demir ve titanyum da i\u00e7erebilir.<\/p>\n","protected":false},"featured_media":6790,"template":"","meta":[],"product_cat":[53,54],"product_tag":[],"class_list":["post-6789","product","type-product","status-publish","has-post-thumbnail","hentry","product_cat-miknatislar-ve-potlar","product_cat-miknatislar"],"acf":[],"yoast_head":"<!-- This site is optimized with the Yoast SEO Premium plugin v22.1 (Yoast SEO v22.1) - https:\/\/yoast.com\/wordpress\/plugins\/seo\/ -->\n<title>AlNiCo M\u0131knat\u0131slar - M\u0131knat\u0131s Ar-Ge<\/title>\n<meta name=\"robots\" content=\"index, follow, max-snippet:-1, max-image-preview:large, max-video-preview:-1\" \/>\n<link rel=\"canonical\" href=\"https:\/\/profaj.co\/miknatis\/tr\/urun\/alnico-miknatislar\/\" \/>\n<meta property=\"og:locale\" content=\"tr_TR\" \/>\n<meta property=\"og:type\" content=\"article\" \/>\n<meta property=\"og:title\" content=\"AlNiCo M\u0131knat\u0131slar\" \/>\n<meta property=\"og:description\" content=\"Alnico m\u0131knat\u0131slar, temel olarak al\u00fcminyum, nikel ve kobalt bile\u015fiminden olu\u015fan kal\u0131c\u0131 m\u0131knat\u0131slard\u0131r, ancak bak\u0131r, demir ve titanyum da i\u00e7erebilir.\" \/>\n<meta property=\"og:url\" content=\"https:\/\/profaj.co\/miknatis\/tr\/urun\/alnico-miknatislar\/\" \/>\n<meta property=\"og:site_name\" content=\"M\u0131knat\u0131s Ar-Ge\" \/>\n<meta property=\"og:image\" content=\"https:\/\/profaj.co\/miknatis\/wp-content\/uploads\/2024\/05\/miknatis-arge_61407073a2368.jpg\" \/>\n\t<meta property=\"og:image:width\" content=\"1544\" \/>\n\t<meta property=\"og:image:height\" content=\"1544\" \/>\n\t<meta property=\"og:image:type\" content=\"image\/jpeg\" \/>\n<meta name=\"twitter:card\" content=\"summary_large_image\" \/>\n<meta name=\"twitter:label1\" content=\"Tahmini okuma s\u00fcresi\" \/>\n\t<meta name=\"twitter:data1\" content=\"1 dakika\" \/>\n<script type=\"application\/ld+json\" class=\"yoast-schema-graph\">{\"@context\":\"https:\/\/schema.org\",\"@graph\":[{\"@type\":\"WebPage\",\"@id\":\"https:\/\/profaj.co\/miknatis\/tr\/urun\/alnico-miknatislar\/\",\"url\":\"https:\/\/profaj.co\/miknatis\/tr\/urun\/alnico-miknatislar\/\",\"name\":\"AlNiCo M\u0131knat\u0131slar - M\u0131knat\u0131s Ar-Ge\",\"isPartOf\":{\"@id\":\"https:\/\/profaj.co\/miknatis\/#website\"},\"datePublished\":\"2024-05-15T08:37:06+00:00\",\"dateModified\":\"2024-05-15T08:37:06+00:00\",\"breadcrumb\":{\"@id\":\"https:\/\/profaj.co\/miknatis\/tr\/urun\/alnico-miknatislar\/#breadcrumb\"},\"inLanguage\":\"tr\",\"potentialAction\":[{\"@type\":\"ReadAction\",\"target\":[\"https:\/\/profaj.co\/miknatis\/tr\/urun\/alnico-miknatislar\/\"]}]},{\"@type\":\"BreadcrumbList\",\"@id\":\"https:\/\/profaj.co\/miknatis\/tr\/urun\/alnico-miknatislar\/#breadcrumb\",\"itemListElement\":[{\"@type\":\"ListItem\",\"position\":1,\"name\":\"Anasayfa\",\"item\":\"https:\/\/profaj.co\/miknatis\/tr\/anasayfa\/\"},{\"@type\":\"ListItem\",\"position\":2,\"name\":\"\u00dcr\u00fcnler\",\"item\":\"https:\/\/profaj.co\/miknatis\/tr\/urunler\/\"},{\"@type\":\"ListItem\",\"position\":3,\"name\":\"AlNiCo M\u0131knat\u0131slar\"}]},{\"@type\":\"WebSite\",\"@id\":\"https:\/\/profaj.co\/miknatis\/#website\",\"url\":\"https:\/\/profaj.co\/miknatis\/\",\"name\":\"M\u0131knat\u0131s Ar-Ge\",\"description\":\"\",\"publisher\":{\"@id\":\"https:\/\/profaj.co\/miknatis\/#organization\"},\"potentialAction\":[{\"@type\":\"SearchAction\",\"target\":{\"@type\":\"EntryPoint\",\"urlTemplate\":\"https:\/\/profaj.co\/miknatis\/?s={search_term_string}\"},\"query-input\":\"required name=search_term_string\"}],\"inLanguage\":\"tr\"},{\"@type\":\"Organization\",\"@id\":\"https:\/\/profaj.co\/miknatis\/#organization\",\"name\":\"M\u0131knat\u0131s Ar-Ge\",\"url\":\"https:\/\/profaj.co\/miknatis\/\",\"logo\":{\"@type\":\"ImageObject\",\"inLanguage\":\"tr\",\"@id\":\"https:\/\/profaj.co\/miknatis\/#\/schema\/logo\/image\/\",\"url\":\"https:\/\/profaj.co\/miknatis\/wp-content\/uploads\/2023\/12\/logo-white.webp\",\"contentUrl\":\"https:\/\/profaj.co\/miknatis\/wp-content\/uploads\/2023\/12\/logo-white.webp\",\"width\":300,\"height\":266,\"caption\":\"M\u0131knat\u0131s Ar-Ge\"},\"image\":{\"@id\":\"https:\/\/profaj.co\/miknatis\/#\/schema\/logo\/image\/\"}}]}<\/script>\n<!-- \/ Yoast SEO Premium plugin. -->","yoast_head_json":{"title":"AlNiCo M\u0131knat\u0131slar - M\u0131knat\u0131s Ar-Ge","robots":{"index":"index","follow":"follow","max-snippet":"max-snippet:-1","max-image-preview":"max-image-preview:large","max-video-preview":"max-video-preview:-1"},"canonical":"https:\/\/profaj.co\/miknatis\/tr\/urun\/alnico-miknatislar\/","og_locale":"tr_TR","og_type":"article","og_title":"AlNiCo M\u0131knat\u0131slar","og_description":"Alnico m\u0131knat\u0131slar, temel olarak al\u00fcminyum, nikel ve kobalt bile\u015fiminden olu\u015fan kal\u0131c\u0131 m\u0131knat\u0131slard\u0131r, ancak bak\u0131r, demir ve titanyum da i\u00e7erebilir.","og_url":"https:\/\/profaj.co\/miknatis\/tr\/urun\/alnico-miknatislar\/","og_site_name":"M\u0131knat\u0131s Ar-Ge","og_image":[{"width":1544,"height":1544,"url":"https:\/\/profaj.co\/miknatis\/wp-content\/uploads\/2024\/05\/miknatis-arge_61407073a2368.jpg","type":"image\/jpeg"}],"twitter_card":"summary_large_image","twitter_misc":{"Tahmini okuma s\u00fcresi":"1 dakika"},"schema":{"@context":"https:\/\/schema.org","@graph":[{"@type":"WebPage","@id":"https:\/\/profaj.co\/miknatis\/tr\/urun\/alnico-miknatislar\/","url":"https:\/\/profaj.co\/miknatis\/tr\/urun\/alnico-miknatislar\/","name":"AlNiCo M\u0131knat\u0131slar - M\u0131knat\u0131s Ar-Ge","isPartOf":{"@id":"https:\/\/profaj.co\/miknatis\/#website"},"datePublished":"2024-05-15T08:37:06+00:00","dateModified":"2024-05-15T08:37:06+00:00","breadcrumb":{"@id":"https:\/\/profaj.co\/miknatis\/tr\/urun\/alnico-miknatislar\/#breadcrumb"},"inLanguage":"tr","potentialAction":[{"@type":"ReadAction","target":["https:\/\/profaj.co\/miknatis\/tr\/urun\/alnico-miknatislar\/"]}]},{"@type":"BreadcrumbList","@id":"https:\/\/profaj.co\/miknatis\/tr\/urun\/alnico-miknatislar\/#breadcrumb","itemListElement":[{"@type":"ListItem","position":1,"name":"Anasayfa","item":"https:\/\/profaj.co\/miknatis\/tr\/anasayfa\/"},{"@type":"ListItem","position":2,"name":"\u00dcr\u00fcnler","item":"https:\/\/profaj.co\/miknatis\/tr\/urunler\/"},{"@type":"ListItem","position":3,"name":"AlNiCo M\u0131knat\u0131slar"}]},{"@type":"WebSite","@id":"https:\/\/profaj.co\/miknatis\/#website","url":"https:\/\/profaj.co\/miknatis\/","name":"M\u0131knat\u0131s Ar-Ge","description":"","publisher":{"@id":"https:\/\/profaj.co\/miknatis\/#organization"},"potentialAction":[{"@type":"SearchAction","target":{"@type":"EntryPoint","urlTemplate":"https:\/\/profaj.co\/miknatis\/?s={search_term_string}"},"query-input":"required name=search_term_string"}],"inLanguage":"tr"},{"@type":"Organization","@id":"https:\/\/profaj.co\/miknatis\/#organization","name":"M\u0131knat\u0131s Ar-Ge","url":"https:\/\/profaj.co\/miknatis\/","logo":{"@type":"ImageObject","inLanguage":"tr","@id":"https:\/\/profaj.co\/miknatis\/#\/schema\/logo\/image\/","url":"https:\/\/profaj.co\/miknatis\/wp-content\/uploads\/2023\/12\/logo-white.webp","contentUrl":"https:\/\/profaj.co\/miknatis\/wp-content\/uploads\/2023\/12\/logo-white.webp","width":300,"height":266,"caption":"M\u0131knat\u0131s Ar-Ge"},"image":{"@id":"https:\/\/profaj.co\/miknatis\/#\/schema\/logo\/image\/"}}]}},"lang":"tr","translations":{"tr":6789,"en":7209},"pll_sync_post":[],"_links":{"self":[{"href":"https:\/\/profaj.co\/miknatis\/wp-json\/wp\/v2\/product\/6789","targetHints":{"allow":["GET"]}}],"collection":[{"href":"https:\/\/profaj.co\/miknatis\/wp-json\/wp\/v2\/product"}],"about":[{"href":"https:\/\/profaj.co\/miknatis\/wp-json\/wp\/v2\/types\/product"}],"wp:featuredmedia":[{"embeddable":true,"href":"https:\/\/profaj.co\/miknatis\/wp-json\/wp\/v2\/media\/6790"}],"wp:attachment":[{"href":"https:\/\/profaj.co\/miknatis\/wp-json\/wp\/v2\/media?parent=6789"}],"wp:term":[{"taxonomy":"product_cat","embeddable":true,"href":"https:\/\/profaj.co\/miknatis\/wp-json\/wp\/v2\/product_cat?post=6789"},{"taxonomy":"product_tag","embeddable":true,"href":"https:\/\/profaj.co\/miknatis\/wp-json\/wp\/v2\/product_tag?post=6789"}],"curies":[{"name":"wp","href":"https:\/\/api.w.org\/{rel}","templated":true}]}}