{"id":6793,"date":"2024-05-15T11:41:46","date_gmt":"2024-05-15T08:41:46","guid":{"rendered":"https:\/\/profaj.co\/miknatis\/?post_type=product&#038;p=6793"},"modified":"2024-05-15T11:58:35","modified_gmt":"2024-05-15T08:58:35","slug":"etiketlik-esnek-serit-miknatis","status":"publish","type":"product","link":"https:\/\/profaj.co\/miknatis\/tr\/urun\/etiketlik-esnek-serit-miknatis\/","title":{"rendered":"Etiketlik Esnek \u015eerit M\u0131knat\u0131s"},"content":{"rendered":"<p>Esnek \u015eerit (Bant) M\u0131knat\u0131slar; e\u011filebilir, b\u00fck\u00fclebilir ve d\u00fczensiz y\u00fczeylerin \u015fekli alabilirler. Bunun yan\u0131nda 3M kendinden yap\u0131\u015fkanl\u0131 bant, bir\u00e7ok y\u00fczeye y\u00fcksek bir yap\u0131\u015fma g\u00fcc\u00fc ile yap\u0131\u015farak, kendinden yap\u0131\u015fkanl\u0131 esnek \u015ferit m\u0131knat\u0131s\u0131n, istenilen metal y\u00fczeylere yap\u0131\u015ft\u0131\u011f\u0131 objeyi s\u00f6k\u00fcp tak\u0131labilir \u015fekilde tutturmaya izin verir.\u00a0Makasla kesin, arkas\u0131n\u0131 soyun ve tak\u0131n. Perakende, sergi ve ticari sekt\u00f6rlerde raflarda etiketlemede ve di\u011fer sat\u0131\u015f noktas\u0131 te\u015fhir \u00fcr\u00fcnlerini h\u0131zl\u0131 bir \u015fekilde sergilemek i\u00e7in yayg\u0131n olarak kullan\u0131lmaktad\u0131r.<\/p>\n<p>\u00dcr\u00fcnlerimiz 2mm et kal\u0131nl\u0131\u011f\u0131na sahip olup sanayi ve a\u011f\u0131r ortam ko\u015fullar\u0131nda kullan\u0131ma uygundur. Kal\u0131n et kal\u0131nl\u0131\u011f\u0131 sayesinde y\u00fcksek \u00e7ekim g\u00fcc\u00fcne sahiptir. Bu da y\u00fczeylere \u00e7ok iyi yap\u0131\u015fmas\u0131n\u0131 sa\u011flar. \u00a0Yeniden konumland\u0131rma kolayl\u0131\u011f\u0131 i\u00e7in tasarlanan C profil manyetik etiket tutucular, k\u00fc\u00e7\u00fck par\u00e7alar\u0131n depolanmas\u0131ndan b\u00fcy\u00fck \u00f6l\u00e7ekli da\u011f\u0131t\u0131ma ve aradaki t\u00fcm s\u00fcre\u00e7lerde \u00e7ok \u00e7e\u015fitli raf kenar\u0131 uygulamalar\u0131 i\u00e7in idealdir. Ortam\u0131n kir durumuna g\u00f6re yaz\u0131l\u0131 etiketlerin \u00fczerine zarar veren kirleri \u00f6nlemek i\u00e7in asetat \u015feffaf kapaklar ekleyebilirsiniz.<\/p>\n<p><strong><em>\u0130stedi\u011finiz model ve \u00f6l\u00e7\u00fc i\u00e7in l\u00fctfen bizimle ileti\u015fime ge\u00e7in.<\/em><\/strong><\/p>\n<p><strong><em>Kulland\u0131\u011f\u0131n\u0131z profile g\u00f6re size \u00f6zel tasar\u0131m \u015ferit m\u0131knat\u0131s \u00fcretebiliriz. \u0130leti\u015fime ge\u00e7iniz.<\/em><\/strong><\/p>\n","protected":false},"excerpt":{"rendered":"<p>Esnek \u015eerit (Bant) M\u0131knat\u0131slar; e\u011filebilir, b\u00fck\u00fclebilir ve d\u00fczensiz y\u00fczeylerin \u015fekli alabilirler.<\/p>\n","protected":false},"featured_media":6794,"template":"","meta":[],"product_cat":[53,54,57],"product_tag":[],"class_list":["post-6793","product","type-product","status-publish","has-post-thumbnail","hentry","product_cat-miknatislar-ve-potlar","product_cat-miknatislar","product_cat-esnek-miknatislar"],"acf":[],"yoast_head":"<!-- This site is optimized with the Yoast SEO Premium plugin v22.1 (Yoast SEO v22.1) - https:\/\/yoast.com\/wordpress\/plugins\/seo\/ -->\n<title>Etiketlik Esnek \u015eerit M\u0131knat\u0131s - M\u0131knat\u0131s Ar-Ge<\/title>\n<meta name=\"robots\" content=\"index, follow, max-snippet:-1, max-image-preview:large, max-video-preview:-1\" \/>\n<link rel=\"canonical\" href=\"https:\/\/profaj.co\/miknatis\/tr\/urun\/etiketlik-esnek-serit-miknatis\/\" \/>\n<meta property=\"og:locale\" content=\"tr_TR\" \/>\n<meta property=\"og:type\" content=\"article\" \/>\n<meta property=\"og:title\" content=\"Etiketlik Esnek \u015eerit M\u0131knat\u0131s\" \/>\n<meta property=\"og:description\" content=\"Esnek \u015eerit (Bant) M\u0131knat\u0131slar; e\u011filebilir, b\u00fck\u00fclebilir ve d\u00fczensiz y\u00fczeylerin \u015fekli alabilirler.\" \/>\n<meta property=\"og:url\" content=\"https:\/\/profaj.co\/miknatis\/tr\/urun\/etiketlik-esnek-serit-miknatis\/\" \/>\n<meta property=\"og:site_name\" content=\"M\u0131knat\u0131s Ar-Ge\" \/>\n<meta property=\"article:modified_time\" content=\"2024-05-15T08:58:35+00:00\" \/>\n<meta property=\"og:image\" content=\"https:\/\/profaj.co\/miknatis\/wp-content\/uploads\/2024\/05\/miknatis-arge_6214f3c41d5b8.jpg\" \/>\n\t<meta property=\"og:image:width\" content=\"1000\" \/>\n\t<meta property=\"og:image:height\" content=\"1000\" \/>\n\t<meta property=\"og:image:type\" content=\"image\/jpeg\" \/>\n<meta name=\"twitter:card\" content=\"summary_large_image\" \/>\n<meta name=\"twitter:label1\" content=\"Tahmini okuma s\u00fcresi\" \/>\n\t<meta name=\"twitter:data1\" content=\"1 dakika\" \/>\n<script type=\"application\/ld+json\" class=\"yoast-schema-graph\">{\"@context\":\"https:\/\/schema.org\",\"@graph\":[{\"@type\":\"WebPage\",\"@id\":\"https:\/\/profaj.co\/miknatis\/tr\/urun\/etiketlik-esnek-serit-miknatis\/\",\"url\":\"https:\/\/profaj.co\/miknatis\/tr\/urun\/etiketlik-esnek-serit-miknatis\/\",\"name\":\"Etiketlik Esnek \u015eerit M\u0131knat\u0131s - M\u0131knat\u0131s Ar-Ge\",\"isPartOf\":{\"@id\":\"https:\/\/profaj.co\/miknatis\/#website\"},\"datePublished\":\"2024-05-15T08:41:46+00:00\",\"dateModified\":\"2024-05-15T08:58:35+00:00\",\"breadcrumb\":{\"@id\":\"https:\/\/profaj.co\/miknatis\/tr\/urun\/etiketlik-esnek-serit-miknatis\/#breadcrumb\"},\"inLanguage\":\"tr\",\"potentialAction\":[{\"@type\":\"ReadAction\",\"target\":[\"https:\/\/profaj.co\/miknatis\/tr\/urun\/etiketlik-esnek-serit-miknatis\/\"]}]},{\"@type\":\"BreadcrumbList\",\"@id\":\"https:\/\/profaj.co\/miknatis\/tr\/urun\/etiketlik-esnek-serit-miknatis\/#breadcrumb\",\"itemListElement\":[{\"@type\":\"ListItem\",\"position\":1,\"name\":\"Anasayfa\",\"item\":\"https:\/\/profaj.co\/miknatis\/tr\/anasayfa\/\"},{\"@type\":\"ListItem\",\"position\":2,\"name\":\"\u00dcr\u00fcnler\",\"item\":\"https:\/\/profaj.co\/miknatis\/tr\/urunler\/\"},{\"@type\":\"ListItem\",\"position\":3,\"name\":\"Etiketlik Esnek \u015eerit M\u0131knat\u0131s\"}]},{\"@type\":\"WebSite\",\"@id\":\"https:\/\/profaj.co\/miknatis\/#website\",\"url\":\"https:\/\/profaj.co\/miknatis\/\",\"name\":\"M\u0131knat\u0131s Ar-Ge\",\"description\":\"\",\"publisher\":{\"@id\":\"https:\/\/profaj.co\/miknatis\/#organization\"},\"potentialAction\":[{\"@type\":\"SearchAction\",\"target\":{\"@type\":\"EntryPoint\",\"urlTemplate\":\"https:\/\/profaj.co\/miknatis\/?s={search_term_string}\"},\"query-input\":\"required name=search_term_string\"}],\"inLanguage\":\"tr\"},{\"@type\":\"Organization\",\"@id\":\"https:\/\/profaj.co\/miknatis\/#organization\",\"name\":\"M\u0131knat\u0131s Ar-Ge\",\"url\":\"https:\/\/profaj.co\/miknatis\/\",\"logo\":{\"@type\":\"ImageObject\",\"inLanguage\":\"tr\",\"@id\":\"https:\/\/profaj.co\/miknatis\/#\/schema\/logo\/image\/\",\"url\":\"https:\/\/profaj.co\/miknatis\/wp-content\/uploads\/2023\/12\/logo-white.webp\",\"contentUrl\":\"https:\/\/profaj.co\/miknatis\/wp-content\/uploads\/2023\/12\/logo-white.webp\",\"width\":300,\"height\":266,\"caption\":\"M\u0131knat\u0131s Ar-Ge\"},\"image\":{\"@id\":\"https:\/\/profaj.co\/miknatis\/#\/schema\/logo\/image\/\"}}]}<\/script>\n<!-- \/ Yoast SEO Premium plugin. -->","yoast_head_json":{"title":"Etiketlik Esnek \u015eerit M\u0131knat\u0131s - M\u0131knat\u0131s Ar-Ge","robots":{"index":"index","follow":"follow","max-snippet":"max-snippet:-1","max-image-preview":"max-image-preview:large","max-video-preview":"max-video-preview:-1"},"canonical":"https:\/\/profaj.co\/miknatis\/tr\/urun\/etiketlik-esnek-serit-miknatis\/","og_locale":"tr_TR","og_type":"article","og_title":"Etiketlik Esnek \u015eerit M\u0131knat\u0131s","og_description":"Esnek \u015eerit (Bant) M\u0131knat\u0131slar; e\u011filebilir, b\u00fck\u00fclebilir ve d\u00fczensiz y\u00fczeylerin \u015fekli alabilirler.","og_url":"https:\/\/profaj.co\/miknatis\/tr\/urun\/etiketlik-esnek-serit-miknatis\/","og_site_name":"M\u0131knat\u0131s Ar-Ge","article_modified_time":"2024-05-15T08:58:35+00:00","og_image":[{"width":1000,"height":1000,"url":"https:\/\/profaj.co\/miknatis\/wp-content\/uploads\/2024\/05\/miknatis-arge_6214f3c41d5b8.jpg","type":"image\/jpeg"}],"twitter_card":"summary_large_image","twitter_misc":{"Tahmini okuma s\u00fcresi":"1 dakika"},"schema":{"@context":"https:\/\/schema.org","@graph":[{"@type":"WebPage","@id":"https:\/\/profaj.co\/miknatis\/tr\/urun\/etiketlik-esnek-serit-miknatis\/","url":"https:\/\/profaj.co\/miknatis\/tr\/urun\/etiketlik-esnek-serit-miknatis\/","name":"Etiketlik Esnek \u015eerit M\u0131knat\u0131s - M\u0131knat\u0131s Ar-Ge","isPartOf":{"@id":"https:\/\/profaj.co\/miknatis\/#website"},"datePublished":"2024-05-15T08:41:46+00:00","dateModified":"2024-05-15T08:58:35+00:00","breadcrumb":{"@id":"https:\/\/profaj.co\/miknatis\/tr\/urun\/etiketlik-esnek-serit-miknatis\/#breadcrumb"},"inLanguage":"tr","potentialAction":[{"@type":"ReadAction","target":["https:\/\/profaj.co\/miknatis\/tr\/urun\/etiketlik-esnek-serit-miknatis\/"]}]},{"@type":"BreadcrumbList","@id":"https:\/\/profaj.co\/miknatis\/tr\/urun\/etiketlik-esnek-serit-miknatis\/#breadcrumb","itemListElement":[{"@type":"ListItem","position":1,"name":"Anasayfa","item":"https:\/\/profaj.co\/miknatis\/tr\/anasayfa\/"},{"@type":"ListItem","position":2,"name":"\u00dcr\u00fcnler","item":"https:\/\/profaj.co\/miknatis\/tr\/urunler\/"},{"@type":"ListItem","position":3,"name":"Etiketlik Esnek \u015eerit M\u0131knat\u0131s"}]},{"@type":"WebSite","@id":"https:\/\/profaj.co\/miknatis\/#website","url":"https:\/\/profaj.co\/miknatis\/","name":"M\u0131knat\u0131s Ar-Ge","description":"","publisher":{"@id":"https:\/\/profaj.co\/miknatis\/#organization"},"potentialAction":[{"@type":"SearchAction","target":{"@type":"EntryPoint","urlTemplate":"https:\/\/profaj.co\/miknatis\/?s={search_term_string}"},"query-input":"required name=search_term_string"}],"inLanguage":"tr"},{"@type":"Organization","@id":"https:\/\/profaj.co\/miknatis\/#organization","name":"M\u0131knat\u0131s Ar-Ge","url":"https:\/\/profaj.co\/miknatis\/","logo":{"@type":"ImageObject","inLanguage":"tr","@id":"https:\/\/profaj.co\/miknatis\/#\/schema\/logo\/image\/","url":"https:\/\/profaj.co\/miknatis\/wp-content\/uploads\/2023\/12\/logo-white.webp","contentUrl":"https:\/\/profaj.co\/miknatis\/wp-content\/uploads\/2023\/12\/logo-white.webp","width":300,"height":266,"caption":"M\u0131knat\u0131s Ar-Ge"},"image":{"@id":"https:\/\/profaj.co\/miknatis\/#\/schema\/logo\/image\/"}}]}},"lang":"tr","translations":{"tr":6793,"en":7217},"pll_sync_post":[],"_links":{"self":[{"href":"https:\/\/profaj.co\/miknatis\/wp-json\/wp\/v2\/product\/6793","targetHints":{"allow":["GET"]}}],"collection":[{"href":"https:\/\/profaj.co\/miknatis\/wp-json\/wp\/v2\/product"}],"about":[{"href":"https:\/\/profaj.co\/miknatis\/wp-json\/wp\/v2\/types\/product"}],"wp:featuredmedia":[{"embeddable":true,"href":"https:\/\/profaj.co\/miknatis\/wp-json\/wp\/v2\/media\/6794"}],"wp:attachment":[{"href":"https:\/\/profaj.co\/miknatis\/wp-json\/wp\/v2\/media?parent=6793"}],"wp:term":[{"taxonomy":"product_cat","embeddable":true,"href":"https:\/\/profaj.co\/miknatis\/wp-json\/wp\/v2\/product_cat?post=6793"},{"taxonomy":"product_tag","embeddable":true,"href":"https:\/\/profaj.co\/miknatis\/wp-json\/wp\/v2\/product_tag?post=6793"}],"curies":[{"name":"wp","href":"https:\/\/api.w.org\/{rel}","templated":true}]}}