{"id":6802,"date":"2024-05-15T12:17:24","date_gmt":"2024-05-15T09:17:24","guid":{"rendered":"https:\/\/profaj.co\/miknatis\/?post_type=product&#038;p=6802"},"modified":"2024-07-04T15:18:56","modified_gmt":"2024-07-04T12:18:56","slug":"alnico-pot-miknatislar","status":"publish","type":"product","link":"https:\/\/profaj.co\/miknatis\/tr\/urun\/alnico-pot-miknatislar\/","title":{"rendered":"AlNiCo Pot M\u0131knat\u0131slar"},"content":{"rendered":"<p>AlNiCo Pot M\u0131knat\u0131slar\u0131 kolayca demanyetize edilir ve yeniden m\u0131knat\u0131slan\u0131r ve korozyona u\u011framaz. Bu korozyona dayan\u0131kl\u0131 m\u0131knat\u0131slar, \u00e7e\u015fitli metallerle kapland\u0131\u011f\u0131nda m\u0131knat\u0131s\u0131n yap\u0131\u015fmayan y\u00fczeyindeki \u00e7ekim kuvvetini yap\u0131\u015fma y\u00fczeyine aktararak \u00e7ok daha fazla yap\u0131\u015fma kuvveti sa\u011flar.<\/p>\n<ul>\n<li>\u00c7e\u015fitli ba\u011flant\u0131 elemanlar\u0131na uygundurlar.<\/li>\n<li>Manyetizma y\u00fcksek s\u0131cakl\u0131klarda bile sabit kal\u0131r.<\/li>\n<li>Y\u00fcksek S\u0131cakl\u0131k ve Genel Ama\u00e7l\u0131 Tutma Uygulamalar\u0131 i\u00e7in uygundur.<\/li>\n<\/ul>\n<p><strong><em>\u00d6nemli Not:<\/em><\/strong><\/p>\n<p>AlNiCo Pot M\u0131knat\u0131slar manyetik y\u00fczeyleri koruyucu bir metal pul ile kapal\u0131 \u015fekilde depolan\u0131r ve g\u00f6nderilir. Manyetik \u00e7ekim kuvvetinin d\u00fc\u015fmemesi i\u00e7in bu metal y\u00fczey ile temas\u0131 olmad\u0131\u011f\u0131 durumlarda bu koruyucu pulun manyetik y\u00fczeye tutturulmas\u0131 \u00f6nerilir.<\/p>\n<p><strong><em>Farkl\u0131 boyut, manyetik g\u00fc\u00e7, kaplama ve ba\u011flant\u0131 \u00e7e\u015fitlerine sahip AlNiCO pot m\u0131knat\u0131s \u00e7e\u015fitlili\u011fimiz i\u00e7in l\u00fctfen ileti\u015fime ge\u00e7iniz.<\/em><\/strong><\/p>\n","protected":false},"excerpt":{"rendered":"<p>AlNiCo Pot M\u0131knat\u0131slar\u0131 kolayca demanyetize edilir ve yeniden m\u0131knat\u0131slan\u0131r ve korozyona u\u011framaz.<\/p>\n","protected":false},"featured_media":6803,"template":"","meta":[],"product_cat":[53,56],"product_tag":[],"class_list":["post-6802","product","type-product","status-publish","has-post-thumbnail","hentry","product_cat-miknatislar-ve-potlar","product_cat-pot-miknatislar"],"acf":[],"yoast_head":"<!-- This site is optimized with the Yoast SEO Premium plugin v22.1 (Yoast SEO v22.1) - https:\/\/yoast.com\/wordpress\/plugins\/seo\/ -->\n<title>AlNiCo Pot M\u0131knat\u0131slar - M\u0131knat\u0131s Ar-Ge<\/title>\n<meta name=\"robots\" content=\"index, follow, max-snippet:-1, max-image-preview:large, max-video-preview:-1\" \/>\n<link rel=\"canonical\" href=\"https:\/\/profaj.co\/miknatis\/tr\/urun\/alnico-pot-miknatislar\/\" \/>\n<meta property=\"og:locale\" content=\"tr_TR\" \/>\n<meta property=\"og:type\" content=\"article\" \/>\n<meta property=\"og:title\" content=\"AlNiCo Pot M\u0131knat\u0131slar\" \/>\n<meta property=\"og:description\" content=\"AlNiCo Pot M\u0131knat\u0131slar\u0131 kolayca demanyetize edilir ve yeniden m\u0131knat\u0131slan\u0131r ve korozyona u\u011framaz.\" \/>\n<meta property=\"og:url\" content=\"https:\/\/profaj.co\/miknatis\/tr\/urun\/alnico-pot-miknatislar\/\" \/>\n<meta property=\"og:site_name\" content=\"M\u0131knat\u0131s Ar-Ge\" \/>\n<meta property=\"article:modified_time\" content=\"2024-07-04T12:18:56+00:00\" \/>\n<meta property=\"og:image\" content=\"https:\/\/profaj.co\/miknatis\/wp-content\/uploads\/2024\/05\/miknatis-arge_632b953b51e3f.jpg\" \/>\n\t<meta property=\"og:image:width\" content=\"1000\" \/>\n\t<meta property=\"og:image:height\" content=\"1000\" \/>\n\t<meta property=\"og:image:type\" content=\"image\/jpeg\" \/>\n<meta name=\"twitter:card\" content=\"summary_large_image\" \/>\n<meta name=\"twitter:label1\" content=\"Tahmini okuma s\u00fcresi\" \/>\n\t<meta name=\"twitter:data1\" content=\"1 dakika\" \/>\n<script type=\"application\/ld+json\" class=\"yoast-schema-graph\">{\"@context\":\"https:\/\/schema.org\",\"@graph\":[{\"@type\":\"WebPage\",\"@id\":\"https:\/\/profaj.co\/miknatis\/tr\/urun\/alnico-pot-miknatislar\/\",\"url\":\"https:\/\/profaj.co\/miknatis\/tr\/urun\/alnico-pot-miknatislar\/\",\"name\":\"AlNiCo Pot M\u0131knat\u0131slar - M\u0131knat\u0131s Ar-Ge\",\"isPartOf\":{\"@id\":\"https:\/\/profaj.co\/miknatis\/#website\"},\"datePublished\":\"2024-05-15T09:17:24+00:00\",\"dateModified\":\"2024-07-04T12:18:56+00:00\",\"breadcrumb\":{\"@id\":\"https:\/\/profaj.co\/miknatis\/tr\/urun\/alnico-pot-miknatislar\/#breadcrumb\"},\"inLanguage\":\"tr\",\"potentialAction\":[{\"@type\":\"ReadAction\",\"target\":[\"https:\/\/profaj.co\/miknatis\/tr\/urun\/alnico-pot-miknatislar\/\"]}]},{\"@type\":\"BreadcrumbList\",\"@id\":\"https:\/\/profaj.co\/miknatis\/tr\/urun\/alnico-pot-miknatislar\/#breadcrumb\",\"itemListElement\":[{\"@type\":\"ListItem\",\"position\":1,\"name\":\"Anasayfa\",\"item\":\"https:\/\/profaj.co\/miknatis\/tr\/anasayfa\/\"},{\"@type\":\"ListItem\",\"position\":2,\"name\":\"\u00dcr\u00fcnler\",\"item\":\"https:\/\/profaj.co\/miknatis\/tr\/urunler\/\"},{\"@type\":\"ListItem\",\"position\":3,\"name\":\"AlNiCo Pot M\u0131knat\u0131slar\"}]},{\"@type\":\"WebSite\",\"@id\":\"https:\/\/profaj.co\/miknatis\/#website\",\"url\":\"https:\/\/profaj.co\/miknatis\/\",\"name\":\"M\u0131knat\u0131s Ar-Ge\",\"description\":\"\",\"publisher\":{\"@id\":\"https:\/\/profaj.co\/miknatis\/#organization\"},\"potentialAction\":[{\"@type\":\"SearchAction\",\"target\":{\"@type\":\"EntryPoint\",\"urlTemplate\":\"https:\/\/profaj.co\/miknatis\/?s={search_term_string}\"},\"query-input\":\"required name=search_term_string\"}],\"inLanguage\":\"tr\"},{\"@type\":\"Organization\",\"@id\":\"https:\/\/profaj.co\/miknatis\/#organization\",\"name\":\"M\u0131knat\u0131s Ar-Ge\",\"url\":\"https:\/\/profaj.co\/miknatis\/\",\"logo\":{\"@type\":\"ImageObject\",\"inLanguage\":\"tr\",\"@id\":\"https:\/\/profaj.co\/miknatis\/#\/schema\/logo\/image\/\",\"url\":\"https:\/\/profaj.co\/miknatis\/wp-content\/uploads\/2023\/12\/logo-white.webp\",\"contentUrl\":\"https:\/\/profaj.co\/miknatis\/wp-content\/uploads\/2023\/12\/logo-white.webp\",\"width\":300,\"height\":266,\"caption\":\"M\u0131knat\u0131s Ar-Ge\"},\"image\":{\"@id\":\"https:\/\/profaj.co\/miknatis\/#\/schema\/logo\/image\/\"}}]}<\/script>\n<!-- \/ Yoast SEO Premium plugin. -->","yoast_head_json":{"title":"AlNiCo Pot M\u0131knat\u0131slar - M\u0131knat\u0131s Ar-Ge","robots":{"index":"index","follow":"follow","max-snippet":"max-snippet:-1","max-image-preview":"max-image-preview:large","max-video-preview":"max-video-preview:-1"},"canonical":"https:\/\/profaj.co\/miknatis\/tr\/urun\/alnico-pot-miknatislar\/","og_locale":"tr_TR","og_type":"article","og_title":"AlNiCo Pot M\u0131knat\u0131slar","og_description":"AlNiCo Pot M\u0131knat\u0131slar\u0131 kolayca demanyetize edilir ve yeniden m\u0131knat\u0131slan\u0131r ve korozyona u\u011framaz.","og_url":"https:\/\/profaj.co\/miknatis\/tr\/urun\/alnico-pot-miknatislar\/","og_site_name":"M\u0131knat\u0131s Ar-Ge","article_modified_time":"2024-07-04T12:18:56+00:00","og_image":[{"width":1000,"height":1000,"url":"https:\/\/profaj.co\/miknatis\/wp-content\/uploads\/2024\/05\/miknatis-arge_632b953b51e3f.jpg","type":"image\/jpeg"}],"twitter_card":"summary_large_image","twitter_misc":{"Tahmini okuma s\u00fcresi":"1 dakika"},"schema":{"@context":"https:\/\/schema.org","@graph":[{"@type":"WebPage","@id":"https:\/\/profaj.co\/miknatis\/tr\/urun\/alnico-pot-miknatislar\/","url":"https:\/\/profaj.co\/miknatis\/tr\/urun\/alnico-pot-miknatislar\/","name":"AlNiCo Pot M\u0131knat\u0131slar - M\u0131knat\u0131s Ar-Ge","isPartOf":{"@id":"https:\/\/profaj.co\/miknatis\/#website"},"datePublished":"2024-05-15T09:17:24+00:00","dateModified":"2024-07-04T12:18:56+00:00","breadcrumb":{"@id":"https:\/\/profaj.co\/miknatis\/tr\/urun\/alnico-pot-miknatislar\/#breadcrumb"},"inLanguage":"tr","potentialAction":[{"@type":"ReadAction","target":["https:\/\/profaj.co\/miknatis\/tr\/urun\/alnico-pot-miknatislar\/"]}]},{"@type":"BreadcrumbList","@id":"https:\/\/profaj.co\/miknatis\/tr\/urun\/alnico-pot-miknatislar\/#breadcrumb","itemListElement":[{"@type":"ListItem","position":1,"name":"Anasayfa","item":"https:\/\/profaj.co\/miknatis\/tr\/anasayfa\/"},{"@type":"ListItem","position":2,"name":"\u00dcr\u00fcnler","item":"https:\/\/profaj.co\/miknatis\/tr\/urunler\/"},{"@type":"ListItem","position":3,"name":"AlNiCo Pot M\u0131knat\u0131slar"}]},{"@type":"WebSite","@id":"https:\/\/profaj.co\/miknatis\/#website","url":"https:\/\/profaj.co\/miknatis\/","name":"M\u0131knat\u0131s Ar-Ge","description":"","publisher":{"@id":"https:\/\/profaj.co\/miknatis\/#organization"},"potentialAction":[{"@type":"SearchAction","target":{"@type":"EntryPoint","urlTemplate":"https:\/\/profaj.co\/miknatis\/?s={search_term_string}"},"query-input":"required name=search_term_string"}],"inLanguage":"tr"},{"@type":"Organization","@id":"https:\/\/profaj.co\/miknatis\/#organization","name":"M\u0131knat\u0131s Ar-Ge","url":"https:\/\/profaj.co\/miknatis\/","logo":{"@type":"ImageObject","inLanguage":"tr","@id":"https:\/\/profaj.co\/miknatis\/#\/schema\/logo\/image\/","url":"https:\/\/profaj.co\/miknatis\/wp-content\/uploads\/2023\/12\/logo-white.webp","contentUrl":"https:\/\/profaj.co\/miknatis\/wp-content\/uploads\/2023\/12\/logo-white.webp","width":300,"height":266,"caption":"M\u0131knat\u0131s Ar-Ge"},"image":{"@id":"https:\/\/profaj.co\/miknatis\/#\/schema\/logo\/image\/"}}]}},"lang":"tr","translations":{"tr":6802,"en":7225},"pll_sync_post":[],"_links":{"self":[{"href":"https:\/\/profaj.co\/miknatis\/wp-json\/wp\/v2\/product\/6802","targetHints":{"allow":["GET"]}}],"collection":[{"href":"https:\/\/profaj.co\/miknatis\/wp-json\/wp\/v2\/product"}],"about":[{"href":"https:\/\/profaj.co\/miknatis\/wp-json\/wp\/v2\/types\/product"}],"wp:featuredmedia":[{"embeddable":true,"href":"https:\/\/profaj.co\/miknatis\/wp-json\/wp\/v2\/media\/6803"}],"wp:attachment":[{"href":"https:\/\/profaj.co\/miknatis\/wp-json\/wp\/v2\/media?parent=6802"}],"wp:term":[{"taxonomy":"product_cat","embeddable":true,"href":"https:\/\/profaj.co\/miknatis\/wp-json\/wp\/v2\/product_cat?post=6802"},{"taxonomy":"product_tag","embeddable":true,"href":"https:\/\/profaj.co\/miknatis\/wp-json\/wp\/v2\/product_tag?post=6802"}],"curies":[{"name":"wp","href":"https:\/\/api.w.org\/{rel}","templated":true}]}}