{"id":6807,"date":"2024-05-15T12:19:26","date_gmt":"2024-05-15T09:19:26","guid":{"rendered":"https:\/\/profaj.co\/miknatis\/?post_type=product&#038;p=6807"},"modified":"2024-07-04T15:50:07","modified_gmt":"2024-07-04T12:50:07","slug":"neodimyum-sondaj-potu-2","status":"publish","type":"product","link":"https:\/\/profaj.co\/miknatis\/tr\/urun\/neodimyum-sondaj-potu-2\/","title":{"rendered":"Neodimyum Sondaj Potu"},"content":{"rendered":"<p>Neodimyum Sondaj Potu, Sondaj\u00a0kuyular\u0131na d\u00fc\u015fen zincir, matkab ucu vb. demirlerin \u00e7\u0131kar\u0131lmas\u0131 i\u00e7in kullan\u0131lmaktad\u0131r.<\/p>\n<p><em><strong>Teknik \u00d6zellikler :<\/strong><\/em><\/p>\n<ul>\n<li><strong>\u00d6l\u00e7\u00fcler\u00a0 \u00a0 \u00a0 \u00a0 \u00a0 \u00a0 \u00a0 \u00a0 \u00a0 \u00a0 :\u00a0<\/strong>\u00c7ap : 120 mm\u00a0 Kal\u0131nl\u0131k : 40 mm<\/li>\n<li><strong>\u00c7ekme kuvveti\u00a0 :\u00a0<\/strong>Par\u00e7an\u0131n \u015fekli ve cinsine g\u00f6re de\u011fi\u015fmekte olup blok demir\u00a0(yekpare) tek par\u00e7ada Max.200 kg<\/li>\n<li><strong>\u00dcr\u00fcn A\u011f\u0131rl\u0131\u011f\u0131\u00a0 \u00a0 \u00a0 \u00a0 :\u00a0 5 kg\u00a0<\/strong><\/li>\n<\/ul>\n<p><strong><em>\u00d6nemli Not :<\/em>\u00a0<\/strong>Borunun demir olmas\u0131 durumunda Pot M\u0131knat\u0131s\u0131n kuyuya Tij ile indirilmesi gerekir.<\/p>\n<p><img fetchpriority=\"high\" decoding=\"async\" class=\"alignnone wp-image-6810 size-medium\" src=\"https:\/\/profaj.co\/miknatis\/wp-content\/uploads\/2024\/05\/292168890-300x293.jpg\" alt=\"\" width=\"300\" height=\"293\" srcset=\"https:\/\/profaj.co\/miknatis\/wp-content\/uploads\/2024\/05\/292168890-300x293.jpg 300w, https:\/\/profaj.co\/miknatis\/wp-content\/uploads\/2024\/05\/292168890.jpg 512w\" sizes=\"(max-width: 300px) 100vw, 300px\" \/> <img decoding=\"async\" class=\"alignnone wp-image-6809 size-medium\" src=\"https:\/\/profaj.co\/miknatis\/wp-content\/uploads\/2024\/05\/25549458-280x300.jpg\" alt=\"\" width=\"280\" height=\"300\" srcset=\"https:\/\/profaj.co\/miknatis\/wp-content\/uploads\/2024\/05\/25549458-280x300.jpg 280w, https:\/\/profaj.co\/miknatis\/wp-content\/uploads\/2024\/05\/25549458.jpg 466w\" sizes=\"(max-width: 280px) 100vw, 280px\" \/> <img decoding=\"async\" class=\"alignnone wp-image-6808 size-medium\" src=\"https:\/\/profaj.co\/miknatis\/wp-content\/uploads\/2024\/05\/909754248-263x300.jpg\" alt=\"\" width=\"263\" height=\"300\" srcset=\"https:\/\/profaj.co\/miknatis\/wp-content\/uploads\/2024\/05\/909754248-263x300.jpg 263w, https:\/\/profaj.co\/miknatis\/wp-content\/uploads\/2024\/05\/909754248.jpg 438w\" sizes=\"(max-width: 263px) 100vw, 263px\" \/><\/p>\n","protected":false},"excerpt":{"rendered":"<p>Seramik &#8211; Ferrit m\u0131knat\u0131slar; demanyetizasyon ve korozyona kar\u015f\u0131 m\u00fckemmel bir dirence sahiptir ancak k\u0131r\u0131lgand\u0131r.<\/p>\n","protected":false},"featured_media":6811,"template":"","meta":[],"product_cat":[53,56,84],"product_tag":[],"class_list":["post-6807","product","type-product","status-publish","has-post-thumbnail","hentry","product_cat-miknatislar-ve-potlar","product_cat-pot-miknatislar","product_cat-manyetik-ekipmanlar"],"acf":[],"yoast_head":"<!-- This site is optimized with the Yoast SEO Premium plugin v22.1 (Yoast SEO v22.1) - https:\/\/yoast.com\/wordpress\/plugins\/seo\/ -->\n<title>Neodimyum Sondaj Potu - M\u0131knat\u0131s Ar-Ge<\/title>\n<meta name=\"robots\" content=\"index, follow, max-snippet:-1, max-image-preview:large, max-video-preview:-1\" \/>\n<link rel=\"canonical\" href=\"https:\/\/profaj.co\/miknatis\/tr\/urun\/neodimyum-sondaj-potu-2\/\" \/>\n<meta property=\"og:locale\" content=\"tr_TR\" \/>\n<meta property=\"og:type\" content=\"article\" \/>\n<meta property=\"og:title\" content=\"Neodimyum Sondaj Potu\" \/>\n<meta property=\"og:description\" content=\"Seramik - Ferrit m\u0131knat\u0131slar; demanyetizasyon ve korozyona kar\u015f\u0131 m\u00fckemmel bir dirence sahiptir ancak k\u0131r\u0131lgand\u0131r.\" \/>\n<meta property=\"og:url\" content=\"https:\/\/profaj.co\/miknatis\/tr\/urun\/neodimyum-sondaj-potu-2\/\" \/>\n<meta property=\"og:site_name\" content=\"M\u0131knat\u0131s Ar-Ge\" \/>\n<meta property=\"article:modified_time\" content=\"2024-07-04T12:50:07+00:00\" \/>\n<meta property=\"og:image\" content=\"https:\/\/profaj.co\/miknatis\/wp-content\/uploads\/2024\/05\/miknatis-arge_627b5e0975127.jpg\" \/>\n\t<meta property=\"og:image:width\" content=\"1500\" \/>\n\t<meta property=\"og:image:height\" content=\"1500\" \/>\n\t<meta property=\"og:image:type\" content=\"image\/jpeg\" \/>\n<meta name=\"twitter:card\" content=\"summary_large_image\" \/>\n<script type=\"application\/ld+json\" class=\"yoast-schema-graph\">{\"@context\":\"https:\/\/schema.org\",\"@graph\":[{\"@type\":\"WebPage\",\"@id\":\"https:\/\/profaj.co\/miknatis\/tr\/urun\/neodimyum-sondaj-potu-2\/\",\"url\":\"https:\/\/profaj.co\/miknatis\/tr\/urun\/neodimyum-sondaj-potu-2\/\",\"name\":\"Neodimyum Sondaj Potu - M\u0131knat\u0131s Ar-Ge\",\"isPartOf\":{\"@id\":\"https:\/\/profaj.co\/miknatis\/#website\"},\"datePublished\":\"2024-05-15T09:19:26+00:00\",\"dateModified\":\"2024-07-04T12:50:07+00:00\",\"breadcrumb\":{\"@id\":\"https:\/\/profaj.co\/miknatis\/tr\/urun\/neodimyum-sondaj-potu-2\/#breadcrumb\"},\"inLanguage\":\"tr\",\"potentialAction\":[{\"@type\":\"ReadAction\",\"target\":[\"https:\/\/profaj.co\/miknatis\/tr\/urun\/neodimyum-sondaj-potu-2\/\"]}]},{\"@type\":\"BreadcrumbList\",\"@id\":\"https:\/\/profaj.co\/miknatis\/tr\/urun\/neodimyum-sondaj-potu-2\/#breadcrumb\",\"itemListElement\":[{\"@type\":\"ListItem\",\"position\":1,\"name\":\"Anasayfa\",\"item\":\"https:\/\/profaj.co\/miknatis\/tr\/anasayfa\/\"},{\"@type\":\"ListItem\",\"position\":2,\"name\":\"\u00dcr\u00fcnler\",\"item\":\"https:\/\/profaj.co\/miknatis\/tr\/urunler\/\"},{\"@type\":\"ListItem\",\"position\":3,\"name\":\"Neodimyum Sondaj Potu\"}]},{\"@type\":\"WebSite\",\"@id\":\"https:\/\/profaj.co\/miknatis\/#website\",\"url\":\"https:\/\/profaj.co\/miknatis\/\",\"name\":\"M\u0131knat\u0131s Ar-Ge\",\"description\":\"\",\"publisher\":{\"@id\":\"https:\/\/profaj.co\/miknatis\/#organization\"},\"potentialAction\":[{\"@type\":\"SearchAction\",\"target\":{\"@type\":\"EntryPoint\",\"urlTemplate\":\"https:\/\/profaj.co\/miknatis\/?s={search_term_string}\"},\"query-input\":\"required name=search_term_string\"}],\"inLanguage\":\"tr\"},{\"@type\":\"Organization\",\"@id\":\"https:\/\/profaj.co\/miknatis\/#organization\",\"name\":\"M\u0131knat\u0131s Ar-Ge\",\"url\":\"https:\/\/profaj.co\/miknatis\/\",\"logo\":{\"@type\":\"ImageObject\",\"inLanguage\":\"tr\",\"@id\":\"https:\/\/profaj.co\/miknatis\/#\/schema\/logo\/image\/\",\"url\":\"https:\/\/profaj.co\/miknatis\/wp-content\/uploads\/2023\/12\/logo-white.webp\",\"contentUrl\":\"https:\/\/profaj.co\/miknatis\/wp-content\/uploads\/2023\/12\/logo-white.webp\",\"width\":300,\"height\":266,\"caption\":\"M\u0131knat\u0131s Ar-Ge\"},\"image\":{\"@id\":\"https:\/\/profaj.co\/miknatis\/#\/schema\/logo\/image\/\"}}]}<\/script>\n<!-- \/ Yoast SEO Premium plugin. -->","yoast_head_json":{"title":"Neodimyum Sondaj Potu - M\u0131knat\u0131s Ar-Ge","robots":{"index":"index","follow":"follow","max-snippet":"max-snippet:-1","max-image-preview":"max-image-preview:large","max-video-preview":"max-video-preview:-1"},"canonical":"https:\/\/profaj.co\/miknatis\/tr\/urun\/neodimyum-sondaj-potu-2\/","og_locale":"tr_TR","og_type":"article","og_title":"Neodimyum Sondaj Potu","og_description":"Seramik - Ferrit m\u0131knat\u0131slar; demanyetizasyon ve korozyona kar\u015f\u0131 m\u00fckemmel bir dirence sahiptir ancak k\u0131r\u0131lgand\u0131r.","og_url":"https:\/\/profaj.co\/miknatis\/tr\/urun\/neodimyum-sondaj-potu-2\/","og_site_name":"M\u0131knat\u0131s Ar-Ge","article_modified_time":"2024-07-04T12:50:07+00:00","og_image":[{"width":1500,"height":1500,"url":"https:\/\/profaj.co\/miknatis\/wp-content\/uploads\/2024\/05\/miknatis-arge_627b5e0975127.jpg","type":"image\/jpeg"}],"twitter_card":"summary_large_image","schema":{"@context":"https:\/\/schema.org","@graph":[{"@type":"WebPage","@id":"https:\/\/profaj.co\/miknatis\/tr\/urun\/neodimyum-sondaj-potu-2\/","url":"https:\/\/profaj.co\/miknatis\/tr\/urun\/neodimyum-sondaj-potu-2\/","name":"Neodimyum Sondaj Potu - M\u0131knat\u0131s Ar-Ge","isPartOf":{"@id":"https:\/\/profaj.co\/miknatis\/#website"},"datePublished":"2024-05-15T09:19:26+00:00","dateModified":"2024-07-04T12:50:07+00:00","breadcrumb":{"@id":"https:\/\/profaj.co\/miknatis\/tr\/urun\/neodimyum-sondaj-potu-2\/#breadcrumb"},"inLanguage":"tr","potentialAction":[{"@type":"ReadAction","target":["https:\/\/profaj.co\/miknatis\/tr\/urun\/neodimyum-sondaj-potu-2\/"]}]},{"@type":"BreadcrumbList","@id":"https:\/\/profaj.co\/miknatis\/tr\/urun\/neodimyum-sondaj-potu-2\/#breadcrumb","itemListElement":[{"@type":"ListItem","position":1,"name":"Anasayfa","item":"https:\/\/profaj.co\/miknatis\/tr\/anasayfa\/"},{"@type":"ListItem","position":2,"name":"\u00dcr\u00fcnler","item":"https:\/\/profaj.co\/miknatis\/tr\/urunler\/"},{"@type":"ListItem","position":3,"name":"Neodimyum Sondaj Potu"}]},{"@type":"WebSite","@id":"https:\/\/profaj.co\/miknatis\/#website","url":"https:\/\/profaj.co\/miknatis\/","name":"M\u0131knat\u0131s Ar-Ge","description":"","publisher":{"@id":"https:\/\/profaj.co\/miknatis\/#organization"},"potentialAction":[{"@type":"SearchAction","target":{"@type":"EntryPoint","urlTemplate":"https:\/\/profaj.co\/miknatis\/?s={search_term_string}"},"query-input":"required name=search_term_string"}],"inLanguage":"tr"},{"@type":"Organization","@id":"https:\/\/profaj.co\/miknatis\/#organization","name":"M\u0131knat\u0131s Ar-Ge","url":"https:\/\/profaj.co\/miknatis\/","logo":{"@type":"ImageObject","inLanguage":"tr","@id":"https:\/\/profaj.co\/miknatis\/#\/schema\/logo\/image\/","url":"https:\/\/profaj.co\/miknatis\/wp-content\/uploads\/2023\/12\/logo-white.webp","contentUrl":"https:\/\/profaj.co\/miknatis\/wp-content\/uploads\/2023\/12\/logo-white.webp","width":300,"height":266,"caption":"M\u0131knat\u0131s Ar-Ge"},"image":{"@id":"https:\/\/profaj.co\/miknatis\/#\/schema\/logo\/image\/"}}]}},"lang":"tr","translations":{"tr":6807,"en":7227},"pll_sync_post":[],"_links":{"self":[{"href":"https:\/\/profaj.co\/miknatis\/wp-json\/wp\/v2\/product\/6807","targetHints":{"allow":["GET"]}}],"collection":[{"href":"https:\/\/profaj.co\/miknatis\/wp-json\/wp\/v2\/product"}],"about":[{"href":"https:\/\/profaj.co\/miknatis\/wp-json\/wp\/v2\/types\/product"}],"wp:featuredmedia":[{"embeddable":true,"href":"https:\/\/profaj.co\/miknatis\/wp-json\/wp\/v2\/media\/6811"}],"wp:attachment":[{"href":"https:\/\/profaj.co\/miknatis\/wp-json\/wp\/v2\/media?parent=6807"}],"wp:term":[{"taxonomy":"product_cat","embeddable":true,"href":"https:\/\/profaj.co\/miknatis\/wp-json\/wp\/v2\/product_cat?post=6807"},{"taxonomy":"product_tag","embeddable":true,"href":"https:\/\/profaj.co\/miknatis\/wp-json\/wp\/v2\/product_tag?post=6807"}],"curies":[{"name":"wp","href":"https:\/\/api.w.org\/{rel}","templated":true}]}}