{"id":6816,"date":"2024-05-16T16:36:50","date_gmt":"2024-05-16T13:36:50","guid":{"rendered":"https:\/\/profaj.co\/miknatis\/?post_type=product&#038;p=6816"},"modified":"2024-05-16T16:39:00","modified_gmt":"2024-05-16T13:39:00","slug":"manyetik-numune-alma-cubugu","status":"publish","type":"product","link":"https:\/\/profaj.co\/miknatis\/tr\/urun\/manyetik-numune-alma-cubugu\/","title":{"rendered":"Manyetik Numune Alma \u00c7ubu\u011fu"},"content":{"rendered":"<p>Manyetik numune alma\u00a0 \u00e7ubuklar\u0131 &#8211; problar\u0131, kalite kontrol personelinin d\u00fc\u015f\u00fck demir kontaminasyonu olan herhangi bir toz, gran\u00fcl veya s\u0131v\u0131 \u00fczerinde \u00fcr\u00fcn safl\u0131\u011f\u0131 denetimlerini h\u0131zl\u0131 ve kolay bir \u015fekilde ger\u00e7ekle\u015ftirmesi i\u00e7in idealdir.<\/p>\n<p>Prob, sevkiyattan \u00f6nce ve parti testi i\u00e7in proses hatt\u0131 boyunca kritik noktalarda, i\u00e7eri giren mallarda \u00fcr\u00fcn\u00fcn numune muayenesi i\u00e7in de kullan\u0131l\u0131r.<\/p>\n<p>Tutulan demir kontaminasyonlar\u0131 eklene d\u00fczenek sayesinde kolayca temizlenebilir. \u0130\u015f g\u00fcvenli\u011fi risklerini ortadan kald\u0131r\u0131r.<\/p>\n<p><strong><em>Daha detaytl\u0131 bilgi almak i\u00e7in\u00a0l\u00fctfen ileti\u015fime ge\u00e7iniz.<\/em><\/strong><\/p>\n<p><strong><em><iframe src=\"https:\/\/www.youtube.com\/embed\/tcyiDGPmel8\" width=\"560\" height=\"315\" frameborder=\"0\" allowfullscreen=\"allowfullscreen\" data-mce-fragment=\"1\"><\/iframe><\/em><\/strong><\/p>\n","protected":false},"excerpt":{"rendered":"<p>Manyetik numune alma\u00a0 \u00e7ubuklar\u0131 &#8211; problar\u0131, kalite kontrol personelinin d\u00fc\u015f\u00fck demir kontaminasyonu olan herhangi bir toz, gran\u00fcl veya s\u0131v\u0131 \u00fczerinde \u00fcr\u00fcn safl\u0131\u011f\u0131 denetimlerini h\u0131zl\u0131 ve kolay bir \u015fekilde ger\u00e7ekle\u015ftirmesi i\u00e7in idealdir.<\/p>\n","protected":false},"featured_media":6817,"template":"","meta":[],"product_cat":[59,58],"product_tag":[],"class_list":["post-6816","product","type-product","status-publish","has-post-thumbnail","hentry","product_cat-cubuk-separatorler","product_cat-manyetik-separasyon"],"acf":[],"yoast_head":"<!-- This site is optimized with the Yoast SEO Premium plugin v22.1 (Yoast SEO v22.1) - https:\/\/yoast.com\/wordpress\/plugins\/seo\/ -->\n<title>Manyetik Numune Alma \u00c7ubu\u011fu - M\u0131knat\u0131s Ar-Ge<\/title>\n<meta name=\"robots\" content=\"index, follow, max-snippet:-1, max-image-preview:large, max-video-preview:-1\" \/>\n<link rel=\"canonical\" href=\"https:\/\/profaj.co\/miknatis\/tr\/urun\/manyetik-numune-alma-cubugu\/\" \/>\n<meta property=\"og:locale\" content=\"tr_TR\" \/>\n<meta property=\"og:type\" content=\"article\" \/>\n<meta property=\"og:title\" content=\"Manyetik Numune Alma \u00c7ubu\u011fu\" \/>\n<meta property=\"og:description\" content=\"Manyetik numune alma\u00a0 \u00e7ubuklar\u0131 - problar\u0131, kalite kontrol personelinin d\u00fc\u015f\u00fck demir kontaminasyonu olan herhangi bir toz, gran\u00fcl veya s\u0131v\u0131 \u00fczerinde \u00fcr\u00fcn safl\u0131\u011f\u0131 denetimlerini h\u0131zl\u0131 ve kolay bir \u015fekilde ger\u00e7ekle\u015ftirmesi i\u00e7in idealdir.\" \/>\n<meta property=\"og:url\" content=\"https:\/\/profaj.co\/miknatis\/tr\/urun\/manyetik-numune-alma-cubugu\/\" \/>\n<meta property=\"og:site_name\" content=\"M\u0131knat\u0131s Ar-Ge\" \/>\n<meta property=\"article:modified_time\" content=\"2024-05-16T13:39:00+00:00\" \/>\n<meta property=\"og:image\" content=\"https:\/\/profaj.co\/miknatis\/wp-content\/uploads\/2024\/05\/miknatis-arge_6155c1104bdcc.jpg\" \/>\n\t<meta property=\"og:image:width\" content=\"1000\" \/>\n\t<meta property=\"og:image:height\" content=\"1000\" \/>\n\t<meta property=\"og:image:type\" content=\"image\/jpeg\" \/>\n<meta name=\"twitter:card\" content=\"summary_large_image\" \/>\n<script type=\"application\/ld+json\" class=\"yoast-schema-graph\">{\"@context\":\"https:\/\/schema.org\",\"@graph\":[{\"@type\":\"WebPage\",\"@id\":\"https:\/\/profaj.co\/miknatis\/tr\/urun\/manyetik-numune-alma-cubugu\/\",\"url\":\"https:\/\/profaj.co\/miknatis\/tr\/urun\/manyetik-numune-alma-cubugu\/\",\"name\":\"Manyetik Numune Alma \u00c7ubu\u011fu - M\u0131knat\u0131s Ar-Ge\",\"isPartOf\":{\"@id\":\"https:\/\/profaj.co\/miknatis\/#website\"},\"datePublished\":\"2024-05-16T13:36:50+00:00\",\"dateModified\":\"2024-05-16T13:39:00+00:00\",\"breadcrumb\":{\"@id\":\"https:\/\/profaj.co\/miknatis\/tr\/urun\/manyetik-numune-alma-cubugu\/#breadcrumb\"},\"inLanguage\":\"tr\",\"potentialAction\":[{\"@type\":\"ReadAction\",\"target\":[\"https:\/\/profaj.co\/miknatis\/tr\/urun\/manyetik-numune-alma-cubugu\/\"]}]},{\"@type\":\"BreadcrumbList\",\"@id\":\"https:\/\/profaj.co\/miknatis\/tr\/urun\/manyetik-numune-alma-cubugu\/#breadcrumb\",\"itemListElement\":[{\"@type\":\"ListItem\",\"position\":1,\"name\":\"Anasayfa\",\"item\":\"https:\/\/profaj.co\/miknatis\/tr\/anasayfa\/\"},{\"@type\":\"ListItem\",\"position\":2,\"name\":\"\u00dcr\u00fcnler\",\"item\":\"https:\/\/profaj.co\/miknatis\/tr\/urunler\/\"},{\"@type\":\"ListItem\",\"position\":3,\"name\":\"Manyetik Numune Alma \u00c7ubu\u011fu\"}]},{\"@type\":\"WebSite\",\"@id\":\"https:\/\/profaj.co\/miknatis\/#website\",\"url\":\"https:\/\/profaj.co\/miknatis\/\",\"name\":\"M\u0131knat\u0131s Ar-Ge\",\"description\":\"\",\"publisher\":{\"@id\":\"https:\/\/profaj.co\/miknatis\/#organization\"},\"potentialAction\":[{\"@type\":\"SearchAction\",\"target\":{\"@type\":\"EntryPoint\",\"urlTemplate\":\"https:\/\/profaj.co\/miknatis\/?s={search_term_string}\"},\"query-input\":\"required name=search_term_string\"}],\"inLanguage\":\"tr\"},{\"@type\":\"Organization\",\"@id\":\"https:\/\/profaj.co\/miknatis\/#organization\",\"name\":\"M\u0131knat\u0131s Ar-Ge\",\"url\":\"https:\/\/profaj.co\/miknatis\/\",\"logo\":{\"@type\":\"ImageObject\",\"inLanguage\":\"tr\",\"@id\":\"https:\/\/profaj.co\/miknatis\/#\/schema\/logo\/image\/\",\"url\":\"https:\/\/profaj.co\/miknatis\/wp-content\/uploads\/2023\/12\/logo-white.webp\",\"contentUrl\":\"https:\/\/profaj.co\/miknatis\/wp-content\/uploads\/2023\/12\/logo-white.webp\",\"width\":300,\"height\":266,\"caption\":\"M\u0131knat\u0131s Ar-Ge\"},\"image\":{\"@id\":\"https:\/\/profaj.co\/miknatis\/#\/schema\/logo\/image\/\"}}]}<\/script>\n<!-- \/ Yoast SEO Premium plugin. -->","yoast_head_json":{"title":"Manyetik Numune Alma \u00c7ubu\u011fu - M\u0131knat\u0131s Ar-Ge","robots":{"index":"index","follow":"follow","max-snippet":"max-snippet:-1","max-image-preview":"max-image-preview:large","max-video-preview":"max-video-preview:-1"},"canonical":"https:\/\/profaj.co\/miknatis\/tr\/urun\/manyetik-numune-alma-cubugu\/","og_locale":"tr_TR","og_type":"article","og_title":"Manyetik Numune Alma \u00c7ubu\u011fu","og_description":"Manyetik numune alma\u00a0 \u00e7ubuklar\u0131 - problar\u0131, kalite kontrol personelinin d\u00fc\u015f\u00fck demir kontaminasyonu olan herhangi bir toz, gran\u00fcl veya s\u0131v\u0131 \u00fczerinde \u00fcr\u00fcn safl\u0131\u011f\u0131 denetimlerini h\u0131zl\u0131 ve kolay bir \u015fekilde ger\u00e7ekle\u015ftirmesi i\u00e7in idealdir.","og_url":"https:\/\/profaj.co\/miknatis\/tr\/urun\/manyetik-numune-alma-cubugu\/","og_site_name":"M\u0131knat\u0131s Ar-Ge","article_modified_time":"2024-05-16T13:39:00+00:00","og_image":[{"width":1000,"height":1000,"url":"https:\/\/profaj.co\/miknatis\/wp-content\/uploads\/2024\/05\/miknatis-arge_6155c1104bdcc.jpg","type":"image\/jpeg"}],"twitter_card":"summary_large_image","schema":{"@context":"https:\/\/schema.org","@graph":[{"@type":"WebPage","@id":"https:\/\/profaj.co\/miknatis\/tr\/urun\/manyetik-numune-alma-cubugu\/","url":"https:\/\/profaj.co\/miknatis\/tr\/urun\/manyetik-numune-alma-cubugu\/","name":"Manyetik Numune Alma \u00c7ubu\u011fu - M\u0131knat\u0131s Ar-Ge","isPartOf":{"@id":"https:\/\/profaj.co\/miknatis\/#website"},"datePublished":"2024-05-16T13:36:50+00:00","dateModified":"2024-05-16T13:39:00+00:00","breadcrumb":{"@id":"https:\/\/profaj.co\/miknatis\/tr\/urun\/manyetik-numune-alma-cubugu\/#breadcrumb"},"inLanguage":"tr","potentialAction":[{"@type":"ReadAction","target":["https:\/\/profaj.co\/miknatis\/tr\/urun\/manyetik-numune-alma-cubugu\/"]}]},{"@type":"BreadcrumbList","@id":"https:\/\/profaj.co\/miknatis\/tr\/urun\/manyetik-numune-alma-cubugu\/#breadcrumb","itemListElement":[{"@type":"ListItem","position":1,"name":"Anasayfa","item":"https:\/\/profaj.co\/miknatis\/tr\/anasayfa\/"},{"@type":"ListItem","position":2,"name":"\u00dcr\u00fcnler","item":"https:\/\/profaj.co\/miknatis\/tr\/urunler\/"},{"@type":"ListItem","position":3,"name":"Manyetik Numune Alma \u00c7ubu\u011fu"}]},{"@type":"WebSite","@id":"https:\/\/profaj.co\/miknatis\/#website","url":"https:\/\/profaj.co\/miknatis\/","name":"M\u0131knat\u0131s Ar-Ge","description":"","publisher":{"@id":"https:\/\/profaj.co\/miknatis\/#organization"},"potentialAction":[{"@type":"SearchAction","target":{"@type":"EntryPoint","urlTemplate":"https:\/\/profaj.co\/miknatis\/?s={search_term_string}"},"query-input":"required name=search_term_string"}],"inLanguage":"tr"},{"@type":"Organization","@id":"https:\/\/profaj.co\/miknatis\/#organization","name":"M\u0131knat\u0131s Ar-Ge","url":"https:\/\/profaj.co\/miknatis\/","logo":{"@type":"ImageObject","inLanguage":"tr","@id":"https:\/\/profaj.co\/miknatis\/#\/schema\/logo\/image\/","url":"https:\/\/profaj.co\/miknatis\/wp-content\/uploads\/2023\/12\/logo-white.webp","contentUrl":"https:\/\/profaj.co\/miknatis\/wp-content\/uploads\/2023\/12\/logo-white.webp","width":300,"height":266,"caption":"M\u0131knat\u0131s Ar-Ge"},"image":{"@id":"https:\/\/profaj.co\/miknatis\/#\/schema\/logo\/image\/"}}]}},"lang":"tr","translations":{"tr":6816,"en":7233},"pll_sync_post":[],"_links":{"self":[{"href":"https:\/\/profaj.co\/miknatis\/wp-json\/wp\/v2\/product\/6816","targetHints":{"allow":["GET"]}}],"collection":[{"href":"https:\/\/profaj.co\/miknatis\/wp-json\/wp\/v2\/product"}],"about":[{"href":"https:\/\/profaj.co\/miknatis\/wp-json\/wp\/v2\/types\/product"}],"wp:featuredmedia":[{"embeddable":true,"href":"https:\/\/profaj.co\/miknatis\/wp-json\/wp\/v2\/media\/6817"}],"wp:attachment":[{"href":"https:\/\/profaj.co\/miknatis\/wp-json\/wp\/v2\/media?parent=6816"}],"wp:term":[{"taxonomy":"product_cat","embeddable":true,"href":"https:\/\/profaj.co\/miknatis\/wp-json\/wp\/v2\/product_cat?post=6816"},{"taxonomy":"product_tag","embeddable":true,"href":"https:\/\/profaj.co\/miknatis\/wp-json\/wp\/v2\/product_tag?post=6816"}],"curies":[{"name":"wp","href":"https:\/\/api.w.org\/{rel}","templated":true}]}}