{"id":6822,"date":"2024-05-16T17:06:59","date_gmt":"2024-05-16T14:06:59","guid":{"rendered":"https:\/\/profaj.co\/miknatis\/?post_type=product&#038;p=6822"},"modified":"2024-05-16T17:11:18","modified_gmt":"2024-05-16T14:11:18","slug":"kolay-temizlenebilir-cekmeceli-manyetik-elek-separatorler","status":"publish","type":"product","link":"https:\/\/profaj.co\/miknatis\/tr\/urun\/kolay-temizlenebilir-cekmeceli-manyetik-elek-separatorler\/","title":{"rendered":"Kolay Temizlenebilir \u00c7ekmeceli Manyetik Elek Separat\u00f6rler"},"content":{"rendered":"<p>Kolay Temizlenebilir \u00c7ekmeceli Manyetik Elek Separat\u00f6rler;\u00a0tozlar, gran\u00fcller ve em\u00fclsiyonlar gibi serbest ak\u0131\u015fl\u0131 \u00fcr\u00fcnlerden ince demir i\u00e7eren kontaminasyonu gidermede son derece etkilidir. Haznelere, \u00fcr\u00fcn giri\u015f noktalar\u0131na, \u015futlara ve bitmi\u015f \u00fcr\u00fcn \u00e7\u0131k\u0131\u015f noktalar\u0131na kolayca yerle\u015ftirilirler.<\/p>\n<p>Kuru g\u0131da, \u015feker, kahve, kako, malt, pirin\u00e7, un, \u00e7ay, baharat, plastik, boya, kozmetik, kimyasallar, tah\u0131l ve mineraller gibi rahat ak\u0131\u015fl\u0131,\u00a0toz ve d\u00f6kme malzemelerden metal par\u00e7ac\u0131klar\u0131 (&gt;30 \u03bcm) \u00e7\u0131karmak i\u00e7in kullan\u0131lan bir manyetik ay\u0131r\u0131c\u0131d\u0131r.\u00a0Manyetik \u00e7ubuklar\u0131n y\u00fczeyindeki s\u0131y\u0131r\u0131c\u0131 k\u0131l\u0131f sayesinde kolay temizlenebilir \u00f6zelli\u011fi ile k\u00fc\u00e7\u00fck metal partik\u00fclleri veya ferromanyetik at\u0131klar\u0131 manyetik \u00e7ubuklar\u0131 s\u00f6kmeden pratik temizlemenizi sa\u011flar.<\/p>\n<p>En k\u00fc\u00e7\u00fck demir i\u00e7eren malzeme par\u00e7ac\u0131klar\u0131n\u0131 bile \u00e7ekmede g\u00fc\u00e7l\u00fc ve etkilidir. Mevcut makine veya hatta montaj\u0131 kolayd\u0131r. Makine a\u015f\u0131nmas\u0131ndan kaynaklanan pas ve ince demir tozu gibi kirleticiler, genellikle bir Metal Detekt\u00f6r\u00fc taraf\u0131ndan tespit edilemeyecek kadar k\u00fc\u00e7\u00fckt\u00fcr, ancak bu y\u00fcksek verimli manyetik \u0131zgara ile kolayca ay\u0131klanabilir.<\/p>\n<p><em><strong>Kullan\u0131m yerine g\u00f6re \u00f6zel \u015fekiller de yap\u0131labilir. L\u00fctfen ileti\u015fime ge\u00e7iniz.<\/strong><\/em><\/p>\n","protected":false},"excerpt":{"rendered":"<p>Kolay Temizlenebilir \u00c7ekmeceli Manyetik Elek Separat\u00f6rler;\u00a0tozlar, gran\u00fcller ve em\u00fclsiyonlar gibi serbest ak\u0131\u015fl\u0131 \u00fcr\u00fcnlerden ince demir i\u00e7eren kontaminasyonu gidermede son derece etkilidir. Haznelere, \u00fcr\u00fcn giri\u015f noktalar\u0131na, \u015futlara ve bitmi\u015f \u00fcr\u00fcn \u00e7\u0131k\u0131\u015f noktalar\u0131na kolayca yerle\u015ftirilirler.<\/p>\n","protected":false},"featured_media":6824,"template":"","meta":[],"product_cat":[58,61],"product_tag":[],"class_list":["post-6822","product","type-product","status-publish","has-post-thumbnail","hentry","product_cat-manyetik-separasyon","product_cat-cekmeceli-tip-manyetik-separator"],"acf":[],"yoast_head":"<!-- This site is optimized with the Yoast SEO Premium plugin v22.1 (Yoast SEO v22.1) - https:\/\/yoast.com\/wordpress\/plugins\/seo\/ -->\n<title>Kolay Temizlenebilir \u00c7ekmeceli Manyetik Elek Separat\u00f6rler - M\u0131knat\u0131s Ar-Ge<\/title>\n<meta name=\"robots\" content=\"index, follow, max-snippet:-1, max-image-preview:large, max-video-preview:-1\" \/>\n<link rel=\"canonical\" href=\"https:\/\/profaj.co\/miknatis\/tr\/urun\/kolay-temizlenebilir-cekmeceli-manyetik-elek-separatorler\/\" \/>\n<meta property=\"og:locale\" content=\"tr_TR\" \/>\n<meta property=\"og:type\" content=\"article\" \/>\n<meta property=\"og:title\" content=\"Kolay Temizlenebilir \u00c7ekmeceli Manyetik Elek Separat\u00f6rler\" \/>\n<meta property=\"og:description\" content=\"Kolay Temizlenebilir \u00c7ekmeceli Manyetik Elek Separat\u00f6rler;\u00a0tozlar, gran\u00fcller ve em\u00fclsiyonlar gibi serbest ak\u0131\u015fl\u0131 \u00fcr\u00fcnlerden ince demir i\u00e7eren kontaminasyonu gidermede son derece etkilidir. Haznelere, \u00fcr\u00fcn giri\u015f noktalar\u0131na, \u015futlara ve bitmi\u015f \u00fcr\u00fcn \u00e7\u0131k\u0131\u015f noktalar\u0131na kolayca yerle\u015ftirilirler.\" \/>\n<meta property=\"og:url\" content=\"https:\/\/profaj.co\/miknatis\/tr\/urun\/kolay-temizlenebilir-cekmeceli-manyetik-elek-separatorler\/\" \/>\n<meta property=\"og:site_name\" content=\"M\u0131knat\u0131s Ar-Ge\" \/>\n<meta property=\"article:modified_time\" content=\"2024-05-16T14:11:18+00:00\" \/>\n<meta property=\"og:image\" content=\"https:\/\/profaj.co\/miknatis\/wp-content\/uploads\/2024\/05\/miknatis-arge_6221f513eabd5.jpg\" \/>\n\t<meta property=\"og:image:width\" content=\"1000\" \/>\n\t<meta property=\"og:image:height\" content=\"1000\" \/>\n\t<meta property=\"og:image:type\" content=\"image\/jpeg\" \/>\n<meta name=\"twitter:card\" content=\"summary_large_image\" \/>\n<meta name=\"twitter:label1\" content=\"Tahmini okuma s\u00fcresi\" \/>\n\t<meta name=\"twitter:data1\" content=\"1 dakika\" \/>\n<script type=\"application\/ld+json\" class=\"yoast-schema-graph\">{\"@context\":\"https:\/\/schema.org\",\"@graph\":[{\"@type\":\"WebPage\",\"@id\":\"https:\/\/profaj.co\/miknatis\/tr\/urun\/kolay-temizlenebilir-cekmeceli-manyetik-elek-separatorler\/\",\"url\":\"https:\/\/profaj.co\/miknatis\/tr\/urun\/kolay-temizlenebilir-cekmeceli-manyetik-elek-separatorler\/\",\"name\":\"Kolay Temizlenebilir \u00c7ekmeceli Manyetik Elek Separat\u00f6rler - M\u0131knat\u0131s Ar-Ge\",\"isPartOf\":{\"@id\":\"https:\/\/profaj.co\/miknatis\/#website\"},\"datePublished\":\"2024-05-16T14:06:59+00:00\",\"dateModified\":\"2024-05-16T14:11:18+00:00\",\"breadcrumb\":{\"@id\":\"https:\/\/profaj.co\/miknatis\/tr\/urun\/kolay-temizlenebilir-cekmeceli-manyetik-elek-separatorler\/#breadcrumb\"},\"inLanguage\":\"tr\",\"potentialAction\":[{\"@type\":\"ReadAction\",\"target\":[\"https:\/\/profaj.co\/miknatis\/tr\/urun\/kolay-temizlenebilir-cekmeceli-manyetik-elek-separatorler\/\"]}]},{\"@type\":\"BreadcrumbList\",\"@id\":\"https:\/\/profaj.co\/miknatis\/tr\/urun\/kolay-temizlenebilir-cekmeceli-manyetik-elek-separatorler\/#breadcrumb\",\"itemListElement\":[{\"@type\":\"ListItem\",\"position\":1,\"name\":\"Anasayfa\",\"item\":\"https:\/\/profaj.co\/miknatis\/tr\/anasayfa\/\"},{\"@type\":\"ListItem\",\"position\":2,\"name\":\"\u00dcr\u00fcnler\",\"item\":\"https:\/\/profaj.co\/miknatis\/tr\/urunler\/\"},{\"@type\":\"ListItem\",\"position\":3,\"name\":\"Kolay Temizlenebilir \u00c7ekmeceli Manyetik Elek Separat\u00f6rler\"}]},{\"@type\":\"WebSite\",\"@id\":\"https:\/\/profaj.co\/miknatis\/#website\",\"url\":\"https:\/\/profaj.co\/miknatis\/\",\"name\":\"M\u0131knat\u0131s Ar-Ge\",\"description\":\"\",\"publisher\":{\"@id\":\"https:\/\/profaj.co\/miknatis\/#organization\"},\"potentialAction\":[{\"@type\":\"SearchAction\",\"target\":{\"@type\":\"EntryPoint\",\"urlTemplate\":\"https:\/\/profaj.co\/miknatis\/?s={search_term_string}\"},\"query-input\":\"required name=search_term_string\"}],\"inLanguage\":\"tr\"},{\"@type\":\"Organization\",\"@id\":\"https:\/\/profaj.co\/miknatis\/#organization\",\"name\":\"M\u0131knat\u0131s Ar-Ge\",\"url\":\"https:\/\/profaj.co\/miknatis\/\",\"logo\":{\"@type\":\"ImageObject\",\"inLanguage\":\"tr\",\"@id\":\"https:\/\/profaj.co\/miknatis\/#\/schema\/logo\/image\/\",\"url\":\"https:\/\/profaj.co\/miknatis\/wp-content\/uploads\/2023\/12\/logo-white.webp\",\"contentUrl\":\"https:\/\/profaj.co\/miknatis\/wp-content\/uploads\/2023\/12\/logo-white.webp\",\"width\":300,\"height\":266,\"caption\":\"M\u0131knat\u0131s Ar-Ge\"},\"image\":{\"@id\":\"https:\/\/profaj.co\/miknatis\/#\/schema\/logo\/image\/\"}}]}<\/script>\n<!-- \/ Yoast SEO Premium plugin. -->","yoast_head_json":{"title":"Kolay Temizlenebilir \u00c7ekmeceli Manyetik Elek Separat\u00f6rler - M\u0131knat\u0131s Ar-Ge","robots":{"index":"index","follow":"follow","max-snippet":"max-snippet:-1","max-image-preview":"max-image-preview:large","max-video-preview":"max-video-preview:-1"},"canonical":"https:\/\/profaj.co\/miknatis\/tr\/urun\/kolay-temizlenebilir-cekmeceli-manyetik-elek-separatorler\/","og_locale":"tr_TR","og_type":"article","og_title":"Kolay Temizlenebilir \u00c7ekmeceli Manyetik Elek Separat\u00f6rler","og_description":"Kolay Temizlenebilir \u00c7ekmeceli Manyetik Elek Separat\u00f6rler;\u00a0tozlar, gran\u00fcller ve em\u00fclsiyonlar gibi serbest ak\u0131\u015fl\u0131 \u00fcr\u00fcnlerden ince demir i\u00e7eren kontaminasyonu gidermede son derece etkilidir. Haznelere, \u00fcr\u00fcn giri\u015f noktalar\u0131na, \u015futlara ve bitmi\u015f \u00fcr\u00fcn \u00e7\u0131k\u0131\u015f noktalar\u0131na kolayca yerle\u015ftirilirler.","og_url":"https:\/\/profaj.co\/miknatis\/tr\/urun\/kolay-temizlenebilir-cekmeceli-manyetik-elek-separatorler\/","og_site_name":"M\u0131knat\u0131s Ar-Ge","article_modified_time":"2024-05-16T14:11:18+00:00","og_image":[{"width":1000,"height":1000,"url":"https:\/\/profaj.co\/miknatis\/wp-content\/uploads\/2024\/05\/miknatis-arge_6221f513eabd5.jpg","type":"image\/jpeg"}],"twitter_card":"summary_large_image","twitter_misc":{"Tahmini okuma s\u00fcresi":"1 dakika"},"schema":{"@context":"https:\/\/schema.org","@graph":[{"@type":"WebPage","@id":"https:\/\/profaj.co\/miknatis\/tr\/urun\/kolay-temizlenebilir-cekmeceli-manyetik-elek-separatorler\/","url":"https:\/\/profaj.co\/miknatis\/tr\/urun\/kolay-temizlenebilir-cekmeceli-manyetik-elek-separatorler\/","name":"Kolay Temizlenebilir \u00c7ekmeceli Manyetik Elek Separat\u00f6rler - M\u0131knat\u0131s Ar-Ge","isPartOf":{"@id":"https:\/\/profaj.co\/miknatis\/#website"},"datePublished":"2024-05-16T14:06:59+00:00","dateModified":"2024-05-16T14:11:18+00:00","breadcrumb":{"@id":"https:\/\/profaj.co\/miknatis\/tr\/urun\/kolay-temizlenebilir-cekmeceli-manyetik-elek-separatorler\/#breadcrumb"},"inLanguage":"tr","potentialAction":[{"@type":"ReadAction","target":["https:\/\/profaj.co\/miknatis\/tr\/urun\/kolay-temizlenebilir-cekmeceli-manyetik-elek-separatorler\/"]}]},{"@type":"BreadcrumbList","@id":"https:\/\/profaj.co\/miknatis\/tr\/urun\/kolay-temizlenebilir-cekmeceli-manyetik-elek-separatorler\/#breadcrumb","itemListElement":[{"@type":"ListItem","position":1,"name":"Anasayfa","item":"https:\/\/profaj.co\/miknatis\/tr\/anasayfa\/"},{"@type":"ListItem","position":2,"name":"\u00dcr\u00fcnler","item":"https:\/\/profaj.co\/miknatis\/tr\/urunler\/"},{"@type":"ListItem","position":3,"name":"Kolay Temizlenebilir \u00c7ekmeceli Manyetik Elek Separat\u00f6rler"}]},{"@type":"WebSite","@id":"https:\/\/profaj.co\/miknatis\/#website","url":"https:\/\/profaj.co\/miknatis\/","name":"M\u0131knat\u0131s Ar-Ge","description":"","publisher":{"@id":"https:\/\/profaj.co\/miknatis\/#organization"},"potentialAction":[{"@type":"SearchAction","target":{"@type":"EntryPoint","urlTemplate":"https:\/\/profaj.co\/miknatis\/?s={search_term_string}"},"query-input":"required name=search_term_string"}],"inLanguage":"tr"},{"@type":"Organization","@id":"https:\/\/profaj.co\/miknatis\/#organization","name":"M\u0131knat\u0131s Ar-Ge","url":"https:\/\/profaj.co\/miknatis\/","logo":{"@type":"ImageObject","inLanguage":"tr","@id":"https:\/\/profaj.co\/miknatis\/#\/schema\/logo\/image\/","url":"https:\/\/profaj.co\/miknatis\/wp-content\/uploads\/2023\/12\/logo-white.webp","contentUrl":"https:\/\/profaj.co\/miknatis\/wp-content\/uploads\/2023\/12\/logo-white.webp","width":300,"height":266,"caption":"M\u0131knat\u0131s Ar-Ge"},"image":{"@id":"https:\/\/profaj.co\/miknatis\/#\/schema\/logo\/image\/"}}]}},"lang":"tr","translations":{"tr":6822,"en":7234},"pll_sync_post":[],"_links":{"self":[{"href":"https:\/\/profaj.co\/miknatis\/wp-json\/wp\/v2\/product\/6822","targetHints":{"allow":["GET"]}}],"collection":[{"href":"https:\/\/profaj.co\/miknatis\/wp-json\/wp\/v2\/product"}],"about":[{"href":"https:\/\/profaj.co\/miknatis\/wp-json\/wp\/v2\/types\/product"}],"wp:featuredmedia":[{"embeddable":true,"href":"https:\/\/profaj.co\/miknatis\/wp-json\/wp\/v2\/media\/6824"}],"wp:attachment":[{"href":"https:\/\/profaj.co\/miknatis\/wp-json\/wp\/v2\/media?parent=6822"}],"wp:term":[{"taxonomy":"product_cat","embeddable":true,"href":"https:\/\/profaj.co\/miknatis\/wp-json\/wp\/v2\/product_cat?post=6822"},{"taxonomy":"product_tag","embeddable":true,"href":"https:\/\/profaj.co\/miknatis\/wp-json\/wp\/v2\/product_tag?post=6822"}],"curies":[{"name":"wp","href":"https:\/\/api.w.org\/{rel}","templated":true}]}}