{"id":6825,"date":"2024-05-16T17:36:13","date_gmt":"2024-05-16T14:36:13","guid":{"rendered":"https:\/\/profaj.co\/miknatis\/?post_type=product&#038;p=6825"},"modified":"2024-05-16T17:41:36","modified_gmt":"2024-05-16T14:41:36","slug":"manyetik-filtreler","status":"publish","type":"product","link":"https:\/\/profaj.co\/miknatis\/tr\/urun\/manyetik-filtreler\/","title":{"rendered":"Manyetik Filtreler"},"content":{"rendered":"<p><img decoding=\"async\" class=\"alignnone wp-image-6829 size-thumbnail\" src=\"https:\/\/profaj.co\/miknatis\/wp-content\/uploads\/2024\/05\/1133520053-150x150.jpg\" alt=\"\" width=\"150\" height=\"150\" srcset=\"https:\/\/profaj.co\/miknatis\/wp-content\/uploads\/2024\/05\/1133520053-150x150.jpg 150w, https:\/\/profaj.co\/miknatis\/wp-content\/uploads\/2024\/05\/1133520053-100x100.jpg 100w\" sizes=\"(max-width: 150px) 100vw, 150px\" \/> <img decoding=\"async\" class=\"alignnone wp-image-6828 size-thumbnail\" src=\"https:\/\/profaj.co\/miknatis\/wp-content\/uploads\/2024\/05\/449983469-150x150.jpg\" alt=\"\" width=\"150\" height=\"150\" srcset=\"https:\/\/profaj.co\/miknatis\/wp-content\/uploads\/2024\/05\/449983469-150x150.jpg 150w, https:\/\/profaj.co\/miknatis\/wp-content\/uploads\/2024\/05\/449983469-300x300.jpg 300w, https:\/\/profaj.co\/miknatis\/wp-content\/uploads\/2024\/05\/449983469-100x100.jpg 100w, https:\/\/profaj.co\/miknatis\/wp-content\/uploads\/2024\/05\/449983469-460x460.jpg 460w\" sizes=\"(max-width: 150px) 100vw, 150px\" \/> <img decoding=\"async\" class=\"alignnone wp-image-6827 size-thumbnail\" src=\"https:\/\/profaj.co\/miknatis\/wp-content\/uploads\/2024\/05\/1885940207-1-150x150.jpg\" alt=\"\" width=\"150\" height=\"150\" srcset=\"https:\/\/profaj.co\/miknatis\/wp-content\/uploads\/2024\/05\/1885940207-1-150x150.jpg 150w, https:\/\/profaj.co\/miknatis\/wp-content\/uploads\/2024\/05\/1885940207-1-100x100.jpg 100w\" sizes=\"(max-width: 150px) 100vw, 150px\" \/><br \/>\nManyetik filtre, malzemeyi temiz tutmak ve sonraki \u00fcretim ekipman\u0131n\u0131 korumak i\u00e7in demirli i\u00e7erikleri ve di\u011fer ferromanyetik par\u00e7ac\u0131klar\u0131 gidermek i\u00e7in farkl\u0131 viskoziteye sahip; kimyasal \u00e7amur, boya, \u015feker, ya\u011f, re\u00e7el, \u00e7ikolata\u00a0v.b. ak\u0131\u015fkan ya da yar\u0131 ak\u0131\u015fkanlarda\u00a0kullan\u0131l\u0131r.<\/p>\n<p>Manyetik s\u0131v\u0131 tutucu filtrelerin\u00a0ana yap\u0131s\u0131 cihaz \u00fczerine sabitlenmi\u015f ayn\u0131 zamanda s\u00f6k\u00fclebilir manyetik \u00e7ubuklard\u0131r. Bu manyetik \u00e7ubuklardan s\u0131v\u0131 veya yar\u0131 ak\u0131\u015fkan akt\u0131\u011f\u0131nda, y\u00fczeyde k\u00fc\u00e7\u00fck demirli i\u00e7erikler tutulur olur ve d\u00fczenli temizlik ile \u00fcr\u00fcn\u00fcn safl\u0131\u011f\u0131 sa\u011flan\u0131r. Bu manyetik \u00e7ubuklar kullan\u0131m yerine g\u00f6re Neodimyum nadir toprak m\u0131knat\u0131slar\u0131ndan ya da seramik &#8211; ferrit m\u0131nat\u0131slardan\u00a0yap\u0131lm\u0131\u015ft\u0131r.<\/p>\n<p>Bu modellerde manyetik at\u0131klar\u0131n temizlenmesi i\u00e7in \u00e7al\u0131\u015fan sistem durdurulur, elle kolayca a\u00e7\u0131labilen kapak a\u00e7\u0131l\u0131r ve \u00e7ubuklar\u0131n \u00fcst\u00fcndeki at\u0131klar f\u0131r\u00e7a ve eldiven yard\u0131m\u0131 ile al\u0131n\u0131r.<\/p>\n<p>\u00d6zellikle g\u0131da sekt\u00f6r\u00fcnde, sa\u011fl\u0131k i\u00e7in paslanmaz \u00e7elik malzemelerden imal edilen bu separat\u00f6rler, s\u0131zd\u0131rmazl\u0131k \u00f6zelli\u011fi ile g\u00fcvenle kullanabilir.<\/p>\n<p>Manyetik filtrelerimizde \u00f6zellikle standart \u00fcretimimiz olan \u00e7ap 25-27 ve 32 mm \u00e7ubuklar\u0131m\u0131z y\u00fcksek \u00e7ekim g\u00fcc\u00fcne sahip\u00a0\u00e7u buk m\u0131knat\u0131slar\u00a0kullan\u0131lmaktad\u0131r.\u00a0Paslanmaz z\u0131rh y\u00fczeyinde 10000-11000 Gauss (1mT=10G) aral\u0131\u011f\u0131ndaki de\u011ferleri reel olarak Tubitak UME Kalibrasyonlu\u00a0 Gaussmetre cihazlar\u0131m\u0131zla \u00f6l\u00e7\u00fclmektedir.\u00a0 \u00c7ubuklar\u0131m\u0131z piyasaya g\u00f6re en y\u00fcksek manyetik ind\u00fcksiyona ve kalitesine g\u00f6re en uygun maliyete sahiptir. T\u00fcrkiye de bir M\u0131knat\u0131s Ar-Ge Markas\u0131 haline gelmi\u015ftir.<br \/>\n<img loading=\"lazy\" decoding=\"async\" class=\"alignnone wp-image-6830 size-medium\" src=\"https:\/\/profaj.co\/miknatis\/wp-content\/uploads\/2024\/05\/1097490744-300x169.jpg\" alt=\"\" width=\"300\" height=\"169\" srcset=\"https:\/\/profaj.co\/miknatis\/wp-content\/uploads\/2024\/05\/1097490744-300x169.jpg 300w, https:\/\/profaj.co\/miknatis\/wp-content\/uploads\/2024\/05\/1097490744-600x338.jpg 600w, https:\/\/profaj.co\/miknatis\/wp-content\/uploads\/2024\/05\/1097490744.jpg 756w\" sizes=\"(max-width: 300px) 100vw, 300px\" \/> <img loading=\"lazy\" decoding=\"async\" class=\"alignnone wp-image-6832 size-medium\" src=\"https:\/\/profaj.co\/miknatis\/wp-content\/uploads\/2024\/05\/998765958-1-300x193.jpg\" alt=\"\" width=\"300\" height=\"193\" srcset=\"https:\/\/profaj.co\/miknatis\/wp-content\/uploads\/2024\/05\/998765958-1-300x193.jpg 300w, https:\/\/profaj.co\/miknatis\/wp-content\/uploads\/2024\/05\/998765958-1-600x386.jpg 600w, https:\/\/profaj.co\/miknatis\/wp-content\/uploads\/2024\/05\/998765958-1.jpg 628w\" sizes=\"(max-width: 300px) 100vw, 300px\" \/> <img loading=\"lazy\" decoding=\"async\" class=\"alignnone wp-image-6833 size-full\" src=\"https:\/\/profaj.co\/miknatis\/wp-content\/uploads\/2024\/05\/611323294.jpg\" alt=\"\" width=\"260\" height=\"250\" \/><\/p>\n<p><strong><em>M\u00fc\u015fteri isteklerine g\u00f6re; \u00f6zel \u00f6l\u00e7\u00fclerde,\u00a0daha y\u00fcksek bas\u0131n\u00e7lara ve s\u0131cakl\u0131klara dayanacak \u015fekilde de yap\u0131labilir. L\u00fctfen ileti\u015fime ge\u00e7iniz.<\/em><\/strong><\/p>\n<p><strong><em><iframe src=\"https:\/\/www.youtube.com\/embed\/4GLGrnxTE6Y\" width=\"560\" height=\"315\" frameborder=\"0\" allowfullscreen=\"allowfullscreen\" data-mce-fragment=\"1\"><\/iframe><\/em><\/strong><\/p>\n<p>&nbsp;<\/p>\n","protected":false},"excerpt":{"rendered":"<p>Manyetik filtre, malzemeyi temiz tutmak ve sonraki \u00fcretim ekipman\u0131n\u0131 korumak i\u00e7in demirli i\u00e7erikleri ve di\u011fer ferromanyetik par\u00e7ac\u0131klar\u0131 gidermek i\u00e7in farkl\u0131 viskoziteye sahip; kimyasal \u00e7amur, boya, \u015feker, ya\u011f, re\u00e7el, \u00e7ikolata\u00a0v.b. ak\u0131\u015fkan ya da yar\u0131 ak\u0131\u015fkanlarda\u00a0kullan\u0131l\u0131r.<\/p>\n","protected":false},"featured_media":6834,"template":"","meta":[],"product_cat":[58,62],"product_tag":[],"class_list":["post-6825","product","type-product","status-publish","has-post-thumbnail","hentry","product_cat-manyetik-separasyon","product_cat-manyetik-filtreler"],"acf":[],"yoast_head":"<!-- This site is optimized with the Yoast SEO Premium plugin v22.1 (Yoast SEO v22.1) - https:\/\/yoast.com\/wordpress\/plugins\/seo\/ -->\n<title>Manyetik Filtreler - M\u0131knat\u0131s Ar-Ge<\/title>\n<meta name=\"robots\" content=\"index, follow, max-snippet:-1, max-image-preview:large, max-video-preview:-1\" \/>\n<link rel=\"canonical\" href=\"https:\/\/profaj.co\/miknatis\/tr\/urun\/manyetik-filtreler\/\" \/>\n<meta property=\"og:locale\" content=\"tr_TR\" \/>\n<meta property=\"og:type\" content=\"article\" \/>\n<meta property=\"og:title\" content=\"Manyetik Filtreler\" \/>\n<meta property=\"og:description\" content=\"Manyetik filtre, malzemeyi temiz tutmak ve sonraki \u00fcretim ekipman\u0131n\u0131 korumak i\u00e7in demirli i\u00e7erikleri ve di\u011fer ferromanyetik par\u00e7ac\u0131klar\u0131 gidermek i\u00e7in farkl\u0131 viskoziteye sahip; kimyasal \u00e7amur, boya, \u015feker, ya\u011f, re\u00e7el, \u00e7ikolata\u00a0v.b. ak\u0131\u015fkan ya da yar\u0131 ak\u0131\u015fkanlarda\u00a0kullan\u0131l\u0131r.\" \/>\n<meta property=\"og:url\" content=\"https:\/\/profaj.co\/miknatis\/tr\/urun\/manyetik-filtreler\/\" \/>\n<meta property=\"og:site_name\" content=\"M\u0131knat\u0131s Ar-Ge\" \/>\n<meta property=\"article:modified_time\" content=\"2024-05-16T14:41:36+00:00\" \/>\n<meta property=\"og:image\" content=\"https:\/\/profaj.co\/miknatis\/wp-content\/uploads\/2024\/05\/miknatis-arge_64268c32ce5e0.jpg\" \/>\n\t<meta property=\"og:image:width\" content=\"1000\" \/>\n\t<meta property=\"og:image:height\" content=\"1000\" \/>\n\t<meta property=\"og:image:type\" content=\"image\/jpeg\" \/>\n<meta name=\"twitter:card\" content=\"summary_large_image\" \/>\n<meta name=\"twitter:label1\" content=\"Tahmini okuma s\u00fcresi\" \/>\n\t<meta name=\"twitter:data1\" content=\"2 dakika\" \/>\n<script type=\"application\/ld+json\" class=\"yoast-schema-graph\">{\"@context\":\"https:\/\/schema.org\",\"@graph\":[{\"@type\":\"WebPage\",\"@id\":\"https:\/\/profaj.co\/miknatis\/tr\/urun\/manyetik-filtreler\/\",\"url\":\"https:\/\/profaj.co\/miknatis\/tr\/urun\/manyetik-filtreler\/\",\"name\":\"Manyetik Filtreler - M\u0131knat\u0131s Ar-Ge\",\"isPartOf\":{\"@id\":\"https:\/\/profaj.co\/miknatis\/#website\"},\"datePublished\":\"2024-05-16T14:36:13+00:00\",\"dateModified\":\"2024-05-16T14:41:36+00:00\",\"breadcrumb\":{\"@id\":\"https:\/\/profaj.co\/miknatis\/tr\/urun\/manyetik-filtreler\/#breadcrumb\"},\"inLanguage\":\"tr\",\"potentialAction\":[{\"@type\":\"ReadAction\",\"target\":[\"https:\/\/profaj.co\/miknatis\/tr\/urun\/manyetik-filtreler\/\"]}]},{\"@type\":\"BreadcrumbList\",\"@id\":\"https:\/\/profaj.co\/miknatis\/tr\/urun\/manyetik-filtreler\/#breadcrumb\",\"itemListElement\":[{\"@type\":\"ListItem\",\"position\":1,\"name\":\"Anasayfa\",\"item\":\"https:\/\/profaj.co\/miknatis\/tr\/anasayfa\/\"},{\"@type\":\"ListItem\",\"position\":2,\"name\":\"\u00dcr\u00fcnler\",\"item\":\"https:\/\/profaj.co\/miknatis\/tr\/urunler\/\"},{\"@type\":\"ListItem\",\"position\":3,\"name\":\"Manyetik Filtreler\"}]},{\"@type\":\"WebSite\",\"@id\":\"https:\/\/profaj.co\/miknatis\/#website\",\"url\":\"https:\/\/profaj.co\/miknatis\/\",\"name\":\"M\u0131knat\u0131s Ar-Ge\",\"description\":\"\",\"publisher\":{\"@id\":\"https:\/\/profaj.co\/miknatis\/#organization\"},\"potentialAction\":[{\"@type\":\"SearchAction\",\"target\":{\"@type\":\"EntryPoint\",\"urlTemplate\":\"https:\/\/profaj.co\/miknatis\/?s={search_term_string}\"},\"query-input\":\"required name=search_term_string\"}],\"inLanguage\":\"tr\"},{\"@type\":\"Organization\",\"@id\":\"https:\/\/profaj.co\/miknatis\/#organization\",\"name\":\"M\u0131knat\u0131s Ar-Ge\",\"url\":\"https:\/\/profaj.co\/miknatis\/\",\"logo\":{\"@type\":\"ImageObject\",\"inLanguage\":\"tr\",\"@id\":\"https:\/\/profaj.co\/miknatis\/#\/schema\/logo\/image\/\",\"url\":\"https:\/\/profaj.co\/miknatis\/wp-content\/uploads\/2023\/12\/logo-white.webp\",\"contentUrl\":\"https:\/\/profaj.co\/miknatis\/wp-content\/uploads\/2023\/12\/logo-white.webp\",\"width\":300,\"height\":266,\"caption\":\"M\u0131knat\u0131s Ar-Ge\"},\"image\":{\"@id\":\"https:\/\/profaj.co\/miknatis\/#\/schema\/logo\/image\/\"}}]}<\/script>\n<!-- \/ Yoast SEO Premium plugin. -->","yoast_head_json":{"title":"Manyetik Filtreler - M\u0131knat\u0131s Ar-Ge","robots":{"index":"index","follow":"follow","max-snippet":"max-snippet:-1","max-image-preview":"max-image-preview:large","max-video-preview":"max-video-preview:-1"},"canonical":"https:\/\/profaj.co\/miknatis\/tr\/urun\/manyetik-filtreler\/","og_locale":"tr_TR","og_type":"article","og_title":"Manyetik Filtreler","og_description":"Manyetik filtre, malzemeyi temiz tutmak ve sonraki \u00fcretim ekipman\u0131n\u0131 korumak i\u00e7in demirli i\u00e7erikleri ve di\u011fer ferromanyetik par\u00e7ac\u0131klar\u0131 gidermek i\u00e7in farkl\u0131 viskoziteye sahip; kimyasal \u00e7amur, boya, \u015feker, ya\u011f, re\u00e7el, \u00e7ikolata\u00a0v.b. ak\u0131\u015fkan ya da yar\u0131 ak\u0131\u015fkanlarda\u00a0kullan\u0131l\u0131r.","og_url":"https:\/\/profaj.co\/miknatis\/tr\/urun\/manyetik-filtreler\/","og_site_name":"M\u0131knat\u0131s Ar-Ge","article_modified_time":"2024-05-16T14:41:36+00:00","og_image":[{"width":1000,"height":1000,"url":"https:\/\/profaj.co\/miknatis\/wp-content\/uploads\/2024\/05\/miknatis-arge_64268c32ce5e0.jpg","type":"image\/jpeg"}],"twitter_card":"summary_large_image","twitter_misc":{"Tahmini okuma s\u00fcresi":"2 dakika"},"schema":{"@context":"https:\/\/schema.org","@graph":[{"@type":"WebPage","@id":"https:\/\/profaj.co\/miknatis\/tr\/urun\/manyetik-filtreler\/","url":"https:\/\/profaj.co\/miknatis\/tr\/urun\/manyetik-filtreler\/","name":"Manyetik Filtreler - M\u0131knat\u0131s Ar-Ge","isPartOf":{"@id":"https:\/\/profaj.co\/miknatis\/#website"},"datePublished":"2024-05-16T14:36:13+00:00","dateModified":"2024-05-16T14:41:36+00:00","breadcrumb":{"@id":"https:\/\/profaj.co\/miknatis\/tr\/urun\/manyetik-filtreler\/#breadcrumb"},"inLanguage":"tr","potentialAction":[{"@type":"ReadAction","target":["https:\/\/profaj.co\/miknatis\/tr\/urun\/manyetik-filtreler\/"]}]},{"@type":"BreadcrumbList","@id":"https:\/\/profaj.co\/miknatis\/tr\/urun\/manyetik-filtreler\/#breadcrumb","itemListElement":[{"@type":"ListItem","position":1,"name":"Anasayfa","item":"https:\/\/profaj.co\/miknatis\/tr\/anasayfa\/"},{"@type":"ListItem","position":2,"name":"\u00dcr\u00fcnler","item":"https:\/\/profaj.co\/miknatis\/tr\/urunler\/"},{"@type":"ListItem","position":3,"name":"Manyetik Filtreler"}]},{"@type":"WebSite","@id":"https:\/\/profaj.co\/miknatis\/#website","url":"https:\/\/profaj.co\/miknatis\/","name":"M\u0131knat\u0131s Ar-Ge","description":"","publisher":{"@id":"https:\/\/profaj.co\/miknatis\/#organization"},"potentialAction":[{"@type":"SearchAction","target":{"@type":"EntryPoint","urlTemplate":"https:\/\/profaj.co\/miknatis\/?s={search_term_string}"},"query-input":"required name=search_term_string"}],"inLanguage":"tr"},{"@type":"Organization","@id":"https:\/\/profaj.co\/miknatis\/#organization","name":"M\u0131knat\u0131s Ar-Ge","url":"https:\/\/profaj.co\/miknatis\/","logo":{"@type":"ImageObject","inLanguage":"tr","@id":"https:\/\/profaj.co\/miknatis\/#\/schema\/logo\/image\/","url":"https:\/\/profaj.co\/miknatis\/wp-content\/uploads\/2023\/12\/logo-white.webp","contentUrl":"https:\/\/profaj.co\/miknatis\/wp-content\/uploads\/2023\/12\/logo-white.webp","width":300,"height":266,"caption":"M\u0131knat\u0131s Ar-Ge"},"image":{"@id":"https:\/\/profaj.co\/miknatis\/#\/schema\/logo\/image\/"}}]}},"lang":"tr","translations":{"tr":6825,"en":7235},"pll_sync_post":[],"_links":{"self":[{"href":"https:\/\/profaj.co\/miknatis\/wp-json\/wp\/v2\/product\/6825","targetHints":{"allow":["GET"]}}],"collection":[{"href":"https:\/\/profaj.co\/miknatis\/wp-json\/wp\/v2\/product"}],"about":[{"href":"https:\/\/profaj.co\/miknatis\/wp-json\/wp\/v2\/types\/product"}],"wp:featuredmedia":[{"embeddable":true,"href":"https:\/\/profaj.co\/miknatis\/wp-json\/wp\/v2\/media\/6834"}],"wp:attachment":[{"href":"https:\/\/profaj.co\/miknatis\/wp-json\/wp\/v2\/media?parent=6825"}],"wp:term":[{"taxonomy":"product_cat","embeddable":true,"href":"https:\/\/profaj.co\/miknatis\/wp-json\/wp\/v2\/product_cat?post=6825"},{"taxonomy":"product_tag","embeddable":true,"href":"https:\/\/profaj.co\/miknatis\/wp-json\/wp\/v2\/product_tag?post=6825"}],"curies":[{"name":"wp","href":"https:\/\/api.w.org\/{rel}","templated":true}]}}