{"id":6843,"date":"2024-05-16T17:41:51","date_gmt":"2024-05-16T14:41:51","guid":{"rendered":"https:\/\/profaj.co\/miknatis\/?post_type=product&#038;p=6843"},"modified":"2024-05-16T17:43:55","modified_gmt":"2024-05-16T14:43:55","slug":"cift-cidarli-manyetik-filtreler","status":"publish","type":"product","link":"https:\/\/profaj.co\/miknatis\/tr\/urun\/cift-cidarli-manyetik-filtreler\/","title":{"rendered":"\u00c7ift Cidarl\u0131 Manyetik Filtreler"},"content":{"rendered":"<p>Manyetik filtre, malzemeyi temiz tutmak ve sonraki \u00fcretim ekipman\u0131n\u0131 korumak i\u00e7in demirli i\u00e7erikleri ve di\u011fer ferromanyetik par\u00e7ac\u0131klar\u0131 gidermek i\u00e7in farkl\u0131 viskoziteye sahip; kimyasal \u00e7amur, boya, \u015feker, ya\u011f, re\u00e7el, \u00e7ikolata\u00a0v.b. ak\u0131\u015fkan ya da yar\u0131 ak\u0131\u015fkanlarda\u00a0kullan\u0131l\u0131r.<\/p>\n<p>\u00c7ift Cidarl\u0131 Manyetik Filtreler;\u00a0s\u0131v\u0131 ya da y\u00fcksek yo\u011funluklu s\u0131v\u0131lar\u0131n \u0131s\u0131 koruma gereksinimlerini sa\u011flamak i\u00e7in su, ya\u011f ve di\u011fer termal yal\u0131t\u0131m malzemeleri ile doldurulabilen bir ara katman bulunmaktad\u0131r. \u00c7ikolata, re\u00e7el, \u015furup veya di\u011fer y\u00fcksek yo\u011funluklu s\u0131v\u0131lar i\u00e7in ideal bir se\u00e7imdir.<\/p>\n<p>Manyetik s\u0131v\u0131 tutucu filtrelerin\u00a0ana yap\u0131s\u0131 cihaz \u00fczerine sabitlenmi\u015f ayn\u0131 zamanda s\u00f6k\u00fclebilir manyetik \u00e7ubuklard\u0131r. Bu manyetik \u00e7ubuklardan s\u0131v\u0131 veya yar\u0131 ak\u0131\u015fkan akt\u0131\u011f\u0131nda, y\u00fczeyde k\u00fc\u00e7\u00fck demirli i\u00e7erikler tutulur olur ve d\u00fczenli temizlik ile \u00fcr\u00fcn\u00fcn safl\u0131\u011f\u0131 sa\u011flan\u0131r. Bu manyetik \u00e7ubuklar kullan\u0131m yerine g\u00f6re Neodyum nadir toprak m\u0131knat\u0131slar\u0131ndan ya da seramik &#8211; ferrit m\u0131nat\u0131slardan\u00a0yap\u0131lm\u0131\u015ft\u0131r.<\/p>\n<p>Bu modellerde manyetik at\u0131klar\u0131n temizlenmesi i\u00e7in \u00e7al\u0131\u015fan sistem durdurulur, elle kolayca a\u00e7\u0131labilen kapak a\u00e7\u0131l\u0131r ve \u00e7ubuklar\u0131n \u00fcst\u00fcndeki at\u0131klar f\u0131r\u00e7a ve eldiven yard\u0131m\u0131 ile al\u0131n\u0131r.<\/p>\n<p><strong><em>M\u00fc\u015fteri isteklerine g\u00f6re; \u00f6zel \u00f6l\u00e7\u00fclerde,\u00a0daha y\u00fcksek bas\u0131n\u00e7lara ve s\u0131cakl\u0131klara dayanacak \u015fekilde de yap\u0131labilir. L\u00fctfen ileti\u015fime ge\u00e7iniz.<\/em><\/strong><\/p>\n","protected":false},"excerpt":{"rendered":"<p>Manyetik filtre, malzemeyi temiz tutmak ve sonraki \u00fcretim ekipman\u0131n\u0131 korumak i\u00e7in demirli i\u00e7erikleri ve di\u011fer ferromanyetik par\u00e7ac\u0131klar\u0131 gidermek i\u00e7in farkl\u0131 viskoziteye sahip; kimyasal \u00e7amur, boya, \u015feker, ya\u011f, re\u00e7el, \u00e7ikolata\u00a0v.b. ak\u0131\u015fkan ya da yar\u0131 ak\u0131\u015fkanlarda\u00a0kullan\u0131l\u0131r.<\/p>\n","protected":false},"featured_media":6845,"template":"","meta":[],"product_cat":[58,62],"product_tag":[],"class_list":["post-6843","product","type-product","status-publish","has-post-thumbnail","hentry","product_cat-manyetik-separasyon","product_cat-manyetik-filtreler"],"acf":[],"yoast_head":"<!-- This site is optimized with the Yoast SEO Premium plugin v22.1 (Yoast SEO v22.1) - https:\/\/yoast.com\/wordpress\/plugins\/seo\/ -->\n<title>\u00c7ift Cidarl\u0131 Manyetik Filtreler - M\u0131knat\u0131s Ar-Ge<\/title>\n<meta name=\"robots\" content=\"index, follow, max-snippet:-1, max-image-preview:large, max-video-preview:-1\" \/>\n<link rel=\"canonical\" href=\"https:\/\/profaj.co\/miknatis\/tr\/urun\/cift-cidarli-manyetik-filtreler\/\" \/>\n<meta property=\"og:locale\" content=\"tr_TR\" \/>\n<meta property=\"og:type\" content=\"article\" \/>\n<meta property=\"og:title\" content=\"\u00c7ift Cidarl\u0131 Manyetik Filtreler\" \/>\n<meta property=\"og:description\" content=\"Manyetik filtre, malzemeyi temiz tutmak ve sonraki \u00fcretim ekipman\u0131n\u0131 korumak i\u00e7in demirli i\u00e7erikleri ve di\u011fer ferromanyetik par\u00e7ac\u0131klar\u0131 gidermek i\u00e7in farkl\u0131 viskoziteye sahip; kimyasal \u00e7amur, boya, \u015feker, ya\u011f, re\u00e7el, \u00e7ikolata\u00a0v.b. ak\u0131\u015fkan ya da yar\u0131 ak\u0131\u015fkanlarda\u00a0kullan\u0131l\u0131r.\" \/>\n<meta property=\"og:url\" content=\"https:\/\/profaj.co\/miknatis\/tr\/urun\/cift-cidarli-manyetik-filtreler\/\" \/>\n<meta property=\"og:site_name\" content=\"M\u0131knat\u0131s Ar-Ge\" \/>\n<meta property=\"article:modified_time\" content=\"2024-05-16T14:43:55+00:00\" \/>\n<meta property=\"og:image\" content=\"https:\/\/profaj.co\/miknatis\/wp-content\/uploads\/2024\/05\/miknatis-arge_6257079ce5c76.jpg\" \/>\n\t<meta property=\"og:image:width\" content=\"1500\" \/>\n\t<meta property=\"og:image:height\" content=\"1500\" \/>\n\t<meta property=\"og:image:type\" content=\"image\/jpeg\" \/>\n<meta name=\"twitter:card\" content=\"summary_large_image\" \/>\n<meta name=\"twitter:label1\" content=\"Tahmini okuma s\u00fcresi\" \/>\n\t<meta name=\"twitter:data1\" content=\"1 dakika\" \/>\n<script type=\"application\/ld+json\" class=\"yoast-schema-graph\">{\"@context\":\"https:\/\/schema.org\",\"@graph\":[{\"@type\":\"WebPage\",\"@id\":\"https:\/\/profaj.co\/miknatis\/tr\/urun\/cift-cidarli-manyetik-filtreler\/\",\"url\":\"https:\/\/profaj.co\/miknatis\/tr\/urun\/cift-cidarli-manyetik-filtreler\/\",\"name\":\"\u00c7ift Cidarl\u0131 Manyetik Filtreler - M\u0131knat\u0131s Ar-Ge\",\"isPartOf\":{\"@id\":\"https:\/\/profaj.co\/miknatis\/#website\"},\"datePublished\":\"2024-05-16T14:41:51+00:00\",\"dateModified\":\"2024-05-16T14:43:55+00:00\",\"breadcrumb\":{\"@id\":\"https:\/\/profaj.co\/miknatis\/tr\/urun\/cift-cidarli-manyetik-filtreler\/#breadcrumb\"},\"inLanguage\":\"tr\",\"potentialAction\":[{\"@type\":\"ReadAction\",\"target\":[\"https:\/\/profaj.co\/miknatis\/tr\/urun\/cift-cidarli-manyetik-filtreler\/\"]}]},{\"@type\":\"BreadcrumbList\",\"@id\":\"https:\/\/profaj.co\/miknatis\/tr\/urun\/cift-cidarli-manyetik-filtreler\/#breadcrumb\",\"itemListElement\":[{\"@type\":\"ListItem\",\"position\":1,\"name\":\"Anasayfa\",\"item\":\"https:\/\/profaj.co\/miknatis\/tr\/anasayfa\/\"},{\"@type\":\"ListItem\",\"position\":2,\"name\":\"\u00dcr\u00fcnler\",\"item\":\"https:\/\/profaj.co\/miknatis\/tr\/urunler\/\"},{\"@type\":\"ListItem\",\"position\":3,\"name\":\"\u00c7ift Cidarl\u0131 Manyetik Filtreler\"}]},{\"@type\":\"WebSite\",\"@id\":\"https:\/\/profaj.co\/miknatis\/#website\",\"url\":\"https:\/\/profaj.co\/miknatis\/\",\"name\":\"M\u0131knat\u0131s Ar-Ge\",\"description\":\"\",\"publisher\":{\"@id\":\"https:\/\/profaj.co\/miknatis\/#organization\"},\"potentialAction\":[{\"@type\":\"SearchAction\",\"target\":{\"@type\":\"EntryPoint\",\"urlTemplate\":\"https:\/\/profaj.co\/miknatis\/?s={search_term_string}\"},\"query-input\":\"required name=search_term_string\"}],\"inLanguage\":\"tr\"},{\"@type\":\"Organization\",\"@id\":\"https:\/\/profaj.co\/miknatis\/#organization\",\"name\":\"M\u0131knat\u0131s Ar-Ge\",\"url\":\"https:\/\/profaj.co\/miknatis\/\",\"logo\":{\"@type\":\"ImageObject\",\"inLanguage\":\"tr\",\"@id\":\"https:\/\/profaj.co\/miknatis\/#\/schema\/logo\/image\/\",\"url\":\"https:\/\/profaj.co\/miknatis\/wp-content\/uploads\/2023\/12\/logo-white.webp\",\"contentUrl\":\"https:\/\/profaj.co\/miknatis\/wp-content\/uploads\/2023\/12\/logo-white.webp\",\"width\":300,\"height\":266,\"caption\":\"M\u0131knat\u0131s Ar-Ge\"},\"image\":{\"@id\":\"https:\/\/profaj.co\/miknatis\/#\/schema\/logo\/image\/\"}}]}<\/script>\n<!-- \/ Yoast SEO Premium plugin. -->","yoast_head_json":{"title":"\u00c7ift Cidarl\u0131 Manyetik Filtreler - M\u0131knat\u0131s Ar-Ge","robots":{"index":"index","follow":"follow","max-snippet":"max-snippet:-1","max-image-preview":"max-image-preview:large","max-video-preview":"max-video-preview:-1"},"canonical":"https:\/\/profaj.co\/miknatis\/tr\/urun\/cift-cidarli-manyetik-filtreler\/","og_locale":"tr_TR","og_type":"article","og_title":"\u00c7ift Cidarl\u0131 Manyetik Filtreler","og_description":"Manyetik filtre, malzemeyi temiz tutmak ve sonraki \u00fcretim ekipman\u0131n\u0131 korumak i\u00e7in demirli i\u00e7erikleri ve di\u011fer ferromanyetik par\u00e7ac\u0131klar\u0131 gidermek i\u00e7in farkl\u0131 viskoziteye sahip; kimyasal \u00e7amur, boya, \u015feker, ya\u011f, re\u00e7el, \u00e7ikolata\u00a0v.b. ak\u0131\u015fkan ya da yar\u0131 ak\u0131\u015fkanlarda\u00a0kullan\u0131l\u0131r.","og_url":"https:\/\/profaj.co\/miknatis\/tr\/urun\/cift-cidarli-manyetik-filtreler\/","og_site_name":"M\u0131knat\u0131s Ar-Ge","article_modified_time":"2024-05-16T14:43:55+00:00","og_image":[{"width":1500,"height":1500,"url":"https:\/\/profaj.co\/miknatis\/wp-content\/uploads\/2024\/05\/miknatis-arge_6257079ce5c76.jpg","type":"image\/jpeg"}],"twitter_card":"summary_large_image","twitter_misc":{"Tahmini okuma s\u00fcresi":"1 dakika"},"schema":{"@context":"https:\/\/schema.org","@graph":[{"@type":"WebPage","@id":"https:\/\/profaj.co\/miknatis\/tr\/urun\/cift-cidarli-manyetik-filtreler\/","url":"https:\/\/profaj.co\/miknatis\/tr\/urun\/cift-cidarli-manyetik-filtreler\/","name":"\u00c7ift Cidarl\u0131 Manyetik Filtreler - M\u0131knat\u0131s Ar-Ge","isPartOf":{"@id":"https:\/\/profaj.co\/miknatis\/#website"},"datePublished":"2024-05-16T14:41:51+00:00","dateModified":"2024-05-16T14:43:55+00:00","breadcrumb":{"@id":"https:\/\/profaj.co\/miknatis\/tr\/urun\/cift-cidarli-manyetik-filtreler\/#breadcrumb"},"inLanguage":"tr","potentialAction":[{"@type":"ReadAction","target":["https:\/\/profaj.co\/miknatis\/tr\/urun\/cift-cidarli-manyetik-filtreler\/"]}]},{"@type":"BreadcrumbList","@id":"https:\/\/profaj.co\/miknatis\/tr\/urun\/cift-cidarli-manyetik-filtreler\/#breadcrumb","itemListElement":[{"@type":"ListItem","position":1,"name":"Anasayfa","item":"https:\/\/profaj.co\/miknatis\/tr\/anasayfa\/"},{"@type":"ListItem","position":2,"name":"\u00dcr\u00fcnler","item":"https:\/\/profaj.co\/miknatis\/tr\/urunler\/"},{"@type":"ListItem","position":3,"name":"\u00c7ift Cidarl\u0131 Manyetik Filtreler"}]},{"@type":"WebSite","@id":"https:\/\/profaj.co\/miknatis\/#website","url":"https:\/\/profaj.co\/miknatis\/","name":"M\u0131knat\u0131s Ar-Ge","description":"","publisher":{"@id":"https:\/\/profaj.co\/miknatis\/#organization"},"potentialAction":[{"@type":"SearchAction","target":{"@type":"EntryPoint","urlTemplate":"https:\/\/profaj.co\/miknatis\/?s={search_term_string}"},"query-input":"required name=search_term_string"}],"inLanguage":"tr"},{"@type":"Organization","@id":"https:\/\/profaj.co\/miknatis\/#organization","name":"M\u0131knat\u0131s Ar-Ge","url":"https:\/\/profaj.co\/miknatis\/","logo":{"@type":"ImageObject","inLanguage":"tr","@id":"https:\/\/profaj.co\/miknatis\/#\/schema\/logo\/image\/","url":"https:\/\/profaj.co\/miknatis\/wp-content\/uploads\/2023\/12\/logo-white.webp","contentUrl":"https:\/\/profaj.co\/miknatis\/wp-content\/uploads\/2023\/12\/logo-white.webp","width":300,"height":266,"caption":"M\u0131knat\u0131s Ar-Ge"},"image":{"@id":"https:\/\/profaj.co\/miknatis\/#\/schema\/logo\/image\/"}}]}},"lang":"tr","translations":{"tr":6843,"en":7243},"pll_sync_post":[],"_links":{"self":[{"href":"https:\/\/profaj.co\/miknatis\/wp-json\/wp\/v2\/product\/6843","targetHints":{"allow":["GET"]}}],"collection":[{"href":"https:\/\/profaj.co\/miknatis\/wp-json\/wp\/v2\/product"}],"about":[{"href":"https:\/\/profaj.co\/miknatis\/wp-json\/wp\/v2\/types\/product"}],"wp:featuredmedia":[{"embeddable":true,"href":"https:\/\/profaj.co\/miknatis\/wp-json\/wp\/v2\/media\/6845"}],"wp:attachment":[{"href":"https:\/\/profaj.co\/miknatis\/wp-json\/wp\/v2\/media?parent=6843"}],"wp:term":[{"taxonomy":"product_cat","embeddable":true,"href":"https:\/\/profaj.co\/miknatis\/wp-json\/wp\/v2\/product_cat?post=6843"},{"taxonomy":"product_tag","embeddable":true,"href":"https:\/\/profaj.co\/miknatis\/wp-json\/wp\/v2\/product_tag?post=6843"}],"curies":[{"name":"wp","href":"https:\/\/api.w.org\/{rel}","templated":true}]}}