{"id":6847,"date":"2024-05-16T17:47:19","date_gmt":"2024-05-16T14:47:19","guid":{"rendered":"https:\/\/profaj.co\/miknatis\/?post_type=product&#038;p=6847"},"modified":"2024-05-16T17:53:54","modified_gmt":"2024-05-16T14:53:54","slug":"kolay-temizlenebilir-manyetik-filtreler","status":"publish","type":"product","link":"https:\/\/profaj.co\/miknatis\/tr\/urun\/kolay-temizlenebilir-manyetik-filtreler\/","title":{"rendered":"Kolay Temizlenebilir Manyetik Filtreler"},"content":{"rendered":"<p><img fetchpriority=\"high\" decoding=\"async\" class=\"alignnone size-full wp-image-6855\" src=\"https:\/\/profaj.co\/miknatis\/wp-content\/uploads\/2024\/05\/200433962.jpg\" alt=\"\" width=\"670\" height=\"250\" srcset=\"https:\/\/profaj.co\/miknatis\/wp-content\/uploads\/2024\/05\/200433962.jpg 670w, https:\/\/profaj.co\/miknatis\/wp-content\/uploads\/2024\/05\/200433962-300x112.jpg 300w, https:\/\/profaj.co\/miknatis\/wp-content\/uploads\/2024\/05\/200433962-600x224.jpg 600w\" sizes=\"(max-width: 670px) 100vw, 670px\" \/> <img decoding=\"async\" class=\"alignnone wp-image-6858 size-medium\" src=\"https:\/\/profaj.co\/miknatis\/wp-content\/uploads\/2024\/05\/1604512135-246x300.jpg\" alt=\"\" width=\"246\" height=\"300\" srcset=\"https:\/\/profaj.co\/miknatis\/wp-content\/uploads\/2024\/05\/1604512135-246x300.jpg 246w, https:\/\/profaj.co\/miknatis\/wp-content\/uploads\/2024\/05\/1604512135.jpg 500w\" sizes=\"(max-width: 246px) 100vw, 246px\" \/> <img decoding=\"async\" class=\"alignnone size-full wp-image-6859\" src=\"https:\/\/profaj.co\/miknatis\/wp-content\/uploads\/2024\/05\/427632688.jpg\" alt=\"\" width=\"312\" height=\"250\" srcset=\"https:\/\/profaj.co\/miknatis\/wp-content\/uploads\/2024\/05\/427632688.jpg 312w, https:\/\/profaj.co\/miknatis\/wp-content\/uploads\/2024\/05\/427632688-300x240.jpg 300w\" sizes=\"(max-width: 312px) 100vw, 312px\" \/><br \/>\nManyetik filtre, malzemeyi temiz tutmak ve sonraki \u00fcretim ekipman\u0131n\u0131 korumak i\u00e7in demirli i\u00e7erikleri ve di\u011fer ferromanyetik par\u00e7ac\u0131klar\u0131 gidermek i\u00e7in farkl\u0131 viskoziteye sahip; kimyasal \u00e7amur, boya, \u015feker, ya\u011f, re\u00e7el, \u00e7ikolata\u00a0v.b. ak\u0131\u015fkan ya da yar\u0131 ak\u0131\u015fkanlarda\u00a0kullan\u0131l\u0131r.<\/p>\n<p>Manyetik s\u0131v\u0131 tutucu filtrelerin\u00a0ana yap\u0131s\u0131 cihaz \u00fczerine sabitlenmi\u015f ayn\u0131 zamanda s\u00f6k\u00fclebilir manyetik \u00e7ubuklard\u0131r. Bu manyetik \u00e7ubuklardan s\u0131v\u0131 veya yar\u0131 ak\u0131\u015fkan akt\u0131\u011f\u0131nda, y\u00fczeyde k\u00fc\u00e7\u00fck demirli i\u00e7erikler tutulur olur ve d\u00fczenli temizlik ile \u00fcr\u00fcn\u00fcn safl\u0131\u011f\u0131 sa\u011flan\u0131r. Bu manyetik \u00e7ubuklar kullan\u0131m yerine g\u00f6re Neodyum nadir toprak m\u0131knat\u0131slar\u0131ndan ya da seramik &#8211; ferrit m\u0131nat\u0131slardan\u00a0yap\u0131lm\u0131\u015ft\u0131r.<\/p>\n<p>K\u0131l\u0131fl\u0131 sistem sayesinde mikronize boyuttaki ferromanyetik at\u0131klar\u0131 ve demir partik\u00fcllerini kolay temizleme olana\u011f\u0131 sa\u011flar. Daha kolay ve daha g\u00fcvenli temizleme imkan\u0131 sa\u011flar.<\/p>\n<p>\u00d6zellikle g\u0131da sekt\u00f6r\u00fcnde, sa\u011fl\u0131k i\u00e7in paslanmaz \u00e7elik malzemelerden imal edilen bu separat\u00f6rler, s\u0131zd\u0131rmazl\u0131k \u00f6zelli\u011fi ile g\u00fcvenle kullanabilir.<\/p>\n<p><strong><em>M\u00fc\u015fteri isteklerine g\u00f6re; \u00f6zel \u00f6l\u00e7\u00fclerde,\u00a0daha y\u00fcksek bas\u0131n\u00e7lara ve s\u0131cakl\u0131klara dayanacak \u015fekilde de yap\u0131labilir. L\u00fctfen ileti\u015fime ge\u00e7iniz.<br \/>\n<img loading=\"lazy\" decoding=\"async\" class=\"alignnone size-full wp-image-6861\" src=\"https:\/\/profaj.co\/miknatis\/wp-content\/uploads\/2024\/05\/662374534.jpg\" alt=\"\" width=\"274\" height=\"250\" \/> <img loading=\"lazy\" decoding=\"async\" class=\"alignnone size-full wp-image-6860\" src=\"https:\/\/profaj.co\/miknatis\/wp-content\/uploads\/2024\/05\/1391757964.jpg\" alt=\"\" width=\"344\" height=\"206\" srcset=\"https:\/\/profaj.co\/miknatis\/wp-content\/uploads\/2024\/05\/1391757964.jpg 344w, https:\/\/profaj.co\/miknatis\/wp-content\/uploads\/2024\/05\/1391757964-300x180.jpg 300w\" sizes=\"(max-width: 344px) 100vw, 344px\" \/> <img decoding=\"async\" class=\"alignnone size-full wp-image-6859\" src=\"https:\/\/profaj.co\/miknatis\/wp-content\/uploads\/2024\/05\/427632688.jpg\" alt=\"\" width=\"312\" height=\"250\" srcset=\"https:\/\/profaj.co\/miknatis\/wp-content\/uploads\/2024\/05\/427632688.jpg 312w, https:\/\/profaj.co\/miknatis\/wp-content\/uploads\/2024\/05\/427632688-300x240.jpg 300w\" sizes=\"(max-width: 312px) 100vw, 312px\" \/><br \/>\n<\/em><\/strong><\/p>\n","protected":false},"excerpt":{"rendered":"<p>Manyetik filtre, malzemeyi temiz tutmak ve sonraki \u00fcretim ekipman\u0131n\u0131 korumak i\u00e7in demirli i\u00e7erikleri ve di\u011fer ferromanyetik par\u00e7ac\u0131klar\u0131 gidermek i\u00e7in farkl\u0131 viskoziteye sahip; kimyasal \u00e7amur, boya, \u015feker, ya\u011f, re\u00e7el, \u00e7ikolata\u00a0v.b. ak\u0131\u015fkan ya da yar\u0131 ak\u0131\u015fkanlarda\u00a0kullan\u0131l\u0131r.<\/p>\n","protected":false},"featured_media":6848,"template":"","meta":[],"product_cat":[58,62],"product_tag":[],"class_list":["post-6847","product","type-product","status-publish","has-post-thumbnail","hentry","product_cat-manyetik-separasyon","product_cat-manyetik-filtreler"],"acf":[],"yoast_head":"<!-- This site is optimized with the Yoast SEO Premium plugin v22.1 (Yoast SEO v22.1) - https:\/\/yoast.com\/wordpress\/plugins\/seo\/ -->\n<title>Kolay Temizlenebilir Manyetik Filtreler - M\u0131knat\u0131s Ar-Ge<\/title>\n<meta name=\"robots\" content=\"index, follow, max-snippet:-1, max-image-preview:large, max-video-preview:-1\" \/>\n<link rel=\"canonical\" href=\"https:\/\/profaj.co\/miknatis\/tr\/urun\/kolay-temizlenebilir-manyetik-filtreler\/\" \/>\n<meta property=\"og:locale\" content=\"tr_TR\" \/>\n<meta property=\"og:type\" content=\"article\" \/>\n<meta property=\"og:title\" content=\"Kolay Temizlenebilir Manyetik Filtreler\" \/>\n<meta property=\"og:description\" content=\"Manyetik filtre, malzemeyi temiz tutmak ve sonraki \u00fcretim ekipman\u0131n\u0131 korumak i\u00e7in demirli i\u00e7erikleri ve di\u011fer ferromanyetik par\u00e7ac\u0131klar\u0131 gidermek i\u00e7in farkl\u0131 viskoziteye sahip; kimyasal \u00e7amur, boya, \u015feker, ya\u011f, re\u00e7el, \u00e7ikolata\u00a0v.b. ak\u0131\u015fkan ya da yar\u0131 ak\u0131\u015fkanlarda\u00a0kullan\u0131l\u0131r.\" \/>\n<meta property=\"og:url\" content=\"https:\/\/profaj.co\/miknatis\/tr\/urun\/kolay-temizlenebilir-manyetik-filtreler\/\" \/>\n<meta property=\"og:site_name\" content=\"M\u0131knat\u0131s Ar-Ge\" \/>\n<meta property=\"article:modified_time\" content=\"2024-05-16T14:53:54+00:00\" \/>\n<meta property=\"og:image\" content=\"https:\/\/profaj.co\/miknatis\/wp-content\/uploads\/2024\/05\/miknatis-arge_6256ee0ebff1b.jpg\" \/>\n\t<meta property=\"og:image:width\" content=\"1500\" \/>\n\t<meta property=\"og:image:height\" content=\"1500\" \/>\n\t<meta property=\"og:image:type\" content=\"image\/jpeg\" \/>\n<meta name=\"twitter:card\" content=\"summary_large_image\" \/>\n<meta name=\"twitter:label1\" content=\"Tahmini okuma s\u00fcresi\" \/>\n\t<meta name=\"twitter:data1\" content=\"1 dakika\" \/>\n<script type=\"application\/ld+json\" class=\"yoast-schema-graph\">{\"@context\":\"https:\/\/schema.org\",\"@graph\":[{\"@type\":\"WebPage\",\"@id\":\"https:\/\/profaj.co\/miknatis\/tr\/urun\/kolay-temizlenebilir-manyetik-filtreler\/\",\"url\":\"https:\/\/profaj.co\/miknatis\/tr\/urun\/kolay-temizlenebilir-manyetik-filtreler\/\",\"name\":\"Kolay Temizlenebilir Manyetik Filtreler - M\u0131knat\u0131s Ar-Ge\",\"isPartOf\":{\"@id\":\"https:\/\/profaj.co\/miknatis\/#website\"},\"datePublished\":\"2024-05-16T14:47:19+00:00\",\"dateModified\":\"2024-05-16T14:53:54+00:00\",\"breadcrumb\":{\"@id\":\"https:\/\/profaj.co\/miknatis\/tr\/urun\/kolay-temizlenebilir-manyetik-filtreler\/#breadcrumb\"},\"inLanguage\":\"tr\",\"potentialAction\":[{\"@type\":\"ReadAction\",\"target\":[\"https:\/\/profaj.co\/miknatis\/tr\/urun\/kolay-temizlenebilir-manyetik-filtreler\/\"]}]},{\"@type\":\"BreadcrumbList\",\"@id\":\"https:\/\/profaj.co\/miknatis\/tr\/urun\/kolay-temizlenebilir-manyetik-filtreler\/#breadcrumb\",\"itemListElement\":[{\"@type\":\"ListItem\",\"position\":1,\"name\":\"Anasayfa\",\"item\":\"https:\/\/profaj.co\/miknatis\/tr\/anasayfa\/\"},{\"@type\":\"ListItem\",\"position\":2,\"name\":\"\u00dcr\u00fcnler\",\"item\":\"https:\/\/profaj.co\/miknatis\/tr\/urunler\/\"},{\"@type\":\"ListItem\",\"position\":3,\"name\":\"Kolay Temizlenebilir Manyetik Filtreler\"}]},{\"@type\":\"WebSite\",\"@id\":\"https:\/\/profaj.co\/miknatis\/#website\",\"url\":\"https:\/\/profaj.co\/miknatis\/\",\"name\":\"M\u0131knat\u0131s Ar-Ge\",\"description\":\"\",\"publisher\":{\"@id\":\"https:\/\/profaj.co\/miknatis\/#organization\"},\"potentialAction\":[{\"@type\":\"SearchAction\",\"target\":{\"@type\":\"EntryPoint\",\"urlTemplate\":\"https:\/\/profaj.co\/miknatis\/?s={search_term_string}\"},\"query-input\":\"required name=search_term_string\"}],\"inLanguage\":\"tr\"},{\"@type\":\"Organization\",\"@id\":\"https:\/\/profaj.co\/miknatis\/#organization\",\"name\":\"M\u0131knat\u0131s Ar-Ge\",\"url\":\"https:\/\/profaj.co\/miknatis\/\",\"logo\":{\"@type\":\"ImageObject\",\"inLanguage\":\"tr\",\"@id\":\"https:\/\/profaj.co\/miknatis\/#\/schema\/logo\/image\/\",\"url\":\"https:\/\/profaj.co\/miknatis\/wp-content\/uploads\/2023\/12\/logo-white.webp\",\"contentUrl\":\"https:\/\/profaj.co\/miknatis\/wp-content\/uploads\/2023\/12\/logo-white.webp\",\"width\":300,\"height\":266,\"caption\":\"M\u0131knat\u0131s Ar-Ge\"},\"image\":{\"@id\":\"https:\/\/profaj.co\/miknatis\/#\/schema\/logo\/image\/\"}}]}<\/script>\n<!-- \/ Yoast SEO Premium plugin. -->","yoast_head_json":{"title":"Kolay Temizlenebilir Manyetik Filtreler - M\u0131knat\u0131s Ar-Ge","robots":{"index":"index","follow":"follow","max-snippet":"max-snippet:-1","max-image-preview":"max-image-preview:large","max-video-preview":"max-video-preview:-1"},"canonical":"https:\/\/profaj.co\/miknatis\/tr\/urun\/kolay-temizlenebilir-manyetik-filtreler\/","og_locale":"tr_TR","og_type":"article","og_title":"Kolay Temizlenebilir Manyetik Filtreler","og_description":"Manyetik filtre, malzemeyi temiz tutmak ve sonraki \u00fcretim ekipman\u0131n\u0131 korumak i\u00e7in demirli i\u00e7erikleri ve di\u011fer ferromanyetik par\u00e7ac\u0131klar\u0131 gidermek i\u00e7in farkl\u0131 viskoziteye sahip; kimyasal \u00e7amur, boya, \u015feker, ya\u011f, re\u00e7el, \u00e7ikolata\u00a0v.b. ak\u0131\u015fkan ya da yar\u0131 ak\u0131\u015fkanlarda\u00a0kullan\u0131l\u0131r.","og_url":"https:\/\/profaj.co\/miknatis\/tr\/urun\/kolay-temizlenebilir-manyetik-filtreler\/","og_site_name":"M\u0131knat\u0131s Ar-Ge","article_modified_time":"2024-05-16T14:53:54+00:00","og_image":[{"width":1500,"height":1500,"url":"https:\/\/profaj.co\/miknatis\/wp-content\/uploads\/2024\/05\/miknatis-arge_6256ee0ebff1b.jpg","type":"image\/jpeg"}],"twitter_card":"summary_large_image","twitter_misc":{"Tahmini okuma s\u00fcresi":"1 dakika"},"schema":{"@context":"https:\/\/schema.org","@graph":[{"@type":"WebPage","@id":"https:\/\/profaj.co\/miknatis\/tr\/urun\/kolay-temizlenebilir-manyetik-filtreler\/","url":"https:\/\/profaj.co\/miknatis\/tr\/urun\/kolay-temizlenebilir-manyetik-filtreler\/","name":"Kolay Temizlenebilir Manyetik Filtreler - M\u0131knat\u0131s Ar-Ge","isPartOf":{"@id":"https:\/\/profaj.co\/miknatis\/#website"},"datePublished":"2024-05-16T14:47:19+00:00","dateModified":"2024-05-16T14:53:54+00:00","breadcrumb":{"@id":"https:\/\/profaj.co\/miknatis\/tr\/urun\/kolay-temizlenebilir-manyetik-filtreler\/#breadcrumb"},"inLanguage":"tr","potentialAction":[{"@type":"ReadAction","target":["https:\/\/profaj.co\/miknatis\/tr\/urun\/kolay-temizlenebilir-manyetik-filtreler\/"]}]},{"@type":"BreadcrumbList","@id":"https:\/\/profaj.co\/miknatis\/tr\/urun\/kolay-temizlenebilir-manyetik-filtreler\/#breadcrumb","itemListElement":[{"@type":"ListItem","position":1,"name":"Anasayfa","item":"https:\/\/profaj.co\/miknatis\/tr\/anasayfa\/"},{"@type":"ListItem","position":2,"name":"\u00dcr\u00fcnler","item":"https:\/\/profaj.co\/miknatis\/tr\/urunler\/"},{"@type":"ListItem","position":3,"name":"Kolay Temizlenebilir Manyetik Filtreler"}]},{"@type":"WebSite","@id":"https:\/\/profaj.co\/miknatis\/#website","url":"https:\/\/profaj.co\/miknatis\/","name":"M\u0131knat\u0131s Ar-Ge","description":"","publisher":{"@id":"https:\/\/profaj.co\/miknatis\/#organization"},"potentialAction":[{"@type":"SearchAction","target":{"@type":"EntryPoint","urlTemplate":"https:\/\/profaj.co\/miknatis\/?s={search_term_string}"},"query-input":"required name=search_term_string"}],"inLanguage":"tr"},{"@type":"Organization","@id":"https:\/\/profaj.co\/miknatis\/#organization","name":"M\u0131knat\u0131s Ar-Ge","url":"https:\/\/profaj.co\/miknatis\/","logo":{"@type":"ImageObject","inLanguage":"tr","@id":"https:\/\/profaj.co\/miknatis\/#\/schema\/logo\/image\/","url":"https:\/\/profaj.co\/miknatis\/wp-content\/uploads\/2023\/12\/logo-white.webp","contentUrl":"https:\/\/profaj.co\/miknatis\/wp-content\/uploads\/2023\/12\/logo-white.webp","width":300,"height":266,"caption":"M\u0131knat\u0131s Ar-Ge"},"image":{"@id":"https:\/\/profaj.co\/miknatis\/#\/schema\/logo\/image\/"}}]}},"lang":"tr","translations":{"tr":6847,"en":7244},"pll_sync_post":[],"_links":{"self":[{"href":"https:\/\/profaj.co\/miknatis\/wp-json\/wp\/v2\/product\/6847","targetHints":{"allow":["GET"]}}],"collection":[{"href":"https:\/\/profaj.co\/miknatis\/wp-json\/wp\/v2\/product"}],"about":[{"href":"https:\/\/profaj.co\/miknatis\/wp-json\/wp\/v2\/types\/product"}],"wp:featuredmedia":[{"embeddable":true,"href":"https:\/\/profaj.co\/miknatis\/wp-json\/wp\/v2\/media\/6848"}],"wp:attachment":[{"href":"https:\/\/profaj.co\/miknatis\/wp-json\/wp\/v2\/media?parent=6847"}],"wp:term":[{"taxonomy":"product_cat","embeddable":true,"href":"https:\/\/profaj.co\/miknatis\/wp-json\/wp\/v2\/product_cat?post=6847"},{"taxonomy":"product_tag","embeddable":true,"href":"https:\/\/profaj.co\/miknatis\/wp-json\/wp\/v2\/product_tag?post=6847"}],"curies":[{"name":"wp","href":"https:\/\/api.w.org\/{rel}","templated":true}]}}