{"id":6862,"date":"2024-05-17T09:50:29","date_gmt":"2024-05-17T06:50:29","guid":{"rendered":"https:\/\/profaj.co\/miknatis\/?post_type=product&#038;p=6862"},"modified":"2024-05-17T09:50:29","modified_gmt":"2024-05-17T06:50:29","slug":"yari-otomatik-manyetik-filtreler","status":"publish","type":"product","link":"https:\/\/profaj.co\/miknatis\/tr\/urun\/yari-otomatik-manyetik-filtreler\/","title":{"rendered":"Yar\u0131 Otomatik Manyetik Filtreler"},"content":{"rendered":"<p>Ferromanyetik (Fe) at\u0131klar\u0131\u00a0insan eli de\u011fmeden belli aral\u0131klarla temizleme kolayl\u0131\u011f\u0131 sa\u011flayan,\u00a0genel end\u00fcstriyel uygulamalar i\u00e7in tasarlanm\u0131\u015f manyetik\u00a0filtrelerdir.<\/p>\n<p>B\u00fcy\u00fck \u00e7aplardaki Manyetik filtreler manuel temizlemek i\u00e7in kald\u0131r\u0131lamayacak kadar a\u011f\u0131rd\u0131r. Bu nedenle hem kolay temizlenebilme hem de i\u015f sa\u011fl\u0131\u011f\u0131 a\u00e7\u0131s\u0131ndan \u00a0Yar\u0131 Otomatik Manyetik Filtre Sistemler tercih edilmektedir.<\/p>\n<p>DN300&#8217;e kadar\u00a0sistem test bas\u0131nc\u0131 10 bar&#8217;a kadar olan hatlardaki s\u0131v\u0131 kar\u0131\u015f\u0131mlar\u00a0ve tozlar\u0131n bas\u0131n\u00e7l\u0131 borulardaki s\u0131v\u0131 ve toz ak\u0131\u015flar\u0131n\u0131zdan\u00a0a\u015f\u0131nm\u0131\u015f kopan oksitli metal par\u00e7ac\u0131klar\u0131 gibi ince demirli kirleticilerin manyetik olarak filtrelenmesi i\u00e7in kullan\u0131lmaktad\u0131r. Bir\u00e7ok end\u00fcstriyel uygulama i\u00e7in uygundur. (G\u0131da , Seramik, Ka\u011f\u0131t hamuru i\u00e7inden \u00e7elik tel \u00e7\u0131kar\u0131lmas\u0131 vb.)<\/p>\n<p><em><strong>Yar\u0131 Otomatik Temizlemeli Manyetik Filtre \u00f6zellikleri;<\/strong><\/em><\/p>\n<ul>\n<li>30 \u00b5m &#8211; 2 mm aras\u0131 Fe partik\u00fcllerini yakalama \u00f6zelli\u011fi,<\/li>\n<li>Flan\u015flar DN50-DN300 (EN 1092-1)<\/li>\n<li>Maks. 10 bar \/ 120 \u00b0C<\/li>\n<li>Pn\u00f6matik boru y\u00fczeyinde \u00f6l\u00e7\u00fclen Manyetik Ak\u0131 Yo\u011funlu\u011fu B: 8500 \u00b1%10\u00a0Gauss<\/li>\n<\/ul>\n","protected":false},"excerpt":{"rendered":"<p>Ferromanyetik (Fe) at\u0131klar\u0131\u00a0insan eli de\u011fmeden belli aral\u0131klarla temizleme kolayl\u0131\u011f\u0131 sa\u011flayan,\u00a0genel end\u00fcstriyel uygulamalar i\u00e7in tasarlanm\u0131\u015f manyetik\u00a0filtrelerdir.<\/p>\n","protected":false},"featured_media":6863,"template":"","meta":[],"product_cat":[62],"product_tag":[],"class_list":["post-6862","product","type-product","status-publish","has-post-thumbnail","hentry","product_cat-manyetik-filtreler"],"acf":[],"yoast_head":"<!-- This site is optimized with the Yoast SEO Premium plugin v22.1 (Yoast SEO v22.1) - https:\/\/yoast.com\/wordpress\/plugins\/seo\/ -->\n<title>Yar\u0131 Otomatik Manyetik Filtreler - M\u0131knat\u0131s Ar-Ge<\/title>\n<meta name=\"robots\" content=\"index, follow, max-snippet:-1, max-image-preview:large, max-video-preview:-1\" \/>\n<link rel=\"canonical\" href=\"https:\/\/profaj.co\/miknatis\/tr\/urun\/yari-otomatik-manyetik-filtreler\/\" \/>\n<meta property=\"og:locale\" content=\"tr_TR\" \/>\n<meta property=\"og:type\" content=\"article\" \/>\n<meta property=\"og:title\" content=\"Yar\u0131 Otomatik Manyetik Filtreler\" \/>\n<meta property=\"og:description\" content=\"Ferromanyetik (Fe) at\u0131klar\u0131\u00a0insan eli de\u011fmeden belli aral\u0131klarla temizleme kolayl\u0131\u011f\u0131 sa\u011flayan,\u00a0genel end\u00fcstriyel uygulamalar i\u00e7in tasarlanm\u0131\u015f manyetik\u00a0filtrelerdir.\" \/>\n<meta property=\"og:url\" content=\"https:\/\/profaj.co\/miknatis\/tr\/urun\/yari-otomatik-manyetik-filtreler\/\" \/>\n<meta property=\"og:site_name\" content=\"M\u0131knat\u0131s Ar-Ge\" \/>\n<meta property=\"og:image\" content=\"https:\/\/profaj.co\/miknatis\/wp-content\/uploads\/2024\/05\/miknatis-arge_6257fffab0b1d.jpg\" \/>\n\t<meta property=\"og:image:width\" content=\"1500\" \/>\n\t<meta property=\"og:image:height\" content=\"1500\" \/>\n\t<meta property=\"og:image:type\" content=\"image\/jpeg\" \/>\n<meta name=\"twitter:card\" content=\"summary_large_image\" \/>\n<meta name=\"twitter:label1\" content=\"Tahmini okuma s\u00fcresi\" \/>\n\t<meta name=\"twitter:data1\" content=\"1 dakika\" \/>\n<script type=\"application\/ld+json\" class=\"yoast-schema-graph\">{\"@context\":\"https:\/\/schema.org\",\"@graph\":[{\"@type\":\"WebPage\",\"@id\":\"https:\/\/profaj.co\/miknatis\/tr\/urun\/yari-otomatik-manyetik-filtreler\/\",\"url\":\"https:\/\/profaj.co\/miknatis\/tr\/urun\/yari-otomatik-manyetik-filtreler\/\",\"name\":\"Yar\u0131 Otomatik Manyetik Filtreler - M\u0131knat\u0131s Ar-Ge\",\"isPartOf\":{\"@id\":\"https:\/\/profaj.co\/miknatis\/#website\"},\"datePublished\":\"2024-05-17T06:50:29+00:00\",\"dateModified\":\"2024-05-17T06:50:29+00:00\",\"breadcrumb\":{\"@id\":\"https:\/\/profaj.co\/miknatis\/tr\/urun\/yari-otomatik-manyetik-filtreler\/#breadcrumb\"},\"inLanguage\":\"tr\",\"potentialAction\":[{\"@type\":\"ReadAction\",\"target\":[\"https:\/\/profaj.co\/miknatis\/tr\/urun\/yari-otomatik-manyetik-filtreler\/\"]}]},{\"@type\":\"BreadcrumbList\",\"@id\":\"https:\/\/profaj.co\/miknatis\/tr\/urun\/yari-otomatik-manyetik-filtreler\/#breadcrumb\",\"itemListElement\":[{\"@type\":\"ListItem\",\"position\":1,\"name\":\"Anasayfa\",\"item\":\"https:\/\/profaj.co\/miknatis\/tr\/anasayfa\/\"},{\"@type\":\"ListItem\",\"position\":2,\"name\":\"\u00dcr\u00fcnler\",\"item\":\"https:\/\/profaj.co\/miknatis\/tr\/urunler\/\"},{\"@type\":\"ListItem\",\"position\":3,\"name\":\"Yar\u0131 Otomatik Manyetik Filtreler\"}]},{\"@type\":\"WebSite\",\"@id\":\"https:\/\/profaj.co\/miknatis\/#website\",\"url\":\"https:\/\/profaj.co\/miknatis\/\",\"name\":\"M\u0131knat\u0131s Ar-Ge\",\"description\":\"\",\"publisher\":{\"@id\":\"https:\/\/profaj.co\/miknatis\/#organization\"},\"potentialAction\":[{\"@type\":\"SearchAction\",\"target\":{\"@type\":\"EntryPoint\",\"urlTemplate\":\"https:\/\/profaj.co\/miknatis\/?s={search_term_string}\"},\"query-input\":\"required name=search_term_string\"}],\"inLanguage\":\"tr\"},{\"@type\":\"Organization\",\"@id\":\"https:\/\/profaj.co\/miknatis\/#organization\",\"name\":\"M\u0131knat\u0131s Ar-Ge\",\"url\":\"https:\/\/profaj.co\/miknatis\/\",\"logo\":{\"@type\":\"ImageObject\",\"inLanguage\":\"tr\",\"@id\":\"https:\/\/profaj.co\/miknatis\/#\/schema\/logo\/image\/\",\"url\":\"https:\/\/profaj.co\/miknatis\/wp-content\/uploads\/2023\/12\/logo-white.webp\",\"contentUrl\":\"https:\/\/profaj.co\/miknatis\/wp-content\/uploads\/2023\/12\/logo-white.webp\",\"width\":300,\"height\":266,\"caption\":\"M\u0131knat\u0131s Ar-Ge\"},\"image\":{\"@id\":\"https:\/\/profaj.co\/miknatis\/#\/schema\/logo\/image\/\"}}]}<\/script>\n<!-- \/ Yoast SEO Premium plugin. -->","yoast_head_json":{"title":"Yar\u0131 Otomatik Manyetik Filtreler - M\u0131knat\u0131s Ar-Ge","robots":{"index":"index","follow":"follow","max-snippet":"max-snippet:-1","max-image-preview":"max-image-preview:large","max-video-preview":"max-video-preview:-1"},"canonical":"https:\/\/profaj.co\/miknatis\/tr\/urun\/yari-otomatik-manyetik-filtreler\/","og_locale":"tr_TR","og_type":"article","og_title":"Yar\u0131 Otomatik Manyetik Filtreler","og_description":"Ferromanyetik (Fe) at\u0131klar\u0131\u00a0insan eli de\u011fmeden belli aral\u0131klarla temizleme kolayl\u0131\u011f\u0131 sa\u011flayan,\u00a0genel end\u00fcstriyel uygulamalar i\u00e7in tasarlanm\u0131\u015f manyetik\u00a0filtrelerdir.","og_url":"https:\/\/profaj.co\/miknatis\/tr\/urun\/yari-otomatik-manyetik-filtreler\/","og_site_name":"M\u0131knat\u0131s Ar-Ge","og_image":[{"width":1500,"height":1500,"url":"https:\/\/profaj.co\/miknatis\/wp-content\/uploads\/2024\/05\/miknatis-arge_6257fffab0b1d.jpg","type":"image\/jpeg"}],"twitter_card":"summary_large_image","twitter_misc":{"Tahmini okuma s\u00fcresi":"1 dakika"},"schema":{"@context":"https:\/\/schema.org","@graph":[{"@type":"WebPage","@id":"https:\/\/profaj.co\/miknatis\/tr\/urun\/yari-otomatik-manyetik-filtreler\/","url":"https:\/\/profaj.co\/miknatis\/tr\/urun\/yari-otomatik-manyetik-filtreler\/","name":"Yar\u0131 Otomatik Manyetik Filtreler - M\u0131knat\u0131s Ar-Ge","isPartOf":{"@id":"https:\/\/profaj.co\/miknatis\/#website"},"datePublished":"2024-05-17T06:50:29+00:00","dateModified":"2024-05-17T06:50:29+00:00","breadcrumb":{"@id":"https:\/\/profaj.co\/miknatis\/tr\/urun\/yari-otomatik-manyetik-filtreler\/#breadcrumb"},"inLanguage":"tr","potentialAction":[{"@type":"ReadAction","target":["https:\/\/profaj.co\/miknatis\/tr\/urun\/yari-otomatik-manyetik-filtreler\/"]}]},{"@type":"BreadcrumbList","@id":"https:\/\/profaj.co\/miknatis\/tr\/urun\/yari-otomatik-manyetik-filtreler\/#breadcrumb","itemListElement":[{"@type":"ListItem","position":1,"name":"Anasayfa","item":"https:\/\/profaj.co\/miknatis\/tr\/anasayfa\/"},{"@type":"ListItem","position":2,"name":"\u00dcr\u00fcnler","item":"https:\/\/profaj.co\/miknatis\/tr\/urunler\/"},{"@type":"ListItem","position":3,"name":"Yar\u0131 Otomatik Manyetik Filtreler"}]},{"@type":"WebSite","@id":"https:\/\/profaj.co\/miknatis\/#website","url":"https:\/\/profaj.co\/miknatis\/","name":"M\u0131knat\u0131s Ar-Ge","description":"","publisher":{"@id":"https:\/\/profaj.co\/miknatis\/#organization"},"potentialAction":[{"@type":"SearchAction","target":{"@type":"EntryPoint","urlTemplate":"https:\/\/profaj.co\/miknatis\/?s={search_term_string}"},"query-input":"required name=search_term_string"}],"inLanguage":"tr"},{"@type":"Organization","@id":"https:\/\/profaj.co\/miknatis\/#organization","name":"M\u0131knat\u0131s Ar-Ge","url":"https:\/\/profaj.co\/miknatis\/","logo":{"@type":"ImageObject","inLanguage":"tr","@id":"https:\/\/profaj.co\/miknatis\/#\/schema\/logo\/image\/","url":"https:\/\/profaj.co\/miknatis\/wp-content\/uploads\/2023\/12\/logo-white.webp","contentUrl":"https:\/\/profaj.co\/miknatis\/wp-content\/uploads\/2023\/12\/logo-white.webp","width":300,"height":266,"caption":"M\u0131knat\u0131s Ar-Ge"},"image":{"@id":"https:\/\/profaj.co\/miknatis\/#\/schema\/logo\/image\/"}}]}},"lang":"tr","translations":{"tr":6862,"en":7253},"pll_sync_post":[],"_links":{"self":[{"href":"https:\/\/profaj.co\/miknatis\/wp-json\/wp\/v2\/product\/6862","targetHints":{"allow":["GET"]}}],"collection":[{"href":"https:\/\/profaj.co\/miknatis\/wp-json\/wp\/v2\/product"}],"about":[{"href":"https:\/\/profaj.co\/miknatis\/wp-json\/wp\/v2\/types\/product"}],"wp:featuredmedia":[{"embeddable":true,"href":"https:\/\/profaj.co\/miknatis\/wp-json\/wp\/v2\/media\/6863"}],"wp:attachment":[{"href":"https:\/\/profaj.co\/miknatis\/wp-json\/wp\/v2\/media?parent=6862"}],"wp:term":[{"taxonomy":"product_cat","embeddable":true,"href":"https:\/\/profaj.co\/miknatis\/wp-json\/wp\/v2\/product_cat?post=6862"},{"taxonomy":"product_tag","embeddable":true,"href":"https:\/\/profaj.co\/miknatis\/wp-json\/wp\/v2\/product_tag?post=6862"}],"curies":[{"name":"wp","href":"https:\/\/api.w.org\/{rel}","templated":true}]}}